{"id":5146,"date":"2017-06-09T13:28:20","date_gmt":"2017-06-09T13:28:20","guid":{"rendered":"https:\/\/survivornet.ca\/?page_id=5146\/"},"modified":"2017-06-09T13:28:20","modified_gmt":"2017-06-09T13:28:20","slug":"colombie-britannique","status":"publish","type":"page","link":"https:\/\/survivornet.ca\/fr\/apprenez\/assurance-maladie\/colombie-britannique\/","title":{"rendered":"Colombie-Britannique"},"content":{"rendered":"<p><a href=\"http:\/\/www.gov.bc.ca\/health\/\" target=\"_blank\" rel=\"noopener noreferrer\">Ministre de la Sant\u00e9<\/a><br \/>\n(anglais seulement)<\/p>\n<p>L\u2019un des mandats principaux du Ministre de la Sant\u00e9 de la Colombie-Britannique est de non-seulement traiter les maladies, mais aussi de mettre l\u2019accent sur les m\u00e9thodes de pr\u00e9vention. <em>Health Insurance BC<\/em> est responsable de l\u2019administration du <em>Medical Services Plan (MSP)<\/em> et des programmes Pharmacare. Le MSP est accessible pour tous les r\u00e9sidents de la province et couvre la plupart des services m\u00e9dicaux g\u00e9n\u00e9raux.<\/p>\n<p>Le r\u00e9gime d\u2019assurance-m\u00e9dicaments <em>Fair PharmaCare<\/em> de la Colombie-Britannique offre aux Britanno-Colombiens une aide financi\u00e8re pour obtenir les m\u00e9dicaments sur ordonnance admissibles ainsi que certaines fournitures m\u00e9dicales.<\/p>\n<p>Pour une description en fran\u00e7ais sur les services d\u2019assurance-sant\u00e9 et assurance-m\u00e9dicaments de la Colombie-Britannique, rendez-vous sur <a href=\"http:\/\/www.resosante.ca\/\" target=\"_blank\" rel=\"noopener noreferrer\">R\u00e9soSant\u00e9 Colombie-Britannique<\/a>\u00a0.<\/p>\n<p>T\u00e9l.: 1 (800) 465-4911 (Sans frais)<\/p>\n","protected":false},"excerpt":{"rendered":"<p>Ministre de la Sant\u00e9 (anglais seulement) L\u2019un des mandats principaux du Ministre de la Sant\u00e9 de la Colombie-Britannique est de non-seulement traiter les maladies, mais aussi de mettre l\u2019accent sur les m\u00e9thodes<\/p>\n","protected":false},"author":2,"featured_media":0,"parent":4508,"menu_order":1,"comment_status":"closed","ping_status":"closed","template":"","meta":{"_acf_changed":false,"footnotes":""},"class_list":["post-5146","page","type-page","status-publish","hentry"],"acf":[],"yoast_head":"<!-- This site is optimized with the Yoast SEO plugin v27.4 - https:\/\/yoast.com\/product\/yoast-seo-wordpress\/ -->\n<title>Colombie-Britannique - Canadian Cancer Survivor Network<\/title>\n<meta name=\"robots\" content=\"index, follow, max-snippet:-1, max-image-preview:large, max-video-preview:-1\" \/>\n<link rel=\"canonical\" href=\"https:\/\/survivornet.ca\/fr\/apprenez\/assurance-maladie\/colombie-britannique\/\" \/>\n<meta property=\"og:locale\" content=\"fr_FR\" \/>\n<meta property=\"og:type\" content=\"article\" \/>\n<meta property=\"og:title\" content=\"Colombie-Britannique - Canadian Cancer Survivor Network\" \/>\n<meta property=\"og:description\" content=\"Ministre de la Sant\u00e9 (anglais seulement) L\u2019un des mandats principaux du Ministre de la Sant\u00e9 de la Colombie-Britannique est de non-seulement traiter les maladies, mais aussi de mettre l\u2019accent sur les m\u00e9thodes\" \/>\n<meta property=\"og:url\" content=\"https:\/\/survivornet.ca\/fr\/apprenez\/assurance-maladie\/colombie-britannique\/\" \/>\n<meta property=\"og:site_name\" content=\"Canadian Cancer Survivor Network\" \/>\n<meta name=\"twitter:card\" content=\"summary_large_image\" \/>\n<meta name=\"twitter:label1\" content=\"Dur\u00e9e de lecture estim\u00e9e\" \/>\n\t<meta name=\"twitter:data1\" content=\"1 minute\" \/>\n<script type=\"application\/ld+json\" class=\"yoast-schema-graph\">{\"@context\":\"https:\\\/\\\/schema.org\",\"@graph\":[{\"@type\":\"WebPage\",\"@id\":\"https:\\\/\\\/survivornet.ca\\\/fr\\\/apprenez\\\/assurance-maladie\\\/colombie-britannique\\\/\",\"url\":\"https:\\\/\\\/survivornet.ca\\\/fr\\\/apprenez\\\/assurance-maladie\\\/colombie-britannique\\\/\",\"name\":\"Colombie-Britannique - Canadian Cancer Survivor Network\",\"isPartOf\":{\"@id\":\"https:\\\/\\\/survivornet.ca\\\/#website\"},\"datePublished\":\"2017-06-09T13:28:20+00:00\",\"breadcrumb\":{\"@id\":\"https:\\\/\\\/survivornet.ca\\\/fr\\\/apprenez\\\/assurance-maladie\\\/colombie-britannique\\\/#breadcrumb\"},\"inLanguage\":\"fr-FR\",\"potentialAction\":[{\"@type\":\"ReadAction\",\"target\":[\"https:\\\/\\\/survivornet.ca\\\/fr\\\/apprenez\\\/assurance-maladie\\\/colombie-britannique\\\/\"]}]},{\"@type\":\"BreadcrumbList\",\"@id\":\"https:\\\/\\\/survivornet.ca\\\/fr\\\/apprenez\\\/assurance-maladie\\\/colombie-britannique\\\/#breadcrumb\",\"itemListElement\":[{\"@type\":\"ListItem\",\"position\":1,\"name\":\"Home\",\"item\":\"https:\\\/\\\/survivornet.ca\\\/fr\\\/\"},{\"@type\":\"ListItem\",\"position\":2,\"name\":\"Apprenez\",\"item\":\"https:\\\/\\\/survivornet.ca\\\/fr\\\/apprenez\\\/\"},{\"@type\":\"ListItem\",\"position\":3,\"name\":\"Assurance-maladie\",\"item\":\"https:\\\/\\\/survivornet.ca\\\/fr\\\/apprenez\\\/assurance-maladie\\\/\"},{\"@type\":\"ListItem\",\"position\":4,\"name\":\"Colombie-Britannique\"}]},{\"@type\":\"WebSite\",\"@id\":\"https:\\\/\\\/survivornet.ca\\\/#website\",\"url\":\"https:\\\/\\\/survivornet.ca\\\/\",\"name\":\"Canadian Cancer Survivor Network\",\"description\":\"The Canadian Cancer Survivor Network was created by a group of Canadians concerned about cancer.\",\"publisher\":{\"@id\":\"https:\\\/\\\/survivornet.ca\\\/#organization\"},\"potentialAction\":[{\"@type\":\"SearchAction\",\"target\":{\"@type\":\"EntryPoint\",\"urlTemplate\":\"https:\\\/\\\/survivornet.ca\\\/?s={search_term_string}\"},\"query-input\":{\"@type\":\"PropertyValueSpecification\",\"valueRequired\":true,\"valueName\":\"search_term_string\"}}],\"inLanguage\":\"fr-FR\"},{\"@type\":\"Organization\",\"@id\":\"https:\\\/\\\/survivornet.ca\\\/#organization\",\"name\":\"Canadian Cancer Survivor Network\",\"url\":\"https:\\\/\\\/survivornet.ca\\\/\",\"logo\":{\"@type\":\"ImageObject\",\"inLanguage\":\"fr-FR\",\"@id\":\"https:\\\/\\\/survivornet.ca\\\/#\\\/schema\\\/logo\\\/image\\\/\",\"url\":\"http:\\\/\\\/survivornet.ca\\\/wp-content\\\/uploads\\\/2016\\\/12\\\/CCSN_Logo_EN_SQUARE.png\",\"contentUrl\":\"http:\\\/\\\/survivornet.ca\\\/wp-content\\\/uploads\\\/2016\\\/12\\\/CCSN_Logo_EN_SQUARE.png\",\"width\":1209,\"height\":1007,\"caption\":\"Canadian Cancer Survivor Network\"},\"image\":{\"@id\":\"https:\\\/\\\/survivornet.ca\\\/#\\\/schema\\\/logo\\\/image\\\/\"}}]}<\/script>\n<!-- \/ Yoast SEO plugin. -->","yoast_head_json":{"title":"Colombie-Britannique - Canadian Cancer Survivor Network","robots":{"index":"index","follow":"follow","max-snippet":"max-snippet:-1","max-image-preview":"max-image-preview:large","max-video-preview":"max-video-preview:-1"},"canonical":"https:\/\/survivornet.ca\/fr\/apprenez\/assurance-maladie\/colombie-britannique\/","og_locale":"fr_FR","og_type":"article","og_title":"Colombie-Britannique - Canadian Cancer Survivor Network","og_description":"Ministre de la Sant\u00e9 (anglais seulement) L\u2019un des mandats principaux du Ministre de la Sant\u00e9 de la Colombie-Britannique est de non-seulement traiter les maladies, mais aussi de mettre l\u2019accent sur les m\u00e9thodes","og_url":"https:\/\/survivornet.ca\/fr\/apprenez\/assurance-maladie\/colombie-britannique\/","og_site_name":"Canadian Cancer Survivor Network","twitter_card":"summary_large_image","twitter_misc":{"Dur\u00e9e de lecture estim\u00e9e":"1 minute"},"schema":{"@context":"https:\/\/schema.org","@graph":[{"@type":"WebPage","@id":"https:\/\/survivornet.ca\/fr\/apprenez\/assurance-maladie\/colombie-britannique\/","url":"https:\/\/survivornet.ca\/fr\/apprenez\/assurance-maladie\/colombie-britannique\/","name":"Colombie-Britannique - Canadian Cancer Survivor Network","isPartOf":{"@id":"https:\/\/survivornet.ca\/#website"},"datePublished":"2017-06-09T13:28:20+00:00","breadcrumb":{"@id":"https:\/\/survivornet.ca\/fr\/apprenez\/assurance-maladie\/colombie-britannique\/#breadcrumb"},"inLanguage":"fr-FR","potentialAction":[{"@type":"ReadAction","target":["https:\/\/survivornet.ca\/fr\/apprenez\/assurance-maladie\/colombie-britannique\/"]}]},{"@type":"BreadcrumbList","@id":"https:\/\/survivornet.ca\/fr\/apprenez\/assurance-maladie\/colombie-britannique\/#breadcrumb","itemListElement":[{"@type":"ListItem","position":1,"name":"Home","item":"https:\/\/survivornet.ca\/fr\/"},{"@type":"ListItem","position":2,"name":"Apprenez","item":"https:\/\/survivornet.ca\/fr\/apprenez\/"},{"@type":"ListItem","position":3,"name":"Assurance-maladie","item":"https:\/\/survivornet.ca\/fr\/apprenez\/assurance-maladie\/"},{"@type":"ListItem","position":4,"name":"Colombie-Britannique"}]},{"@type":"WebSite","@id":"https:\/\/survivornet.ca\/#website","url":"https:\/\/survivornet.ca\/","name":"Canadian Cancer Survivor Network","description":"The Canadian Cancer Survivor Network was created by a group of Canadians concerned about cancer.","publisher":{"@id":"https:\/\/survivornet.ca\/#organization"},"potentialAction":[{"@type":"SearchAction","target":{"@type":"EntryPoint","urlTemplate":"https:\/\/survivornet.ca\/?s={search_term_string}"},"query-input":{"@type":"PropertyValueSpecification","valueRequired":true,"valueName":"search_term_string"}}],"inLanguage":"fr-FR"},{"@type":"Organization","@id":"https:\/\/survivornet.ca\/#organization","name":"Canadian Cancer Survivor Network","url":"https:\/\/survivornet.ca\/","logo":{"@type":"ImageObject","inLanguage":"fr-FR","@id":"https:\/\/survivornet.ca\/#\/schema\/logo\/image\/","url":"http:\/\/survivornet.ca\/wp-content\/uploads\/2016\/12\/CCSN_Logo_EN_SQUARE.png","contentUrl":"http:\/\/survivornet.ca\/wp-content\/uploads\/2016\/12\/CCSN_Logo_EN_SQUARE.png","width":1209,"height":1007,"caption":"Canadian Cancer Survivor Network"},"image":{"@id":"https:\/\/survivornet.ca\/#\/schema\/logo\/image\/"}}]}},"_links":{"self":[{"href":"https:\/\/survivornet.ca\/fr\/wp-json\/wp\/v2\/pages\/5146","targetHints":{"allow":["GET"]}}],"collection":[{"href":"https:\/\/survivornet.ca\/fr\/wp-json\/wp\/v2\/pages"}],"about":[{"href":"https:\/\/survivornet.ca\/fr\/wp-json\/wp\/v2\/types\/page"}],"author":[{"embeddable":true,"href":"https:\/\/survivornet.ca\/fr\/wp-json\/wp\/v2\/users\/2"}],"replies":[{"embeddable":true,"href":"https:\/\/survivornet.ca\/fr\/wp-json\/wp\/v2\/comments?post=5146"}],"version-history":[{"count":0,"href":"https:\/\/survivornet.ca\/fr\/wp-json\/wp\/v2\/pages\/5146\/revisions"}],"up":[{"embeddable":true,"href":"https:\/\/survivornet.ca\/fr\/wp-json\/wp\/v2\/pages\/4508"}],"wp:attachment":[{"href":"https:\/\/survivornet.ca\/fr\/wp-json\/wp\/v2\/media?parent=5146"}],"curies":[{"name":"wp","href":"https:\/\/api.w.org\/{rel}","templated":true}]}}