{"id":5130,"date":"2017-06-08T19:42:36","date_gmt":"2017-06-08T19:42:36","guid":{"rendered":"https:\/\/survivornet.ca\/?page_id=5130\/"},"modified":"2017-06-08T19:42:36","modified_gmt":"2017-06-08T19:42:36","slug":"territoires-du-nord-ouest","status":"publish","type":"page","link":"https:\/\/survivornet.ca\/fr\/reliez-vous\/comment-trouver-un-medecin\/territoires-du-nord-ouest\/","title":{"rendered":"Territoires du Nord-Ouest"},"content":{"rendered":"<p>Northwest Territories Medical Association<\/p>\n<p>Le\u00a0<em>Northwest Territories Medical Association (NWTMA) <\/em>offre de l\u2019information sur les services m\u00e9dicaux et les physiciens pratiquant sur les Territoires du Nord-Ouest.<\/p>\n<p>Vous pouvez \u00e9galement appeler au 1 (867) 920-3335. Cette ligne t\u00e9l\u00e9phonique est en fait un message vocal qui vous donne les coordonn\u00e9es de m\u00e9decins permanent qui prennent des nouveaux patients.<\/p>\n<p>&nbsp;<\/p>\n","protected":false},"excerpt":{"rendered":"<p>Northwest Territories Medical Association Le\u00a0Northwest Territories Medical Association (NWTMA) offre de l\u2019information sur les services m\u00e9dicaux et les physiciens pratiquant sur les Territoires du Nord-Ouest. Vous pouvez \u00e9galement appeler au 1 (867)<\/p>\n","protected":false},"author":2,"featured_media":0,"parent":5103,"menu_order":11,"comment_status":"closed","ping_status":"closed","template":"","meta":{"_acf_changed":false,"footnotes":""},"class_list":["post-5130","page","type-page","status-publish","hentry"],"acf":[],"yoast_head":"<!-- This site is optimized with the Yoast SEO plugin v27.4 - https:\/\/yoast.com\/product\/yoast-seo-wordpress\/ -->\n<title>Territoires du Nord-Ouest - Canadian Cancer Survivor Network<\/title>\n<meta name=\"robots\" content=\"index, follow, max-snippet:-1, max-image-preview:large, max-video-preview:-1\" \/>\n<link rel=\"canonical\" href=\"https:\/\/survivornet.ca\/fr\/reliez-vous\/comment-trouver-un-medecin\/territoires-du-nord-ouest\/\" \/>\n<meta property=\"og:locale\" content=\"fr_FR\" \/>\n<meta property=\"og:type\" content=\"article\" \/>\n<meta property=\"og:title\" content=\"Territoires du Nord-Ouest - Canadian Cancer Survivor Network\" \/>\n<meta property=\"og:description\" content=\"Northwest Territories Medical Association Le\u00a0Northwest Territories Medical Association (NWTMA) offre de l\u2019information sur les services m\u00e9dicaux et les physiciens pratiquant sur les Territoires du Nord-Ouest. Vous pouvez \u00e9galement appeler au 1 (867)\" \/>\n<meta property=\"og:url\" content=\"https:\/\/survivornet.ca\/fr\/reliez-vous\/comment-trouver-un-medecin\/territoires-du-nord-ouest\/\" \/>\n<meta property=\"og:site_name\" content=\"Canadian Cancer Survivor Network\" \/>\n<meta name=\"twitter:card\" content=\"summary_large_image\" \/>\n<script type=\"application\/ld+json\" class=\"yoast-schema-graph\">{\"@context\":\"https:\\\/\\\/schema.org\",\"@graph\":[{\"@type\":\"WebPage\",\"@id\":\"https:\\\/\\\/survivornet.ca\\\/fr\\\/reliez-vous\\\/comment-trouver-un-medecin\\\/territoires-du-nord-ouest\\\/\",\"url\":\"https:\\\/\\\/survivornet.ca\\\/fr\\\/reliez-vous\\\/comment-trouver-un-medecin\\\/territoires-du-nord-ouest\\\/\",\"name\":\"Territoires du Nord-Ouest - Canadian Cancer Survivor Network\",\"isPartOf\":{\"@id\":\"https:\\\/\\\/survivornet.ca\\\/#website\"},\"datePublished\":\"2017-06-08T19:42:36+00:00\",\"breadcrumb\":{\"@id\":\"https:\\\/\\\/survivornet.ca\\\/fr\\\/reliez-vous\\\/comment-trouver-un-medecin\\\/territoires-du-nord-ouest\\\/#breadcrumb\"},\"inLanguage\":\"fr-FR\",\"potentialAction\":[{\"@type\":\"ReadAction\",\"target\":[\"https:\\\/\\\/survivornet.ca\\\/fr\\\/reliez-vous\\\/comment-trouver-un-medecin\\\/territoires-du-nord-ouest\\\/\"]}]},{\"@type\":\"BreadcrumbList\",\"@id\":\"https:\\\/\\\/survivornet.ca\\\/fr\\\/reliez-vous\\\/comment-trouver-un-medecin\\\/territoires-du-nord-ouest\\\/#breadcrumb\",\"itemListElement\":[{\"@type\":\"ListItem\",\"position\":1,\"name\":\"Home\",\"item\":\"https:\\\/\\\/survivornet.ca\\\/fr\\\/\"},{\"@type\":\"ListItem\",\"position\":2,\"name\":\"Connectez\",\"item\":\"https:\\\/\\\/survivornet.ca\\\/fr\\\/reliez-vous\\\/\"},{\"@type\":\"ListItem\",\"position\":3,\"name\":\"Comment trouver un m\u00e9decin\",\"item\":\"https:\\\/\\\/survivornet.ca\\\/fr\\\/reliez-vous\\\/comment-trouver-un-medecin\\\/\"},{\"@type\":\"ListItem\",\"position\":4,\"name\":\"Territoires du Nord-Ouest\"}]},{\"@type\":\"WebSite\",\"@id\":\"https:\\\/\\\/survivornet.ca\\\/#website\",\"url\":\"https:\\\/\\\/survivornet.ca\\\/\",\"name\":\"Canadian Cancer Survivor Network\",\"description\":\"The Canadian Cancer Survivor Network was created by a group of Canadians concerned about cancer.\",\"publisher\":{\"@id\":\"https:\\\/\\\/survivornet.ca\\\/#organization\"},\"potentialAction\":[{\"@type\":\"SearchAction\",\"target\":{\"@type\":\"EntryPoint\",\"urlTemplate\":\"https:\\\/\\\/survivornet.ca\\\/?s={search_term_string}\"},\"query-input\":{\"@type\":\"PropertyValueSpecification\",\"valueRequired\":true,\"valueName\":\"search_term_string\"}}],\"inLanguage\":\"fr-FR\"},{\"@type\":\"Organization\",\"@id\":\"https:\\\/\\\/survivornet.ca\\\/#organization\",\"name\":\"Canadian Cancer Survivor Network\",\"url\":\"https:\\\/\\\/survivornet.ca\\\/\",\"logo\":{\"@type\":\"ImageObject\",\"inLanguage\":\"fr-FR\",\"@id\":\"https:\\\/\\\/survivornet.ca\\\/#\\\/schema\\\/logo\\\/image\\\/\",\"url\":\"http:\\\/\\\/survivornet.ca\\\/wp-content\\\/uploads\\\/2016\\\/12\\\/CCSN_Logo_EN_SQUARE.png\",\"contentUrl\":\"http:\\\/\\\/survivornet.ca\\\/wp-content\\\/uploads\\\/2016\\\/12\\\/CCSN_Logo_EN_SQUARE.png\",\"width\":1209,\"height\":1007,\"caption\":\"Canadian Cancer Survivor Network\"},\"image\":{\"@id\":\"https:\\\/\\\/survivornet.ca\\\/#\\\/schema\\\/logo\\\/image\\\/\"}}]}<\/script>\n<!-- \/ Yoast SEO plugin. -->","yoast_head_json":{"title":"Territoires du Nord-Ouest - Canadian Cancer Survivor Network","robots":{"index":"index","follow":"follow","max-snippet":"max-snippet:-1","max-image-preview":"max-image-preview:large","max-video-preview":"max-video-preview:-1"},"canonical":"https:\/\/survivornet.ca\/fr\/reliez-vous\/comment-trouver-un-medecin\/territoires-du-nord-ouest\/","og_locale":"fr_FR","og_type":"article","og_title":"Territoires du Nord-Ouest - Canadian Cancer Survivor Network","og_description":"Northwest Territories Medical Association Le\u00a0Northwest Territories Medical Association (NWTMA) offre de l\u2019information sur les services m\u00e9dicaux et les physiciens pratiquant sur les Territoires du Nord-Ouest. Vous pouvez \u00e9galement appeler au 1 (867)","og_url":"https:\/\/survivornet.ca\/fr\/reliez-vous\/comment-trouver-un-medecin\/territoires-du-nord-ouest\/","og_site_name":"Canadian Cancer Survivor Network","twitter_card":"summary_large_image","schema":{"@context":"https:\/\/schema.org","@graph":[{"@type":"WebPage","@id":"https:\/\/survivornet.ca\/fr\/reliez-vous\/comment-trouver-un-medecin\/territoires-du-nord-ouest\/","url":"https:\/\/survivornet.ca\/fr\/reliez-vous\/comment-trouver-un-medecin\/territoires-du-nord-ouest\/","name":"Territoires du Nord-Ouest - Canadian Cancer Survivor Network","isPartOf":{"@id":"https:\/\/survivornet.ca\/#website"},"datePublished":"2017-06-08T19:42:36+00:00","breadcrumb":{"@id":"https:\/\/survivornet.ca\/fr\/reliez-vous\/comment-trouver-un-medecin\/territoires-du-nord-ouest\/#breadcrumb"},"inLanguage":"fr-FR","potentialAction":[{"@type":"ReadAction","target":["https:\/\/survivornet.ca\/fr\/reliez-vous\/comment-trouver-un-medecin\/territoires-du-nord-ouest\/"]}]},{"@type":"BreadcrumbList","@id":"https:\/\/survivornet.ca\/fr\/reliez-vous\/comment-trouver-un-medecin\/territoires-du-nord-ouest\/#breadcrumb","itemListElement":[{"@type":"ListItem","position":1,"name":"Home","item":"https:\/\/survivornet.ca\/fr\/"},{"@type":"ListItem","position":2,"name":"Connectez","item":"https:\/\/survivornet.ca\/fr\/reliez-vous\/"},{"@type":"ListItem","position":3,"name":"Comment trouver un m\u00e9decin","item":"https:\/\/survivornet.ca\/fr\/reliez-vous\/comment-trouver-un-medecin\/"},{"@type":"ListItem","position":4,"name":"Territoires du Nord-Ouest"}]},{"@type":"WebSite","@id":"https:\/\/survivornet.ca\/#website","url":"https:\/\/survivornet.ca\/","name":"Canadian Cancer Survivor Network","description":"The Canadian Cancer Survivor Network was created by a group of Canadians concerned about cancer.","publisher":{"@id":"https:\/\/survivornet.ca\/#organization"},"potentialAction":[{"@type":"SearchAction","target":{"@type":"EntryPoint","urlTemplate":"https:\/\/survivornet.ca\/?s={search_term_string}"},"query-input":{"@type":"PropertyValueSpecification","valueRequired":true,"valueName":"search_term_string"}}],"inLanguage":"fr-FR"},{"@type":"Organization","@id":"https:\/\/survivornet.ca\/#organization","name":"Canadian Cancer Survivor Network","url":"https:\/\/survivornet.ca\/","logo":{"@type":"ImageObject","inLanguage":"fr-FR","@id":"https:\/\/survivornet.ca\/#\/schema\/logo\/image\/","url":"http:\/\/survivornet.ca\/wp-content\/uploads\/2016\/12\/CCSN_Logo_EN_SQUARE.png","contentUrl":"http:\/\/survivornet.ca\/wp-content\/uploads\/2016\/12\/CCSN_Logo_EN_SQUARE.png","width":1209,"height":1007,"caption":"Canadian Cancer Survivor Network"},"image":{"@id":"https:\/\/survivornet.ca\/#\/schema\/logo\/image\/"}}]}},"_links":{"self":[{"href":"https:\/\/survivornet.ca\/fr\/wp-json\/wp\/v2\/pages\/5130","targetHints":{"allow":["GET"]}}],"collection":[{"href":"https:\/\/survivornet.ca\/fr\/wp-json\/wp\/v2\/pages"}],"about":[{"href":"https:\/\/survivornet.ca\/fr\/wp-json\/wp\/v2\/types\/page"}],"author":[{"embeddable":true,"href":"https:\/\/survivornet.ca\/fr\/wp-json\/wp\/v2\/users\/2"}],"replies":[{"embeddable":true,"href":"https:\/\/survivornet.ca\/fr\/wp-json\/wp\/v2\/comments?post=5130"}],"version-history":[{"count":0,"href":"https:\/\/survivornet.ca\/fr\/wp-json\/wp\/v2\/pages\/5130\/revisions"}],"up":[{"embeddable":true,"href":"https:\/\/survivornet.ca\/fr\/wp-json\/wp\/v2\/pages\/5103"}],"wp:attachment":[{"href":"https:\/\/survivornet.ca\/fr\/wp-json\/wp\/v2\/media?parent=5130"}],"curies":[{"name":"wp","href":"https:\/\/api.w.org\/{rel}","templated":true}]}}