{"id":5128,"date":"2017-06-08T19:41:42","date_gmt":"2017-06-08T19:41:42","guid":{"rendered":"https:\/\/survivornet.ca\/?page_id=5128\/"},"modified":"2017-06-08T19:41:42","modified_gmt":"2017-06-08T19:41:42","slug":"terre-neuve-et-labrador","status":"publish","type":"page","link":"https:\/\/survivornet.ca\/fr\/reliez-vous\/comment-trouver-un-medecin\/terre-neuve-et-labrador\/","title":{"rendered":"Terre-Neuve-et-Labrador"},"content":{"rendered":"<p>College of Physicians and Surgeons of Newfoundland and Labrador<\/p>\n<p>Le <em>College of Physicians and Surgeons of <\/em><em>Newfoundland and Labrador<\/em> r\u00e8glemente la pratique de la m\u00e9decine dans l&#8217;int\u00e9r\u00eat public. Le Coll\u00e8ge remplit sa mission en \u00e9tablissant les qualifications pour l&#8217;enregistrement et le licenciement, en enqu\u00eatant sur les plaintes, en \u00e9tablissant de normes de comportement \u00e9thique et professionnel, en \u00e9tablissement de normes pour la pratique m\u00e9dicale par le biais des r\u00e8glements, politiques, directives et avis, etc.<\/p>\n<p>College of Physicians and Surgeons of Newfoundland and Labrador<br \/>\n139 Water St, Suite 603<br \/>\nSaint John&#8217;s, NL A1C 1B2<br \/>\nT\u00e9l\u00e9phone: 709- 726-8546<br \/>\nFax: 709-726-4725<br \/>\nCourriel: <a href=\"mailto:cpsnl@cpsnl.ca\">cpsnl@cpsnl.ca<\/a><\/p>\n<p>&nbsp;<\/p>\n","protected":false},"excerpt":{"rendered":"<p>College of Physicians and Surgeons of Newfoundland and Labrador Le College of Physicians and Surgeons of Newfoundland and Labrador r\u00e8glemente la pratique de la m\u00e9decine dans l&#8217;int\u00e9r\u00eat public. Le Coll\u00e8ge remplit sa<\/p>\n","protected":false},"author":2,"featured_media":0,"parent":5103,"menu_order":10,"comment_status":"closed","ping_status":"closed","template":"","meta":{"_acf_changed":false,"footnotes":""},"class_list":["post-5128","page","type-page","status-publish","hentry"],"acf":[],"yoast_head":"<!-- This site is optimized with the Yoast SEO plugin v27.4 - https:\/\/yoast.com\/product\/yoast-seo-wordpress\/ -->\n<title>Terre-Neuve-et-Labrador - Canadian Cancer Survivor Network<\/title>\n<meta name=\"robots\" content=\"index, follow, max-snippet:-1, max-image-preview:large, max-video-preview:-1\" \/>\n<link rel=\"canonical\" href=\"https:\/\/survivornet.ca\/fr\/reliez-vous\/comment-trouver-un-medecin\/terre-neuve-et-labrador\/\" \/>\n<meta property=\"og:locale\" content=\"fr_FR\" \/>\n<meta property=\"og:type\" content=\"article\" \/>\n<meta property=\"og:title\" content=\"Terre-Neuve-et-Labrador - Canadian Cancer Survivor Network\" \/>\n<meta property=\"og:description\" content=\"College of Physicians and Surgeons of Newfoundland and Labrador Le College of Physicians and Surgeons of Newfoundland and Labrador r\u00e8glemente la pratique de la m\u00e9decine dans l&#8217;int\u00e9r\u00eat public. Le Coll\u00e8ge remplit sa\" \/>\n<meta property=\"og:url\" content=\"https:\/\/survivornet.ca\/fr\/reliez-vous\/comment-trouver-un-medecin\/terre-neuve-et-labrador\/\" \/>\n<meta property=\"og:site_name\" content=\"Canadian Cancer Survivor Network\" \/>\n<meta name=\"twitter:card\" content=\"summary_large_image\" \/>\n<meta name=\"twitter:label1\" content=\"Dur\u00e9e de lecture estim\u00e9e\" \/>\n\t<meta name=\"twitter:data1\" content=\"1 minute\" \/>\n<script type=\"application\/ld+json\" class=\"yoast-schema-graph\">{\"@context\":\"https:\\\/\\\/schema.org\",\"@graph\":[{\"@type\":\"WebPage\",\"@id\":\"https:\\\/\\\/survivornet.ca\\\/fr\\\/reliez-vous\\\/comment-trouver-un-medecin\\\/terre-neuve-et-labrador\\\/\",\"url\":\"https:\\\/\\\/survivornet.ca\\\/fr\\\/reliez-vous\\\/comment-trouver-un-medecin\\\/terre-neuve-et-labrador\\\/\",\"name\":\"Terre-Neuve-et-Labrador - Canadian Cancer Survivor Network\",\"isPartOf\":{\"@id\":\"https:\\\/\\\/survivornet.ca\\\/#website\"},\"datePublished\":\"2017-06-08T19:41:42+00:00\",\"breadcrumb\":{\"@id\":\"https:\\\/\\\/survivornet.ca\\\/fr\\\/reliez-vous\\\/comment-trouver-un-medecin\\\/terre-neuve-et-labrador\\\/#breadcrumb\"},\"inLanguage\":\"fr-FR\",\"potentialAction\":[{\"@type\":\"ReadAction\",\"target\":[\"https:\\\/\\\/survivornet.ca\\\/fr\\\/reliez-vous\\\/comment-trouver-un-medecin\\\/terre-neuve-et-labrador\\\/\"]}]},{\"@type\":\"BreadcrumbList\",\"@id\":\"https:\\\/\\\/survivornet.ca\\\/fr\\\/reliez-vous\\\/comment-trouver-un-medecin\\\/terre-neuve-et-labrador\\\/#breadcrumb\",\"itemListElement\":[{\"@type\":\"ListItem\",\"position\":1,\"name\":\"Home\",\"item\":\"https:\\\/\\\/survivornet.ca\\\/fr\\\/\"},{\"@type\":\"ListItem\",\"position\":2,\"name\":\"Connectez\",\"item\":\"https:\\\/\\\/survivornet.ca\\\/fr\\\/reliez-vous\\\/\"},{\"@type\":\"ListItem\",\"position\":3,\"name\":\"Comment trouver un m\u00e9decin\",\"item\":\"https:\\\/\\\/survivornet.ca\\\/fr\\\/reliez-vous\\\/comment-trouver-un-medecin\\\/\"},{\"@type\":\"ListItem\",\"position\":4,\"name\":\"Terre-Neuve-et-Labrador\"}]},{\"@type\":\"WebSite\",\"@id\":\"https:\\\/\\\/survivornet.ca\\\/#website\",\"url\":\"https:\\\/\\\/survivornet.ca\\\/\",\"name\":\"Canadian Cancer Survivor Network\",\"description\":\"The Canadian Cancer Survivor Network was created by a group of Canadians concerned about cancer.\",\"publisher\":{\"@id\":\"https:\\\/\\\/survivornet.ca\\\/#organization\"},\"potentialAction\":[{\"@type\":\"SearchAction\",\"target\":{\"@type\":\"EntryPoint\",\"urlTemplate\":\"https:\\\/\\\/survivornet.ca\\\/?s={search_term_string}\"},\"query-input\":{\"@type\":\"PropertyValueSpecification\",\"valueRequired\":true,\"valueName\":\"search_term_string\"}}],\"inLanguage\":\"fr-FR\"},{\"@type\":\"Organization\",\"@id\":\"https:\\\/\\\/survivornet.ca\\\/#organization\",\"name\":\"Canadian Cancer Survivor Network\",\"url\":\"https:\\\/\\\/survivornet.ca\\\/\",\"logo\":{\"@type\":\"ImageObject\",\"inLanguage\":\"fr-FR\",\"@id\":\"https:\\\/\\\/survivornet.ca\\\/#\\\/schema\\\/logo\\\/image\\\/\",\"url\":\"http:\\\/\\\/survivornet.ca\\\/wp-content\\\/uploads\\\/2016\\\/12\\\/CCSN_Logo_EN_SQUARE.png\",\"contentUrl\":\"http:\\\/\\\/survivornet.ca\\\/wp-content\\\/uploads\\\/2016\\\/12\\\/CCSN_Logo_EN_SQUARE.png\",\"width\":1209,\"height\":1007,\"caption\":\"Canadian Cancer Survivor Network\"},\"image\":{\"@id\":\"https:\\\/\\\/survivornet.ca\\\/#\\\/schema\\\/logo\\\/image\\\/\"}}]}<\/script>\n<!-- \/ Yoast SEO plugin. -->","yoast_head_json":{"title":"Terre-Neuve-et-Labrador - Canadian Cancer Survivor Network","robots":{"index":"index","follow":"follow","max-snippet":"max-snippet:-1","max-image-preview":"max-image-preview:large","max-video-preview":"max-video-preview:-1"},"canonical":"https:\/\/survivornet.ca\/fr\/reliez-vous\/comment-trouver-un-medecin\/terre-neuve-et-labrador\/","og_locale":"fr_FR","og_type":"article","og_title":"Terre-Neuve-et-Labrador - Canadian Cancer Survivor Network","og_description":"College of Physicians and Surgeons of Newfoundland and Labrador Le College of Physicians and Surgeons of Newfoundland and Labrador r\u00e8glemente la pratique de la m\u00e9decine dans l&#8217;int\u00e9r\u00eat public. Le Coll\u00e8ge remplit sa","og_url":"https:\/\/survivornet.ca\/fr\/reliez-vous\/comment-trouver-un-medecin\/terre-neuve-et-labrador\/","og_site_name":"Canadian Cancer Survivor Network","twitter_card":"summary_large_image","twitter_misc":{"Dur\u00e9e de lecture estim\u00e9e":"1 minute"},"schema":{"@context":"https:\/\/schema.org","@graph":[{"@type":"WebPage","@id":"https:\/\/survivornet.ca\/fr\/reliez-vous\/comment-trouver-un-medecin\/terre-neuve-et-labrador\/","url":"https:\/\/survivornet.ca\/fr\/reliez-vous\/comment-trouver-un-medecin\/terre-neuve-et-labrador\/","name":"Terre-Neuve-et-Labrador - Canadian Cancer Survivor Network","isPartOf":{"@id":"https:\/\/survivornet.ca\/#website"},"datePublished":"2017-06-08T19:41:42+00:00","breadcrumb":{"@id":"https:\/\/survivornet.ca\/fr\/reliez-vous\/comment-trouver-un-medecin\/terre-neuve-et-labrador\/#breadcrumb"},"inLanguage":"fr-FR","potentialAction":[{"@type":"ReadAction","target":["https:\/\/survivornet.ca\/fr\/reliez-vous\/comment-trouver-un-medecin\/terre-neuve-et-labrador\/"]}]},{"@type":"BreadcrumbList","@id":"https:\/\/survivornet.ca\/fr\/reliez-vous\/comment-trouver-un-medecin\/terre-neuve-et-labrador\/#breadcrumb","itemListElement":[{"@type":"ListItem","position":1,"name":"Home","item":"https:\/\/survivornet.ca\/fr\/"},{"@type":"ListItem","position":2,"name":"Connectez","item":"https:\/\/survivornet.ca\/fr\/reliez-vous\/"},{"@type":"ListItem","position":3,"name":"Comment trouver un m\u00e9decin","item":"https:\/\/survivornet.ca\/fr\/reliez-vous\/comment-trouver-un-medecin\/"},{"@type":"ListItem","position":4,"name":"Terre-Neuve-et-Labrador"}]},{"@type":"WebSite","@id":"https:\/\/survivornet.ca\/#website","url":"https:\/\/survivornet.ca\/","name":"Canadian Cancer Survivor Network","description":"The Canadian Cancer Survivor Network was created by a group of Canadians concerned about cancer.","publisher":{"@id":"https:\/\/survivornet.ca\/#organization"},"potentialAction":[{"@type":"SearchAction","target":{"@type":"EntryPoint","urlTemplate":"https:\/\/survivornet.ca\/?s={search_term_string}"},"query-input":{"@type":"PropertyValueSpecification","valueRequired":true,"valueName":"search_term_string"}}],"inLanguage":"fr-FR"},{"@type":"Organization","@id":"https:\/\/survivornet.ca\/#organization","name":"Canadian Cancer Survivor Network","url":"https:\/\/survivornet.ca\/","logo":{"@type":"ImageObject","inLanguage":"fr-FR","@id":"https:\/\/survivornet.ca\/#\/schema\/logo\/image\/","url":"http:\/\/survivornet.ca\/wp-content\/uploads\/2016\/12\/CCSN_Logo_EN_SQUARE.png","contentUrl":"http:\/\/survivornet.ca\/wp-content\/uploads\/2016\/12\/CCSN_Logo_EN_SQUARE.png","width":1209,"height":1007,"caption":"Canadian Cancer Survivor Network"},"image":{"@id":"https:\/\/survivornet.ca\/#\/schema\/logo\/image\/"}}]}},"_links":{"self":[{"href":"https:\/\/survivornet.ca\/fr\/wp-json\/wp\/v2\/pages\/5128","targetHints":{"allow":["GET"]}}],"collection":[{"href":"https:\/\/survivornet.ca\/fr\/wp-json\/wp\/v2\/pages"}],"about":[{"href":"https:\/\/survivornet.ca\/fr\/wp-json\/wp\/v2\/types\/page"}],"author":[{"embeddable":true,"href":"https:\/\/survivornet.ca\/fr\/wp-json\/wp\/v2\/users\/2"}],"replies":[{"embeddable":true,"href":"https:\/\/survivornet.ca\/fr\/wp-json\/wp\/v2\/comments?post=5128"}],"version-history":[{"count":0,"href":"https:\/\/survivornet.ca\/fr\/wp-json\/wp\/v2\/pages\/5128\/revisions"}],"up":[{"embeddable":true,"href":"https:\/\/survivornet.ca\/fr\/wp-json\/wp\/v2\/pages\/5103"}],"wp:attachment":[{"href":"https:\/\/survivornet.ca\/fr\/wp-json\/wp\/v2\/media?parent=5128"}],"curies":[{"name":"wp","href":"https:\/\/api.w.org\/{rel}","templated":true}]}}