{"id":5126,"date":"2017-06-08T19:40:50","date_gmt":"2017-06-08T19:40:50","guid":{"rendered":"https:\/\/survivornet.ca\/?page_id=5126\/"},"modified":"2017-06-08T19:40:50","modified_gmt":"2017-06-08T19:40:50","slug":"saskatchewan","status":"publish","type":"page","link":"https:\/\/survivornet.ca\/fr\/reliez-vous\/comment-trouver-un-medecin\/saskatchewan\/","title":{"rendered":"Saskatchewan"},"content":{"rendered":"<p>College of Physicians and Surgeons of Saskatchewan<\/p>\n<p>Le <em>College of Physicians and Surgeons of Saskatchewan<\/em> est un corps r\u00e8glementaire d&#8217;autor\u00e9glementation mis en place par le gouvernement de la Saskatchewan. Le Coll\u00e8ge est charg\u00e9 de la licence appropri\u00e9e des m\u00e9decins qualifi\u00e9s, de d\u00e9velopper et d\u2019assurer les normes de pratique dans tous les domaines de la m\u00e9decine, et de la discipline selon les normes de soins m\u00e9dicaux de tous les m\u00e9decins pour qui la conduite \u00e9thique ou professionnelle serait mise en question.<\/p>\n<p>College of Physicians and Surgeons of Saskatchewan<br \/>\n500-321A-21st Street East<br \/>\nSaskatoon SK S7K 0C1<br \/>\nT\u00e9l\u00e9phone: 306-244-7355<br \/>\nSans frais: 1-800-667-1668<br \/>\nFax: 306-244-0090<br \/>\nCourriel: <a href=\"mailto:cpss@quadrant.net\">cpss@quadrant.net<\/a><\/p>\n","protected":false},"excerpt":{"rendered":"<p>College of Physicians and Surgeons of Saskatchewan Le College of Physicians and Surgeons of Saskatchewan est un corps r\u00e8glementaire d&#8217;autor\u00e9glementation mis en place par le gouvernement de la Saskatchewan. Le Coll\u00e8ge est<\/p>\n","protected":false},"author":2,"featured_media":0,"parent":5103,"menu_order":9,"comment_status":"closed","ping_status":"closed","template":"","meta":{"_acf_changed":false,"footnotes":""},"class_list":["post-5126","page","type-page","status-publish","hentry"],"acf":[],"yoast_head":"<!-- This site is optimized with the Yoast SEO plugin v27.4 - https:\/\/yoast.com\/product\/yoast-seo-wordpress\/ -->\n<title>Saskatchewan - Canadian Cancer Survivor Network<\/title>\n<meta name=\"robots\" content=\"index, follow, max-snippet:-1, max-image-preview:large, max-video-preview:-1\" \/>\n<link rel=\"canonical\" href=\"https:\/\/survivornet.ca\/fr\/reliez-vous\/comment-trouver-un-medecin\/saskatchewan\/\" \/>\n<meta property=\"og:locale\" content=\"fr_FR\" \/>\n<meta property=\"og:type\" content=\"article\" \/>\n<meta property=\"og:title\" content=\"Saskatchewan - Canadian Cancer Survivor Network\" \/>\n<meta property=\"og:description\" content=\"College of Physicians and Surgeons of Saskatchewan Le College of Physicians and Surgeons of Saskatchewan est un corps r\u00e8glementaire d&#8217;autor\u00e9glementation mis en place par le gouvernement de la Saskatchewan. Le Coll\u00e8ge est\" \/>\n<meta property=\"og:url\" content=\"https:\/\/survivornet.ca\/fr\/reliez-vous\/comment-trouver-un-medecin\/saskatchewan\/\" \/>\n<meta property=\"og:site_name\" content=\"Canadian Cancer Survivor Network\" \/>\n<meta name=\"twitter:card\" content=\"summary_large_image\" \/>\n<meta name=\"twitter:label1\" content=\"Dur\u00e9e de lecture estim\u00e9e\" \/>\n\t<meta name=\"twitter:data1\" content=\"1 minute\" \/>\n<script type=\"application\/ld+json\" class=\"yoast-schema-graph\">{\"@context\":\"https:\\\/\\\/schema.org\",\"@graph\":[{\"@type\":\"WebPage\",\"@id\":\"https:\\\/\\\/survivornet.ca\\\/fr\\\/reliez-vous\\\/comment-trouver-un-medecin\\\/saskatchewan\\\/\",\"url\":\"https:\\\/\\\/survivornet.ca\\\/fr\\\/reliez-vous\\\/comment-trouver-un-medecin\\\/saskatchewan\\\/\",\"name\":\"Saskatchewan - Canadian Cancer Survivor Network\",\"isPartOf\":{\"@id\":\"https:\\\/\\\/survivornet.ca\\\/#website\"},\"datePublished\":\"2017-06-08T19:40:50+00:00\",\"breadcrumb\":{\"@id\":\"https:\\\/\\\/survivornet.ca\\\/fr\\\/reliez-vous\\\/comment-trouver-un-medecin\\\/saskatchewan\\\/#breadcrumb\"},\"inLanguage\":\"fr-FR\",\"potentialAction\":[{\"@type\":\"ReadAction\",\"target\":[\"https:\\\/\\\/survivornet.ca\\\/fr\\\/reliez-vous\\\/comment-trouver-un-medecin\\\/saskatchewan\\\/\"]}]},{\"@type\":\"BreadcrumbList\",\"@id\":\"https:\\\/\\\/survivornet.ca\\\/fr\\\/reliez-vous\\\/comment-trouver-un-medecin\\\/saskatchewan\\\/#breadcrumb\",\"itemListElement\":[{\"@type\":\"ListItem\",\"position\":1,\"name\":\"Home\",\"item\":\"https:\\\/\\\/survivornet.ca\\\/fr\\\/\"},{\"@type\":\"ListItem\",\"position\":2,\"name\":\"Connectez\",\"item\":\"https:\\\/\\\/survivornet.ca\\\/fr\\\/reliez-vous\\\/\"},{\"@type\":\"ListItem\",\"position\":3,\"name\":\"Comment trouver un m\u00e9decin\",\"item\":\"https:\\\/\\\/survivornet.ca\\\/fr\\\/reliez-vous\\\/comment-trouver-un-medecin\\\/\"},{\"@type\":\"ListItem\",\"position\":4,\"name\":\"Saskatchewan\"}]},{\"@type\":\"WebSite\",\"@id\":\"https:\\\/\\\/survivornet.ca\\\/#website\",\"url\":\"https:\\\/\\\/survivornet.ca\\\/\",\"name\":\"Canadian Cancer Survivor Network\",\"description\":\"The Canadian Cancer Survivor Network was created by a group of Canadians concerned about cancer.\",\"publisher\":{\"@id\":\"https:\\\/\\\/survivornet.ca\\\/#organization\"},\"potentialAction\":[{\"@type\":\"SearchAction\",\"target\":{\"@type\":\"EntryPoint\",\"urlTemplate\":\"https:\\\/\\\/survivornet.ca\\\/?s={search_term_string}\"},\"query-input\":{\"@type\":\"PropertyValueSpecification\",\"valueRequired\":true,\"valueName\":\"search_term_string\"}}],\"inLanguage\":\"fr-FR\"},{\"@type\":\"Organization\",\"@id\":\"https:\\\/\\\/survivornet.ca\\\/#organization\",\"name\":\"Canadian Cancer Survivor Network\",\"url\":\"https:\\\/\\\/survivornet.ca\\\/\",\"logo\":{\"@type\":\"ImageObject\",\"inLanguage\":\"fr-FR\",\"@id\":\"https:\\\/\\\/survivornet.ca\\\/#\\\/schema\\\/logo\\\/image\\\/\",\"url\":\"http:\\\/\\\/survivornet.ca\\\/wp-content\\\/uploads\\\/2016\\\/12\\\/CCSN_Logo_EN_SQUARE.png\",\"contentUrl\":\"http:\\\/\\\/survivornet.ca\\\/wp-content\\\/uploads\\\/2016\\\/12\\\/CCSN_Logo_EN_SQUARE.png\",\"width\":1209,\"height\":1007,\"caption\":\"Canadian Cancer Survivor Network\"},\"image\":{\"@id\":\"https:\\\/\\\/survivornet.ca\\\/#\\\/schema\\\/logo\\\/image\\\/\"}}]}<\/script>\n<!-- \/ Yoast SEO plugin. -->","yoast_head_json":{"title":"Saskatchewan - Canadian Cancer Survivor Network","robots":{"index":"index","follow":"follow","max-snippet":"max-snippet:-1","max-image-preview":"max-image-preview:large","max-video-preview":"max-video-preview:-1"},"canonical":"https:\/\/survivornet.ca\/fr\/reliez-vous\/comment-trouver-un-medecin\/saskatchewan\/","og_locale":"fr_FR","og_type":"article","og_title":"Saskatchewan - Canadian Cancer Survivor Network","og_description":"College of Physicians and Surgeons of Saskatchewan Le College of Physicians and Surgeons of Saskatchewan est un corps r\u00e8glementaire d&#8217;autor\u00e9glementation mis en place par le gouvernement de la Saskatchewan. Le Coll\u00e8ge est","og_url":"https:\/\/survivornet.ca\/fr\/reliez-vous\/comment-trouver-un-medecin\/saskatchewan\/","og_site_name":"Canadian Cancer Survivor Network","twitter_card":"summary_large_image","twitter_misc":{"Dur\u00e9e de lecture estim\u00e9e":"1 minute"},"schema":{"@context":"https:\/\/schema.org","@graph":[{"@type":"WebPage","@id":"https:\/\/survivornet.ca\/fr\/reliez-vous\/comment-trouver-un-medecin\/saskatchewan\/","url":"https:\/\/survivornet.ca\/fr\/reliez-vous\/comment-trouver-un-medecin\/saskatchewan\/","name":"Saskatchewan - Canadian Cancer Survivor Network","isPartOf":{"@id":"https:\/\/survivornet.ca\/#website"},"datePublished":"2017-06-08T19:40:50+00:00","breadcrumb":{"@id":"https:\/\/survivornet.ca\/fr\/reliez-vous\/comment-trouver-un-medecin\/saskatchewan\/#breadcrumb"},"inLanguage":"fr-FR","potentialAction":[{"@type":"ReadAction","target":["https:\/\/survivornet.ca\/fr\/reliez-vous\/comment-trouver-un-medecin\/saskatchewan\/"]}]},{"@type":"BreadcrumbList","@id":"https:\/\/survivornet.ca\/fr\/reliez-vous\/comment-trouver-un-medecin\/saskatchewan\/#breadcrumb","itemListElement":[{"@type":"ListItem","position":1,"name":"Home","item":"https:\/\/survivornet.ca\/fr\/"},{"@type":"ListItem","position":2,"name":"Connectez","item":"https:\/\/survivornet.ca\/fr\/reliez-vous\/"},{"@type":"ListItem","position":3,"name":"Comment trouver un m\u00e9decin","item":"https:\/\/survivornet.ca\/fr\/reliez-vous\/comment-trouver-un-medecin\/"},{"@type":"ListItem","position":4,"name":"Saskatchewan"}]},{"@type":"WebSite","@id":"https:\/\/survivornet.ca\/#website","url":"https:\/\/survivornet.ca\/","name":"Canadian Cancer Survivor Network","description":"The Canadian Cancer Survivor Network was created by a group of Canadians concerned about cancer.","publisher":{"@id":"https:\/\/survivornet.ca\/#organization"},"potentialAction":[{"@type":"SearchAction","target":{"@type":"EntryPoint","urlTemplate":"https:\/\/survivornet.ca\/?s={search_term_string}"},"query-input":{"@type":"PropertyValueSpecification","valueRequired":true,"valueName":"search_term_string"}}],"inLanguage":"fr-FR"},{"@type":"Organization","@id":"https:\/\/survivornet.ca\/#organization","name":"Canadian Cancer Survivor Network","url":"https:\/\/survivornet.ca\/","logo":{"@type":"ImageObject","inLanguage":"fr-FR","@id":"https:\/\/survivornet.ca\/#\/schema\/logo\/image\/","url":"http:\/\/survivornet.ca\/wp-content\/uploads\/2016\/12\/CCSN_Logo_EN_SQUARE.png","contentUrl":"http:\/\/survivornet.ca\/wp-content\/uploads\/2016\/12\/CCSN_Logo_EN_SQUARE.png","width":1209,"height":1007,"caption":"Canadian Cancer Survivor Network"},"image":{"@id":"https:\/\/survivornet.ca\/#\/schema\/logo\/image\/"}}]}},"_links":{"self":[{"href":"https:\/\/survivornet.ca\/fr\/wp-json\/wp\/v2\/pages\/5126","targetHints":{"allow":["GET"]}}],"collection":[{"href":"https:\/\/survivornet.ca\/fr\/wp-json\/wp\/v2\/pages"}],"about":[{"href":"https:\/\/survivornet.ca\/fr\/wp-json\/wp\/v2\/types\/page"}],"author":[{"embeddable":true,"href":"https:\/\/survivornet.ca\/fr\/wp-json\/wp\/v2\/users\/2"}],"replies":[{"embeddable":true,"href":"https:\/\/survivornet.ca\/fr\/wp-json\/wp\/v2\/comments?post=5126"}],"version-history":[{"count":0,"href":"https:\/\/survivornet.ca\/fr\/wp-json\/wp\/v2\/pages\/5126\/revisions"}],"up":[{"embeddable":true,"href":"https:\/\/survivornet.ca\/fr\/wp-json\/wp\/v2\/pages\/5103"}],"wp:attachment":[{"href":"https:\/\/survivornet.ca\/fr\/wp-json\/wp\/v2\/media?parent=5126"}],"curies":[{"name":"wp","href":"https:\/\/api.w.org\/{rel}","templated":true}]}}