{"id":5114,"date":"2017-06-08T19:24:51","date_gmt":"2017-06-08T19:24:51","guid":{"rendered":"https:\/\/survivornet.ca\/?page_id=5114\/"},"modified":"2017-06-13T20:36:04","modified_gmt":"2017-06-13T20:36:04","slug":"manitoba","status":"publish","type":"page","link":"https:\/\/survivornet.ca\/fr\/reliez-vous\/comment-trouver-un-medecin\/manitoba\/","title":{"rendered":"Manitoba"},"content":{"rendered":"<p><a href=\"http:\/\/cpsm.mb.ca\/\" target=\"_blank\" rel=\"noopener noreferrer\">College of Physicians and Surgeons of Manitoba<\/a><\/p>\n<p>Le <em>College of Physicians and Surgeons of Manitoba<\/em> est charg\u00e9 de maintenir les normes de la pratique m\u00e9dicale au Manitoba gr\u00e2ce \u00e0 l&#8217;application de la loi m\u00e9dicale <em>The Medical Act<\/em>, des r\u00e8glements et d\u2019autres r\u00e8glements connexes, y compris le <em>Code of Conduct<\/em>. Le mandat de du Coll\u00e8ge est de prot\u00e9ger le public en tant que consommateurs recevant des soins m\u00e9dicaux et de promouvoir la prestation saine et \u00e9thique des soins m\u00e9dicaux de qualit\u00e9 par les m\u00e9decins du Manitoba.<\/p>\n<p>Pour trouver un m\u00e9decin autoris\u00e9 \u00e0 pratiquer au Manitoba, rendez-vous au <a href=\"http:\/\/cpsm.mb.ca\/physician-directory\" target=\"_blank\" rel=\"noopener noreferrer\">http:\/\/cpsm.mb.ca\/physician-directory<\/a><\/p>\n<p>College of Physicians and Surgeons of Manitoba<br \/>\n1000 \u2014 1661 Portage Avenue<br \/>\nWinnipeg, MB R3J 3T7<br \/>\nT\u00e9l\u00e9phone: 204-774-4344<br \/>\nFax: 204-774-0750<br \/>\nCourriel: <a href=\"mailto:TheRegistrar@cpsm.mb.ca\">TheRegistrar@cpsm.mb.ca<\/a><\/p>\n","protected":false},"excerpt":{"rendered":"<p>College of Physicians and Surgeons of Manitoba Le College of Physicians and Surgeons of Manitoba est charg\u00e9 de maintenir les normes de la pratique m\u00e9dicale au Manitoba gr\u00e2ce \u00e0 l&#8217;application de la<\/p>\n","protected":false},"author":2,"featured_media":0,"parent":5103,"menu_order":3,"comment_status":"closed","ping_status":"closed","template":"","meta":{"_acf_changed":false,"footnotes":""},"class_list":["post-5114","page","type-page","status-publish","hentry"],"acf":[],"yoast_head":"<!-- This site is optimized with the Yoast SEO plugin v27.4 - https:\/\/yoast.com\/product\/yoast-seo-wordpress\/ -->\n<title>Manitoba - Canadian Cancer Survivor Network<\/title>\n<meta name=\"robots\" content=\"index, follow, max-snippet:-1, max-image-preview:large, max-video-preview:-1\" \/>\n<link rel=\"canonical\" href=\"https:\/\/survivornet.ca\/fr\/reliez-vous\/comment-trouver-un-medecin\/manitoba\/\" \/>\n<meta property=\"og:locale\" content=\"fr_FR\" \/>\n<meta property=\"og:type\" content=\"article\" \/>\n<meta property=\"og:title\" content=\"Manitoba - Canadian Cancer Survivor Network\" \/>\n<meta property=\"og:description\" content=\"College of Physicians and Surgeons of Manitoba Le College of Physicians and Surgeons of Manitoba est charg\u00e9 de maintenir les normes de la pratique m\u00e9dicale au Manitoba gr\u00e2ce \u00e0 l&#8217;application de la\" \/>\n<meta property=\"og:url\" content=\"https:\/\/survivornet.ca\/fr\/reliez-vous\/comment-trouver-un-medecin\/manitoba\/\" \/>\n<meta property=\"og:site_name\" content=\"Canadian Cancer Survivor Network\" \/>\n<meta property=\"article:modified_time\" content=\"2017-06-13T20:36:04+00:00\" \/>\n<meta name=\"twitter:card\" content=\"summary_large_image\" \/>\n<meta name=\"twitter:label1\" content=\"Dur\u00e9e de lecture estim\u00e9e\" \/>\n\t<meta name=\"twitter:data1\" content=\"1 minute\" \/>\n<script type=\"application\/ld+json\" class=\"yoast-schema-graph\">{\"@context\":\"https:\\\/\\\/schema.org\",\"@graph\":[{\"@type\":\"WebPage\",\"@id\":\"https:\\\/\\\/survivornet.ca\\\/fr\\\/reliez-vous\\\/comment-trouver-un-medecin\\\/manitoba\\\/\",\"url\":\"https:\\\/\\\/survivornet.ca\\\/fr\\\/reliez-vous\\\/comment-trouver-un-medecin\\\/manitoba\\\/\",\"name\":\"Manitoba - Canadian Cancer Survivor Network\",\"isPartOf\":{\"@id\":\"https:\\\/\\\/survivornet.ca\\\/#website\"},\"datePublished\":\"2017-06-08T19:24:51+00:00\",\"dateModified\":\"2017-06-13T20:36:04+00:00\",\"breadcrumb\":{\"@id\":\"https:\\\/\\\/survivornet.ca\\\/fr\\\/reliez-vous\\\/comment-trouver-un-medecin\\\/manitoba\\\/#breadcrumb\"},\"inLanguage\":\"fr-FR\",\"potentialAction\":[{\"@type\":\"ReadAction\",\"target\":[\"https:\\\/\\\/survivornet.ca\\\/fr\\\/reliez-vous\\\/comment-trouver-un-medecin\\\/manitoba\\\/\"]}]},{\"@type\":\"BreadcrumbList\",\"@id\":\"https:\\\/\\\/survivornet.ca\\\/fr\\\/reliez-vous\\\/comment-trouver-un-medecin\\\/manitoba\\\/#breadcrumb\",\"itemListElement\":[{\"@type\":\"ListItem\",\"position\":1,\"name\":\"Home\",\"item\":\"https:\\\/\\\/survivornet.ca\\\/fr\\\/\"},{\"@type\":\"ListItem\",\"position\":2,\"name\":\"Connectez\",\"item\":\"https:\\\/\\\/survivornet.ca\\\/fr\\\/reliez-vous\\\/\"},{\"@type\":\"ListItem\",\"position\":3,\"name\":\"Comment trouver un m\u00e9decin\",\"item\":\"https:\\\/\\\/survivornet.ca\\\/fr\\\/reliez-vous\\\/comment-trouver-un-medecin\\\/\"},{\"@type\":\"ListItem\",\"position\":4,\"name\":\"Manitoba\"}]},{\"@type\":\"WebSite\",\"@id\":\"https:\\\/\\\/survivornet.ca\\\/#website\",\"url\":\"https:\\\/\\\/survivornet.ca\\\/\",\"name\":\"Canadian Cancer Survivor Network\",\"description\":\"The Canadian Cancer Survivor Network was created by a group of Canadians concerned about cancer.\",\"publisher\":{\"@id\":\"https:\\\/\\\/survivornet.ca\\\/#organization\"},\"potentialAction\":[{\"@type\":\"SearchAction\",\"target\":{\"@type\":\"EntryPoint\",\"urlTemplate\":\"https:\\\/\\\/survivornet.ca\\\/?s={search_term_string}\"},\"query-input\":{\"@type\":\"PropertyValueSpecification\",\"valueRequired\":true,\"valueName\":\"search_term_string\"}}],\"inLanguage\":\"fr-FR\"},{\"@type\":\"Organization\",\"@id\":\"https:\\\/\\\/survivornet.ca\\\/#organization\",\"name\":\"Canadian Cancer Survivor Network\",\"url\":\"https:\\\/\\\/survivornet.ca\\\/\",\"logo\":{\"@type\":\"ImageObject\",\"inLanguage\":\"fr-FR\",\"@id\":\"https:\\\/\\\/survivornet.ca\\\/#\\\/schema\\\/logo\\\/image\\\/\",\"url\":\"http:\\\/\\\/survivornet.ca\\\/wp-content\\\/uploads\\\/2016\\\/12\\\/CCSN_Logo_EN_SQUARE.png\",\"contentUrl\":\"http:\\\/\\\/survivornet.ca\\\/wp-content\\\/uploads\\\/2016\\\/12\\\/CCSN_Logo_EN_SQUARE.png\",\"width\":1209,\"height\":1007,\"caption\":\"Canadian Cancer Survivor Network\"},\"image\":{\"@id\":\"https:\\\/\\\/survivornet.ca\\\/#\\\/schema\\\/logo\\\/image\\\/\"}}]}<\/script>\n<!-- \/ Yoast SEO plugin. -->","yoast_head_json":{"title":"Manitoba - Canadian Cancer Survivor Network","robots":{"index":"index","follow":"follow","max-snippet":"max-snippet:-1","max-image-preview":"max-image-preview:large","max-video-preview":"max-video-preview:-1"},"canonical":"https:\/\/survivornet.ca\/fr\/reliez-vous\/comment-trouver-un-medecin\/manitoba\/","og_locale":"fr_FR","og_type":"article","og_title":"Manitoba - Canadian Cancer Survivor Network","og_description":"College of Physicians and Surgeons of Manitoba Le College of Physicians and Surgeons of Manitoba est charg\u00e9 de maintenir les normes de la pratique m\u00e9dicale au Manitoba gr\u00e2ce \u00e0 l&#8217;application de la","og_url":"https:\/\/survivornet.ca\/fr\/reliez-vous\/comment-trouver-un-medecin\/manitoba\/","og_site_name":"Canadian Cancer Survivor Network","article_modified_time":"2017-06-13T20:36:04+00:00","twitter_card":"summary_large_image","twitter_misc":{"Dur\u00e9e de lecture estim\u00e9e":"1 minute"},"schema":{"@context":"https:\/\/schema.org","@graph":[{"@type":"WebPage","@id":"https:\/\/survivornet.ca\/fr\/reliez-vous\/comment-trouver-un-medecin\/manitoba\/","url":"https:\/\/survivornet.ca\/fr\/reliez-vous\/comment-trouver-un-medecin\/manitoba\/","name":"Manitoba - Canadian Cancer Survivor Network","isPartOf":{"@id":"https:\/\/survivornet.ca\/#website"},"datePublished":"2017-06-08T19:24:51+00:00","dateModified":"2017-06-13T20:36:04+00:00","breadcrumb":{"@id":"https:\/\/survivornet.ca\/fr\/reliez-vous\/comment-trouver-un-medecin\/manitoba\/#breadcrumb"},"inLanguage":"fr-FR","potentialAction":[{"@type":"ReadAction","target":["https:\/\/survivornet.ca\/fr\/reliez-vous\/comment-trouver-un-medecin\/manitoba\/"]}]},{"@type":"BreadcrumbList","@id":"https:\/\/survivornet.ca\/fr\/reliez-vous\/comment-trouver-un-medecin\/manitoba\/#breadcrumb","itemListElement":[{"@type":"ListItem","position":1,"name":"Home","item":"https:\/\/survivornet.ca\/fr\/"},{"@type":"ListItem","position":2,"name":"Connectez","item":"https:\/\/survivornet.ca\/fr\/reliez-vous\/"},{"@type":"ListItem","position":3,"name":"Comment trouver un m\u00e9decin","item":"https:\/\/survivornet.ca\/fr\/reliez-vous\/comment-trouver-un-medecin\/"},{"@type":"ListItem","position":4,"name":"Manitoba"}]},{"@type":"WebSite","@id":"https:\/\/survivornet.ca\/#website","url":"https:\/\/survivornet.ca\/","name":"Canadian Cancer Survivor Network","description":"The Canadian Cancer Survivor Network was created by a group of Canadians concerned about cancer.","publisher":{"@id":"https:\/\/survivornet.ca\/#organization"},"potentialAction":[{"@type":"SearchAction","target":{"@type":"EntryPoint","urlTemplate":"https:\/\/survivornet.ca\/?s={search_term_string}"},"query-input":{"@type":"PropertyValueSpecification","valueRequired":true,"valueName":"search_term_string"}}],"inLanguage":"fr-FR"},{"@type":"Organization","@id":"https:\/\/survivornet.ca\/#organization","name":"Canadian Cancer Survivor Network","url":"https:\/\/survivornet.ca\/","logo":{"@type":"ImageObject","inLanguage":"fr-FR","@id":"https:\/\/survivornet.ca\/#\/schema\/logo\/image\/","url":"http:\/\/survivornet.ca\/wp-content\/uploads\/2016\/12\/CCSN_Logo_EN_SQUARE.png","contentUrl":"http:\/\/survivornet.ca\/wp-content\/uploads\/2016\/12\/CCSN_Logo_EN_SQUARE.png","width":1209,"height":1007,"caption":"Canadian Cancer Survivor Network"},"image":{"@id":"https:\/\/survivornet.ca\/#\/schema\/logo\/image\/"}}]}},"_links":{"self":[{"href":"https:\/\/survivornet.ca\/fr\/wp-json\/wp\/v2\/pages\/5114","targetHints":{"allow":["GET"]}}],"collection":[{"href":"https:\/\/survivornet.ca\/fr\/wp-json\/wp\/v2\/pages"}],"about":[{"href":"https:\/\/survivornet.ca\/fr\/wp-json\/wp\/v2\/types\/page"}],"author":[{"embeddable":true,"href":"https:\/\/survivornet.ca\/fr\/wp-json\/wp\/v2\/users\/2"}],"replies":[{"embeddable":true,"href":"https:\/\/survivornet.ca\/fr\/wp-json\/wp\/v2\/comments?post=5114"}],"version-history":[{"count":0,"href":"https:\/\/survivornet.ca\/fr\/wp-json\/wp\/v2\/pages\/5114\/revisions"}],"up":[{"embeddable":true,"href":"https:\/\/survivornet.ca\/fr\/wp-json\/wp\/v2\/pages\/5103"}],"wp:attachment":[{"href":"https:\/\/survivornet.ca\/fr\/wp-json\/wp\/v2\/media?parent=5114"}],"curies":[{"name":"wp","href":"https:\/\/api.w.org\/{rel}","templated":true}]}}