{"id":5104,"date":"2017-06-08T18:51:38","date_gmt":"2017-06-08T18:51:38","guid":{"rendered":"https:\/\/survivornet.ca\/?page_id=5104\/"},"modified":"2017-06-08T18:51:58","modified_gmt":"2017-06-08T18:51:58","slug":"alberta","status":"publish","type":"page","link":"https:\/\/survivornet.ca\/fr\/reliez-vous\/comment-trouver-un-medecin\/alberta\/","title":{"rendered":"Alberta"},"content":{"rendered":"<p><a href=\"http:\/\/www.cpsa.ca\/\" target=\"_blank\" rel=\"noopener noreferrer\">College of Physicians and Surgeons of Alberta<\/a><\/p>\n<p>Le <em>College of Physicians &amp; Surgeons of Alberta (CPSA)<\/em> r\u00e8glement\u00e9 la pratique de la m\u00e9decine en Alberta. Le privil\u00e8ge de l&#8217;autor\u00e9glementation a \u00e9t\u00e9 accord\u00e9 au CPSA par la loi <em>Health Professions Act <\/em>de l&#8217;Alberta. Les objectifs du CPSA sont de veiller \u00e0 ce que les m\u00e9decins soient comp\u00e9tents tout au long de leur carrier, de contribuer \u00e0 une vision d\u2019ensemble de haut-niveau du syst\u00e8me de sant\u00e9, et de promouvoir le leadership dans la conception et la mise en \u0153uvre de nouveaux mod\u00e8les de soins de sant\u00e9.<\/p>\n<p>College of Physicians and Surgeons of Alberta<br \/>\n2700 Telus Plaza South, 10020 \u2014 100 Street NW<br \/>\nEdmonton, AB\u00a0T5J 0N3<br \/>\nT\u00e9l\u00e9phone: 780- 423-4764<br \/>\nEnqu\u00eates publiques: 1-800-561-3899<br \/>\nFax: 780-420-0651<br \/>\nCourriel: <a href=\"mailto:info@cpsa.ab.ca\">info@cpsa.ab.ca<\/a><\/p>\n","protected":false},"excerpt":{"rendered":"<p>College of Physicians and Surgeons of Alberta Le College of Physicians &amp; Surgeons of Alberta (CPSA) r\u00e8glement\u00e9 la pratique de la m\u00e9decine en Alberta. Le privil\u00e8ge de l&#8217;autor\u00e9glementation a \u00e9t\u00e9 accord\u00e9 au<\/p>\n","protected":false},"author":2,"featured_media":0,"parent":5103,"menu_order":0,"comment_status":"closed","ping_status":"closed","template":"","meta":{"_acf_changed":false,"footnotes":""},"class_list":["post-5104","page","type-page","status-publish","hentry"],"acf":[],"yoast_head":"<!-- This site is optimized with the Yoast SEO plugin v27.4 - https:\/\/yoast.com\/product\/yoast-seo-wordpress\/ -->\n<title>Alberta - Canadian Cancer Survivor Network<\/title>\n<meta name=\"robots\" content=\"index, follow, max-snippet:-1, max-image-preview:large, max-video-preview:-1\" \/>\n<link rel=\"canonical\" href=\"https:\/\/survivornet.ca\/fr\/reliez-vous\/comment-trouver-un-medecin\/alberta\/\" \/>\n<meta property=\"og:locale\" content=\"fr_FR\" \/>\n<meta property=\"og:type\" content=\"article\" \/>\n<meta property=\"og:title\" content=\"Alberta - Canadian Cancer Survivor Network\" \/>\n<meta property=\"og:description\" content=\"College of Physicians and Surgeons of Alberta Le College of Physicians &amp; Surgeons of Alberta (CPSA) r\u00e8glement\u00e9 la pratique de la m\u00e9decine en Alberta. Le privil\u00e8ge de l&#8217;autor\u00e9glementation a \u00e9t\u00e9 accord\u00e9 au\" \/>\n<meta property=\"og:url\" content=\"https:\/\/survivornet.ca\/fr\/reliez-vous\/comment-trouver-un-medecin\/alberta\/\" \/>\n<meta property=\"og:site_name\" content=\"Canadian Cancer Survivor Network\" \/>\n<meta property=\"article:modified_time\" content=\"2017-06-08T18:51:58+00:00\" \/>\n<meta name=\"twitter:card\" content=\"summary_large_image\" \/>\n<meta name=\"twitter:label1\" content=\"Dur\u00e9e de lecture estim\u00e9e\" \/>\n\t<meta name=\"twitter:data1\" content=\"1 minute\" \/>\n<script type=\"application\/ld+json\" class=\"yoast-schema-graph\">{\"@context\":\"https:\\\/\\\/schema.org\",\"@graph\":[{\"@type\":\"WebPage\",\"@id\":\"https:\\\/\\\/survivornet.ca\\\/fr\\\/reliez-vous\\\/comment-trouver-un-medecin\\\/alberta\\\/\",\"url\":\"https:\\\/\\\/survivornet.ca\\\/fr\\\/reliez-vous\\\/comment-trouver-un-medecin\\\/alberta\\\/\",\"name\":\"Alberta - Canadian Cancer Survivor Network\",\"isPartOf\":{\"@id\":\"https:\\\/\\\/survivornet.ca\\\/#website\"},\"datePublished\":\"2017-06-08T18:51:38+00:00\",\"dateModified\":\"2017-06-08T18:51:58+00:00\",\"breadcrumb\":{\"@id\":\"https:\\\/\\\/survivornet.ca\\\/fr\\\/reliez-vous\\\/comment-trouver-un-medecin\\\/alberta\\\/#breadcrumb\"},\"inLanguage\":\"fr-FR\",\"potentialAction\":[{\"@type\":\"ReadAction\",\"target\":[\"https:\\\/\\\/survivornet.ca\\\/fr\\\/reliez-vous\\\/comment-trouver-un-medecin\\\/alberta\\\/\"]}]},{\"@type\":\"BreadcrumbList\",\"@id\":\"https:\\\/\\\/survivornet.ca\\\/fr\\\/reliez-vous\\\/comment-trouver-un-medecin\\\/alberta\\\/#breadcrumb\",\"itemListElement\":[{\"@type\":\"ListItem\",\"position\":1,\"name\":\"Home\",\"item\":\"https:\\\/\\\/survivornet.ca\\\/fr\\\/\"},{\"@type\":\"ListItem\",\"position\":2,\"name\":\"Connectez\",\"item\":\"https:\\\/\\\/survivornet.ca\\\/fr\\\/reliez-vous\\\/\"},{\"@type\":\"ListItem\",\"position\":3,\"name\":\"Comment trouver un m\u00e9decin\",\"item\":\"https:\\\/\\\/survivornet.ca\\\/fr\\\/reliez-vous\\\/comment-trouver-un-medecin\\\/\"},{\"@type\":\"ListItem\",\"position\":4,\"name\":\"Alberta\"}]},{\"@type\":\"WebSite\",\"@id\":\"https:\\\/\\\/survivornet.ca\\\/#website\",\"url\":\"https:\\\/\\\/survivornet.ca\\\/\",\"name\":\"Canadian Cancer Survivor Network\",\"description\":\"The Canadian Cancer Survivor Network was created by a group of Canadians concerned about cancer.\",\"publisher\":{\"@id\":\"https:\\\/\\\/survivornet.ca\\\/#organization\"},\"potentialAction\":[{\"@type\":\"SearchAction\",\"target\":{\"@type\":\"EntryPoint\",\"urlTemplate\":\"https:\\\/\\\/survivornet.ca\\\/?s={search_term_string}\"},\"query-input\":{\"@type\":\"PropertyValueSpecification\",\"valueRequired\":true,\"valueName\":\"search_term_string\"}}],\"inLanguage\":\"fr-FR\"},{\"@type\":\"Organization\",\"@id\":\"https:\\\/\\\/survivornet.ca\\\/#organization\",\"name\":\"Canadian Cancer Survivor Network\",\"url\":\"https:\\\/\\\/survivornet.ca\\\/\",\"logo\":{\"@type\":\"ImageObject\",\"inLanguage\":\"fr-FR\",\"@id\":\"https:\\\/\\\/survivornet.ca\\\/#\\\/schema\\\/logo\\\/image\\\/\",\"url\":\"http:\\\/\\\/survivornet.ca\\\/wp-content\\\/uploads\\\/2016\\\/12\\\/CCSN_Logo_EN_SQUARE.png\",\"contentUrl\":\"http:\\\/\\\/survivornet.ca\\\/wp-content\\\/uploads\\\/2016\\\/12\\\/CCSN_Logo_EN_SQUARE.png\",\"width\":1209,\"height\":1007,\"caption\":\"Canadian Cancer Survivor Network\"},\"image\":{\"@id\":\"https:\\\/\\\/survivornet.ca\\\/#\\\/schema\\\/logo\\\/image\\\/\"}}]}<\/script>\n<!-- \/ Yoast SEO plugin. -->","yoast_head_json":{"title":"Alberta - Canadian Cancer Survivor Network","robots":{"index":"index","follow":"follow","max-snippet":"max-snippet:-1","max-image-preview":"max-image-preview:large","max-video-preview":"max-video-preview:-1"},"canonical":"https:\/\/survivornet.ca\/fr\/reliez-vous\/comment-trouver-un-medecin\/alberta\/","og_locale":"fr_FR","og_type":"article","og_title":"Alberta - Canadian Cancer Survivor Network","og_description":"College of Physicians and Surgeons of Alberta Le College of Physicians &amp; Surgeons of Alberta (CPSA) r\u00e8glement\u00e9 la pratique de la m\u00e9decine en Alberta. Le privil\u00e8ge de l&#8217;autor\u00e9glementation a \u00e9t\u00e9 accord\u00e9 au","og_url":"https:\/\/survivornet.ca\/fr\/reliez-vous\/comment-trouver-un-medecin\/alberta\/","og_site_name":"Canadian Cancer Survivor Network","article_modified_time":"2017-06-08T18:51:58+00:00","twitter_card":"summary_large_image","twitter_misc":{"Dur\u00e9e de lecture estim\u00e9e":"1 minute"},"schema":{"@context":"https:\/\/schema.org","@graph":[{"@type":"WebPage","@id":"https:\/\/survivornet.ca\/fr\/reliez-vous\/comment-trouver-un-medecin\/alberta\/","url":"https:\/\/survivornet.ca\/fr\/reliez-vous\/comment-trouver-un-medecin\/alberta\/","name":"Alberta - Canadian Cancer Survivor Network","isPartOf":{"@id":"https:\/\/survivornet.ca\/#website"},"datePublished":"2017-06-08T18:51:38+00:00","dateModified":"2017-06-08T18:51:58+00:00","breadcrumb":{"@id":"https:\/\/survivornet.ca\/fr\/reliez-vous\/comment-trouver-un-medecin\/alberta\/#breadcrumb"},"inLanguage":"fr-FR","potentialAction":[{"@type":"ReadAction","target":["https:\/\/survivornet.ca\/fr\/reliez-vous\/comment-trouver-un-medecin\/alberta\/"]}]},{"@type":"BreadcrumbList","@id":"https:\/\/survivornet.ca\/fr\/reliez-vous\/comment-trouver-un-medecin\/alberta\/#breadcrumb","itemListElement":[{"@type":"ListItem","position":1,"name":"Home","item":"https:\/\/survivornet.ca\/fr\/"},{"@type":"ListItem","position":2,"name":"Connectez","item":"https:\/\/survivornet.ca\/fr\/reliez-vous\/"},{"@type":"ListItem","position":3,"name":"Comment trouver un m\u00e9decin","item":"https:\/\/survivornet.ca\/fr\/reliez-vous\/comment-trouver-un-medecin\/"},{"@type":"ListItem","position":4,"name":"Alberta"}]},{"@type":"WebSite","@id":"https:\/\/survivornet.ca\/#website","url":"https:\/\/survivornet.ca\/","name":"Canadian Cancer Survivor Network","description":"The Canadian Cancer Survivor Network was created by a group of Canadians concerned about cancer.","publisher":{"@id":"https:\/\/survivornet.ca\/#organization"},"potentialAction":[{"@type":"SearchAction","target":{"@type":"EntryPoint","urlTemplate":"https:\/\/survivornet.ca\/?s={search_term_string}"},"query-input":{"@type":"PropertyValueSpecification","valueRequired":true,"valueName":"search_term_string"}}],"inLanguage":"fr-FR"},{"@type":"Organization","@id":"https:\/\/survivornet.ca\/#organization","name":"Canadian Cancer Survivor Network","url":"https:\/\/survivornet.ca\/","logo":{"@type":"ImageObject","inLanguage":"fr-FR","@id":"https:\/\/survivornet.ca\/#\/schema\/logo\/image\/","url":"http:\/\/survivornet.ca\/wp-content\/uploads\/2016\/12\/CCSN_Logo_EN_SQUARE.png","contentUrl":"http:\/\/survivornet.ca\/wp-content\/uploads\/2016\/12\/CCSN_Logo_EN_SQUARE.png","width":1209,"height":1007,"caption":"Canadian Cancer Survivor Network"},"image":{"@id":"https:\/\/survivornet.ca\/#\/schema\/logo\/image\/"}}]}},"_links":{"self":[{"href":"https:\/\/survivornet.ca\/fr\/wp-json\/wp\/v2\/pages\/5104","targetHints":{"allow":["GET"]}}],"collection":[{"href":"https:\/\/survivornet.ca\/fr\/wp-json\/wp\/v2\/pages"}],"about":[{"href":"https:\/\/survivornet.ca\/fr\/wp-json\/wp\/v2\/types\/page"}],"author":[{"embeddable":true,"href":"https:\/\/survivornet.ca\/fr\/wp-json\/wp\/v2\/users\/2"}],"replies":[{"embeddable":true,"href":"https:\/\/survivornet.ca\/fr\/wp-json\/wp\/v2\/comments?post=5104"}],"version-history":[{"count":0,"href":"https:\/\/survivornet.ca\/fr\/wp-json\/wp\/v2\/pages\/5104\/revisions"}],"up":[{"embeddable":true,"href":"https:\/\/survivornet.ca\/fr\/wp-json\/wp\/v2\/pages\/5103"}],"wp:attachment":[{"href":"https:\/\/survivornet.ca\/fr\/wp-json\/wp\/v2\/media?parent=5104"}],"curies":[{"name":"wp","href":"https:\/\/api.w.org\/{rel}","templated":true}]}}