{"id":5093,"date":"2017-06-08T18:29:25","date_gmt":"2017-06-08T18:29:25","guid":{"rendered":"https:\/\/survivornet.ca\/?page_id=5093\/"},"modified":"2017-06-16T14:29:21","modified_gmt":"2017-06-16T14:29:21","slug":"terre-neuve-et-labrador","status":"publish","type":"page","link":"https:\/\/survivornet.ca\/fr\/apprenez\/centres-de-cancerologie\/terre-neuve-et-labrador\/","title":{"rendered":"Terre-Neuve-et-Labrador"},"content":{"rendered":"<p><strong>Centre de canc\u00e9rologie\u00a0<\/strong><\/p>\n<p>Le centre de canc\u00e9rologie principal de Terre-Neuve-et-Labrador est situ\u00e9 dans la capitale de St. John\u2019s. Les oncologues de ce centre maintiennent \u00e9galement des cliniques dans certains centres r\u00e9gionaux en vue de desservir la population de avec des services de qualit\u00e9 pr\u00e8s de la maison. Ce centre offre \u00e9galement aux individus un service de vid\u00e9oconf\u00e9rence afin de r\u00e9duire le temps de d\u00e9placement pour chaque suivi m\u00e9dical.<\/p>\n<p>Dr. H. Bliss Murphy Cancer Centre<br \/>\n300 Prince Phillip Drive<br \/>\nSt. John\u2019s, NL\u00a0A1B 3V6<br \/>\nT\u00e9l.: (709) 777-6480<\/p>\n<p>&nbsp;<\/p>\n<p><strong>Centres de canc\u00e9rologie r\u00e9gionaux<\/strong><\/p>\n<p>James Paton Memorial Regional Health Centre<br \/>\n125 TransCanada Highway, Level 2<br \/>\nGander, NL A1V 1P7<br \/>\nT\u00e9l.: (709) 256-2500<\/p>\n<p>&nbsp;<\/p>\n<p>Central Newfoundland Regional Health Centre<br \/>\n50 Union Street<br \/>\nGrand Falls-Windsor NL A2A 1M4<br \/>\nT\u00e9l.: (709) 292-2500<\/p>\n<p>&nbsp;<\/p>\n<p>Western Memorial Regional Hospital<br \/>\n1 Brookfield Avenue<br \/>\nP.O. Box 2005<br \/>\nCorner Brook, NL A2H 6J7<br \/>\nT\u00e9l.: (709) 637-5000<\/p>\n","protected":false},"excerpt":{"rendered":"<p>Centre de canc\u00e9rologie\u00a0 Le centre de canc\u00e9rologie principal de Terre-Neuve-et-Labrador est situ\u00e9 dans la capitale de St. John\u2019s. Les oncologues de ce centre maintiennent \u00e9galement des cliniques dans certains centres r\u00e9gionaux en<\/p>\n","protected":false},"author":2,"featured_media":0,"parent":4506,"menu_order":10,"comment_status":"closed","ping_status":"closed","template":"","meta":{"_acf_changed":false,"footnotes":""},"class_list":["post-5093","page","type-page","status-publish","hentry"],"acf":[],"yoast_head":"<!-- This site is optimized with the Yoast SEO plugin v27.4 - https:\/\/yoast.com\/product\/yoast-seo-wordpress\/ -->\n<title>Terre-Neuve-et-Labrador - Canadian Cancer Survivor Network<\/title>\n<meta name=\"robots\" content=\"index, follow, max-snippet:-1, max-image-preview:large, max-video-preview:-1\" \/>\n<link rel=\"canonical\" href=\"https:\/\/survivornet.ca\/fr\/apprenez\/centres-de-cancerologie\/terre-neuve-et-labrador\/\" \/>\n<meta property=\"og:locale\" content=\"fr_FR\" \/>\n<meta property=\"og:type\" content=\"article\" \/>\n<meta property=\"og:title\" content=\"Terre-Neuve-et-Labrador - Canadian Cancer Survivor Network\" \/>\n<meta property=\"og:description\" content=\"Centre de canc\u00e9rologie\u00a0 Le centre de canc\u00e9rologie principal de Terre-Neuve-et-Labrador est situ\u00e9 dans la capitale de St. John\u2019s. Les oncologues de ce centre maintiennent \u00e9galement des cliniques dans certains centres r\u00e9gionaux en\" \/>\n<meta property=\"og:url\" content=\"https:\/\/survivornet.ca\/fr\/apprenez\/centres-de-cancerologie\/terre-neuve-et-labrador\/\" \/>\n<meta property=\"og:site_name\" content=\"Canadian Cancer Survivor Network\" \/>\n<meta property=\"article:modified_time\" content=\"2017-06-16T14:29:21+00:00\" \/>\n<meta name=\"twitter:card\" content=\"summary_large_image\" \/>\n<meta name=\"twitter:label1\" content=\"Dur\u00e9e de lecture estim\u00e9e\" \/>\n\t<meta name=\"twitter:data1\" content=\"1 minute\" \/>\n<script type=\"application\/ld+json\" class=\"yoast-schema-graph\">{\"@context\":\"https:\\\/\\\/schema.org\",\"@graph\":[{\"@type\":\"WebPage\",\"@id\":\"https:\\\/\\\/survivornet.ca\\\/fr\\\/apprenez\\\/centres-de-cancerologie\\\/terre-neuve-et-labrador\\\/\",\"url\":\"https:\\\/\\\/survivornet.ca\\\/fr\\\/apprenez\\\/centres-de-cancerologie\\\/terre-neuve-et-labrador\\\/\",\"name\":\"Terre-Neuve-et-Labrador - Canadian Cancer Survivor Network\",\"isPartOf\":{\"@id\":\"https:\\\/\\\/survivornet.ca\\\/#website\"},\"datePublished\":\"2017-06-08T18:29:25+00:00\",\"dateModified\":\"2017-06-16T14:29:21+00:00\",\"breadcrumb\":{\"@id\":\"https:\\\/\\\/survivornet.ca\\\/fr\\\/apprenez\\\/centres-de-cancerologie\\\/terre-neuve-et-labrador\\\/#breadcrumb\"},\"inLanguage\":\"fr-FR\",\"potentialAction\":[{\"@type\":\"ReadAction\",\"target\":[\"https:\\\/\\\/survivornet.ca\\\/fr\\\/apprenez\\\/centres-de-cancerologie\\\/terre-neuve-et-labrador\\\/\"]}]},{\"@type\":\"BreadcrumbList\",\"@id\":\"https:\\\/\\\/survivornet.ca\\\/fr\\\/apprenez\\\/centres-de-cancerologie\\\/terre-neuve-et-labrador\\\/#breadcrumb\",\"itemListElement\":[{\"@type\":\"ListItem\",\"position\":1,\"name\":\"Home\",\"item\":\"https:\\\/\\\/survivornet.ca\\\/fr\\\/\"},{\"@type\":\"ListItem\",\"position\":2,\"name\":\"Apprenez\",\"item\":\"https:\\\/\\\/survivornet.ca\\\/fr\\\/apprenez\\\/\"},{\"@type\":\"ListItem\",\"position\":3,\"name\":\"Centres de canc\u00e9rologie\",\"item\":\"https:\\\/\\\/survivornet.ca\\\/fr\\\/apprenez\\\/centres-de-cancerologie\\\/\"},{\"@type\":\"ListItem\",\"position\":4,\"name\":\"Terre-Neuve-et-Labrador\"}]},{\"@type\":\"WebSite\",\"@id\":\"https:\\\/\\\/survivornet.ca\\\/#website\",\"url\":\"https:\\\/\\\/survivornet.ca\\\/\",\"name\":\"Canadian Cancer Survivor Network\",\"description\":\"The Canadian Cancer Survivor Network was created by a group of Canadians concerned about cancer.\",\"publisher\":{\"@id\":\"https:\\\/\\\/survivornet.ca\\\/#organization\"},\"potentialAction\":[{\"@type\":\"SearchAction\",\"target\":{\"@type\":\"EntryPoint\",\"urlTemplate\":\"https:\\\/\\\/survivornet.ca\\\/?s={search_term_string}\"},\"query-input\":{\"@type\":\"PropertyValueSpecification\",\"valueRequired\":true,\"valueName\":\"search_term_string\"}}],\"inLanguage\":\"fr-FR\"},{\"@type\":\"Organization\",\"@id\":\"https:\\\/\\\/survivornet.ca\\\/#organization\",\"name\":\"Canadian Cancer Survivor Network\",\"url\":\"https:\\\/\\\/survivornet.ca\\\/\",\"logo\":{\"@type\":\"ImageObject\",\"inLanguage\":\"fr-FR\",\"@id\":\"https:\\\/\\\/survivornet.ca\\\/#\\\/schema\\\/logo\\\/image\\\/\",\"url\":\"http:\\\/\\\/survivornet.ca\\\/wp-content\\\/uploads\\\/2016\\\/12\\\/CCSN_Logo_EN_SQUARE.png\",\"contentUrl\":\"http:\\\/\\\/survivornet.ca\\\/wp-content\\\/uploads\\\/2016\\\/12\\\/CCSN_Logo_EN_SQUARE.png\",\"width\":1209,\"height\":1007,\"caption\":\"Canadian Cancer Survivor Network\"},\"image\":{\"@id\":\"https:\\\/\\\/survivornet.ca\\\/#\\\/schema\\\/logo\\\/image\\\/\"}}]}<\/script>\n<!-- \/ Yoast SEO plugin. -->","yoast_head_json":{"title":"Terre-Neuve-et-Labrador - Canadian Cancer Survivor Network","robots":{"index":"index","follow":"follow","max-snippet":"max-snippet:-1","max-image-preview":"max-image-preview:large","max-video-preview":"max-video-preview:-1"},"canonical":"https:\/\/survivornet.ca\/fr\/apprenez\/centres-de-cancerologie\/terre-neuve-et-labrador\/","og_locale":"fr_FR","og_type":"article","og_title":"Terre-Neuve-et-Labrador - Canadian Cancer Survivor Network","og_description":"Centre de canc\u00e9rologie\u00a0 Le centre de canc\u00e9rologie principal de Terre-Neuve-et-Labrador est situ\u00e9 dans la capitale de St. John\u2019s. Les oncologues de ce centre maintiennent \u00e9galement des cliniques dans certains centres r\u00e9gionaux en","og_url":"https:\/\/survivornet.ca\/fr\/apprenez\/centres-de-cancerologie\/terre-neuve-et-labrador\/","og_site_name":"Canadian Cancer Survivor Network","article_modified_time":"2017-06-16T14:29:21+00:00","twitter_card":"summary_large_image","twitter_misc":{"Dur\u00e9e de lecture estim\u00e9e":"1 minute"},"schema":{"@context":"https:\/\/schema.org","@graph":[{"@type":"WebPage","@id":"https:\/\/survivornet.ca\/fr\/apprenez\/centres-de-cancerologie\/terre-neuve-et-labrador\/","url":"https:\/\/survivornet.ca\/fr\/apprenez\/centres-de-cancerologie\/terre-neuve-et-labrador\/","name":"Terre-Neuve-et-Labrador - Canadian Cancer Survivor Network","isPartOf":{"@id":"https:\/\/survivornet.ca\/#website"},"datePublished":"2017-06-08T18:29:25+00:00","dateModified":"2017-06-16T14:29:21+00:00","breadcrumb":{"@id":"https:\/\/survivornet.ca\/fr\/apprenez\/centres-de-cancerologie\/terre-neuve-et-labrador\/#breadcrumb"},"inLanguage":"fr-FR","potentialAction":[{"@type":"ReadAction","target":["https:\/\/survivornet.ca\/fr\/apprenez\/centres-de-cancerologie\/terre-neuve-et-labrador\/"]}]},{"@type":"BreadcrumbList","@id":"https:\/\/survivornet.ca\/fr\/apprenez\/centres-de-cancerologie\/terre-neuve-et-labrador\/#breadcrumb","itemListElement":[{"@type":"ListItem","position":1,"name":"Home","item":"https:\/\/survivornet.ca\/fr\/"},{"@type":"ListItem","position":2,"name":"Apprenez","item":"https:\/\/survivornet.ca\/fr\/apprenez\/"},{"@type":"ListItem","position":3,"name":"Centres de canc\u00e9rologie","item":"https:\/\/survivornet.ca\/fr\/apprenez\/centres-de-cancerologie\/"},{"@type":"ListItem","position":4,"name":"Terre-Neuve-et-Labrador"}]},{"@type":"WebSite","@id":"https:\/\/survivornet.ca\/#website","url":"https:\/\/survivornet.ca\/","name":"Canadian Cancer Survivor Network","description":"The Canadian Cancer Survivor Network was created by a group of Canadians concerned about cancer.","publisher":{"@id":"https:\/\/survivornet.ca\/#organization"},"potentialAction":[{"@type":"SearchAction","target":{"@type":"EntryPoint","urlTemplate":"https:\/\/survivornet.ca\/?s={search_term_string}"},"query-input":{"@type":"PropertyValueSpecification","valueRequired":true,"valueName":"search_term_string"}}],"inLanguage":"fr-FR"},{"@type":"Organization","@id":"https:\/\/survivornet.ca\/#organization","name":"Canadian Cancer Survivor Network","url":"https:\/\/survivornet.ca\/","logo":{"@type":"ImageObject","inLanguage":"fr-FR","@id":"https:\/\/survivornet.ca\/#\/schema\/logo\/image\/","url":"http:\/\/survivornet.ca\/wp-content\/uploads\/2016\/12\/CCSN_Logo_EN_SQUARE.png","contentUrl":"http:\/\/survivornet.ca\/wp-content\/uploads\/2016\/12\/CCSN_Logo_EN_SQUARE.png","width":1209,"height":1007,"caption":"Canadian Cancer Survivor Network"},"image":{"@id":"https:\/\/survivornet.ca\/#\/schema\/logo\/image\/"}}]}},"_links":{"self":[{"href":"https:\/\/survivornet.ca\/fr\/wp-json\/wp\/v2\/pages\/5093","targetHints":{"allow":["GET"]}}],"collection":[{"href":"https:\/\/survivornet.ca\/fr\/wp-json\/wp\/v2\/pages"}],"about":[{"href":"https:\/\/survivornet.ca\/fr\/wp-json\/wp\/v2\/types\/page"}],"author":[{"embeddable":true,"href":"https:\/\/survivornet.ca\/fr\/wp-json\/wp\/v2\/users\/2"}],"replies":[{"embeddable":true,"href":"https:\/\/survivornet.ca\/fr\/wp-json\/wp\/v2\/comments?post=5093"}],"version-history":[{"count":0,"href":"https:\/\/survivornet.ca\/fr\/wp-json\/wp\/v2\/pages\/5093\/revisions"}],"up":[{"embeddable":true,"href":"https:\/\/survivornet.ca\/fr\/wp-json\/wp\/v2\/pages\/4506"}],"wp:attachment":[{"href":"https:\/\/survivornet.ca\/fr\/wp-json\/wp\/v2\/media?parent=5093"}],"curies":[{"name":"wp","href":"https:\/\/api.w.org\/{rel}","templated":true}]}}