{"id":5091,"date":"2017-06-08T18:27:43","date_gmt":"2017-06-08T18:27:43","guid":{"rendered":"https:\/\/survivornet.ca\/?page_id=5091\/"},"modified":"2017-06-14T13:37:34","modified_gmt":"2017-06-14T13:37:34","slug":"saskatchewan","status":"publish","type":"page","link":"https:\/\/survivornet.ca\/fr\/apprenez\/centres-de-cancerologie\/saskatchewan\/","title":{"rendered":"Saskatchewan"},"content":{"rendered":"<p><a href=\"http:\/\/www.saskcancer.ca\/\" target=\"_blank\" rel=\"noopener noreferrer\">Saskatchewan Cancer Agency<\/a><\/p>\n<p>L\u2019agence <em>Saskatchewan Cancer Agency<\/em> exploite deux centres de traitement: le <em>Allan Blair Cancer Centre<\/em> \u00e0 Regina et le <em>Saskatoon Cancer Centr<\/em>e. Ces deux centres offrent des soins complets pour l\u2019ensemble de la province. Ils offrent des traitements de chimioth\u00e9rapie, de radioth\u00e9rapie et d\u2019autres traitements n\u00e9cessaires. Des services de soutien pour aider \u00e0 r\u00e9pondre aux besoins sociaux, affectifs et \u00e9conomiques des individus touch\u00e9s directement ou indirectement par le cancer sont \u00e9galement disponibles par l\u2019entremise des centres de canc\u00e9rologie.<\/p>\n<p>Allan Blair Memorial Clinic<br \/>\nDepartment of Medical Physics<br \/>\n4101 Dewdney Avenue<br \/>\nRegina, SK S4T 7T1<br \/>\nT\u00e9l.: 306-766-2682<br \/>\nT\u00e9l\u00e9c.: 306-766-2845<\/p>\n<p>Saskatoon Cancer Centre<br \/>\nMedical Physics Department<br \/>\n20 Campus Drive<br \/>\nSaskatoon, SK S7N 4H4<br \/>\nT\u00e9l.: 306-655-2696<br \/>\nT\u00e9l\u00e9c.: 306-655-2910<\/p>\n","protected":false},"excerpt":{"rendered":"<p>Saskatchewan Cancer Agency L\u2019agence Saskatchewan Cancer Agency exploite deux centres de traitement: le Allan Blair Cancer Centre \u00e0 Regina et le Saskatoon Cancer Centre. Ces deux centres offrent des soins complets pour<\/p>\n","protected":false},"author":2,"featured_media":0,"parent":4506,"menu_order":9,"comment_status":"closed","ping_status":"closed","template":"","meta":{"_acf_changed":false,"footnotes":""},"class_list":["post-5091","page","type-page","status-publish","hentry"],"acf":[],"yoast_head":"<!-- This site is optimized with the Yoast SEO plugin v27.4 - https:\/\/yoast.com\/product\/yoast-seo-wordpress\/ -->\n<title>Saskatchewan - Canadian Cancer Survivor Network<\/title>\n<meta name=\"robots\" content=\"index, follow, max-snippet:-1, max-image-preview:large, max-video-preview:-1\" \/>\n<link rel=\"canonical\" href=\"https:\/\/survivornet.ca\/fr\/apprenez\/centres-de-cancerologie\/saskatchewan\/\" \/>\n<meta property=\"og:locale\" content=\"fr_FR\" \/>\n<meta property=\"og:type\" content=\"article\" \/>\n<meta property=\"og:title\" content=\"Saskatchewan - Canadian Cancer Survivor Network\" \/>\n<meta property=\"og:description\" content=\"Saskatchewan Cancer Agency L\u2019agence Saskatchewan Cancer Agency exploite deux centres de traitement: le Allan Blair Cancer Centre \u00e0 Regina et le Saskatoon Cancer Centre. Ces deux centres offrent des soins complets pour\" \/>\n<meta property=\"og:url\" content=\"https:\/\/survivornet.ca\/fr\/apprenez\/centres-de-cancerologie\/saskatchewan\/\" \/>\n<meta property=\"og:site_name\" content=\"Canadian Cancer Survivor Network\" \/>\n<meta property=\"article:modified_time\" content=\"2017-06-14T13:37:34+00:00\" \/>\n<meta name=\"twitter:card\" content=\"summary_large_image\" \/>\n<meta name=\"twitter:label1\" content=\"Dur\u00e9e de lecture estim\u00e9e\" \/>\n\t<meta name=\"twitter:data1\" content=\"1 minute\" \/>\n<script type=\"application\/ld+json\" class=\"yoast-schema-graph\">{\"@context\":\"https:\\\/\\\/schema.org\",\"@graph\":[{\"@type\":\"WebPage\",\"@id\":\"https:\\\/\\\/survivornet.ca\\\/fr\\\/apprenez\\\/centres-de-cancerologie\\\/saskatchewan\\\/\",\"url\":\"https:\\\/\\\/survivornet.ca\\\/fr\\\/apprenez\\\/centres-de-cancerologie\\\/saskatchewan\\\/\",\"name\":\"Saskatchewan - Canadian Cancer Survivor Network\",\"isPartOf\":{\"@id\":\"https:\\\/\\\/survivornet.ca\\\/#website\"},\"datePublished\":\"2017-06-08T18:27:43+00:00\",\"dateModified\":\"2017-06-14T13:37:34+00:00\",\"breadcrumb\":{\"@id\":\"https:\\\/\\\/survivornet.ca\\\/fr\\\/apprenez\\\/centres-de-cancerologie\\\/saskatchewan\\\/#breadcrumb\"},\"inLanguage\":\"fr-FR\",\"potentialAction\":[{\"@type\":\"ReadAction\",\"target\":[\"https:\\\/\\\/survivornet.ca\\\/fr\\\/apprenez\\\/centres-de-cancerologie\\\/saskatchewan\\\/\"]}]},{\"@type\":\"BreadcrumbList\",\"@id\":\"https:\\\/\\\/survivornet.ca\\\/fr\\\/apprenez\\\/centres-de-cancerologie\\\/saskatchewan\\\/#breadcrumb\",\"itemListElement\":[{\"@type\":\"ListItem\",\"position\":1,\"name\":\"Home\",\"item\":\"https:\\\/\\\/survivornet.ca\\\/fr\\\/\"},{\"@type\":\"ListItem\",\"position\":2,\"name\":\"Apprenez\",\"item\":\"https:\\\/\\\/survivornet.ca\\\/fr\\\/apprenez\\\/\"},{\"@type\":\"ListItem\",\"position\":3,\"name\":\"Centres de canc\u00e9rologie\",\"item\":\"https:\\\/\\\/survivornet.ca\\\/fr\\\/apprenez\\\/centres-de-cancerologie\\\/\"},{\"@type\":\"ListItem\",\"position\":4,\"name\":\"Saskatchewan\"}]},{\"@type\":\"WebSite\",\"@id\":\"https:\\\/\\\/survivornet.ca\\\/#website\",\"url\":\"https:\\\/\\\/survivornet.ca\\\/\",\"name\":\"Canadian Cancer Survivor Network\",\"description\":\"The Canadian Cancer Survivor Network was created by a group of Canadians concerned about cancer.\",\"publisher\":{\"@id\":\"https:\\\/\\\/survivornet.ca\\\/#organization\"},\"potentialAction\":[{\"@type\":\"SearchAction\",\"target\":{\"@type\":\"EntryPoint\",\"urlTemplate\":\"https:\\\/\\\/survivornet.ca\\\/?s={search_term_string}\"},\"query-input\":{\"@type\":\"PropertyValueSpecification\",\"valueRequired\":true,\"valueName\":\"search_term_string\"}}],\"inLanguage\":\"fr-FR\"},{\"@type\":\"Organization\",\"@id\":\"https:\\\/\\\/survivornet.ca\\\/#organization\",\"name\":\"Canadian Cancer Survivor Network\",\"url\":\"https:\\\/\\\/survivornet.ca\\\/\",\"logo\":{\"@type\":\"ImageObject\",\"inLanguage\":\"fr-FR\",\"@id\":\"https:\\\/\\\/survivornet.ca\\\/#\\\/schema\\\/logo\\\/image\\\/\",\"url\":\"http:\\\/\\\/survivornet.ca\\\/wp-content\\\/uploads\\\/2016\\\/12\\\/CCSN_Logo_EN_SQUARE.png\",\"contentUrl\":\"http:\\\/\\\/survivornet.ca\\\/wp-content\\\/uploads\\\/2016\\\/12\\\/CCSN_Logo_EN_SQUARE.png\",\"width\":1209,\"height\":1007,\"caption\":\"Canadian Cancer Survivor Network\"},\"image\":{\"@id\":\"https:\\\/\\\/survivornet.ca\\\/#\\\/schema\\\/logo\\\/image\\\/\"}}]}<\/script>\n<!-- \/ Yoast SEO plugin. -->","yoast_head_json":{"title":"Saskatchewan - Canadian Cancer Survivor Network","robots":{"index":"index","follow":"follow","max-snippet":"max-snippet:-1","max-image-preview":"max-image-preview:large","max-video-preview":"max-video-preview:-1"},"canonical":"https:\/\/survivornet.ca\/fr\/apprenez\/centres-de-cancerologie\/saskatchewan\/","og_locale":"fr_FR","og_type":"article","og_title":"Saskatchewan - Canadian Cancer Survivor Network","og_description":"Saskatchewan Cancer Agency L\u2019agence Saskatchewan Cancer Agency exploite deux centres de traitement: le Allan Blair Cancer Centre \u00e0 Regina et le Saskatoon Cancer Centre. Ces deux centres offrent des soins complets pour","og_url":"https:\/\/survivornet.ca\/fr\/apprenez\/centres-de-cancerologie\/saskatchewan\/","og_site_name":"Canadian Cancer Survivor Network","article_modified_time":"2017-06-14T13:37:34+00:00","twitter_card":"summary_large_image","twitter_misc":{"Dur\u00e9e de lecture estim\u00e9e":"1 minute"},"schema":{"@context":"https:\/\/schema.org","@graph":[{"@type":"WebPage","@id":"https:\/\/survivornet.ca\/fr\/apprenez\/centres-de-cancerologie\/saskatchewan\/","url":"https:\/\/survivornet.ca\/fr\/apprenez\/centres-de-cancerologie\/saskatchewan\/","name":"Saskatchewan - Canadian Cancer Survivor Network","isPartOf":{"@id":"https:\/\/survivornet.ca\/#website"},"datePublished":"2017-06-08T18:27:43+00:00","dateModified":"2017-06-14T13:37:34+00:00","breadcrumb":{"@id":"https:\/\/survivornet.ca\/fr\/apprenez\/centres-de-cancerologie\/saskatchewan\/#breadcrumb"},"inLanguage":"fr-FR","potentialAction":[{"@type":"ReadAction","target":["https:\/\/survivornet.ca\/fr\/apprenez\/centres-de-cancerologie\/saskatchewan\/"]}]},{"@type":"BreadcrumbList","@id":"https:\/\/survivornet.ca\/fr\/apprenez\/centres-de-cancerologie\/saskatchewan\/#breadcrumb","itemListElement":[{"@type":"ListItem","position":1,"name":"Home","item":"https:\/\/survivornet.ca\/fr\/"},{"@type":"ListItem","position":2,"name":"Apprenez","item":"https:\/\/survivornet.ca\/fr\/apprenez\/"},{"@type":"ListItem","position":3,"name":"Centres de canc\u00e9rologie","item":"https:\/\/survivornet.ca\/fr\/apprenez\/centres-de-cancerologie\/"},{"@type":"ListItem","position":4,"name":"Saskatchewan"}]},{"@type":"WebSite","@id":"https:\/\/survivornet.ca\/#website","url":"https:\/\/survivornet.ca\/","name":"Canadian Cancer Survivor Network","description":"The Canadian Cancer Survivor Network was created by a group of Canadians concerned about cancer.","publisher":{"@id":"https:\/\/survivornet.ca\/#organization"},"potentialAction":[{"@type":"SearchAction","target":{"@type":"EntryPoint","urlTemplate":"https:\/\/survivornet.ca\/?s={search_term_string}"},"query-input":{"@type":"PropertyValueSpecification","valueRequired":true,"valueName":"search_term_string"}}],"inLanguage":"fr-FR"},{"@type":"Organization","@id":"https:\/\/survivornet.ca\/#organization","name":"Canadian Cancer Survivor Network","url":"https:\/\/survivornet.ca\/","logo":{"@type":"ImageObject","inLanguage":"fr-FR","@id":"https:\/\/survivornet.ca\/#\/schema\/logo\/image\/","url":"http:\/\/survivornet.ca\/wp-content\/uploads\/2016\/12\/CCSN_Logo_EN_SQUARE.png","contentUrl":"http:\/\/survivornet.ca\/wp-content\/uploads\/2016\/12\/CCSN_Logo_EN_SQUARE.png","width":1209,"height":1007,"caption":"Canadian Cancer Survivor Network"},"image":{"@id":"https:\/\/survivornet.ca\/#\/schema\/logo\/image\/"}}]}},"_links":{"self":[{"href":"https:\/\/survivornet.ca\/fr\/wp-json\/wp\/v2\/pages\/5091","targetHints":{"allow":["GET"]}}],"collection":[{"href":"https:\/\/survivornet.ca\/fr\/wp-json\/wp\/v2\/pages"}],"about":[{"href":"https:\/\/survivornet.ca\/fr\/wp-json\/wp\/v2\/types\/page"}],"author":[{"embeddable":true,"href":"https:\/\/survivornet.ca\/fr\/wp-json\/wp\/v2\/users\/2"}],"replies":[{"embeddable":true,"href":"https:\/\/survivornet.ca\/fr\/wp-json\/wp\/v2\/comments?post=5091"}],"version-history":[{"count":0,"href":"https:\/\/survivornet.ca\/fr\/wp-json\/wp\/v2\/pages\/5091\/revisions"}],"up":[{"embeddable":true,"href":"https:\/\/survivornet.ca\/fr\/wp-json\/wp\/v2\/pages\/4506"}],"wp:attachment":[{"href":"https:\/\/survivornet.ca\/fr\/wp-json\/wp\/v2\/media?parent=5091"}],"curies":[{"name":"wp","href":"https:\/\/api.w.org\/{rel}","templated":true}]}}