{"id":5089,"date":"2017-06-08T18:26:55","date_gmt":"2017-06-08T18:26:55","guid":{"rendered":"https:\/\/survivornet.ca\/?page_id=5089\/"},"modified":"2019-07-09T12:59:59","modified_gmt":"2019-07-09T12:59:59","slug":"quebec","status":"publish","type":"page","link":"https:\/\/survivornet.ca\/fr\/apprenez\/centres-de-cancerologie\/quebec\/","title":{"rendered":"Qu\u00e9bec"},"content":{"rendered":"<p>Les centres de canc\u00e9rologie du Qu\u00e9bec offrent aux individus vivant avec le cancer l\u2019acc\u00e8s \u00e0 des services de soins complets, peu importe leur emplacement. Gr\u00e2ce \u00e0 un r\u00e9seau de centres de canc\u00e9rologie r\u00e9gionaux, de centres d&#8217;oncologie, de services communautaires pour le cancer et d&#8217;autres programmes, les qu\u00e9b\u00e9cois atteints par le cancer et les membres de leur famille on acc\u00e8s aux traitements appropri\u00e9s le plus pr\u00e8s possible de leur domicile.<\/p>\n<p>&nbsp;<\/p>\n<p>Centre Hospitalier de Gatineau<br \/>\nRadio-oncologie<br \/>\n909, boul. de la V\u00e9rendrye ouest, C.P. 2000<br \/>\nGatineau, PQ J8P 7H2<br \/>\nT\u00e9l.: (819) 561-8100<br \/>\nFax: (819) 561-8306<\/p>\n<p>&nbsp;<\/p>\n<p>Centre Hospitalier R\u00e9gional de Trois-Rivi\u00e8res<br \/>\nRadio-oncologie<br \/>\n731, rue Sainte-Julie<br \/>\nTrois-Rivi\u00e8res, PQ G9A 1Y1<br \/>\nT\u00e9l.: (819) 379-8112<br \/>\nFax: (819) 372-3581<\/p>\n<p>&nbsp;<\/p>\n<p>Centre Universitaire de Sant\u00e9 de l&#8217;Estrie<br \/>\nRadio-oncologie<br \/>\n3001, 12e avenue nord<br \/>\nSherbrooke, QC J1H 5N4<br \/>\nT\u00e9l.: (819) 346-1110 X 14659<br \/>\nFax: (819) 820-6445<\/p>\n<p>&nbsp;<\/p>\n<p>Centre Hospitalier Universitaire de Qu\u00e9bec<br \/>\nPavillon L&#8217;H\u00f4tel-Dieu de Qu\u00e9bec<br \/>\nRadio-oncologie<br \/>\n11, C\u00f4te du Palais<br \/>\nQu\u00e9bec, QC G1R 2J6<br \/>\nT\u00e9l.: (418) 691-5315<br \/>\nFax: (418) 691-5268<\/p>\n<p>&nbsp;<\/p>\n<p>Centre r\u00e9gional int\u00e9gr\u00e9 de Canc\u00e9rologie (CRIC)<br \/>\n101, rue Mont-Marie<br \/>\nL\u00e9vis, QC G6V 5C2<br \/>\nT\u00e9l.: (418) 830-7474<\/p>\n<p>&nbsp;<\/p>\n<p>H\u00f4pital de Chicoutimi<br \/>\nRadio-oncologie<br \/>\n305, rue St. Vallier<br \/>\nChicoutimi, QC G7H 5H6<br \/>\nT\u00e9l.: (418) 541-1234 x 2509<br \/>\nFax: (418) 541-1128<\/p>\n<p>&nbsp;<\/p>\n<p>H\u00f4pital Maisonneuve-Rosemont<br \/>\nRadio-oncologie<br \/>\n5414, boul. de l&#8217;Assomption<br \/>\nMontr\u00e9al, QC H1T 2M4<br \/>\nT\u00e9l.: (514) 252-3400 ext. 4071<br \/>\nFax: (514) 252-3556<\/p>\n<p>&nbsp;<\/p>\n<p>Centre Hospitalier de l&#8217;Universit\u00e9 de Montr\u00e9al<br \/>\nH\u00f4pital Notre-Dame<br \/>\nRadio-oncologie<br \/>\n1560, rue Sherbrooke est<br \/>\nMontr\u00e9al, QC H2L 4M1<br \/>\nT\u00e9l.: (514) 281-6000 ext. 7564<br \/>\nFax: (514) 896-4633<\/p>\n<p>&nbsp;<\/p>\n<p>Centre Hospitalier de l&#8217;Universit\u00e9 de Montr\u00e9al<br \/>\nPavillon-H\u00f4tel-Dieu de Montr\u00e9al<br \/>\nRadio-oncologie<br \/>\n3840, rue Saint-Urbain<br \/>\nMontr\u00e9al, PQ H2W 1T8<br \/>\nT\u00e9l.: (514) 843-2611 x 4594<br \/>\nFax: (514) 843-3065<\/p>\n<p>&nbsp;<\/p>\n<p>McGill University Health Centre<br \/>\nMedical Physics Unit<br \/>\n1650 Cedar Avenue<br \/>\nMontr\u00e9al, QC H3G 1A4<br \/>\nT\u00e9l.: (514) 934-8052<br \/>\nFax: (514) 934-8229<\/p>\n","protected":false},"excerpt":{"rendered":"<p>Les centres de canc\u00e9rologie du Qu\u00e9bec offrent aux individus vivant avec le cancer l\u2019acc\u00e8s \u00e0 des services de soins complets, peu importe leur emplacement. Gr\u00e2ce \u00e0 un r\u00e9seau de centres de canc\u00e9rologie<\/p>\n","protected":false},"author":2,"featured_media":0,"parent":4506,"menu_order":8,"comment_status":"closed","ping_status":"closed","template":"","meta":{"_acf_changed":false,"footnotes":""},"class_list":["post-5089","page","type-page","status-publish","hentry"],"acf":[],"yoast_head":"<!-- This site is optimized with the Yoast SEO plugin v27.1.1 - https:\/\/yoast.com\/product\/yoast-seo-wordpress\/ -->\n<title>Qu\u00e9bec - Canadian Cancer Survivor Network<\/title>\n<meta name=\"robots\" content=\"index, follow, max-snippet:-1, max-image-preview:large, max-video-preview:-1\" \/>\n<link rel=\"canonical\" href=\"https:\/\/survivornet.ca\/fr\/apprenez\/centres-de-cancerologie\/quebec\/\" \/>\n<meta property=\"og:locale\" content=\"fr_FR\" \/>\n<meta property=\"og:type\" content=\"article\" \/>\n<meta property=\"og:title\" content=\"Qu\u00e9bec - Canadian Cancer Survivor Network\" \/>\n<meta property=\"og:description\" content=\"Les centres de canc\u00e9rologie du Qu\u00e9bec offrent aux individus vivant avec le cancer l\u2019acc\u00e8s \u00e0 des services de soins complets, peu importe leur emplacement. Gr\u00e2ce \u00e0 un r\u00e9seau de centres de canc\u00e9rologie\" \/>\n<meta property=\"og:url\" content=\"https:\/\/survivornet.ca\/fr\/apprenez\/centres-de-cancerologie\/quebec\/\" \/>\n<meta property=\"og:site_name\" content=\"Canadian Cancer Survivor Network\" \/>\n<meta property=\"article:modified_time\" content=\"2019-07-09T12:59:59+00:00\" \/>\n<meta name=\"twitter:card\" content=\"summary_large_image\" \/>\n<meta name=\"twitter:label1\" content=\"Dur\u00e9e de lecture estim\u00e9e\" \/>\n\t<meta name=\"twitter:data1\" content=\"2 minutes\" \/>\n<script type=\"application\/ld+json\" class=\"yoast-schema-graph\">{\"@context\":\"https:\/\/schema.org\",\"@graph\":[{\"@type\":\"WebPage\",\"@id\":\"https:\/\/survivornet.ca\/fr\/apprenez\/centres-de-cancerologie\/quebec\/\",\"url\":\"https:\/\/survivornet.ca\/fr\/apprenez\/centres-de-cancerologie\/quebec\/\",\"name\":\"Qu\u00e9bec - Canadian Cancer Survivor Network\",\"isPartOf\":{\"@id\":\"https:\/\/survivornet.ca\/#website\"},\"datePublished\":\"2017-06-08T18:26:55+00:00\",\"dateModified\":\"2019-07-09T12:59:59+00:00\",\"breadcrumb\":{\"@id\":\"https:\/\/survivornet.ca\/fr\/apprenez\/centres-de-cancerologie\/quebec\/#breadcrumb\"},\"inLanguage\":\"fr-FR\",\"potentialAction\":[{\"@type\":\"ReadAction\",\"target\":[\"https:\/\/survivornet.ca\/fr\/apprenez\/centres-de-cancerologie\/quebec\/\"]}]},{\"@type\":\"BreadcrumbList\",\"@id\":\"https:\/\/survivornet.ca\/fr\/apprenez\/centres-de-cancerologie\/quebec\/#breadcrumb\",\"itemListElement\":[{\"@type\":\"ListItem\",\"position\":1,\"name\":\"Home\",\"item\":\"https:\/\/survivornet.ca\/fr\/\"},{\"@type\":\"ListItem\",\"position\":2,\"name\":\"Apprenez\",\"item\":\"https:\/\/survivornet.ca\/fr\/apprenez\/\"},{\"@type\":\"ListItem\",\"position\":3,\"name\":\"Centres de canc\u00e9rologie\",\"item\":\"https:\/\/survivornet.ca\/fr\/apprenez\/centres-de-cancerologie\/\"},{\"@type\":\"ListItem\",\"position\":4,\"name\":\"Qu\u00e9bec\"}]},{\"@type\":\"WebSite\",\"@id\":\"https:\/\/survivornet.ca\/#website\",\"url\":\"https:\/\/survivornet.ca\/\",\"name\":\"Canadian Cancer Survivor Network\",\"description\":\"The Canadian Cancer Survivor Network was created by a group of Canadians concerned about cancer.\",\"publisher\":{\"@id\":\"https:\/\/survivornet.ca\/#organization\"},\"potentialAction\":[{\"@type\":\"SearchAction\",\"target\":{\"@type\":\"EntryPoint\",\"urlTemplate\":\"https:\/\/survivornet.ca\/?s={search_term_string}\"},\"query-input\":{\"@type\":\"PropertyValueSpecification\",\"valueRequired\":true,\"valueName\":\"search_term_string\"}}],\"inLanguage\":\"fr-FR\"},{\"@type\":\"Organization\",\"@id\":\"https:\/\/survivornet.ca\/#organization\",\"name\":\"Canadian Cancer Survivor Network\",\"url\":\"https:\/\/survivornet.ca\/\",\"logo\":{\"@type\":\"ImageObject\",\"inLanguage\":\"fr-FR\",\"@id\":\"https:\/\/survivornet.ca\/#\/schema\/logo\/image\/\",\"url\":\"http:\/\/survivornet.ca\/wp-content\/uploads\/2016\/12\/CCSN_Logo_EN_SQUARE.png\",\"contentUrl\":\"http:\/\/survivornet.ca\/wp-content\/uploads\/2016\/12\/CCSN_Logo_EN_SQUARE.png\",\"width\":1209,\"height\":1007,\"caption\":\"Canadian Cancer Survivor Network\"},\"image\":{\"@id\":\"https:\/\/survivornet.ca\/#\/schema\/logo\/image\/\"}}]}<\/script>\n<!-- \/ Yoast SEO plugin. -->","yoast_head_json":{"title":"Qu\u00e9bec - Canadian Cancer Survivor Network","robots":{"index":"index","follow":"follow","max-snippet":"max-snippet:-1","max-image-preview":"max-image-preview:large","max-video-preview":"max-video-preview:-1"},"canonical":"https:\/\/survivornet.ca\/fr\/apprenez\/centres-de-cancerologie\/quebec\/","og_locale":"fr_FR","og_type":"article","og_title":"Qu\u00e9bec - Canadian Cancer Survivor Network","og_description":"Les centres de canc\u00e9rologie du Qu\u00e9bec offrent aux individus vivant avec le cancer l\u2019acc\u00e8s \u00e0 des services de soins complets, peu importe leur emplacement. Gr\u00e2ce \u00e0 un r\u00e9seau de centres de canc\u00e9rologie","og_url":"https:\/\/survivornet.ca\/fr\/apprenez\/centres-de-cancerologie\/quebec\/","og_site_name":"Canadian Cancer Survivor Network","article_modified_time":"2019-07-09T12:59:59+00:00","twitter_card":"summary_large_image","twitter_misc":{"Dur\u00e9e de lecture estim\u00e9e":"2 minutes"},"schema":{"@context":"https:\/\/schema.org","@graph":[{"@type":"WebPage","@id":"https:\/\/survivornet.ca\/fr\/apprenez\/centres-de-cancerologie\/quebec\/","url":"https:\/\/survivornet.ca\/fr\/apprenez\/centres-de-cancerologie\/quebec\/","name":"Qu\u00e9bec - Canadian Cancer Survivor Network","isPartOf":{"@id":"https:\/\/survivornet.ca\/#website"},"datePublished":"2017-06-08T18:26:55+00:00","dateModified":"2019-07-09T12:59:59+00:00","breadcrumb":{"@id":"https:\/\/survivornet.ca\/fr\/apprenez\/centres-de-cancerologie\/quebec\/#breadcrumb"},"inLanguage":"fr-FR","potentialAction":[{"@type":"ReadAction","target":["https:\/\/survivornet.ca\/fr\/apprenez\/centres-de-cancerologie\/quebec\/"]}]},{"@type":"BreadcrumbList","@id":"https:\/\/survivornet.ca\/fr\/apprenez\/centres-de-cancerologie\/quebec\/#breadcrumb","itemListElement":[{"@type":"ListItem","position":1,"name":"Home","item":"https:\/\/survivornet.ca\/fr\/"},{"@type":"ListItem","position":2,"name":"Apprenez","item":"https:\/\/survivornet.ca\/fr\/apprenez\/"},{"@type":"ListItem","position":3,"name":"Centres de canc\u00e9rologie","item":"https:\/\/survivornet.ca\/fr\/apprenez\/centres-de-cancerologie\/"},{"@type":"ListItem","position":4,"name":"Qu\u00e9bec"}]},{"@type":"WebSite","@id":"https:\/\/survivornet.ca\/#website","url":"https:\/\/survivornet.ca\/","name":"Canadian Cancer Survivor Network","description":"The Canadian Cancer Survivor Network was created by a group of Canadians concerned about cancer.","publisher":{"@id":"https:\/\/survivornet.ca\/#organization"},"potentialAction":[{"@type":"SearchAction","target":{"@type":"EntryPoint","urlTemplate":"https:\/\/survivornet.ca\/?s={search_term_string}"},"query-input":{"@type":"PropertyValueSpecification","valueRequired":true,"valueName":"search_term_string"}}],"inLanguage":"fr-FR"},{"@type":"Organization","@id":"https:\/\/survivornet.ca\/#organization","name":"Canadian Cancer Survivor Network","url":"https:\/\/survivornet.ca\/","logo":{"@type":"ImageObject","inLanguage":"fr-FR","@id":"https:\/\/survivornet.ca\/#\/schema\/logo\/image\/","url":"http:\/\/survivornet.ca\/wp-content\/uploads\/2016\/12\/CCSN_Logo_EN_SQUARE.png","contentUrl":"http:\/\/survivornet.ca\/wp-content\/uploads\/2016\/12\/CCSN_Logo_EN_SQUARE.png","width":1209,"height":1007,"caption":"Canadian Cancer Survivor Network"},"image":{"@id":"https:\/\/survivornet.ca\/#\/schema\/logo\/image\/"}}]}},"_links":{"self":[{"href":"https:\/\/survivornet.ca\/fr\/wp-json\/wp\/v2\/pages\/5089","targetHints":{"allow":["GET"]}}],"collection":[{"href":"https:\/\/survivornet.ca\/fr\/wp-json\/wp\/v2\/pages"}],"about":[{"href":"https:\/\/survivornet.ca\/fr\/wp-json\/wp\/v2\/types\/page"}],"author":[{"embeddable":true,"href":"https:\/\/survivornet.ca\/fr\/wp-json\/wp\/v2\/users\/2"}],"replies":[{"embeddable":true,"href":"https:\/\/survivornet.ca\/fr\/wp-json\/wp\/v2\/comments?post=5089"}],"version-history":[{"count":0,"href":"https:\/\/survivornet.ca\/fr\/wp-json\/wp\/v2\/pages\/5089\/revisions"}],"up":[{"embeddable":true,"href":"https:\/\/survivornet.ca\/fr\/wp-json\/wp\/v2\/pages\/4506"}],"wp:attachment":[{"href":"https:\/\/survivornet.ca\/fr\/wp-json\/wp\/v2\/media?parent=5089"}],"curies":[{"name":"wp","href":"https:\/\/api.w.org\/{rel}","templated":true}]}}