{"id":5083,"date":"2017-06-08T18:23:10","date_gmt":"2017-06-08T18:23:10","guid":{"rendered":"https:\/\/survivornet.ca\/?page_id=5083\/"},"modified":"2017-06-16T14:25:09","modified_gmt":"2017-06-16T14:25:09","slug":"nouvelle-ecosse","status":"publish","type":"page","link":"https:\/\/survivornet.ca\/fr\/apprenez\/centres-de-cancerologie\/nouvelle-ecosse\/","title":{"rendered":"Nouvelle-\u00c9cosse"},"content":{"rendered":"<p><a href=\"http:\/\/www.cancercare.ns.ca\/en\/home\/default.aspx\" target=\"_blank\" rel=\"noopener noreferrer\">Cancer Care Nova Scotia<\/a><\/p>\n<p>Il y a deux centres de canc\u00e9rologie principaux en Nouvelle-\u00c9cosse qui offrent des soins et un soutien complets pour l\u2019ensemble de la province. Ces deux centres de soins re\u00e7oivent le support d\u2019autres cliniques r\u00e9gionales qui visent \u00e0 offrir aux individus ayant un diagnostic de cancer des soins plus pr\u00e8s de chez eux. Il se peut par contre que les ressources disponibles dans les plus petits centres r\u00e9gionaux ne soient pas ad\u00e9quates pour tous les cas de cancer et que certains individus soient r\u00e9f\u00e9r\u00e9s \u00e0 l&#8217;un des centres de canc\u00e9rologie principaux.<\/p>\n<p>&nbsp;<\/p>\n<p><a href=\"http:\/\/www.cdha.nshealth.ca\/cancer-centre\" target=\"_blank\" rel=\"noopener noreferrer\">Nova Scotia Cancer Centre<\/a><\/p>\n<p>QEII Health Sciences Centre<br \/>\n5820 University Avenue<br \/>\nHalifax, NS B3H 1V9<br \/>\nT\u00e9l.: (902) 473-6017<br \/>\nFax: (902) 473-6120<br \/>\nContact: M. Jason Schella<br \/>\n<a href=\"mailto:jason.schella@cdha.nshealth.ca\" target=\"_blank\" rel=\"noopener noreferrer\">jason.schella@cdha.nshealth.ca<\/a><\/p>\n<p>&nbsp;<\/p>\n<p><a href=\"http:\/\/www.cbdha.nshealth.ca\/ic2\/intranet\/Site\/view.cfm?siteID=5033\" target=\"_blank\" rel=\"noopener noreferrer\">Cape Breton Cancer Centre<\/a><br \/>\nCape Breton Health Care Complex<br \/>\n1482 George Street<br \/>\nSydney, NS B1P 1P3<br \/>\nT\u00e9l.: (902) 567-8073<br \/>\nFax: (902) 567-8075<br \/>\nContact: M. John Grant<br \/>\n<a href=\"mailto:grantj@cbdha.nshealth.ca\" target=\"_blank\" rel=\"noopener noreferrer\">grantj@cbdha.nshealth.ca<\/a><\/p>\n","protected":false},"excerpt":{"rendered":"<p>Cancer Care Nova Scotia Il y a deux centres de canc\u00e9rologie principaux en Nouvelle-\u00c9cosse qui offrent des soins et un soutien complets pour l\u2019ensemble de la province. Ces deux centres de soins<\/p>\n","protected":false},"author":2,"featured_media":0,"parent":4506,"menu_order":5,"comment_status":"closed","ping_status":"closed","template":"","meta":{"_acf_changed":false,"footnotes":""},"class_list":["post-5083","page","type-page","status-publish","hentry"],"acf":[],"yoast_head":"<!-- This site is optimized with the Yoast SEO plugin v27.4 - https:\/\/yoast.com\/product\/yoast-seo-wordpress\/ -->\n<title>Nouvelle-\u00c9cosse - Canadian Cancer Survivor Network<\/title>\n<meta name=\"robots\" content=\"index, follow, max-snippet:-1, max-image-preview:large, max-video-preview:-1\" \/>\n<link rel=\"canonical\" href=\"https:\/\/survivornet.ca\/fr\/apprenez\/centres-de-cancerologie\/nouvelle-ecosse\/\" \/>\n<meta property=\"og:locale\" content=\"fr_FR\" \/>\n<meta property=\"og:type\" content=\"article\" \/>\n<meta property=\"og:title\" content=\"Nouvelle-\u00c9cosse - Canadian Cancer Survivor Network\" \/>\n<meta property=\"og:description\" content=\"Cancer Care Nova Scotia Il y a deux centres de canc\u00e9rologie principaux en Nouvelle-\u00c9cosse qui offrent des soins et un soutien complets pour l\u2019ensemble de la province. Ces deux centres de soins\" \/>\n<meta property=\"og:url\" content=\"https:\/\/survivornet.ca\/fr\/apprenez\/centres-de-cancerologie\/nouvelle-ecosse\/\" \/>\n<meta property=\"og:site_name\" content=\"Canadian Cancer Survivor Network\" \/>\n<meta property=\"article:modified_time\" content=\"2017-06-16T14:25:09+00:00\" \/>\n<meta name=\"twitter:card\" content=\"summary_large_image\" \/>\n<meta name=\"twitter:label1\" content=\"Dur\u00e9e de lecture estim\u00e9e\" \/>\n\t<meta name=\"twitter:data1\" content=\"1 minute\" \/>\n<script type=\"application\/ld+json\" class=\"yoast-schema-graph\">{\"@context\":\"https:\\\/\\\/schema.org\",\"@graph\":[{\"@type\":\"WebPage\",\"@id\":\"https:\\\/\\\/survivornet.ca\\\/fr\\\/apprenez\\\/centres-de-cancerologie\\\/nouvelle-ecosse\\\/\",\"url\":\"https:\\\/\\\/survivornet.ca\\\/fr\\\/apprenez\\\/centres-de-cancerologie\\\/nouvelle-ecosse\\\/\",\"name\":\"Nouvelle-\u00c9cosse - Canadian Cancer Survivor Network\",\"isPartOf\":{\"@id\":\"https:\\\/\\\/survivornet.ca\\\/#website\"},\"datePublished\":\"2017-06-08T18:23:10+00:00\",\"dateModified\":\"2017-06-16T14:25:09+00:00\",\"breadcrumb\":{\"@id\":\"https:\\\/\\\/survivornet.ca\\\/fr\\\/apprenez\\\/centres-de-cancerologie\\\/nouvelle-ecosse\\\/#breadcrumb\"},\"inLanguage\":\"fr-FR\",\"potentialAction\":[{\"@type\":\"ReadAction\",\"target\":[\"https:\\\/\\\/survivornet.ca\\\/fr\\\/apprenez\\\/centres-de-cancerologie\\\/nouvelle-ecosse\\\/\"]}]},{\"@type\":\"BreadcrumbList\",\"@id\":\"https:\\\/\\\/survivornet.ca\\\/fr\\\/apprenez\\\/centres-de-cancerologie\\\/nouvelle-ecosse\\\/#breadcrumb\",\"itemListElement\":[{\"@type\":\"ListItem\",\"position\":1,\"name\":\"Home\",\"item\":\"https:\\\/\\\/survivornet.ca\\\/fr\\\/\"},{\"@type\":\"ListItem\",\"position\":2,\"name\":\"Apprenez\",\"item\":\"https:\\\/\\\/survivornet.ca\\\/fr\\\/apprenez\\\/\"},{\"@type\":\"ListItem\",\"position\":3,\"name\":\"Centres de canc\u00e9rologie\",\"item\":\"https:\\\/\\\/survivornet.ca\\\/fr\\\/apprenez\\\/centres-de-cancerologie\\\/\"},{\"@type\":\"ListItem\",\"position\":4,\"name\":\"Nouvelle-\u00c9cosse\"}]},{\"@type\":\"WebSite\",\"@id\":\"https:\\\/\\\/survivornet.ca\\\/#website\",\"url\":\"https:\\\/\\\/survivornet.ca\\\/\",\"name\":\"Canadian Cancer Survivor Network\",\"description\":\"The Canadian Cancer Survivor Network was created by a group of Canadians concerned about cancer.\",\"publisher\":{\"@id\":\"https:\\\/\\\/survivornet.ca\\\/#organization\"},\"potentialAction\":[{\"@type\":\"SearchAction\",\"target\":{\"@type\":\"EntryPoint\",\"urlTemplate\":\"https:\\\/\\\/survivornet.ca\\\/?s={search_term_string}\"},\"query-input\":{\"@type\":\"PropertyValueSpecification\",\"valueRequired\":true,\"valueName\":\"search_term_string\"}}],\"inLanguage\":\"fr-FR\"},{\"@type\":\"Organization\",\"@id\":\"https:\\\/\\\/survivornet.ca\\\/#organization\",\"name\":\"Canadian Cancer Survivor Network\",\"url\":\"https:\\\/\\\/survivornet.ca\\\/\",\"logo\":{\"@type\":\"ImageObject\",\"inLanguage\":\"fr-FR\",\"@id\":\"https:\\\/\\\/survivornet.ca\\\/#\\\/schema\\\/logo\\\/image\\\/\",\"url\":\"http:\\\/\\\/survivornet.ca\\\/wp-content\\\/uploads\\\/2016\\\/12\\\/CCSN_Logo_EN_SQUARE.png\",\"contentUrl\":\"http:\\\/\\\/survivornet.ca\\\/wp-content\\\/uploads\\\/2016\\\/12\\\/CCSN_Logo_EN_SQUARE.png\",\"width\":1209,\"height\":1007,\"caption\":\"Canadian Cancer Survivor Network\"},\"image\":{\"@id\":\"https:\\\/\\\/survivornet.ca\\\/#\\\/schema\\\/logo\\\/image\\\/\"}}]}<\/script>\n<!-- \/ Yoast SEO plugin. -->","yoast_head_json":{"title":"Nouvelle-\u00c9cosse - Canadian Cancer Survivor Network","robots":{"index":"index","follow":"follow","max-snippet":"max-snippet:-1","max-image-preview":"max-image-preview:large","max-video-preview":"max-video-preview:-1"},"canonical":"https:\/\/survivornet.ca\/fr\/apprenez\/centres-de-cancerologie\/nouvelle-ecosse\/","og_locale":"fr_FR","og_type":"article","og_title":"Nouvelle-\u00c9cosse - Canadian Cancer Survivor Network","og_description":"Cancer Care Nova Scotia Il y a deux centres de canc\u00e9rologie principaux en Nouvelle-\u00c9cosse qui offrent des soins et un soutien complets pour l\u2019ensemble de la province. Ces deux centres de soins","og_url":"https:\/\/survivornet.ca\/fr\/apprenez\/centres-de-cancerologie\/nouvelle-ecosse\/","og_site_name":"Canadian Cancer Survivor Network","article_modified_time":"2017-06-16T14:25:09+00:00","twitter_card":"summary_large_image","twitter_misc":{"Dur\u00e9e de lecture estim\u00e9e":"1 minute"},"schema":{"@context":"https:\/\/schema.org","@graph":[{"@type":"WebPage","@id":"https:\/\/survivornet.ca\/fr\/apprenez\/centres-de-cancerologie\/nouvelle-ecosse\/","url":"https:\/\/survivornet.ca\/fr\/apprenez\/centres-de-cancerologie\/nouvelle-ecosse\/","name":"Nouvelle-\u00c9cosse - Canadian Cancer Survivor Network","isPartOf":{"@id":"https:\/\/survivornet.ca\/#website"},"datePublished":"2017-06-08T18:23:10+00:00","dateModified":"2017-06-16T14:25:09+00:00","breadcrumb":{"@id":"https:\/\/survivornet.ca\/fr\/apprenez\/centres-de-cancerologie\/nouvelle-ecosse\/#breadcrumb"},"inLanguage":"fr-FR","potentialAction":[{"@type":"ReadAction","target":["https:\/\/survivornet.ca\/fr\/apprenez\/centres-de-cancerologie\/nouvelle-ecosse\/"]}]},{"@type":"BreadcrumbList","@id":"https:\/\/survivornet.ca\/fr\/apprenez\/centres-de-cancerologie\/nouvelle-ecosse\/#breadcrumb","itemListElement":[{"@type":"ListItem","position":1,"name":"Home","item":"https:\/\/survivornet.ca\/fr\/"},{"@type":"ListItem","position":2,"name":"Apprenez","item":"https:\/\/survivornet.ca\/fr\/apprenez\/"},{"@type":"ListItem","position":3,"name":"Centres de canc\u00e9rologie","item":"https:\/\/survivornet.ca\/fr\/apprenez\/centres-de-cancerologie\/"},{"@type":"ListItem","position":4,"name":"Nouvelle-\u00c9cosse"}]},{"@type":"WebSite","@id":"https:\/\/survivornet.ca\/#website","url":"https:\/\/survivornet.ca\/","name":"Canadian Cancer Survivor Network","description":"The Canadian Cancer Survivor Network was created by a group of Canadians concerned about cancer.","publisher":{"@id":"https:\/\/survivornet.ca\/#organization"},"potentialAction":[{"@type":"SearchAction","target":{"@type":"EntryPoint","urlTemplate":"https:\/\/survivornet.ca\/?s={search_term_string}"},"query-input":{"@type":"PropertyValueSpecification","valueRequired":true,"valueName":"search_term_string"}}],"inLanguage":"fr-FR"},{"@type":"Organization","@id":"https:\/\/survivornet.ca\/#organization","name":"Canadian Cancer Survivor Network","url":"https:\/\/survivornet.ca\/","logo":{"@type":"ImageObject","inLanguage":"fr-FR","@id":"https:\/\/survivornet.ca\/#\/schema\/logo\/image\/","url":"http:\/\/survivornet.ca\/wp-content\/uploads\/2016\/12\/CCSN_Logo_EN_SQUARE.png","contentUrl":"http:\/\/survivornet.ca\/wp-content\/uploads\/2016\/12\/CCSN_Logo_EN_SQUARE.png","width":1209,"height":1007,"caption":"Canadian Cancer Survivor Network"},"image":{"@id":"https:\/\/survivornet.ca\/#\/schema\/logo\/image\/"}}]}},"_links":{"self":[{"href":"https:\/\/survivornet.ca\/fr\/wp-json\/wp\/v2\/pages\/5083","targetHints":{"allow":["GET"]}}],"collection":[{"href":"https:\/\/survivornet.ca\/fr\/wp-json\/wp\/v2\/pages"}],"about":[{"href":"https:\/\/survivornet.ca\/fr\/wp-json\/wp\/v2\/types\/page"}],"author":[{"embeddable":true,"href":"https:\/\/survivornet.ca\/fr\/wp-json\/wp\/v2\/users\/2"}],"replies":[{"embeddable":true,"href":"https:\/\/survivornet.ca\/fr\/wp-json\/wp\/v2\/comments?post=5083"}],"version-history":[{"count":0,"href":"https:\/\/survivornet.ca\/fr\/wp-json\/wp\/v2\/pages\/5083\/revisions"}],"up":[{"embeddable":true,"href":"https:\/\/survivornet.ca\/fr\/wp-json\/wp\/v2\/pages\/4506"}],"wp:attachment":[{"href":"https:\/\/survivornet.ca\/fr\/wp-json\/wp\/v2\/media?parent=5083"}],"curies":[{"name":"wp","href":"https:\/\/api.w.org\/{rel}","templated":true}]}}