{"id":5062,"date":"2017-06-08T15:58:29","date_gmt":"2017-06-08T15:58:29","guid":{"rendered":"https:\/\/survivornet.ca\/?page_id=5062\/"},"modified":"2017-06-14T13:29:43","modified_gmt":"2017-06-14T13:29:43","slug":"alberta","status":"publish","type":"page","link":"https:\/\/survivornet.ca\/fr\/apprenez\/centres-de-cancerologie\/alberta\/","title":{"rendered":"Alberta"},"content":{"rendered":"<p><strong>Centres de canc\u00e9rologie<\/strong><\/p>\n<p>L&#8217;Alberta compte deux principaux centres de canc\u00e9rologie qui agissent comme des autorit\u00e9s sur les soins pour le cancer. Les centres de canc\u00e9rologie offrent des services hospitaliers et \u00e0 la maison pour les individus atteints par le cancer. Ces soins visent aussi \u00e0 soutenir l&#8217;\u00e9ducation portant sur la nutrition, une s\u00e9rie sur comment vivre avec le cancer et comment travailler avec les femmes pour les aider \u00e0 prendre leur situation en main. Les centres de canc\u00e9rologie de l\u2019Alberta offrent une formation aux m\u00e9decins, aux infirmi\u00e8res et aux pharmaciens afin que ceux-ci soient certifi\u00e9s, et ces professionnels sont alors en mesure de se d\u00e9placer pour offrir leur aide aux centres de canc\u00e9rologie associ\u00e9s.<\/p>\n<p>Ces centres sont reconnus dans le monde gr\u00e2ce au travail qu&#8217;ils ont accompli \u00e0 travers leur \u00a0recherche contre le cancer. Financ\u00e9s par la fondation <em>Alberta Cancer Foundation<\/em>, les deux centres effectuent de la recherche avec comme but principal l\u2019avancement de la technologie et des soins reli\u00e9s au cancer. En 2011, l\u2019institut <em>Cross Cancer Institute<\/em> a invent\u00e9 une nouvelle technologie m\u00e9dicale pouvant traiter plus efficacement les personnes atteintes du cancer de l&#8217;abdomen.<\/p>\n<p>Cross Cancer Institute<br \/>\n11560 University Avenue<br \/>\nEdmonton, AB T6G 1Z2<br \/>\nT\u00e9l.: (780) 432-8500<br \/>\nFax: (780) 432-8357<\/p>\n<p><a href=\"http:\/\/www.ucalgary.ca\/sacri\/node\/99\" target=\"_blank\" rel=\"noopener noreferrer\">Tom Baker Cancer Centre<\/a><br \/>\n1331 29 Street NW<br \/>\nCalgary, AB T2N 4N2<br \/>\nT\u00e9l.: (403) 521-3433<br \/>\nFax: (403) 521-3433<\/p>\n<p><strong>Centres de canc\u00e9rologie associ\u00e9s<\/strong><\/p>\n<p>Les centres de canc\u00e9rologie associ\u00e9s offrent une gamme de traitements et d\u2019options quant aux soins pour les gens vivant avec le cancer dans leur communaut\u00e9 d&#8217;origine, comprenant la chimioth\u00e9rapie ambulatoire, l&#8217;\u00e9ducation et un service de soutien. Ils re\u00e7oivent tous les individus qui on le cancer et peuvent orienter ceux-ci vers un centre d&#8217;oncologie communautaire \u00e9tant plus pr\u00e8s de leur domicile principal au besoin.<\/p>\n<p>L&#8217;objectif des centres de canc\u00e9rologie associ\u00e9s est d\u2019offrir la m\u00eame qualit\u00e9 de soins contre le cancer et de soutien aux individus dans leurs communaut\u00e9s d&#8217;origine qu\u2019ils recevraient au <em>Cross Cancer Institute<\/em> ou <em>Tom Baker Cancer Centre.<\/em><\/p>\n<p>Grande Prairie Cancer Centre<br \/>\n10409 98 Street<br \/>\nGrande Prairie, AB T8V 2E8<br \/>\nT\u00e9l.: 780-538-7588<\/p>\n<p>Jack Ady Cancer Centre<br \/>\n960 19 Street<br \/>\nLethbridge, AB T1J 1W5<br \/>\nT\u00e9l.: 403-329-0633<\/p>\n<p>Central Alberta Cancer Centre<br \/>\n3942 50A Avenue<br \/>\nP.O. Bag 5030<br \/>\nRed Deer, AB T4N 4E7<br \/>\nT\u00e9l.: 403-343-4526<\/p>\n<p>Medicine Hat Cancer Clinic<br \/>\n666 &#8211; 5th Street SW<br \/>\nMedicine Hat, AB T1A 4H6<br \/>\nT\u00e9l.: 403-529-8817<\/p>\n<p><strong>Centres de canc\u00e9rologie communautaires<\/strong><\/p>\n<p>Les centres de canc\u00e9rologie communautaires sont situ\u00e9s \u00e0 m\u00eame les h\u00f4pitaux locaux et les centres de sant\u00e9 r\u00e9gionaux. Ils offrent une gamme de traitements et d\u2019options de soins \u00e0 proximit\u00e9 gens atteints par le cancer, y compris la chimioth\u00e9rapie ambulatoire, l&#8217;\u00e9ducation et le soutien.<\/p>\n<p><a href=\"http:\/\/www.albertahealthservices.ca\/info\/facility.aspx?id=1052507\" target=\"_blank\" rel=\"noopener noreferrer\">Barrhead Community Cancer Centre<\/a><br \/>\nBarrhead Healthcare Centre<br \/>\n4815 51 Avenue<br \/>\nBarrhead, AB T7N 1M1<br \/>\nT\u00e9l.: 780-674-2231<\/p>\n<p><a href=\"http:\/\/www.albertahealthservices.ca\/info\/facility.aspx?id=1052508\" target=\"_blank\" rel=\"noopener noreferrer\">Bonnyville Community Cancer Centre<\/a><br \/>\nBonnyville Health Centre<br \/>\n5001 Lakeshore Drive<br \/>\nBonnyville, AB<br \/>\nT\u00e9l.: 780-826-3346<\/p>\n<p><a href=\"http:\/\/www.albertahealthservices.ca\/info\/facility.aspx?id=1052502\" target=\"_blank\" rel=\"noopener noreferrer\">Bow Valley Community Cancer Centre<\/a><br \/>\nCanmore General Hospital<br \/>\n1100 Hospital Place<br \/>\nCanmore, AB T1W 1N1<br \/>\nT\u00e9l.: 403-678-7226<\/p>\n<p><a href=\"http:\/\/www.albertahealthservices.ca\/info\/facility.aspx?id=1052504\" target=\"_blank\" rel=\"noopener noreferrer\">Camrose Community Cancer Centre<\/a><br \/>\nSt. Mary&#8217;s Hospital<br \/>\n4607 53 Street<br \/>\nCamrose, AB\u00a0T4V 1Y5<br \/>\nT\u00e9l.: 780-679-6100<\/p>\n<p><a href=\"http:\/\/www.albertahealthservices.ca\/info\/facility.aspx?id=1052505&amp;service=1025354\" target=\"_blank\" rel=\"noopener noreferrer\">Drayton Valley Community Cancer Centre<\/a><br \/>\nDrayton Valley Hospital and Health Centre<br \/>\n4550 Madsen Avenue<br \/>\nDrayton Valley, AB T7A 1N8<br \/>\nT\u00e9l.: 780-542-5321<\/p>\n<p><a href=\"http:\/\/albertacancer.ca\/community-cancer-centres\" target=\"_blank\" rel=\"noopener noreferrer\">Drumheller Community Cancer Centre<\/a><br \/>\nDrumheller District Health Services<br \/>\n351 9 Street NW<br \/>\nDrumheller, AB\u00a0T0J 0Y1<br \/>\nT\u00e9l.: 403-823-6500<\/p>\n<p><a href=\"http:\/\/www.albertahealthservices.ca\/info\/facility.aspx?id=1052503\" target=\"_blank\" rel=\"noopener noreferrer\">High River Community Cancer Centre<\/a><br \/>\nHigh River General Auxiliary Hospital<br \/>\n560 9 Avenue West<br \/>\nHigh River, AB<br \/>\nT\u00e9l.: 403-652-2200<\/p>\n<p><a href=\"http:\/\/www.albertahealthservices.ca\/info\/facility.aspx?id=1052511\" target=\"_blank\" rel=\"noopener noreferrer\">Hinton Community Cancer Centre<\/a><br \/>\nHinton General Hospital<br \/>\n1280 Switzer Drive<br \/>\nHinton, AB\u00a0T7V 1V2<br \/>\nT\u00e9l.: 780-865-3333<\/p>\n<p><a href=\"http:\/\/www.albertahealthservices.ca\/info\/facility.aspx?id=1052513\" target=\"_blank\" rel=\"noopener noreferrer\">Lloydminster Community Cancer Centre<\/a><br \/>\nLloydminster Hospital<br \/>\n3820 43 Avenue<br \/>\nLloydminster, AB<br \/>\nT\u00e9l.: 306-820-6130<\/p>\n<p><a href=\"http:\/\/www.albertahealthservices.ca\/info\/facility.aspx?id=1052509\" target=\"_blank\" rel=\"noopener noreferrer\">Fort McMurray Community Cancer Centre<\/a><br \/>\nNorthern Lights Regional Health Centre<br \/>\n7 Hospital Street<br \/>\nFort McMurray, AB\u00a0T9H 1P2<br \/>\nT\u00e9l.: 780-791-6161<\/p>\n<p><a href=\"http:\/\/www.albertahealthservices.ca\/info\/facility.aspx?id=1052512\" target=\"_blank\" rel=\"noopener noreferrer\">Peace River Community Cancer Centre<\/a><br \/>\nPeace River Community Health Centre<br \/>\n10915 99 Street<br \/>\nPeace River, AB<br \/>\nT\u00e9l.: 780-624-7593<\/p>\n","protected":false},"excerpt":{"rendered":"<p>Centres de canc\u00e9rologie L&#8217;Alberta compte deux principaux centres de canc\u00e9rologie qui agissent comme des autorit\u00e9s sur les soins pour le cancer. Les centres de canc\u00e9rologie offrent des services hospitaliers et \u00e0 la<\/p>\n","protected":false},"author":2,"featured_media":0,"parent":4506,"menu_order":0,"comment_status":"closed","ping_status":"closed","template":"","meta":{"_acf_changed":false,"footnotes":""},"class_list":["post-5062","page","type-page","status-publish","hentry"],"acf":[],"yoast_head":"<!-- This site is optimized with the Yoast SEO plugin v27.4 - https:\/\/yoast.com\/product\/yoast-seo-wordpress\/ -->\n<title>Alberta - Canadian Cancer Survivor Network<\/title>\n<meta name=\"robots\" content=\"index, follow, max-snippet:-1, max-image-preview:large, max-video-preview:-1\" \/>\n<link rel=\"canonical\" href=\"https:\/\/survivornet.ca\/fr\/apprenez\/centres-de-cancerologie\/alberta\/\" \/>\n<meta property=\"og:locale\" content=\"fr_FR\" \/>\n<meta property=\"og:type\" content=\"article\" \/>\n<meta property=\"og:title\" content=\"Alberta - Canadian Cancer Survivor Network\" \/>\n<meta property=\"og:description\" content=\"Centres de canc\u00e9rologie L&#8217;Alberta compte deux principaux centres de canc\u00e9rologie qui agissent comme des autorit\u00e9s sur les soins pour le cancer. Les centres de canc\u00e9rologie offrent des services hospitaliers et \u00e0 la\" \/>\n<meta property=\"og:url\" content=\"https:\/\/survivornet.ca\/fr\/apprenez\/centres-de-cancerologie\/alberta\/\" \/>\n<meta property=\"og:site_name\" content=\"Canadian Cancer Survivor Network\" \/>\n<meta property=\"article:modified_time\" content=\"2017-06-14T13:29:43+00:00\" \/>\n<meta name=\"twitter:card\" content=\"summary_large_image\" \/>\n<meta name=\"twitter:label1\" content=\"Dur\u00e9e de lecture estim\u00e9e\" \/>\n\t<meta name=\"twitter:data1\" content=\"3 minutes\" \/>\n<script type=\"application\/ld+json\" class=\"yoast-schema-graph\">{\"@context\":\"https:\\\/\\\/schema.org\",\"@graph\":[{\"@type\":\"WebPage\",\"@id\":\"https:\\\/\\\/survivornet.ca\\\/fr\\\/apprenez\\\/centres-de-cancerologie\\\/alberta\\\/\",\"url\":\"https:\\\/\\\/survivornet.ca\\\/fr\\\/apprenez\\\/centres-de-cancerologie\\\/alberta\\\/\",\"name\":\"Alberta - Canadian Cancer Survivor Network\",\"isPartOf\":{\"@id\":\"https:\\\/\\\/survivornet.ca\\\/#website\"},\"datePublished\":\"2017-06-08T15:58:29+00:00\",\"dateModified\":\"2017-06-14T13:29:43+00:00\",\"breadcrumb\":{\"@id\":\"https:\\\/\\\/survivornet.ca\\\/fr\\\/apprenez\\\/centres-de-cancerologie\\\/alberta\\\/#breadcrumb\"},\"inLanguage\":\"fr-FR\",\"potentialAction\":[{\"@type\":\"ReadAction\",\"target\":[\"https:\\\/\\\/survivornet.ca\\\/fr\\\/apprenez\\\/centres-de-cancerologie\\\/alberta\\\/\"]}]},{\"@type\":\"BreadcrumbList\",\"@id\":\"https:\\\/\\\/survivornet.ca\\\/fr\\\/apprenez\\\/centres-de-cancerologie\\\/alberta\\\/#breadcrumb\",\"itemListElement\":[{\"@type\":\"ListItem\",\"position\":1,\"name\":\"Home\",\"item\":\"https:\\\/\\\/survivornet.ca\\\/fr\\\/\"},{\"@type\":\"ListItem\",\"position\":2,\"name\":\"Apprenez\",\"item\":\"https:\\\/\\\/survivornet.ca\\\/fr\\\/apprenez\\\/\"},{\"@type\":\"ListItem\",\"position\":3,\"name\":\"Centres de canc\u00e9rologie\",\"item\":\"https:\\\/\\\/survivornet.ca\\\/fr\\\/apprenez\\\/centres-de-cancerologie\\\/\"},{\"@type\":\"ListItem\",\"position\":4,\"name\":\"Alberta\"}]},{\"@type\":\"WebSite\",\"@id\":\"https:\\\/\\\/survivornet.ca\\\/#website\",\"url\":\"https:\\\/\\\/survivornet.ca\\\/\",\"name\":\"Canadian Cancer Survivor Network\",\"description\":\"The Canadian Cancer Survivor Network was created by a group of Canadians concerned about cancer.\",\"publisher\":{\"@id\":\"https:\\\/\\\/survivornet.ca\\\/#organization\"},\"potentialAction\":[{\"@type\":\"SearchAction\",\"target\":{\"@type\":\"EntryPoint\",\"urlTemplate\":\"https:\\\/\\\/survivornet.ca\\\/?s={search_term_string}\"},\"query-input\":{\"@type\":\"PropertyValueSpecification\",\"valueRequired\":true,\"valueName\":\"search_term_string\"}}],\"inLanguage\":\"fr-FR\"},{\"@type\":\"Organization\",\"@id\":\"https:\\\/\\\/survivornet.ca\\\/#organization\",\"name\":\"Canadian Cancer Survivor Network\",\"url\":\"https:\\\/\\\/survivornet.ca\\\/\",\"logo\":{\"@type\":\"ImageObject\",\"inLanguage\":\"fr-FR\",\"@id\":\"https:\\\/\\\/survivornet.ca\\\/#\\\/schema\\\/logo\\\/image\\\/\",\"url\":\"http:\\\/\\\/survivornet.ca\\\/wp-content\\\/uploads\\\/2016\\\/12\\\/CCSN_Logo_EN_SQUARE.png\",\"contentUrl\":\"http:\\\/\\\/survivornet.ca\\\/wp-content\\\/uploads\\\/2016\\\/12\\\/CCSN_Logo_EN_SQUARE.png\",\"width\":1209,\"height\":1007,\"caption\":\"Canadian Cancer Survivor Network\"},\"image\":{\"@id\":\"https:\\\/\\\/survivornet.ca\\\/#\\\/schema\\\/logo\\\/image\\\/\"}}]}<\/script>\n<!-- \/ Yoast SEO plugin. -->","yoast_head_json":{"title":"Alberta - Canadian Cancer Survivor Network","robots":{"index":"index","follow":"follow","max-snippet":"max-snippet:-1","max-image-preview":"max-image-preview:large","max-video-preview":"max-video-preview:-1"},"canonical":"https:\/\/survivornet.ca\/fr\/apprenez\/centres-de-cancerologie\/alberta\/","og_locale":"fr_FR","og_type":"article","og_title":"Alberta - Canadian Cancer Survivor Network","og_description":"Centres de canc\u00e9rologie L&#8217;Alberta compte deux principaux centres de canc\u00e9rologie qui agissent comme des autorit\u00e9s sur les soins pour le cancer. Les centres de canc\u00e9rologie offrent des services hospitaliers et \u00e0 la","og_url":"https:\/\/survivornet.ca\/fr\/apprenez\/centres-de-cancerologie\/alberta\/","og_site_name":"Canadian Cancer Survivor Network","article_modified_time":"2017-06-14T13:29:43+00:00","twitter_card":"summary_large_image","twitter_misc":{"Dur\u00e9e de lecture estim\u00e9e":"3 minutes"},"schema":{"@context":"https:\/\/schema.org","@graph":[{"@type":"WebPage","@id":"https:\/\/survivornet.ca\/fr\/apprenez\/centres-de-cancerologie\/alberta\/","url":"https:\/\/survivornet.ca\/fr\/apprenez\/centres-de-cancerologie\/alberta\/","name":"Alberta - Canadian Cancer Survivor Network","isPartOf":{"@id":"https:\/\/survivornet.ca\/#website"},"datePublished":"2017-06-08T15:58:29+00:00","dateModified":"2017-06-14T13:29:43+00:00","breadcrumb":{"@id":"https:\/\/survivornet.ca\/fr\/apprenez\/centres-de-cancerologie\/alberta\/#breadcrumb"},"inLanguage":"fr-FR","potentialAction":[{"@type":"ReadAction","target":["https:\/\/survivornet.ca\/fr\/apprenez\/centres-de-cancerologie\/alberta\/"]}]},{"@type":"BreadcrumbList","@id":"https:\/\/survivornet.ca\/fr\/apprenez\/centres-de-cancerologie\/alberta\/#breadcrumb","itemListElement":[{"@type":"ListItem","position":1,"name":"Home","item":"https:\/\/survivornet.ca\/fr\/"},{"@type":"ListItem","position":2,"name":"Apprenez","item":"https:\/\/survivornet.ca\/fr\/apprenez\/"},{"@type":"ListItem","position":3,"name":"Centres de canc\u00e9rologie","item":"https:\/\/survivornet.ca\/fr\/apprenez\/centres-de-cancerologie\/"},{"@type":"ListItem","position":4,"name":"Alberta"}]},{"@type":"WebSite","@id":"https:\/\/survivornet.ca\/#website","url":"https:\/\/survivornet.ca\/","name":"Canadian Cancer Survivor Network","description":"The Canadian Cancer Survivor Network was created by a group of Canadians concerned about cancer.","publisher":{"@id":"https:\/\/survivornet.ca\/#organization"},"potentialAction":[{"@type":"SearchAction","target":{"@type":"EntryPoint","urlTemplate":"https:\/\/survivornet.ca\/?s={search_term_string}"},"query-input":{"@type":"PropertyValueSpecification","valueRequired":true,"valueName":"search_term_string"}}],"inLanguage":"fr-FR"},{"@type":"Organization","@id":"https:\/\/survivornet.ca\/#organization","name":"Canadian Cancer Survivor Network","url":"https:\/\/survivornet.ca\/","logo":{"@type":"ImageObject","inLanguage":"fr-FR","@id":"https:\/\/survivornet.ca\/#\/schema\/logo\/image\/","url":"http:\/\/survivornet.ca\/wp-content\/uploads\/2016\/12\/CCSN_Logo_EN_SQUARE.png","contentUrl":"http:\/\/survivornet.ca\/wp-content\/uploads\/2016\/12\/CCSN_Logo_EN_SQUARE.png","width":1209,"height":1007,"caption":"Canadian Cancer Survivor Network"},"image":{"@id":"https:\/\/survivornet.ca\/#\/schema\/logo\/image\/"}}]}},"_links":{"self":[{"href":"https:\/\/survivornet.ca\/fr\/wp-json\/wp\/v2\/pages\/5062","targetHints":{"allow":["GET"]}}],"collection":[{"href":"https:\/\/survivornet.ca\/fr\/wp-json\/wp\/v2\/pages"}],"about":[{"href":"https:\/\/survivornet.ca\/fr\/wp-json\/wp\/v2\/types\/page"}],"author":[{"embeddable":true,"href":"https:\/\/survivornet.ca\/fr\/wp-json\/wp\/v2\/users\/2"}],"replies":[{"embeddable":true,"href":"https:\/\/survivornet.ca\/fr\/wp-json\/wp\/v2\/comments?post=5062"}],"version-history":[{"count":0,"href":"https:\/\/survivornet.ca\/fr\/wp-json\/wp\/v2\/pages\/5062\/revisions"}],"up":[{"embeddable":true,"href":"https:\/\/survivornet.ca\/fr\/wp-json\/wp\/v2\/pages\/4506"}],"wp:attachment":[{"href":"https:\/\/survivornet.ca\/fr\/wp-json\/wp\/v2\/media?parent=5062"}],"curies":[{"name":"wp","href":"https:\/\/api.w.org\/{rel}","templated":true}]}}