{"id":4647,"date":"2017-06-01T13:19:19","date_gmt":"2017-06-01T13:19:19","guid":{"rendered":"https:\/\/survivornet.ca\/?page_id=4647\/"},"modified":"2017-06-01T13:19:19","modified_gmt":"2017-06-01T13:19:19","slug":"rosa-francia-meneses-1952-2000","status":"publish","type":"page","link":"https:\/\/survivornet.ca\/fr\/reliez-vous\/nos-etres-chers\/rosa-francia-meneses-1952-2000\/","title":{"rendered":"Rosa Francia-Meneses (1952-2000)"},"content":{"rendered":"<p>Le r\u00e9seau<em> Phillipine Breast Cancer Network<\/em> <em>(PBCN) <\/em>fait ses sinc\u00e8res adieux \u00e0 Rosa qui entreprend maintenant son voyage vers la vie \u00e9ternelle. Le seigneur lui a donn\u00e9 une mission qu\u2019elle a accept\u00e9e et accomplie avec brio. Son d\u00e9part fut un jour apr\u00e8s le t\u00e9l\u00e9thon ABS-CBN de cinq heures \u2013 le sommet de son plaidoyer qui a finalement rendu le cancer du sein une pr\u00e9occupation de sant\u00e9 nationale aux Philippines. Rosa s\u2019est accroch\u00e9e afin de participer \u00e0 cet \u00e9v\u00e8nement. En son honneur et en sa m\u00e9moire, le PBCN fait gage de son engagement pour mettre fin \u00e0 l&#8217;\u00e9pid\u00e9mie de cancer du sein au cours de cette g\u00e9n\u00e9ration.<\/p>\n<p>Rosa a \u00e9t\u00e9 une guerri\u00e8re des plus galantes dans sa lutte contre le cancer. Elle fut un exemple de courage et de bravoure, non-seulement dans sa lutte personnelle contre un ennemi redoutable mais aussi dans son engagement indiscutable au mouvement mondial pour l&#8217;\u00e9radication du cancer du sein.<\/p>\n<p>Pendant 43 mois de lutte intense contre une maladie inacceptable, Rosa a toujours gard\u00e9 son honneur et sa dignit\u00e9 comme toutes les femmes vivant avec le cancer du sein. Durant cette br\u00e8ve p\u00e9riode de temps, elle a gagn\u00e9 le respect des gens internationalement et a \u00e9t\u00e9 reconnue lors de trois conf\u00e9rences mondiales sur le cancer du sein, a organis\u00e9 deux conf\u00e9rences sur le cancer du sein aux Philippines, et a grimp\u00e9 le mont Fuji lors de ses derniers jours parmi nous. Sa vie a touch\u00e9 et \u00e9mu des milliers de gens \u00e0 travers le pays, et \u00e0 travers le monde entier. Rosa a perdu ses seins et \u00e9ventuellement sa vie, mais a toujours conserv\u00e9 son c\u0153ur vaillant.<\/p>\n<p>Rosa vivra \u00e0 jamais dans nos c\u0153urs! Nous partageons la peine de la famille de Rosa, de ses amis, et des membres du r\u00e9seau <em>Phillipine Breast Cancer Network<\/em> <em>(PBCN)<\/em>, et nous nous engageons en l\u2019honneur de sa m\u00e9moire par nos efforts acharn\u00e9s afin d\u2019\u00e9liminer cette maladie qui lui a pris la vie.<\/p>\n","protected":false},"excerpt":{"rendered":"<p>Le r\u00e9seau Phillipine Breast Cancer Network (PBCN) fait ses sinc\u00e8res adieux \u00e0 Rosa qui entreprend maintenant son voyage vers la vie \u00e9ternelle. Le seigneur lui a donn\u00e9 une mission qu\u2019elle a accept\u00e9e<\/p>\n","protected":false},"author":2,"featured_media":0,"parent":4523,"menu_order":13,"comment_status":"closed","ping_status":"closed","template":"","meta":{"_acf_changed":false,"footnotes":""},"class_list":["post-4647","page","type-page","status-publish","hentry"],"acf":[],"yoast_head":"<!-- This site is optimized with the Yoast SEO plugin v27.4 - https:\/\/yoast.com\/product\/yoast-seo-wordpress\/ -->\n<title>Rosa Francia-Meneses (1952-2000) - Canadian Cancer Survivor Network<\/title>\n<meta name=\"robots\" content=\"index, follow, max-snippet:-1, max-image-preview:large, max-video-preview:-1\" \/>\n<link rel=\"canonical\" href=\"https:\/\/survivornet.ca\/fr\/reliez-vous\/nos-etres-chers\/rosa-francia-meneses-1952-2000\/\" \/>\n<meta property=\"og:locale\" content=\"fr_FR\" \/>\n<meta property=\"og:type\" content=\"article\" \/>\n<meta property=\"og:title\" content=\"Rosa Francia-Meneses (1952-2000) - Canadian Cancer Survivor Network\" \/>\n<meta property=\"og:description\" content=\"Le r\u00e9seau Phillipine Breast Cancer Network (PBCN) fait ses sinc\u00e8res adieux \u00e0 Rosa qui entreprend maintenant son voyage vers la vie \u00e9ternelle. Le seigneur lui a donn\u00e9 une mission qu\u2019elle a accept\u00e9e\" \/>\n<meta property=\"og:url\" content=\"https:\/\/survivornet.ca\/fr\/reliez-vous\/nos-etres-chers\/rosa-francia-meneses-1952-2000\/\" \/>\n<meta property=\"og:site_name\" content=\"Canadian Cancer Survivor Network\" \/>\n<meta name=\"twitter:card\" content=\"summary_large_image\" \/>\n<meta name=\"twitter:label1\" content=\"Dur\u00e9e de lecture estim\u00e9e\" \/>\n\t<meta name=\"twitter:data1\" content=\"2 minutes\" \/>\n<script type=\"application\/ld+json\" class=\"yoast-schema-graph\">{\"@context\":\"https:\\\/\\\/schema.org\",\"@graph\":[{\"@type\":\"WebPage\",\"@id\":\"https:\\\/\\\/survivornet.ca\\\/fr\\\/reliez-vous\\\/nos-etres-chers\\\/rosa-francia-meneses-1952-2000\\\/\",\"url\":\"https:\\\/\\\/survivornet.ca\\\/fr\\\/reliez-vous\\\/nos-etres-chers\\\/rosa-francia-meneses-1952-2000\\\/\",\"name\":\"Rosa Francia-Meneses (1952-2000) - Canadian Cancer Survivor Network\",\"isPartOf\":{\"@id\":\"https:\\\/\\\/survivornet.ca\\\/#website\"},\"datePublished\":\"2017-06-01T13:19:19+00:00\",\"breadcrumb\":{\"@id\":\"https:\\\/\\\/survivornet.ca\\\/fr\\\/reliez-vous\\\/nos-etres-chers\\\/rosa-francia-meneses-1952-2000\\\/#breadcrumb\"},\"inLanguage\":\"fr-FR\",\"potentialAction\":[{\"@type\":\"ReadAction\",\"target\":[\"https:\\\/\\\/survivornet.ca\\\/fr\\\/reliez-vous\\\/nos-etres-chers\\\/rosa-francia-meneses-1952-2000\\\/\"]}]},{\"@type\":\"BreadcrumbList\",\"@id\":\"https:\\\/\\\/survivornet.ca\\\/fr\\\/reliez-vous\\\/nos-etres-chers\\\/rosa-francia-meneses-1952-2000\\\/#breadcrumb\",\"itemListElement\":[{\"@type\":\"ListItem\",\"position\":1,\"name\":\"Home\",\"item\":\"https:\\\/\\\/survivornet.ca\\\/fr\\\/\"},{\"@type\":\"ListItem\",\"position\":2,\"name\":\"Connectez\",\"item\":\"https:\\\/\\\/survivornet.ca\\\/fr\\\/reliez-vous\\\/\"},{\"@type\":\"ListItem\",\"position\":3,\"name\":\"Nos \u00eatres chers\",\"item\":\"https:\\\/\\\/survivornet.ca\\\/fr\\\/reliez-vous\\\/nos-etres-chers\\\/\"},{\"@type\":\"ListItem\",\"position\":4,\"name\":\"Rosa Francia-Meneses (1952-2000)\"}]},{\"@type\":\"WebSite\",\"@id\":\"https:\\\/\\\/survivornet.ca\\\/#website\",\"url\":\"https:\\\/\\\/survivornet.ca\\\/\",\"name\":\"Canadian Cancer Survivor Network\",\"description\":\"The Canadian Cancer Survivor Network was created by a group of Canadians concerned about cancer.\",\"publisher\":{\"@id\":\"https:\\\/\\\/survivornet.ca\\\/#organization\"},\"potentialAction\":[{\"@type\":\"SearchAction\",\"target\":{\"@type\":\"EntryPoint\",\"urlTemplate\":\"https:\\\/\\\/survivornet.ca\\\/?s={search_term_string}\"},\"query-input\":{\"@type\":\"PropertyValueSpecification\",\"valueRequired\":true,\"valueName\":\"search_term_string\"}}],\"inLanguage\":\"fr-FR\"},{\"@type\":\"Organization\",\"@id\":\"https:\\\/\\\/survivornet.ca\\\/#organization\",\"name\":\"Canadian Cancer Survivor Network\",\"url\":\"https:\\\/\\\/survivornet.ca\\\/\",\"logo\":{\"@type\":\"ImageObject\",\"inLanguage\":\"fr-FR\",\"@id\":\"https:\\\/\\\/survivornet.ca\\\/#\\\/schema\\\/logo\\\/image\\\/\",\"url\":\"http:\\\/\\\/survivornet.ca\\\/wp-content\\\/uploads\\\/2016\\\/12\\\/CCSN_Logo_EN_SQUARE.png\",\"contentUrl\":\"http:\\\/\\\/survivornet.ca\\\/wp-content\\\/uploads\\\/2016\\\/12\\\/CCSN_Logo_EN_SQUARE.png\",\"width\":1209,\"height\":1007,\"caption\":\"Canadian Cancer Survivor Network\"},\"image\":{\"@id\":\"https:\\\/\\\/survivornet.ca\\\/#\\\/schema\\\/logo\\\/image\\\/\"}}]}<\/script>\n<!-- \/ Yoast SEO plugin. -->","yoast_head_json":{"title":"Rosa Francia-Meneses (1952-2000) - Canadian Cancer Survivor Network","robots":{"index":"index","follow":"follow","max-snippet":"max-snippet:-1","max-image-preview":"max-image-preview:large","max-video-preview":"max-video-preview:-1"},"canonical":"https:\/\/survivornet.ca\/fr\/reliez-vous\/nos-etres-chers\/rosa-francia-meneses-1952-2000\/","og_locale":"fr_FR","og_type":"article","og_title":"Rosa Francia-Meneses (1952-2000) - Canadian Cancer Survivor Network","og_description":"Le r\u00e9seau Phillipine Breast Cancer Network (PBCN) fait ses sinc\u00e8res adieux \u00e0 Rosa qui entreprend maintenant son voyage vers la vie \u00e9ternelle. Le seigneur lui a donn\u00e9 une mission qu\u2019elle a accept\u00e9e","og_url":"https:\/\/survivornet.ca\/fr\/reliez-vous\/nos-etres-chers\/rosa-francia-meneses-1952-2000\/","og_site_name":"Canadian Cancer Survivor Network","twitter_card":"summary_large_image","twitter_misc":{"Dur\u00e9e de lecture estim\u00e9e":"2 minutes"},"schema":{"@context":"https:\/\/schema.org","@graph":[{"@type":"WebPage","@id":"https:\/\/survivornet.ca\/fr\/reliez-vous\/nos-etres-chers\/rosa-francia-meneses-1952-2000\/","url":"https:\/\/survivornet.ca\/fr\/reliez-vous\/nos-etres-chers\/rosa-francia-meneses-1952-2000\/","name":"Rosa Francia-Meneses (1952-2000) - Canadian Cancer Survivor Network","isPartOf":{"@id":"https:\/\/survivornet.ca\/#website"},"datePublished":"2017-06-01T13:19:19+00:00","breadcrumb":{"@id":"https:\/\/survivornet.ca\/fr\/reliez-vous\/nos-etres-chers\/rosa-francia-meneses-1952-2000\/#breadcrumb"},"inLanguage":"fr-FR","potentialAction":[{"@type":"ReadAction","target":["https:\/\/survivornet.ca\/fr\/reliez-vous\/nos-etres-chers\/rosa-francia-meneses-1952-2000\/"]}]},{"@type":"BreadcrumbList","@id":"https:\/\/survivornet.ca\/fr\/reliez-vous\/nos-etres-chers\/rosa-francia-meneses-1952-2000\/#breadcrumb","itemListElement":[{"@type":"ListItem","position":1,"name":"Home","item":"https:\/\/survivornet.ca\/fr\/"},{"@type":"ListItem","position":2,"name":"Connectez","item":"https:\/\/survivornet.ca\/fr\/reliez-vous\/"},{"@type":"ListItem","position":3,"name":"Nos \u00eatres chers","item":"https:\/\/survivornet.ca\/fr\/reliez-vous\/nos-etres-chers\/"},{"@type":"ListItem","position":4,"name":"Rosa Francia-Meneses (1952-2000)"}]},{"@type":"WebSite","@id":"https:\/\/survivornet.ca\/#website","url":"https:\/\/survivornet.ca\/","name":"Canadian Cancer Survivor Network","description":"The Canadian Cancer Survivor Network was created by a group of Canadians concerned about cancer.","publisher":{"@id":"https:\/\/survivornet.ca\/#organization"},"potentialAction":[{"@type":"SearchAction","target":{"@type":"EntryPoint","urlTemplate":"https:\/\/survivornet.ca\/?s={search_term_string}"},"query-input":{"@type":"PropertyValueSpecification","valueRequired":true,"valueName":"search_term_string"}}],"inLanguage":"fr-FR"},{"@type":"Organization","@id":"https:\/\/survivornet.ca\/#organization","name":"Canadian Cancer Survivor Network","url":"https:\/\/survivornet.ca\/","logo":{"@type":"ImageObject","inLanguage":"fr-FR","@id":"https:\/\/survivornet.ca\/#\/schema\/logo\/image\/","url":"http:\/\/survivornet.ca\/wp-content\/uploads\/2016\/12\/CCSN_Logo_EN_SQUARE.png","contentUrl":"http:\/\/survivornet.ca\/wp-content\/uploads\/2016\/12\/CCSN_Logo_EN_SQUARE.png","width":1209,"height":1007,"caption":"Canadian Cancer Survivor Network"},"image":{"@id":"https:\/\/survivornet.ca\/#\/schema\/logo\/image\/"}}]}},"_links":{"self":[{"href":"https:\/\/survivornet.ca\/fr\/wp-json\/wp\/v2\/pages\/4647","targetHints":{"allow":["GET"]}}],"collection":[{"href":"https:\/\/survivornet.ca\/fr\/wp-json\/wp\/v2\/pages"}],"about":[{"href":"https:\/\/survivornet.ca\/fr\/wp-json\/wp\/v2\/types\/page"}],"author":[{"embeddable":true,"href":"https:\/\/survivornet.ca\/fr\/wp-json\/wp\/v2\/users\/2"}],"replies":[{"embeddable":true,"href":"https:\/\/survivornet.ca\/fr\/wp-json\/wp\/v2\/comments?post=4647"}],"version-history":[{"count":0,"href":"https:\/\/survivornet.ca\/fr\/wp-json\/wp\/v2\/pages\/4647\/revisions"}],"up":[{"embeddable":true,"href":"https:\/\/survivornet.ca\/fr\/wp-json\/wp\/v2\/pages\/4523"}],"wp:attachment":[{"href":"https:\/\/survivornet.ca\/fr\/wp-json\/wp\/v2\/media?parent=4647"}],"curies":[{"name":"wp","href":"https:\/\/api.w.org\/{rel}","templated":true}]}}