{"id":4645,"date":"2017-06-01T13:16:13","date_gmt":"2017-06-01T13:16:13","guid":{"rendered":"https:\/\/survivornet.ca\/?page_id=4645\/"},"modified":"2017-06-01T13:16:13","modified_gmt":"2017-06-01T13:16:13","slug":"maureen-kelly-1938-2012","status":"publish","type":"page","link":"https:\/\/survivornet.ca\/fr\/reliez-vous\/nos-etres-chers\/maureen-kelly-1938-2012\/","title":{"rendered":"Maureen Kelly (1938-2012)"},"content":{"rendered":"<p><img loading=\"lazy\" decoding=\"async\" class=\"alignleft size-full wp-image-1475\" src=\"http:\/\/survivornet.ca\/wp-content\/uploads\/2017\/02\/Maureen-Kelly-photo.jpg\" alt=\"\" width=\"197\" height=\"256\" \/><\/p>\n<p>Maureen est d\u00e9c\u00e9d\u00e9e le 17 mai 2012, apr\u00e8s une vaillante bataille contre la fibrose pulmonaire. Elle \u00e9tait la m\u00e8re aimante de sa fille Natalie et de son beau-fils Brent Pilon, et de son fils Steve Kelly.<\/p>\n<p>Elle \u00e9tait la grand-m\u00e8re tr\u00e8s fi\u00e8re et aimante de Chlo\u00e9 Pilon, et de Mark et Ashley Dempsey. Elle \u00e9tait la s\u0153ur bien-aim\u00e9e de Patricia McPoland et John McPoland, et de son fr\u00e8re feu Peter sa soeur feu Jacqueline.<\/p>\n<p>Maureen et moi avons travaill\u00e9 ensemble pour un organisme national fond\u00e9 sur le b\u00e9n\u00e9volat pendant dix ans. M\u00eame si j\u2019\u00e9tais son patron, elle et moi sommes devenues amies au fil des ann\u00e9es. Il est vrai que cela n\u2019arrive pas souvent, mais Maureen \u00e9tait exceptionnelle. Elle se souciait de son travail, des personnes avec qui elle travaillait, en particulier des personnes <em>pour qui<\/em> elle travaillait &#8211; des gens venant tout juste de recevoir un diagnostic de cancer ou vivant avec le cancer.<\/p>\n<p>Quand je regarde en arri\u00e8re, je pense \u00e0 Maureen comme \u00e9tant le \u201cvisage\u201d de cet organisme. Elle \u00e9tait la premi\u00e8re personne que l\u2019on voyait en franchissant la porte du bureau, et elle accueillait toujours les gens d\u2019un sourire radieux et d\u2019un bonjour, en leur demandant comment ils allaient. Sa gaiet\u00e9 a apais\u00e9 les nerfs d\u2019\u00e9l\u00e8ves nerveux de d\u00e9buter leur stage, a accueilli plusieurs b\u00e9n\u00e9voles, et a fait plusieurs fois la journ\u00e9e des gens qui ont travaill\u00e9 en sa compagnie.<\/p>\n<p>Maureen \u00e9tait \u00e9galement la voix joyeuse et accueillante que les appelants entendaient, qu\u2019ils appellent pour obtenir de l\u2019information sur un groupe de lutte contre le cancer ou qu\u2019ils viennent de recevoir un diagnostic effrayant et bouleversant. Lorsque cela se produisait, Maureen mettait tout le reste de c\u00f4t\u00e9 et offrait son oreille attentive et son calme \u00e0 ceux-ci, les rassurant qu\u2019elle se souciait \u00e9norm\u00e9ment d\u2019eux et qu\u2019ils pourraient rappeler n\u2019importe quand. Ce que plusieurs on fait.<\/p>\n<p>Bien s\u00fbr, elle n\u2019\u00e9tait pas parfaite: elle avait un go\u00fbt particulier pour les blagues \u00ab\u00a0vieux-jeu\u00a0\u00bb sur internet et pour les caricatures, et a fait circuler plusieurs de celles-ci \u00e0 des amis. Elle d\u00e9testait particuli\u00e8rement remplir des formulaires gouvernementaux, ce qui a men\u00e9 \u00e0 quelques troubles avec l&#8217;Agence du revenu du Canada, et \u00e0 ce jour, je ne sais toujours pas si elle a fait les d\u00e9marches pour obtenir sa pension de la S\u00e9curit\u00e9 de la vieillesse!<\/p>\n<p>Je m&#8217;en voudrais si je ne mentionnais pas les nombreux hommes qui sont devenus ses amis\u00a0: le facteur, le technicien de r\u00e9paration de la machine \u00e0 affranchir, le r\u00e9parateur de la photocopieuse, le technicien du syst\u00e8me t\u00e9l\u00e9phonique, les gars qui ont plusieurs fois r\u00e9par\u00e9 notre serveur, les gars de FedEx, et ainsi de suite. Elle \u00e9tait toujours bien agr\u00e9able et patiente avec ceux-ci, ce qui explique pourquoi ils arrivaient si rapidement \u00e0 la rescousse lorsque notre \u00e9quipement \u00e9tait d\u00e9fectueux.<\/p>\n<p>Mais avant tout, Maureen \u00e9tait fi\u00e8re de sa famille, en particulier de ses petits-enfants, et elle m\u2019a confi\u00e9 plusieurs fois combien merveilleux c\u2019\u00e9tait pour elle d\u2019habiter avec sa fille Natalie et son mari Brent ainsi que Chloe ces derni\u00e8res ann\u00e9es. Elle \u00e9tait une m\u00e8re aimante, une grand-m\u00e8re, une s\u0153ur, et une belle-m\u00e8re pour le meilleur et pour le pire.<\/p>\n<p>Maureen a \u00e9galement \u00e9t\u00e9 une vraie bonne amie pour plusieurs, et sa personnalit\u00e9 ensoleill\u00e9e et sa pr\u00e9sence bienveillante vont nous manquer \u00e0 tous.<\/p>\n<p>\u00c0 son service comm\u00e9moratif, un groupe d\u2019entre nous ayant travaill\u00e9 avec Maureen nous sommes rassembl\u00e9s autour d\u2019une table. Nous avons bu du caf\u00e9 et mang\u00e9 des sandwich et des g\u00e2teries, tout en nous racontant nos vies mais surtout en nous rem\u00e9morant notre ch\u00e8re amie par nos rires et nos silences remplis de souvenirs. Le genre de pause caf\u00e9 que Maureen aurait ador\u00e9.<\/p>\n<p>Que Dieu te b\u00e9nisse Maureen \u2013 que nos pri\u00e8res montent vers toi au ciel.<\/p>\n<p><em>Jackie Manthorne<\/em><\/p>\n","protected":false},"excerpt":{"rendered":"<p>Maureen est d\u00e9c\u00e9d\u00e9e le 17 mai 2012, apr\u00e8s une vaillante bataille contre la fibrose pulmonaire. Elle \u00e9tait la m\u00e8re aimante de sa fille Natalie et de son beau-fils Brent Pilon, et de<\/p>\n","protected":false},"author":2,"featured_media":0,"parent":4523,"menu_order":11,"comment_status":"closed","ping_status":"closed","template":"","meta":{"_acf_changed":false,"footnotes":""},"class_list":["post-4645","page","type-page","status-publish","hentry"],"acf":[],"yoast_head":"<!-- This site is optimized with the Yoast SEO plugin v27.4 - https:\/\/yoast.com\/product\/yoast-seo-wordpress\/ -->\n<title>Maureen Kelly (1938-2012) - Canadian Cancer Survivor Network<\/title>\n<meta name=\"robots\" content=\"index, follow, max-snippet:-1, max-image-preview:large, max-video-preview:-1\" \/>\n<link rel=\"canonical\" href=\"https:\/\/survivornet.ca\/connect\/friends-remembered\/maureen-kelly-1938-2012\/\" \/>\n<meta property=\"og:locale\" content=\"fr_FR\" \/>\n<meta property=\"og:type\" content=\"article\" \/>\n<meta property=\"og:title\" content=\"Maureen Kelly (1938-2012) - Canadian Cancer Survivor Network\" \/>\n<meta property=\"og:description\" content=\"Maureen est d\u00e9c\u00e9d\u00e9e le 17 mai 2012, apr\u00e8s une vaillante bataille contre la fibrose pulmonaire. Elle \u00e9tait la m\u00e8re aimante de sa fille Natalie et de son beau-fils Brent Pilon, et de\" \/>\n<meta property=\"og:url\" content=\"https:\/\/survivornet.ca\/connect\/friends-remembered\/maureen-kelly-1938-2012\/\" \/>\n<meta property=\"og:site_name\" content=\"Canadian Cancer Survivor Network\" \/>\n<meta property=\"og:image\" content=\"http:\/\/survivornet.ca\/wp-content\/uploads\/2017\/02\/Maureen-Kelly-photo.jpg\" \/>\n<meta name=\"twitter:card\" content=\"summary_large_image\" \/>\n<meta name=\"twitter:label1\" content=\"Dur\u00e9e de lecture estim\u00e9e\" \/>\n\t<meta name=\"twitter:data1\" content=\"3 minutes\" \/>\n<script type=\"application\/ld+json\" class=\"yoast-schema-graph\">{\"@context\":\"https:\\\/\\\/schema.org\",\"@graph\":[{\"@type\":\"WebPage\",\"@id\":\"https:\\\/\\\/survivornet.ca\\\/connect\\\/friends-remembered\\\/maureen-kelly-1938-2012\\\/\",\"url\":\"https:\\\/\\\/survivornet.ca\\\/connect\\\/friends-remembered\\\/maureen-kelly-1938-2012\\\/\",\"name\":\"Maureen Kelly (1938-2012) - Canadian Cancer Survivor Network\",\"isPartOf\":{\"@id\":\"https:\\\/\\\/survivornet.ca\\\/#website\"},\"primaryImageOfPage\":{\"@id\":\"https:\\\/\\\/survivornet.ca\\\/connect\\\/friends-remembered\\\/maureen-kelly-1938-2012\\\/#primaryimage\"},\"image\":{\"@id\":\"https:\\\/\\\/survivornet.ca\\\/connect\\\/friends-remembered\\\/maureen-kelly-1938-2012\\\/#primaryimage\"},\"thumbnailUrl\":\"http:\\\/\\\/survivornet.ca\\\/wp-content\\\/uploads\\\/2017\\\/02\\\/Maureen-Kelly-photo.jpg\",\"datePublished\":\"2017-06-01T13:16:13+00:00\",\"breadcrumb\":{\"@id\":\"https:\\\/\\\/survivornet.ca\\\/connect\\\/friends-remembered\\\/maureen-kelly-1938-2012\\\/#breadcrumb\"},\"inLanguage\":\"fr-FR\",\"potentialAction\":[{\"@type\":\"ReadAction\",\"target\":[\"https:\\\/\\\/survivornet.ca\\\/connect\\\/friends-remembered\\\/maureen-kelly-1938-2012\\\/\"]}]},{\"@type\":\"ImageObject\",\"inLanguage\":\"fr-FR\",\"@id\":\"https:\\\/\\\/survivornet.ca\\\/connect\\\/friends-remembered\\\/maureen-kelly-1938-2012\\\/#primaryimage\",\"url\":\"http:\\\/\\\/survivornet.ca\\\/wp-content\\\/uploads\\\/2017\\\/02\\\/Maureen-Kelly-photo.jpg\",\"contentUrl\":\"http:\\\/\\\/survivornet.ca\\\/wp-content\\\/uploads\\\/2017\\\/02\\\/Maureen-Kelly-photo.jpg\"},{\"@type\":\"BreadcrumbList\",\"@id\":\"https:\\\/\\\/survivornet.ca\\\/connect\\\/friends-remembered\\\/maureen-kelly-1938-2012\\\/#breadcrumb\",\"itemListElement\":[{\"@type\":\"ListItem\",\"position\":1,\"name\":\"Home\",\"item\":\"https:\\\/\\\/survivornet.ca\\\/fr\\\/\"},{\"@type\":\"ListItem\",\"position\":2,\"name\":\"Connectez\",\"item\":\"https:\\\/\\\/survivornet.ca\\\/fr\\\/reliez-vous\\\/\"},{\"@type\":\"ListItem\",\"position\":3,\"name\":\"Nos \u00eatres chers\",\"item\":\"https:\\\/\\\/survivornet.ca\\\/fr\\\/reliez-vous\\\/nos-etres-chers\\\/\"},{\"@type\":\"ListItem\",\"position\":4,\"name\":\"Maureen Kelly (1938-2012)\"}]},{\"@type\":\"WebSite\",\"@id\":\"https:\\\/\\\/survivornet.ca\\\/#website\",\"url\":\"https:\\\/\\\/survivornet.ca\\\/\",\"name\":\"Canadian Cancer Survivor Network\",\"description\":\"The Canadian Cancer Survivor Network was created by a group of Canadians concerned about cancer.\",\"publisher\":{\"@id\":\"https:\\\/\\\/survivornet.ca\\\/#organization\"},\"potentialAction\":[{\"@type\":\"SearchAction\",\"target\":{\"@type\":\"EntryPoint\",\"urlTemplate\":\"https:\\\/\\\/survivornet.ca\\\/?s={search_term_string}\"},\"query-input\":{\"@type\":\"PropertyValueSpecification\",\"valueRequired\":true,\"valueName\":\"search_term_string\"}}],\"inLanguage\":\"fr-FR\"},{\"@type\":\"Organization\",\"@id\":\"https:\\\/\\\/survivornet.ca\\\/#organization\",\"name\":\"Canadian Cancer Survivor Network\",\"url\":\"https:\\\/\\\/survivornet.ca\\\/\",\"logo\":{\"@type\":\"ImageObject\",\"inLanguage\":\"fr-FR\",\"@id\":\"https:\\\/\\\/survivornet.ca\\\/#\\\/schema\\\/logo\\\/image\\\/\",\"url\":\"http:\\\/\\\/survivornet.ca\\\/wp-content\\\/uploads\\\/2016\\\/12\\\/CCSN_Logo_EN_SQUARE.png\",\"contentUrl\":\"http:\\\/\\\/survivornet.ca\\\/wp-content\\\/uploads\\\/2016\\\/12\\\/CCSN_Logo_EN_SQUARE.png\",\"width\":1209,\"height\":1007,\"caption\":\"Canadian Cancer Survivor Network\"},\"image\":{\"@id\":\"https:\\\/\\\/survivornet.ca\\\/#\\\/schema\\\/logo\\\/image\\\/\"}}]}<\/script>\n<!-- \/ Yoast SEO plugin. -->","yoast_head_json":{"title":"Maureen Kelly (1938-2012) - Canadian Cancer Survivor Network","robots":{"index":"index","follow":"follow","max-snippet":"max-snippet:-1","max-image-preview":"max-image-preview:large","max-video-preview":"max-video-preview:-1"},"canonical":"https:\/\/survivornet.ca\/connect\/friends-remembered\/maureen-kelly-1938-2012\/","og_locale":"fr_FR","og_type":"article","og_title":"Maureen Kelly (1938-2012) - Canadian Cancer Survivor Network","og_description":"Maureen est d\u00e9c\u00e9d\u00e9e le 17 mai 2012, apr\u00e8s une vaillante bataille contre la fibrose pulmonaire. Elle \u00e9tait la m\u00e8re aimante de sa fille Natalie et de son beau-fils Brent Pilon, et de","og_url":"https:\/\/survivornet.ca\/connect\/friends-remembered\/maureen-kelly-1938-2012\/","og_site_name":"Canadian Cancer Survivor Network","og_image":[{"url":"http:\/\/survivornet.ca\/wp-content\/uploads\/2017\/02\/Maureen-Kelly-photo.jpg","type":"","width":"","height":""}],"twitter_card":"summary_large_image","twitter_misc":{"Dur\u00e9e de lecture estim\u00e9e":"3 minutes"},"schema":{"@context":"https:\/\/schema.org","@graph":[{"@type":"WebPage","@id":"https:\/\/survivornet.ca\/connect\/friends-remembered\/maureen-kelly-1938-2012\/","url":"https:\/\/survivornet.ca\/connect\/friends-remembered\/maureen-kelly-1938-2012\/","name":"Maureen Kelly (1938-2012) - Canadian Cancer Survivor Network","isPartOf":{"@id":"https:\/\/survivornet.ca\/#website"},"primaryImageOfPage":{"@id":"https:\/\/survivornet.ca\/connect\/friends-remembered\/maureen-kelly-1938-2012\/#primaryimage"},"image":{"@id":"https:\/\/survivornet.ca\/connect\/friends-remembered\/maureen-kelly-1938-2012\/#primaryimage"},"thumbnailUrl":"http:\/\/survivornet.ca\/wp-content\/uploads\/2017\/02\/Maureen-Kelly-photo.jpg","datePublished":"2017-06-01T13:16:13+00:00","breadcrumb":{"@id":"https:\/\/survivornet.ca\/connect\/friends-remembered\/maureen-kelly-1938-2012\/#breadcrumb"},"inLanguage":"fr-FR","potentialAction":[{"@type":"ReadAction","target":["https:\/\/survivornet.ca\/connect\/friends-remembered\/maureen-kelly-1938-2012\/"]}]},{"@type":"ImageObject","inLanguage":"fr-FR","@id":"https:\/\/survivornet.ca\/connect\/friends-remembered\/maureen-kelly-1938-2012\/#primaryimage","url":"http:\/\/survivornet.ca\/wp-content\/uploads\/2017\/02\/Maureen-Kelly-photo.jpg","contentUrl":"http:\/\/survivornet.ca\/wp-content\/uploads\/2017\/02\/Maureen-Kelly-photo.jpg"},{"@type":"BreadcrumbList","@id":"https:\/\/survivornet.ca\/connect\/friends-remembered\/maureen-kelly-1938-2012\/#breadcrumb","itemListElement":[{"@type":"ListItem","position":1,"name":"Home","item":"https:\/\/survivornet.ca\/fr\/"},{"@type":"ListItem","position":2,"name":"Connectez","item":"https:\/\/survivornet.ca\/fr\/reliez-vous\/"},{"@type":"ListItem","position":3,"name":"Nos \u00eatres chers","item":"https:\/\/survivornet.ca\/fr\/reliez-vous\/nos-etres-chers\/"},{"@type":"ListItem","position":4,"name":"Maureen Kelly (1938-2012)"}]},{"@type":"WebSite","@id":"https:\/\/survivornet.ca\/#website","url":"https:\/\/survivornet.ca\/","name":"Canadian Cancer Survivor Network","description":"The Canadian Cancer Survivor Network was created by a group of Canadians concerned about cancer.","publisher":{"@id":"https:\/\/survivornet.ca\/#organization"},"potentialAction":[{"@type":"SearchAction","target":{"@type":"EntryPoint","urlTemplate":"https:\/\/survivornet.ca\/?s={search_term_string}"},"query-input":{"@type":"PropertyValueSpecification","valueRequired":true,"valueName":"search_term_string"}}],"inLanguage":"fr-FR"},{"@type":"Organization","@id":"https:\/\/survivornet.ca\/#organization","name":"Canadian Cancer Survivor Network","url":"https:\/\/survivornet.ca\/","logo":{"@type":"ImageObject","inLanguage":"fr-FR","@id":"https:\/\/survivornet.ca\/#\/schema\/logo\/image\/","url":"http:\/\/survivornet.ca\/wp-content\/uploads\/2016\/12\/CCSN_Logo_EN_SQUARE.png","contentUrl":"http:\/\/survivornet.ca\/wp-content\/uploads\/2016\/12\/CCSN_Logo_EN_SQUARE.png","width":1209,"height":1007,"caption":"Canadian Cancer Survivor Network"},"image":{"@id":"https:\/\/survivornet.ca\/#\/schema\/logo\/image\/"}}]}},"_links":{"self":[{"href":"https:\/\/survivornet.ca\/fr\/wp-json\/wp\/v2\/pages\/4645","targetHints":{"allow":["GET"]}}],"collection":[{"href":"https:\/\/survivornet.ca\/fr\/wp-json\/wp\/v2\/pages"}],"about":[{"href":"https:\/\/survivornet.ca\/fr\/wp-json\/wp\/v2\/types\/page"}],"author":[{"embeddable":true,"href":"https:\/\/survivornet.ca\/fr\/wp-json\/wp\/v2\/users\/2"}],"replies":[{"embeddable":true,"href":"https:\/\/survivornet.ca\/fr\/wp-json\/wp\/v2\/comments?post=4645"}],"version-history":[{"count":0,"href":"https:\/\/survivornet.ca\/fr\/wp-json\/wp\/v2\/pages\/4645\/revisions"}],"up":[{"embeddable":true,"href":"https:\/\/survivornet.ca\/fr\/wp-json\/wp\/v2\/pages\/4523"}],"wp:attachment":[{"href":"https:\/\/survivornet.ca\/fr\/wp-json\/wp\/v2\/media?parent=4645"}],"curies":[{"name":"wp","href":"https:\/\/api.w.org\/{rel}","templated":true}]}}