{"id":4643,"date":"2017-06-01T13:13:23","date_gmt":"2017-06-01T13:13:23","guid":{"rendered":"https:\/\/survivornet.ca\/?page_id=4643\/"},"modified":"2017-06-01T13:13:23","modified_gmt":"2017-06-01T13:13:23","slug":"kathy-mossman-1942-2013","status":"publish","type":"page","link":"https:\/\/survivornet.ca\/fr\/reliez-vous\/nos-etres-chers\/kathy-mossman-1942-2013\/","title":{"rendered":"Kathy Mossman (1942-2013)"},"content":{"rendered":"<p><img loading=\"lazy\" decoding=\"async\" class=\"alignleft size-medium wp-image-1472\" src=\"http:\/\/survivornet.ca\/wp-content\/uploads\/2017\/02\/Kathy-Mossman-250x300.jpg\" alt=\"\" width=\"250\" height=\"300\" srcset=\"https:\/\/survivornet.ca\/wp-content\/uploads\/2017\/02\/Kathy-Mossman-250x300.jpg 250w, https:\/\/survivornet.ca\/wp-content\/uploads\/2017\/02\/Kathy-Mossman.jpg 480w\" sizes=\"auto, (max-width: 250px) 100vw, 250px\" \/><\/p>\n<p>Kathleen Anne \u00ab\u00a0Kathy\u00a0\u00bb Mossman, de Lunenburg, N.-E., \u00a0est d\u00e9c\u00e9d\u00e9e \u00e0 l\u2019\u00e2ge de 71 ans, le 3 juin 2013 d\u2019un cancer des ovaires. Elle a rendu l\u2019\u00e2me paisiblement, entour\u00e9e de sa famille, au South Shore Regional Hospital, dans la ville de Bridgewater en Nouvelle-\u00c9cosse.<\/p>\n<p>Kathy est n\u00e9e \u00e0 Herman\u2019s Island, dans la ville portuaire de Lunenburg. Elle est la benjamine d\u2019une famille de 10 enfants, dont les parents sont Muriel (n\u00e9e Westhaver) et Lowell Baker.<\/p>\n<p>Elle a obtenu son dipl\u00f4me d\u2019\u00e9tudes au Lunenburg Academy en 1958. D\u00e8s l\u2019\u00e2ge de 16 ans, elle a travaill\u00e9 \u00e0 la Banque de Montr\u00e9al.<br \/>\n\u00c0 24 ans, Kathy \u00e9pouse Russell Mossman\u00a0; ils s\u2019installent alors \u00e0 Lunenburg et y vivront le reste de leurs 48 ans de mariage. \u00a0Elle aimait beaucoup sa famille et ch\u00e9rissait les moments pass\u00e9s avec ses petits-enfants. Son foyer \u00e9tait un endroit chaleureux et accueillant pour tous ceux qu\u2019elle recevait. Sa famille et sa communaut\u00e9 la regretteront \u00a0\u00e9norm\u00e9ment.<\/p>\n<p>Kathy Mossman s\u2019impliquait beaucoup dans sa communaut\u00e9 de Lunenburg, qui lui \u00e9tait si ch\u00e8re. \u00a0Elle a donn\u00e9 de son temps \u00e0 de nombreux organismes jusqu\u2019\u00e0 ce que la maladie l\u2019en emp\u00eache et c\u2019est en toute humilit\u00e9 qu\u2019elle a re\u00e7u le \u00a0Sherman Zwicker Award en 2010 pour son implication dans la communaut\u00e9 de Lunenburg.<\/p>\n<p>Elle portait la Central United Church dans son c\u0153ur et a consacr\u00e9 de nombreuses heures de aux activit\u00e9s de l\u2019\u00e9glise, comme les ventes au profit de l\u2019\u00e9glise et les \u00e9v\u00e9nements \u00ab\u00a0<em>soupes pour d\u00e9jeuner\u00a0\u00bb<\/em>. Elle appr\u00e9ciait particuli\u00e8rement passer du temps avec les Gormley Gals. \u00ab\u00a0Elles sont tordantes\u00a0\u00bb disait-elle.<\/p>\n<p>Kathy laisse dans le deuil son conjoint Russell, son fils Gary (et son \u00e9pouse Peggy)\u00a0 de Lunenburg\u00a0; sa fille Lori (et son \u00e9poux Michael) \u00a0Eddy de \u00a0Dundas, Ontario\u00a0; ses petits-enfants\u00a0: Bradley et Logan Mossman, Ashlyn Eddy\u00a0; ses s\u0153urs et ses fr\u00e8res, Gwen Crouse, Isabelle Kirwan, Shirley Bradford, Gordon (et son \u00e9pouse Marguerite), Ronald et Douglas (et son \u00e9pouse Garnice), ainsi que beaucoup de ni\u00e8ces et de neveux.<\/p>\n<p>Ses fr\u00e8res Eugene, Lawson\u00a0 et sa s\u0153ur Madelyn sont d\u00e9c\u00e9d\u00e9s avant elle.<\/p>\n<p>Une c\u00e9l\u00e9bration de la vie de Kathy a eu lieu au Central United Church, le vendredi 7 juin 2013 \u00e0 14\u00a0:00. La r\u00e9v\u00e9rende Grace Caines-Corkum officiait la c\u00e9r\u00e9monie, qui a \u00e9t\u00e9 suivie d\u2019une r\u00e9ception au Lunenburg Fire Hall. L\u2019inhumation a eu lieu a une date ult\u00e9rieure au cimeti\u00e8re de Hillcrest.<\/p>\n<p>Ceux qui d\u00e9sirent faire un don peuvent le faire aux organismes suivants ou \u00e0 tout autre organisme de charit\u00e9: The Children Wish Foundation \u2013 La Fondation R\u00eaves d\u2019Enfants;\u00a0The Lunenburg Fire Department\u00a0; Fishermen\u2019s Memorial Hospital\u00a0; Central United Church.<\/p>\n","protected":false},"excerpt":{"rendered":"<p>Kathleen Anne \u00ab\u00a0Kathy\u00a0\u00bb Mossman, de Lunenburg, N.-E., \u00a0est d\u00e9c\u00e9d\u00e9e \u00e0 l\u2019\u00e2ge de 71 ans, le 3 juin 2013 d\u2019un cancer des ovaires. Elle a rendu l\u2019\u00e2me paisiblement, entour\u00e9e de sa famille, au<\/p>\n","protected":false},"author":2,"featured_media":0,"parent":4523,"menu_order":9,"comment_status":"closed","ping_status":"closed","template":"","meta":{"_acf_changed":false,"footnotes":""},"class_list":["post-4643","page","type-page","status-publish","hentry"],"acf":[],"yoast_head":"<!-- This site is optimized with the Yoast SEO plugin v27.1.1 - https:\/\/yoast.com\/product\/yoast-seo-wordpress\/ -->\n<title>Kathy Mossman (1942-2013) - Canadian Cancer Survivor Network<\/title>\n<meta name=\"robots\" content=\"index, follow, max-snippet:-1, max-image-preview:large, max-video-preview:-1\" \/>\n<link rel=\"canonical\" href=\"https:\/\/survivornet.ca\/fr\/reliez-vous\/nos-etres-chers\/kathy-mossman-1942-2013\/\" \/>\n<meta property=\"og:locale\" content=\"fr_FR\" \/>\n<meta property=\"og:type\" content=\"article\" \/>\n<meta property=\"og:title\" content=\"Kathy Mossman (1942-2013) - Canadian Cancer Survivor Network\" \/>\n<meta property=\"og:description\" content=\"Kathleen Anne \u00ab\u00a0Kathy\u00a0\u00bb Mossman, de Lunenburg, N.-E., \u00a0est d\u00e9c\u00e9d\u00e9e \u00e0 l\u2019\u00e2ge de 71 ans, le 3 juin 2013 d\u2019un cancer des ovaires. Elle a rendu l\u2019\u00e2me paisiblement, entour\u00e9e de sa famille, au\" \/>\n<meta property=\"og:url\" content=\"https:\/\/survivornet.ca\/fr\/reliez-vous\/nos-etres-chers\/kathy-mossman-1942-2013\/\" \/>\n<meta property=\"og:site_name\" content=\"Canadian Cancer Survivor Network\" \/>\n<meta property=\"og:image\" content=\"http:\/\/survivornet.ca\/wp-content\/uploads\/2017\/02\/Kathy-Mossman-250x300.jpg\" \/>\n<meta name=\"twitter:card\" content=\"summary_large_image\" \/>\n<meta name=\"twitter:label1\" content=\"Dur\u00e9e de lecture estim\u00e9e\" \/>\n\t<meta name=\"twitter:data1\" content=\"2 minutes\" \/>\n<script type=\"application\/ld+json\" class=\"yoast-schema-graph\">{\"@context\":\"https:\/\/schema.org\",\"@graph\":[{\"@type\":\"WebPage\",\"@id\":\"https:\/\/survivornet.ca\/fr\/reliez-vous\/nos-etres-chers\/kathy-mossman-1942-2013\/\",\"url\":\"https:\/\/survivornet.ca\/fr\/reliez-vous\/nos-etres-chers\/kathy-mossman-1942-2013\/\",\"name\":\"Kathy Mossman (1942-2013) - Canadian Cancer Survivor Network\",\"isPartOf\":{\"@id\":\"https:\/\/survivornet.ca\/#website\"},\"primaryImageOfPage\":{\"@id\":\"https:\/\/survivornet.ca\/fr\/reliez-vous\/nos-etres-chers\/kathy-mossman-1942-2013\/#primaryimage\"},\"image\":{\"@id\":\"https:\/\/survivornet.ca\/fr\/reliez-vous\/nos-etres-chers\/kathy-mossman-1942-2013\/#primaryimage\"},\"thumbnailUrl\":\"http:\/\/survivornet.ca\/wp-content\/uploads\/2017\/02\/Kathy-Mossman-250x300.jpg\",\"datePublished\":\"2017-06-01T13:13:23+00:00\",\"breadcrumb\":{\"@id\":\"https:\/\/survivornet.ca\/fr\/reliez-vous\/nos-etres-chers\/kathy-mossman-1942-2013\/#breadcrumb\"},\"inLanguage\":\"fr-FR\",\"potentialAction\":[{\"@type\":\"ReadAction\",\"target\":[\"https:\/\/survivornet.ca\/fr\/reliez-vous\/nos-etres-chers\/kathy-mossman-1942-2013\/\"]}]},{\"@type\":\"ImageObject\",\"inLanguage\":\"fr-FR\",\"@id\":\"https:\/\/survivornet.ca\/fr\/reliez-vous\/nos-etres-chers\/kathy-mossman-1942-2013\/#primaryimage\",\"url\":\"http:\/\/survivornet.ca\/wp-content\/uploads\/2017\/02\/Kathy-Mossman-250x300.jpg\",\"contentUrl\":\"http:\/\/survivornet.ca\/wp-content\/uploads\/2017\/02\/Kathy-Mossman-250x300.jpg\"},{\"@type\":\"BreadcrumbList\",\"@id\":\"https:\/\/survivornet.ca\/fr\/reliez-vous\/nos-etres-chers\/kathy-mossman-1942-2013\/#breadcrumb\",\"itemListElement\":[{\"@type\":\"ListItem\",\"position\":1,\"name\":\"Home\",\"item\":\"https:\/\/survivornet.ca\/fr\/\"},{\"@type\":\"ListItem\",\"position\":2,\"name\":\"Connectez\",\"item\":\"https:\/\/survivornet.ca\/fr\/reliez-vous\/\"},{\"@type\":\"ListItem\",\"position\":3,\"name\":\"Nos \u00eatres chers\",\"item\":\"https:\/\/survivornet.ca\/fr\/reliez-vous\/nos-etres-chers\/\"},{\"@type\":\"ListItem\",\"position\":4,\"name\":\"Kathy Mossman (1942-2013)\"}]},{\"@type\":\"WebSite\",\"@id\":\"https:\/\/survivornet.ca\/#website\",\"url\":\"https:\/\/survivornet.ca\/\",\"name\":\"Canadian Cancer Survivor Network\",\"description\":\"The Canadian Cancer Survivor Network was created by a group of Canadians concerned about cancer.\",\"publisher\":{\"@id\":\"https:\/\/survivornet.ca\/#organization\"},\"potentialAction\":[{\"@type\":\"SearchAction\",\"target\":{\"@type\":\"EntryPoint\",\"urlTemplate\":\"https:\/\/survivornet.ca\/?s={search_term_string}\"},\"query-input\":{\"@type\":\"PropertyValueSpecification\",\"valueRequired\":true,\"valueName\":\"search_term_string\"}}],\"inLanguage\":\"fr-FR\"},{\"@type\":\"Organization\",\"@id\":\"https:\/\/survivornet.ca\/#organization\",\"name\":\"Canadian Cancer Survivor Network\",\"url\":\"https:\/\/survivornet.ca\/\",\"logo\":{\"@type\":\"ImageObject\",\"inLanguage\":\"fr-FR\",\"@id\":\"https:\/\/survivornet.ca\/#\/schema\/logo\/image\/\",\"url\":\"http:\/\/survivornet.ca\/wp-content\/uploads\/2016\/12\/CCSN_Logo_EN_SQUARE.png\",\"contentUrl\":\"http:\/\/survivornet.ca\/wp-content\/uploads\/2016\/12\/CCSN_Logo_EN_SQUARE.png\",\"width\":1209,\"height\":1007,\"caption\":\"Canadian Cancer Survivor Network\"},\"image\":{\"@id\":\"https:\/\/survivornet.ca\/#\/schema\/logo\/image\/\"}}]}<\/script>\n<!-- \/ Yoast SEO plugin. -->","yoast_head_json":{"title":"Kathy Mossman (1942-2013) - Canadian Cancer Survivor Network","robots":{"index":"index","follow":"follow","max-snippet":"max-snippet:-1","max-image-preview":"max-image-preview:large","max-video-preview":"max-video-preview:-1"},"canonical":"https:\/\/survivornet.ca\/fr\/reliez-vous\/nos-etres-chers\/kathy-mossman-1942-2013\/","og_locale":"fr_FR","og_type":"article","og_title":"Kathy Mossman (1942-2013) - Canadian Cancer Survivor Network","og_description":"Kathleen Anne \u00ab\u00a0Kathy\u00a0\u00bb Mossman, de Lunenburg, N.-E., \u00a0est d\u00e9c\u00e9d\u00e9e \u00e0 l\u2019\u00e2ge de 71 ans, le 3 juin 2013 d\u2019un cancer des ovaires. Elle a rendu l\u2019\u00e2me paisiblement, entour\u00e9e de sa famille, au","og_url":"https:\/\/survivornet.ca\/fr\/reliez-vous\/nos-etres-chers\/kathy-mossman-1942-2013\/","og_site_name":"Canadian Cancer Survivor Network","og_image":[{"url":"http:\/\/survivornet.ca\/wp-content\/uploads\/2017\/02\/Kathy-Mossman-250x300.jpg","type":"","width":"","height":""}],"twitter_card":"summary_large_image","twitter_misc":{"Dur\u00e9e de lecture estim\u00e9e":"2 minutes"},"schema":{"@context":"https:\/\/schema.org","@graph":[{"@type":"WebPage","@id":"https:\/\/survivornet.ca\/fr\/reliez-vous\/nos-etres-chers\/kathy-mossman-1942-2013\/","url":"https:\/\/survivornet.ca\/fr\/reliez-vous\/nos-etres-chers\/kathy-mossman-1942-2013\/","name":"Kathy Mossman (1942-2013) - Canadian Cancer Survivor Network","isPartOf":{"@id":"https:\/\/survivornet.ca\/#website"},"primaryImageOfPage":{"@id":"https:\/\/survivornet.ca\/fr\/reliez-vous\/nos-etres-chers\/kathy-mossman-1942-2013\/#primaryimage"},"image":{"@id":"https:\/\/survivornet.ca\/fr\/reliez-vous\/nos-etres-chers\/kathy-mossman-1942-2013\/#primaryimage"},"thumbnailUrl":"http:\/\/survivornet.ca\/wp-content\/uploads\/2017\/02\/Kathy-Mossman-250x300.jpg","datePublished":"2017-06-01T13:13:23+00:00","breadcrumb":{"@id":"https:\/\/survivornet.ca\/fr\/reliez-vous\/nos-etres-chers\/kathy-mossman-1942-2013\/#breadcrumb"},"inLanguage":"fr-FR","potentialAction":[{"@type":"ReadAction","target":["https:\/\/survivornet.ca\/fr\/reliez-vous\/nos-etres-chers\/kathy-mossman-1942-2013\/"]}]},{"@type":"ImageObject","inLanguage":"fr-FR","@id":"https:\/\/survivornet.ca\/fr\/reliez-vous\/nos-etres-chers\/kathy-mossman-1942-2013\/#primaryimage","url":"http:\/\/survivornet.ca\/wp-content\/uploads\/2017\/02\/Kathy-Mossman-250x300.jpg","contentUrl":"http:\/\/survivornet.ca\/wp-content\/uploads\/2017\/02\/Kathy-Mossman-250x300.jpg"},{"@type":"BreadcrumbList","@id":"https:\/\/survivornet.ca\/fr\/reliez-vous\/nos-etres-chers\/kathy-mossman-1942-2013\/#breadcrumb","itemListElement":[{"@type":"ListItem","position":1,"name":"Home","item":"https:\/\/survivornet.ca\/fr\/"},{"@type":"ListItem","position":2,"name":"Connectez","item":"https:\/\/survivornet.ca\/fr\/reliez-vous\/"},{"@type":"ListItem","position":3,"name":"Nos \u00eatres chers","item":"https:\/\/survivornet.ca\/fr\/reliez-vous\/nos-etres-chers\/"},{"@type":"ListItem","position":4,"name":"Kathy Mossman (1942-2013)"}]},{"@type":"WebSite","@id":"https:\/\/survivornet.ca\/#website","url":"https:\/\/survivornet.ca\/","name":"Canadian Cancer Survivor Network","description":"The Canadian Cancer Survivor Network was created by a group of Canadians concerned about cancer.","publisher":{"@id":"https:\/\/survivornet.ca\/#organization"},"potentialAction":[{"@type":"SearchAction","target":{"@type":"EntryPoint","urlTemplate":"https:\/\/survivornet.ca\/?s={search_term_string}"},"query-input":{"@type":"PropertyValueSpecification","valueRequired":true,"valueName":"search_term_string"}}],"inLanguage":"fr-FR"},{"@type":"Organization","@id":"https:\/\/survivornet.ca\/#organization","name":"Canadian Cancer Survivor Network","url":"https:\/\/survivornet.ca\/","logo":{"@type":"ImageObject","inLanguage":"fr-FR","@id":"https:\/\/survivornet.ca\/#\/schema\/logo\/image\/","url":"http:\/\/survivornet.ca\/wp-content\/uploads\/2016\/12\/CCSN_Logo_EN_SQUARE.png","contentUrl":"http:\/\/survivornet.ca\/wp-content\/uploads\/2016\/12\/CCSN_Logo_EN_SQUARE.png","width":1209,"height":1007,"caption":"Canadian Cancer Survivor Network"},"image":{"@id":"https:\/\/survivornet.ca\/#\/schema\/logo\/image\/"}}]}},"_links":{"self":[{"href":"https:\/\/survivornet.ca\/fr\/wp-json\/wp\/v2\/pages\/4643","targetHints":{"allow":["GET"]}}],"collection":[{"href":"https:\/\/survivornet.ca\/fr\/wp-json\/wp\/v2\/pages"}],"about":[{"href":"https:\/\/survivornet.ca\/fr\/wp-json\/wp\/v2\/types\/page"}],"author":[{"embeddable":true,"href":"https:\/\/survivornet.ca\/fr\/wp-json\/wp\/v2\/users\/2"}],"replies":[{"embeddable":true,"href":"https:\/\/survivornet.ca\/fr\/wp-json\/wp\/v2\/comments?post=4643"}],"version-history":[{"count":0,"href":"https:\/\/survivornet.ca\/fr\/wp-json\/wp\/v2\/pages\/4643\/revisions"}],"up":[{"embeddable":true,"href":"https:\/\/survivornet.ca\/fr\/wp-json\/wp\/v2\/pages\/4523"}],"wp:attachment":[{"href":"https:\/\/survivornet.ca\/fr\/wp-json\/wp\/v2\/media?parent=4643"}],"curies":[{"name":"wp","href":"https:\/\/api.w.org\/{rel}","templated":true}]}}