{"id":4641,"date":"2017-06-01T13:11:23","date_gmt":"2017-06-01T13:11:23","guid":{"rendered":"https:\/\/survivornet.ca\/?page_id=4641\/"},"modified":"2017-06-01T13:11:23","modified_gmt":"2017-06-01T13:11:23","slug":"dianne-hartling-1945-2011","status":"publish","type":"page","link":"https:\/\/survivornet.ca\/fr\/reliez-vous\/nos-etres-chers\/dianne-hartling-1945-2011\/","title":{"rendered":"Dianne Hartling (1945-2011)"},"content":{"rendered":"<p><img loading=\"lazy\" decoding=\"async\" class=\"alignleft size-medium wp-image-1466\" src=\"http:\/\/survivornet.ca\/wp-content\/uploads\/2017\/02\/Dianne-Hartling-Photo-242x300.jpg\" alt=\"\" width=\"242\" height=\"300\" srcset=\"https:\/\/survivornet.ca\/wp-content\/uploads\/2017\/02\/Dianne-Hartling-Photo-242x300.jpg 242w, https:\/\/survivornet.ca\/wp-content\/uploads\/2017\/02\/Dianne-Hartling-Photo.jpg 632w\" sizes=\"auto, (max-width: 242px) 100vw, 242px\" \/><\/p>\n<p>Nous pleurons la perte de Dianne Hartling d\u00e9c\u00e9d\u00e9e du cancer du sein m\u00e9tastatique le dimanche 28 ao\u00fbt 2011 \u00e0 l&#8217;\u00e2ge de 66 ans.<\/p>\n<p>Dianne \u00e9tait la fille bien-aim\u00e9e d\u2019Anne et de George \u201cBert\u201d Harris. Soeur de George, belle-soeur de Petra, et tante de Jason (Tammy) and Matthew (Anita). Elle manquera \u00e9norm\u00e9ment \u00e0 sa meilleure amie Lois Bourboun et \u00e0 son mari Abder, ainsi qu\u2019\u00e0 ses filles Malika, Amira and Nassima.<\/p>\n<p>Dianne a poursuivi une carri\u00e8re en tant qu\u2019administratrice des finances au minist\u00e8re des Affaires \u00e9trang\u00e8res, Transports et Travaux publics. Elle \u00e9tait une courtepointi\u00e8re avide, et une adh\u00e9rente active de Toastmasters et de la F\u00e9d\u00e9ration canadienne des femmes dipl\u00f4m\u00e9es des universit\u00e9s. Voyageuse dans l\u2019\u00e2me, elle fut une \u00e9tudiante en arch\u00e9ologie et antiquit\u00e9s tout au long de sa vie.<\/p>\n<p>Initialement diagnostiqu\u00e9e avec un cancer du sein en 1988, elle a fait face \u00e0 une premi\u00e8re r\u00e9cidive en 1990 et en a connu plusieurs autres \u00e0 travers les ann\u00e9es. Dianne n\u2019a jamais vacill\u00e9 dans sa volont\u00e9 d&#8217;agir en tant que patiente d\u00e9termin\u00e9e pour sa propre cause et celle d\u2019autres femmes comme elle. Nous nous souviendrons d\u2019elle comme \u00e9tant une personne aimable et douce qui \u00e9tait activement impliqu\u00e9e dans de nombreuses organisations vou\u00e9es \u00e0 la cause du cancer du sein, ayant \u00e9t\u00e9 pr\u00e9sidente de <em>Breast Cancer Action Ottawa<\/em> pendant quatre ans.<\/p>\n<p>Vers la fin de 2009, le R\u00e9seau canadien de lutte contre le cancer (RCLC) a demand\u00e9 \u00e0 Dianne de partager ses pens\u00e9es sinc\u00e8res sur le travail de plaidoyer de la perspective d&#8217;une patiente. Pour tous ceux qui ont eu la chance de connaitre Dianne personnellement \u2013mais aussi pour ceux qui n\u2019ont pas eu cette chance- ses mots ont \u00e9t\u00e9 une source d\u2019inspiration: \u201cJ\u2019ai peut-\u00eatre grandi dans les ann\u00e9es 60 et 70, mais je ne me suis jamais consid\u00e9r\u00e9e comme \u00e9tant une activiste. Le cancer a chang\u00e9 tout cela! J\u2019ai beaucoup appris sur la valeur d\u2019une voix se joignant\u00a0 \u00e0 d\u2019autres dans le but de verbaliser nos besoins \u00e0 la soci\u00e9t\u00e9. Comme l\u2019a si bien dit Margaret Mead, \u00ab\u00a0Ne doutez jamais qu&#8217;un groupe d&#8217;individus r\u00e9fl\u00e9chis et engag\u00e9s puisse changer le monde. En fait, le monde n\u2019a jamais \u00e9t\u00e9 chang\u00e9 autrement (\u201c<em>Never doubt that a small group of thoughtful committed citizens can change the world; indeed it\u2019s the only thing that ever has<\/em>.\u201d)\u00a0\u00bb.<\/p>\n<p>Dianne laisse derri\u00e8re elle un h\u00e9ritage b\u00e2ti sur la bont\u00e9 et la g\u00e9n\u00e9rosit\u00e9. Elle nous manquera \u00e9norm\u00e9ment.<\/p>\n","protected":false},"excerpt":{"rendered":"<p>Nous pleurons la perte de Dianne Hartling d\u00e9c\u00e9d\u00e9e du cancer du sein m\u00e9tastatique le dimanche 28 ao\u00fbt 2011 \u00e0 l&#8217;\u00e2ge de 66 ans. Dianne \u00e9tait la fille bien-aim\u00e9e d\u2019Anne et de George<\/p>\n","protected":false},"author":2,"featured_media":0,"parent":4523,"menu_order":6,"comment_status":"closed","ping_status":"closed","template":"","meta":{"_acf_changed":false,"footnotes":""},"class_list":["post-4641","page","type-page","status-publish","hentry"],"acf":[],"yoast_head":"<!-- This site is optimized with the Yoast SEO plugin v27.1.1 - https:\/\/yoast.com\/product\/yoast-seo-wordpress\/ -->\n<title>Dianne Hartling (1945-2011) - Canadian Cancer Survivor Network<\/title>\n<meta name=\"robots\" content=\"index, follow, max-snippet:-1, max-image-preview:large, max-video-preview:-1\" \/>\n<link rel=\"canonical\" href=\"https:\/\/survivornet.ca\/fr\/reliez-vous\/nos-etres-chers\/dianne-hartling-1945-2011\/\" \/>\n<meta property=\"og:locale\" content=\"fr_FR\" \/>\n<meta property=\"og:type\" content=\"article\" \/>\n<meta property=\"og:title\" content=\"Dianne Hartling (1945-2011) - Canadian Cancer Survivor Network\" \/>\n<meta property=\"og:description\" content=\"Nous pleurons la perte de Dianne Hartling d\u00e9c\u00e9d\u00e9e du cancer du sein m\u00e9tastatique le dimanche 28 ao\u00fbt 2011 \u00e0 l&#8217;\u00e2ge de 66 ans. Dianne \u00e9tait la fille bien-aim\u00e9e d\u2019Anne et de George\" \/>\n<meta property=\"og:url\" content=\"https:\/\/survivornet.ca\/fr\/reliez-vous\/nos-etres-chers\/dianne-hartling-1945-2011\/\" \/>\n<meta property=\"og:site_name\" content=\"Canadian Cancer Survivor Network\" \/>\n<meta property=\"og:image\" content=\"http:\/\/survivornet.ca\/wp-content\/uploads\/2017\/02\/Dianne-Hartling-Photo-242x300.jpg\" \/>\n<meta name=\"twitter:card\" content=\"summary_large_image\" \/>\n<meta name=\"twitter:label1\" content=\"Dur\u00e9e de lecture estim\u00e9e\" \/>\n\t<meta name=\"twitter:data1\" content=\"2 minutes\" \/>\n<script type=\"application\/ld+json\" class=\"yoast-schema-graph\">{\"@context\":\"https:\/\/schema.org\",\"@graph\":[{\"@type\":\"WebPage\",\"@id\":\"https:\/\/survivornet.ca\/fr\/reliez-vous\/nos-etres-chers\/dianne-hartling-1945-2011\/\",\"url\":\"https:\/\/survivornet.ca\/fr\/reliez-vous\/nos-etres-chers\/dianne-hartling-1945-2011\/\",\"name\":\"Dianne Hartling (1945-2011) - Canadian Cancer Survivor Network\",\"isPartOf\":{\"@id\":\"https:\/\/survivornet.ca\/#website\"},\"primaryImageOfPage\":{\"@id\":\"https:\/\/survivornet.ca\/fr\/reliez-vous\/nos-etres-chers\/dianne-hartling-1945-2011\/#primaryimage\"},\"image\":{\"@id\":\"https:\/\/survivornet.ca\/fr\/reliez-vous\/nos-etres-chers\/dianne-hartling-1945-2011\/#primaryimage\"},\"thumbnailUrl\":\"http:\/\/survivornet.ca\/wp-content\/uploads\/2017\/02\/Dianne-Hartling-Photo-242x300.jpg\",\"datePublished\":\"2017-06-01T13:11:23+00:00\",\"breadcrumb\":{\"@id\":\"https:\/\/survivornet.ca\/fr\/reliez-vous\/nos-etres-chers\/dianne-hartling-1945-2011\/#breadcrumb\"},\"inLanguage\":\"fr-FR\",\"potentialAction\":[{\"@type\":\"ReadAction\",\"target\":[\"https:\/\/survivornet.ca\/fr\/reliez-vous\/nos-etres-chers\/dianne-hartling-1945-2011\/\"]}]},{\"@type\":\"ImageObject\",\"inLanguage\":\"fr-FR\",\"@id\":\"https:\/\/survivornet.ca\/fr\/reliez-vous\/nos-etres-chers\/dianne-hartling-1945-2011\/#primaryimage\",\"url\":\"http:\/\/survivornet.ca\/wp-content\/uploads\/2017\/02\/Dianne-Hartling-Photo-242x300.jpg\",\"contentUrl\":\"http:\/\/survivornet.ca\/wp-content\/uploads\/2017\/02\/Dianne-Hartling-Photo-242x300.jpg\"},{\"@type\":\"BreadcrumbList\",\"@id\":\"https:\/\/survivornet.ca\/fr\/reliez-vous\/nos-etres-chers\/dianne-hartling-1945-2011\/#breadcrumb\",\"itemListElement\":[{\"@type\":\"ListItem\",\"position\":1,\"name\":\"Home\",\"item\":\"https:\/\/survivornet.ca\/fr\/\"},{\"@type\":\"ListItem\",\"position\":2,\"name\":\"Connectez\",\"item\":\"https:\/\/survivornet.ca\/fr\/reliez-vous\/\"},{\"@type\":\"ListItem\",\"position\":3,\"name\":\"Nos \u00eatres chers\",\"item\":\"https:\/\/survivornet.ca\/fr\/reliez-vous\/nos-etres-chers\/\"},{\"@type\":\"ListItem\",\"position\":4,\"name\":\"Dianne Hartling (1945-2011)\"}]},{\"@type\":\"WebSite\",\"@id\":\"https:\/\/survivornet.ca\/#website\",\"url\":\"https:\/\/survivornet.ca\/\",\"name\":\"Canadian Cancer Survivor Network\",\"description\":\"The Canadian Cancer Survivor Network was created by a group of Canadians concerned about cancer.\",\"publisher\":{\"@id\":\"https:\/\/survivornet.ca\/#organization\"},\"potentialAction\":[{\"@type\":\"SearchAction\",\"target\":{\"@type\":\"EntryPoint\",\"urlTemplate\":\"https:\/\/survivornet.ca\/?s={search_term_string}\"},\"query-input\":{\"@type\":\"PropertyValueSpecification\",\"valueRequired\":true,\"valueName\":\"search_term_string\"}}],\"inLanguage\":\"fr-FR\"},{\"@type\":\"Organization\",\"@id\":\"https:\/\/survivornet.ca\/#organization\",\"name\":\"Canadian Cancer Survivor Network\",\"url\":\"https:\/\/survivornet.ca\/\",\"logo\":{\"@type\":\"ImageObject\",\"inLanguage\":\"fr-FR\",\"@id\":\"https:\/\/survivornet.ca\/#\/schema\/logo\/image\/\",\"url\":\"http:\/\/survivornet.ca\/wp-content\/uploads\/2016\/12\/CCSN_Logo_EN_SQUARE.png\",\"contentUrl\":\"http:\/\/survivornet.ca\/wp-content\/uploads\/2016\/12\/CCSN_Logo_EN_SQUARE.png\",\"width\":1209,\"height\":1007,\"caption\":\"Canadian Cancer Survivor Network\"},\"image\":{\"@id\":\"https:\/\/survivornet.ca\/#\/schema\/logo\/image\/\"}}]}<\/script>\n<!-- \/ Yoast SEO plugin. -->","yoast_head_json":{"title":"Dianne Hartling (1945-2011) - Canadian Cancer Survivor Network","robots":{"index":"index","follow":"follow","max-snippet":"max-snippet:-1","max-image-preview":"max-image-preview:large","max-video-preview":"max-video-preview:-1"},"canonical":"https:\/\/survivornet.ca\/fr\/reliez-vous\/nos-etres-chers\/dianne-hartling-1945-2011\/","og_locale":"fr_FR","og_type":"article","og_title":"Dianne Hartling (1945-2011) - Canadian Cancer Survivor Network","og_description":"Nous pleurons la perte de Dianne Hartling d\u00e9c\u00e9d\u00e9e du cancer du sein m\u00e9tastatique le dimanche 28 ao\u00fbt 2011 \u00e0 l&#8217;\u00e2ge de 66 ans. Dianne \u00e9tait la fille bien-aim\u00e9e d\u2019Anne et de George","og_url":"https:\/\/survivornet.ca\/fr\/reliez-vous\/nos-etres-chers\/dianne-hartling-1945-2011\/","og_site_name":"Canadian Cancer Survivor Network","og_image":[{"url":"http:\/\/survivornet.ca\/wp-content\/uploads\/2017\/02\/Dianne-Hartling-Photo-242x300.jpg","type":"","width":"","height":""}],"twitter_card":"summary_large_image","twitter_misc":{"Dur\u00e9e de lecture estim\u00e9e":"2 minutes"},"schema":{"@context":"https:\/\/schema.org","@graph":[{"@type":"WebPage","@id":"https:\/\/survivornet.ca\/fr\/reliez-vous\/nos-etres-chers\/dianne-hartling-1945-2011\/","url":"https:\/\/survivornet.ca\/fr\/reliez-vous\/nos-etres-chers\/dianne-hartling-1945-2011\/","name":"Dianne Hartling (1945-2011) - Canadian Cancer Survivor Network","isPartOf":{"@id":"https:\/\/survivornet.ca\/#website"},"primaryImageOfPage":{"@id":"https:\/\/survivornet.ca\/fr\/reliez-vous\/nos-etres-chers\/dianne-hartling-1945-2011\/#primaryimage"},"image":{"@id":"https:\/\/survivornet.ca\/fr\/reliez-vous\/nos-etres-chers\/dianne-hartling-1945-2011\/#primaryimage"},"thumbnailUrl":"http:\/\/survivornet.ca\/wp-content\/uploads\/2017\/02\/Dianne-Hartling-Photo-242x300.jpg","datePublished":"2017-06-01T13:11:23+00:00","breadcrumb":{"@id":"https:\/\/survivornet.ca\/fr\/reliez-vous\/nos-etres-chers\/dianne-hartling-1945-2011\/#breadcrumb"},"inLanguage":"fr-FR","potentialAction":[{"@type":"ReadAction","target":["https:\/\/survivornet.ca\/fr\/reliez-vous\/nos-etres-chers\/dianne-hartling-1945-2011\/"]}]},{"@type":"ImageObject","inLanguage":"fr-FR","@id":"https:\/\/survivornet.ca\/fr\/reliez-vous\/nos-etres-chers\/dianne-hartling-1945-2011\/#primaryimage","url":"http:\/\/survivornet.ca\/wp-content\/uploads\/2017\/02\/Dianne-Hartling-Photo-242x300.jpg","contentUrl":"http:\/\/survivornet.ca\/wp-content\/uploads\/2017\/02\/Dianne-Hartling-Photo-242x300.jpg"},{"@type":"BreadcrumbList","@id":"https:\/\/survivornet.ca\/fr\/reliez-vous\/nos-etres-chers\/dianne-hartling-1945-2011\/#breadcrumb","itemListElement":[{"@type":"ListItem","position":1,"name":"Home","item":"https:\/\/survivornet.ca\/fr\/"},{"@type":"ListItem","position":2,"name":"Connectez","item":"https:\/\/survivornet.ca\/fr\/reliez-vous\/"},{"@type":"ListItem","position":3,"name":"Nos \u00eatres chers","item":"https:\/\/survivornet.ca\/fr\/reliez-vous\/nos-etres-chers\/"},{"@type":"ListItem","position":4,"name":"Dianne Hartling (1945-2011)"}]},{"@type":"WebSite","@id":"https:\/\/survivornet.ca\/#website","url":"https:\/\/survivornet.ca\/","name":"Canadian Cancer Survivor Network","description":"The Canadian Cancer Survivor Network was created by a group of Canadians concerned about cancer.","publisher":{"@id":"https:\/\/survivornet.ca\/#organization"},"potentialAction":[{"@type":"SearchAction","target":{"@type":"EntryPoint","urlTemplate":"https:\/\/survivornet.ca\/?s={search_term_string}"},"query-input":{"@type":"PropertyValueSpecification","valueRequired":true,"valueName":"search_term_string"}}],"inLanguage":"fr-FR"},{"@type":"Organization","@id":"https:\/\/survivornet.ca\/#organization","name":"Canadian Cancer Survivor Network","url":"https:\/\/survivornet.ca\/","logo":{"@type":"ImageObject","inLanguage":"fr-FR","@id":"https:\/\/survivornet.ca\/#\/schema\/logo\/image\/","url":"http:\/\/survivornet.ca\/wp-content\/uploads\/2016\/12\/CCSN_Logo_EN_SQUARE.png","contentUrl":"http:\/\/survivornet.ca\/wp-content\/uploads\/2016\/12\/CCSN_Logo_EN_SQUARE.png","width":1209,"height":1007,"caption":"Canadian Cancer Survivor Network"},"image":{"@id":"https:\/\/survivornet.ca\/#\/schema\/logo\/image\/"}}]}},"_links":{"self":[{"href":"https:\/\/survivornet.ca\/fr\/wp-json\/wp\/v2\/pages\/4641","targetHints":{"allow":["GET"]}}],"collection":[{"href":"https:\/\/survivornet.ca\/fr\/wp-json\/wp\/v2\/pages"}],"about":[{"href":"https:\/\/survivornet.ca\/fr\/wp-json\/wp\/v2\/types\/page"}],"author":[{"embeddable":true,"href":"https:\/\/survivornet.ca\/fr\/wp-json\/wp\/v2\/users\/2"}],"replies":[{"embeddable":true,"href":"https:\/\/survivornet.ca\/fr\/wp-json\/wp\/v2\/comments?post=4641"}],"version-history":[{"count":0,"href":"https:\/\/survivornet.ca\/fr\/wp-json\/wp\/v2\/pages\/4641\/revisions"}],"up":[{"embeddable":true,"href":"https:\/\/survivornet.ca\/fr\/wp-json\/wp\/v2\/pages\/4523"}],"wp:attachment":[{"href":"https:\/\/survivornet.ca\/fr\/wp-json\/wp\/v2\/media?parent=4641"}],"curies":[{"name":"wp","href":"https:\/\/api.w.org\/{rel}","templated":true}]}}