{"id":4635,"date":"2017-06-01T13:07:15","date_gmt":"2017-06-01T13:07:15","guid":{"rendered":"https:\/\/survivornet.ca\/?page_id=4635\/"},"modified":"2017-06-01T13:21:54","modified_gmt":"2017-06-01T13:21:54","slug":"catherine-mooney-1958-2013","status":"publish","type":"page","link":"https:\/\/survivornet.ca\/fr\/reliez-vous\/nos-etres-chers\/catherine-mooney-1958-2013\/","title":{"rendered":"Catherine Mooney (1958-2013)"},"content":{"rendered":"<p><strong>Catherine Mooney, \u00e9tait infatigable dans la collecte de fonds pour la recherche\u00a0<\/strong><br \/>\n<em>Par\u00a0Heather Jordan Ross<\/em><\/p>\n<p>On se souviendra de Catherine Mooney \u00a0comme b\u00e9n\u00e9vole, \u00a0artiste, femme d\u2019affaires et \u00a0propri\u00e9taire du terrain de camping \u00a0Campbell\u2019s Cove. Elle a aid\u00e9 b\u00e9n\u00e9volement \u00e0 ramasser des fonds pour la recherche sur le cancer du sein. On se souviendra aussi de son visage jovial et amical, toujours pr\u00eate \u00e0 donner un coup de main.<\/p>\n<p>Mme Mooney est d\u00e9c\u00e9d\u00e9e le 1<sup>ier<\/sup> \u00a0juin 2013 \u00e0 l\u2019\u00e2ge de 56 ans. Elle laisse dans le deuil son conjoint Charles, \u00a0sa famille\u00a0: Andy, Jennifer, Scott, Joel, Katie et \u00a0sa petite-fille Emma.<\/p>\n<p>Catherine Mooney a grandi dans le New Jersey, \u00e0 Palisades Park. C\u2019est \u00e0 l\u2019\u00e2ge de 15 ans qu\u2019elle va \u00e0 l\u2019\u00cele-du-Prince-\u00c9douard rendre visite \u00e0 sa famille, pour y revenir chaque \u00e9t\u00e9 ensuite. Apr\u00e8s avoir appris le langage des signes \u00e0 l\u2019University of Montevallo en Alabama en 1985,\u00a0 Mme Mooney s\u2019est install\u00e9e \u00e0 l\u2019\u00cele-du-Prince-\u00c9douard, sur cette terre qu\u2019elle ch\u00e9rissait tant.<\/p>\n<p>\u00ab\u00a0Elle savait depuis toujours qu\u2019elle voulait vivre ici\u00a0\u00bb, dit Charles, son conjoint.<\/p>\n<p>Catherine Mooney a commenc\u00e9 \u00e0 faire du b\u00e9n\u00e9volat pour la Croix-Rouge, aussit\u00f4t arriv\u00e9e \u00e0 Souris, en attendant d\u2019avoir son permis de travail. Ses t\u00e2ches consistaient \u00e0 apporter de\u00a0 la nourriture aux personnes \u00e2g\u00e9es ou les amener \u00e0 l\u2019h\u00f4pital pour leurs rendez-vous.<\/p>\n<p>\u00ab Au moindre p\u00e9pin, Catherine \u00e9tait la premi\u00e8re \u00e0 pr\u00eater main forte. Elle ne pouvait pas rester en place\u00a0\u00bb, selon son conjoint Charles. \u00ab\u00a0Elle \u00e9tait aimante, juste et transparente. Elle n\u2019h\u00e9sitait pas \u00e0 exprimer\u00a0 le fond de sa pens\u00e9e\u00bb.<\/p>\n<p>\u00ab\u00a0Cathy \u00e9tait une personne en or que j\u2019estimais beaucoup. J\u2019ai \u00e9t\u00e9 privil\u00e9gi\u00e9e de la c\u00f4toyer pendant pr\u00e8s de 25 ans\u00a0\u00bb, dit\u00a0 Nancy Ching, une amie de longue date. \u00ab\u00a0Son empathie et sa g\u00e9n\u00e9rosit\u00e9 \u00e9taient ses plus grandes qualit\u00e9s\u00a0\u00bb.<\/p>\n<p>Mme Mooney \u00a0s\u2018impliquait beaucoup dans la communaut\u00e9 tout en \u00e9levant ses enfants \u2013 elle les amenait \u00e0 l\u2019\u00e9cole, chez les Scouts, les Guides, \u00a0aux 4-H et aux pique-niques de hotdogs.<\/p>\n<p>Tout \u00e9tudiant\u00a0 de Souris, \u00e2g\u00e9 entre 23 et 33 ans, a surement une certaine connaissance du langage des signes. \u00ab\u00a0Tous les scouts et les guides ont leur badge mais ils ne l\u2019ont pas obtenu aussi facilement. Ils devaient conna\u00eetre le langage des signes\u00a0\u00bb, se souvient Charles Mooney.<\/p>\n<p>C\u2019est quand Katie, \u00a0leur plus jeune fille, \u00e9tait en maternelle, que Catherine a re\u00e7u un diagnostic de cancer du sein. \u00ab\u00a0Les m\u00e9decins lui donnaient \u00e0 peine cinq pourcent de chances de survivre pendant deux ans\u00a0\u00bb, ajoute-t-il.<br \/>\nKatie est dipl\u00f4m\u00e9e de l\u2019University of Prince Edward Island depuis l\u2019an dernier.<\/p>\n<p>Lorsque Mme Mooney en avait la force, elle ramassait des fonds pour la recherche sur le cancer du sein. Un des premiers organismes qu\u2019elle a cr\u00e9\u00e9s est devenu par la suite le <em>Eastern Kings Giant Yard Sale.<\/em><\/p>\n<p>La vente-d\u00e9barras couvrait pr\u00e8s de 8 kilom\u00e8tres de la boucle de Rollo Bay. Catherine Mooney donnait des ballons moyennant la somme de 15$ dans le but de faire une brochure. \u00ab\u00a0Ceux qui ne voulaient pas organiser de vente-d\u00e9barras lui donnaient ce dont ils voulaient se d\u00e9barrasser\u00a0; tout l\u2019argent r\u00e9colt\u00e9 \u00e9tait pour la cause du cancer du sein.\u00a0\u00bb dit M. Mooney. Chaque ann\u00e9e, elle amassait entre 1200$ et 2200$<\/p>\n<p>La vente-d\u00e9barras s\u2019\u00e9tend maintenant de Dingwells Mills \u00e0 Eastern Kings, m\u00eame si Mme Mooney ne s\u2019en occupe plus. Elle participe cependant aux collectes de fonds qui se d\u00e9roulent \u00e0 Campbell\u2019s Cove chaque ann\u00e9e. \u00a0Le terrain de camping \u00e9tait noir d\u2019objets \u00e0 vendre.<br \/>\n\u00ab\u00a0C\u2019\u00e9tait impressionnant de voir sa maison remplie \u00e0 pleine capacit\u00e9\u00a0; pendant des semaines et des semaines, les gens d\u00e9posaient chez elle les articles dont ils voulaient se d\u00e9barrasser\u00a0\u00bb, ajoute Nancy Ching.<\/p>\n<p>Mme Mooney \u00e9tait membre de plusieurs organismes de collectes de fonds dont le Team Boobalicious et\u00a0La Course\u00a0 pour la Vie CIBC.<\/p>\n<p>\u00ab\u00a0Il n\u2019y a rien que nous n\u2019avons pas fait\u00bb rench\u00e9rit Wanda Downe, une de ses co\u00e9quipi\u00e8res.<br \/>\nL\u2019ann\u00e9e pr\u00e9c\u00e9dente, pour la quatri\u00e8me fois cons\u00e9cutive, leur \u00e9quipe a remport\u00e9 la premi\u00e8re place pour la collecte de fonds lors de la course et Catherine Mooney, la premi\u00e8re place \u00e0 titre individuel. Par le biais de plusieurs\u00a0 activit\u00e9s comme les repas chez Valentine, les Bingo et \u00a0les tirages de courtes-pointes, elles ont r\u00e9ussi \u00e0 r\u00e9colter la somme de 19 000$.<\/p>\n<p>\u00ab\u00a0Elle croyait en la cause et voulait aider tout le monde\u00a0\u00bb, dit Wanda Downe.<\/p>\n<p>Il y a huit ans, Charles Mooney et son \u00e9pouse ont d\u00e9cid\u00e9 reprendre Campbell\u2019s Cove dans l\u2019intention de passer plus de temps avec leurs enfants. Le terrain de camping sera ouvert cet \u00e9t\u00e9 et l\u2019ann\u00e9e 2014 marquera son 10<sup>i\u00e8me<\/sup> anniversaire.<\/p>\n<p>\u00ab\u00a0Elle a acquis ce terrain de camping alors qu\u2019il affichait des pertes de 22,000$ par ann\u00e9e et elle a su le rentabiliser \u00bb, raconte, incr\u00e9dule, \u00a0M. Mooney. \u00ab\u00a0Les profits \u00e9taient presque tous r\u00e9investis dans l\u2019entreprise mais ce sont surtout les amiti\u00e9s que nous avons nou\u00e9es qui nous auront \u00e0 jamais marqu\u00e9s.\u00a0Elle avait de l\u2019entregent, et savait comment s\u2019y prendre avec les gens \u00e0 tel point que m\u00eame des enfants de moins de six ans s\u2019enqu\u00e9raient \u00e0 son sujet\u00a0; une fois, j\u2019ai m\u00eame re\u00e7u un appel d\u2019un campeur nonag\u00e9naire de la Colombie-Britannique qui voulait prendre de ses nouvelles\u00a0\u00bb.<\/p>\n<p>Catherine Mooney a eu une r\u00e9cidive du cancer du sein il y a deux ans\u00a0 et, il y a un mois, le cancer est r\u00e9apparu dans sa gorge.<\/p>\n<p>\u00ab\u00a0Elle n\u2019avait pas peur de la mort mais n\u2019avait aucune intention de mourir. Elle avait la conviction qu\u2019elle allait encore une fois combattre le cancer et s\u2019en sortir une fois de plus. C\u2019\u00e9tait une lutte de longue haleine qu\u2019elle a men\u00e9e jusqu\u2019\u00e0 la derni\u00e8re minute\u00a0\u00bb, relate Charles Mooney.<\/p>\n<p>Catherine Mooney adorait la musique\u00a0! \u00a0Dans sa jeunesse aux \u00c9tats-Unis, elle a pu voir Bruce Springsteen, Led Zeppelin et les Beatles en concert. Son cercueil \u00e9tait recouvert d\u2019une courtepointe qu\u2019elle avait elle-m\u00eame faite, avec l\u2019image des Beatles.<\/p>\n<p>Elle est morte \u00e0 l\u2019h\u00f4pital, entour\u00e9e de sa famille.<\/p>\n","protected":false},"excerpt":{"rendered":"<p>Catherine Mooney, \u00e9tait infatigable dans la collecte de fonds pour la recherche\u00a0 Par\u00a0Heather Jordan Ross On se souviendra de Catherine Mooney \u00a0comme b\u00e9n\u00e9vole, \u00a0artiste, femme d\u2019affaires et \u00a0propri\u00e9taire du terrain de camping<\/p>\n","protected":false},"author":2,"featured_media":0,"parent":4523,"menu_order":4,"comment_status":"closed","ping_status":"closed","template":"","meta":{"_acf_changed":false,"footnotes":""},"class_list":["post-4635","page","type-page","status-publish","hentry"],"acf":[],"yoast_head":"<!-- This site is optimized with the Yoast SEO plugin v27.4 - https:\/\/yoast.com\/product\/yoast-seo-wordpress\/ -->\n<title>Catherine Mooney (1958-2013) - Canadian Cancer Survivor Network<\/title>\n<meta name=\"robots\" content=\"index, follow, max-snippet:-1, max-image-preview:large, max-video-preview:-1\" \/>\n<link rel=\"canonical\" href=\"https:\/\/survivornet.ca\/fr\/reliez-vous\/nos-etres-chers\/catherine-mooney-1958-2013\/\" \/>\n<meta property=\"og:locale\" content=\"fr_FR\" \/>\n<meta property=\"og:type\" content=\"article\" \/>\n<meta property=\"og:title\" content=\"Catherine Mooney (1958-2013) - Canadian Cancer Survivor Network\" \/>\n<meta property=\"og:description\" content=\"Catherine Mooney, \u00e9tait infatigable dans la collecte de fonds pour la recherche\u00a0 Par\u00a0Heather Jordan Ross On se souviendra de Catherine Mooney \u00a0comme b\u00e9n\u00e9vole, \u00a0artiste, femme d\u2019affaires et \u00a0propri\u00e9taire du terrain de camping\" \/>\n<meta property=\"og:url\" content=\"https:\/\/survivornet.ca\/fr\/reliez-vous\/nos-etres-chers\/catherine-mooney-1958-2013\/\" \/>\n<meta property=\"og:site_name\" content=\"Canadian Cancer Survivor Network\" \/>\n<meta property=\"article:modified_time\" content=\"2017-06-01T13:21:54+00:00\" \/>\n<meta name=\"twitter:card\" content=\"summary_large_image\" \/>\n<meta name=\"twitter:label1\" content=\"Dur\u00e9e de lecture estim\u00e9e\" \/>\n\t<meta name=\"twitter:data1\" content=\"5 minutes\" \/>\n<script type=\"application\/ld+json\" class=\"yoast-schema-graph\">{\"@context\":\"https:\\\/\\\/schema.org\",\"@graph\":[{\"@type\":\"WebPage\",\"@id\":\"https:\\\/\\\/survivornet.ca\\\/fr\\\/reliez-vous\\\/nos-etres-chers\\\/catherine-mooney-1958-2013\\\/\",\"url\":\"https:\\\/\\\/survivornet.ca\\\/fr\\\/reliez-vous\\\/nos-etres-chers\\\/catherine-mooney-1958-2013\\\/\",\"name\":\"Catherine Mooney (1958-2013) - Canadian Cancer Survivor Network\",\"isPartOf\":{\"@id\":\"https:\\\/\\\/survivornet.ca\\\/#website\"},\"datePublished\":\"2017-06-01T13:07:15+00:00\",\"dateModified\":\"2017-06-01T13:21:54+00:00\",\"breadcrumb\":{\"@id\":\"https:\\\/\\\/survivornet.ca\\\/fr\\\/reliez-vous\\\/nos-etres-chers\\\/catherine-mooney-1958-2013\\\/#breadcrumb\"},\"inLanguage\":\"fr-FR\",\"potentialAction\":[{\"@type\":\"ReadAction\",\"target\":[\"https:\\\/\\\/survivornet.ca\\\/fr\\\/reliez-vous\\\/nos-etres-chers\\\/catherine-mooney-1958-2013\\\/\"]}]},{\"@type\":\"BreadcrumbList\",\"@id\":\"https:\\\/\\\/survivornet.ca\\\/fr\\\/reliez-vous\\\/nos-etres-chers\\\/catherine-mooney-1958-2013\\\/#breadcrumb\",\"itemListElement\":[{\"@type\":\"ListItem\",\"position\":1,\"name\":\"Home\",\"item\":\"https:\\\/\\\/survivornet.ca\\\/fr\\\/\"},{\"@type\":\"ListItem\",\"position\":2,\"name\":\"Connectez\",\"item\":\"https:\\\/\\\/survivornet.ca\\\/fr\\\/reliez-vous\\\/\"},{\"@type\":\"ListItem\",\"position\":3,\"name\":\"Nos \u00eatres chers\",\"item\":\"https:\\\/\\\/survivornet.ca\\\/fr\\\/reliez-vous\\\/nos-etres-chers\\\/\"},{\"@type\":\"ListItem\",\"position\":4,\"name\":\"Catherine Mooney (1958-2013)\"}]},{\"@type\":\"WebSite\",\"@id\":\"https:\\\/\\\/survivornet.ca\\\/#website\",\"url\":\"https:\\\/\\\/survivornet.ca\\\/\",\"name\":\"Canadian Cancer Survivor Network\",\"description\":\"The Canadian Cancer Survivor Network was created by a group of Canadians concerned about cancer.\",\"publisher\":{\"@id\":\"https:\\\/\\\/survivornet.ca\\\/#organization\"},\"potentialAction\":[{\"@type\":\"SearchAction\",\"target\":{\"@type\":\"EntryPoint\",\"urlTemplate\":\"https:\\\/\\\/survivornet.ca\\\/?s={search_term_string}\"},\"query-input\":{\"@type\":\"PropertyValueSpecification\",\"valueRequired\":true,\"valueName\":\"search_term_string\"}}],\"inLanguage\":\"fr-FR\"},{\"@type\":\"Organization\",\"@id\":\"https:\\\/\\\/survivornet.ca\\\/#organization\",\"name\":\"Canadian Cancer Survivor Network\",\"url\":\"https:\\\/\\\/survivornet.ca\\\/\",\"logo\":{\"@type\":\"ImageObject\",\"inLanguage\":\"fr-FR\",\"@id\":\"https:\\\/\\\/survivornet.ca\\\/#\\\/schema\\\/logo\\\/image\\\/\",\"url\":\"http:\\\/\\\/survivornet.ca\\\/wp-content\\\/uploads\\\/2016\\\/12\\\/CCSN_Logo_EN_SQUARE.png\",\"contentUrl\":\"http:\\\/\\\/survivornet.ca\\\/wp-content\\\/uploads\\\/2016\\\/12\\\/CCSN_Logo_EN_SQUARE.png\",\"width\":1209,\"height\":1007,\"caption\":\"Canadian Cancer Survivor Network\"},\"image\":{\"@id\":\"https:\\\/\\\/survivornet.ca\\\/#\\\/schema\\\/logo\\\/image\\\/\"}}]}<\/script>\n<!-- \/ Yoast SEO plugin. -->","yoast_head_json":{"title":"Catherine Mooney (1958-2013) - Canadian Cancer Survivor Network","robots":{"index":"index","follow":"follow","max-snippet":"max-snippet:-1","max-image-preview":"max-image-preview:large","max-video-preview":"max-video-preview:-1"},"canonical":"https:\/\/survivornet.ca\/fr\/reliez-vous\/nos-etres-chers\/catherine-mooney-1958-2013\/","og_locale":"fr_FR","og_type":"article","og_title":"Catherine Mooney (1958-2013) - Canadian Cancer Survivor Network","og_description":"Catherine Mooney, \u00e9tait infatigable dans la collecte de fonds pour la recherche\u00a0 Par\u00a0Heather Jordan Ross On se souviendra de Catherine Mooney \u00a0comme b\u00e9n\u00e9vole, \u00a0artiste, femme d\u2019affaires et \u00a0propri\u00e9taire du terrain de camping","og_url":"https:\/\/survivornet.ca\/fr\/reliez-vous\/nos-etres-chers\/catherine-mooney-1958-2013\/","og_site_name":"Canadian Cancer Survivor Network","article_modified_time":"2017-06-01T13:21:54+00:00","twitter_card":"summary_large_image","twitter_misc":{"Dur\u00e9e de lecture estim\u00e9e":"5 minutes"},"schema":{"@context":"https:\/\/schema.org","@graph":[{"@type":"WebPage","@id":"https:\/\/survivornet.ca\/fr\/reliez-vous\/nos-etres-chers\/catherine-mooney-1958-2013\/","url":"https:\/\/survivornet.ca\/fr\/reliez-vous\/nos-etres-chers\/catherine-mooney-1958-2013\/","name":"Catherine Mooney (1958-2013) - Canadian Cancer Survivor Network","isPartOf":{"@id":"https:\/\/survivornet.ca\/#website"},"datePublished":"2017-06-01T13:07:15+00:00","dateModified":"2017-06-01T13:21:54+00:00","breadcrumb":{"@id":"https:\/\/survivornet.ca\/fr\/reliez-vous\/nos-etres-chers\/catherine-mooney-1958-2013\/#breadcrumb"},"inLanguage":"fr-FR","potentialAction":[{"@type":"ReadAction","target":["https:\/\/survivornet.ca\/fr\/reliez-vous\/nos-etres-chers\/catherine-mooney-1958-2013\/"]}]},{"@type":"BreadcrumbList","@id":"https:\/\/survivornet.ca\/fr\/reliez-vous\/nos-etres-chers\/catherine-mooney-1958-2013\/#breadcrumb","itemListElement":[{"@type":"ListItem","position":1,"name":"Home","item":"https:\/\/survivornet.ca\/fr\/"},{"@type":"ListItem","position":2,"name":"Connectez","item":"https:\/\/survivornet.ca\/fr\/reliez-vous\/"},{"@type":"ListItem","position":3,"name":"Nos \u00eatres chers","item":"https:\/\/survivornet.ca\/fr\/reliez-vous\/nos-etres-chers\/"},{"@type":"ListItem","position":4,"name":"Catherine Mooney (1958-2013)"}]},{"@type":"WebSite","@id":"https:\/\/survivornet.ca\/#website","url":"https:\/\/survivornet.ca\/","name":"Canadian Cancer Survivor Network","description":"The Canadian Cancer Survivor Network was created by a group of Canadians concerned about cancer.","publisher":{"@id":"https:\/\/survivornet.ca\/#organization"},"potentialAction":[{"@type":"SearchAction","target":{"@type":"EntryPoint","urlTemplate":"https:\/\/survivornet.ca\/?s={search_term_string}"},"query-input":{"@type":"PropertyValueSpecification","valueRequired":true,"valueName":"search_term_string"}}],"inLanguage":"fr-FR"},{"@type":"Organization","@id":"https:\/\/survivornet.ca\/#organization","name":"Canadian Cancer Survivor Network","url":"https:\/\/survivornet.ca\/","logo":{"@type":"ImageObject","inLanguage":"fr-FR","@id":"https:\/\/survivornet.ca\/#\/schema\/logo\/image\/","url":"http:\/\/survivornet.ca\/wp-content\/uploads\/2016\/12\/CCSN_Logo_EN_SQUARE.png","contentUrl":"http:\/\/survivornet.ca\/wp-content\/uploads\/2016\/12\/CCSN_Logo_EN_SQUARE.png","width":1209,"height":1007,"caption":"Canadian Cancer Survivor Network"},"image":{"@id":"https:\/\/survivornet.ca\/#\/schema\/logo\/image\/"}}]}},"_links":{"self":[{"href":"https:\/\/survivornet.ca\/fr\/wp-json\/wp\/v2\/pages\/4635","targetHints":{"allow":["GET"]}}],"collection":[{"href":"https:\/\/survivornet.ca\/fr\/wp-json\/wp\/v2\/pages"}],"about":[{"href":"https:\/\/survivornet.ca\/fr\/wp-json\/wp\/v2\/types\/page"}],"author":[{"embeddable":true,"href":"https:\/\/survivornet.ca\/fr\/wp-json\/wp\/v2\/users\/2"}],"replies":[{"embeddable":true,"href":"https:\/\/survivornet.ca\/fr\/wp-json\/wp\/v2\/comments?post=4635"}],"version-history":[{"count":0,"href":"https:\/\/survivornet.ca\/fr\/wp-json\/wp\/v2\/pages\/4635\/revisions"}],"up":[{"embeddable":true,"href":"https:\/\/survivornet.ca\/fr\/wp-json\/wp\/v2\/pages\/4523"}],"wp:attachment":[{"href":"https:\/\/survivornet.ca\/fr\/wp-json\/wp\/v2\/media?parent=4635"}],"curies":[{"name":"wp","href":"https:\/\/api.w.org\/{rel}","templated":true}]}}