{"id":4633,"date":"2017-06-01T13:04:08","date_gmt":"2017-06-01T13:04:08","guid":{"rendered":"https:\/\/survivornet.ca\/?page_id=4633\/"},"modified":"2017-06-01T13:04:08","modified_gmt":"2017-06-01T13:04:08","slug":"carol-hanna-1968-2013","status":"publish","type":"page","link":"https:\/\/survivornet.ca\/fr\/reliez-vous\/nos-etres-chers\/carol-hanna-1968-2013\/","title":{"rendered":"Carol Hanna (1968-2013)"},"content":{"rendered":"<p><img loading=\"lazy\" decoding=\"async\" class=\"alignleft wp-image-1455 size-full\" src=\"http:\/\/survivornet.ca\/wp-content\/uploads\/2017\/02\/Carol-Hanna.jpg\" width=\"120\" height=\"80\" \/><\/p>\n<p>\u00c0 45 ans, Carol Anne Hanna a rendu l\u2019\u00e2me apr\u00e8s une lutte de longue haleine avec le cancer, \u00e0 l\u2019h\u00f4pital North Shore Hospice, entour\u00e9e de son conjoint David, de son p\u00e8re Dave, de sa s\u0153ur Diane et de l\u2019affection de toute sa famille et ses amis.<\/p>\n<p>Le long s\u00e9jour de Carol Anne Hanna s\u2019est d\u00e9roul\u00e9 dans les meilleures conditions gr\u00e2ce au personnel soignant du North Shore Hospice qui a \u00e9t\u00e9 aimable et tendre avec elle et sa famille.<\/p>\n<p>Carol a rejoint sa m\u00e8re Julia, d\u00e9c\u00e9d\u00e9e avant elle, laissant dans le deuil sa fille unique, Charlotte.<\/p>\n<p>Carol \u00e9tait une personne passionn\u00e9e et courageuse. Ses gestes de bont\u00e9, d\u2019amour et sa g\u00e9n\u00e9rosit\u00e9 sans limite ont \u00e9t\u00e9 une source d\u2019inspiration pour tous ceux qui l\u2019ont c\u00f4toy\u00e9e. Elle incarnait la d\u00e9finition d\u2019une h\u00e9ro\u00efne : elle \u00e9tait aimable et ouverte aux autres, elle \u00e9tait instruite et accomplie au niveau professionnel ; Carol vivait chaque jour avec espoir et avec joie. Elle aidait les siens \u00e0 avoir confiance en eux-m\u00eames et \u00e0 r\u00e9aliser leurs r\u00eaves. Elle trouvait du plaisir dans les petits bonheurs de la vie comme faire du jardinage, pr\u00e9parer de bons petits plats, faire du tricot, prendre un verre de scotch de temps en temps, d\u00e9guster un parfait \u00e0 la fraise et passer du temps avec des amis.<\/p>\n<p>On se souviendra toujours de Carol comme d\u2019un esprit libre dont le plus profond bonheur \u00e9tait sa fille, Charlotte. L\u2019amour de Carol pour elle restera \u00e0 jamais grav\u00e9 dans nos m\u00e9moires. Un service comm\u00e9moratif a \u00e9t\u00e9 c\u00e9l\u00e9br\u00e9 \u00e0 l\u2019\u00e9glise Highlands United Church au Nord de Vancouver. Au lieu de fleurs, le North Shore Hospice Society accepte les dons.<\/p>\n","protected":false},"excerpt":{"rendered":"<p>\u00c0 45 ans, Carol Anne Hanna a rendu l\u2019\u00e2me apr\u00e8s une lutte de longue haleine avec le cancer, \u00e0 l\u2019h\u00f4pital North Shore Hospice, entour\u00e9e de son conjoint David, de son p\u00e8re Dave,<\/p>\n","protected":false},"author":2,"featured_media":0,"parent":4523,"menu_order":3,"comment_status":"closed","ping_status":"closed","template":"","meta":{"_acf_changed":false,"footnotes":""},"class_list":["post-4633","page","type-page","status-publish","hentry"],"acf":[],"yoast_head":"<!-- This site is optimized with the Yoast SEO plugin v27.1.1 - https:\/\/yoast.com\/product\/yoast-seo-wordpress\/ -->\n<title>Carol Hanna (1968-2013) - Canadian Cancer Survivor Network<\/title>\n<meta name=\"robots\" content=\"index, follow, max-snippet:-1, max-image-preview:large, max-video-preview:-1\" \/>\n<link rel=\"canonical\" href=\"https:\/\/survivornet.ca\/fr\/reliez-vous\/nos-etres-chers\/carol-hanna-1968-2013\/\" \/>\n<meta property=\"og:locale\" content=\"fr_FR\" \/>\n<meta property=\"og:type\" content=\"article\" \/>\n<meta property=\"og:title\" content=\"Carol Hanna (1968-2013) - Canadian Cancer Survivor Network\" \/>\n<meta property=\"og:description\" content=\"\u00c0 45 ans, Carol Anne Hanna a rendu l\u2019\u00e2me apr\u00e8s une lutte de longue haleine avec le cancer, \u00e0 l\u2019h\u00f4pital North Shore Hospice, entour\u00e9e de son conjoint David, de son p\u00e8re Dave,\" \/>\n<meta property=\"og:url\" content=\"https:\/\/survivornet.ca\/fr\/reliez-vous\/nos-etres-chers\/carol-hanna-1968-2013\/\" \/>\n<meta property=\"og:site_name\" content=\"Canadian Cancer Survivor Network\" \/>\n<meta property=\"og:image\" content=\"http:\/\/survivornet.ca\/wp-content\/uploads\/2017\/02\/Carol-Hanna.jpg\" \/>\n<meta name=\"twitter:card\" content=\"summary_large_image\" \/>\n<meta name=\"twitter:label1\" content=\"Dur\u00e9e de lecture estim\u00e9e\" \/>\n\t<meta name=\"twitter:data1\" content=\"2 minutes\" \/>\n<script type=\"application\/ld+json\" class=\"yoast-schema-graph\">{\"@context\":\"https:\/\/schema.org\",\"@graph\":[{\"@type\":\"WebPage\",\"@id\":\"https:\/\/survivornet.ca\/fr\/reliez-vous\/nos-etres-chers\/carol-hanna-1968-2013\/\",\"url\":\"https:\/\/survivornet.ca\/fr\/reliez-vous\/nos-etres-chers\/carol-hanna-1968-2013\/\",\"name\":\"Carol Hanna (1968-2013) - Canadian Cancer Survivor Network\",\"isPartOf\":{\"@id\":\"https:\/\/survivornet.ca\/#website\"},\"primaryImageOfPage\":{\"@id\":\"https:\/\/survivornet.ca\/fr\/reliez-vous\/nos-etres-chers\/carol-hanna-1968-2013\/#primaryimage\"},\"image\":{\"@id\":\"https:\/\/survivornet.ca\/fr\/reliez-vous\/nos-etres-chers\/carol-hanna-1968-2013\/#primaryimage\"},\"thumbnailUrl\":\"http:\/\/survivornet.ca\/wp-content\/uploads\/2017\/02\/Carol-Hanna.jpg\",\"datePublished\":\"2017-06-01T13:04:08+00:00\",\"breadcrumb\":{\"@id\":\"https:\/\/survivornet.ca\/fr\/reliez-vous\/nos-etres-chers\/carol-hanna-1968-2013\/#breadcrumb\"},\"inLanguage\":\"fr-FR\",\"potentialAction\":[{\"@type\":\"ReadAction\",\"target\":[\"https:\/\/survivornet.ca\/fr\/reliez-vous\/nos-etres-chers\/carol-hanna-1968-2013\/\"]}]},{\"@type\":\"ImageObject\",\"inLanguage\":\"fr-FR\",\"@id\":\"https:\/\/survivornet.ca\/fr\/reliez-vous\/nos-etres-chers\/carol-hanna-1968-2013\/#primaryimage\",\"url\":\"http:\/\/survivornet.ca\/wp-content\/uploads\/2017\/02\/Carol-Hanna.jpg\",\"contentUrl\":\"http:\/\/survivornet.ca\/wp-content\/uploads\/2017\/02\/Carol-Hanna.jpg\"},{\"@type\":\"BreadcrumbList\",\"@id\":\"https:\/\/survivornet.ca\/fr\/reliez-vous\/nos-etres-chers\/carol-hanna-1968-2013\/#breadcrumb\",\"itemListElement\":[{\"@type\":\"ListItem\",\"position\":1,\"name\":\"Home\",\"item\":\"https:\/\/survivornet.ca\/fr\/\"},{\"@type\":\"ListItem\",\"position\":2,\"name\":\"Connectez\",\"item\":\"https:\/\/survivornet.ca\/fr\/reliez-vous\/\"},{\"@type\":\"ListItem\",\"position\":3,\"name\":\"Nos \u00eatres chers\",\"item\":\"https:\/\/survivornet.ca\/fr\/reliez-vous\/nos-etres-chers\/\"},{\"@type\":\"ListItem\",\"position\":4,\"name\":\"Carol Hanna (1968-2013)\"}]},{\"@type\":\"WebSite\",\"@id\":\"https:\/\/survivornet.ca\/#website\",\"url\":\"https:\/\/survivornet.ca\/\",\"name\":\"Canadian Cancer Survivor Network\",\"description\":\"The Canadian Cancer Survivor Network was created by a group of Canadians concerned about cancer.\",\"publisher\":{\"@id\":\"https:\/\/survivornet.ca\/#organization\"},\"potentialAction\":[{\"@type\":\"SearchAction\",\"target\":{\"@type\":\"EntryPoint\",\"urlTemplate\":\"https:\/\/survivornet.ca\/?s={search_term_string}\"},\"query-input\":{\"@type\":\"PropertyValueSpecification\",\"valueRequired\":true,\"valueName\":\"search_term_string\"}}],\"inLanguage\":\"fr-FR\"},{\"@type\":\"Organization\",\"@id\":\"https:\/\/survivornet.ca\/#organization\",\"name\":\"Canadian Cancer Survivor Network\",\"url\":\"https:\/\/survivornet.ca\/\",\"logo\":{\"@type\":\"ImageObject\",\"inLanguage\":\"fr-FR\",\"@id\":\"https:\/\/survivornet.ca\/#\/schema\/logo\/image\/\",\"url\":\"http:\/\/survivornet.ca\/wp-content\/uploads\/2016\/12\/CCSN_Logo_EN_SQUARE.png\",\"contentUrl\":\"http:\/\/survivornet.ca\/wp-content\/uploads\/2016\/12\/CCSN_Logo_EN_SQUARE.png\",\"width\":1209,\"height\":1007,\"caption\":\"Canadian Cancer Survivor Network\"},\"image\":{\"@id\":\"https:\/\/survivornet.ca\/#\/schema\/logo\/image\/\"}}]}<\/script>\n<!-- \/ Yoast SEO plugin. -->","yoast_head_json":{"title":"Carol Hanna (1968-2013) - Canadian Cancer Survivor Network","robots":{"index":"index","follow":"follow","max-snippet":"max-snippet:-1","max-image-preview":"max-image-preview:large","max-video-preview":"max-video-preview:-1"},"canonical":"https:\/\/survivornet.ca\/fr\/reliez-vous\/nos-etres-chers\/carol-hanna-1968-2013\/","og_locale":"fr_FR","og_type":"article","og_title":"Carol Hanna (1968-2013) - Canadian Cancer Survivor Network","og_description":"\u00c0 45 ans, Carol Anne Hanna a rendu l\u2019\u00e2me apr\u00e8s une lutte de longue haleine avec le cancer, \u00e0 l\u2019h\u00f4pital North Shore Hospice, entour\u00e9e de son conjoint David, de son p\u00e8re Dave,","og_url":"https:\/\/survivornet.ca\/fr\/reliez-vous\/nos-etres-chers\/carol-hanna-1968-2013\/","og_site_name":"Canadian Cancer Survivor Network","og_image":[{"url":"http:\/\/survivornet.ca\/wp-content\/uploads\/2017\/02\/Carol-Hanna.jpg","type":"","width":"","height":""}],"twitter_card":"summary_large_image","twitter_misc":{"Dur\u00e9e de lecture estim\u00e9e":"2 minutes"},"schema":{"@context":"https:\/\/schema.org","@graph":[{"@type":"WebPage","@id":"https:\/\/survivornet.ca\/fr\/reliez-vous\/nos-etres-chers\/carol-hanna-1968-2013\/","url":"https:\/\/survivornet.ca\/fr\/reliez-vous\/nos-etres-chers\/carol-hanna-1968-2013\/","name":"Carol Hanna (1968-2013) - Canadian Cancer Survivor Network","isPartOf":{"@id":"https:\/\/survivornet.ca\/#website"},"primaryImageOfPage":{"@id":"https:\/\/survivornet.ca\/fr\/reliez-vous\/nos-etres-chers\/carol-hanna-1968-2013\/#primaryimage"},"image":{"@id":"https:\/\/survivornet.ca\/fr\/reliez-vous\/nos-etres-chers\/carol-hanna-1968-2013\/#primaryimage"},"thumbnailUrl":"http:\/\/survivornet.ca\/wp-content\/uploads\/2017\/02\/Carol-Hanna.jpg","datePublished":"2017-06-01T13:04:08+00:00","breadcrumb":{"@id":"https:\/\/survivornet.ca\/fr\/reliez-vous\/nos-etres-chers\/carol-hanna-1968-2013\/#breadcrumb"},"inLanguage":"fr-FR","potentialAction":[{"@type":"ReadAction","target":["https:\/\/survivornet.ca\/fr\/reliez-vous\/nos-etres-chers\/carol-hanna-1968-2013\/"]}]},{"@type":"ImageObject","inLanguage":"fr-FR","@id":"https:\/\/survivornet.ca\/fr\/reliez-vous\/nos-etres-chers\/carol-hanna-1968-2013\/#primaryimage","url":"http:\/\/survivornet.ca\/wp-content\/uploads\/2017\/02\/Carol-Hanna.jpg","contentUrl":"http:\/\/survivornet.ca\/wp-content\/uploads\/2017\/02\/Carol-Hanna.jpg"},{"@type":"BreadcrumbList","@id":"https:\/\/survivornet.ca\/fr\/reliez-vous\/nos-etres-chers\/carol-hanna-1968-2013\/#breadcrumb","itemListElement":[{"@type":"ListItem","position":1,"name":"Home","item":"https:\/\/survivornet.ca\/fr\/"},{"@type":"ListItem","position":2,"name":"Connectez","item":"https:\/\/survivornet.ca\/fr\/reliez-vous\/"},{"@type":"ListItem","position":3,"name":"Nos \u00eatres chers","item":"https:\/\/survivornet.ca\/fr\/reliez-vous\/nos-etres-chers\/"},{"@type":"ListItem","position":4,"name":"Carol Hanna (1968-2013)"}]},{"@type":"WebSite","@id":"https:\/\/survivornet.ca\/#website","url":"https:\/\/survivornet.ca\/","name":"Canadian Cancer Survivor Network","description":"The Canadian Cancer Survivor Network was created by a group of Canadians concerned about cancer.","publisher":{"@id":"https:\/\/survivornet.ca\/#organization"},"potentialAction":[{"@type":"SearchAction","target":{"@type":"EntryPoint","urlTemplate":"https:\/\/survivornet.ca\/?s={search_term_string}"},"query-input":{"@type":"PropertyValueSpecification","valueRequired":true,"valueName":"search_term_string"}}],"inLanguage":"fr-FR"},{"@type":"Organization","@id":"https:\/\/survivornet.ca\/#organization","name":"Canadian Cancer Survivor Network","url":"https:\/\/survivornet.ca\/","logo":{"@type":"ImageObject","inLanguage":"fr-FR","@id":"https:\/\/survivornet.ca\/#\/schema\/logo\/image\/","url":"http:\/\/survivornet.ca\/wp-content\/uploads\/2016\/12\/CCSN_Logo_EN_SQUARE.png","contentUrl":"http:\/\/survivornet.ca\/wp-content\/uploads\/2016\/12\/CCSN_Logo_EN_SQUARE.png","width":1209,"height":1007,"caption":"Canadian Cancer Survivor Network"},"image":{"@id":"https:\/\/survivornet.ca\/#\/schema\/logo\/image\/"}}]}},"_links":{"self":[{"href":"https:\/\/survivornet.ca\/fr\/wp-json\/wp\/v2\/pages\/4633","targetHints":{"allow":["GET"]}}],"collection":[{"href":"https:\/\/survivornet.ca\/fr\/wp-json\/wp\/v2\/pages"}],"about":[{"href":"https:\/\/survivornet.ca\/fr\/wp-json\/wp\/v2\/types\/page"}],"author":[{"embeddable":true,"href":"https:\/\/survivornet.ca\/fr\/wp-json\/wp\/v2\/users\/2"}],"replies":[{"embeddable":true,"href":"https:\/\/survivornet.ca\/fr\/wp-json\/wp\/v2\/comments?post=4633"}],"version-history":[{"count":0,"href":"https:\/\/survivornet.ca\/fr\/wp-json\/wp\/v2\/pages\/4633\/revisions"}],"up":[{"embeddable":true,"href":"https:\/\/survivornet.ca\/fr\/wp-json\/wp\/v2\/pages\/4523"}],"wp:attachment":[{"href":"https:\/\/survivornet.ca\/fr\/wp-json\/wp\/v2\/media?parent=4633"}],"curies":[{"name":"wp","href":"https:\/\/api.w.org\/{rel}","templated":true}]}}