{"id":4621,"date":"2017-05-31T18:11:41","date_gmt":"2017-05-31T18:11:41","guid":{"rendered":"https:\/\/survivornet.ca\/?page_id=4621\/"},"modified":"2017-05-31T18:11:41","modified_gmt":"2017-05-31T18:11:41","slug":"le-conseil-consultatif-sur-le-cancer-de-la-prostate","status":"publish","type":"page","link":"https:\/\/survivornet.ca\/fr\/reliez-vous\/les-comites-du-conseil-et-les-conseils-consultatifs\/le-conseil-consultatif-sur-le-cancer-de-la-prostate\/","title":{"rendered":"Le Conseil consultatif sur le Cancer de la Prostate"},"content":{"rendered":"<p>La bonne nouvelle, c\u2019est que plus d\u2019une douzaine de patients atteints du cancer de la prostate, de survivants et de parents se sont d\u00e9j\u00e0\u00a0 joints \u00e0 notre Conseil consultatif sur le Cancer de la Prostate et\u00a0 nous vous invitons \u00e0 faire de m\u00eame alors que nous nous pr\u00e9parons pour l\u2019ann\u00e9e 2014 avec des occasions et des projets nouveaux et emballants!<\/p>\n<p>Le R\u00e9seau canadien des Survivants du Cancer est un r\u00e9seau national regroupant des patients, des familles, des survivants, des amis, des partenaires communautaires, des investisseurs et des commanditaires, qui se sont unis pour promouvoir les meilleures normes de soins, qu\u2019il s\u2019agisse de diagnostic pr\u00e9coce , de\u00a0 traitement opportun\u00a0 et de suivi convenable, de soutien pour les personnes atteintes d\u2019un cancer ou d\u2019enjeux li\u00e9s \u00e0 la survie ou \u00e0 la qualit\u00e9 des soins de fin de vie. Cette ann\u00e9e et l\u2019ann\u00e9e prochaine nous donnons la priorit\u00e9 aux cancers de la prostate, du sein et du poumon ainsi qu\u2019au cancer m\u00e9tastatique.<\/p>\n<p>Bien que le nombre de cas continue d\u2019augmenter pour la plupart des cancers, les diagnostics pr\u00e9coces et de meilleurs traitements ont diminu\u00e9 le taux de mortalit\u00e9. Heureusement, de plus en plus de gens survivent au cancer, ce qui a men\u00e9 \u00e0 un besoin accru de d\u00e9velopper de nouveaux programmes et de nouvelles activit\u00e9s pour les survivants afin de s\u2019assurer de leur r\u00e9int\u00e9gration compl\u00e8te dans la soci\u00e9t\u00e9 une fois leur traitement termin\u00e9 et le r\u00e9tablissement complet entam\u00e9.<\/p>\n<p>Le RCSC met en contact des patients, des survivants et d\u2019autres parties int\u00e9ress\u00e9es avec les d\u00e9cideurs et toute la communaut\u00e9 afin d\u2019amorcer des discussions et de militer en faveur des meilleures pratiques fond\u00e9es sur des donn\u00e9es probantes pour all\u00e9ger les co\u00fbts m\u00e9dicaux, \u00e9motionnels, financiers et sociaux du cancer et encourager la recherche sur les fa\u00e7ons de surmonter les obstacles \u00e0 la mise en place de soins optimaux pour les personnes souffrant de cancer et pour les survivants au Canada.<\/p>\n<p>Le RCSC donne de l\u2019information et des formations aux patients et survivants pour qu\u2019ils puissent mieux d\u00e9fendre leurs droits, s\u2019adresser aux m\u00e9dias et d\u00e9cideurs \u00e0 propos des enjeux li\u00e9s \u00e0 la survie et participer \u00e0 toutes les r\u00e9unions o\u00f9 sont prises les d\u00e9cisions au sujet de la recherche\u00a0 et des soins aux personnes souffrant de cancer.<\/p>\n<p>Le RCSC constitue pr\u00e9sentement le Conseil consultatif sur le Cancer de la Prostate pour nous aider \u00e0 aiguiller notre travail au nom des patients atteints du cancer de la prostate et de leur famille. Plusieurs survivants du cancer de la prostate sont d\u00e9j\u00e0 devenus membres de ce Conseil et nous vous invitons \u00e0 faire de m\u00eame.<\/p>\n<p><strong>Le mandat\u00a0<\/strong><\/p>\n<p>Le Conseil consultatif sur le Cancer de la Prostate du R\u00e9seau canadien des Survivants du Cancer donne des conseils \u00e9clair\u00e9s au Conseil d\u2019administration et au chef de la direction. Il est compos\u00e9 de patients atteints du cancer de la prostate, de survivants, d\u2019aidants, de parents et de professionnels de la sant\u00e9 souhaitant travailler de concert avec les patients.<\/p>\n<p>Les principales responsabilit\u00e9s du Conseil consultatif sur le Cancer de la Prostate sont de\u00a0:<\/p>\n<ul class=\"content-list\">\n<li>donner un aper\u00e7u des exp\u00e9riences de cancer de la prostate v\u00e9cues par ses membres;<\/li>\n<li>fournir des conseils destin\u00e9s \u00e0 la section du cancer de la prostate sur le site du RCSC;<\/li>\n<li>aider le RCSC \u00e0 recruter des patients atteints du cancer de la prostate, des survivants et des aidants pour des \u00e9tudes, des sondages et de la recherche ainsi que participer personnellement \u00e0 ces activit\u00e9s;<\/li>\n<li>prendre la parole lors de conf\u00e9rences et parler aux m\u00e9dias des importants enjeux li\u00e9s au cancer de la prostate;<\/li>\n<li>proposer des sujets et des conf\u00e9renciers pour les r\u00e9unions informatives, les webinaires ou les conf\u00e9rences du RCSC;<\/li>\n<li>accompagner le Conseil d\u2019administration et le personnel du RCSC lors de visites chez les politiciens et autres d\u00e9cideurs;<\/li>\n<li>sugg\u00e9rer des fa\u00e7ons qui permettraient au RCSC de mieux r\u00e9pondre aux besoins des patients atteints du cancer de la prostate, des survivants, des aidants et de leur famille.<\/li>\n<\/ul>\n<p>Les t\u00e9l\u00e9conf\u00e9rences se tiendront au besoin et tous les frais li\u00e9s \u00e0 votre participation au Conseil consultatif seront pris en charge par le RCSC.<\/p>\n<p>Pour plus d\u2019informations, contactez la pr\u00e9sidente et chef de la direction du RCSC, Jackie Manthorne \u00e0 l\u2019adresse suivante\u00a0: <a href=\"mailto:jmanthorne@survivornet.ca\">jmanthorne@survivornet.ca<\/a>.<\/p>\n","protected":false},"excerpt":{"rendered":"<p>La bonne nouvelle, c\u2019est que plus d\u2019une douzaine de patients atteints du cancer de la prostate, de survivants et de parents se sont d\u00e9j\u00e0\u00a0 joints \u00e0 notre Conseil consultatif sur le Cancer<\/p>\n","protected":false},"author":2,"featured_media":0,"parent":4519,"menu_order":60,"comment_status":"closed","ping_status":"closed","template":"","meta":{"_acf_changed":false,"footnotes":""},"class_list":["post-4621","page","type-page","status-publish","hentry"],"acf":[],"yoast_head":"<!-- This site is optimized with the Yoast SEO plugin v27.4 - https:\/\/yoast.com\/product\/yoast-seo-wordpress\/ -->\n<title>Le Conseil consultatif sur le Cancer de la Prostate - Canadian Cancer Survivor Network<\/title>\n<meta name=\"robots\" content=\"index, follow, max-snippet:-1, max-image-preview:large, max-video-preview:-1\" \/>\n<link rel=\"canonical\" href=\"https:\/\/survivornet.ca\/connect\/board-and-advisory-councils\/prostate-cancer-advisory-council\/\" \/>\n<meta property=\"og:locale\" content=\"fr_FR\" \/>\n<meta property=\"og:type\" content=\"article\" \/>\n<meta property=\"og:title\" content=\"Le Conseil consultatif sur le Cancer de la Prostate - Canadian Cancer Survivor Network\" \/>\n<meta property=\"og:description\" content=\"La bonne nouvelle, c\u2019est que plus d\u2019une douzaine de patients atteints du cancer de la prostate, de survivants et de parents se sont d\u00e9j\u00e0\u00a0 joints \u00e0 notre Conseil consultatif sur le Cancer\" \/>\n<meta property=\"og:url\" content=\"https:\/\/survivornet.ca\/connect\/board-and-advisory-councils\/prostate-cancer-advisory-council\/\" \/>\n<meta property=\"og:site_name\" content=\"Canadian Cancer Survivor Network\" \/>\n<meta name=\"twitter:card\" content=\"summary_large_image\" \/>\n<meta name=\"twitter:label1\" content=\"Dur\u00e9e de lecture estim\u00e9e\" \/>\n\t<meta name=\"twitter:data1\" content=\"4 minutes\" \/>\n<script type=\"application\/ld+json\" class=\"yoast-schema-graph\">{\"@context\":\"https:\\\/\\\/schema.org\",\"@graph\":[{\"@type\":\"WebPage\",\"@id\":\"https:\\\/\\\/survivornet.ca\\\/connect\\\/board-and-advisory-councils\\\/prostate-cancer-advisory-council\\\/\",\"url\":\"https:\\\/\\\/survivornet.ca\\\/connect\\\/board-and-advisory-councils\\\/prostate-cancer-advisory-council\\\/\",\"name\":\"Le Conseil consultatif sur le Cancer de la Prostate - Canadian Cancer Survivor Network\",\"isPartOf\":{\"@id\":\"https:\\\/\\\/survivornet.ca\\\/#website\"},\"datePublished\":\"2017-05-31T18:11:41+00:00\",\"breadcrumb\":{\"@id\":\"https:\\\/\\\/survivornet.ca\\\/connect\\\/board-and-advisory-councils\\\/prostate-cancer-advisory-council\\\/#breadcrumb\"},\"inLanguage\":\"fr-FR\",\"potentialAction\":[{\"@type\":\"ReadAction\",\"target\":[\"https:\\\/\\\/survivornet.ca\\\/connect\\\/board-and-advisory-councils\\\/prostate-cancer-advisory-council\\\/\"]}]},{\"@type\":\"BreadcrumbList\",\"@id\":\"https:\\\/\\\/survivornet.ca\\\/connect\\\/board-and-advisory-councils\\\/prostate-cancer-advisory-council\\\/#breadcrumb\",\"itemListElement\":[{\"@type\":\"ListItem\",\"position\":1,\"name\":\"Home\",\"item\":\"https:\\\/\\\/survivornet.ca\\\/fr\\\/\"},{\"@type\":\"ListItem\",\"position\":2,\"name\":\"Connectez\",\"item\":\"https:\\\/\\\/survivornet.ca\\\/fr\\\/reliez-vous\\\/\"},{\"@type\":\"ListItem\",\"position\":3,\"name\":\"Les comit\u00e9s du Conseil et les conseils consultatifs\",\"item\":\"https:\\\/\\\/survivornet.ca\\\/fr\\\/reliez-vous\\\/les-comites-du-conseil-et-les-conseils-consultatifs\\\/\"},{\"@type\":\"ListItem\",\"position\":4,\"name\":\"Le Conseil consultatif sur le Cancer de la Prostate\"}]},{\"@type\":\"WebSite\",\"@id\":\"https:\\\/\\\/survivornet.ca\\\/#website\",\"url\":\"https:\\\/\\\/survivornet.ca\\\/\",\"name\":\"Canadian Cancer Survivor Network\",\"description\":\"The Canadian Cancer Survivor Network was created by a group of Canadians concerned about cancer.\",\"publisher\":{\"@id\":\"https:\\\/\\\/survivornet.ca\\\/#organization\"},\"potentialAction\":[{\"@type\":\"SearchAction\",\"target\":{\"@type\":\"EntryPoint\",\"urlTemplate\":\"https:\\\/\\\/survivornet.ca\\\/?s={search_term_string}\"},\"query-input\":{\"@type\":\"PropertyValueSpecification\",\"valueRequired\":true,\"valueName\":\"search_term_string\"}}],\"inLanguage\":\"fr-FR\"},{\"@type\":\"Organization\",\"@id\":\"https:\\\/\\\/survivornet.ca\\\/#organization\",\"name\":\"Canadian Cancer Survivor Network\",\"url\":\"https:\\\/\\\/survivornet.ca\\\/\",\"logo\":{\"@type\":\"ImageObject\",\"inLanguage\":\"fr-FR\",\"@id\":\"https:\\\/\\\/survivornet.ca\\\/#\\\/schema\\\/logo\\\/image\\\/\",\"url\":\"http:\\\/\\\/survivornet.ca\\\/wp-content\\\/uploads\\\/2016\\\/12\\\/CCSN_Logo_EN_SQUARE.png\",\"contentUrl\":\"http:\\\/\\\/survivornet.ca\\\/wp-content\\\/uploads\\\/2016\\\/12\\\/CCSN_Logo_EN_SQUARE.png\",\"width\":1209,\"height\":1007,\"caption\":\"Canadian Cancer Survivor Network\"},\"image\":{\"@id\":\"https:\\\/\\\/survivornet.ca\\\/#\\\/schema\\\/logo\\\/image\\\/\"}}]}<\/script>\n<!-- \/ Yoast SEO plugin. -->","yoast_head_json":{"title":"Le Conseil consultatif sur le Cancer de la Prostate - Canadian Cancer Survivor Network","robots":{"index":"index","follow":"follow","max-snippet":"max-snippet:-1","max-image-preview":"max-image-preview:large","max-video-preview":"max-video-preview:-1"},"canonical":"https:\/\/survivornet.ca\/connect\/board-and-advisory-councils\/prostate-cancer-advisory-council\/","og_locale":"fr_FR","og_type":"article","og_title":"Le Conseil consultatif sur le Cancer de la Prostate - Canadian Cancer Survivor Network","og_description":"La bonne nouvelle, c\u2019est que plus d\u2019une douzaine de patients atteints du cancer de la prostate, de survivants et de parents se sont d\u00e9j\u00e0\u00a0 joints \u00e0 notre Conseil consultatif sur le Cancer","og_url":"https:\/\/survivornet.ca\/connect\/board-and-advisory-councils\/prostate-cancer-advisory-council\/","og_site_name":"Canadian Cancer Survivor Network","twitter_card":"summary_large_image","twitter_misc":{"Dur\u00e9e de lecture estim\u00e9e":"4 minutes"},"schema":{"@context":"https:\/\/schema.org","@graph":[{"@type":"WebPage","@id":"https:\/\/survivornet.ca\/connect\/board-and-advisory-councils\/prostate-cancer-advisory-council\/","url":"https:\/\/survivornet.ca\/connect\/board-and-advisory-councils\/prostate-cancer-advisory-council\/","name":"Le Conseil consultatif sur le Cancer de la Prostate - Canadian Cancer Survivor Network","isPartOf":{"@id":"https:\/\/survivornet.ca\/#website"},"datePublished":"2017-05-31T18:11:41+00:00","breadcrumb":{"@id":"https:\/\/survivornet.ca\/connect\/board-and-advisory-councils\/prostate-cancer-advisory-council\/#breadcrumb"},"inLanguage":"fr-FR","potentialAction":[{"@type":"ReadAction","target":["https:\/\/survivornet.ca\/connect\/board-and-advisory-councils\/prostate-cancer-advisory-council\/"]}]},{"@type":"BreadcrumbList","@id":"https:\/\/survivornet.ca\/connect\/board-and-advisory-councils\/prostate-cancer-advisory-council\/#breadcrumb","itemListElement":[{"@type":"ListItem","position":1,"name":"Home","item":"https:\/\/survivornet.ca\/fr\/"},{"@type":"ListItem","position":2,"name":"Connectez","item":"https:\/\/survivornet.ca\/fr\/reliez-vous\/"},{"@type":"ListItem","position":3,"name":"Les comit\u00e9s du Conseil et les conseils consultatifs","item":"https:\/\/survivornet.ca\/fr\/reliez-vous\/les-comites-du-conseil-et-les-conseils-consultatifs\/"},{"@type":"ListItem","position":4,"name":"Le Conseil consultatif sur le Cancer de la Prostate"}]},{"@type":"WebSite","@id":"https:\/\/survivornet.ca\/#website","url":"https:\/\/survivornet.ca\/","name":"Canadian Cancer Survivor Network","description":"The Canadian Cancer Survivor Network was created by a group of Canadians concerned about cancer.","publisher":{"@id":"https:\/\/survivornet.ca\/#organization"},"potentialAction":[{"@type":"SearchAction","target":{"@type":"EntryPoint","urlTemplate":"https:\/\/survivornet.ca\/?s={search_term_string}"},"query-input":{"@type":"PropertyValueSpecification","valueRequired":true,"valueName":"search_term_string"}}],"inLanguage":"fr-FR"},{"@type":"Organization","@id":"https:\/\/survivornet.ca\/#organization","name":"Canadian Cancer Survivor Network","url":"https:\/\/survivornet.ca\/","logo":{"@type":"ImageObject","inLanguage":"fr-FR","@id":"https:\/\/survivornet.ca\/#\/schema\/logo\/image\/","url":"http:\/\/survivornet.ca\/wp-content\/uploads\/2016\/12\/CCSN_Logo_EN_SQUARE.png","contentUrl":"http:\/\/survivornet.ca\/wp-content\/uploads\/2016\/12\/CCSN_Logo_EN_SQUARE.png","width":1209,"height":1007,"caption":"Canadian Cancer Survivor Network"},"image":{"@id":"https:\/\/survivornet.ca\/#\/schema\/logo\/image\/"}}]}},"_links":{"self":[{"href":"https:\/\/survivornet.ca\/fr\/wp-json\/wp\/v2\/pages\/4621","targetHints":{"allow":["GET"]}}],"collection":[{"href":"https:\/\/survivornet.ca\/fr\/wp-json\/wp\/v2\/pages"}],"about":[{"href":"https:\/\/survivornet.ca\/fr\/wp-json\/wp\/v2\/types\/page"}],"author":[{"embeddable":true,"href":"https:\/\/survivornet.ca\/fr\/wp-json\/wp\/v2\/users\/2"}],"replies":[{"embeddable":true,"href":"https:\/\/survivornet.ca\/fr\/wp-json\/wp\/v2\/comments?post=4621"}],"version-history":[{"count":0,"href":"https:\/\/survivornet.ca\/fr\/wp-json\/wp\/v2\/pages\/4621\/revisions"}],"up":[{"embeddable":true,"href":"https:\/\/survivornet.ca\/fr\/wp-json\/wp\/v2\/pages\/4519"}],"wp:attachment":[{"href":"https:\/\/survivornet.ca\/fr\/wp-json\/wp\/v2\/media?parent=4621"}],"curies":[{"name":"wp","href":"https:\/\/api.w.org\/{rel}","templated":true}]}}