{"id":4609,"date":"2017-05-31T15:42:41","date_gmt":"2017-05-31T15:42:41","guid":{"rendered":"https:\/\/survivornet.ca\/?page_id=4609\/"},"modified":"2017-05-31T15:42:41","modified_gmt":"2017-05-31T15:42:41","slug":"dre-natasha-zajmalowski","status":"publish","type":"page","link":"https:\/\/survivornet.ca\/fr\/reliez-vous\/le-comite-medical-consultatif\/dre-natasha-zajmalowski\/","title":{"rendered":"Dre Natasha Zajmalowski"},"content":{"rendered":"<p><strong><img loading=\"lazy\" decoding=\"async\" class=\"alignleft size-full wp-image-1495\" src=\"http:\/\/survivornet.ca\/wp-content\/uploads\/2017\/02\/Dr_-Natasha-Zajmalowski.jpg\" alt=\"\" width=\"100\" height=\"110\" \/><\/strong><\/p>\n<p><strong>Dre Natasha Zajmalowski<\/strong>, ND<\/p>\n<p>Dre Natasha Zajmalowski est docteure en naturopathie et membre de la OAND et de la ACDN. Apr\u00e8s avoir re\u00e7u son Baccalaur\u00e9at en sciences biologiques \u00e0 l\u2019Universit\u00e9 de Windsor, elle a compl\u00e9t\u00e9 un programme de quatre ans pour obtenir de son dipl\u00f4me de docteure en m\u00e9decine naturopathique du <em>Canadian College of Naturopathic Medicine<\/em>.<\/p>\n<p>Dre Zajmalowski pratique \u00e0 Windsor en Ontario depuis 2002 et met l\u2019accent sur un r\u00e9gime de soins de sant\u00e9 proactif permettant aux individus d\u2019apporter des changements positifs et directs dans certains aspects de leur propre sant\u00e9 sur lequel ils ont contr\u00f4le.<\/p>\n<p>Puisque plusieurs conditions m\u00e9dicales sont contr\u00f4lables et peuvent donc \u00eatre \u00e9vit\u00e9es, toutes les interactions m\u00e9dicales avec Dre Zajmalowski apportent un soutien qui r\u00e9pond au simple fait suivant: vous pouvez grandement affecter votre propre sant\u00e9.<\/p>\n<p>.<\/p>\n","protected":false},"excerpt":{"rendered":"<p>Dre Natasha Zajmalowski, ND Dre Natasha Zajmalowski est docteure en naturopathie et membre de la OAND et de la ACDN. Apr\u00e8s avoir re\u00e7u son Baccalaur\u00e9at en sciences biologiques \u00e0 l\u2019Universit\u00e9 de Windsor,<\/p>\n","protected":false},"author":2,"featured_media":0,"parent":4521,"menu_order":2,"comment_status":"closed","ping_status":"closed","template":"","meta":{"_acf_changed":false,"footnotes":""},"class_list":["post-4609","page","type-page","status-publish","hentry"],"acf":[],"yoast_head":"<!-- This site is optimized with the Yoast SEO plugin v27.1.1 - https:\/\/yoast.com\/product\/yoast-seo-wordpress\/ -->\n<title>Dre Natasha Zajmalowski - Canadian Cancer Survivor Network<\/title>\n<meta name=\"robots\" content=\"index, follow, max-snippet:-1, max-image-preview:large, max-video-preview:-1\" \/>\n<link rel=\"canonical\" href=\"https:\/\/survivornet.ca\/fr\/reliez-vous\/le-comite-medical-consultatif\/dre-natasha-zajmalowski\/\" \/>\n<meta property=\"og:locale\" content=\"fr_FR\" \/>\n<meta property=\"og:type\" content=\"article\" \/>\n<meta property=\"og:title\" content=\"Dre Natasha Zajmalowski - Canadian Cancer Survivor Network\" \/>\n<meta property=\"og:description\" content=\"Dre Natasha Zajmalowski, ND Dre Natasha Zajmalowski est docteure en naturopathie et membre de la OAND et de la ACDN. Apr\u00e8s avoir re\u00e7u son Baccalaur\u00e9at en sciences biologiques \u00e0 l\u2019Universit\u00e9 de Windsor,\" \/>\n<meta property=\"og:url\" content=\"https:\/\/survivornet.ca\/fr\/reliez-vous\/le-comite-medical-consultatif\/dre-natasha-zajmalowski\/\" \/>\n<meta property=\"og:site_name\" content=\"Canadian Cancer Survivor Network\" \/>\n<meta property=\"og:image\" content=\"http:\/\/survivornet.ca\/wp-content\/uploads\/2017\/02\/Dr_-Natasha-Zajmalowski.jpg\" \/>\n<meta name=\"twitter:card\" content=\"summary_large_image\" \/>\n<meta name=\"twitter:label1\" content=\"Dur\u00e9e de lecture estim\u00e9e\" \/>\n\t<meta name=\"twitter:data1\" content=\"1 minute\" \/>\n<script type=\"application\/ld+json\" class=\"yoast-schema-graph\">{\"@context\":\"https:\/\/schema.org\",\"@graph\":[{\"@type\":\"WebPage\",\"@id\":\"https:\/\/survivornet.ca\/fr\/reliez-vous\/le-comite-medical-consultatif\/dre-natasha-zajmalowski\/\",\"url\":\"https:\/\/survivornet.ca\/fr\/reliez-vous\/le-comite-medical-consultatif\/dre-natasha-zajmalowski\/\",\"name\":\"Dre Natasha Zajmalowski - Canadian Cancer Survivor Network\",\"isPartOf\":{\"@id\":\"https:\/\/survivornet.ca\/#website\"},\"primaryImageOfPage\":{\"@id\":\"https:\/\/survivornet.ca\/fr\/reliez-vous\/le-comite-medical-consultatif\/dre-natasha-zajmalowski\/#primaryimage\"},\"image\":{\"@id\":\"https:\/\/survivornet.ca\/fr\/reliez-vous\/le-comite-medical-consultatif\/dre-natasha-zajmalowski\/#primaryimage\"},\"thumbnailUrl\":\"http:\/\/survivornet.ca\/wp-content\/uploads\/2017\/02\/Dr_-Natasha-Zajmalowski.jpg\",\"datePublished\":\"2017-05-31T15:42:41+00:00\",\"breadcrumb\":{\"@id\":\"https:\/\/survivornet.ca\/fr\/reliez-vous\/le-comite-medical-consultatif\/dre-natasha-zajmalowski\/#breadcrumb\"},\"inLanguage\":\"fr-FR\",\"potentialAction\":[{\"@type\":\"ReadAction\",\"target\":[\"https:\/\/survivornet.ca\/fr\/reliez-vous\/le-comite-medical-consultatif\/dre-natasha-zajmalowski\/\"]}]},{\"@type\":\"ImageObject\",\"inLanguage\":\"fr-FR\",\"@id\":\"https:\/\/survivornet.ca\/fr\/reliez-vous\/le-comite-medical-consultatif\/dre-natasha-zajmalowski\/#primaryimage\",\"url\":\"http:\/\/survivornet.ca\/wp-content\/uploads\/2017\/02\/Dr_-Natasha-Zajmalowski.jpg\",\"contentUrl\":\"http:\/\/survivornet.ca\/wp-content\/uploads\/2017\/02\/Dr_-Natasha-Zajmalowski.jpg\"},{\"@type\":\"BreadcrumbList\",\"@id\":\"https:\/\/survivornet.ca\/fr\/reliez-vous\/le-comite-medical-consultatif\/dre-natasha-zajmalowski\/#breadcrumb\",\"itemListElement\":[{\"@type\":\"ListItem\",\"position\":1,\"name\":\"Home\",\"item\":\"https:\/\/survivornet.ca\/fr\/\"},{\"@type\":\"ListItem\",\"position\":2,\"name\":\"Connectez\",\"item\":\"https:\/\/survivornet.ca\/fr\/reliez-vous\/\"},{\"@type\":\"ListItem\",\"position\":3,\"name\":\"Le comit\u00e9 m\u00e9dical consultatif\",\"item\":\"https:\/\/survivornet.ca\/fr\/reliez-vous\/le-comite-medical-consultatif\/\"},{\"@type\":\"ListItem\",\"position\":4,\"name\":\"Dre Natasha Zajmalowski\"}]},{\"@type\":\"WebSite\",\"@id\":\"https:\/\/survivornet.ca\/#website\",\"url\":\"https:\/\/survivornet.ca\/\",\"name\":\"Canadian Cancer Survivor Network\",\"description\":\"The Canadian Cancer Survivor Network was created by a group of Canadians concerned about cancer.\",\"publisher\":{\"@id\":\"https:\/\/survivornet.ca\/#organization\"},\"potentialAction\":[{\"@type\":\"SearchAction\",\"target\":{\"@type\":\"EntryPoint\",\"urlTemplate\":\"https:\/\/survivornet.ca\/?s={search_term_string}\"},\"query-input\":{\"@type\":\"PropertyValueSpecification\",\"valueRequired\":true,\"valueName\":\"search_term_string\"}}],\"inLanguage\":\"fr-FR\"},{\"@type\":\"Organization\",\"@id\":\"https:\/\/survivornet.ca\/#organization\",\"name\":\"Canadian Cancer Survivor Network\",\"url\":\"https:\/\/survivornet.ca\/\",\"logo\":{\"@type\":\"ImageObject\",\"inLanguage\":\"fr-FR\",\"@id\":\"https:\/\/survivornet.ca\/#\/schema\/logo\/image\/\",\"url\":\"http:\/\/survivornet.ca\/wp-content\/uploads\/2016\/12\/CCSN_Logo_EN_SQUARE.png\",\"contentUrl\":\"http:\/\/survivornet.ca\/wp-content\/uploads\/2016\/12\/CCSN_Logo_EN_SQUARE.png\",\"width\":1209,\"height\":1007,\"caption\":\"Canadian Cancer Survivor Network\"},\"image\":{\"@id\":\"https:\/\/survivornet.ca\/#\/schema\/logo\/image\/\"}}]}<\/script>\n<!-- \/ Yoast SEO plugin. -->","yoast_head_json":{"title":"Dre Natasha Zajmalowski - Canadian Cancer Survivor Network","robots":{"index":"index","follow":"follow","max-snippet":"max-snippet:-1","max-image-preview":"max-image-preview:large","max-video-preview":"max-video-preview:-1"},"canonical":"https:\/\/survivornet.ca\/fr\/reliez-vous\/le-comite-medical-consultatif\/dre-natasha-zajmalowski\/","og_locale":"fr_FR","og_type":"article","og_title":"Dre Natasha Zajmalowski - Canadian Cancer Survivor Network","og_description":"Dre Natasha Zajmalowski, ND Dre Natasha Zajmalowski est docteure en naturopathie et membre de la OAND et de la ACDN. Apr\u00e8s avoir re\u00e7u son Baccalaur\u00e9at en sciences biologiques \u00e0 l\u2019Universit\u00e9 de Windsor,","og_url":"https:\/\/survivornet.ca\/fr\/reliez-vous\/le-comite-medical-consultatif\/dre-natasha-zajmalowski\/","og_site_name":"Canadian Cancer Survivor Network","og_image":[{"url":"http:\/\/survivornet.ca\/wp-content\/uploads\/2017\/02\/Dr_-Natasha-Zajmalowski.jpg","type":"","width":"","height":""}],"twitter_card":"summary_large_image","twitter_misc":{"Dur\u00e9e de lecture estim\u00e9e":"1 minute"},"schema":{"@context":"https:\/\/schema.org","@graph":[{"@type":"WebPage","@id":"https:\/\/survivornet.ca\/fr\/reliez-vous\/le-comite-medical-consultatif\/dre-natasha-zajmalowski\/","url":"https:\/\/survivornet.ca\/fr\/reliez-vous\/le-comite-medical-consultatif\/dre-natasha-zajmalowski\/","name":"Dre Natasha Zajmalowski - Canadian Cancer Survivor Network","isPartOf":{"@id":"https:\/\/survivornet.ca\/#website"},"primaryImageOfPage":{"@id":"https:\/\/survivornet.ca\/fr\/reliez-vous\/le-comite-medical-consultatif\/dre-natasha-zajmalowski\/#primaryimage"},"image":{"@id":"https:\/\/survivornet.ca\/fr\/reliez-vous\/le-comite-medical-consultatif\/dre-natasha-zajmalowski\/#primaryimage"},"thumbnailUrl":"http:\/\/survivornet.ca\/wp-content\/uploads\/2017\/02\/Dr_-Natasha-Zajmalowski.jpg","datePublished":"2017-05-31T15:42:41+00:00","breadcrumb":{"@id":"https:\/\/survivornet.ca\/fr\/reliez-vous\/le-comite-medical-consultatif\/dre-natasha-zajmalowski\/#breadcrumb"},"inLanguage":"fr-FR","potentialAction":[{"@type":"ReadAction","target":["https:\/\/survivornet.ca\/fr\/reliez-vous\/le-comite-medical-consultatif\/dre-natasha-zajmalowski\/"]}]},{"@type":"ImageObject","inLanguage":"fr-FR","@id":"https:\/\/survivornet.ca\/fr\/reliez-vous\/le-comite-medical-consultatif\/dre-natasha-zajmalowski\/#primaryimage","url":"http:\/\/survivornet.ca\/wp-content\/uploads\/2017\/02\/Dr_-Natasha-Zajmalowski.jpg","contentUrl":"http:\/\/survivornet.ca\/wp-content\/uploads\/2017\/02\/Dr_-Natasha-Zajmalowski.jpg"},{"@type":"BreadcrumbList","@id":"https:\/\/survivornet.ca\/fr\/reliez-vous\/le-comite-medical-consultatif\/dre-natasha-zajmalowski\/#breadcrumb","itemListElement":[{"@type":"ListItem","position":1,"name":"Home","item":"https:\/\/survivornet.ca\/fr\/"},{"@type":"ListItem","position":2,"name":"Connectez","item":"https:\/\/survivornet.ca\/fr\/reliez-vous\/"},{"@type":"ListItem","position":3,"name":"Le comit\u00e9 m\u00e9dical consultatif","item":"https:\/\/survivornet.ca\/fr\/reliez-vous\/le-comite-medical-consultatif\/"},{"@type":"ListItem","position":4,"name":"Dre Natasha Zajmalowski"}]},{"@type":"WebSite","@id":"https:\/\/survivornet.ca\/#website","url":"https:\/\/survivornet.ca\/","name":"Canadian Cancer Survivor Network","description":"The Canadian Cancer Survivor Network was created by a group of Canadians concerned about cancer.","publisher":{"@id":"https:\/\/survivornet.ca\/#organization"},"potentialAction":[{"@type":"SearchAction","target":{"@type":"EntryPoint","urlTemplate":"https:\/\/survivornet.ca\/?s={search_term_string}"},"query-input":{"@type":"PropertyValueSpecification","valueRequired":true,"valueName":"search_term_string"}}],"inLanguage":"fr-FR"},{"@type":"Organization","@id":"https:\/\/survivornet.ca\/#organization","name":"Canadian Cancer Survivor Network","url":"https:\/\/survivornet.ca\/","logo":{"@type":"ImageObject","inLanguage":"fr-FR","@id":"https:\/\/survivornet.ca\/#\/schema\/logo\/image\/","url":"http:\/\/survivornet.ca\/wp-content\/uploads\/2016\/12\/CCSN_Logo_EN_SQUARE.png","contentUrl":"http:\/\/survivornet.ca\/wp-content\/uploads\/2016\/12\/CCSN_Logo_EN_SQUARE.png","width":1209,"height":1007,"caption":"Canadian Cancer Survivor Network"},"image":{"@id":"https:\/\/survivornet.ca\/#\/schema\/logo\/image\/"}}]}},"_links":{"self":[{"href":"https:\/\/survivornet.ca\/fr\/wp-json\/wp\/v2\/pages\/4609","targetHints":{"allow":["GET"]}}],"collection":[{"href":"https:\/\/survivornet.ca\/fr\/wp-json\/wp\/v2\/pages"}],"about":[{"href":"https:\/\/survivornet.ca\/fr\/wp-json\/wp\/v2\/types\/page"}],"author":[{"embeddable":true,"href":"https:\/\/survivornet.ca\/fr\/wp-json\/wp\/v2\/users\/2"}],"replies":[{"embeddable":true,"href":"https:\/\/survivornet.ca\/fr\/wp-json\/wp\/v2\/comments?post=4609"}],"version-history":[{"count":0,"href":"https:\/\/survivornet.ca\/fr\/wp-json\/wp\/v2\/pages\/4609\/revisions"}],"up":[{"embeddable":true,"href":"https:\/\/survivornet.ca\/fr\/wp-json\/wp\/v2\/pages\/4521"}],"wp:attachment":[{"href":"https:\/\/survivornet.ca\/fr\/wp-json\/wp\/v2\/media?parent=4609"}],"curies":[{"name":"wp","href":"https:\/\/api.w.org\/{rel}","templated":true}]}}