{"id":4603,"date":"2017-05-31T15:29:24","date_gmt":"2017-05-31T15:29:24","guid":{"rendered":"https:\/\/survivornet.ca\/?page_id=4603\/"},"modified":"2017-05-31T15:29:24","modified_gmt":"2017-05-31T15:29:24","slug":"dr-rob-rutledge","status":"publish","type":"page","link":"https:\/\/survivornet.ca\/fr\/reliez-vous\/le-comite-medical-consultatif\/dr-rob-rutledge\/","title":{"rendered":"Dr. Rob Rutledge"},"content":{"rendered":"<p><img loading=\"lazy\" decoding=\"async\" class=\"alignleft size-full wp-image-1500\" src=\"http:\/\/survivornet.ca\/wp-content\/uploads\/2017\/02\/Dr_-Rob-Rutledge1.jpg\" alt=\"\" width=\"197\" height=\"214\" \/><\/p>\n<p>Dr Rob Rutledge est radio-oncologue \u00e0 Halifax en Nouvelle-\u00c9cosse, et se sp\u00e9cialise dans le cancer du sein, de la prostate, et dans le cancer p\u00e9diatrique. Il est \u00e9galement professeur agr\u00e9g\u00e9 \u00e0 la facult\u00e9 de m\u00e9decine de l\u2019Universit\u00e9 de Dalhousie \u00e0 Halifax.<\/p>\n<p>En 1999, Rob a co-cr\u00e9\u00e9 le groupe de soutien The Skills for Healing Weekend Retreats. Ce groupe de soutien ayant lieu les fins de semaine enseigne une approche puissante et compr\u00e9hensive au diagnostic de cancer, et propose des m\u00e9thodes de gu\u00e9rison pour l\u2019aspect corporel, mental, et spirituel des individus.<\/p>\n<p>Jusqu\u2019\u00e0 pr\u00e9sent, plus de 1,200 personnes ont assist\u00e9 \u00e0 ces groupes de soutien les fins de semaine dans plus de 20 villes canadiennes et \u00e0 l\u2019\u00e9tranger.<\/p>\n<p>Dr Rutledge dirige \u00e9galement la fondation Healing and Cancer Foundation, un organisme de bienfaisance enregistr\u00e9 qui offre des vid\u00e9os \u00e9ducationnelles, des documentaires, et des webinaires gratuits. Il est aussi co-autheur d\u2019un livre intitul\u00e9 The Healing Circle, qui renferme des enseignements et des histoires inspirantes des rencontres du groupe de soutien Healing Weekend Retreats.<\/p>\n<p>En 2010, Rob \u00e9t\u00e9 r\u00e9cipiendaire du prix Cancer Care Nova Scotia\u2019s Award for Excellence in Patient Care, et a re\u00e7u le prix Health Promotion Award de Doctors Nova Scotia en reconnaissance de sa contribution pour la sant\u00e9 des m\u00e9decins et la promotion de la sant\u00e9 chez les patients atteints de cancer.<\/p>\n","protected":false},"excerpt":{"rendered":"<p>Dr Rob Rutledge est radio-oncologue \u00e0 Halifax en Nouvelle-\u00c9cosse, et se sp\u00e9cialise dans le cancer du sein, de la prostate, et dans le cancer p\u00e9diatrique. Il est \u00e9galement professeur agr\u00e9g\u00e9 \u00e0 la<\/p>\n","protected":false},"author":2,"featured_media":0,"parent":4521,"menu_order":6,"comment_status":"closed","ping_status":"closed","template":"","meta":{"_acf_changed":false,"footnotes":""},"class_list":["post-4603","page","type-page","status-publish","hentry"],"acf":[],"yoast_head":"<!-- This site is optimized with the Yoast SEO plugin v27.4 - https:\/\/yoast.com\/product\/yoast-seo-wordpress\/ -->\n<title>Dr. Rob Rutledge - Canadian Cancer Survivor Network<\/title>\n<meta name=\"robots\" content=\"index, follow, max-snippet:-1, max-image-preview:large, max-video-preview:-1\" \/>\n<link rel=\"canonical\" href=\"https:\/\/survivornet.ca\/fr\/reliez-vous\/le-comite-medical-consultatif\/dr-rob-rutledge\/\" \/>\n<meta property=\"og:locale\" content=\"fr_FR\" \/>\n<meta property=\"og:type\" content=\"article\" \/>\n<meta property=\"og:title\" content=\"Dr. Rob Rutledge - Canadian Cancer Survivor Network\" \/>\n<meta property=\"og:description\" content=\"Dr Rob Rutledge est radio-oncologue \u00e0 Halifax en Nouvelle-\u00c9cosse, et se sp\u00e9cialise dans le cancer du sein, de la prostate, et dans le cancer p\u00e9diatrique. Il est \u00e9galement professeur agr\u00e9g\u00e9 \u00e0 la\" \/>\n<meta property=\"og:url\" content=\"https:\/\/survivornet.ca\/fr\/reliez-vous\/le-comite-medical-consultatif\/dr-rob-rutledge\/\" \/>\n<meta property=\"og:site_name\" content=\"Canadian Cancer Survivor Network\" \/>\n<meta property=\"og:image\" content=\"http:\/\/survivornet.ca\/wp-content\/uploads\/2017\/02\/Dr_-Rob-Rutledge1.jpg\" \/>\n<meta name=\"twitter:card\" content=\"summary_large_image\" \/>\n<meta name=\"twitter:label1\" content=\"Dur\u00e9e de lecture estim\u00e9e\" \/>\n\t<meta name=\"twitter:data1\" content=\"1 minute\" \/>\n<script type=\"application\/ld+json\" class=\"yoast-schema-graph\">{\"@context\":\"https:\\\/\\\/schema.org\",\"@graph\":[{\"@type\":\"WebPage\",\"@id\":\"https:\\\/\\\/survivornet.ca\\\/fr\\\/reliez-vous\\\/le-comite-medical-consultatif\\\/dr-rob-rutledge\\\/\",\"url\":\"https:\\\/\\\/survivornet.ca\\\/fr\\\/reliez-vous\\\/le-comite-medical-consultatif\\\/dr-rob-rutledge\\\/\",\"name\":\"Dr. Rob Rutledge - Canadian Cancer Survivor Network\",\"isPartOf\":{\"@id\":\"https:\\\/\\\/survivornet.ca\\\/#website\"},\"primaryImageOfPage\":{\"@id\":\"https:\\\/\\\/survivornet.ca\\\/fr\\\/reliez-vous\\\/le-comite-medical-consultatif\\\/dr-rob-rutledge\\\/#primaryimage\"},\"image\":{\"@id\":\"https:\\\/\\\/survivornet.ca\\\/fr\\\/reliez-vous\\\/le-comite-medical-consultatif\\\/dr-rob-rutledge\\\/#primaryimage\"},\"thumbnailUrl\":\"http:\\\/\\\/survivornet.ca\\\/wp-content\\\/uploads\\\/2017\\\/02\\\/Dr_-Rob-Rutledge1.jpg\",\"datePublished\":\"2017-05-31T15:29:24+00:00\",\"breadcrumb\":{\"@id\":\"https:\\\/\\\/survivornet.ca\\\/fr\\\/reliez-vous\\\/le-comite-medical-consultatif\\\/dr-rob-rutledge\\\/#breadcrumb\"},\"inLanguage\":\"fr-FR\",\"potentialAction\":[{\"@type\":\"ReadAction\",\"target\":[\"https:\\\/\\\/survivornet.ca\\\/fr\\\/reliez-vous\\\/le-comite-medical-consultatif\\\/dr-rob-rutledge\\\/\"]}]},{\"@type\":\"ImageObject\",\"inLanguage\":\"fr-FR\",\"@id\":\"https:\\\/\\\/survivornet.ca\\\/fr\\\/reliez-vous\\\/le-comite-medical-consultatif\\\/dr-rob-rutledge\\\/#primaryimage\",\"url\":\"http:\\\/\\\/survivornet.ca\\\/wp-content\\\/uploads\\\/2017\\\/02\\\/Dr_-Rob-Rutledge1.jpg\",\"contentUrl\":\"http:\\\/\\\/survivornet.ca\\\/wp-content\\\/uploads\\\/2017\\\/02\\\/Dr_-Rob-Rutledge1.jpg\"},{\"@type\":\"BreadcrumbList\",\"@id\":\"https:\\\/\\\/survivornet.ca\\\/fr\\\/reliez-vous\\\/le-comite-medical-consultatif\\\/dr-rob-rutledge\\\/#breadcrumb\",\"itemListElement\":[{\"@type\":\"ListItem\",\"position\":1,\"name\":\"Home\",\"item\":\"https:\\\/\\\/survivornet.ca\\\/fr\\\/\"},{\"@type\":\"ListItem\",\"position\":2,\"name\":\"Connectez\",\"item\":\"https:\\\/\\\/survivornet.ca\\\/fr\\\/reliez-vous\\\/\"},{\"@type\":\"ListItem\",\"position\":3,\"name\":\"Le comit\u00e9 m\u00e9dical consultatif\",\"item\":\"https:\\\/\\\/survivornet.ca\\\/fr\\\/reliez-vous\\\/le-comite-medical-consultatif\\\/\"},{\"@type\":\"ListItem\",\"position\":4,\"name\":\"Dr. Rob Rutledge\"}]},{\"@type\":\"WebSite\",\"@id\":\"https:\\\/\\\/survivornet.ca\\\/#website\",\"url\":\"https:\\\/\\\/survivornet.ca\\\/\",\"name\":\"Canadian Cancer Survivor Network\",\"description\":\"The Canadian Cancer Survivor Network was created by a group of Canadians concerned about cancer.\",\"publisher\":{\"@id\":\"https:\\\/\\\/survivornet.ca\\\/#organization\"},\"potentialAction\":[{\"@type\":\"SearchAction\",\"target\":{\"@type\":\"EntryPoint\",\"urlTemplate\":\"https:\\\/\\\/survivornet.ca\\\/?s={search_term_string}\"},\"query-input\":{\"@type\":\"PropertyValueSpecification\",\"valueRequired\":true,\"valueName\":\"search_term_string\"}}],\"inLanguage\":\"fr-FR\"},{\"@type\":\"Organization\",\"@id\":\"https:\\\/\\\/survivornet.ca\\\/#organization\",\"name\":\"Canadian Cancer Survivor Network\",\"url\":\"https:\\\/\\\/survivornet.ca\\\/\",\"logo\":{\"@type\":\"ImageObject\",\"inLanguage\":\"fr-FR\",\"@id\":\"https:\\\/\\\/survivornet.ca\\\/#\\\/schema\\\/logo\\\/image\\\/\",\"url\":\"http:\\\/\\\/survivornet.ca\\\/wp-content\\\/uploads\\\/2016\\\/12\\\/CCSN_Logo_EN_SQUARE.png\",\"contentUrl\":\"http:\\\/\\\/survivornet.ca\\\/wp-content\\\/uploads\\\/2016\\\/12\\\/CCSN_Logo_EN_SQUARE.png\",\"width\":1209,\"height\":1007,\"caption\":\"Canadian Cancer Survivor Network\"},\"image\":{\"@id\":\"https:\\\/\\\/survivornet.ca\\\/#\\\/schema\\\/logo\\\/image\\\/\"}}]}<\/script>\n<!-- \/ Yoast SEO plugin. -->","yoast_head_json":{"title":"Dr. Rob Rutledge - Canadian Cancer Survivor Network","robots":{"index":"index","follow":"follow","max-snippet":"max-snippet:-1","max-image-preview":"max-image-preview:large","max-video-preview":"max-video-preview:-1"},"canonical":"https:\/\/survivornet.ca\/fr\/reliez-vous\/le-comite-medical-consultatif\/dr-rob-rutledge\/","og_locale":"fr_FR","og_type":"article","og_title":"Dr. Rob Rutledge - Canadian Cancer Survivor Network","og_description":"Dr Rob Rutledge est radio-oncologue \u00e0 Halifax en Nouvelle-\u00c9cosse, et se sp\u00e9cialise dans le cancer du sein, de la prostate, et dans le cancer p\u00e9diatrique. Il est \u00e9galement professeur agr\u00e9g\u00e9 \u00e0 la","og_url":"https:\/\/survivornet.ca\/fr\/reliez-vous\/le-comite-medical-consultatif\/dr-rob-rutledge\/","og_site_name":"Canadian Cancer Survivor Network","og_image":[{"url":"http:\/\/survivornet.ca\/wp-content\/uploads\/2017\/02\/Dr_-Rob-Rutledge1.jpg","type":"","width":"","height":""}],"twitter_card":"summary_large_image","twitter_misc":{"Dur\u00e9e de lecture estim\u00e9e":"1 minute"},"schema":{"@context":"https:\/\/schema.org","@graph":[{"@type":"WebPage","@id":"https:\/\/survivornet.ca\/fr\/reliez-vous\/le-comite-medical-consultatif\/dr-rob-rutledge\/","url":"https:\/\/survivornet.ca\/fr\/reliez-vous\/le-comite-medical-consultatif\/dr-rob-rutledge\/","name":"Dr. Rob Rutledge - Canadian Cancer Survivor Network","isPartOf":{"@id":"https:\/\/survivornet.ca\/#website"},"primaryImageOfPage":{"@id":"https:\/\/survivornet.ca\/fr\/reliez-vous\/le-comite-medical-consultatif\/dr-rob-rutledge\/#primaryimage"},"image":{"@id":"https:\/\/survivornet.ca\/fr\/reliez-vous\/le-comite-medical-consultatif\/dr-rob-rutledge\/#primaryimage"},"thumbnailUrl":"http:\/\/survivornet.ca\/wp-content\/uploads\/2017\/02\/Dr_-Rob-Rutledge1.jpg","datePublished":"2017-05-31T15:29:24+00:00","breadcrumb":{"@id":"https:\/\/survivornet.ca\/fr\/reliez-vous\/le-comite-medical-consultatif\/dr-rob-rutledge\/#breadcrumb"},"inLanguage":"fr-FR","potentialAction":[{"@type":"ReadAction","target":["https:\/\/survivornet.ca\/fr\/reliez-vous\/le-comite-medical-consultatif\/dr-rob-rutledge\/"]}]},{"@type":"ImageObject","inLanguage":"fr-FR","@id":"https:\/\/survivornet.ca\/fr\/reliez-vous\/le-comite-medical-consultatif\/dr-rob-rutledge\/#primaryimage","url":"http:\/\/survivornet.ca\/wp-content\/uploads\/2017\/02\/Dr_-Rob-Rutledge1.jpg","contentUrl":"http:\/\/survivornet.ca\/wp-content\/uploads\/2017\/02\/Dr_-Rob-Rutledge1.jpg"},{"@type":"BreadcrumbList","@id":"https:\/\/survivornet.ca\/fr\/reliez-vous\/le-comite-medical-consultatif\/dr-rob-rutledge\/#breadcrumb","itemListElement":[{"@type":"ListItem","position":1,"name":"Home","item":"https:\/\/survivornet.ca\/fr\/"},{"@type":"ListItem","position":2,"name":"Connectez","item":"https:\/\/survivornet.ca\/fr\/reliez-vous\/"},{"@type":"ListItem","position":3,"name":"Le comit\u00e9 m\u00e9dical consultatif","item":"https:\/\/survivornet.ca\/fr\/reliez-vous\/le-comite-medical-consultatif\/"},{"@type":"ListItem","position":4,"name":"Dr. Rob Rutledge"}]},{"@type":"WebSite","@id":"https:\/\/survivornet.ca\/#website","url":"https:\/\/survivornet.ca\/","name":"Canadian Cancer Survivor Network","description":"The Canadian Cancer Survivor Network was created by a group of Canadians concerned about cancer.","publisher":{"@id":"https:\/\/survivornet.ca\/#organization"},"potentialAction":[{"@type":"SearchAction","target":{"@type":"EntryPoint","urlTemplate":"https:\/\/survivornet.ca\/?s={search_term_string}"},"query-input":{"@type":"PropertyValueSpecification","valueRequired":true,"valueName":"search_term_string"}}],"inLanguage":"fr-FR"},{"@type":"Organization","@id":"https:\/\/survivornet.ca\/#organization","name":"Canadian Cancer Survivor Network","url":"https:\/\/survivornet.ca\/","logo":{"@type":"ImageObject","inLanguage":"fr-FR","@id":"https:\/\/survivornet.ca\/#\/schema\/logo\/image\/","url":"http:\/\/survivornet.ca\/wp-content\/uploads\/2016\/12\/CCSN_Logo_EN_SQUARE.png","contentUrl":"http:\/\/survivornet.ca\/wp-content\/uploads\/2016\/12\/CCSN_Logo_EN_SQUARE.png","width":1209,"height":1007,"caption":"Canadian Cancer Survivor Network"},"image":{"@id":"https:\/\/survivornet.ca\/#\/schema\/logo\/image\/"}}]}},"_links":{"self":[{"href":"https:\/\/survivornet.ca\/fr\/wp-json\/wp\/v2\/pages\/4603","targetHints":{"allow":["GET"]}}],"collection":[{"href":"https:\/\/survivornet.ca\/fr\/wp-json\/wp\/v2\/pages"}],"about":[{"href":"https:\/\/survivornet.ca\/fr\/wp-json\/wp\/v2\/types\/page"}],"author":[{"embeddable":true,"href":"https:\/\/survivornet.ca\/fr\/wp-json\/wp\/v2\/users\/2"}],"replies":[{"embeddable":true,"href":"https:\/\/survivornet.ca\/fr\/wp-json\/wp\/v2\/comments?post=4603"}],"version-history":[{"count":0,"href":"https:\/\/survivornet.ca\/fr\/wp-json\/wp\/v2\/pages\/4603\/revisions"}],"up":[{"embeddable":true,"href":"https:\/\/survivornet.ca\/fr\/wp-json\/wp\/v2\/pages\/4521"}],"wp:attachment":[{"href":"https:\/\/survivornet.ca\/fr\/wp-json\/wp\/v2\/media?parent=4603"}],"curies":[{"name":"wp","href":"https:\/\/api.w.org\/{rel}","templated":true}]}}