{"id":4580,"date":"2017-05-31T13:59:56","date_gmt":"2017-05-31T13:59:56","guid":{"rendered":"https:\/\/survivornet.ca\/?page_id=4580\/"},"modified":"2017-05-31T14:02:15","modified_gmt":"2017-05-31T14:02:15","slug":"commanditaires-corporatifs","status":"publish","type":"page","link":"https:\/\/survivornet.ca\/fr\/reliez-vous\/commandites\/commanditaires-corporatifs\/","title":{"rendered":"Commanditaires corporatifs"},"content":{"rendered":"<p>Au RCSC, d\u00e9velopper et maintenir un partenariat avec un commanditaire corporatif signifie bien plus que le traditionnel \u00abvous nous envoyez un ch\u00e8que, nous mettons votre logo sur notre site\u00a0\u00bb (bien que cela fasse partie des avantages que nous vous offrons).<\/p>\n<p>Une commandite corporative se d\u00e9veloppe lorsque les deux parties trouvent une synergie dans leurs buts et leurs objectifs, et nous recherchons surtout un terrain d\u2019entente dans le but du RCSC d\u2019atteindre un acc\u00e8s \u00e0 des soins optimaux pour les patients dans tous les secteurs du syst\u00e8me de sant\u00e9 canadien.<\/p>\n<p>Le RCSC pr\u00e9f\u00e8re s\u2019impliquer avec des commanditaires pour attirer l\u2019attention sur les causes qu\u2019ils ont en commun, \u00e9duquer les patients ayant le cancer et les survivants du cancer pour qu\u2019ils deviennent des consommateurs de services de sant\u00e9 actifs et avertis, et pour avoir un impact positif.<\/p>\n<p>La r\u00e9alisation d\u2019une commandite corporative et d\u2019un partenariat devrait impliquer les deux parties travaillant ensemble avec des objectifs d\u00e9finis, une interaction pour la r\u00e9alisation de ces objectifs, et le d\u00e9sir de faire une diff\u00e9rence pour plus de 177 000 canadiens qui re\u00e7oivent un diagnostic de cancer chaque ann\u00e9e.<\/p>\n<p>Si cela vous int\u00e9resse, envoyez un courriel \u00e0\u00a0<a href=\"mailto:mforrest@survivornet.ca\" target=\"_blank\" rel=\"noopener noreferrer\">mforrest@survivornet.ca<\/a>, ou appelez-nous au\u00a0<a href=\"tel:613-263-6363\" target=\"_blank\" rel=\"noopener noreferrer\"><span dir=\"ltr\" tabindex=\"-1\">613-263-6363<\/span><\/a>. Nous serons ravis de discuter d\u2019un \u00e9ventuel partenariat ou d\u2019une commandite avec vous!<\/p>\n","protected":false},"excerpt":{"rendered":"<p>Au RCSC, d\u00e9velopper et maintenir un partenariat avec un commanditaire corporatif signifie bien plus que le traditionnel \u00abvous nous envoyez un ch\u00e8que, nous mettons votre logo sur notre site\u00a0\u00bb (bien que cela<\/p>\n","protected":false},"author":2,"featured_media":0,"parent":4578,"menu_order":1,"comment_status":"closed","ping_status":"closed","template":"","meta":{"_acf_changed":false,"footnotes":""},"class_list":["post-4580","page","type-page","status-publish","hentry"],"acf":[],"yoast_head":"<!-- This site is optimized with the Yoast SEO plugin v27.4 - https:\/\/yoast.com\/product\/yoast-seo-wordpress\/ -->\n<title>Commanditaires corporatifs - Canadian Cancer Survivor Network<\/title>\n<meta name=\"robots\" content=\"index, follow, max-snippet:-1, max-image-preview:large, max-video-preview:-1\" \/>\n<link rel=\"canonical\" href=\"https:\/\/survivornet.ca\/fr\/reliez-vous\/commandites\/commanditaires-corporatifs\/\" \/>\n<meta property=\"og:locale\" content=\"fr_FR\" \/>\n<meta property=\"og:type\" content=\"article\" \/>\n<meta property=\"og:title\" content=\"Commanditaires corporatifs - Canadian Cancer Survivor Network\" \/>\n<meta property=\"og:description\" content=\"Au RCSC, d\u00e9velopper et maintenir un partenariat avec un commanditaire corporatif signifie bien plus que le traditionnel \u00abvous nous envoyez un ch\u00e8que, nous mettons votre logo sur notre site\u00a0\u00bb (bien que cela\" \/>\n<meta property=\"og:url\" content=\"https:\/\/survivornet.ca\/fr\/reliez-vous\/commandites\/commanditaires-corporatifs\/\" \/>\n<meta property=\"og:site_name\" content=\"Canadian Cancer Survivor Network\" \/>\n<meta property=\"article:modified_time\" content=\"2017-05-31T14:02:15+00:00\" \/>\n<meta name=\"twitter:card\" content=\"summary_large_image\" \/>\n<meta name=\"twitter:label1\" content=\"Dur\u00e9e de lecture estim\u00e9e\" \/>\n\t<meta name=\"twitter:data1\" content=\"1 minute\" \/>\n<script type=\"application\/ld+json\" class=\"yoast-schema-graph\">{\"@context\":\"https:\\\/\\\/schema.org\",\"@graph\":[{\"@type\":\"WebPage\",\"@id\":\"https:\\\/\\\/survivornet.ca\\\/fr\\\/reliez-vous\\\/commandites\\\/commanditaires-corporatifs\\\/\",\"url\":\"https:\\\/\\\/survivornet.ca\\\/fr\\\/reliez-vous\\\/commandites\\\/commanditaires-corporatifs\\\/\",\"name\":\"Commanditaires corporatifs - Canadian Cancer Survivor Network\",\"isPartOf\":{\"@id\":\"https:\\\/\\\/survivornet.ca\\\/#website\"},\"datePublished\":\"2017-05-31T13:59:56+00:00\",\"dateModified\":\"2017-05-31T14:02:15+00:00\",\"breadcrumb\":{\"@id\":\"https:\\\/\\\/survivornet.ca\\\/fr\\\/reliez-vous\\\/commandites\\\/commanditaires-corporatifs\\\/#breadcrumb\"},\"inLanguage\":\"fr-FR\",\"potentialAction\":[{\"@type\":\"ReadAction\",\"target\":[\"https:\\\/\\\/survivornet.ca\\\/fr\\\/reliez-vous\\\/commandites\\\/commanditaires-corporatifs\\\/\"]}]},{\"@type\":\"BreadcrumbList\",\"@id\":\"https:\\\/\\\/survivornet.ca\\\/fr\\\/reliez-vous\\\/commandites\\\/commanditaires-corporatifs\\\/#breadcrumb\",\"itemListElement\":[{\"@type\":\"ListItem\",\"position\":1,\"name\":\"Home\",\"item\":\"https:\\\/\\\/survivornet.ca\\\/fr\\\/\"},{\"@type\":\"ListItem\",\"position\":2,\"name\":\"Connectez\",\"item\":\"https:\\\/\\\/survivornet.ca\\\/fr\\\/reliez-vous\\\/\"},{\"@type\":\"ListItem\",\"position\":3,\"name\":\"Commandites\",\"item\":\"https:\\\/\\\/survivornet.ca\\\/fr\\\/reliez-vous\\\/commandites\\\/\"},{\"@type\":\"ListItem\",\"position\":4,\"name\":\"Commanditaires corporatifs\"}]},{\"@type\":\"WebSite\",\"@id\":\"https:\\\/\\\/survivornet.ca\\\/#website\",\"url\":\"https:\\\/\\\/survivornet.ca\\\/\",\"name\":\"Canadian Cancer Survivor Network\",\"description\":\"The Canadian Cancer Survivor Network was created by a group of Canadians concerned about cancer.\",\"publisher\":{\"@id\":\"https:\\\/\\\/survivornet.ca\\\/#organization\"},\"potentialAction\":[{\"@type\":\"SearchAction\",\"target\":{\"@type\":\"EntryPoint\",\"urlTemplate\":\"https:\\\/\\\/survivornet.ca\\\/?s={search_term_string}\"},\"query-input\":{\"@type\":\"PropertyValueSpecification\",\"valueRequired\":true,\"valueName\":\"search_term_string\"}}],\"inLanguage\":\"fr-FR\"},{\"@type\":\"Organization\",\"@id\":\"https:\\\/\\\/survivornet.ca\\\/#organization\",\"name\":\"Canadian Cancer Survivor Network\",\"url\":\"https:\\\/\\\/survivornet.ca\\\/\",\"logo\":{\"@type\":\"ImageObject\",\"inLanguage\":\"fr-FR\",\"@id\":\"https:\\\/\\\/survivornet.ca\\\/#\\\/schema\\\/logo\\\/image\\\/\",\"url\":\"http:\\\/\\\/survivornet.ca\\\/wp-content\\\/uploads\\\/2016\\\/12\\\/CCSN_Logo_EN_SQUARE.png\",\"contentUrl\":\"http:\\\/\\\/survivornet.ca\\\/wp-content\\\/uploads\\\/2016\\\/12\\\/CCSN_Logo_EN_SQUARE.png\",\"width\":1209,\"height\":1007,\"caption\":\"Canadian Cancer Survivor Network\"},\"image\":{\"@id\":\"https:\\\/\\\/survivornet.ca\\\/#\\\/schema\\\/logo\\\/image\\\/\"}}]}<\/script>\n<!-- \/ Yoast SEO plugin. -->","yoast_head_json":{"title":"Commanditaires corporatifs - Canadian Cancer Survivor Network","robots":{"index":"index","follow":"follow","max-snippet":"max-snippet:-1","max-image-preview":"max-image-preview:large","max-video-preview":"max-video-preview:-1"},"canonical":"https:\/\/survivornet.ca\/fr\/reliez-vous\/commandites\/commanditaires-corporatifs\/","og_locale":"fr_FR","og_type":"article","og_title":"Commanditaires corporatifs - Canadian Cancer Survivor Network","og_description":"Au RCSC, d\u00e9velopper et maintenir un partenariat avec un commanditaire corporatif signifie bien plus que le traditionnel \u00abvous nous envoyez un ch\u00e8que, nous mettons votre logo sur notre site\u00a0\u00bb (bien que cela","og_url":"https:\/\/survivornet.ca\/fr\/reliez-vous\/commandites\/commanditaires-corporatifs\/","og_site_name":"Canadian Cancer Survivor Network","article_modified_time":"2017-05-31T14:02:15+00:00","twitter_card":"summary_large_image","twitter_misc":{"Dur\u00e9e de lecture estim\u00e9e":"1 minute"},"schema":{"@context":"https:\/\/schema.org","@graph":[{"@type":"WebPage","@id":"https:\/\/survivornet.ca\/fr\/reliez-vous\/commandites\/commanditaires-corporatifs\/","url":"https:\/\/survivornet.ca\/fr\/reliez-vous\/commandites\/commanditaires-corporatifs\/","name":"Commanditaires corporatifs - Canadian Cancer Survivor Network","isPartOf":{"@id":"https:\/\/survivornet.ca\/#website"},"datePublished":"2017-05-31T13:59:56+00:00","dateModified":"2017-05-31T14:02:15+00:00","breadcrumb":{"@id":"https:\/\/survivornet.ca\/fr\/reliez-vous\/commandites\/commanditaires-corporatifs\/#breadcrumb"},"inLanguage":"fr-FR","potentialAction":[{"@type":"ReadAction","target":["https:\/\/survivornet.ca\/fr\/reliez-vous\/commandites\/commanditaires-corporatifs\/"]}]},{"@type":"BreadcrumbList","@id":"https:\/\/survivornet.ca\/fr\/reliez-vous\/commandites\/commanditaires-corporatifs\/#breadcrumb","itemListElement":[{"@type":"ListItem","position":1,"name":"Home","item":"https:\/\/survivornet.ca\/fr\/"},{"@type":"ListItem","position":2,"name":"Connectez","item":"https:\/\/survivornet.ca\/fr\/reliez-vous\/"},{"@type":"ListItem","position":3,"name":"Commandites","item":"https:\/\/survivornet.ca\/fr\/reliez-vous\/commandites\/"},{"@type":"ListItem","position":4,"name":"Commanditaires corporatifs"}]},{"@type":"WebSite","@id":"https:\/\/survivornet.ca\/#website","url":"https:\/\/survivornet.ca\/","name":"Canadian Cancer Survivor Network","description":"The Canadian Cancer Survivor Network was created by a group of Canadians concerned about cancer.","publisher":{"@id":"https:\/\/survivornet.ca\/#organization"},"potentialAction":[{"@type":"SearchAction","target":{"@type":"EntryPoint","urlTemplate":"https:\/\/survivornet.ca\/?s={search_term_string}"},"query-input":{"@type":"PropertyValueSpecification","valueRequired":true,"valueName":"search_term_string"}}],"inLanguage":"fr-FR"},{"@type":"Organization","@id":"https:\/\/survivornet.ca\/#organization","name":"Canadian Cancer Survivor Network","url":"https:\/\/survivornet.ca\/","logo":{"@type":"ImageObject","inLanguage":"fr-FR","@id":"https:\/\/survivornet.ca\/#\/schema\/logo\/image\/","url":"http:\/\/survivornet.ca\/wp-content\/uploads\/2016\/12\/CCSN_Logo_EN_SQUARE.png","contentUrl":"http:\/\/survivornet.ca\/wp-content\/uploads\/2016\/12\/CCSN_Logo_EN_SQUARE.png","width":1209,"height":1007,"caption":"Canadian Cancer Survivor Network"},"image":{"@id":"https:\/\/survivornet.ca\/#\/schema\/logo\/image\/"}}]}},"_links":{"self":[{"href":"https:\/\/survivornet.ca\/fr\/wp-json\/wp\/v2\/pages\/4580","targetHints":{"allow":["GET"]}}],"collection":[{"href":"https:\/\/survivornet.ca\/fr\/wp-json\/wp\/v2\/pages"}],"about":[{"href":"https:\/\/survivornet.ca\/fr\/wp-json\/wp\/v2\/types\/page"}],"author":[{"embeddable":true,"href":"https:\/\/survivornet.ca\/fr\/wp-json\/wp\/v2\/users\/2"}],"replies":[{"embeddable":true,"href":"https:\/\/survivornet.ca\/fr\/wp-json\/wp\/v2\/comments?post=4580"}],"version-history":[{"count":0,"href":"https:\/\/survivornet.ca\/fr\/wp-json\/wp\/v2\/pages\/4580\/revisions"}],"up":[{"embeddable":true,"href":"https:\/\/survivornet.ca\/fr\/wp-json\/wp\/v2\/pages\/4578"}],"wp:attachment":[{"href":"https:\/\/survivornet.ca\/fr\/wp-json\/wp\/v2\/media?parent=4580"}],"curies":[{"name":"wp","href":"https:\/\/api.w.org\/{rel}","templated":true}]}}