{"id":4535,"date":"2017-05-30T20:03:13","date_gmt":"2017-05-30T20:03:13","guid":{"rendered":"https:\/\/survivornet.ca\/?page_id=4535"},"modified":"2023-02-08T13:41:26","modified_gmt":"2023-02-08T18:41:26","slug":"reliez-vous","status":"publish","type":"page","link":"https:\/\/survivornet.ca\/fr\/reliez-vous\/","title":{"rendered":"Connectez"},"content":{"rendered":"<div class=\"wpb-content-wrapper\"><p>[vc_row][vc_column][vc_column_text]<span style=\"font-weight: 400;\">Cette section vous offre de l&#8217;information sur: les nouvelles, les \u00e9v\u00e9nements \u00e0 venir, les centres de canc\u00e9rologie, comment trouver un m\u00e9dicin et l&#8217;assurance-maladie.\u00a0<\/span><\/p>\n<p>Nous ajouterons des sections additionnelles au fil du temps.[\/vc_column_text][\/vc_column][\/vc_row][vc_row][vc_column width=&#8221;1\/2&#8243;][vc_column_text]<\/p>\n<h2><a href=\"https:\/\/survivornet.ca\/fr\/reliez-vous\/nouvelles\/\">Actualit\u00e9s<\/a><\/h2>\n<ul class=\"content-list\">\n<li><a href=\"https:\/\/survivornet.ca\/fr\/reliez-vous\/nouvelles\/\">Cliquez ici pour les principales actualit\u00e9s<\/a><\/li>\n<\/ul>\n<h2><a href=\"https:\/\/survivornet.ca\/fr\/reliez-vous\/evenements\/\">\u00c9v\u00e9nements \u00e0 venir<\/a><\/h2>\n<ul class=\"content-list\">\n<li>Envoyez vos \u00e9v\u00e9nements au <a href=\"mailto:info@survivornet.ca\" target=\"_blank\" rel=\"noopener noreferrer\">info@survivornet.ca<\/a><\/li>\n<\/ul>\n<h2><a href=\"https:\/\/survivornet.ca\/fr\/reliez-vous\/commandites\/\">Commandites<\/a><\/h2>\n<ul class=\"content-list\">\n<li><a href=\"https:\/\/survivornet.ca\/fr\/reliez-vous\/commandites\/\">Devenant membre<\/a><\/li>\n<li><a href=\"https:\/\/survivornet.ca\/fr\/reliez-vous\/commandites\/\">Faisant un don<\/a><\/li>\n<li><a href=\"https:\/\/survivornet.ca\/fr\/reliez-vous\/commandites\/commanditaires-corporatifs\/\">Commanditaires corporatifs<\/a><\/li>\n<\/ul>\n<h2><a href=\"https:\/\/survivornet.ca\/fr\/reliez-vous-2\/assurance-maladie\/\">Assurance-maladie<\/a><\/h2>\n<p>Le syst\u00e8me de soins de sant\u00e9 canadien est un ensemble coordonn\u00e9 de 13 r\u00e9gimes provinciaux et territoriaux de soins de sant\u00e9 financ\u00e9 par l\u2019\u00c9tat.[\/vc_column_text][\/vc_column][vc_column width=&#8221;1\/2&#8243;][vc_column_text]<\/p>\n<h2><a href=\"https:\/\/survivornet.ca\/fr\/reliez-vous-2\/partenaires\/\" target=\"_blank\" rel=\"noopener noreferrer\">Partenaires<\/a><\/h2>\n<ul class=\"content-list\">\n<li>Veuillez contacter <a href=\"mailto:jmanthorne@survivornet.ca\" target=\"_blank\" rel=\"noopener noreferrer\">jmanthorne@survivornet.ca<\/a> pour discuter de partenariat avec le RCSC.<\/li>\n<\/ul>\n<h2><\/h2>\n<h2><a href=\"https:\/\/survivornet.ca\/fr\/reliez-vous-2\/medias\/\">M\u00e9dias<\/a><\/h2>\n<p>&nbsp;<\/p>\n<h2><a href=\"https:\/\/survivornet.ca\/fr\/reliez-vous-2\/centres-de-cancerologie\/\">Centres de canc\u00e9rologie<\/a><\/h2>\n<p>Les centres de canc\u00e9rologie offrent des services d\u2019hospitalisations et de consultations externes aux patients atteints par le cancer.<\/p>\n<p>&nbsp;<\/p>\n<h2><a href=\"https:\/\/survivornet.ca\/fr\/reliez-vous-2\/comment-trouver-un-medecin\/\">Comment trouver un m\u00e9dicin\u00a0<\/a><\/h2>\n<h2><\/h2>\n<p>[\/vc_column_text][\/vc_column][\/vc_row]<\/p>\n<\/div>","protected":false},"excerpt":{"rendered":"<p>[vc_row][vc_column][vc_column_text]Cette section vous offre de l&#8217;information sur: les nouvelles, les \u00e9v\u00e9nements \u00e0 venir, les centres de canc\u00e9rologie, comment trouver un m\u00e9dicin et l&#8217;assurance-maladie.\u00a0 Nous ajouterons des sections additionnelles au fil du temps.[\/vc_column_text][\/vc_column][\/vc_row][vc_row][vc_column<\/p>\n","protected":false},"author":1,"featured_media":0,"parent":0,"menu_order":5,"comment_status":"closed","ping_status":"closed","template":"","meta":{"_acf_changed":false,"footnotes":""},"class_list":["post-4535","page","type-page","status-publish","hentry"],"acf":[],"yoast_head":"<!-- This site is optimized with the Yoast SEO plugin v27.4 - https:\/\/yoast.com\/product\/yoast-seo-wordpress\/ -->\n<title>Connectez - Canadian Cancer Survivor Network<\/title>\n<meta name=\"robots\" content=\"index, follow, max-snippet:-1, max-image-preview:large, max-video-preview:-1\" \/>\n<link rel=\"canonical\" href=\"https:\/\/survivornet.ca\/fr\/reliez-vous\/\" \/>\n<meta property=\"og:locale\" content=\"fr_FR\" \/>\n<meta property=\"og:type\" content=\"article\" \/>\n<meta property=\"og:title\" content=\"Connectez - Canadian Cancer Survivor Network\" \/>\n<meta property=\"og:description\" content=\"[vc_row][vc_column][vc_column_text]Cette section vous offre de l&#8217;information sur: les nouvelles, les \u00e9v\u00e9nements \u00e0 venir, les centres de canc\u00e9rologie, comment trouver un m\u00e9dicin et l&#8217;assurance-maladie.\u00a0 Nous ajouterons des sections additionnelles au fil du temps.[\/vc_column_text][\/vc_column][\/vc_row][vc_row][vc_column\" \/>\n<meta property=\"og:url\" content=\"https:\/\/survivornet.ca\/fr\/reliez-vous\/\" \/>\n<meta property=\"og:site_name\" content=\"Canadian Cancer Survivor Network\" \/>\n<meta property=\"article:modified_time\" content=\"2023-02-08T18:41:26+00:00\" \/>\n<meta name=\"twitter:card\" content=\"summary_large_image\" \/>\n<meta name=\"twitter:label1\" content=\"Dur\u00e9e de lecture estim\u00e9e\" \/>\n\t<meta name=\"twitter:data1\" content=\"1 minute\" \/>\n<script type=\"application\/ld+json\" class=\"yoast-schema-graph\">{\"@context\":\"https:\\\/\\\/schema.org\",\"@graph\":[{\"@type\":\"WebPage\",\"@id\":\"https:\\\/\\\/survivornet.ca\\\/fr\\\/reliez-vous\\\/\",\"url\":\"https:\\\/\\\/survivornet.ca\\\/fr\\\/reliez-vous\\\/\",\"name\":\"Connectez - Canadian Cancer Survivor Network\",\"isPartOf\":{\"@id\":\"https:\\\/\\\/survivornet.ca\\\/#website\"},\"datePublished\":\"2017-05-30T20:03:13+00:00\",\"dateModified\":\"2023-02-08T18:41:26+00:00\",\"breadcrumb\":{\"@id\":\"https:\\\/\\\/survivornet.ca\\\/fr\\\/reliez-vous\\\/#breadcrumb\"},\"inLanguage\":\"fr-FR\",\"potentialAction\":[{\"@type\":\"ReadAction\",\"target\":[\"https:\\\/\\\/survivornet.ca\\\/fr\\\/reliez-vous\\\/\"]}]},{\"@type\":\"BreadcrumbList\",\"@id\":\"https:\\\/\\\/survivornet.ca\\\/fr\\\/reliez-vous\\\/#breadcrumb\",\"itemListElement\":[{\"@type\":\"ListItem\",\"position\":1,\"name\":\"Home\",\"item\":\"https:\\\/\\\/survivornet.ca\\\/fr\\\/\"},{\"@type\":\"ListItem\",\"position\":2,\"name\":\"Connectez\"}]},{\"@type\":\"WebSite\",\"@id\":\"https:\\\/\\\/survivornet.ca\\\/#website\",\"url\":\"https:\\\/\\\/survivornet.ca\\\/\",\"name\":\"Canadian Cancer Survivor Network\",\"description\":\"The Canadian Cancer Survivor Network was created by a group of Canadians concerned about cancer.\",\"publisher\":{\"@id\":\"https:\\\/\\\/survivornet.ca\\\/#organization\"},\"potentialAction\":[{\"@type\":\"SearchAction\",\"target\":{\"@type\":\"EntryPoint\",\"urlTemplate\":\"https:\\\/\\\/survivornet.ca\\\/?s={search_term_string}\"},\"query-input\":{\"@type\":\"PropertyValueSpecification\",\"valueRequired\":true,\"valueName\":\"search_term_string\"}}],\"inLanguage\":\"fr-FR\"},{\"@type\":\"Organization\",\"@id\":\"https:\\\/\\\/survivornet.ca\\\/#organization\",\"name\":\"Canadian Cancer Survivor Network\",\"url\":\"https:\\\/\\\/survivornet.ca\\\/\",\"logo\":{\"@type\":\"ImageObject\",\"inLanguage\":\"fr-FR\",\"@id\":\"https:\\\/\\\/survivornet.ca\\\/#\\\/schema\\\/logo\\\/image\\\/\",\"url\":\"http:\\\/\\\/survivornet.ca\\\/wp-content\\\/uploads\\\/2016\\\/12\\\/CCSN_Logo_EN_SQUARE.png\",\"contentUrl\":\"http:\\\/\\\/survivornet.ca\\\/wp-content\\\/uploads\\\/2016\\\/12\\\/CCSN_Logo_EN_SQUARE.png\",\"width\":1209,\"height\":1007,\"caption\":\"Canadian Cancer Survivor Network\"},\"image\":{\"@id\":\"https:\\\/\\\/survivornet.ca\\\/#\\\/schema\\\/logo\\\/image\\\/\"}}]}<\/script>\n<!-- \/ Yoast SEO plugin. -->","yoast_head_json":{"title":"Connectez - Canadian Cancer Survivor Network","robots":{"index":"index","follow":"follow","max-snippet":"max-snippet:-1","max-image-preview":"max-image-preview:large","max-video-preview":"max-video-preview:-1"},"canonical":"https:\/\/survivornet.ca\/fr\/reliez-vous\/","og_locale":"fr_FR","og_type":"article","og_title":"Connectez - Canadian Cancer Survivor Network","og_description":"[vc_row][vc_column][vc_column_text]Cette section vous offre de l&#8217;information sur: les nouvelles, les \u00e9v\u00e9nements \u00e0 venir, les centres de canc\u00e9rologie, comment trouver un m\u00e9dicin et l&#8217;assurance-maladie.\u00a0 Nous ajouterons des sections additionnelles au fil du temps.[\/vc_column_text][\/vc_column][\/vc_row][vc_row][vc_column","og_url":"https:\/\/survivornet.ca\/fr\/reliez-vous\/","og_site_name":"Canadian Cancer Survivor Network","article_modified_time":"2023-02-08T18:41:26+00:00","twitter_card":"summary_large_image","twitter_misc":{"Dur\u00e9e de lecture estim\u00e9e":"1 minute"},"schema":{"@context":"https:\/\/schema.org","@graph":[{"@type":"WebPage","@id":"https:\/\/survivornet.ca\/fr\/reliez-vous\/","url":"https:\/\/survivornet.ca\/fr\/reliez-vous\/","name":"Connectez - Canadian Cancer Survivor Network","isPartOf":{"@id":"https:\/\/survivornet.ca\/#website"},"datePublished":"2017-05-30T20:03:13+00:00","dateModified":"2023-02-08T18:41:26+00:00","breadcrumb":{"@id":"https:\/\/survivornet.ca\/fr\/reliez-vous\/#breadcrumb"},"inLanguage":"fr-FR","potentialAction":[{"@type":"ReadAction","target":["https:\/\/survivornet.ca\/fr\/reliez-vous\/"]}]},{"@type":"BreadcrumbList","@id":"https:\/\/survivornet.ca\/fr\/reliez-vous\/#breadcrumb","itemListElement":[{"@type":"ListItem","position":1,"name":"Home","item":"https:\/\/survivornet.ca\/fr\/"},{"@type":"ListItem","position":2,"name":"Connectez"}]},{"@type":"WebSite","@id":"https:\/\/survivornet.ca\/#website","url":"https:\/\/survivornet.ca\/","name":"Canadian Cancer Survivor Network","description":"The Canadian Cancer Survivor Network was created by a group of Canadians concerned about cancer.","publisher":{"@id":"https:\/\/survivornet.ca\/#organization"},"potentialAction":[{"@type":"SearchAction","target":{"@type":"EntryPoint","urlTemplate":"https:\/\/survivornet.ca\/?s={search_term_string}"},"query-input":{"@type":"PropertyValueSpecification","valueRequired":true,"valueName":"search_term_string"}}],"inLanguage":"fr-FR"},{"@type":"Organization","@id":"https:\/\/survivornet.ca\/#organization","name":"Canadian Cancer Survivor Network","url":"https:\/\/survivornet.ca\/","logo":{"@type":"ImageObject","inLanguage":"fr-FR","@id":"https:\/\/survivornet.ca\/#\/schema\/logo\/image\/","url":"http:\/\/survivornet.ca\/wp-content\/uploads\/2016\/12\/CCSN_Logo_EN_SQUARE.png","contentUrl":"http:\/\/survivornet.ca\/wp-content\/uploads\/2016\/12\/CCSN_Logo_EN_SQUARE.png","width":1209,"height":1007,"caption":"Canadian Cancer Survivor Network"},"image":{"@id":"https:\/\/survivornet.ca\/#\/schema\/logo\/image\/"}}]}},"_links":{"self":[{"href":"https:\/\/survivornet.ca\/fr\/wp-json\/wp\/v2\/pages\/4535","targetHints":{"allow":["GET"]}}],"collection":[{"href":"https:\/\/survivornet.ca\/fr\/wp-json\/wp\/v2\/pages"}],"about":[{"href":"https:\/\/survivornet.ca\/fr\/wp-json\/wp\/v2\/types\/page"}],"author":[{"embeddable":true,"href":"https:\/\/survivornet.ca\/fr\/wp-json\/wp\/v2\/users\/1"}],"replies":[{"embeddable":true,"href":"https:\/\/survivornet.ca\/fr\/wp-json\/wp\/v2\/comments?post=4535"}],"version-history":[{"count":0,"href":"https:\/\/survivornet.ca\/fr\/wp-json\/wp\/v2\/pages\/4535\/revisions"}],"wp:attachment":[{"href":"https:\/\/survivornet.ca\/fr\/wp-json\/wp\/v2\/media?parent=4535"}],"curies":[{"name":"wp","href":"https:\/\/api.w.org\/{rel}","templated":true}]}}