{"id":4523,"date":"2017-05-30T19:54:08","date_gmt":"2017-05-30T19:54:08","guid":{"rendered":"https:\/\/survivornet.ca\/?page_id=4523"},"modified":"2019-08-08T15:19:50","modified_gmt":"2019-08-08T15:19:50","slug":"nos-etres-chers","status":"publish","type":"page","link":"https:\/\/survivornet.ca\/fr\/reliez-vous\/nos-etres-chers\/","title":{"rendered":"Nos \u00eatres chers"},"content":{"rendered":"<p>Nous avons tous perdus des proches, des amis, ou d\u2019autres personnes \u00e0 cause du cancer. Le R\u00e9seau canadien des survivants du cancer a cr\u00e9\u00e9 cette page en m\u00e9moire de ces \u00eatres qui nous sont chers, afin que nous puissions nous rappeler d\u2019eux et partager leur perte.<\/p>\n<p>Nous vous invitons \u00e0 contribuer \u00e0 cette page par des obituaires, anecdotes, articles, po\u00e8mes, photos et vid\u00e9os que vous tenez \u00e0 partager. Envoyez-les au info@survivornet.ca<\/p>\n<ul class=\"subpage_links\">\n<li><a href=\"https:\/\/survivornet.ca\/fr\/news\/deces-daldo-del-col-m-s-m-cofondateur-de-myelome-canada\/\">Aldo Del Col, M.S.M. (1954-2019)<\/a><\/li>\n<li><a href=\"https:\/\/survivornet.ca\/fr\/reliez-vous\/propos-du-rscc\/nos-etres-chers\/carol-hanna-1968-2013\/\">Carol Hanna (1968-2013<\/a>)<\/li>\n<li><a href=\"https:\/\/survivornet.ca\/fr\/reliez-vous\/propos-du-rscc\/nos-etres-chers\/catherine-mooney-1958-2013\/\">Catherine Mooney (1958-2013)<\/a><\/li>\n<li><a href=\"https:\/\/survivornet.ca\/fr\/reliez-vous\/propos-du-rscc\/nos-etres-chers\/christine-brunswick-1953-2013\/\">Christine Brunswick (1953-2013)<\/a><\/li>\n<li><a href=\"https:\/\/survivornet.ca\/fr\/reliez-vous\/propos-du-rscc\/nos-etres-chers\/dianne-hartling-1945-2011\/\">Dianne Hartling (1945-2011)<\/a><\/li>\n<li><a href=\"https:\/\/survivornet.ca\/fr\/reliez-vous\/propos-du-rscc\/nos-etres-chers\/kathy-mossman-1942-2013\/\">Kathy Mossman (1942-2013)<\/a><\/li>\n<li><a href=\"https:\/\/survivornet.ca\/fr\/reliez-vous\/propos-du-rscc\/nos-etres-chers\/maureen-kelly-1938-2012\/\">Maureen Kelly (1938-2012)<\/a><\/li>\n<li><a href=\"https:\/\/survivornet.ca\/fr\/reliez-vous\/propos-du-rscc\/nos-etres-chers\/rosa-francia-meneses-1952-2000\/\">Rosa Francia-Meneses (1952-2000)<\/a><\/li>\n<\/ul>\n","protected":false},"excerpt":{"rendered":"<p>Nous avons tous perdus des proches, des amis, ou d\u2019autres personnes \u00e0 cause du cancer. Le R\u00e9seau canadien des survivants du cancer a cr\u00e9\u00e9 cette page en m\u00e9moire de ces \u00eatres qui<\/p>\n","protected":false},"author":1,"featured_media":0,"parent":4535,"menu_order":5,"comment_status":"closed","ping_status":"closed","template":"","meta":{"_acf_changed":false,"footnotes":""},"class_list":["post-4523","page","type-page","status-publish","hentry"],"acf":[],"yoast_head":"<!-- This site is optimized with the Yoast SEO plugin v27.4 - https:\/\/yoast.com\/product\/yoast-seo-wordpress\/ -->\n<title>Nos \u00eatres chers - Canadian Cancer Survivor Network<\/title>\n<meta name=\"robots\" content=\"index, follow, max-snippet:-1, max-image-preview:large, max-video-preview:-1\" \/>\n<link rel=\"canonical\" href=\"https:\/\/survivornet.ca\/fr\/reliez-vous\/nos-etres-chers\/\" \/>\n<meta property=\"og:locale\" content=\"fr_FR\" \/>\n<meta property=\"og:type\" content=\"article\" \/>\n<meta property=\"og:title\" content=\"Nos \u00eatres chers - Canadian Cancer Survivor Network\" \/>\n<meta property=\"og:description\" content=\"Nous avons tous perdus des proches, des amis, ou d\u2019autres personnes \u00e0 cause du cancer. Le R\u00e9seau canadien des survivants du cancer a cr\u00e9\u00e9 cette page en m\u00e9moire de ces \u00eatres qui\" \/>\n<meta property=\"og:url\" content=\"https:\/\/survivornet.ca\/fr\/reliez-vous\/nos-etres-chers\/\" \/>\n<meta property=\"og:site_name\" content=\"Canadian Cancer Survivor Network\" \/>\n<meta property=\"article:modified_time\" content=\"2019-08-08T15:19:50+00:00\" \/>\n<meta name=\"twitter:card\" content=\"summary_large_image\" \/>\n<meta name=\"twitter:label1\" content=\"Dur\u00e9e de lecture estim\u00e9e\" \/>\n\t<meta name=\"twitter:data1\" content=\"1 minute\" \/>\n<script type=\"application\/ld+json\" class=\"yoast-schema-graph\">{\"@context\":\"https:\\\/\\\/schema.org\",\"@graph\":[{\"@type\":\"WebPage\",\"@id\":\"https:\\\/\\\/survivornet.ca\\\/fr\\\/reliez-vous\\\/nos-etres-chers\\\/\",\"url\":\"https:\\\/\\\/survivornet.ca\\\/fr\\\/reliez-vous\\\/nos-etres-chers\\\/\",\"name\":\"Nos \u00eatres chers - Canadian Cancer Survivor Network\",\"isPartOf\":{\"@id\":\"https:\\\/\\\/survivornet.ca\\\/#website\"},\"datePublished\":\"2017-05-30T19:54:08+00:00\",\"dateModified\":\"2019-08-08T15:19:50+00:00\",\"breadcrumb\":{\"@id\":\"https:\\\/\\\/survivornet.ca\\\/fr\\\/reliez-vous\\\/nos-etres-chers\\\/#breadcrumb\"},\"inLanguage\":\"fr-FR\",\"potentialAction\":[{\"@type\":\"ReadAction\",\"target\":[\"https:\\\/\\\/survivornet.ca\\\/fr\\\/reliez-vous\\\/nos-etres-chers\\\/\"]}]},{\"@type\":\"BreadcrumbList\",\"@id\":\"https:\\\/\\\/survivornet.ca\\\/fr\\\/reliez-vous\\\/nos-etres-chers\\\/#breadcrumb\",\"itemListElement\":[{\"@type\":\"ListItem\",\"position\":1,\"name\":\"Home\",\"item\":\"https:\\\/\\\/survivornet.ca\\\/fr\\\/\"},{\"@type\":\"ListItem\",\"position\":2,\"name\":\"Connectez\",\"item\":\"https:\\\/\\\/survivornet.ca\\\/fr\\\/reliez-vous\\\/\"},{\"@type\":\"ListItem\",\"position\":3,\"name\":\"Nos \u00eatres chers\"}]},{\"@type\":\"WebSite\",\"@id\":\"https:\\\/\\\/survivornet.ca\\\/#website\",\"url\":\"https:\\\/\\\/survivornet.ca\\\/\",\"name\":\"Canadian Cancer Survivor Network\",\"description\":\"The Canadian Cancer Survivor Network was created by a group of Canadians concerned about cancer.\",\"publisher\":{\"@id\":\"https:\\\/\\\/survivornet.ca\\\/#organization\"},\"potentialAction\":[{\"@type\":\"SearchAction\",\"target\":{\"@type\":\"EntryPoint\",\"urlTemplate\":\"https:\\\/\\\/survivornet.ca\\\/?s={search_term_string}\"},\"query-input\":{\"@type\":\"PropertyValueSpecification\",\"valueRequired\":true,\"valueName\":\"search_term_string\"}}],\"inLanguage\":\"fr-FR\"},{\"@type\":\"Organization\",\"@id\":\"https:\\\/\\\/survivornet.ca\\\/#organization\",\"name\":\"Canadian Cancer Survivor Network\",\"url\":\"https:\\\/\\\/survivornet.ca\\\/\",\"logo\":{\"@type\":\"ImageObject\",\"inLanguage\":\"fr-FR\",\"@id\":\"https:\\\/\\\/survivornet.ca\\\/#\\\/schema\\\/logo\\\/image\\\/\",\"url\":\"http:\\\/\\\/survivornet.ca\\\/wp-content\\\/uploads\\\/2016\\\/12\\\/CCSN_Logo_EN_SQUARE.png\",\"contentUrl\":\"http:\\\/\\\/survivornet.ca\\\/wp-content\\\/uploads\\\/2016\\\/12\\\/CCSN_Logo_EN_SQUARE.png\",\"width\":1209,\"height\":1007,\"caption\":\"Canadian Cancer Survivor Network\"},\"image\":{\"@id\":\"https:\\\/\\\/survivornet.ca\\\/#\\\/schema\\\/logo\\\/image\\\/\"}}]}<\/script>\n<!-- \/ Yoast SEO plugin. -->","yoast_head_json":{"title":"Nos \u00eatres chers - Canadian Cancer Survivor Network","robots":{"index":"index","follow":"follow","max-snippet":"max-snippet:-1","max-image-preview":"max-image-preview:large","max-video-preview":"max-video-preview:-1"},"canonical":"https:\/\/survivornet.ca\/fr\/reliez-vous\/nos-etres-chers\/","og_locale":"fr_FR","og_type":"article","og_title":"Nos \u00eatres chers - Canadian Cancer Survivor Network","og_description":"Nous avons tous perdus des proches, des amis, ou d\u2019autres personnes \u00e0 cause du cancer. Le R\u00e9seau canadien des survivants du cancer a cr\u00e9\u00e9 cette page en m\u00e9moire de ces \u00eatres qui","og_url":"https:\/\/survivornet.ca\/fr\/reliez-vous\/nos-etres-chers\/","og_site_name":"Canadian Cancer Survivor Network","article_modified_time":"2019-08-08T15:19:50+00:00","twitter_card":"summary_large_image","twitter_misc":{"Dur\u00e9e de lecture estim\u00e9e":"1 minute"},"schema":{"@context":"https:\/\/schema.org","@graph":[{"@type":"WebPage","@id":"https:\/\/survivornet.ca\/fr\/reliez-vous\/nos-etres-chers\/","url":"https:\/\/survivornet.ca\/fr\/reliez-vous\/nos-etres-chers\/","name":"Nos \u00eatres chers - Canadian Cancer Survivor Network","isPartOf":{"@id":"https:\/\/survivornet.ca\/#website"},"datePublished":"2017-05-30T19:54:08+00:00","dateModified":"2019-08-08T15:19:50+00:00","breadcrumb":{"@id":"https:\/\/survivornet.ca\/fr\/reliez-vous\/nos-etres-chers\/#breadcrumb"},"inLanguage":"fr-FR","potentialAction":[{"@type":"ReadAction","target":["https:\/\/survivornet.ca\/fr\/reliez-vous\/nos-etres-chers\/"]}]},{"@type":"BreadcrumbList","@id":"https:\/\/survivornet.ca\/fr\/reliez-vous\/nos-etres-chers\/#breadcrumb","itemListElement":[{"@type":"ListItem","position":1,"name":"Home","item":"https:\/\/survivornet.ca\/fr\/"},{"@type":"ListItem","position":2,"name":"Connectez","item":"https:\/\/survivornet.ca\/fr\/reliez-vous\/"},{"@type":"ListItem","position":3,"name":"Nos \u00eatres chers"}]},{"@type":"WebSite","@id":"https:\/\/survivornet.ca\/#website","url":"https:\/\/survivornet.ca\/","name":"Canadian Cancer Survivor Network","description":"The Canadian Cancer Survivor Network was created by a group of Canadians concerned about cancer.","publisher":{"@id":"https:\/\/survivornet.ca\/#organization"},"potentialAction":[{"@type":"SearchAction","target":{"@type":"EntryPoint","urlTemplate":"https:\/\/survivornet.ca\/?s={search_term_string}"},"query-input":{"@type":"PropertyValueSpecification","valueRequired":true,"valueName":"search_term_string"}}],"inLanguage":"fr-FR"},{"@type":"Organization","@id":"https:\/\/survivornet.ca\/#organization","name":"Canadian Cancer Survivor Network","url":"https:\/\/survivornet.ca\/","logo":{"@type":"ImageObject","inLanguage":"fr-FR","@id":"https:\/\/survivornet.ca\/#\/schema\/logo\/image\/","url":"http:\/\/survivornet.ca\/wp-content\/uploads\/2016\/12\/CCSN_Logo_EN_SQUARE.png","contentUrl":"http:\/\/survivornet.ca\/wp-content\/uploads\/2016\/12\/CCSN_Logo_EN_SQUARE.png","width":1209,"height":1007,"caption":"Canadian Cancer Survivor Network"},"image":{"@id":"https:\/\/survivornet.ca\/#\/schema\/logo\/image\/"}}]}},"_links":{"self":[{"href":"https:\/\/survivornet.ca\/fr\/wp-json\/wp\/v2\/pages\/4523","targetHints":{"allow":["GET"]}}],"collection":[{"href":"https:\/\/survivornet.ca\/fr\/wp-json\/wp\/v2\/pages"}],"about":[{"href":"https:\/\/survivornet.ca\/fr\/wp-json\/wp\/v2\/types\/page"}],"author":[{"embeddable":true,"href":"https:\/\/survivornet.ca\/fr\/wp-json\/wp\/v2\/users\/1"}],"replies":[{"embeddable":true,"href":"https:\/\/survivornet.ca\/fr\/wp-json\/wp\/v2\/comments?post=4523"}],"version-history":[{"count":0,"href":"https:\/\/survivornet.ca\/fr\/wp-json\/wp\/v2\/pages\/4523\/revisions"}],"up":[{"embeddable":true,"href":"https:\/\/survivornet.ca\/fr\/wp-json\/wp\/v2\/pages\/4535"}],"wp:attachment":[{"href":"https:\/\/survivornet.ca\/fr\/wp-json\/wp\/v2\/media?parent=4523"}],"curies":[{"name":"wp","href":"https:\/\/api.w.org\/{rel}","templated":true}]}}