{"id":4521,"date":"2017-05-30T19:53:32","date_gmt":"2017-05-30T19:53:32","guid":{"rendered":"https:\/\/survivornet.ca\/?page_id=4521"},"modified":"2021-03-15T10:51:58","modified_gmt":"2021-03-15T14:51:58","slug":"le-comite-medical-consultatif","status":"publish","type":"page","link":"https:\/\/survivornet.ca\/fr\/reliez-vous\/le-comite-medical-consultatif\/","title":{"rendered":"Le comit\u00e9 m\u00e9dical consultatif"},"content":{"rendered":"<p>Le comit\u00e9 m\u00e9dical consultatif du R\u00e9seau canadien des survivants du cancer (RCSC) a \u00e9t\u00e9 \u00e9tabli afin de partager son expertise avec le conseil d\u2019administration et la pr\u00e9sidente-directrice g\u00e9n\u00e9rale. Le comit\u00e9 est compos\u00e9 de sp\u00e9cialistes canadiens ayant un int\u00e9r\u00eat pour le domaine du cancer.<\/p>\n<p>La composition du comit\u00e9 m\u00e9dical consultatif refl\u00e8te la diversit\u00e9 g\u00e9ographique du Canada et repr\u00e9sente les deux langues officielles du pays. Les membres peuvent provenir des diff\u00e9rentes sp\u00e9cialit\u00e9s m\u00e9dicales telles l&#8217;oncologie, la radio-oncologie, l&#8217;oncologie psychosociale, la physioth\u00e9rapie, les soins infirmiers, ou peuvent avoir \u00e9tudi\u00e9 en sciences sociales et provenir d&#8217;autres domaines de m\u00e9decine et de recherche.<\/p>\n<p>Les responsabilit\u00e9s principales du comit\u00e9 m\u00e9dical consultatif consistent \u00e0 :<\/p>\n<ul class=\"content-list\">\n<li>Offrir des conseils m\u00e9dicaux au R\u00e9seau canadien des survivants du cancer (RCSC) et \u00e0 la pr\u00e9sidente-directrice g\u00e9n\u00e9rale;<\/li>\n<li>Assurer une surveillance de l\u2019information relative \u00e0 la sant\u00e9 apparaissant sur le site du RCSC;<\/li>\n<li>Proposer des sujets et des conf\u00e9renciers pour les r\u00e9unions p\u00e9dagogiques, les webinaires, ou les conf\u00e9rences du RCSC;<\/li>\n<li>Servir de lien entre le RCSC et la communaut\u00e9 m\u00e9dicale canadienne;<\/li>\n<li>Promouvoir l&#8217;activit\u00e9 du RCSC dans leur r\u00e9gion, au niveau national et international;<\/li>\n<li>Prendre la parole \u00e0 des conf\u00e9rences et parler aux m\u00e9dias sur les enjeux importants pour le RCSC<\/li>\n<li>Le RCSC forme progressivement son comit\u00e9 m\u00e9dical consultatif en invitant des sp\u00e9cialistes canadiens \u00e0 s\u2019y joindre. Si vous travaillez dans le domaine m\u00e9dical ou de la sant\u00e9 au Canada et aimeriez faire partie de notre comit\u00e9, veuillez contacter Jackie Manthorne au <a href=\"mailto:jmanthorne@ccsn.ca\" target=\"_blank\" rel=\"noopener noreferrer\">jmanthorne@ccsn.ca<\/a>.<\/li>\n<\/ul>\n<hr \/>\n<div class=\"tmm tmm_docteurs\"><div class=\"tmm_3_columns tmm_wrap tmm_theme_f\"><span class=\"tmm_two_containers_tablet\"><\/span><div class=\"tmm_container\"><div class=\"tmm_member\" style=\"border-top:#1b5159 solid 5px;\"><a target=\"_blank\" rel=\"noopener noreferrer\" href=\"https:\/\/survivornet.ca\/connect\/about-us\/medical-advisory-committee\/dr-andrew-feifer\/\" title=\"Dr.  Andrew  Feifer\"><div class=\"tmm_photo tmm_pic_docteurs_0\" style=\"background: url(http:\/\/survivornet.ca\/wp-content\/uploads\/2017\/02\/Dr_-Andrew-Feifer-photo-Medical-Advisory-Committee.jpg); margin-left: auto; margin-right:auto; background-size:cover !important;\"><\/div><\/a><div class=\"tmm_textblock\"><div class=\"tmm_names\"><span class=\"tmm_fname\">Dr.  Andrew <\/span> <span class=\"tmm_lname\">Feifer<\/span><\/div><div class=\"tmm_job\">Urologue<\/div><div class=\"tmm_scblock\"><a target=\"_blank\" class=\"tmm_sociallink\" href=\"https:\/\/survivornet.ca\/connect\/about-us\/medical-advisory-committee\/dr-andrew-feifer\/\" title=\"\"><img decoding=\"async\" alt=\"\" src=\"https:\/\/survivornet.ca\/wp-content\/plugins\/team-members\/inc\/img\/links\/website.png\"\/><\/a><\/div><\/div><\/div><div class=\"tmm_member\" style=\"border-top:#1b5159 solid 5px;\"><a target=\"_blank\" rel=\"noopener noreferrer\" href=\"https:\/\/survivornet.ca\/connect\/about-us\/medical-advisory-committee\/dr-ambreen-sayani\/\" title=\"Dr. Ambreen Sayani\"><div class=\"tmm_photo tmm_pic_docteurs_1\" style=\"background: url(http:\/\/survivornet.ca\/wp-content\/uploads\/2020\/02\/ambreen.png); margin-left: auto; margin-right:auto; background-size:cover !important;\"><\/div><\/a><div class=\"tmm_textblock\"><div class=\"tmm_names\"><span class=\"tmm_fname\">Dr. Ambreen<\/span> <span class=\"tmm_lname\">Sayani<\/span><\/div><div class=\"tmm_job\">Recherche en oncologie<\/div><div class=\"tmm_scblock\"><a target=\"_blank\" class=\"tmm_sociallink\" href=\"https:\/\/survivornet.ca\/connect\/about-us\/medical-advisory-committee\/dr-ambreen-sayani\/\" title=\"\"><img decoding=\"async\" alt=\"\" src=\"https:\/\/survivornet.ca\/wp-content\/plugins\/team-members\/inc\/img\/links\/website.png\"\/><\/a><\/div><\/div><\/div><span class=\"tmm_two_containers_tablet\"><\/span><div class=\"tmm_member\" style=\"border-top:#1b5159 solid 5px;\"><a target=\"_blank\" rel=\"noopener noreferrer\" href=\"https:\/\/survivornet.ca\/connect\/about-us\/medical-advisory-committee\/dr-bobby-shayegan\/\" title=\"Dr. Bobby  Shayegan\"><div class=\"tmm_photo tmm_pic_docteurs_2\" style=\"background: url(http:\/\/survivornet.ca\/wp-content\/uploads\/2017\/02\/Dr-Shayegan.jpg); margin-left: auto; margin-right:auto; background-size:cover !important;\"><\/div><\/a><div class=\"tmm_textblock\"><div class=\"tmm_names\"><span class=\"tmm_fname\">Dr. Bobby <\/span> <span class=\"tmm_lname\">Shayegan<\/span><\/div><div class=\"tmm_job\">Professeur associ\u00e9<\/div><div class=\"tmm_scblock\"><a target=\"_blank\" class=\"tmm_sociallink\" href=\"https:\/\/survivornet.ca\/connect\/about-us\/medical-advisory-committee\/dr-bobby-shayegan\/\" title=\"\"><img decoding=\"async\" alt=\"\" src=\"https:\/\/survivornet.ca\/wp-content\/plugins\/team-members\/inc\/img\/links\/website.png\"\/><\/a><\/div><\/div><\/div><\/div><span class=\"tmm_columns_containers_desktop\"><\/span><div class=\"tmm_container\"><div class=\"tmm_member\" style=\"border-top:#1b5159 solid 5px;\"><a target=\"_blank\" rel=\"noopener noreferrer\" href=\"https:\/\/survivornet.ca\/connect\/about-us\/medical-advisory-committee\/dr-ellen-warner\/\" title=\"Dr. Ellen  Warner\"><div class=\"tmm_photo tmm_pic_docteurs_3\" style=\"background: url(http:\/\/survivornet.ca\/wp-content\/uploads\/2018\/07\/User_font_awesome.svg_.png); margin-left: auto; margin-right:auto; background-size:cover !important;\"><\/div><\/a><div class=\"tmm_textblock\"><div class=\"tmm_names\"><span class=\"tmm_fname\">Dr. Ellen <\/span> <span class=\"tmm_lname\">Warner<\/span><\/div><div class=\"tmm_job\">Oncologue m\u00e9dical<\/div><div class=\"tmm_scblock\"><a target=\"_blank\" class=\"tmm_sociallink\" href=\"https:\/\/survivornet.ca\/connect\/about-us\/medical-advisory-committee\/dr-ellen-warner\/\" title=\"\"><img decoding=\"async\" alt=\"\" src=\"https:\/\/survivornet.ca\/wp-content\/plugins\/team-members\/inc\/img\/links\/website.png\"\/><\/a><\/div><\/div><\/div><span class=\"tmm_two_containers_tablet\"><\/span><div class=\"tmm_member\" style=\"border-top:#1b5159 solid 5px;\"><a target=\"_blank\" rel=\"noopener noreferrer\" href=\"https:\/\/survivornet.ca\/connect\/about-us\/medical-advisory-committee\/laveena-kamboj\/\" title=\"Laveena  Kamboj\"><div class=\"tmm_photo tmm_pic_docteurs_4\" style=\"background: url(http:\/\/survivornet.ca\/wp-content\/uploads\/2017\/02\/Laveena-Kamboj-Medical-Advisory-Committee.jpg); margin-left: auto; margin-right:auto; background-size:cover !important;\"><\/div><\/a><div class=\"tmm_textblock\"><div class=\"tmm_names\"><span class=\"tmm_fname\">Laveena <\/span> <span class=\"tmm_lname\">Kamboj<\/span><\/div><div class=\"tmm_job\">Directrice associ\u00e9e<\/div><div class=\"tmm_scblock\"><a target=\"_blank\" class=\"tmm_sociallink\" href=\"https:\/\/survivornet.ca\/connect\/about-us\/medical-advisory-committee\/laveena-kamboj\/\" title=\"\"><img decoding=\"async\" alt=\"\" src=\"https:\/\/survivornet.ca\/wp-content\/plugins\/team-members\/inc\/img\/links\/website.png\"\/><\/a><\/div><\/div><\/div><div class=\"tmm_member\" style=\"border-top:#1b5159 solid 5px;\"><a target=\"_blank\" rel=\"noopener noreferrer\" href=\"https:\/\/survivornet.ca\/connect\/about-us\/medical-advisory-committee\/dr-natasha-zajmalowski\/\" title=\"Dr. Natasha  Zajmalowski\"><div class=\"tmm_photo tmm_pic_docteurs_5\" style=\"background: url(http:\/\/survivornet.ca\/wp-content\/uploads\/2017\/02\/Dr_-Natasha-Zajmalowski.jpg); margin-left: auto; margin-right:auto; background-size:cover !important;\"><\/div><\/a><div class=\"tmm_textblock\"><div class=\"tmm_names\"><span class=\"tmm_fname\">Dr. Natasha <\/span> <span class=\"tmm_lname\">Zajmalowski<\/span><\/div><div class=\"tmm_job\">M\u00e9decin naturopathe <\/div><div class=\"tmm_scblock\"><a target=\"_blank\" class=\"tmm_sociallink\" href=\"https:\/\/survivornet.ca\/connect\/about-us\/medical-advisory-committee\/dr-natasha-zajmalowski\/\" title=\"\"><img decoding=\"async\" alt=\"\" src=\"https:\/\/survivornet.ca\/wp-content\/plugins\/team-members\/inc\/img\/links\/website.png\"\/><\/a><\/div><\/div><\/div><span class=\"tmm_two_containers_tablet\"><\/span><\/div><span class=\"tmm_columns_containers_desktop\"><\/span><div class=\"tmm_container\"><div class=\"tmm_member\" style=\"border-top:#1b5159 solid 5px;\"><a target=\"_blank\" rel=\"noopener noreferrer\" href=\"https:\/\/survivornet.ca\/connect\/about-us\/medical-advisory-committee\/dr-roanne-segal\/\" title=\"Dr. Roanne  Segal\"><div class=\"tmm_photo tmm_pic_docteurs_6\" style=\"background: url(http:\/\/survivornet.ca\/wp-content\/uploads\/2018\/07\/User_font_awesome.svg_.png); margin-left: auto; margin-right:auto; background-size:cover !important;\"><\/div><\/a><div class=\"tmm_textblock\"><div class=\"tmm_names\"><span class=\"tmm_fname\">Dr. Roanne <\/span> <span class=\"tmm_lname\">Segal<\/span><\/div><div class=\"tmm_job\">Oncologue m\u00e9dical<\/div><div class=\"tmm_scblock\"><a target=\"_blank\" class=\"tmm_sociallink\" href=\"https:\/\/survivornet.ca\/connect\/about-us\/medical-advisory-committee\/dr-roanne-segal\/\" title=\"\"><img decoding=\"async\" alt=\"\" src=\"https:\/\/survivornet.ca\/wp-content\/plugins\/team-members\/inc\/img\/links\/website.png\"\/><\/a><\/div><\/div><\/div><div class=\"tmm_member\" style=\"border-top:#1b5159 solid 5px;\"><a target=\"_blank\" rel=\"noopener noreferrer\" href=\"https:\/\/survivornet.ca\/connect\/about-us\/medical-advisory-committee\/dr-rob-rutledge\/\" title=\"Dr. Rob  Rutledge\"><div class=\"tmm_photo tmm_pic_docteurs_7\" style=\"background: url(http:\/\/survivornet.ca\/wp-content\/uploads\/2017\/02\/Dr_-Rob-Rutledge1.jpg); margin-left: auto; margin-right:auto; background-size:cover !important;\"><\/div><\/a><div class=\"tmm_textblock\"><div class=\"tmm_names\"><span class=\"tmm_fname\">Dr. Rob <\/span> <span class=\"tmm_lname\">Rutledge<\/span><\/div><div class=\"tmm_job\">Radio-oncologue<\/div><div class=\"tmm_scblock\"><a target=\"_blank\" class=\"tmm_sociallink\" href=\"https:\/\/survivornet.ca\/connect\/about-us\/medical-advisory-committee\/dr-rob-rutledge\/\" title=\"\"><img decoding=\"async\" alt=\"\" src=\"https:\/\/survivornet.ca\/wp-content\/plugins\/team-members\/inc\/img\/links\/website.png\"\/><\/a><\/div><\/div><\/div><span class=\"tmm_two_containers_tablet\"><\/span><div class=\"tmm_member\" style=\"border-top:#1b5159 solid 5px;\"><a target=\"_blank\" rel=\"noopener noreferrer\" href=\"https:\/\/survivornet.ca\/connect\/about-us\/medical-advisory-committee\/dr-sandy-sehdev\/\" title=\"Dr. Sandy  Sehdev\"><div class=\"tmm_photo tmm_pic_docteurs_8\" style=\"background: url(http:\/\/survivornet.ca\/wp-content\/uploads\/2018\/08\/ss2014-12-10at03_26_23-214x300.jpg); margin-left: auto; margin-right:auto; background-size:cover !important;\"><\/div><\/a><div class=\"tmm_textblock\"><div class=\"tmm_names\"><span class=\"tmm_fname\">Dr. Sandy <\/span> <span class=\"tmm_lname\">Sehdev<\/span><\/div><div class=\"tmm_job\">Oncologue m\u00e9dical<\/div><div class=\"tmm_scblock\"><a target=\"_blank\" class=\"tmm_sociallink\" href=\"https:\/\/survivornet.ca\/connect\/about-us\/medical-advisory-committee\/dr-sandy-sehdev\/\" title=\"\"><img decoding=\"async\" alt=\"\" src=\"https:\/\/survivornet.ca\/wp-content\/plugins\/team-members\/inc\/img\/links\/website.png\"\/><\/a><\/div><\/div><\/div><\/div><span class=\"tmm_columns_containers_desktop\"><\/span><div class=\"tmm_container\"><div class=\"tmm_member\" style=\"border-top:#1b5159 solid 5px;\"><a target=\"_blank\" rel=\"noopener noreferrer\" href=\"https:\/\/survivornet.ca\/connect\/about-us\/medical-advisory-committee\/dr-terry-hill\/\" title=\"Dr. Terry  Hill\"><div class=\"tmm_photo tmm_pic_docteurs_9\" style=\"background: url(http:\/\/survivornet.ca\/wp-content\/uploads\/2017\/02\/Dr_-Terry-Hill.jpg); margin-left: auto; margin-right:auto; background-size:cover !important;\"><\/div><\/a><div class=\"tmm_textblock\"><div class=\"tmm_names\"><span class=\"tmm_fname\">Dr. Terry <\/span> <span class=\"tmm_lname\">Hill<\/span><\/div><div class=\"tmm_job\">Directeur de l'\u00e9ducation <\/div><div class=\"tmm_scblock\"><a target=\"_blank\" class=\"tmm_sociallink\" href=\"https:\/\/survivornet.ca\/connect\/about-us\/medical-advisory-committee\/dr-terry-hill\/\" title=\"\"><img decoding=\"async\" alt=\"\" src=\"https:\/\/survivornet.ca\/wp-content\/plugins\/team-members\/inc\/img\/links\/website.png\"\/><\/a><\/div><\/div><\/div><div style=\"clear:both;\"><\/div><\/div><\/div><\/div>\n","protected":false},"excerpt":{"rendered":"<p>Le comit\u00e9 m\u00e9dical consultatif du R\u00e9seau canadien des survivants du cancer (RCSC) a \u00e9t\u00e9 \u00e9tabli afin de partager son expertise avec le conseil d\u2019administration et la pr\u00e9sidente-directrice g\u00e9n\u00e9rale. Le comit\u00e9 est compos\u00e9<\/p>\n","protected":false},"author":1,"featured_media":0,"parent":4535,"menu_order":4,"comment_status":"closed","ping_status":"closed","template":"","meta":{"_acf_changed":false,"footnotes":""},"class_list":["post-4521","page","type-page","status-publish","hentry"],"acf":[],"yoast_head":"<!-- This site is optimized with the Yoast SEO plugin v27.4 - https:\/\/yoast.com\/product\/yoast-seo-wordpress\/ -->\n<title>Le comit\u00e9 m\u00e9dical consultatif - Canadian Cancer Survivor Network<\/title>\n<meta name=\"robots\" content=\"index, follow, max-snippet:-1, max-image-preview:large, max-video-preview:-1\" \/>\n<link rel=\"canonical\" href=\"https:\/\/survivornet.ca\/fr\/reliez-vous\/le-comite-medical-consultatif\/\" \/>\n<meta property=\"og:locale\" content=\"fr_FR\" \/>\n<meta property=\"og:type\" content=\"article\" \/>\n<meta property=\"og:title\" content=\"Le comit\u00e9 m\u00e9dical consultatif - Canadian Cancer Survivor Network\" \/>\n<meta property=\"og:description\" content=\"Le comit\u00e9 m\u00e9dical consultatif du R\u00e9seau canadien des survivants du cancer (RCSC) a \u00e9t\u00e9 \u00e9tabli afin de partager son expertise avec le conseil d\u2019administration et la pr\u00e9sidente-directrice g\u00e9n\u00e9rale. Le comit\u00e9 est compos\u00e9\" \/>\n<meta property=\"og:url\" content=\"https:\/\/survivornet.ca\/fr\/reliez-vous\/le-comite-medical-consultatif\/\" \/>\n<meta property=\"og:site_name\" content=\"Canadian Cancer Survivor Network\" \/>\n<meta property=\"article:modified_time\" content=\"2021-03-15T14:51:58+00:00\" \/>\n<meta name=\"twitter:card\" content=\"summary_large_image\" \/>\n<meta name=\"twitter:label1\" content=\"Dur\u00e9e de lecture estim\u00e9e\" \/>\n\t<meta name=\"twitter:data1\" content=\"1 minute\" \/>\n<script type=\"application\/ld+json\" class=\"yoast-schema-graph\">{\"@context\":\"https:\\\/\\\/schema.org\",\"@graph\":[{\"@type\":\"WebPage\",\"@id\":\"https:\\\/\\\/survivornet.ca\\\/fr\\\/reliez-vous\\\/le-comite-medical-consultatif\\\/\",\"url\":\"https:\\\/\\\/survivornet.ca\\\/fr\\\/reliez-vous\\\/le-comite-medical-consultatif\\\/\",\"name\":\"Le comit\u00e9 m\u00e9dical consultatif - Canadian Cancer Survivor Network\",\"isPartOf\":{\"@id\":\"https:\\\/\\\/survivornet.ca\\\/#website\"},\"datePublished\":\"2017-05-30T19:53:32+00:00\",\"dateModified\":\"2021-03-15T14:51:58+00:00\",\"breadcrumb\":{\"@id\":\"https:\\\/\\\/survivornet.ca\\\/fr\\\/reliez-vous\\\/le-comite-medical-consultatif\\\/#breadcrumb\"},\"inLanguage\":\"fr-FR\",\"potentialAction\":[{\"@type\":\"ReadAction\",\"target\":[\"https:\\\/\\\/survivornet.ca\\\/fr\\\/reliez-vous\\\/le-comite-medical-consultatif\\\/\"]}]},{\"@type\":\"BreadcrumbList\",\"@id\":\"https:\\\/\\\/survivornet.ca\\\/fr\\\/reliez-vous\\\/le-comite-medical-consultatif\\\/#breadcrumb\",\"itemListElement\":[{\"@type\":\"ListItem\",\"position\":1,\"name\":\"Home\",\"item\":\"https:\\\/\\\/survivornet.ca\\\/fr\\\/\"},{\"@type\":\"ListItem\",\"position\":2,\"name\":\"Connectez\",\"item\":\"https:\\\/\\\/survivornet.ca\\\/fr\\\/reliez-vous\\\/\"},{\"@type\":\"ListItem\",\"position\":3,\"name\":\"Le comit\u00e9 m\u00e9dical consultatif\"}]},{\"@type\":\"WebSite\",\"@id\":\"https:\\\/\\\/survivornet.ca\\\/#website\",\"url\":\"https:\\\/\\\/survivornet.ca\\\/\",\"name\":\"Canadian Cancer Survivor Network\",\"description\":\"The Canadian Cancer Survivor Network was created by a group of Canadians concerned about cancer.\",\"publisher\":{\"@id\":\"https:\\\/\\\/survivornet.ca\\\/#organization\"},\"potentialAction\":[{\"@type\":\"SearchAction\",\"target\":{\"@type\":\"EntryPoint\",\"urlTemplate\":\"https:\\\/\\\/survivornet.ca\\\/?s={search_term_string}\"},\"query-input\":{\"@type\":\"PropertyValueSpecification\",\"valueRequired\":true,\"valueName\":\"search_term_string\"}}],\"inLanguage\":\"fr-FR\"},{\"@type\":\"Organization\",\"@id\":\"https:\\\/\\\/survivornet.ca\\\/#organization\",\"name\":\"Canadian Cancer Survivor Network\",\"url\":\"https:\\\/\\\/survivornet.ca\\\/\",\"logo\":{\"@type\":\"ImageObject\",\"inLanguage\":\"fr-FR\",\"@id\":\"https:\\\/\\\/survivornet.ca\\\/#\\\/schema\\\/logo\\\/image\\\/\",\"url\":\"http:\\\/\\\/survivornet.ca\\\/wp-content\\\/uploads\\\/2016\\\/12\\\/CCSN_Logo_EN_SQUARE.png\",\"contentUrl\":\"http:\\\/\\\/survivornet.ca\\\/wp-content\\\/uploads\\\/2016\\\/12\\\/CCSN_Logo_EN_SQUARE.png\",\"width\":1209,\"height\":1007,\"caption\":\"Canadian Cancer Survivor Network\"},\"image\":{\"@id\":\"https:\\\/\\\/survivornet.ca\\\/#\\\/schema\\\/logo\\\/image\\\/\"}}]}<\/script>\n<!-- \/ Yoast SEO plugin. -->","yoast_head_json":{"title":"Le comit\u00e9 m\u00e9dical consultatif - Canadian Cancer Survivor Network","robots":{"index":"index","follow":"follow","max-snippet":"max-snippet:-1","max-image-preview":"max-image-preview:large","max-video-preview":"max-video-preview:-1"},"canonical":"https:\/\/survivornet.ca\/fr\/reliez-vous\/le-comite-medical-consultatif\/","og_locale":"fr_FR","og_type":"article","og_title":"Le comit\u00e9 m\u00e9dical consultatif - Canadian Cancer Survivor Network","og_description":"Le comit\u00e9 m\u00e9dical consultatif du R\u00e9seau canadien des survivants du cancer (RCSC) a \u00e9t\u00e9 \u00e9tabli afin de partager son expertise avec le conseil d\u2019administration et la pr\u00e9sidente-directrice g\u00e9n\u00e9rale. Le comit\u00e9 est compos\u00e9","og_url":"https:\/\/survivornet.ca\/fr\/reliez-vous\/le-comite-medical-consultatif\/","og_site_name":"Canadian Cancer Survivor Network","article_modified_time":"2021-03-15T14:51:58+00:00","twitter_card":"summary_large_image","twitter_misc":{"Dur\u00e9e de lecture estim\u00e9e":"1 minute"},"schema":{"@context":"https:\/\/schema.org","@graph":[{"@type":"WebPage","@id":"https:\/\/survivornet.ca\/fr\/reliez-vous\/le-comite-medical-consultatif\/","url":"https:\/\/survivornet.ca\/fr\/reliez-vous\/le-comite-medical-consultatif\/","name":"Le comit\u00e9 m\u00e9dical consultatif - Canadian Cancer Survivor Network","isPartOf":{"@id":"https:\/\/survivornet.ca\/#website"},"datePublished":"2017-05-30T19:53:32+00:00","dateModified":"2021-03-15T14:51:58+00:00","breadcrumb":{"@id":"https:\/\/survivornet.ca\/fr\/reliez-vous\/le-comite-medical-consultatif\/#breadcrumb"},"inLanguage":"fr-FR","potentialAction":[{"@type":"ReadAction","target":["https:\/\/survivornet.ca\/fr\/reliez-vous\/le-comite-medical-consultatif\/"]}]},{"@type":"BreadcrumbList","@id":"https:\/\/survivornet.ca\/fr\/reliez-vous\/le-comite-medical-consultatif\/#breadcrumb","itemListElement":[{"@type":"ListItem","position":1,"name":"Home","item":"https:\/\/survivornet.ca\/fr\/"},{"@type":"ListItem","position":2,"name":"Connectez","item":"https:\/\/survivornet.ca\/fr\/reliez-vous\/"},{"@type":"ListItem","position":3,"name":"Le comit\u00e9 m\u00e9dical consultatif"}]},{"@type":"WebSite","@id":"https:\/\/survivornet.ca\/#website","url":"https:\/\/survivornet.ca\/","name":"Canadian Cancer Survivor Network","description":"The Canadian Cancer Survivor Network was created by a group of Canadians concerned about cancer.","publisher":{"@id":"https:\/\/survivornet.ca\/#organization"},"potentialAction":[{"@type":"SearchAction","target":{"@type":"EntryPoint","urlTemplate":"https:\/\/survivornet.ca\/?s={search_term_string}"},"query-input":{"@type":"PropertyValueSpecification","valueRequired":true,"valueName":"search_term_string"}}],"inLanguage":"fr-FR"},{"@type":"Organization","@id":"https:\/\/survivornet.ca\/#organization","name":"Canadian Cancer Survivor Network","url":"https:\/\/survivornet.ca\/","logo":{"@type":"ImageObject","inLanguage":"fr-FR","@id":"https:\/\/survivornet.ca\/#\/schema\/logo\/image\/","url":"http:\/\/survivornet.ca\/wp-content\/uploads\/2016\/12\/CCSN_Logo_EN_SQUARE.png","contentUrl":"http:\/\/survivornet.ca\/wp-content\/uploads\/2016\/12\/CCSN_Logo_EN_SQUARE.png","width":1209,"height":1007,"caption":"Canadian Cancer Survivor Network"},"image":{"@id":"https:\/\/survivornet.ca\/#\/schema\/logo\/image\/"}}]}},"_links":{"self":[{"href":"https:\/\/survivornet.ca\/fr\/wp-json\/wp\/v2\/pages\/4521","targetHints":{"allow":["GET"]}}],"collection":[{"href":"https:\/\/survivornet.ca\/fr\/wp-json\/wp\/v2\/pages"}],"about":[{"href":"https:\/\/survivornet.ca\/fr\/wp-json\/wp\/v2\/types\/page"}],"author":[{"embeddable":true,"href":"https:\/\/survivornet.ca\/fr\/wp-json\/wp\/v2\/users\/1"}],"replies":[{"embeddable":true,"href":"https:\/\/survivornet.ca\/fr\/wp-json\/wp\/v2\/comments?post=4521"}],"version-history":[{"count":0,"href":"https:\/\/survivornet.ca\/fr\/wp-json\/wp\/v2\/pages\/4521\/revisions"}],"up":[{"embeddable":true,"href":"https:\/\/survivornet.ca\/fr\/wp-json\/wp\/v2\/pages\/4535"}],"wp:attachment":[{"href":"https:\/\/survivornet.ca\/fr\/wp-json\/wp\/v2\/media?parent=4521"}],"curies":[{"name":"wp","href":"https:\/\/api.w.org\/{rel}","templated":true}]}}