{"id":4508,"date":"2017-05-30T19:43:43","date_gmt":"2017-05-30T19:43:43","guid":{"rendered":"https:\/\/survivornet.ca\/?page_id=4508"},"modified":"2017-07-04T14:32:37","modified_gmt":"2017-07-04T14:32:37","slug":"assurance-maladie","status":"publish","type":"page","link":"https:\/\/survivornet.ca\/fr\/apprenez\/assurance-maladie\/","title":{"rendered":"Assurance-maladie"},"content":{"rendered":"<p>Le syst\u00e8me de soins de sant\u00e9 canadien est un ensemble coordonn\u00e9 de 13 r\u00e9gimes provinciaux et territoriaux de soins de sant\u00e9 financ\u00e9 par l&#8217;\u00c9tat. Mieux connu pour les Canadiens sous le nom \u2018d&#8217;assurance-maladie\u2019, c&#8217;est un syst\u00e8me universel qui couvre tous les services m\u00e9dicaux et hospitaliers m\u00e9dicalement n\u00e9cessaires.<\/p>\n<p><a href=\"https:\/\/survivornet.ca\/fr\/reliez-vous\/assurance-maladie\/alberta\/\">Alberta<\/a><\/p>\n<p><a href=\"https:\/\/survivornet.ca\/fr\/reliez-vous\/assurance-maladie\/colombie-britannique\/\">Colombie-Britannique<\/a><\/p>\n<p><a href=\"https:\/\/survivornet.ca\/fr\/reliez-vous\/assurance-maladie\/gouvernement-du-canada\/\">Gouvernement du Canada<\/a><\/p>\n<p><a href=\"https:\/\/survivornet.ca\/fr\/reliez-vous\/assurance-maladie\/ile-du-prince-edouard\/\">\u00cele-du-Prince-\u00c9douard<\/a><\/p>\n<p><a href=\"https:\/\/survivornet.ca\/fr\/reliez-vous\/assurance-maladie\/manitoba\/\">Manitoba<\/a><\/p>\n<p><a href=\"https:\/\/survivornet.ca\/fr\/reliez-vous\/assurance-maladie\/nouveau-brunswick\/\">Nouveau-Brunswick<\/a><\/p>\n<p><a href=\"https:\/\/survivornet.ca\/fr\/reliez-vous\/assurance-maladie\/nouvelle-ecosse\/\">Nouvelle-\u00c9cosse<\/a><\/p>\n<p><a href=\"https:\/\/survivornet.ca\/fr\/reliez-vous\/assurance-maladie\/nunavut\/\">Nunavut<\/a><\/p>\n<p><a href=\"https:\/\/survivornet.ca\/fr\/reliez-vous\/assurance-maladie\/ontario\/\">Ontario<\/a><\/p>\n<p><a href=\"https:\/\/survivornet.ca\/fr\/reliez-vous\/assurance-maladie\/quebec\/\">Qu\u00e9bec<\/a><\/p>\n<p><a href=\"https:\/\/survivornet.ca\/fr\/reliez-vous\/assurance-maladie\/saskatchewan\/\">Saskatchewan<\/a><\/p>\n<p><a href=\"https:\/\/survivornet.ca\/fr\/reliez-vous\/assurance-maladie\/terre-neuve-et-labrador\/\">Terre-Neuve-et-Labrador<\/a><\/p>\n<p><a href=\"https:\/\/survivornet.ca\/fr\/reliez-vous\/assurance-maladie\/territoires-du-nord-ouest\/\">Territoires du Nord-Ouest<\/a><\/p>\n<p><a href=\"https:\/\/survivornet.ca\/fr\/reliez-vous\/assurance-maladie\/yukon\/\">Yukon<\/a><\/p>\n","protected":false},"excerpt":{"rendered":"<p>Le syst\u00e8me de soins de sant\u00e9 canadien est un ensemble coordonn\u00e9 de 13 r\u00e9gimes provinciaux et territoriaux de soins de sant\u00e9 financ\u00e9 par l&#8217;\u00c9tat. Mieux connu pour les Canadiens sous le nom<\/p>\n","protected":false},"author":1,"featured_media":0,"parent":4511,"menu_order":70,"comment_status":"closed","ping_status":"closed","template":"","meta":{"_acf_changed":false,"footnotes":""},"class_list":["post-4508","page","type-page","status-publish","hentry"],"acf":[],"yoast_head":"<!-- This site is optimized with the Yoast SEO plugin v27.4 - https:\/\/yoast.com\/product\/yoast-seo-wordpress\/ -->\n<title>Assurance-maladie - Canadian Cancer Survivor Network<\/title>\n<meta name=\"robots\" content=\"index, follow, max-snippet:-1, max-image-preview:large, max-video-preview:-1\" \/>\n<link rel=\"canonical\" href=\"https:\/\/survivornet.ca\/fr\/apprenez\/assurance-maladie\/\" \/>\n<meta property=\"og:locale\" content=\"fr_FR\" \/>\n<meta property=\"og:type\" content=\"article\" \/>\n<meta property=\"og:title\" content=\"Assurance-maladie - Canadian Cancer Survivor Network\" \/>\n<meta property=\"og:description\" content=\"Le syst\u00e8me de soins de sant\u00e9 canadien est un ensemble coordonn\u00e9 de 13 r\u00e9gimes provinciaux et territoriaux de soins de sant\u00e9 financ\u00e9 par l&#8217;\u00c9tat. Mieux connu pour les Canadiens sous le nom\" \/>\n<meta property=\"og:url\" content=\"https:\/\/survivornet.ca\/fr\/apprenez\/assurance-maladie\/\" \/>\n<meta property=\"og:site_name\" content=\"Canadian Cancer Survivor Network\" \/>\n<meta property=\"article:modified_time\" content=\"2017-07-04T14:32:37+00:00\" \/>\n<meta name=\"twitter:card\" content=\"summary_large_image\" \/>\n<script type=\"application\/ld+json\" class=\"yoast-schema-graph\">{\"@context\":\"https:\\\/\\\/schema.org\",\"@graph\":[{\"@type\":\"WebPage\",\"@id\":\"https:\\\/\\\/survivornet.ca\\\/fr\\\/apprenez\\\/assurance-maladie\\\/\",\"url\":\"https:\\\/\\\/survivornet.ca\\\/fr\\\/apprenez\\\/assurance-maladie\\\/\",\"name\":\"Assurance-maladie - Canadian Cancer Survivor Network\",\"isPartOf\":{\"@id\":\"https:\\\/\\\/survivornet.ca\\\/#website\"},\"datePublished\":\"2017-05-30T19:43:43+00:00\",\"dateModified\":\"2017-07-04T14:32:37+00:00\",\"breadcrumb\":{\"@id\":\"https:\\\/\\\/survivornet.ca\\\/fr\\\/apprenez\\\/assurance-maladie\\\/#breadcrumb\"},\"inLanguage\":\"fr-FR\",\"potentialAction\":[{\"@type\":\"ReadAction\",\"target\":[\"https:\\\/\\\/survivornet.ca\\\/fr\\\/apprenez\\\/assurance-maladie\\\/\"]}]},{\"@type\":\"BreadcrumbList\",\"@id\":\"https:\\\/\\\/survivornet.ca\\\/fr\\\/apprenez\\\/assurance-maladie\\\/#breadcrumb\",\"itemListElement\":[{\"@type\":\"ListItem\",\"position\":1,\"name\":\"Home\",\"item\":\"https:\\\/\\\/survivornet.ca\\\/fr\\\/\"},{\"@type\":\"ListItem\",\"position\":2,\"name\":\"Apprenez\",\"item\":\"https:\\\/\\\/survivornet.ca\\\/fr\\\/apprenez\\\/\"},{\"@type\":\"ListItem\",\"position\":3,\"name\":\"Assurance-maladie\"}]},{\"@type\":\"WebSite\",\"@id\":\"https:\\\/\\\/survivornet.ca\\\/#website\",\"url\":\"https:\\\/\\\/survivornet.ca\\\/\",\"name\":\"Canadian Cancer Survivor Network\",\"description\":\"The Canadian Cancer Survivor Network was created by a group of Canadians concerned about cancer.\",\"publisher\":{\"@id\":\"https:\\\/\\\/survivornet.ca\\\/#organization\"},\"potentialAction\":[{\"@type\":\"SearchAction\",\"target\":{\"@type\":\"EntryPoint\",\"urlTemplate\":\"https:\\\/\\\/survivornet.ca\\\/?s={search_term_string}\"},\"query-input\":{\"@type\":\"PropertyValueSpecification\",\"valueRequired\":true,\"valueName\":\"search_term_string\"}}],\"inLanguage\":\"fr-FR\"},{\"@type\":\"Organization\",\"@id\":\"https:\\\/\\\/survivornet.ca\\\/#organization\",\"name\":\"Canadian Cancer Survivor Network\",\"url\":\"https:\\\/\\\/survivornet.ca\\\/\",\"logo\":{\"@type\":\"ImageObject\",\"inLanguage\":\"fr-FR\",\"@id\":\"https:\\\/\\\/survivornet.ca\\\/#\\\/schema\\\/logo\\\/image\\\/\",\"url\":\"http:\\\/\\\/survivornet.ca\\\/wp-content\\\/uploads\\\/2016\\\/12\\\/CCSN_Logo_EN_SQUARE.png\",\"contentUrl\":\"http:\\\/\\\/survivornet.ca\\\/wp-content\\\/uploads\\\/2016\\\/12\\\/CCSN_Logo_EN_SQUARE.png\",\"width\":1209,\"height\":1007,\"caption\":\"Canadian Cancer Survivor Network\"},\"image\":{\"@id\":\"https:\\\/\\\/survivornet.ca\\\/#\\\/schema\\\/logo\\\/image\\\/\"}}]}<\/script>\n<!-- \/ Yoast SEO plugin. -->","yoast_head_json":{"title":"Assurance-maladie - Canadian Cancer Survivor Network","robots":{"index":"index","follow":"follow","max-snippet":"max-snippet:-1","max-image-preview":"max-image-preview:large","max-video-preview":"max-video-preview:-1"},"canonical":"https:\/\/survivornet.ca\/fr\/apprenez\/assurance-maladie\/","og_locale":"fr_FR","og_type":"article","og_title":"Assurance-maladie - Canadian Cancer Survivor Network","og_description":"Le syst\u00e8me de soins de sant\u00e9 canadien est un ensemble coordonn\u00e9 de 13 r\u00e9gimes provinciaux et territoriaux de soins de sant\u00e9 financ\u00e9 par l&#8217;\u00c9tat. Mieux connu pour les Canadiens sous le nom","og_url":"https:\/\/survivornet.ca\/fr\/apprenez\/assurance-maladie\/","og_site_name":"Canadian Cancer Survivor Network","article_modified_time":"2017-07-04T14:32:37+00:00","twitter_card":"summary_large_image","schema":{"@context":"https:\/\/schema.org","@graph":[{"@type":"WebPage","@id":"https:\/\/survivornet.ca\/fr\/apprenez\/assurance-maladie\/","url":"https:\/\/survivornet.ca\/fr\/apprenez\/assurance-maladie\/","name":"Assurance-maladie - Canadian Cancer Survivor Network","isPartOf":{"@id":"https:\/\/survivornet.ca\/#website"},"datePublished":"2017-05-30T19:43:43+00:00","dateModified":"2017-07-04T14:32:37+00:00","breadcrumb":{"@id":"https:\/\/survivornet.ca\/fr\/apprenez\/assurance-maladie\/#breadcrumb"},"inLanguage":"fr-FR","potentialAction":[{"@type":"ReadAction","target":["https:\/\/survivornet.ca\/fr\/apprenez\/assurance-maladie\/"]}]},{"@type":"BreadcrumbList","@id":"https:\/\/survivornet.ca\/fr\/apprenez\/assurance-maladie\/#breadcrumb","itemListElement":[{"@type":"ListItem","position":1,"name":"Home","item":"https:\/\/survivornet.ca\/fr\/"},{"@type":"ListItem","position":2,"name":"Apprenez","item":"https:\/\/survivornet.ca\/fr\/apprenez\/"},{"@type":"ListItem","position":3,"name":"Assurance-maladie"}]},{"@type":"WebSite","@id":"https:\/\/survivornet.ca\/#website","url":"https:\/\/survivornet.ca\/","name":"Canadian Cancer Survivor Network","description":"The Canadian Cancer Survivor Network was created by a group of Canadians concerned about cancer.","publisher":{"@id":"https:\/\/survivornet.ca\/#organization"},"potentialAction":[{"@type":"SearchAction","target":{"@type":"EntryPoint","urlTemplate":"https:\/\/survivornet.ca\/?s={search_term_string}"},"query-input":{"@type":"PropertyValueSpecification","valueRequired":true,"valueName":"search_term_string"}}],"inLanguage":"fr-FR"},{"@type":"Organization","@id":"https:\/\/survivornet.ca\/#organization","name":"Canadian Cancer Survivor Network","url":"https:\/\/survivornet.ca\/","logo":{"@type":"ImageObject","inLanguage":"fr-FR","@id":"https:\/\/survivornet.ca\/#\/schema\/logo\/image\/","url":"http:\/\/survivornet.ca\/wp-content\/uploads\/2016\/12\/CCSN_Logo_EN_SQUARE.png","contentUrl":"http:\/\/survivornet.ca\/wp-content\/uploads\/2016\/12\/CCSN_Logo_EN_SQUARE.png","width":1209,"height":1007,"caption":"Canadian Cancer Survivor Network"},"image":{"@id":"https:\/\/survivornet.ca\/#\/schema\/logo\/image\/"}}]}},"_links":{"self":[{"href":"https:\/\/survivornet.ca\/fr\/wp-json\/wp\/v2\/pages\/4508","targetHints":{"allow":["GET"]}}],"collection":[{"href":"https:\/\/survivornet.ca\/fr\/wp-json\/wp\/v2\/pages"}],"about":[{"href":"https:\/\/survivornet.ca\/fr\/wp-json\/wp\/v2\/types\/page"}],"author":[{"embeddable":true,"href":"https:\/\/survivornet.ca\/fr\/wp-json\/wp\/v2\/users\/1"}],"replies":[{"embeddable":true,"href":"https:\/\/survivornet.ca\/fr\/wp-json\/wp\/v2\/comments?post=4508"}],"version-history":[{"count":0,"href":"https:\/\/survivornet.ca\/fr\/wp-json\/wp\/v2\/pages\/4508\/revisions"}],"up":[{"embeddable":true,"href":"https:\/\/survivornet.ca\/fr\/wp-json\/wp\/v2\/pages\/4511"}],"wp:attachment":[{"href":"https:\/\/survivornet.ca\/fr\/wp-json\/wp\/v2\/media?parent=4508"}],"curies":[{"name":"wp","href":"https:\/\/api.w.org\/{rel}","templated":true}]}}