{"id":4498,"date":"2017-05-30T19:31:41","date_gmt":"2017-05-30T23:31:41","guid":{"rendered":"https:\/\/survivornet.ca\/?page_id=4498"},"modified":"2021-11-05T13:45:42","modified_gmt":"2021-11-05T17:45:42","slug":"propos","status":"publish","type":"page","link":"https:\/\/survivornet.ca\/fr\/propos\/","title":{"rendered":"\u00c0 propos"},"content":{"rendered":"<div class=\"wpb-content-wrapper\"><p>[vc_row][vc_column][vc_single_image image=&#8221;23835&#8243; img_size=&#8221;large&#8221;][\/vc_column][\/vc_row][vc_row][vc_column][vc_separator color=&#8221;green&#8221;][vc_custom_heading text=&#8221;Le R\u00e9seau canadien des survivants du cancer a \u00e9t\u00e9 cr\u00e9\u00e9 par un groupe de Canadiens et de Canadiennes pr\u00e9occup\u00e9s par le cancer.&#8221; font_container=&#8221;tag:h3|text_align:center&#8221; google_fonts=&#8221;font_family:Montserrat%3Aregular%2C700|font_style:400%20regular%3A400%3Anormal&#8221;][vc_separator color=&#8221;green&#8221;][\/vc_column][\/vc_row][vc_row][vc_column width=&#8221;1\/2&#8243;][vc_cta h2=&#8221;Mission&#8221; txt_align=&#8221;center&#8221; css=&#8221;.vc_custom_1636134301245{background-color: #ffffff !important;}&#8221;]<\/p>\n<hr \/>\n<ul class=\"content-list\">\n<li>Encourager l\u2019effort collaboratif des patients vivant avec le cancer, de leurs familles et de la communaut\u00e9 afin d\u2019identifier les barri\u00e8res qui se dressent devant l\u2019acc\u00e8s \u00e0 des soins optimaux pour les patients.<\/li>\n<\/ul>\n<p>&nbsp;<\/p>\n<ul class=\"content-list\">\n<li>S\u2019assurer que les survivants du cancer aient acc\u00e8s \u00e0 l\u2019\u00e9ducation, aient l\u2019opportunit\u00e9 d\u2019\u00eatre actifs, et que leurs voix soient entendues dans la planification et la mise en \u0153uvre d&#8217;un syst\u00e8me de sant\u00e9 optimal.<\/li>\n<\/ul>\n<p>&nbsp;<\/p>\n<ul class=\"content-list\">\n<li>\u00c9duquer le public et les d\u00e9cideurs en ce qui concerne l\u2019effet du cancer sur les co\u00fbts financiers, \u00e9motionnels, et ceux sur la sant\u00e9, et offrir des solutions et id\u00e9es positives ainsi que des recommandations dans le but d\u2019att\u00e9nuer ces effets.<\/li>\n<\/ul>\n<p>&nbsp;<\/p>\n<ul class=\"content-list\">\n<li>Stimuler la recherche et encourager celle-ci pour d\u00e9couvrir des moyens de surmonter les obstacles qui entravent l\u2019acc\u00e8s aux soins optimaux pour les patients et un suivi appropri\u00e9.<\/li>\n<li>Entreprendre des activit\u00e9s auxiliaires et fortuites \u00e0 la r\u00e9alisation des objectifs caritatifs susmentionn\u00e9s.<\/li>\n<\/ul>\n<p>[\/vc_cta][\/vc_column][vc_column width=&#8221;1\/2&#8243;][vc_cta h2=&#8221;Vision&#8221; txt_align=&#8221;center&#8221;]<\/p>\n<hr \/>\n<p>Le R\u00e9seau canadien des survivants du cancer veillera \u00e0 ce que:<\/p>\n<ul class=\"content-list\">\n<li>Les patients et les survivants aient facilement acc\u00e8s \u00e0 des outils qui les aideront \u00e0 comprendre le processus de d\u00e9cision menant \u00e0 des changements positifs sur des questions essentielles aux soins optimaux pour les patients;<\/li>\n<\/ul>\n<p>&nbsp;<\/p>\n<ul class=\"content-list\">\n<li>Les patients et les survivants soient support\u00e9s dans leur d\u00e9marche pour faire une diff\u00e9rence en travaillant avec d&#8217;autres individus afin de d\u2019apporter des changements positifs;<\/li>\n<\/ul>\n<p>&nbsp;<\/p>\n<ul class=\"content-list\">\n<li>Les patients et les survivants obtiennent toute l\u2019information actuelle sur les traitements, les options, et les r\u00e9sultats pour le cancer afin d\u2019\u00eatre en mesure de travailler ensemble pour mettre un terme aux disparit\u00e9s qui existent entre les soins offerts aux patients et l\u2019acc\u00e8s au traitement;<\/li>\n<\/ul>\n<p>&nbsp;<\/p>\n<ul class=\"content-list\">\n<li>Un r\u00e9seau de patients, de survivants, d\u2019amis, de familles, de partenaires communautaires et de commanditaires travaillent ensemble afin que les patients et survivants du cancer b\u00e9n\u00e9ficient des meilleurs soins ainsi que du soutien, du suivi et de la meilleure qualit\u00e9 de vie possible.<\/li>\n<\/ul>\n<p>[\/vc_cta][\/vc_column][\/vc_row]<\/p>\n<\/div>","protected":false},"excerpt":{"rendered":"<p>[vc_row][vc_column][vc_single_image image=&#8221;23835&#8243; img_size=&#8221;large&#8221;][\/vc_column][\/vc_row][vc_row][vc_column][vc_separator color=&#8221;green&#8221;][vc_custom_heading text=&#8221;Le R\u00e9seau canadien des survivants du cancer a \u00e9t\u00e9 cr\u00e9\u00e9 par un groupe de Canadiens et de Canadiennes pr\u00e9occup\u00e9s par le cancer.&#8221; font_container=&#8221;tag:h3|text_align:center&#8221; google_fonts=&#8221;font_family:Montserrat%3Aregular%2C700|font_style:400%20regular%3A400%3Anormal&#8221;][vc_separator color=&#8221;green&#8221;][\/vc_column][\/vc_row][vc_row][vc_column width=&#8221;1\/2&#8243;][vc_cta h2=&#8221;Mission&#8221; txt_align=&#8221;center&#8221;<\/p>\n","protected":false},"author":1,"featured_media":0,"parent":0,"menu_order":0,"comment_status":"closed","ping_status":"closed","template":"","meta":{"_acf_changed":false,"footnotes":""},"class_list":["post-4498","page","type-page","status-publish","hentry"],"acf":[],"yoast_head":"<!-- This site is optimized with the Yoast SEO plugin v27.4 - https:\/\/yoast.com\/product\/yoast-seo-wordpress\/ -->\n<title>\u00c0 propos - Canadian Cancer Survivor Network<\/title>\n<meta name=\"robots\" content=\"index, follow, max-snippet:-1, max-image-preview:large, max-video-preview:-1\" \/>\n<link rel=\"canonical\" href=\"https:\/\/survivornet.ca\/fr\/propos\/\" \/>\n<meta property=\"og:locale\" content=\"fr_FR\" \/>\n<meta property=\"og:type\" content=\"article\" \/>\n<meta property=\"og:title\" content=\"\u00c0 propos - Canadian Cancer Survivor Network\" \/>\n<meta property=\"og:description\" content=\"[vc_row][vc_column][vc_single_image image=&#8221;23835&#8243; img_size=&#8221;large&#8221;][\/vc_column][\/vc_row][vc_row][vc_column][vc_separator color=&#8221;green&#8221;][vc_custom_heading text=&#8221;Le R\u00e9seau canadien des survivants du cancer a \u00e9t\u00e9 cr\u00e9\u00e9 par un groupe de Canadiens et de Canadiennes pr\u00e9occup\u00e9s par le cancer.&#8221; font_container=&#8221;tag:h3|text_align:center&#8221; google_fonts=&#8221;font_family:Montserrat%3Aregular%2C700|font_style:400%20regular%3A400%3Anormal&#8221;][vc_separator color=&#8221;green&#8221;][\/vc_column][\/vc_row][vc_row][vc_column width=&#8221;1\/2&#8243;][vc_cta h2=&#8221;Mission&#8221; txt_align=&#8221;center&#8221;\" \/>\n<meta property=\"og:url\" content=\"https:\/\/survivornet.ca\/fr\/propos\/\" \/>\n<meta property=\"og:site_name\" content=\"Canadian Cancer Survivor Network\" \/>\n<meta property=\"article:modified_time\" content=\"2021-11-05T17:45:42+00:00\" \/>\n<meta name=\"twitter:card\" content=\"summary_large_image\" \/>\n<meta name=\"twitter:label1\" content=\"Dur\u00e9e de lecture estim\u00e9e\" \/>\n\t<meta name=\"twitter:data1\" content=\"2 minutes\" \/>\n<script type=\"application\/ld+json\" class=\"yoast-schema-graph\">{\"@context\":\"https:\\\/\\\/schema.org\",\"@graph\":[{\"@type\":\"WebPage\",\"@id\":\"https:\\\/\\\/survivornet.ca\\\/fr\\\/propos\\\/\",\"url\":\"https:\\\/\\\/survivornet.ca\\\/fr\\\/propos\\\/\",\"name\":\"\u00c0 propos - Canadian Cancer Survivor Network\",\"isPartOf\":{\"@id\":\"https:\\\/\\\/survivornet.ca\\\/#website\"},\"datePublished\":\"2017-05-30T23:31:41+00:00\",\"dateModified\":\"2021-11-05T17:45:42+00:00\",\"breadcrumb\":{\"@id\":\"https:\\\/\\\/survivornet.ca\\\/fr\\\/propos\\\/#breadcrumb\"},\"inLanguage\":\"fr-FR\",\"potentialAction\":[{\"@type\":\"ReadAction\",\"target\":[\"https:\\\/\\\/survivornet.ca\\\/fr\\\/propos\\\/\"]}]},{\"@type\":\"BreadcrumbList\",\"@id\":\"https:\\\/\\\/survivornet.ca\\\/fr\\\/propos\\\/#breadcrumb\",\"itemListElement\":[{\"@type\":\"ListItem\",\"position\":1,\"name\":\"Home\",\"item\":\"https:\\\/\\\/survivornet.ca\\\/fr\\\/\"},{\"@type\":\"ListItem\",\"position\":2,\"name\":\"\u00c0 propos\"}]},{\"@type\":\"WebSite\",\"@id\":\"https:\\\/\\\/survivornet.ca\\\/#website\",\"url\":\"https:\\\/\\\/survivornet.ca\\\/\",\"name\":\"Canadian Cancer Survivor Network\",\"description\":\"The Canadian Cancer Survivor Network was created by a group of Canadians concerned about cancer.\",\"publisher\":{\"@id\":\"https:\\\/\\\/survivornet.ca\\\/#organization\"},\"potentialAction\":[{\"@type\":\"SearchAction\",\"target\":{\"@type\":\"EntryPoint\",\"urlTemplate\":\"https:\\\/\\\/survivornet.ca\\\/?s={search_term_string}\"},\"query-input\":{\"@type\":\"PropertyValueSpecification\",\"valueRequired\":true,\"valueName\":\"search_term_string\"}}],\"inLanguage\":\"fr-FR\"},{\"@type\":\"Organization\",\"@id\":\"https:\\\/\\\/survivornet.ca\\\/#organization\",\"name\":\"Canadian Cancer Survivor Network\",\"url\":\"https:\\\/\\\/survivornet.ca\\\/\",\"logo\":{\"@type\":\"ImageObject\",\"inLanguage\":\"fr-FR\",\"@id\":\"https:\\\/\\\/survivornet.ca\\\/#\\\/schema\\\/logo\\\/image\\\/\",\"url\":\"http:\\\/\\\/survivornet.ca\\\/wp-content\\\/uploads\\\/2016\\\/12\\\/CCSN_Logo_EN_SQUARE.png\",\"contentUrl\":\"http:\\\/\\\/survivornet.ca\\\/wp-content\\\/uploads\\\/2016\\\/12\\\/CCSN_Logo_EN_SQUARE.png\",\"width\":1209,\"height\":1007,\"caption\":\"Canadian Cancer Survivor Network\"},\"image\":{\"@id\":\"https:\\\/\\\/survivornet.ca\\\/#\\\/schema\\\/logo\\\/image\\\/\"}}]}<\/script>\n<!-- \/ Yoast SEO plugin. -->","yoast_head_json":{"title":"\u00c0 propos - Canadian Cancer Survivor Network","robots":{"index":"index","follow":"follow","max-snippet":"max-snippet:-1","max-image-preview":"max-image-preview:large","max-video-preview":"max-video-preview:-1"},"canonical":"https:\/\/survivornet.ca\/fr\/propos\/","og_locale":"fr_FR","og_type":"article","og_title":"\u00c0 propos - Canadian Cancer Survivor Network","og_description":"[vc_row][vc_column][vc_single_image image=&#8221;23835&#8243; img_size=&#8221;large&#8221;][\/vc_column][\/vc_row][vc_row][vc_column][vc_separator color=&#8221;green&#8221;][vc_custom_heading text=&#8221;Le R\u00e9seau canadien des survivants du cancer a \u00e9t\u00e9 cr\u00e9\u00e9 par un groupe de Canadiens et de Canadiennes pr\u00e9occup\u00e9s par le cancer.&#8221; font_container=&#8221;tag:h3|text_align:center&#8221; google_fonts=&#8221;font_family:Montserrat%3Aregular%2C700|font_style:400%20regular%3A400%3Anormal&#8221;][vc_separator color=&#8221;green&#8221;][\/vc_column][\/vc_row][vc_row][vc_column width=&#8221;1\/2&#8243;][vc_cta h2=&#8221;Mission&#8221; txt_align=&#8221;center&#8221;","og_url":"https:\/\/survivornet.ca\/fr\/propos\/","og_site_name":"Canadian Cancer Survivor Network","article_modified_time":"2021-11-05T17:45:42+00:00","twitter_card":"summary_large_image","twitter_misc":{"Dur\u00e9e de lecture estim\u00e9e":"2 minutes"},"schema":{"@context":"https:\/\/schema.org","@graph":[{"@type":"WebPage","@id":"https:\/\/survivornet.ca\/fr\/propos\/","url":"https:\/\/survivornet.ca\/fr\/propos\/","name":"\u00c0 propos - Canadian Cancer Survivor Network","isPartOf":{"@id":"https:\/\/survivornet.ca\/#website"},"datePublished":"2017-05-30T23:31:41+00:00","dateModified":"2021-11-05T17:45:42+00:00","breadcrumb":{"@id":"https:\/\/survivornet.ca\/fr\/propos\/#breadcrumb"},"inLanguage":"fr-FR","potentialAction":[{"@type":"ReadAction","target":["https:\/\/survivornet.ca\/fr\/propos\/"]}]},{"@type":"BreadcrumbList","@id":"https:\/\/survivornet.ca\/fr\/propos\/#breadcrumb","itemListElement":[{"@type":"ListItem","position":1,"name":"Home","item":"https:\/\/survivornet.ca\/fr\/"},{"@type":"ListItem","position":2,"name":"\u00c0 propos"}]},{"@type":"WebSite","@id":"https:\/\/survivornet.ca\/#website","url":"https:\/\/survivornet.ca\/","name":"Canadian Cancer Survivor Network","description":"The Canadian Cancer Survivor Network was created by a group of Canadians concerned about cancer.","publisher":{"@id":"https:\/\/survivornet.ca\/#organization"},"potentialAction":[{"@type":"SearchAction","target":{"@type":"EntryPoint","urlTemplate":"https:\/\/survivornet.ca\/?s={search_term_string}"},"query-input":{"@type":"PropertyValueSpecification","valueRequired":true,"valueName":"search_term_string"}}],"inLanguage":"fr-FR"},{"@type":"Organization","@id":"https:\/\/survivornet.ca\/#organization","name":"Canadian Cancer Survivor Network","url":"https:\/\/survivornet.ca\/","logo":{"@type":"ImageObject","inLanguage":"fr-FR","@id":"https:\/\/survivornet.ca\/#\/schema\/logo\/image\/","url":"http:\/\/survivornet.ca\/wp-content\/uploads\/2016\/12\/CCSN_Logo_EN_SQUARE.png","contentUrl":"http:\/\/survivornet.ca\/wp-content\/uploads\/2016\/12\/CCSN_Logo_EN_SQUARE.png","width":1209,"height":1007,"caption":"Canadian Cancer Survivor Network"},"image":{"@id":"https:\/\/survivornet.ca\/#\/schema\/logo\/image\/"}}]}},"_links":{"self":[{"href":"https:\/\/survivornet.ca\/fr\/wp-json\/wp\/v2\/pages\/4498","targetHints":{"allow":["GET"]}}],"collection":[{"href":"https:\/\/survivornet.ca\/fr\/wp-json\/wp\/v2\/pages"}],"about":[{"href":"https:\/\/survivornet.ca\/fr\/wp-json\/wp\/v2\/types\/page"}],"author":[{"embeddable":true,"href":"https:\/\/survivornet.ca\/fr\/wp-json\/wp\/v2\/users\/1"}],"replies":[{"embeddable":true,"href":"https:\/\/survivornet.ca\/fr\/wp-json\/wp\/v2\/comments?post=4498"}],"version-history":[{"count":0,"href":"https:\/\/survivornet.ca\/fr\/wp-json\/wp\/v2\/pages\/4498\/revisions"}],"wp:attachment":[{"href":"https:\/\/survivornet.ca\/fr\/wp-json\/wp\/v2\/media?parent=4498"}],"curies":[{"name":"wp","href":"https:\/\/api.w.org\/{rel}","templated":true}]}}