{"id":4490,"date":"2017-05-30T19:23:39","date_gmt":"2017-05-30T19:23:39","guid":{"rendered":"https:\/\/survivornet.ca\/?page_id=4490"},"modified":"2017-06-22T15:28:27","modified_gmt":"2017-06-22T15:28:27","slug":"impliquez-vous","status":"publish","type":"page","link":"https:\/\/survivornet.ca\/fr\/agissez\/impliquez-vous\/","title":{"rendered":"Impliquez-vous"},"content":{"rendered":"<p><strong>Impliquez-vous!<\/strong><\/p>\n<p>Cette section offre de l&#8217;information sur les fa\u00e7ons dont vous pouvez vous impliquer afin d&#8217;am\u00e9liorer les soins pour le cancer et notre syst\u00e8me de soins de sant\u00e9.<\/p>\n<p>Apprenez-en d&#8217;avantage sur:<\/p>\n<ul class=\"content-list\">\n<li>Le plaidoyer pro domo (pour soi-m\u00eame), la d\u00e9fense d&#8217;int\u00e9r\u00eats, et travailler avec les m\u00e9dias.<\/li>\n<li>Les campagnes \u00e9lectorales pr\u00e9c\u00e9dentes du RCSC, et comment vous impliquer dans les \u00e9lections provinciales, territoriales ou f\u00e9d\u00e9rales lorsqu&#8217;elles sont d\u00e9clench\u00e9es.<\/li>\n<li>Comment vous pouvez passer \u00e0 l&#8217;action d\u00e8s maintenant!<\/li>\n<\/ul>\n<p><a href=\"https:\/\/survivornet.ca\/fr\/agissez\/un-siege-la-table\/\">Un si\u00e8ge \u00e0 la table<\/a><br \/>\n<a href=\"https:\/\/survivornet.ca\/fr\/agissez\/defense-des-interets\/\">D\u00e9fense des int\u00e9r\u00eats<\/a><br \/>\n<a href=\"https:\/\/survivornet.ca\/fr\/agissez\/campagnes-electorales\/\">Campagnes \u00e9lectorales<\/a><br \/>\n<a href=\"https:\/\/survivornet.ca\/fr\/agissez\/implication-des-professionnels-de-la-sante\/\">Implication des professionnels de la sant\u00e9<\/a><br \/>\n<a href=\"https:\/\/survivornet.ca\/fr\/agissez\/le-benevolat\/\">Le b\u00e9n\u00e9volat!<\/a><\/p>\n","protected":false},"excerpt":{"rendered":"<p>Impliquez-vous! Cette section offre de l&#8217;information sur les fa\u00e7ons dont vous pouvez vous impliquer afin d&#8217;am\u00e9liorer les soins pour le cancer et notre syst\u00e8me de soins de sant\u00e9. Apprenez-en d&#8217;avantage sur: Le<\/p>\n","protected":false},"author":1,"featured_media":0,"parent":4480,"menu_order":6,"comment_status":"closed","ping_status":"closed","template":"","meta":{"_acf_changed":false,"footnotes":""},"class_list":["post-4490","page","type-page","status-publish","hentry"],"acf":[],"yoast_head":"<!-- This site is optimized with the Yoast SEO plugin v27.4 - https:\/\/yoast.com\/product\/yoast-seo-wordpress\/ -->\n<title>Impliquez-vous - Canadian Cancer Survivor Network<\/title>\n<meta name=\"robots\" content=\"index, follow, max-snippet:-1, max-image-preview:large, max-video-preview:-1\" \/>\n<link rel=\"canonical\" href=\"https:\/\/survivornet.ca\/fr\/agissez\/impliquez-vous\/\" \/>\n<meta property=\"og:locale\" content=\"fr_FR\" \/>\n<meta property=\"og:type\" content=\"article\" \/>\n<meta property=\"og:title\" content=\"Impliquez-vous - Canadian Cancer Survivor Network\" \/>\n<meta property=\"og:description\" content=\"Impliquez-vous! Cette section offre de l&#8217;information sur les fa\u00e7ons dont vous pouvez vous impliquer afin d&#8217;am\u00e9liorer les soins pour le cancer et notre syst\u00e8me de soins de sant\u00e9. Apprenez-en d&#8217;avantage sur: Le\" \/>\n<meta property=\"og:url\" content=\"https:\/\/survivornet.ca\/fr\/agissez\/impliquez-vous\/\" \/>\n<meta property=\"og:site_name\" content=\"Canadian Cancer Survivor Network\" \/>\n<meta property=\"article:modified_time\" content=\"2017-06-22T15:28:27+00:00\" \/>\n<meta name=\"twitter:card\" content=\"summary_large_image\" \/>\n<meta name=\"twitter:label1\" content=\"Dur\u00e9e de lecture estim\u00e9e\" \/>\n\t<meta name=\"twitter:data1\" content=\"1 minute\" \/>\n<script type=\"application\/ld+json\" class=\"yoast-schema-graph\">{\"@context\":\"https:\\\/\\\/schema.org\",\"@graph\":[{\"@type\":\"WebPage\",\"@id\":\"https:\\\/\\\/survivornet.ca\\\/fr\\\/agissez\\\/impliquez-vous\\\/\",\"url\":\"https:\\\/\\\/survivornet.ca\\\/fr\\\/agissez\\\/impliquez-vous\\\/\",\"name\":\"Impliquez-vous - Canadian Cancer Survivor Network\",\"isPartOf\":{\"@id\":\"https:\\\/\\\/survivornet.ca\\\/#website\"},\"datePublished\":\"2017-05-30T19:23:39+00:00\",\"dateModified\":\"2017-06-22T15:28:27+00:00\",\"breadcrumb\":{\"@id\":\"https:\\\/\\\/survivornet.ca\\\/fr\\\/agissez\\\/impliquez-vous\\\/#breadcrumb\"},\"inLanguage\":\"fr-FR\",\"potentialAction\":[{\"@type\":\"ReadAction\",\"target\":[\"https:\\\/\\\/survivornet.ca\\\/fr\\\/agissez\\\/impliquez-vous\\\/\"]}]},{\"@type\":\"BreadcrumbList\",\"@id\":\"https:\\\/\\\/survivornet.ca\\\/fr\\\/agissez\\\/impliquez-vous\\\/#breadcrumb\",\"itemListElement\":[{\"@type\":\"ListItem\",\"position\":1,\"name\":\"Home\",\"item\":\"https:\\\/\\\/survivornet.ca\\\/fr\\\/\"},{\"@type\":\"ListItem\",\"position\":2,\"name\":\"Agissez\",\"item\":\"https:\\\/\\\/survivornet.ca\\\/fr\\\/agissez\\\/\"},{\"@type\":\"ListItem\",\"position\":3,\"name\":\"Impliquez-vous\"}]},{\"@type\":\"WebSite\",\"@id\":\"https:\\\/\\\/survivornet.ca\\\/#website\",\"url\":\"https:\\\/\\\/survivornet.ca\\\/\",\"name\":\"Canadian Cancer Survivor Network\",\"description\":\"The Canadian Cancer Survivor Network was created by a group of Canadians concerned about cancer.\",\"publisher\":{\"@id\":\"https:\\\/\\\/survivornet.ca\\\/#organization\"},\"potentialAction\":[{\"@type\":\"SearchAction\",\"target\":{\"@type\":\"EntryPoint\",\"urlTemplate\":\"https:\\\/\\\/survivornet.ca\\\/?s={search_term_string}\"},\"query-input\":{\"@type\":\"PropertyValueSpecification\",\"valueRequired\":true,\"valueName\":\"search_term_string\"}}],\"inLanguage\":\"fr-FR\"},{\"@type\":\"Organization\",\"@id\":\"https:\\\/\\\/survivornet.ca\\\/#organization\",\"name\":\"Canadian Cancer Survivor Network\",\"url\":\"https:\\\/\\\/survivornet.ca\\\/\",\"logo\":{\"@type\":\"ImageObject\",\"inLanguage\":\"fr-FR\",\"@id\":\"https:\\\/\\\/survivornet.ca\\\/#\\\/schema\\\/logo\\\/image\\\/\",\"url\":\"http:\\\/\\\/survivornet.ca\\\/wp-content\\\/uploads\\\/2016\\\/12\\\/CCSN_Logo_EN_SQUARE.png\",\"contentUrl\":\"http:\\\/\\\/survivornet.ca\\\/wp-content\\\/uploads\\\/2016\\\/12\\\/CCSN_Logo_EN_SQUARE.png\",\"width\":1209,\"height\":1007,\"caption\":\"Canadian Cancer Survivor Network\"},\"image\":{\"@id\":\"https:\\\/\\\/survivornet.ca\\\/#\\\/schema\\\/logo\\\/image\\\/\"}}]}<\/script>\n<!-- \/ Yoast SEO plugin. -->","yoast_head_json":{"title":"Impliquez-vous - Canadian Cancer Survivor Network","robots":{"index":"index","follow":"follow","max-snippet":"max-snippet:-1","max-image-preview":"max-image-preview:large","max-video-preview":"max-video-preview:-1"},"canonical":"https:\/\/survivornet.ca\/fr\/agissez\/impliquez-vous\/","og_locale":"fr_FR","og_type":"article","og_title":"Impliquez-vous - Canadian Cancer Survivor Network","og_description":"Impliquez-vous! Cette section offre de l&#8217;information sur les fa\u00e7ons dont vous pouvez vous impliquer afin d&#8217;am\u00e9liorer les soins pour le cancer et notre syst\u00e8me de soins de sant\u00e9. Apprenez-en d&#8217;avantage sur: Le","og_url":"https:\/\/survivornet.ca\/fr\/agissez\/impliquez-vous\/","og_site_name":"Canadian Cancer Survivor Network","article_modified_time":"2017-06-22T15:28:27+00:00","twitter_card":"summary_large_image","twitter_misc":{"Dur\u00e9e de lecture estim\u00e9e":"1 minute"},"schema":{"@context":"https:\/\/schema.org","@graph":[{"@type":"WebPage","@id":"https:\/\/survivornet.ca\/fr\/agissez\/impliquez-vous\/","url":"https:\/\/survivornet.ca\/fr\/agissez\/impliquez-vous\/","name":"Impliquez-vous - Canadian Cancer Survivor Network","isPartOf":{"@id":"https:\/\/survivornet.ca\/#website"},"datePublished":"2017-05-30T19:23:39+00:00","dateModified":"2017-06-22T15:28:27+00:00","breadcrumb":{"@id":"https:\/\/survivornet.ca\/fr\/agissez\/impliquez-vous\/#breadcrumb"},"inLanguage":"fr-FR","potentialAction":[{"@type":"ReadAction","target":["https:\/\/survivornet.ca\/fr\/agissez\/impliquez-vous\/"]}]},{"@type":"BreadcrumbList","@id":"https:\/\/survivornet.ca\/fr\/agissez\/impliquez-vous\/#breadcrumb","itemListElement":[{"@type":"ListItem","position":1,"name":"Home","item":"https:\/\/survivornet.ca\/fr\/"},{"@type":"ListItem","position":2,"name":"Agissez","item":"https:\/\/survivornet.ca\/fr\/agissez\/"},{"@type":"ListItem","position":3,"name":"Impliquez-vous"}]},{"@type":"WebSite","@id":"https:\/\/survivornet.ca\/#website","url":"https:\/\/survivornet.ca\/","name":"Canadian Cancer Survivor Network","description":"The Canadian Cancer Survivor Network was created by a group of Canadians concerned about cancer.","publisher":{"@id":"https:\/\/survivornet.ca\/#organization"},"potentialAction":[{"@type":"SearchAction","target":{"@type":"EntryPoint","urlTemplate":"https:\/\/survivornet.ca\/?s={search_term_string}"},"query-input":{"@type":"PropertyValueSpecification","valueRequired":true,"valueName":"search_term_string"}}],"inLanguage":"fr-FR"},{"@type":"Organization","@id":"https:\/\/survivornet.ca\/#organization","name":"Canadian Cancer Survivor Network","url":"https:\/\/survivornet.ca\/","logo":{"@type":"ImageObject","inLanguage":"fr-FR","@id":"https:\/\/survivornet.ca\/#\/schema\/logo\/image\/","url":"http:\/\/survivornet.ca\/wp-content\/uploads\/2016\/12\/CCSN_Logo_EN_SQUARE.png","contentUrl":"http:\/\/survivornet.ca\/wp-content\/uploads\/2016\/12\/CCSN_Logo_EN_SQUARE.png","width":1209,"height":1007,"caption":"Canadian Cancer Survivor Network"},"image":{"@id":"https:\/\/survivornet.ca\/#\/schema\/logo\/image\/"}}]}},"_links":{"self":[{"href":"https:\/\/survivornet.ca\/fr\/wp-json\/wp\/v2\/pages\/4490","targetHints":{"allow":["GET"]}}],"collection":[{"href":"https:\/\/survivornet.ca\/fr\/wp-json\/wp\/v2\/pages"}],"about":[{"href":"https:\/\/survivornet.ca\/fr\/wp-json\/wp\/v2\/types\/page"}],"author":[{"embeddable":true,"href":"https:\/\/survivornet.ca\/fr\/wp-json\/wp\/v2\/users\/1"}],"replies":[{"embeddable":true,"href":"https:\/\/survivornet.ca\/fr\/wp-json\/wp\/v2\/comments?post=4490"}],"version-history":[{"count":0,"href":"https:\/\/survivornet.ca\/fr\/wp-json\/wp\/v2\/pages\/4490\/revisions"}],"up":[{"embeddable":true,"href":"https:\/\/survivornet.ca\/fr\/wp-json\/wp\/v2\/pages\/4480"}],"wp:attachment":[{"href":"https:\/\/survivornet.ca\/fr\/wp-json\/wp\/v2\/media?parent=4490"}],"curies":[{"name":"wp","href":"https:\/\/api.w.org\/{rel}","templated":true}]}}