{"id":4488,"date":"2017-05-30T19:22:35","date_gmt":"2017-05-30T19:22:35","guid":{"rendered":"https:\/\/survivornet.ca\/?page_id=4488"},"modified":"2021-02-16T14:20:41","modified_gmt":"2021-02-16T19:20:41","slug":"medias","status":"publish","type":"page","link":"https:\/\/survivornet.ca\/fr\/reliez-vous\/medias\/","title":{"rendered":"M\u00e9dias"},"content":{"rendered":"<p><a href=\"https:\/\/survivornet.ca\/fr\/reliez-vous\/medias\/25-novembre-2020-sante-canada-approuve-lynparza-olaparib-pour-le-traitement-du-cancer-de-la-prostate-resistant-a-la-castration-metastatique-en-presence-dune-mutation-dun-g\/\">25 Novembre, 2020 &#8211; Sant\u00e9 Canada approuve Lynparza\u00ae (olaparib) pour le traitement du cancer de la<\/a><br \/>\n<a href=\"https:\/\/survivornet.ca\/fr\/reliez-vous\/medias\/25-novembre-2020-sante-canada-approuve-lynparza-olaparib-pour-le-traitement-du-cancer-de-la-prostate-resistant-a-la-castration-metastatique-en-presence-dune-mutation-dun-g\/\">prostate r\u00e9sistant \u00e0 la castration m\u00e9tastatique en pr\u00e9sence d\u2019une mutation d\u2019un g\u00e8ne BRCA ou ATM<\/a><\/p>\n<p><a href=\"https:\/\/survivornet.ca\/fr\/news\/ce-que-les-hommes-nous-ont-dit-sondage-du-reseau-canadien-des-survivants-du-cancer-concernant-le-cancer-de-la-prostate\/\">23 Septembre 2020 -Ce que les hommes nous ont dit: Sondage du R\u00e9seau canadien des survivants du cancer concernant le cancer de la prostate<\/a><\/p>\n<p><a href=\"https:\/\/survivornet.ca\/fr\/reliez-vous\/medias\/rencontre-des-ministres-de-la-sante-lappui-des-groupes-de-soutien-au-cancer-ameliore-lacces-des-patients-atteints-du-cancer-qui-passaient-entre-les-mailles-du-systeme\/\">20 janvier 2016 &#8211; Rencontre des ministres de la sant\u00e9: L&#8217;appui des groupes de soutien au cancer a am\u00e9lior\u00e9 l&#8217;acc\u00e8s des patients atteints du cancer qui passaient entre les mailles du syst\u00e8me<\/a><\/p>\n<p><a href=\"https:\/\/survivornet.ca\/fr\/reliez-vous\/medias\/et-si-se-reunissait-autour-dun-cafe-pour-la-bonne-cause\/\">1 juin 2014 &#8211;\u00a0Et si on se r\u00e9unissait autour d\u2019un caf\u00e9 pour la bonne cause ?<\/a><\/p>\n<p><a href=\"https:\/\/survivornet.ca\/fr\/reliez-vous\/medias\/celebration-de-la-journee-nationale-des-survivants-du-cancer-reseau-canadien-des-survivants-du-cancer\/\">16 avril 2014 &#8211;\u00a0C\u00e9l\u00e9bration de la Journ\u00e9e nationale des survivants du cancer \u2013 R\u00e9seau canadien des survivants du cancer<\/a><\/p>\n<p><a href=\"https:\/\/survivornet.ca\/fr\/reliez-vous\/medias\/les-patients-atteints-du-cancer-et-les-aidants-ont-de-la-difficulte-trouver-un-travail-flexible\/\">14 janvier 2014 &#8211;\u00a0Les patients atteints du cancer et les aidants ont de la difficult\u00e9 \u00e0 trouver un travail flexible<\/a><\/p>\n<p><a href=\"https:\/\/survivornet.ca\/fr\/reliez-vous\/medias\/le-reseau-canadien-des-survivants-du-cancer-annonce-le-lancement-de-son-site-web-temps-pour-le-mois-de-la-sensibilisation-au-cancer-du-sein\/\">3\u00a0octobre 2012 &#8211; Le R\u00e9seau canadien des survivants du cancer annonce le lancement de son site web \u00e0 temps pour le mois de la sensibilisation au cancer du sein<\/a><\/p>\n<p><a href=\"https:\/\/survivornet.ca\/fr\/reliez-vous\/medias\/le-maire-watson-inaugure-officiellement-les-bureaux-du-reseau-canadien-des-survivants-du-cancer\/\">3 octobre 2012 &#8211; Le maire Watson inaugure officiellement les bureaux du R\u00e9seau canadien des survivants du cancer<\/a><\/p>\n<p><a href=\"https:\/\/survivornet.ca\/fr\/reliez-vous\/medias\/le-reseau-canadien-des-survivants-du-cancer-vient-de-lancer-sa-campagne-electorale-quebec-2012\/\">8 ao\u00fbt 2012 &#8211; Le R\u00e9seau canadien des survivants du cancer vient de lancer sa campagne \u00e9lectorale Qu\u00e9bec 2012<\/a><\/p>\n<p><a href=\"https:\/\/survivornet.ca\/fr\/reliez-vous\/medias\/les-hommes-et-les-femmes-du-quebec-souffrant-de-cancer-avance-de-la-prostate-ou-du-sein-et-presentant-des-metastases-osseuses-ont-maintenant-acces-un-nouveau-medicament\/\">1 f\u00e9vrier 2012 &#8211; Les hommes et les femmes du Qu\u00e9bec souffrant de cancer avanc\u00e9 de la prostate ou du sein et pr\u00e9sentant des m\u00e9tastases osseuses ont maintenant acc\u00e8s \u00e0 un nouveau m\u00e9dicament<\/a><\/p>\n","protected":false},"excerpt":{"rendered":"<p>25 Novembre, 2020 &#8211; Sant\u00e9 Canada approuve Lynparza\u00ae (olaparib) pour le traitement du cancer de la prostate r\u00e9sistant \u00e0 la castration m\u00e9tastatique en pr\u00e9sence d\u2019une mutation d\u2019un g\u00e8ne BRCA ou ATM 23<\/p>\n","protected":false},"author":1,"featured_media":0,"parent":4535,"menu_order":60,"comment_status":"closed","ping_status":"closed","template":"","meta":{"_acf_changed":false,"footnotes":""},"class_list":["post-4488","page","type-page","status-publish","hentry"],"acf":[],"yoast_head":"<!-- This site is optimized with the Yoast SEO plugin v27.4 - https:\/\/yoast.com\/product\/yoast-seo-wordpress\/ -->\n<title>M\u00e9dias - Canadian Cancer Survivor Network<\/title>\n<meta name=\"robots\" content=\"index, follow, max-snippet:-1, max-image-preview:large, max-video-preview:-1\" \/>\n<link rel=\"canonical\" href=\"https:\/\/survivornet.ca\/fr\/reliez-vous\/medias\/\" \/>\n<meta property=\"og:locale\" content=\"fr_FR\" \/>\n<meta property=\"og:type\" content=\"article\" \/>\n<meta property=\"og:title\" content=\"M\u00e9dias - Canadian Cancer Survivor Network\" \/>\n<meta property=\"og:description\" content=\"25 Novembre, 2020 &#8211; Sant\u00e9 Canada approuve Lynparza\u00ae (olaparib) pour le traitement du cancer de la prostate r\u00e9sistant \u00e0 la castration m\u00e9tastatique en pr\u00e9sence d\u2019une mutation d\u2019un g\u00e8ne BRCA ou ATM 23\" \/>\n<meta property=\"og:url\" content=\"https:\/\/survivornet.ca\/fr\/reliez-vous\/medias\/\" \/>\n<meta property=\"og:site_name\" content=\"Canadian Cancer Survivor Network\" \/>\n<meta property=\"article:modified_time\" content=\"2021-02-16T19:20:41+00:00\" \/>\n<meta name=\"twitter:card\" content=\"summary_large_image\" \/>\n<meta name=\"twitter:label1\" content=\"Dur\u00e9e de lecture estim\u00e9e\" \/>\n\t<meta name=\"twitter:data1\" content=\"1 minute\" \/>\n<script type=\"application\/ld+json\" class=\"yoast-schema-graph\">{\"@context\":\"https:\\\/\\\/schema.org\",\"@graph\":[{\"@type\":\"WebPage\",\"@id\":\"https:\\\/\\\/survivornet.ca\\\/fr\\\/reliez-vous\\\/medias\\\/\",\"url\":\"https:\\\/\\\/survivornet.ca\\\/fr\\\/reliez-vous\\\/medias\\\/\",\"name\":\"M\u00e9dias - Canadian Cancer Survivor Network\",\"isPartOf\":{\"@id\":\"https:\\\/\\\/survivornet.ca\\\/#website\"},\"datePublished\":\"2017-05-30T19:22:35+00:00\",\"dateModified\":\"2021-02-16T19:20:41+00:00\",\"breadcrumb\":{\"@id\":\"https:\\\/\\\/survivornet.ca\\\/fr\\\/reliez-vous\\\/medias\\\/#breadcrumb\"},\"inLanguage\":\"fr-FR\",\"potentialAction\":[{\"@type\":\"ReadAction\",\"target\":[\"https:\\\/\\\/survivornet.ca\\\/fr\\\/reliez-vous\\\/medias\\\/\"]}]},{\"@type\":\"BreadcrumbList\",\"@id\":\"https:\\\/\\\/survivornet.ca\\\/fr\\\/reliez-vous\\\/medias\\\/#breadcrumb\",\"itemListElement\":[{\"@type\":\"ListItem\",\"position\":1,\"name\":\"Home\",\"item\":\"https:\\\/\\\/survivornet.ca\\\/fr\\\/\"},{\"@type\":\"ListItem\",\"position\":2,\"name\":\"Connectez\",\"item\":\"https:\\\/\\\/survivornet.ca\\\/fr\\\/reliez-vous\\\/\"},{\"@type\":\"ListItem\",\"position\":3,\"name\":\"M\u00e9dias\"}]},{\"@type\":\"WebSite\",\"@id\":\"https:\\\/\\\/survivornet.ca\\\/#website\",\"url\":\"https:\\\/\\\/survivornet.ca\\\/\",\"name\":\"Canadian Cancer Survivor Network\",\"description\":\"The Canadian Cancer Survivor Network was created by a group of Canadians concerned about cancer.\",\"publisher\":{\"@id\":\"https:\\\/\\\/survivornet.ca\\\/#organization\"},\"potentialAction\":[{\"@type\":\"SearchAction\",\"target\":{\"@type\":\"EntryPoint\",\"urlTemplate\":\"https:\\\/\\\/survivornet.ca\\\/?s={search_term_string}\"},\"query-input\":{\"@type\":\"PropertyValueSpecification\",\"valueRequired\":true,\"valueName\":\"search_term_string\"}}],\"inLanguage\":\"fr-FR\"},{\"@type\":\"Organization\",\"@id\":\"https:\\\/\\\/survivornet.ca\\\/#organization\",\"name\":\"Canadian Cancer Survivor Network\",\"url\":\"https:\\\/\\\/survivornet.ca\\\/\",\"logo\":{\"@type\":\"ImageObject\",\"inLanguage\":\"fr-FR\",\"@id\":\"https:\\\/\\\/survivornet.ca\\\/#\\\/schema\\\/logo\\\/image\\\/\",\"url\":\"http:\\\/\\\/survivornet.ca\\\/wp-content\\\/uploads\\\/2016\\\/12\\\/CCSN_Logo_EN_SQUARE.png\",\"contentUrl\":\"http:\\\/\\\/survivornet.ca\\\/wp-content\\\/uploads\\\/2016\\\/12\\\/CCSN_Logo_EN_SQUARE.png\",\"width\":1209,\"height\":1007,\"caption\":\"Canadian Cancer Survivor Network\"},\"image\":{\"@id\":\"https:\\\/\\\/survivornet.ca\\\/#\\\/schema\\\/logo\\\/image\\\/\"}}]}<\/script>\n<!-- \/ Yoast SEO plugin. -->","yoast_head_json":{"title":"M\u00e9dias - Canadian Cancer Survivor Network","robots":{"index":"index","follow":"follow","max-snippet":"max-snippet:-1","max-image-preview":"max-image-preview:large","max-video-preview":"max-video-preview:-1"},"canonical":"https:\/\/survivornet.ca\/fr\/reliez-vous\/medias\/","og_locale":"fr_FR","og_type":"article","og_title":"M\u00e9dias - Canadian Cancer Survivor Network","og_description":"25 Novembre, 2020 &#8211; Sant\u00e9 Canada approuve Lynparza\u00ae (olaparib) pour le traitement du cancer de la prostate r\u00e9sistant \u00e0 la castration m\u00e9tastatique en pr\u00e9sence d\u2019une mutation d\u2019un g\u00e8ne BRCA ou ATM 23","og_url":"https:\/\/survivornet.ca\/fr\/reliez-vous\/medias\/","og_site_name":"Canadian Cancer Survivor Network","article_modified_time":"2021-02-16T19:20:41+00:00","twitter_card":"summary_large_image","twitter_misc":{"Dur\u00e9e de lecture estim\u00e9e":"1 minute"},"schema":{"@context":"https:\/\/schema.org","@graph":[{"@type":"WebPage","@id":"https:\/\/survivornet.ca\/fr\/reliez-vous\/medias\/","url":"https:\/\/survivornet.ca\/fr\/reliez-vous\/medias\/","name":"M\u00e9dias - Canadian Cancer Survivor Network","isPartOf":{"@id":"https:\/\/survivornet.ca\/#website"},"datePublished":"2017-05-30T19:22:35+00:00","dateModified":"2021-02-16T19:20:41+00:00","breadcrumb":{"@id":"https:\/\/survivornet.ca\/fr\/reliez-vous\/medias\/#breadcrumb"},"inLanguage":"fr-FR","potentialAction":[{"@type":"ReadAction","target":["https:\/\/survivornet.ca\/fr\/reliez-vous\/medias\/"]}]},{"@type":"BreadcrumbList","@id":"https:\/\/survivornet.ca\/fr\/reliez-vous\/medias\/#breadcrumb","itemListElement":[{"@type":"ListItem","position":1,"name":"Home","item":"https:\/\/survivornet.ca\/fr\/"},{"@type":"ListItem","position":2,"name":"Connectez","item":"https:\/\/survivornet.ca\/fr\/reliez-vous\/"},{"@type":"ListItem","position":3,"name":"M\u00e9dias"}]},{"@type":"WebSite","@id":"https:\/\/survivornet.ca\/#website","url":"https:\/\/survivornet.ca\/","name":"Canadian Cancer Survivor Network","description":"The Canadian Cancer Survivor Network was created by a group of Canadians concerned about cancer.","publisher":{"@id":"https:\/\/survivornet.ca\/#organization"},"potentialAction":[{"@type":"SearchAction","target":{"@type":"EntryPoint","urlTemplate":"https:\/\/survivornet.ca\/?s={search_term_string}"},"query-input":{"@type":"PropertyValueSpecification","valueRequired":true,"valueName":"search_term_string"}}],"inLanguage":"fr-FR"},{"@type":"Organization","@id":"https:\/\/survivornet.ca\/#organization","name":"Canadian Cancer Survivor Network","url":"https:\/\/survivornet.ca\/","logo":{"@type":"ImageObject","inLanguage":"fr-FR","@id":"https:\/\/survivornet.ca\/#\/schema\/logo\/image\/","url":"http:\/\/survivornet.ca\/wp-content\/uploads\/2016\/12\/CCSN_Logo_EN_SQUARE.png","contentUrl":"http:\/\/survivornet.ca\/wp-content\/uploads\/2016\/12\/CCSN_Logo_EN_SQUARE.png","width":1209,"height":1007,"caption":"Canadian Cancer Survivor Network"},"image":{"@id":"https:\/\/survivornet.ca\/#\/schema\/logo\/image\/"}}]}},"_links":{"self":[{"href":"https:\/\/survivornet.ca\/fr\/wp-json\/wp\/v2\/pages\/4488","targetHints":{"allow":["GET"]}}],"collection":[{"href":"https:\/\/survivornet.ca\/fr\/wp-json\/wp\/v2\/pages"}],"about":[{"href":"https:\/\/survivornet.ca\/fr\/wp-json\/wp\/v2\/types\/page"}],"author":[{"embeddable":true,"href":"https:\/\/survivornet.ca\/fr\/wp-json\/wp\/v2\/users\/1"}],"replies":[{"embeddable":true,"href":"https:\/\/survivornet.ca\/fr\/wp-json\/wp\/v2\/comments?post=4488"}],"version-history":[{"count":0,"href":"https:\/\/survivornet.ca\/fr\/wp-json\/wp\/v2\/pages\/4488\/revisions"}],"up":[{"embeddable":true,"href":"https:\/\/survivornet.ca\/fr\/wp-json\/wp\/v2\/pages\/4535"}],"wp:attachment":[{"href":"https:\/\/survivornet.ca\/fr\/wp-json\/wp\/v2\/media?parent=4488"}],"curies":[{"name":"wp","href":"https:\/\/api.w.org\/{rel}","templated":true}]}}