{"id":4480,"date":"2017-05-30T19:20:20","date_gmt":"2017-05-30T19:20:20","guid":{"rendered":"https:\/\/survivornet.ca\/?page_id=4480"},"modified":"2021-10-29T16:48:11","modified_gmt":"2021-10-29T20:48:11","slug":"agissez","status":"publish","type":"page","link":"https:\/\/survivornet.ca\/fr\/agissez\/","title":{"rendered":"Agissez"},"content":{"rendered":"<div class=\"wpb-content-wrapper\"><p>[vc_row css=&#8221;.vc_custom_1635534617860{background-image: url(http:\/\/survivornet.ca\/wp-content\/uploads\/2017\/06\/A-seat-at-the-table-Un-siege-a-la-table-1.png?id=22689) !important;background-position: center !important;background-repeat: no-repeat !important;background-size: cover !important;}&#8221;][vc_column width=&#8221;1\/2&#8243;][vc_column_text]https:\/\/survivornet.ca\/fr\/agissez\/un-siege-la-table\/[\/vc_column_text][\/vc_column][vc_column width=&#8221;1\/2&#8243;][vc_row_inner][vc_column_inner][\/vc_column_inner][\/vc_row_inner][\/vc_column][\/vc_row][vc_row css=&#8221;.vc_custom_1635535680402{background-color: #ffffff !important;background-position: center !important;background-repeat: no-repeat !important;background-size: cover !important;}&#8221;][vc_column width=&#8221;1\/2&#8243;][vc_single_image image=&#8221;23698&#8243; img_size=&#8221;500&#215;400&#8243;][vc_separator color=&#8221;green&#8221;][vc_column_text]https:\/\/survivornet.ca\/fr\/agissez\/implication-des-professionnels-de-la-sante\/[\/vc_column_text][\/vc_column][vc_column width=&#8221;1\/2&#8243;][vc_column_text]https:\/\/survivornet.ca\/fr\/agissez\/le-benevolat\/[\/vc_column_text][vc_separator color=&#8221;green&#8221;][vc_column_text]https:\/\/survivornet.ca\/fr\/agissez\/defense-des-interets\/[\/vc_column_text][vc_empty_space height=&#8221;26px&#8221;][\/vc_column][\/vc_row][vc_row css=&#8221;.vc_custom_1635540229272{background: #ffffff url(http:\/\/survivornet.ca\/wp-content\/uploads\/2021\/10\/Nouvelles.png?id=23735) !important;background-position: center !important;background-repeat: no-repeat !important;background-size: cover !important;}&#8221;][vc_column][vc_single_image image=&#8221;23700&#8243; img_size=&#8221;medium&#8221;][vc_empty_space height=&#8221;80px&#8221;][vc_btn title=&#8221;Cliquez-ici&#8221; color=&#8221;green&#8221; size=&#8221;lg&#8221; align=&#8221;center&#8221; link=&#8221;url:https%3A%2F%2Fsurvivornet.ca%2Ffr%2Freliez-vous%2Fnouvelles%2F&#8221;][\/vc_column][\/vc_row][vc_row][vc_column width=&#8221;1\/2&#8243;][vc_column_text]https:\/\/survivornet.ca\/fr\/agissez\/information-financiere-et-ressources\/[\/vc_column_text][vc_column_text]https:\/\/survivornet.ca\/fr\/agissez\/informations-lgbtq\/[\/vc_column_text][vc_row_inner][vc_column_inner][vc_column_text]https:\/\/survivornet.ca\/fr\/agissez\/politique-sur-les-prix-des-medicaments-au-canada\/[\/vc_column_text][\/vc_column_inner][\/vc_row_inner][\/vc_column][vc_column width=&#8221;1\/2&#8243;][vc_column_text]https:\/\/survivornet.ca\/fr\/une-ordonnance-pour-le-canada-lassurance-medicaments-pour-tous\/[\/vc_column_text][vc_toggle title=&#8221;Cliquez-ici&#8221;]Le R\u00e9seau canadien des survivants du cancer (RCSC) travaille \u00e0 relier les patients, les survivants et les autres organisations concern\u00e9es avec les d\u00e9cideurs et la communaut\u00e9 au sens large, afin de les int\u00e9resser \u00e0 des discussions et de mettre en \u0153uvre les meilleures pratiques, fond\u00e9es sur des donn\u00e9es probantes. Il s\u2019agit d\u2019all\u00e9ger les co\u00fbts m\u00e9dicaux, \u00e9motionnels, financiers et sociaux du cancer et d\u2019encourager la recherche sur les moyens de surmonter les obstacles \u00e0 des soins optimaux de cancer et de suivi pour ses victimes au Canada.[\/vc_toggle][vc_column_text]https:\/\/survivornet.ca\/fr\/agissez\/campagnes-electorales\/<\/p>\n<p>&nbsp;[\/vc_column_text][vc_column_text]https:\/\/survivornet.ca\/act\/ccsn-webinar-series\/[\/vc_column_text][\/vc_column][\/vc_row]<\/p>\n<\/div>","protected":false},"excerpt":{"rendered":"<p>[vc_row css=&#8221;.vc_custom_1635534617860{background-image: url(http:\/\/survivornet.ca\/wp-content\/uploads\/2017\/06\/A-seat-at-the-table-Un-siege-a-la-table-1.png?id=22689) !important;background-position: center !important;background-repeat: no-repeat !important;background-size: cover !important;}&#8221;][vc_column width=&#8221;1\/2&#8243;][vc_column_text]https:\/\/survivornet.ca\/fr\/agissez\/un-siege-la-table\/[\/vc_column_text][\/vc_column][vc_column width=&#8221;1\/2&#8243;][vc_row_inner][vc_column_inner][\/vc_column_inner][\/vc_row_inner][\/vc_column][\/vc_row][vc_row css=&#8221;.vc_custom_1635535680402{background-color: #ffffff !important;background-position: center !important;background-repeat: no-repeat !important;background-size: cover !important;}&#8221;][vc_column width=&#8221;1\/2&#8243;][vc_single_image image=&#8221;23698&#8243; img_size=&#8221;500&#215;400&#8243;][vc_separator color=&#8221;green&#8221;][vc_column_text]https:\/\/survivornet.ca\/fr\/agissez\/implication-des-professionnels-de-la-sante\/[\/vc_column_text][\/vc_column][vc_column width=&#8221;1\/2&#8243;][vc_column_text]https:\/\/survivornet.ca\/fr\/agissez\/le-benevolat\/[\/vc_column_text][vc_separator color=&#8221;green&#8221;][vc_column_text]https:\/\/survivornet.ca\/fr\/agissez\/defense-des-interets\/[\/vc_column_text][vc_empty_space height=&#8221;26px&#8221;][\/vc_column][\/vc_row][vc_row css=&#8221;.vc_custom_1635540229272{background: #ffffff url(http:\/\/survivornet.ca\/wp-content\/uploads\/2021\/10\/Nouvelles.png?id=23735) !important;background-position:<\/p>\n","protected":false},"author":1,"featured_media":0,"parent":0,"menu_order":3,"comment_status":"closed","ping_status":"closed","template":"","meta":{"_acf_changed":false,"footnotes":""},"class_list":["post-4480","page","type-page","status-publish","hentry"],"acf":[],"yoast_head":"<!-- This site is optimized with the Yoast SEO plugin v27.4 - https:\/\/yoast.com\/product\/yoast-seo-wordpress\/ -->\n<title>Agissez - Canadian Cancer Survivor Network<\/title>\n<meta name=\"robots\" content=\"index, follow, max-snippet:-1, max-image-preview:large, max-video-preview:-1\" \/>\n<link rel=\"canonical\" href=\"https:\/\/survivornet.ca\/fr\/agissez\/\" \/>\n<meta property=\"og:locale\" content=\"fr_FR\" \/>\n<meta property=\"og:type\" content=\"article\" \/>\n<meta property=\"og:title\" content=\"Agissez - Canadian Cancer Survivor Network\" \/>\n<meta property=\"og:description\" content=\"[vc_row css=&#8221;.vc_custom_1635534617860{background-image: url(http:\/\/survivornet.ca\/wp-content\/uploads\/2017\/06\/A-seat-at-the-table-Un-siege-a-la-table-1.png?id=22689) !important;background-position: center !important;background-repeat: no-repeat !important;background-size: cover !important;}&#8221;][vc_column width=&#8221;1\/2&#8243;][vc_column_text]https:\/\/survivornet.ca\/fr\/agissez\/un-siege-la-table\/[\/vc_column_text][\/vc_column][vc_column width=&#8221;1\/2&#8243;][vc_row_inner][vc_column_inner][\/vc_column_inner][\/vc_row_inner][\/vc_column][\/vc_row][vc_row css=&#8221;.vc_custom_1635535680402{background-color: #ffffff !important;background-position: center !important;background-repeat: no-repeat !important;background-size: cover !important;}&#8221;][vc_column width=&#8221;1\/2&#8243;][vc_single_image image=&#8221;23698&#8243; img_size=&#8221;500&#215;400&#8243;][vc_separator color=&#8221;green&#8221;][vc_column_text]https:\/\/survivornet.ca\/fr\/agissez\/implication-des-professionnels-de-la-sante\/[\/vc_column_text][\/vc_column][vc_column width=&#8221;1\/2&#8243;][vc_column_text]https:\/\/survivornet.ca\/fr\/agissez\/le-benevolat\/[\/vc_column_text][vc_separator color=&#8221;green&#8221;][vc_column_text]https:\/\/survivornet.ca\/fr\/agissez\/defense-des-interets\/[\/vc_column_text][vc_empty_space height=&#8221;26px&#8221;][\/vc_column][\/vc_row][vc_row css=&#8221;.vc_custom_1635540229272{background: #ffffff url(http:\/\/survivornet.ca\/wp-content\/uploads\/2021\/10\/Nouvelles.png?id=23735) !important;background-position:\" \/>\n<meta property=\"og:url\" content=\"https:\/\/survivornet.ca\/fr\/agissez\/\" \/>\n<meta property=\"og:site_name\" content=\"Canadian Cancer Survivor Network\" \/>\n<meta property=\"article:modified_time\" content=\"2021-10-29T20:48:11+00:00\" \/>\n<meta name=\"twitter:card\" content=\"summary_large_image\" \/>\n<meta name=\"twitter:label1\" content=\"Dur\u00e9e de lecture estim\u00e9e\" \/>\n\t<meta name=\"twitter:data1\" content=\"2 minutes\" \/>\n<script type=\"application\/ld+json\" class=\"yoast-schema-graph\">{\"@context\":\"https:\\\/\\\/schema.org\",\"@graph\":[{\"@type\":\"WebPage\",\"@id\":\"https:\\\/\\\/survivornet.ca\\\/fr\\\/agissez\\\/\",\"url\":\"https:\\\/\\\/survivornet.ca\\\/fr\\\/agissez\\\/\",\"name\":\"Agissez - Canadian Cancer Survivor Network\",\"isPartOf\":{\"@id\":\"https:\\\/\\\/survivornet.ca\\\/#website\"},\"datePublished\":\"2017-05-30T19:20:20+00:00\",\"dateModified\":\"2021-10-29T20:48:11+00:00\",\"breadcrumb\":{\"@id\":\"https:\\\/\\\/survivornet.ca\\\/fr\\\/agissez\\\/#breadcrumb\"},\"inLanguage\":\"fr-FR\",\"potentialAction\":[{\"@type\":\"ReadAction\",\"target\":[\"https:\\\/\\\/survivornet.ca\\\/fr\\\/agissez\\\/\"]}]},{\"@type\":\"BreadcrumbList\",\"@id\":\"https:\\\/\\\/survivornet.ca\\\/fr\\\/agissez\\\/#breadcrumb\",\"itemListElement\":[{\"@type\":\"ListItem\",\"position\":1,\"name\":\"Home\",\"item\":\"https:\\\/\\\/survivornet.ca\\\/fr\\\/\"},{\"@type\":\"ListItem\",\"position\":2,\"name\":\"Agissez\"}]},{\"@type\":\"WebSite\",\"@id\":\"https:\\\/\\\/survivornet.ca\\\/#website\",\"url\":\"https:\\\/\\\/survivornet.ca\\\/\",\"name\":\"Canadian Cancer Survivor Network\",\"description\":\"The Canadian Cancer Survivor Network was created by a group of Canadians concerned about cancer.\",\"publisher\":{\"@id\":\"https:\\\/\\\/survivornet.ca\\\/#organization\"},\"potentialAction\":[{\"@type\":\"SearchAction\",\"target\":{\"@type\":\"EntryPoint\",\"urlTemplate\":\"https:\\\/\\\/survivornet.ca\\\/?s={search_term_string}\"},\"query-input\":{\"@type\":\"PropertyValueSpecification\",\"valueRequired\":true,\"valueName\":\"search_term_string\"}}],\"inLanguage\":\"fr-FR\"},{\"@type\":\"Organization\",\"@id\":\"https:\\\/\\\/survivornet.ca\\\/#organization\",\"name\":\"Canadian Cancer Survivor Network\",\"url\":\"https:\\\/\\\/survivornet.ca\\\/\",\"logo\":{\"@type\":\"ImageObject\",\"inLanguage\":\"fr-FR\",\"@id\":\"https:\\\/\\\/survivornet.ca\\\/#\\\/schema\\\/logo\\\/image\\\/\",\"url\":\"http:\\\/\\\/survivornet.ca\\\/wp-content\\\/uploads\\\/2016\\\/12\\\/CCSN_Logo_EN_SQUARE.png\",\"contentUrl\":\"http:\\\/\\\/survivornet.ca\\\/wp-content\\\/uploads\\\/2016\\\/12\\\/CCSN_Logo_EN_SQUARE.png\",\"width\":1209,\"height\":1007,\"caption\":\"Canadian Cancer Survivor Network\"},\"image\":{\"@id\":\"https:\\\/\\\/survivornet.ca\\\/#\\\/schema\\\/logo\\\/image\\\/\"}}]}<\/script>\n<!-- \/ Yoast SEO plugin. -->","yoast_head_json":{"title":"Agissez - Canadian Cancer Survivor Network","robots":{"index":"index","follow":"follow","max-snippet":"max-snippet:-1","max-image-preview":"max-image-preview:large","max-video-preview":"max-video-preview:-1"},"canonical":"https:\/\/survivornet.ca\/fr\/agissez\/","og_locale":"fr_FR","og_type":"article","og_title":"Agissez - Canadian Cancer Survivor Network","og_description":"[vc_row css=&#8221;.vc_custom_1635534617860{background-image: url(http:\/\/survivornet.ca\/wp-content\/uploads\/2017\/06\/A-seat-at-the-table-Un-siege-a-la-table-1.png?id=22689) !important;background-position: center !important;background-repeat: no-repeat !important;background-size: cover !important;}&#8221;][vc_column width=&#8221;1\/2&#8243;][vc_column_text]https:\/\/survivornet.ca\/fr\/agissez\/un-siege-la-table\/[\/vc_column_text][\/vc_column][vc_column width=&#8221;1\/2&#8243;][vc_row_inner][vc_column_inner][\/vc_column_inner][\/vc_row_inner][\/vc_column][\/vc_row][vc_row css=&#8221;.vc_custom_1635535680402{background-color: #ffffff !important;background-position: center !important;background-repeat: no-repeat !important;background-size: cover !important;}&#8221;][vc_column width=&#8221;1\/2&#8243;][vc_single_image image=&#8221;23698&#8243; img_size=&#8221;500&#215;400&#8243;][vc_separator color=&#8221;green&#8221;][vc_column_text]https:\/\/survivornet.ca\/fr\/agissez\/implication-des-professionnels-de-la-sante\/[\/vc_column_text][\/vc_column][vc_column width=&#8221;1\/2&#8243;][vc_column_text]https:\/\/survivornet.ca\/fr\/agissez\/le-benevolat\/[\/vc_column_text][vc_separator color=&#8221;green&#8221;][vc_column_text]https:\/\/survivornet.ca\/fr\/agissez\/defense-des-interets\/[\/vc_column_text][vc_empty_space height=&#8221;26px&#8221;][\/vc_column][\/vc_row][vc_row css=&#8221;.vc_custom_1635540229272{background: #ffffff url(http:\/\/survivornet.ca\/wp-content\/uploads\/2021\/10\/Nouvelles.png?id=23735) !important;background-position:","og_url":"https:\/\/survivornet.ca\/fr\/agissez\/","og_site_name":"Canadian Cancer Survivor Network","article_modified_time":"2021-10-29T20:48:11+00:00","twitter_card":"summary_large_image","twitter_misc":{"Dur\u00e9e de lecture estim\u00e9e":"2 minutes"},"schema":{"@context":"https:\/\/schema.org","@graph":[{"@type":"WebPage","@id":"https:\/\/survivornet.ca\/fr\/agissez\/","url":"https:\/\/survivornet.ca\/fr\/agissez\/","name":"Agissez - Canadian Cancer Survivor Network","isPartOf":{"@id":"https:\/\/survivornet.ca\/#website"},"datePublished":"2017-05-30T19:20:20+00:00","dateModified":"2021-10-29T20:48:11+00:00","breadcrumb":{"@id":"https:\/\/survivornet.ca\/fr\/agissez\/#breadcrumb"},"inLanguage":"fr-FR","potentialAction":[{"@type":"ReadAction","target":["https:\/\/survivornet.ca\/fr\/agissez\/"]}]},{"@type":"BreadcrumbList","@id":"https:\/\/survivornet.ca\/fr\/agissez\/#breadcrumb","itemListElement":[{"@type":"ListItem","position":1,"name":"Home","item":"https:\/\/survivornet.ca\/fr\/"},{"@type":"ListItem","position":2,"name":"Agissez"}]},{"@type":"WebSite","@id":"https:\/\/survivornet.ca\/#website","url":"https:\/\/survivornet.ca\/","name":"Canadian Cancer Survivor Network","description":"The Canadian Cancer Survivor Network was created by a group of Canadians concerned about cancer.","publisher":{"@id":"https:\/\/survivornet.ca\/#organization"},"potentialAction":[{"@type":"SearchAction","target":{"@type":"EntryPoint","urlTemplate":"https:\/\/survivornet.ca\/?s={search_term_string}"},"query-input":{"@type":"PropertyValueSpecification","valueRequired":true,"valueName":"search_term_string"}}],"inLanguage":"fr-FR"},{"@type":"Organization","@id":"https:\/\/survivornet.ca\/#organization","name":"Canadian Cancer Survivor Network","url":"https:\/\/survivornet.ca\/","logo":{"@type":"ImageObject","inLanguage":"fr-FR","@id":"https:\/\/survivornet.ca\/#\/schema\/logo\/image\/","url":"http:\/\/survivornet.ca\/wp-content\/uploads\/2016\/12\/CCSN_Logo_EN_SQUARE.png","contentUrl":"http:\/\/survivornet.ca\/wp-content\/uploads\/2016\/12\/CCSN_Logo_EN_SQUARE.png","width":1209,"height":1007,"caption":"Canadian Cancer Survivor Network"},"image":{"@id":"https:\/\/survivornet.ca\/#\/schema\/logo\/image\/"}}]}},"_links":{"self":[{"href":"https:\/\/survivornet.ca\/fr\/wp-json\/wp\/v2\/pages\/4480","targetHints":{"allow":["GET"]}}],"collection":[{"href":"https:\/\/survivornet.ca\/fr\/wp-json\/wp\/v2\/pages"}],"about":[{"href":"https:\/\/survivornet.ca\/fr\/wp-json\/wp\/v2\/types\/page"}],"author":[{"embeddable":true,"href":"https:\/\/survivornet.ca\/fr\/wp-json\/wp\/v2\/users\/1"}],"replies":[{"embeddable":true,"href":"https:\/\/survivornet.ca\/fr\/wp-json\/wp\/v2\/comments?post=4480"}],"version-history":[{"count":0,"href":"https:\/\/survivornet.ca\/fr\/wp-json\/wp\/v2\/pages\/4480\/revisions"}],"wp:attachment":[{"href":"https:\/\/survivornet.ca\/fr\/wp-json\/wp\/v2\/media?parent=4480"}],"curies":[{"name":"wp","href":"https:\/\/api.w.org\/{rel}","templated":true}]}}