{"id":31667,"date":"2021-10-07T09:52:50","date_gmt":"2021-10-07T13:52:50","guid":{"rendered":"https:\/\/survivornet.ca\/apprenez\/cancer-months\/"},"modified":"2025-04-15T16:29:13","modified_gmt":"2025-04-15T20:29:13","slug":"cancer-months","status":"publish","type":"page","link":"https:\/\/survivornet.ca\/fr\/apprenez\/cancer-months\/","title":{"rendered":"Cancer Months"},"content":{"rendered":"<div class=\"wpb-content-wrapper\"><p>[vc_row][vc_column offset=&#8221;vc_col-lg-8 vc_col-md-12&#8243;][vc_column_text]Cette page web \u00e9num\u00e8re les mois et les journ\u00e9es th\u00e9matiques portant sur le cancer et certains enjeux connexes. Tandis que certaines dates restent toujours les m\u00eames, d\u2019autres changent \u00e0 chaque ann\u00e9e. Consultez la liste p\u00e9riodiquement afin de prendre conscience des mises \u00e0 jour les plus r\u00e9centes.[\/vc_column_text][vc_tta_accordion active_section=&#8221;99&#8243;][vc_tta_section title=&#8221;January&#8221; tab_id=&#8221;1742238941089-7eadcec3-4fca&#8221;][vc_column_text]Cervical Cancer Awareness Month<\/p>\n<p>Fire Fighter Cancer Awareness Month<\/p>\n<p>National Non-Smoking Week (Jan. 21 &#8211; 27)<\/p>\n<p>International Mind-Body Wellness Day (January 3)<\/p>\n<p>World Lichen Sclerosus and Vulvar Cancer Awareness Day (January 17)<\/p>\n<p>International Integrative Health Day (January 23)<\/p>\n<p>Bell Let\u2019s Talk Day (January 24)<\/p>\n<p>[\/vc_column_text][\/vc_tta_section][vc_tta_section title=&#8221;February&#8221; tab_id=&#8221;1742238941095-44685ab0-d76f&#8221;][vc_column_text]National Cancer Prevention Month (United States)<\/p>\n<p>Gallbladder\/Bile Duct Cancer Awareness Month<\/p>\n<p>Heart Month<\/p>\n<p>World Cancer Day (February 4)<\/p>\n<p>World Day of the Sick (February 11)<\/p>\n<p>International Childhood Cancer Day (Feb. 15)<\/p>\n<p>World Cholangiocarcinoma Day (February 15)<\/p>\n<p>Let&#8217;s All Eat Right Day (February 25)<\/p>\n<p>Rare Disease Day (February 29)[\/vc_column_text][\/vc_tta_section][vc_tta_section title=&#8221;March&#8221; tab_id=&#8221;1742242620591-1b7d9f24-85f7&#8243;][vc_column_text]Colorectal Cancer Awareness Month<\/p>\n<p>National Kidney Cancer Awareness Month<\/p>\n<p>Multiple Myeloma Cancer Awareness Month<\/p>\n<p>Deep Vein Thrombosis Awareness Month<\/p>\n<p>Nutrition Month<\/p>\n<p>Triple Negative Breast Cancer (TNBC) Awareness Day (March 03)<\/p>\n<p>International HPV Awareness Day (March 4)<\/p>\n<p>World Lymphedema Day (March 6)<\/p>\n<p>International Women&#8217;s Day (March 8)<\/p>\n<p>No Smoking Day (March 13)<\/p>\n<p>World Kidney Day (March 14)<\/p>\n<p>Internat. Long COVID Awareness Day (March 15)<\/p>\n<p>Anal Cancer Awareness Day (March 21)<\/p>\n<p>International Myeloma Action Day (March 30)[\/vc_column_text][\/vc_tta_section][vc_tta_section title=&#8221;April&#8221; tab_id=&#8221;1742242744785-021c11f8-7cc2&#8243;][vc_column_text]National Cancer Control Month<\/p>\n<p>World Testicular Cancer Awareness Month<\/p>\n<p>World Esophageal Cancer Awareness Month<\/p>\n<p>World Head &amp; Neck Cancer Awareness Month<\/p>\n<p>Global Adolescent &amp; Young Adult Cancer Awareness Week (1<sup>st<\/sup> week of April)<\/p>\n<p>National Volunteer Week (April 14 &#8211; 20)<\/p>\n<p>National Immunization Awareness Week (April 23 \u2013 30)<\/p>\n<p>National Organ &amp; Tissue Donation Awareness Week\u00a0(April 21 to 27)<\/p>\n<p>National Oncology Nursing Day (April 4)<\/p>\n<p>World Health Day (April 7)<\/p>\n<p>World Hemophilia Day (April 17)<\/p>\n<p>World Liver Day (April 19)<\/p>\n<p>Earth Day (April 22)<\/p>\n<p>National Day of Mourning (April 28)<\/p>\n<p>International Day of Immunology (April 29)<\/p>\n<p>World Healing Day (April 27)<\/p>\n<p>[\/vc_column_text][\/vc_tta_section][vc_tta_section title=&#8221;May&#8221; tab_id=&#8221;1742242833671-73d33409-396d&#8221;][vc_column_text]Bladder Cancer Awareness Month<\/p>\n<p>Brain Tumour Awareness Month<\/p>\n<p>National Sun Awareness Month<\/p>\n<p>Melanoma &amp; Skin Cancer Awareness Month<\/p>\n<p>Mental Health Week (May 6 to 10)<\/p>\n<p>National Hospice Palliative Care Week (May 7 &#8211; 13)<\/p>\n<p>National Nursing Week (May 6 to 12)<\/p>\n<p>Paramedic Services Week (May 19 to 25)<\/p>\n<p>Int. Thyroid Awareness Week (May 25 \u2013 31)<\/p>\n<p>National Physicians\u2019 Day (May 1)<\/p>\n<p>World Melanoma Day (May 6)<\/p>\n<p>Patient Empathy Day (May 1)<\/p>\n<p>Bladder Cancer Awareness Day (May 7)<\/p>\n<p>Check Your Skin Day (May 8)<\/p>\n<p>World Ovarian Cancer Day (May 8)<\/p>\n<p>Move for Health Day (May 10)<\/p>\n<p>International Nurses Day (May 12)<\/p>\n<p>International Clinical Trials Day (May 20)<\/p>\n<p>Global Surgery Day (May 25)<\/p>\n<p>World Thyroid Day (May 25)<\/p>\n<p>World Blood Cancer Day (May 28)<\/p>\n<p>Int. Day of Action for Women&#8217;s Health (May 28)<\/p>\n<p>World Digestive Health Day (May 29)<\/p>\n<p>World No-Tobacco Day (May 31)[\/vc_column_text][\/vc_tta_section][vc_tta_section title=&#8221;June&#8221; tab_id=&#8221;1742242872971-0d1fc66a-e564&#8243;][vc_column_text]Canadian Men\u2019s Health Month<\/p>\n<p>Men\u2019s Health Week (June 12 \u2013 18)<\/p>\n<p>National Health and Fitness Day (Jun 1)<\/p>\n<p>National Cancer Survivors Day (June 2)<\/p>\n<p>World Environment Day (June 5)<\/p>\n<p>World Transplant Day (June 6)<\/p>\n<p>World Brain Tumour Awareness Day (June 8)<\/p>\n<p>Global Wellness Day (June 8)<\/p>\n<p>World Blood Donor Day (June 14)<\/p>\n<p>World Kidney Cancer Day (June 20)<\/p>\n<p>National Indigenous Peoples Day (June 21)<\/p>\n<p><a href=\"https:\/\/wicwc.com\/\">Nat. Cancer Wellness Awareness Day<\/a>\u00a0(June 26)[\/vc_column_text][\/vc_tta_section][vc_tta_section title=&#8221;July&#8221; tab_id=&#8221;1742242896027-615bd68b-3a69&#8243;][vc_column_text]Sarcoma \/ Bone Cancer Awareness Month<\/p>\n<p>National Stay Out of the Sun Day (July 3)<\/p>\n<p>World Shuvit Cancer Day (July 10)<\/p>\n<p>GIST Awareness Day (July 13)<\/p>\n<p>Glioblastoma Awareness Day (July 17)<\/p>\n<p>International Self-Care Day (July 24)<\/p>\n<p>World Head &amp; Neck Cancer Day (July 27)<\/p>\n<p>World Hepatitis Day (July 28)[\/vc_column_text][\/vc_tta_section][vc_tta_section title=&#8221;August&#8221; tab_id=&#8221;1742242965644-4a2f673e-67ae&#8221;][vc_column_text]World Lung Cancer Day (August 1)<\/p>\n<p>Annual Medical Checkup Day (August 11)<\/p>\n<p>International Youth Day (August 12)<\/p>\n<p>World Organ Donation Day (August 13)<\/p>\n<p>World Breast Cancer Research Day (August 18)<\/p>\n<p>World Humanitarian Day (August 19)[\/vc_column_text][\/vc_tta_section][vc_tta_section title=&#8221;September&#8221; tab_id=&#8221;1742243003652-54988ed4-a1ca&#8221;][vc_column_text]Ovarian Cancer Awareness Month<\/p>\n<p>Prostate Cancer Awareness Month<\/p>\n<p>Childhood Cancer Awareness Month<\/p>\n<p>Leukemia &amp; Lymphoma Awareness Month<\/p>\n<p>World Leukemia Day (September 4)<\/p>\n<p>World Lymphoma Awareness Day (September 15)<\/p>\n<p>World Gynecologic Oncology Day (September 20)<\/p>\n<p>International Day of Peace (September 21)<\/p>\n<p>World Rose Day (September 22)<\/p>\n<p>World Cancer Research Day (September 24)<\/p>\n<p>Gallbladder Good Health Day (September 24)<\/p>\n<p>World Lung Day (September 25)<\/p>\n<p>Mesothelioma Awareness Day (September 26)<\/p>\n<p>World Environmental Health Day (September 26)<\/p>\n<p>World Heart Day (September 29)<\/p>\n<p>International Recovery Day (September 30)<\/p>\n<p>World Metastatic Colorectal Cancer Day (September 30)[\/vc_column_text][\/vc_tta_section][vc_tta_section title=&#8221;October&#8221; tab_id=&#8221;1742243051296-a24a68ae-c98b&#8221;][vc_column_text]World Breast Cancer Awareness Month<\/p>\n<p><em>Nat. Cervical Cancer Awareness Week (Oct. 24-30)<\/em><\/p>\n<p>Canadian Patient Safety Week (October 23 \u2013 27)*<\/p>\n<p>World Mental Health Day (October 10)<\/p>\n<p>National Children\u2019s Hospice Palliative Care Day (October 10)<\/p>\n<p>World Thrombosis Awareness Day (October 13)<\/p>\n<p>Metastatic Breast Cancer Awareness Day (Oct. 13)<\/p>\n<p>\u201cBra Day\u201d Breast Reconstruction Awareness Day (October 13)<\/p>\n<p>World Hospice and Palliative Care Day (Oct. 12)<\/p>\n<p>Breast Health Day (October 15)<\/p>\n<p>International Day Against Breast Cancer (Oct. 19)<\/p>\n<p>Brain Cancer Awareness Day (October 24)[\/vc_column_text][\/vc_tta_section][vc_tta_section title=&#8221;November&#8221; tab_id=&#8221;1742243052753-4dfae29d-f2eb&#8221;][vc_column_text]Lung Cancer Awareness Month<\/p>\n<p>Carcinoid Cancer Awareness Month<\/p>\n<p>Pancreatic Cancer Awareness Month<\/p>\n<p>Movember Canada \u2013 Prostate Cancer Awareness Month<\/p>\n<p>Radon Action Month<\/p>\n<p>International Brain Tumour Awareness Week (Oct. 26 \u2013 Nov. 2)<\/p>\n<p>International Stress Awareness Day (November 6)<\/p>\n<p>World Neuroendocrine Cancer Day (November 10)<\/p>\n<p>World Pancreatic Cancer Day (November 21)<\/p>\n<p>International Men\u2019s Day (November 19)<\/p>\n<p>National Child Day (November 20)<\/p>\n<p>Stomach Cancer Awareness Day (November 30)[\/vc_column_text][\/vc_tta_section][vc_tta_section title=&#8221;December&#8221; tab_id=&#8221;1742243136436-953866c7-d089&#8243;][vc_column_text]World AIDS Day (December 1)<\/p>\n<p>Women\u2019s Brain Health Day (December 2)<\/p>\n<p>Inter. Day of Persons with Disabilities (Dec. 3)<\/p>\n<p>International Volunteer Day (December 5)<\/p>\n<p>Human Rights Day (December 10)<\/p>\n<p>International Universal Health Coverage Day (December 12)<\/p>\n<p>International Day of Epidemic Preparedness (December 27)[\/vc_column_text][\/vc_tta_section][\/vc_tta_accordion][\/vc_column][\/vc_row]<\/p>\n<\/div>","protected":false},"excerpt":{"rendered":"<p>[vc_row][vc_column offset=&#8221;vc_col-lg-8 vc_col-md-12&#8243;][vc_column_text]Cette page web \u00e9num\u00e8re les mois et les journ\u00e9es th\u00e9matiques portant sur le cancer et certains enjeux connexes. Tandis que certaines dates restent toujours les m\u00eames, d\u2019autres changent \u00e0 chaque<\/p>\n","protected":false},"author":2,"featured_media":0,"parent":4511,"menu_order":80,"comment_status":"closed","ping_status":"closed","template":"","meta":{"_acf_changed":false,"footnotes":""},"class_list":["post-31667","page","type-page","status-publish","hentry"],"acf":[],"yoast_head":"<!-- This site is optimized with the Yoast SEO plugin v27.4 - https:\/\/yoast.com\/product\/yoast-seo-wordpress\/ -->\n<title>Cancer Months - Canadian Cancer Survivor Network<\/title>\n<meta name=\"robots\" content=\"index, follow, max-snippet:-1, max-image-preview:large, max-video-preview:-1\" \/>\n<link rel=\"canonical\" href=\"https:\/\/survivornet.ca\/fr\/apprenez\/cancer-months\/\" \/>\n<meta property=\"og:locale\" content=\"fr_FR\" \/>\n<meta property=\"og:type\" content=\"article\" \/>\n<meta property=\"og:title\" content=\"Cancer Months - Canadian Cancer Survivor Network\" \/>\n<meta property=\"og:description\" content=\"[vc_row][vc_column offset=&#8221;vc_col-lg-8 vc_col-md-12&#8243;][vc_column_text]Cette page web \u00e9num\u00e8re les mois et les journ\u00e9es th\u00e9matiques portant sur le cancer et certains enjeux connexes. Tandis que certaines dates restent toujours les m\u00eames, d\u2019autres changent \u00e0 chaque\" \/>\n<meta property=\"og:url\" content=\"https:\/\/survivornet.ca\/fr\/apprenez\/cancer-months\/\" \/>\n<meta property=\"og:site_name\" content=\"Canadian Cancer Survivor Network\" \/>\n<meta property=\"article:modified_time\" content=\"2025-04-15T20:29:13+00:00\" \/>\n<meta name=\"twitter:card\" content=\"summary_large_image\" \/>\n<meta name=\"twitter:label1\" content=\"Dur\u00e9e de lecture estim\u00e9e\" \/>\n\t<meta name=\"twitter:data1\" content=\"4 minutes\" \/>\n<script type=\"application\/ld+json\" class=\"yoast-schema-graph\">{\"@context\":\"https:\\\/\\\/schema.org\",\"@graph\":[{\"@type\":\"WebPage\",\"@id\":\"https:\\\/\\\/survivornet.ca\\\/fr\\\/apprenez\\\/cancer-months\\\/\",\"url\":\"https:\\\/\\\/survivornet.ca\\\/fr\\\/apprenez\\\/cancer-months\\\/\",\"name\":\"Cancer Months - Canadian Cancer Survivor Network\",\"isPartOf\":{\"@id\":\"https:\\\/\\\/survivornet.ca\\\/#website\"},\"datePublished\":\"2021-10-07T13:52:50+00:00\",\"dateModified\":\"2025-04-15T20:29:13+00:00\",\"breadcrumb\":{\"@id\":\"https:\\\/\\\/survivornet.ca\\\/fr\\\/apprenez\\\/cancer-months\\\/#breadcrumb\"},\"inLanguage\":\"fr-FR\",\"potentialAction\":[{\"@type\":\"ReadAction\",\"target\":[\"https:\\\/\\\/survivornet.ca\\\/fr\\\/apprenez\\\/cancer-months\\\/\"]}]},{\"@type\":\"BreadcrumbList\",\"@id\":\"https:\\\/\\\/survivornet.ca\\\/fr\\\/apprenez\\\/cancer-months\\\/#breadcrumb\",\"itemListElement\":[{\"@type\":\"ListItem\",\"position\":1,\"name\":\"Home\",\"item\":\"https:\\\/\\\/survivornet.ca\\\/fr\\\/\"},{\"@type\":\"ListItem\",\"position\":2,\"name\":\"Apprenez\",\"item\":\"https:\\\/\\\/survivornet.ca\\\/fr\\\/apprenez\\\/\"},{\"@type\":\"ListItem\",\"position\":3,\"name\":\"Cancer Months\"}]},{\"@type\":\"WebSite\",\"@id\":\"https:\\\/\\\/survivornet.ca\\\/#website\",\"url\":\"https:\\\/\\\/survivornet.ca\\\/\",\"name\":\"Canadian Cancer Survivor Network\",\"description\":\"The Canadian Cancer Survivor Network was created by a group of Canadians concerned about cancer.\",\"publisher\":{\"@id\":\"https:\\\/\\\/survivornet.ca\\\/#organization\"},\"potentialAction\":[{\"@type\":\"SearchAction\",\"target\":{\"@type\":\"EntryPoint\",\"urlTemplate\":\"https:\\\/\\\/survivornet.ca\\\/?s={search_term_string}\"},\"query-input\":{\"@type\":\"PropertyValueSpecification\",\"valueRequired\":true,\"valueName\":\"search_term_string\"}}],\"inLanguage\":\"fr-FR\"},{\"@type\":\"Organization\",\"@id\":\"https:\\\/\\\/survivornet.ca\\\/#organization\",\"name\":\"Canadian Cancer Survivor Network\",\"url\":\"https:\\\/\\\/survivornet.ca\\\/\",\"logo\":{\"@type\":\"ImageObject\",\"inLanguage\":\"fr-FR\",\"@id\":\"https:\\\/\\\/survivornet.ca\\\/#\\\/schema\\\/logo\\\/image\\\/\",\"url\":\"http:\\\/\\\/survivornet.ca\\\/wp-content\\\/uploads\\\/2016\\\/12\\\/CCSN_Logo_EN_SQUARE.png\",\"contentUrl\":\"http:\\\/\\\/survivornet.ca\\\/wp-content\\\/uploads\\\/2016\\\/12\\\/CCSN_Logo_EN_SQUARE.png\",\"width\":1209,\"height\":1007,\"caption\":\"Canadian Cancer Survivor Network\"},\"image\":{\"@id\":\"https:\\\/\\\/survivornet.ca\\\/#\\\/schema\\\/logo\\\/image\\\/\"}}]}<\/script>\n<!-- \/ Yoast SEO plugin. -->","yoast_head_json":{"title":"Cancer Months - Canadian Cancer Survivor Network","robots":{"index":"index","follow":"follow","max-snippet":"max-snippet:-1","max-image-preview":"max-image-preview:large","max-video-preview":"max-video-preview:-1"},"canonical":"https:\/\/survivornet.ca\/fr\/apprenez\/cancer-months\/","og_locale":"fr_FR","og_type":"article","og_title":"Cancer Months - Canadian Cancer Survivor Network","og_description":"[vc_row][vc_column offset=&#8221;vc_col-lg-8 vc_col-md-12&#8243;][vc_column_text]Cette page web \u00e9num\u00e8re les mois et les journ\u00e9es th\u00e9matiques portant sur le cancer et certains enjeux connexes. Tandis que certaines dates restent toujours les m\u00eames, d\u2019autres changent \u00e0 chaque","og_url":"https:\/\/survivornet.ca\/fr\/apprenez\/cancer-months\/","og_site_name":"Canadian Cancer Survivor Network","article_modified_time":"2025-04-15T20:29:13+00:00","twitter_card":"summary_large_image","twitter_misc":{"Dur\u00e9e de lecture estim\u00e9e":"4 minutes"},"schema":{"@context":"https:\/\/schema.org","@graph":[{"@type":"WebPage","@id":"https:\/\/survivornet.ca\/fr\/apprenez\/cancer-months\/","url":"https:\/\/survivornet.ca\/fr\/apprenez\/cancer-months\/","name":"Cancer Months - Canadian Cancer Survivor Network","isPartOf":{"@id":"https:\/\/survivornet.ca\/#website"},"datePublished":"2021-10-07T13:52:50+00:00","dateModified":"2025-04-15T20:29:13+00:00","breadcrumb":{"@id":"https:\/\/survivornet.ca\/fr\/apprenez\/cancer-months\/#breadcrumb"},"inLanguage":"fr-FR","potentialAction":[{"@type":"ReadAction","target":["https:\/\/survivornet.ca\/fr\/apprenez\/cancer-months\/"]}]},{"@type":"BreadcrumbList","@id":"https:\/\/survivornet.ca\/fr\/apprenez\/cancer-months\/#breadcrumb","itemListElement":[{"@type":"ListItem","position":1,"name":"Home","item":"https:\/\/survivornet.ca\/fr\/"},{"@type":"ListItem","position":2,"name":"Apprenez","item":"https:\/\/survivornet.ca\/fr\/apprenez\/"},{"@type":"ListItem","position":3,"name":"Cancer Months"}]},{"@type":"WebSite","@id":"https:\/\/survivornet.ca\/#website","url":"https:\/\/survivornet.ca\/","name":"Canadian Cancer Survivor Network","description":"The Canadian Cancer Survivor Network was created by a group of Canadians concerned about cancer.","publisher":{"@id":"https:\/\/survivornet.ca\/#organization"},"potentialAction":[{"@type":"SearchAction","target":{"@type":"EntryPoint","urlTemplate":"https:\/\/survivornet.ca\/?s={search_term_string}"},"query-input":{"@type":"PropertyValueSpecification","valueRequired":true,"valueName":"search_term_string"}}],"inLanguage":"fr-FR"},{"@type":"Organization","@id":"https:\/\/survivornet.ca\/#organization","name":"Canadian Cancer Survivor Network","url":"https:\/\/survivornet.ca\/","logo":{"@type":"ImageObject","inLanguage":"fr-FR","@id":"https:\/\/survivornet.ca\/#\/schema\/logo\/image\/","url":"http:\/\/survivornet.ca\/wp-content\/uploads\/2016\/12\/CCSN_Logo_EN_SQUARE.png","contentUrl":"http:\/\/survivornet.ca\/wp-content\/uploads\/2016\/12\/CCSN_Logo_EN_SQUARE.png","width":1209,"height":1007,"caption":"Canadian Cancer Survivor Network"},"image":{"@id":"https:\/\/survivornet.ca\/#\/schema\/logo\/image\/"}}]}},"_links":{"self":[{"href":"https:\/\/survivornet.ca\/fr\/wp-json\/wp\/v2\/pages\/31667","targetHints":{"allow":["GET"]}}],"collection":[{"href":"https:\/\/survivornet.ca\/fr\/wp-json\/wp\/v2\/pages"}],"about":[{"href":"https:\/\/survivornet.ca\/fr\/wp-json\/wp\/v2\/types\/page"}],"author":[{"embeddable":true,"href":"https:\/\/survivornet.ca\/fr\/wp-json\/wp\/v2\/users\/2"}],"replies":[{"embeddable":true,"href":"https:\/\/survivornet.ca\/fr\/wp-json\/wp\/v2\/comments?post=31667"}],"version-history":[{"count":2,"href":"https:\/\/survivornet.ca\/fr\/wp-json\/wp\/v2\/pages\/31667\/revisions"}],"predecessor-version":[{"id":31670,"href":"https:\/\/survivornet.ca\/fr\/wp-json\/wp\/v2\/pages\/31667\/revisions\/31670"}],"up":[{"embeddable":true,"href":"https:\/\/survivornet.ca\/fr\/wp-json\/wp\/v2\/pages\/4511"}],"wp:attachment":[{"href":"https:\/\/survivornet.ca\/fr\/wp-json\/wp\/v2\/media?parent=31667"}],"curies":[{"name":"wp","href":"https:\/\/api.w.org\/{rel}","templated":true}]}}