{"id":31609,"date":"2025-04-09T17:32:34","date_gmt":"2025-04-09T21:32:34","guid":{"rendered":"https:\/\/survivornet.ca\/?page_id=31609"},"modified":"2025-04-09T17:32:34","modified_gmt":"2025-04-09T21:32:34","slug":"partenaires-et-coalitions","status":"publish","type":"page","link":"https:\/\/survivornet.ca\/fr\/reliez-vous\/partenaires-et-coalitions\/","title":{"rendered":"Partenaires et Coalitions"},"content":{"rendered":"<div class=\"wpb-content-wrapper\"><p>[vc_row][vc_column][vc_column_text]Le R\u00e9seau canadien des survivants du cancer\u00a0accueille favorablement les partenariats avec des organisations d\u00e9di\u00e9es \u00e0 des types de cancers sp\u00e9cifiques, des organisations de soins de sant\u00e9, des groupes de soutien pour le cancer, des institutions de recherche, et des partenaires de fondations et d\u2019entreprises qui s\u2019int\u00e9ressent aux soins optimaux pour les patients et aux soins ax\u00e9s sur les patients.<\/p>\n<p>Pour discuter de partenariat avec le RCSC, veuillez contacter\u00a0<a href=\"mailto:jmanthorne@survivornet.ca\" target=\"_blank\" rel=\"noopener noreferrer\">jmanthorne@survivornet.ca<\/a>.<br \/>\n[\/vc_column_text][\/vc_column][\/vc_row]<\/p>\n<\/div>","protected":false},"excerpt":{"rendered":"<p>[vc_row][vc_column][vc_column_text]Le R\u00e9seau canadien des survivants du cancer\u00a0accueille favorablement les partenariats avec des organisations d\u00e9di\u00e9es \u00e0 des types de cancers sp\u00e9cifiques, des organisations de soins de sant\u00e9, des groupes de soutien pour le<\/p>\n","protected":false},"author":522,"featured_media":0,"parent":4535,"menu_order":100,"comment_status":"closed","ping_status":"closed","template":"template-childgrid.php","meta":{"_acf_changed":false,"footnotes":""},"class_list":["post-31609","page","type-page","status-publish","hentry"],"acf":[],"yoast_head":"<!-- This site is optimized with the Yoast SEO plugin v27.4 - https:\/\/yoast.com\/product\/yoast-seo-wordpress\/ -->\n<title>Partenaires et Coalitions - Canadian Cancer Survivor Network<\/title>\n<meta name=\"robots\" content=\"index, follow, max-snippet:-1, max-image-preview:large, max-video-preview:-1\" \/>\n<link rel=\"canonical\" href=\"https:\/\/survivornet.ca\/fr\/reliez-vous\/partenaires-et-coalitions\/\" \/>\n<meta property=\"og:locale\" content=\"fr_FR\" \/>\n<meta property=\"og:type\" content=\"article\" \/>\n<meta property=\"og:title\" content=\"Partenaires et Coalitions - Canadian Cancer Survivor Network\" \/>\n<meta property=\"og:description\" content=\"[vc_row][vc_column][vc_column_text]Le R\u00e9seau canadien des survivants du cancer\u00a0accueille favorablement les partenariats avec des organisations d\u00e9di\u00e9es \u00e0 des types de cancers sp\u00e9cifiques, des organisations de soins de sant\u00e9, des groupes de soutien pour le\" \/>\n<meta property=\"og:url\" content=\"https:\/\/survivornet.ca\/fr\/reliez-vous\/partenaires-et-coalitions\/\" \/>\n<meta property=\"og:site_name\" content=\"Canadian Cancer Survivor Network\" \/>\n<meta name=\"twitter:card\" content=\"summary_large_image\" \/>\n<meta name=\"twitter:label1\" content=\"Dur\u00e9e de lecture estim\u00e9e\" \/>\n\t<meta name=\"twitter:data1\" content=\"1 minute\" \/>\n<script type=\"application\/ld+json\" class=\"yoast-schema-graph\">{\"@context\":\"https:\\\/\\\/schema.org\",\"@graph\":[{\"@type\":\"WebPage\",\"@id\":\"https:\\\/\\\/survivornet.ca\\\/fr\\\/reliez-vous\\\/partenaires-et-coalitions\\\/\",\"url\":\"https:\\\/\\\/survivornet.ca\\\/fr\\\/reliez-vous\\\/partenaires-et-coalitions\\\/\",\"name\":\"Partenaires et Coalitions - Canadian Cancer Survivor Network\",\"isPartOf\":{\"@id\":\"https:\\\/\\\/survivornet.ca\\\/#website\"},\"datePublished\":\"2025-04-09T21:32:34+00:00\",\"breadcrumb\":{\"@id\":\"https:\\\/\\\/survivornet.ca\\\/fr\\\/reliez-vous\\\/partenaires-et-coalitions\\\/#breadcrumb\"},\"inLanguage\":\"fr-FR\",\"potentialAction\":[{\"@type\":\"ReadAction\",\"target\":[\"https:\\\/\\\/survivornet.ca\\\/fr\\\/reliez-vous\\\/partenaires-et-coalitions\\\/\"]}]},{\"@type\":\"BreadcrumbList\",\"@id\":\"https:\\\/\\\/survivornet.ca\\\/fr\\\/reliez-vous\\\/partenaires-et-coalitions\\\/#breadcrumb\",\"itemListElement\":[{\"@type\":\"ListItem\",\"position\":1,\"name\":\"Home\",\"item\":\"https:\\\/\\\/survivornet.ca\\\/fr\\\/\"},{\"@type\":\"ListItem\",\"position\":2,\"name\":\"Connectez\",\"item\":\"https:\\\/\\\/survivornet.ca\\\/fr\\\/reliez-vous\\\/\"},{\"@type\":\"ListItem\",\"position\":3,\"name\":\"Partenaires et Coalitions\"}]},{\"@type\":\"WebSite\",\"@id\":\"https:\\\/\\\/survivornet.ca\\\/#website\",\"url\":\"https:\\\/\\\/survivornet.ca\\\/\",\"name\":\"Canadian Cancer Survivor Network\",\"description\":\"The Canadian Cancer Survivor Network was created by a group of Canadians concerned about cancer.\",\"publisher\":{\"@id\":\"https:\\\/\\\/survivornet.ca\\\/#organization\"},\"potentialAction\":[{\"@type\":\"SearchAction\",\"target\":{\"@type\":\"EntryPoint\",\"urlTemplate\":\"https:\\\/\\\/survivornet.ca\\\/?s={search_term_string}\"},\"query-input\":{\"@type\":\"PropertyValueSpecification\",\"valueRequired\":true,\"valueName\":\"search_term_string\"}}],\"inLanguage\":\"fr-FR\"},{\"@type\":\"Organization\",\"@id\":\"https:\\\/\\\/survivornet.ca\\\/#organization\",\"name\":\"Canadian Cancer Survivor Network\",\"url\":\"https:\\\/\\\/survivornet.ca\\\/\",\"logo\":{\"@type\":\"ImageObject\",\"inLanguage\":\"fr-FR\",\"@id\":\"https:\\\/\\\/survivornet.ca\\\/#\\\/schema\\\/logo\\\/image\\\/\",\"url\":\"http:\\\/\\\/survivornet.ca\\\/wp-content\\\/uploads\\\/2016\\\/12\\\/CCSN_Logo_EN_SQUARE.png\",\"contentUrl\":\"http:\\\/\\\/survivornet.ca\\\/wp-content\\\/uploads\\\/2016\\\/12\\\/CCSN_Logo_EN_SQUARE.png\",\"width\":1209,\"height\":1007,\"caption\":\"Canadian Cancer Survivor Network\"},\"image\":{\"@id\":\"https:\\\/\\\/survivornet.ca\\\/#\\\/schema\\\/logo\\\/image\\\/\"}}]}<\/script>\n<!-- \/ Yoast SEO plugin. -->","yoast_head_json":{"title":"Partenaires et Coalitions - Canadian Cancer Survivor Network","robots":{"index":"index","follow":"follow","max-snippet":"max-snippet:-1","max-image-preview":"max-image-preview:large","max-video-preview":"max-video-preview:-1"},"canonical":"https:\/\/survivornet.ca\/fr\/reliez-vous\/partenaires-et-coalitions\/","og_locale":"fr_FR","og_type":"article","og_title":"Partenaires et Coalitions - Canadian Cancer Survivor Network","og_description":"[vc_row][vc_column][vc_column_text]Le R\u00e9seau canadien des survivants du cancer\u00a0accueille favorablement les partenariats avec des organisations d\u00e9di\u00e9es \u00e0 des types de cancers sp\u00e9cifiques, des organisations de soins de sant\u00e9, des groupes de soutien pour le","og_url":"https:\/\/survivornet.ca\/fr\/reliez-vous\/partenaires-et-coalitions\/","og_site_name":"Canadian Cancer Survivor Network","twitter_card":"summary_large_image","twitter_misc":{"Dur\u00e9e de lecture estim\u00e9e":"1 minute"},"schema":{"@context":"https:\/\/schema.org","@graph":[{"@type":"WebPage","@id":"https:\/\/survivornet.ca\/fr\/reliez-vous\/partenaires-et-coalitions\/","url":"https:\/\/survivornet.ca\/fr\/reliez-vous\/partenaires-et-coalitions\/","name":"Partenaires et Coalitions - Canadian Cancer Survivor Network","isPartOf":{"@id":"https:\/\/survivornet.ca\/#website"},"datePublished":"2025-04-09T21:32:34+00:00","breadcrumb":{"@id":"https:\/\/survivornet.ca\/fr\/reliez-vous\/partenaires-et-coalitions\/#breadcrumb"},"inLanguage":"fr-FR","potentialAction":[{"@type":"ReadAction","target":["https:\/\/survivornet.ca\/fr\/reliez-vous\/partenaires-et-coalitions\/"]}]},{"@type":"BreadcrumbList","@id":"https:\/\/survivornet.ca\/fr\/reliez-vous\/partenaires-et-coalitions\/#breadcrumb","itemListElement":[{"@type":"ListItem","position":1,"name":"Home","item":"https:\/\/survivornet.ca\/fr\/"},{"@type":"ListItem","position":2,"name":"Connectez","item":"https:\/\/survivornet.ca\/fr\/reliez-vous\/"},{"@type":"ListItem","position":3,"name":"Partenaires et Coalitions"}]},{"@type":"WebSite","@id":"https:\/\/survivornet.ca\/#website","url":"https:\/\/survivornet.ca\/","name":"Canadian Cancer Survivor Network","description":"The Canadian Cancer Survivor Network was created by a group of Canadians concerned about cancer.","publisher":{"@id":"https:\/\/survivornet.ca\/#organization"},"potentialAction":[{"@type":"SearchAction","target":{"@type":"EntryPoint","urlTemplate":"https:\/\/survivornet.ca\/?s={search_term_string}"},"query-input":{"@type":"PropertyValueSpecification","valueRequired":true,"valueName":"search_term_string"}}],"inLanguage":"fr-FR"},{"@type":"Organization","@id":"https:\/\/survivornet.ca\/#organization","name":"Canadian Cancer Survivor Network","url":"https:\/\/survivornet.ca\/","logo":{"@type":"ImageObject","inLanguage":"fr-FR","@id":"https:\/\/survivornet.ca\/#\/schema\/logo\/image\/","url":"http:\/\/survivornet.ca\/wp-content\/uploads\/2016\/12\/CCSN_Logo_EN_SQUARE.png","contentUrl":"http:\/\/survivornet.ca\/wp-content\/uploads\/2016\/12\/CCSN_Logo_EN_SQUARE.png","width":1209,"height":1007,"caption":"Canadian Cancer Survivor Network"},"image":{"@id":"https:\/\/survivornet.ca\/#\/schema\/logo\/image\/"}}]}},"_links":{"self":[{"href":"https:\/\/survivornet.ca\/fr\/wp-json\/wp\/v2\/pages\/31609","targetHints":{"allow":["GET"]}}],"collection":[{"href":"https:\/\/survivornet.ca\/fr\/wp-json\/wp\/v2\/pages"}],"about":[{"href":"https:\/\/survivornet.ca\/fr\/wp-json\/wp\/v2\/types\/page"}],"author":[{"embeddable":true,"href":"https:\/\/survivornet.ca\/fr\/wp-json\/wp\/v2\/users\/522"}],"replies":[{"embeddable":true,"href":"https:\/\/survivornet.ca\/fr\/wp-json\/wp\/v2\/comments?post=31609"}],"version-history":[{"count":1,"href":"https:\/\/survivornet.ca\/fr\/wp-json\/wp\/v2\/pages\/31609\/revisions"}],"predecessor-version":[{"id":31610,"href":"https:\/\/survivornet.ca\/fr\/wp-json\/wp\/v2\/pages\/31609\/revisions\/31610"}],"up":[{"embeddable":true,"href":"https:\/\/survivornet.ca\/fr\/wp-json\/wp\/v2\/pages\/4535"}],"wp:attachment":[{"href":"https:\/\/survivornet.ca\/fr\/wp-json\/wp\/v2\/media?parent=31609"}],"curies":[{"name":"wp","href":"https:\/\/api.w.org\/{rel}","templated":true}]}}