{"id":29159,"date":"2024-02-26T16:45:24","date_gmt":"2024-02-26T21:45:24","guid":{"rendered":"https:\/\/survivornet.ca\/?page_id=29159"},"modified":"2024-02-26T16:45:24","modified_gmt":"2024-02-26T21:45:24","slug":"mesothelioma-cancer-alliance","status":"publish","type":"page","link":"https:\/\/survivornet.ca\/fr\/reliez-vous\/partenaires\/mesothelioma-cancer-alliance\/","title":{"rendered":"Mesothelioma Cancer Alliance"},"content":{"rendered":"<p><img loading=\"lazy\" decoding=\"async\" class=\"aligncenter  wp-image-29149\" src=\"http:\/\/survivornet.ca\/wp-content\/uploads\/2024\/02\/Mesothelioma.com-logo.png\" alt=\"\" width=\"533\" height=\"99\" \/><\/p>\n<p><img loading=\"lazy\" decoding=\"async\" class=\"aligncenter  wp-image-29160\" src=\"http:\/\/survivornet.ca\/wp-content\/uploads\/2024\/02\/Mesothelioma-cancer-alliance-logo.png\" alt=\"\" width=\"175\" height=\"175\" \/><\/p>\n<p><span style=\"text-decoration: underline;\"><strong>Qui sommes-nous?<\/strong><\/span><\/p>\n<p>Depuis 1996, Mesothelioma.com vise \u00e0 aider les individus affect\u00e9s par le m\u00e9soth\u00e9liome. Nous nous engageons \u00e0 fournir les informations m\u00e9dicales les plus r\u00e9centes, \u00e0 sensibiliser la population en ce qui a trait \u00e0 la dangerosit\u00e9 de l&#8217;amiante, et \u00e0 aider les patients et leurs familles \u00e0 acc\u00e9der aux traitements et aux ressources juridiques.<\/p>\n<p><span style=\"text-decoration: underline;\"><strong>Comment aidons-nous?<\/strong><\/span><\/p>\n<p>Nous sommes une \u00e9quipe avec beaucoup d&#8217;exp\u00e9rience en ce qui a trait la revendication des droits des individus affect\u00e9s par le m\u00e9soth\u00e9liome. Depuis pr\u00e8s de 30 ans, nous avons aid\u00e9 les patients et leurs familles \u00e0 entrer en contact avec des experts dans le domaine de la sant\u00e9, des centres oncologiques de premier ordre et des survivants de la maladie. Nous r\u00e9f\u00e9rons les patients \u00e0 des avocats se sp\u00e9cialisant dans les cas de m\u00e9soth\u00e9liome et pouvant faciliter l&#8217;obtention de soutien financier. Les informations et les ressources sur notre site sont accessibles et gratuites pour tous.<\/p>\n<p>Pour en savoir plus, consultez notre <a href=\"https:\/\/www.mesothelioma.com\/\">site web<\/a>.<\/p>\n<p>&#8230;<\/p>\n<p><strong>Office: <\/strong>35 Thorpe Avenue, Suite 101, Wallingford, CT 06492<\/p>\n<p><strong>Phone: <\/strong>1-800-336-0086<\/p>\n","protected":false},"excerpt":{"rendered":"<p>Qui sommes-nous? Depuis 1996, Mesothelioma.com vise \u00e0 aider les individus affect\u00e9s par le m\u00e9soth\u00e9liome. Nous nous engageons \u00e0 fournir les informations m\u00e9dicales les plus r\u00e9centes, \u00e0 sensibiliser la population en ce qui<\/p>\n","protected":false},"author":2,"featured_media":29160,"parent":4484,"menu_order":0,"comment_status":"closed","ping_status":"closed","template":"","meta":{"_acf_changed":false,"footnotes":""},"class_list":["post-29159","page","type-page","status-publish","has-post-thumbnail","hentry"],"acf":[],"yoast_head":"<!-- This site is optimized with the Yoast SEO plugin v27.4 - https:\/\/yoast.com\/product\/yoast-seo-wordpress\/ -->\n<title>Mesothelioma Cancer Alliance - Canadian Cancer Survivor Network<\/title>\n<meta name=\"robots\" content=\"index, follow, max-snippet:-1, max-image-preview:large, max-video-preview:-1\" \/>\n<link rel=\"canonical\" href=\"https:\/\/survivornet.ca\/fr\/reliez-vous\/partenaires\/mesothelioma-cancer-alliance\/\" \/>\n<meta property=\"og:locale\" content=\"fr_FR\" \/>\n<meta property=\"og:type\" content=\"article\" \/>\n<meta property=\"og:title\" content=\"Mesothelioma Cancer Alliance - Canadian Cancer Survivor Network\" \/>\n<meta property=\"og:description\" content=\"Qui sommes-nous? Depuis 1996, Mesothelioma.com vise \u00e0 aider les individus affect\u00e9s par le m\u00e9soth\u00e9liome. Nous nous engageons \u00e0 fournir les informations m\u00e9dicales les plus r\u00e9centes, \u00e0 sensibiliser la population en ce qui\" \/>\n<meta property=\"og:url\" content=\"https:\/\/survivornet.ca\/fr\/reliez-vous\/partenaires\/mesothelioma-cancer-alliance\/\" \/>\n<meta property=\"og:site_name\" content=\"Canadian Cancer Survivor Network\" \/>\n<meta property=\"og:image\" content=\"https:\/\/survivornet.ca\/wp-content\/uploads\/2024\/02\/Mesothelioma-cancer-alliance-logo.png\" \/>\n\t<meta property=\"og:image:width\" content=\"260\" \/>\n\t<meta property=\"og:image:height\" content=\"260\" \/>\n\t<meta property=\"og:image:type\" content=\"image\/png\" \/>\n<meta name=\"twitter:card\" content=\"summary_large_image\" \/>\n<meta name=\"twitter:label1\" content=\"Dur\u00e9e de lecture estim\u00e9e\" \/>\n\t<meta name=\"twitter:data1\" content=\"1 minute\" \/>\n<script type=\"application\/ld+json\" class=\"yoast-schema-graph\">{\"@context\":\"https:\\\/\\\/schema.org\",\"@graph\":[{\"@type\":\"WebPage\",\"@id\":\"https:\\\/\\\/survivornet.ca\\\/fr\\\/reliez-vous\\\/partenaires\\\/mesothelioma-cancer-alliance\\\/\",\"url\":\"https:\\\/\\\/survivornet.ca\\\/fr\\\/reliez-vous\\\/partenaires\\\/mesothelioma-cancer-alliance\\\/\",\"name\":\"Mesothelioma Cancer Alliance - Canadian Cancer Survivor Network\",\"isPartOf\":{\"@id\":\"https:\\\/\\\/survivornet.ca\\\/#website\"},\"primaryImageOfPage\":{\"@id\":\"https:\\\/\\\/survivornet.ca\\\/fr\\\/reliez-vous\\\/partenaires\\\/mesothelioma-cancer-alliance\\\/#primaryimage\"},\"image\":{\"@id\":\"https:\\\/\\\/survivornet.ca\\\/fr\\\/reliez-vous\\\/partenaires\\\/mesothelioma-cancer-alliance\\\/#primaryimage\"},\"thumbnailUrl\":\"https:\\\/\\\/survivornet.ca\\\/wp-content\\\/uploads\\\/2024\\\/02\\\/Mesothelioma-cancer-alliance-logo.png\",\"datePublished\":\"2024-02-26T21:45:24+00:00\",\"breadcrumb\":{\"@id\":\"https:\\\/\\\/survivornet.ca\\\/fr\\\/reliez-vous\\\/partenaires\\\/mesothelioma-cancer-alliance\\\/#breadcrumb\"},\"inLanguage\":\"fr-FR\",\"potentialAction\":[{\"@type\":\"ReadAction\",\"target\":[\"https:\\\/\\\/survivornet.ca\\\/fr\\\/reliez-vous\\\/partenaires\\\/mesothelioma-cancer-alliance\\\/\"]}]},{\"@type\":\"ImageObject\",\"inLanguage\":\"fr-FR\",\"@id\":\"https:\\\/\\\/survivornet.ca\\\/fr\\\/reliez-vous\\\/partenaires\\\/mesothelioma-cancer-alliance\\\/#primaryimage\",\"url\":\"https:\\\/\\\/survivornet.ca\\\/wp-content\\\/uploads\\\/2024\\\/02\\\/Mesothelioma-cancer-alliance-logo.png\",\"contentUrl\":\"https:\\\/\\\/survivornet.ca\\\/wp-content\\\/uploads\\\/2024\\\/02\\\/Mesothelioma-cancer-alliance-logo.png\",\"width\":260,\"height\":260},{\"@type\":\"BreadcrumbList\",\"@id\":\"https:\\\/\\\/survivornet.ca\\\/fr\\\/reliez-vous\\\/partenaires\\\/mesothelioma-cancer-alliance\\\/#breadcrumb\",\"itemListElement\":[{\"@type\":\"ListItem\",\"position\":1,\"name\":\"Home\",\"item\":\"https:\\\/\\\/survivornet.ca\\\/fr\\\/\"},{\"@type\":\"ListItem\",\"position\":2,\"name\":\"Connectez\",\"item\":\"https:\\\/\\\/survivornet.ca\\\/fr\\\/reliez-vous\\\/\"},{\"@type\":\"ListItem\",\"position\":3,\"name\":\"Partenaires\",\"item\":\"https:\\\/\\\/survivornet.ca\\\/fr\\\/reliez-vous\\\/partenaires\\\/\"},{\"@type\":\"ListItem\",\"position\":4,\"name\":\"Mesothelioma Cancer Alliance\"}]},{\"@type\":\"WebSite\",\"@id\":\"https:\\\/\\\/survivornet.ca\\\/#website\",\"url\":\"https:\\\/\\\/survivornet.ca\\\/\",\"name\":\"Canadian Cancer Survivor Network\",\"description\":\"The Canadian Cancer Survivor Network was created by a group of Canadians concerned about cancer.\",\"publisher\":{\"@id\":\"https:\\\/\\\/survivornet.ca\\\/#organization\"},\"potentialAction\":[{\"@type\":\"SearchAction\",\"target\":{\"@type\":\"EntryPoint\",\"urlTemplate\":\"https:\\\/\\\/survivornet.ca\\\/?s={search_term_string}\"},\"query-input\":{\"@type\":\"PropertyValueSpecification\",\"valueRequired\":true,\"valueName\":\"search_term_string\"}}],\"inLanguage\":\"fr-FR\"},{\"@type\":\"Organization\",\"@id\":\"https:\\\/\\\/survivornet.ca\\\/#organization\",\"name\":\"Canadian Cancer Survivor Network\",\"url\":\"https:\\\/\\\/survivornet.ca\\\/\",\"logo\":{\"@type\":\"ImageObject\",\"inLanguage\":\"fr-FR\",\"@id\":\"https:\\\/\\\/survivornet.ca\\\/#\\\/schema\\\/logo\\\/image\\\/\",\"url\":\"http:\\\/\\\/survivornet.ca\\\/wp-content\\\/uploads\\\/2016\\\/12\\\/CCSN_Logo_EN_SQUARE.png\",\"contentUrl\":\"http:\\\/\\\/survivornet.ca\\\/wp-content\\\/uploads\\\/2016\\\/12\\\/CCSN_Logo_EN_SQUARE.png\",\"width\":1209,\"height\":1007,\"caption\":\"Canadian Cancer Survivor Network\"},\"image\":{\"@id\":\"https:\\\/\\\/survivornet.ca\\\/#\\\/schema\\\/logo\\\/image\\\/\"}}]}<\/script>\n<!-- \/ Yoast SEO plugin. -->","yoast_head_json":{"title":"Mesothelioma Cancer Alliance - Canadian Cancer Survivor Network","robots":{"index":"index","follow":"follow","max-snippet":"max-snippet:-1","max-image-preview":"max-image-preview:large","max-video-preview":"max-video-preview:-1"},"canonical":"https:\/\/survivornet.ca\/fr\/reliez-vous\/partenaires\/mesothelioma-cancer-alliance\/","og_locale":"fr_FR","og_type":"article","og_title":"Mesothelioma Cancer Alliance - Canadian Cancer Survivor Network","og_description":"Qui sommes-nous? Depuis 1996, Mesothelioma.com vise \u00e0 aider les individus affect\u00e9s par le m\u00e9soth\u00e9liome. Nous nous engageons \u00e0 fournir les informations m\u00e9dicales les plus r\u00e9centes, \u00e0 sensibiliser la population en ce qui","og_url":"https:\/\/survivornet.ca\/fr\/reliez-vous\/partenaires\/mesothelioma-cancer-alliance\/","og_site_name":"Canadian Cancer Survivor Network","og_image":[{"width":260,"height":260,"url":"https:\/\/survivornet.ca\/wp-content\/uploads\/2024\/02\/Mesothelioma-cancer-alliance-logo.png","type":"image\/png"}],"twitter_card":"summary_large_image","twitter_misc":{"Dur\u00e9e de lecture estim\u00e9e":"1 minute"},"schema":{"@context":"https:\/\/schema.org","@graph":[{"@type":"WebPage","@id":"https:\/\/survivornet.ca\/fr\/reliez-vous\/partenaires\/mesothelioma-cancer-alliance\/","url":"https:\/\/survivornet.ca\/fr\/reliez-vous\/partenaires\/mesothelioma-cancer-alliance\/","name":"Mesothelioma Cancer Alliance - Canadian Cancer Survivor Network","isPartOf":{"@id":"https:\/\/survivornet.ca\/#website"},"primaryImageOfPage":{"@id":"https:\/\/survivornet.ca\/fr\/reliez-vous\/partenaires\/mesothelioma-cancer-alliance\/#primaryimage"},"image":{"@id":"https:\/\/survivornet.ca\/fr\/reliez-vous\/partenaires\/mesothelioma-cancer-alliance\/#primaryimage"},"thumbnailUrl":"https:\/\/survivornet.ca\/wp-content\/uploads\/2024\/02\/Mesothelioma-cancer-alliance-logo.png","datePublished":"2024-02-26T21:45:24+00:00","breadcrumb":{"@id":"https:\/\/survivornet.ca\/fr\/reliez-vous\/partenaires\/mesothelioma-cancer-alliance\/#breadcrumb"},"inLanguage":"fr-FR","potentialAction":[{"@type":"ReadAction","target":["https:\/\/survivornet.ca\/fr\/reliez-vous\/partenaires\/mesothelioma-cancer-alliance\/"]}]},{"@type":"ImageObject","inLanguage":"fr-FR","@id":"https:\/\/survivornet.ca\/fr\/reliez-vous\/partenaires\/mesothelioma-cancer-alliance\/#primaryimage","url":"https:\/\/survivornet.ca\/wp-content\/uploads\/2024\/02\/Mesothelioma-cancer-alliance-logo.png","contentUrl":"https:\/\/survivornet.ca\/wp-content\/uploads\/2024\/02\/Mesothelioma-cancer-alliance-logo.png","width":260,"height":260},{"@type":"BreadcrumbList","@id":"https:\/\/survivornet.ca\/fr\/reliez-vous\/partenaires\/mesothelioma-cancer-alliance\/#breadcrumb","itemListElement":[{"@type":"ListItem","position":1,"name":"Home","item":"https:\/\/survivornet.ca\/fr\/"},{"@type":"ListItem","position":2,"name":"Connectez","item":"https:\/\/survivornet.ca\/fr\/reliez-vous\/"},{"@type":"ListItem","position":3,"name":"Partenaires","item":"https:\/\/survivornet.ca\/fr\/reliez-vous\/partenaires\/"},{"@type":"ListItem","position":4,"name":"Mesothelioma Cancer Alliance"}]},{"@type":"WebSite","@id":"https:\/\/survivornet.ca\/#website","url":"https:\/\/survivornet.ca\/","name":"Canadian Cancer Survivor Network","description":"The Canadian Cancer Survivor Network was created by a group of Canadians concerned about cancer.","publisher":{"@id":"https:\/\/survivornet.ca\/#organization"},"potentialAction":[{"@type":"SearchAction","target":{"@type":"EntryPoint","urlTemplate":"https:\/\/survivornet.ca\/?s={search_term_string}"},"query-input":{"@type":"PropertyValueSpecification","valueRequired":true,"valueName":"search_term_string"}}],"inLanguage":"fr-FR"},{"@type":"Organization","@id":"https:\/\/survivornet.ca\/#organization","name":"Canadian Cancer Survivor Network","url":"https:\/\/survivornet.ca\/","logo":{"@type":"ImageObject","inLanguage":"fr-FR","@id":"https:\/\/survivornet.ca\/#\/schema\/logo\/image\/","url":"http:\/\/survivornet.ca\/wp-content\/uploads\/2016\/12\/CCSN_Logo_EN_SQUARE.png","contentUrl":"http:\/\/survivornet.ca\/wp-content\/uploads\/2016\/12\/CCSN_Logo_EN_SQUARE.png","width":1209,"height":1007,"caption":"Canadian Cancer Survivor Network"},"image":{"@id":"https:\/\/survivornet.ca\/#\/schema\/logo\/image\/"}}]}},"_links":{"self":[{"href":"https:\/\/survivornet.ca\/fr\/wp-json\/wp\/v2\/pages\/29159","targetHints":{"allow":["GET"]}}],"collection":[{"href":"https:\/\/survivornet.ca\/fr\/wp-json\/wp\/v2\/pages"}],"about":[{"href":"https:\/\/survivornet.ca\/fr\/wp-json\/wp\/v2\/types\/page"}],"author":[{"embeddable":true,"href":"https:\/\/survivornet.ca\/fr\/wp-json\/wp\/v2\/users\/2"}],"replies":[{"embeddable":true,"href":"https:\/\/survivornet.ca\/fr\/wp-json\/wp\/v2\/comments?post=29159"}],"version-history":[{"count":1,"href":"https:\/\/survivornet.ca\/fr\/wp-json\/wp\/v2\/pages\/29159\/revisions"}],"predecessor-version":[{"id":29162,"href":"https:\/\/survivornet.ca\/fr\/wp-json\/wp\/v2\/pages\/29159\/revisions\/29162"}],"up":[{"embeddable":true,"href":"https:\/\/survivornet.ca\/fr\/wp-json\/wp\/v2\/pages\/4484"}],"wp:featuredmedia":[{"embeddable":true,"href":"https:\/\/survivornet.ca\/fr\/wp-json\/wp\/v2\/media\/29160"}],"wp:attachment":[{"href":"https:\/\/survivornet.ca\/fr\/wp-json\/wp\/v2\/media?parent=29159"}],"curies":[{"name":"wp","href":"https:\/\/api.w.org\/{rel}","templated":true}]}}