{"id":29142,"date":"2024-02-23T15:14:58","date_gmt":"2024-02-23T20:14:58","guid":{"rendered":"https:\/\/survivornet.ca\/?page_id=29142"},"modified":"2024-02-23T15:14:58","modified_gmt":"2024-02-23T20:14:58","slug":"mesothelioma-asbestos-awareness-center","status":"publish","type":"page","link":"https:\/\/survivornet.ca\/fr\/reliez-vous\/partenaires\/mesothelioma-asbestos-awareness-center\/","title":{"rendered":"Mesothelioma + Asbestos Awareness Center"},"content":{"rendered":"<p><img loading=\"lazy\" decoding=\"async\" class=\"aligncenter  wp-image-29136\" src=\"http:\/\/survivornet.ca\/wp-content\/uploads\/2024\/02\/Mesothelioma-Asbestos-Awareness-Center.png\" alt=\"\" width=\"583\" height=\"175\" srcset=\"https:\/\/survivornet.ca\/wp-content\/uploads\/2024\/02\/Mesothelioma-Asbestos-Awareness-Center.png 1294w, https:\/\/survivornet.ca\/wp-content\/uploads\/2024\/02\/Mesothelioma-Asbestos-Awareness-Center-768x231.png 768w\" sizes=\"auto, (max-width: 583px) 100vw, 583px\" \/><\/p>\n<p><span style=\"text-decoration: underline;\"><strong>Qui nous sommes<\/strong><\/span><\/p>\n<p>Le Mesothelioma + Asbestos Awareness Center attire l&#8217;attention sur les dangers que repr\u00e9sentent l&#8217;amiante et sur la forme mortelle de cancer qu&#8217;elle provoque: le m\u00e9soth\u00e9liome. Nous sommes un groupe ind\u00e9pendant qui vise \u00e0 aider les patients, les proches aidants, les d\u00e9fenseurs de droits et toute autre personne souhaitant en apprendre plus sur cette maladie.<\/p>\n<p><em><span style=\"text-decoration: underline;\"><strong>Notre site propose:<\/strong><\/span><\/em><\/p>\n<ul class=\"content-list\">\n<li><strong>Des informations &#8211;\u00a0<\/strong>Informations sur le diagnostic, le traitement et plus encore en ce qui a trait \u00e0 la maladie ainsi que la substance qui la provoque (l&#8217;amiante).<\/li>\n<li><strong>Fil d&#8217;actualit\u00e9 &#8211;<\/strong> Un blog r\u00e9guli\u00e8rement mis \u00e0 jour qui fournit les derni\u00e8res nouvelles en ce qui a trait \u00e0 la recherche sur le traitement du m\u00e9soth\u00e9liome, les efforts de revendication et les questions juridiques.<\/li>\n<li><strong>M\u00e9decins et centres de canc\u00e9rologie &#8211;\u00a0<\/strong>Un r\u00e9pertoire complet qui identifie les m\u00e9decins et les centres d&#8217;oncologie traitant le m\u00e9soth\u00e9liome ainsi que leurs coordonn\u00e9es.<\/li>\n<li><strong>\u00c9valuation juridique gratuite &#8211;<\/strong> Acc\u00e8s \u00e0 des \u00e9tudes de cas gratuites pour les individus atteints de m\u00e9soth\u00e9liome et les membres de leur famille qui souhaitent en savoir plus sur l&#8217;indemnisation juridique.<\/li>\n<\/ul>\n<p>Pour en savoir plus, consultez leur <a href=\"https:\/\/www.maacenter.org\/\">site web<\/a>.<\/p>\n<p><em><strong>Mesothelioma + Asbestos Awareness Center<\/strong><\/em><br \/>\n333 W. Washington St., Ste. 140<br \/>\nSyracuse, NY, 13202<\/p>\n<p>Courriel: webmaster@maacenter.org<\/p>\n","protected":false},"excerpt":{"rendered":"<p>Qui nous sommes Le Mesothelioma + Asbestos Awareness Center attire l&#8217;attention sur les dangers que repr\u00e9sentent l&#8217;amiante et sur la forme mortelle de cancer qu&#8217;elle provoque: le m\u00e9soth\u00e9liome. Nous sommes un groupe<\/p>\n","protected":false},"author":2,"featured_media":29139,"parent":4484,"menu_order":0,"comment_status":"closed","ping_status":"closed","template":"","meta":{"_acf_changed":false,"footnotes":""},"class_list":["post-29142","page","type-page","status-publish","has-post-thumbnail","hentry"],"acf":[],"yoast_head":"<!-- This site is optimized with the Yoast SEO plugin v27.4 - https:\/\/yoast.com\/product\/yoast-seo-wordpress\/ -->\n<title>Mesothelioma + Asbestos Awareness Center - Canadian Cancer Survivor Network<\/title>\n<meta name=\"robots\" content=\"index, follow, max-snippet:-1, max-image-preview:large, max-video-preview:-1\" \/>\n<link rel=\"canonical\" href=\"https:\/\/survivornet.ca\/fr\/reliez-vous\/partenaires\/mesothelioma-asbestos-awareness-center\/\" \/>\n<meta property=\"og:locale\" content=\"fr_FR\" \/>\n<meta property=\"og:type\" content=\"article\" \/>\n<meta property=\"og:title\" content=\"Mesothelioma + Asbestos Awareness Center - Canadian Cancer Survivor Network\" \/>\n<meta property=\"og:description\" content=\"Qui nous sommes Le Mesothelioma + Asbestos Awareness Center attire l&#8217;attention sur les dangers que repr\u00e9sentent l&#8217;amiante et sur la forme mortelle de cancer qu&#8217;elle provoque: le m\u00e9soth\u00e9liome. Nous sommes un groupe\" \/>\n<meta property=\"og:url\" content=\"https:\/\/survivornet.ca\/fr\/reliez-vous\/partenaires\/mesothelioma-asbestos-awareness-center\/\" \/>\n<meta property=\"og:site_name\" content=\"Canadian Cancer Survivor Network\" \/>\n<meta property=\"og:image\" content=\"https:\/\/survivornet.ca\/wp-content\/uploads\/2024\/02\/Mesothelioma-Asbestos-Awareness-Center-intro-logo.png\" \/>\n\t<meta property=\"og:image:width\" content=\"490\" \/>\n\t<meta property=\"og:image:height\" content=\"496\" \/>\n\t<meta property=\"og:image:type\" content=\"image\/png\" \/>\n<meta name=\"twitter:card\" content=\"summary_large_image\" \/>\n<meta name=\"twitter:label1\" content=\"Dur\u00e9e de lecture estim\u00e9e\" \/>\n\t<meta name=\"twitter:data1\" content=\"1 minute\" \/>\n<script type=\"application\/ld+json\" class=\"yoast-schema-graph\">{\"@context\":\"https:\\\/\\\/schema.org\",\"@graph\":[{\"@type\":\"WebPage\",\"@id\":\"https:\\\/\\\/survivornet.ca\\\/fr\\\/reliez-vous\\\/partenaires\\\/mesothelioma-asbestos-awareness-center\\\/\",\"url\":\"https:\\\/\\\/survivornet.ca\\\/fr\\\/reliez-vous\\\/partenaires\\\/mesothelioma-asbestos-awareness-center\\\/\",\"name\":\"Mesothelioma + Asbestos Awareness Center - Canadian Cancer Survivor Network\",\"isPartOf\":{\"@id\":\"https:\\\/\\\/survivornet.ca\\\/#website\"},\"primaryImageOfPage\":{\"@id\":\"https:\\\/\\\/survivornet.ca\\\/fr\\\/reliez-vous\\\/partenaires\\\/mesothelioma-asbestos-awareness-center\\\/#primaryimage\"},\"image\":{\"@id\":\"https:\\\/\\\/survivornet.ca\\\/fr\\\/reliez-vous\\\/partenaires\\\/mesothelioma-asbestos-awareness-center\\\/#primaryimage\"},\"thumbnailUrl\":\"https:\\\/\\\/survivornet.ca\\\/wp-content\\\/uploads\\\/2024\\\/02\\\/Mesothelioma-Asbestos-Awareness-Center-intro-logo.png\",\"datePublished\":\"2024-02-23T20:14:58+00:00\",\"breadcrumb\":{\"@id\":\"https:\\\/\\\/survivornet.ca\\\/fr\\\/reliez-vous\\\/partenaires\\\/mesothelioma-asbestos-awareness-center\\\/#breadcrumb\"},\"inLanguage\":\"fr-FR\",\"potentialAction\":[{\"@type\":\"ReadAction\",\"target\":[\"https:\\\/\\\/survivornet.ca\\\/fr\\\/reliez-vous\\\/partenaires\\\/mesothelioma-asbestos-awareness-center\\\/\"]}]},{\"@type\":\"ImageObject\",\"inLanguage\":\"fr-FR\",\"@id\":\"https:\\\/\\\/survivornet.ca\\\/fr\\\/reliez-vous\\\/partenaires\\\/mesothelioma-asbestos-awareness-center\\\/#primaryimage\",\"url\":\"https:\\\/\\\/survivornet.ca\\\/wp-content\\\/uploads\\\/2024\\\/02\\\/Mesothelioma-Asbestos-Awareness-Center-intro-logo.png\",\"contentUrl\":\"https:\\\/\\\/survivornet.ca\\\/wp-content\\\/uploads\\\/2024\\\/02\\\/Mesothelioma-Asbestos-Awareness-Center-intro-logo.png\",\"width\":490,\"height\":496},{\"@type\":\"BreadcrumbList\",\"@id\":\"https:\\\/\\\/survivornet.ca\\\/fr\\\/reliez-vous\\\/partenaires\\\/mesothelioma-asbestos-awareness-center\\\/#breadcrumb\",\"itemListElement\":[{\"@type\":\"ListItem\",\"position\":1,\"name\":\"Home\",\"item\":\"https:\\\/\\\/survivornet.ca\\\/fr\\\/\"},{\"@type\":\"ListItem\",\"position\":2,\"name\":\"Connectez\",\"item\":\"https:\\\/\\\/survivornet.ca\\\/fr\\\/reliez-vous\\\/\"},{\"@type\":\"ListItem\",\"position\":3,\"name\":\"Partenaires\",\"item\":\"https:\\\/\\\/survivornet.ca\\\/fr\\\/reliez-vous\\\/partenaires\\\/\"},{\"@type\":\"ListItem\",\"position\":4,\"name\":\"Mesothelioma + Asbestos Awareness Center\"}]},{\"@type\":\"WebSite\",\"@id\":\"https:\\\/\\\/survivornet.ca\\\/#website\",\"url\":\"https:\\\/\\\/survivornet.ca\\\/\",\"name\":\"Canadian Cancer Survivor Network\",\"description\":\"The Canadian Cancer Survivor Network was created by a group of Canadians concerned about cancer.\",\"publisher\":{\"@id\":\"https:\\\/\\\/survivornet.ca\\\/#organization\"},\"potentialAction\":[{\"@type\":\"SearchAction\",\"target\":{\"@type\":\"EntryPoint\",\"urlTemplate\":\"https:\\\/\\\/survivornet.ca\\\/?s={search_term_string}\"},\"query-input\":{\"@type\":\"PropertyValueSpecification\",\"valueRequired\":true,\"valueName\":\"search_term_string\"}}],\"inLanguage\":\"fr-FR\"},{\"@type\":\"Organization\",\"@id\":\"https:\\\/\\\/survivornet.ca\\\/#organization\",\"name\":\"Canadian Cancer Survivor Network\",\"url\":\"https:\\\/\\\/survivornet.ca\\\/\",\"logo\":{\"@type\":\"ImageObject\",\"inLanguage\":\"fr-FR\",\"@id\":\"https:\\\/\\\/survivornet.ca\\\/#\\\/schema\\\/logo\\\/image\\\/\",\"url\":\"http:\\\/\\\/survivornet.ca\\\/wp-content\\\/uploads\\\/2016\\\/12\\\/CCSN_Logo_EN_SQUARE.png\",\"contentUrl\":\"http:\\\/\\\/survivornet.ca\\\/wp-content\\\/uploads\\\/2016\\\/12\\\/CCSN_Logo_EN_SQUARE.png\",\"width\":1209,\"height\":1007,\"caption\":\"Canadian Cancer Survivor Network\"},\"image\":{\"@id\":\"https:\\\/\\\/survivornet.ca\\\/#\\\/schema\\\/logo\\\/image\\\/\"}}]}<\/script>\n<!-- \/ Yoast SEO plugin. -->","yoast_head_json":{"title":"Mesothelioma + Asbestos Awareness Center - Canadian Cancer Survivor Network","robots":{"index":"index","follow":"follow","max-snippet":"max-snippet:-1","max-image-preview":"max-image-preview:large","max-video-preview":"max-video-preview:-1"},"canonical":"https:\/\/survivornet.ca\/fr\/reliez-vous\/partenaires\/mesothelioma-asbestos-awareness-center\/","og_locale":"fr_FR","og_type":"article","og_title":"Mesothelioma + Asbestos Awareness Center - Canadian Cancer Survivor Network","og_description":"Qui nous sommes Le Mesothelioma + Asbestos Awareness Center attire l&#8217;attention sur les dangers que repr\u00e9sentent l&#8217;amiante et sur la forme mortelle de cancer qu&#8217;elle provoque: le m\u00e9soth\u00e9liome. Nous sommes un groupe","og_url":"https:\/\/survivornet.ca\/fr\/reliez-vous\/partenaires\/mesothelioma-asbestos-awareness-center\/","og_site_name":"Canadian Cancer Survivor Network","og_image":[{"width":490,"height":496,"url":"https:\/\/survivornet.ca\/wp-content\/uploads\/2024\/02\/Mesothelioma-Asbestos-Awareness-Center-intro-logo.png","type":"image\/png"}],"twitter_card":"summary_large_image","twitter_misc":{"Dur\u00e9e de lecture estim\u00e9e":"1 minute"},"schema":{"@context":"https:\/\/schema.org","@graph":[{"@type":"WebPage","@id":"https:\/\/survivornet.ca\/fr\/reliez-vous\/partenaires\/mesothelioma-asbestos-awareness-center\/","url":"https:\/\/survivornet.ca\/fr\/reliez-vous\/partenaires\/mesothelioma-asbestos-awareness-center\/","name":"Mesothelioma + Asbestos Awareness Center - Canadian Cancer Survivor Network","isPartOf":{"@id":"https:\/\/survivornet.ca\/#website"},"primaryImageOfPage":{"@id":"https:\/\/survivornet.ca\/fr\/reliez-vous\/partenaires\/mesothelioma-asbestos-awareness-center\/#primaryimage"},"image":{"@id":"https:\/\/survivornet.ca\/fr\/reliez-vous\/partenaires\/mesothelioma-asbestos-awareness-center\/#primaryimage"},"thumbnailUrl":"https:\/\/survivornet.ca\/wp-content\/uploads\/2024\/02\/Mesothelioma-Asbestos-Awareness-Center-intro-logo.png","datePublished":"2024-02-23T20:14:58+00:00","breadcrumb":{"@id":"https:\/\/survivornet.ca\/fr\/reliez-vous\/partenaires\/mesothelioma-asbestos-awareness-center\/#breadcrumb"},"inLanguage":"fr-FR","potentialAction":[{"@type":"ReadAction","target":["https:\/\/survivornet.ca\/fr\/reliez-vous\/partenaires\/mesothelioma-asbestos-awareness-center\/"]}]},{"@type":"ImageObject","inLanguage":"fr-FR","@id":"https:\/\/survivornet.ca\/fr\/reliez-vous\/partenaires\/mesothelioma-asbestos-awareness-center\/#primaryimage","url":"https:\/\/survivornet.ca\/wp-content\/uploads\/2024\/02\/Mesothelioma-Asbestos-Awareness-Center-intro-logo.png","contentUrl":"https:\/\/survivornet.ca\/wp-content\/uploads\/2024\/02\/Mesothelioma-Asbestos-Awareness-Center-intro-logo.png","width":490,"height":496},{"@type":"BreadcrumbList","@id":"https:\/\/survivornet.ca\/fr\/reliez-vous\/partenaires\/mesothelioma-asbestos-awareness-center\/#breadcrumb","itemListElement":[{"@type":"ListItem","position":1,"name":"Home","item":"https:\/\/survivornet.ca\/fr\/"},{"@type":"ListItem","position":2,"name":"Connectez","item":"https:\/\/survivornet.ca\/fr\/reliez-vous\/"},{"@type":"ListItem","position":3,"name":"Partenaires","item":"https:\/\/survivornet.ca\/fr\/reliez-vous\/partenaires\/"},{"@type":"ListItem","position":4,"name":"Mesothelioma + Asbestos Awareness Center"}]},{"@type":"WebSite","@id":"https:\/\/survivornet.ca\/#website","url":"https:\/\/survivornet.ca\/","name":"Canadian Cancer Survivor Network","description":"The Canadian Cancer Survivor Network was created by a group of Canadians concerned about cancer.","publisher":{"@id":"https:\/\/survivornet.ca\/#organization"},"potentialAction":[{"@type":"SearchAction","target":{"@type":"EntryPoint","urlTemplate":"https:\/\/survivornet.ca\/?s={search_term_string}"},"query-input":{"@type":"PropertyValueSpecification","valueRequired":true,"valueName":"search_term_string"}}],"inLanguage":"fr-FR"},{"@type":"Organization","@id":"https:\/\/survivornet.ca\/#organization","name":"Canadian Cancer Survivor Network","url":"https:\/\/survivornet.ca\/","logo":{"@type":"ImageObject","inLanguage":"fr-FR","@id":"https:\/\/survivornet.ca\/#\/schema\/logo\/image\/","url":"http:\/\/survivornet.ca\/wp-content\/uploads\/2016\/12\/CCSN_Logo_EN_SQUARE.png","contentUrl":"http:\/\/survivornet.ca\/wp-content\/uploads\/2016\/12\/CCSN_Logo_EN_SQUARE.png","width":1209,"height":1007,"caption":"Canadian Cancer Survivor Network"},"image":{"@id":"https:\/\/survivornet.ca\/#\/schema\/logo\/image\/"}}]}},"_links":{"self":[{"href":"https:\/\/survivornet.ca\/fr\/wp-json\/wp\/v2\/pages\/29142","targetHints":{"allow":["GET"]}}],"collection":[{"href":"https:\/\/survivornet.ca\/fr\/wp-json\/wp\/v2\/pages"}],"about":[{"href":"https:\/\/survivornet.ca\/fr\/wp-json\/wp\/v2\/types\/page"}],"author":[{"embeddable":true,"href":"https:\/\/survivornet.ca\/fr\/wp-json\/wp\/v2\/users\/2"}],"replies":[{"embeddable":true,"href":"https:\/\/survivornet.ca\/fr\/wp-json\/wp\/v2\/comments?post=29142"}],"version-history":[{"count":2,"href":"https:\/\/survivornet.ca\/fr\/wp-json\/wp\/v2\/pages\/29142\/revisions"}],"predecessor-version":[{"id":29146,"href":"https:\/\/survivornet.ca\/fr\/wp-json\/wp\/v2\/pages\/29142\/revisions\/29146"}],"up":[{"embeddable":true,"href":"https:\/\/survivornet.ca\/fr\/wp-json\/wp\/v2\/pages\/4484"}],"wp:featuredmedia":[{"embeddable":true,"href":"https:\/\/survivornet.ca\/fr\/wp-json\/wp\/v2\/media\/29139"}],"wp:attachment":[{"href":"https:\/\/survivornet.ca\/fr\/wp-json\/wp\/v2\/media?parent=29142"}],"curies":[{"name":"wp","href":"https:\/\/api.w.org\/{rel}","templated":true}]}}