{"id":29125,"date":"2024-02-22T15:03:38","date_gmt":"2024-02-22T20:03:38","guid":{"rendered":"https:\/\/survivornet.ca\/?page_id=29125"},"modified":"2024-02-22T15:03:38","modified_gmt":"2024-02-22T20:03:38","slug":"melanome-canada","status":"publish","type":"page","link":"https:\/\/survivornet.ca\/fr\/reliez-vous\/partenaires\/melanome-canada\/","title":{"rendered":"M\u00e9lanome Canada"},"content":{"rendered":"<p><img loading=\"lazy\" decoding=\"async\" class=\"aligncenter  wp-image-29126\" src=\"http:\/\/survivornet.ca\/wp-content\/uploads\/2024\/02\/Melanome-Canada-FR.png\" alt=\"\" width=\"310\" height=\"93\" \/><\/p>\n<p><span style=\"text-decoration: underline;\"><strong>Qui sommes-nous?<\/strong><\/span><\/p>\n<p>M\u00e9lanome Canada, anciennement R\u00e9seau m\u00e9lanome Canada, a \u00e9t\u00e9 fond\u00e9 en 2009 par un trio de survivants du m\u00e9lanome et de soignants?: Annette Cyr, trois fois survivante, Jo Anne Adams, survivante et Terra Deeth, aidante. Nous comprenons l\u2019impact qu\u2019un diagnostic de m\u00e9lanome ou de cancer de la peau peut avoir sur une personne, une famille et une communaut\u00e9, car nous sommes pass\u00e9es par l\u00e0.<\/p>\n<p><span style=\"text-decoration: underline;\"><strong>Mission<\/strong><\/span><\/p>\n<p>M\u00e9lanome Canada d\u00e9fend les droits des Canadiens atteints du m\u00e9lanome et du cancer de la peau et leur apporte son soutien en leur offrant des ressources utiles, de l\u2019\u00e9ducation, des services de soutien psychosocial, et plus encore.<\/p>\n<ul class=\"content-list\">\n<li>Soutenir les patients atteints du m\u00e9lanome et du cancer de la peau, les aidants et les professionnels de la sant\u00e9 gr\u00e2ce \u00e0 des informations et des services actuels et adapt\u00e9s.<\/li>\n<li>\u00c9duquer les Canadiens sur la pr\u00e9vention du m\u00e9lanome et du cancer de la peau, la d\u00e9tection pr\u00e9coce et les options de traitement disponibles.<\/li>\n<li>\u00catre la voix unie de la communaut\u00e9 des personnes touch\u00e9es par le m\u00e9lanome et le cancer de la peau, en pr\u00e9conisant une d\u00e9tection pr\u00e9coce, un diagnostic en temps opportun et des options de traitement efficaces.<\/li>\n<\/ul>\n<p>Pour en savoir plus, consultez notre <a href=\"https:\/\/melanomacanada.ca\/fr\/\">site web<\/a>.<\/p>\n<p><strong><em>M\u00e9lanome Canada<\/em><\/strong><\/p>\n<p>466 Speers Rd #207-208<br \/>\nOakville, ON L6K 3W9<\/p>\n<p>T\u00e9l\u00e9phone: 1-877-560-8035<br \/>\nCourriel: info@melanomacanada.ca<\/p>\n","protected":false},"excerpt":{"rendered":"<p>Qui sommes-nous? M\u00e9lanome Canada, anciennement R\u00e9seau m\u00e9lanome Canada, a \u00e9t\u00e9 fond\u00e9 en 2009 par un trio de survivants du m\u00e9lanome et de soignants?: Annette Cyr, trois fois survivante, Jo Anne Adams, survivante<\/p>\n","protected":false},"author":2,"featured_media":29126,"parent":4484,"menu_order":0,"comment_status":"closed","ping_status":"closed","template":"","meta":{"_acf_changed":false,"footnotes":""},"class_list":["post-29125","page","type-page","status-publish","has-post-thumbnail","hentry"],"acf":[],"yoast_head":"<!-- This site is optimized with the Yoast SEO plugin v27.4 - https:\/\/yoast.com\/product\/yoast-seo-wordpress\/ -->\n<title>M\u00e9lanome Canada - Canadian Cancer Survivor Network<\/title>\n<meta name=\"robots\" content=\"index, follow, max-snippet:-1, max-image-preview:large, max-video-preview:-1\" \/>\n<link rel=\"canonical\" href=\"https:\/\/survivornet.ca\/fr\/reliez-vous\/partenaires\/melanome-canada\/\" \/>\n<meta property=\"og:locale\" content=\"fr_FR\" \/>\n<meta property=\"og:type\" content=\"article\" \/>\n<meta property=\"og:title\" content=\"M\u00e9lanome Canada - Canadian Cancer Survivor Network\" \/>\n<meta property=\"og:description\" content=\"Qui sommes-nous? M\u00e9lanome Canada, anciennement R\u00e9seau m\u00e9lanome Canada, a \u00e9t\u00e9 fond\u00e9 en 2009 par un trio de survivants du m\u00e9lanome et de soignants?: Annette Cyr, trois fois survivante, Jo Anne Adams, survivante\" \/>\n<meta property=\"og:url\" content=\"https:\/\/survivornet.ca\/fr\/reliez-vous\/partenaires\/melanome-canada\/\" \/>\n<meta property=\"og:site_name\" content=\"Canadian Cancer Survivor Network\" \/>\n<meta property=\"og:image\" content=\"https:\/\/survivornet.ca\/wp-content\/uploads\/2024\/02\/Melanome-Canada-FR.png\" \/>\n\t<meta property=\"og:image:width\" content=\"250\" \/>\n\t<meta property=\"og:image:height\" content=\"75\" \/>\n\t<meta property=\"og:image:type\" content=\"image\/png\" \/>\n<meta name=\"twitter:card\" content=\"summary_large_image\" \/>\n<meta name=\"twitter:label1\" content=\"Dur\u00e9e de lecture estim\u00e9e\" \/>\n\t<meta name=\"twitter:data1\" content=\"1 minute\" \/>\n<script type=\"application\/ld+json\" class=\"yoast-schema-graph\">{\"@context\":\"https:\\\/\\\/schema.org\",\"@graph\":[{\"@type\":\"WebPage\",\"@id\":\"https:\\\/\\\/survivornet.ca\\\/fr\\\/reliez-vous\\\/partenaires\\\/melanome-canada\\\/\",\"url\":\"https:\\\/\\\/survivornet.ca\\\/fr\\\/reliez-vous\\\/partenaires\\\/melanome-canada\\\/\",\"name\":\"M\u00e9lanome Canada - Canadian Cancer Survivor Network\",\"isPartOf\":{\"@id\":\"https:\\\/\\\/survivornet.ca\\\/#website\"},\"primaryImageOfPage\":{\"@id\":\"https:\\\/\\\/survivornet.ca\\\/fr\\\/reliez-vous\\\/partenaires\\\/melanome-canada\\\/#primaryimage\"},\"image\":{\"@id\":\"https:\\\/\\\/survivornet.ca\\\/fr\\\/reliez-vous\\\/partenaires\\\/melanome-canada\\\/#primaryimage\"},\"thumbnailUrl\":\"https:\\\/\\\/survivornet.ca\\\/wp-content\\\/uploads\\\/2024\\\/02\\\/Melanome-Canada-FR.png\",\"datePublished\":\"2024-02-22T20:03:38+00:00\",\"breadcrumb\":{\"@id\":\"https:\\\/\\\/survivornet.ca\\\/fr\\\/reliez-vous\\\/partenaires\\\/melanome-canada\\\/#breadcrumb\"},\"inLanguage\":\"fr-FR\",\"potentialAction\":[{\"@type\":\"ReadAction\",\"target\":[\"https:\\\/\\\/survivornet.ca\\\/fr\\\/reliez-vous\\\/partenaires\\\/melanome-canada\\\/\"]}]},{\"@type\":\"ImageObject\",\"inLanguage\":\"fr-FR\",\"@id\":\"https:\\\/\\\/survivornet.ca\\\/fr\\\/reliez-vous\\\/partenaires\\\/melanome-canada\\\/#primaryimage\",\"url\":\"https:\\\/\\\/survivornet.ca\\\/wp-content\\\/uploads\\\/2024\\\/02\\\/Melanome-Canada-FR.png\",\"contentUrl\":\"https:\\\/\\\/survivornet.ca\\\/wp-content\\\/uploads\\\/2024\\\/02\\\/Melanome-Canada-FR.png\",\"width\":250,\"height\":75},{\"@type\":\"BreadcrumbList\",\"@id\":\"https:\\\/\\\/survivornet.ca\\\/fr\\\/reliez-vous\\\/partenaires\\\/melanome-canada\\\/#breadcrumb\",\"itemListElement\":[{\"@type\":\"ListItem\",\"position\":1,\"name\":\"Home\",\"item\":\"https:\\\/\\\/survivornet.ca\\\/fr\\\/\"},{\"@type\":\"ListItem\",\"position\":2,\"name\":\"Connectez\",\"item\":\"https:\\\/\\\/survivornet.ca\\\/fr\\\/reliez-vous\\\/\"},{\"@type\":\"ListItem\",\"position\":3,\"name\":\"Partenaires\",\"item\":\"https:\\\/\\\/survivornet.ca\\\/fr\\\/reliez-vous\\\/partenaires\\\/\"},{\"@type\":\"ListItem\",\"position\":4,\"name\":\"M\u00e9lanome Canada\"}]},{\"@type\":\"WebSite\",\"@id\":\"https:\\\/\\\/survivornet.ca\\\/#website\",\"url\":\"https:\\\/\\\/survivornet.ca\\\/\",\"name\":\"Canadian Cancer Survivor Network\",\"description\":\"The Canadian Cancer Survivor Network was created by a group of Canadians concerned about cancer.\",\"publisher\":{\"@id\":\"https:\\\/\\\/survivornet.ca\\\/#organization\"},\"potentialAction\":[{\"@type\":\"SearchAction\",\"target\":{\"@type\":\"EntryPoint\",\"urlTemplate\":\"https:\\\/\\\/survivornet.ca\\\/?s={search_term_string}\"},\"query-input\":{\"@type\":\"PropertyValueSpecification\",\"valueRequired\":true,\"valueName\":\"search_term_string\"}}],\"inLanguage\":\"fr-FR\"},{\"@type\":\"Organization\",\"@id\":\"https:\\\/\\\/survivornet.ca\\\/#organization\",\"name\":\"Canadian Cancer Survivor Network\",\"url\":\"https:\\\/\\\/survivornet.ca\\\/\",\"logo\":{\"@type\":\"ImageObject\",\"inLanguage\":\"fr-FR\",\"@id\":\"https:\\\/\\\/survivornet.ca\\\/#\\\/schema\\\/logo\\\/image\\\/\",\"url\":\"http:\\\/\\\/survivornet.ca\\\/wp-content\\\/uploads\\\/2016\\\/12\\\/CCSN_Logo_EN_SQUARE.png\",\"contentUrl\":\"http:\\\/\\\/survivornet.ca\\\/wp-content\\\/uploads\\\/2016\\\/12\\\/CCSN_Logo_EN_SQUARE.png\",\"width\":1209,\"height\":1007,\"caption\":\"Canadian Cancer Survivor Network\"},\"image\":{\"@id\":\"https:\\\/\\\/survivornet.ca\\\/#\\\/schema\\\/logo\\\/image\\\/\"}}]}<\/script>\n<!-- \/ Yoast SEO plugin. -->","yoast_head_json":{"title":"M\u00e9lanome Canada - Canadian Cancer Survivor Network","robots":{"index":"index","follow":"follow","max-snippet":"max-snippet:-1","max-image-preview":"max-image-preview:large","max-video-preview":"max-video-preview:-1"},"canonical":"https:\/\/survivornet.ca\/fr\/reliez-vous\/partenaires\/melanome-canada\/","og_locale":"fr_FR","og_type":"article","og_title":"M\u00e9lanome Canada - Canadian Cancer Survivor Network","og_description":"Qui sommes-nous? M\u00e9lanome Canada, anciennement R\u00e9seau m\u00e9lanome Canada, a \u00e9t\u00e9 fond\u00e9 en 2009 par un trio de survivants du m\u00e9lanome et de soignants?: Annette Cyr, trois fois survivante, Jo Anne Adams, survivante","og_url":"https:\/\/survivornet.ca\/fr\/reliez-vous\/partenaires\/melanome-canada\/","og_site_name":"Canadian Cancer Survivor Network","og_image":[{"width":250,"height":75,"url":"https:\/\/survivornet.ca\/wp-content\/uploads\/2024\/02\/Melanome-Canada-FR.png","type":"image\/png"}],"twitter_card":"summary_large_image","twitter_misc":{"Dur\u00e9e de lecture estim\u00e9e":"1 minute"},"schema":{"@context":"https:\/\/schema.org","@graph":[{"@type":"WebPage","@id":"https:\/\/survivornet.ca\/fr\/reliez-vous\/partenaires\/melanome-canada\/","url":"https:\/\/survivornet.ca\/fr\/reliez-vous\/partenaires\/melanome-canada\/","name":"M\u00e9lanome Canada - Canadian Cancer Survivor Network","isPartOf":{"@id":"https:\/\/survivornet.ca\/#website"},"primaryImageOfPage":{"@id":"https:\/\/survivornet.ca\/fr\/reliez-vous\/partenaires\/melanome-canada\/#primaryimage"},"image":{"@id":"https:\/\/survivornet.ca\/fr\/reliez-vous\/partenaires\/melanome-canada\/#primaryimage"},"thumbnailUrl":"https:\/\/survivornet.ca\/wp-content\/uploads\/2024\/02\/Melanome-Canada-FR.png","datePublished":"2024-02-22T20:03:38+00:00","breadcrumb":{"@id":"https:\/\/survivornet.ca\/fr\/reliez-vous\/partenaires\/melanome-canada\/#breadcrumb"},"inLanguage":"fr-FR","potentialAction":[{"@type":"ReadAction","target":["https:\/\/survivornet.ca\/fr\/reliez-vous\/partenaires\/melanome-canada\/"]}]},{"@type":"ImageObject","inLanguage":"fr-FR","@id":"https:\/\/survivornet.ca\/fr\/reliez-vous\/partenaires\/melanome-canada\/#primaryimage","url":"https:\/\/survivornet.ca\/wp-content\/uploads\/2024\/02\/Melanome-Canada-FR.png","contentUrl":"https:\/\/survivornet.ca\/wp-content\/uploads\/2024\/02\/Melanome-Canada-FR.png","width":250,"height":75},{"@type":"BreadcrumbList","@id":"https:\/\/survivornet.ca\/fr\/reliez-vous\/partenaires\/melanome-canada\/#breadcrumb","itemListElement":[{"@type":"ListItem","position":1,"name":"Home","item":"https:\/\/survivornet.ca\/fr\/"},{"@type":"ListItem","position":2,"name":"Connectez","item":"https:\/\/survivornet.ca\/fr\/reliez-vous\/"},{"@type":"ListItem","position":3,"name":"Partenaires","item":"https:\/\/survivornet.ca\/fr\/reliez-vous\/partenaires\/"},{"@type":"ListItem","position":4,"name":"M\u00e9lanome Canada"}]},{"@type":"WebSite","@id":"https:\/\/survivornet.ca\/#website","url":"https:\/\/survivornet.ca\/","name":"Canadian Cancer Survivor Network","description":"The Canadian Cancer Survivor Network was created by a group of Canadians concerned about cancer.","publisher":{"@id":"https:\/\/survivornet.ca\/#organization"},"potentialAction":[{"@type":"SearchAction","target":{"@type":"EntryPoint","urlTemplate":"https:\/\/survivornet.ca\/?s={search_term_string}"},"query-input":{"@type":"PropertyValueSpecification","valueRequired":true,"valueName":"search_term_string"}}],"inLanguage":"fr-FR"},{"@type":"Organization","@id":"https:\/\/survivornet.ca\/#organization","name":"Canadian Cancer Survivor Network","url":"https:\/\/survivornet.ca\/","logo":{"@type":"ImageObject","inLanguage":"fr-FR","@id":"https:\/\/survivornet.ca\/#\/schema\/logo\/image\/","url":"http:\/\/survivornet.ca\/wp-content\/uploads\/2016\/12\/CCSN_Logo_EN_SQUARE.png","contentUrl":"http:\/\/survivornet.ca\/wp-content\/uploads\/2016\/12\/CCSN_Logo_EN_SQUARE.png","width":1209,"height":1007,"caption":"Canadian Cancer Survivor Network"},"image":{"@id":"https:\/\/survivornet.ca\/#\/schema\/logo\/image\/"}}]}},"_links":{"self":[{"href":"https:\/\/survivornet.ca\/fr\/wp-json\/wp\/v2\/pages\/29125","targetHints":{"allow":["GET"]}}],"collection":[{"href":"https:\/\/survivornet.ca\/fr\/wp-json\/wp\/v2\/pages"}],"about":[{"href":"https:\/\/survivornet.ca\/fr\/wp-json\/wp\/v2\/types\/page"}],"author":[{"embeddable":true,"href":"https:\/\/survivornet.ca\/fr\/wp-json\/wp\/v2\/users\/2"}],"replies":[{"embeddable":true,"href":"https:\/\/survivornet.ca\/fr\/wp-json\/wp\/v2\/comments?post=29125"}],"version-history":[{"count":1,"href":"https:\/\/survivornet.ca\/fr\/wp-json\/wp\/v2\/pages\/29125\/revisions"}],"predecessor-version":[{"id":29128,"href":"https:\/\/survivornet.ca\/fr\/wp-json\/wp\/v2\/pages\/29125\/revisions\/29128"}],"up":[{"embeddable":true,"href":"https:\/\/survivornet.ca\/fr\/wp-json\/wp\/v2\/pages\/4484"}],"wp:featuredmedia":[{"embeddable":true,"href":"https:\/\/survivornet.ca\/fr\/wp-json\/wp\/v2\/media\/29126"}],"wp:attachment":[{"href":"https:\/\/survivornet.ca\/fr\/wp-json\/wp\/v2\/media?parent=29125"}],"curies":[{"name":"wp","href":"https:\/\/api.w.org\/{rel}","templated":true}]}}