{"id":29096,"date":"2024-02-21T16:09:58","date_gmt":"2024-02-21T21:09:58","guid":{"rendered":"https:\/\/survivornet.ca\/?page_id=29096"},"modified":"2024-02-21T16:09:58","modified_gmt":"2024-02-21T21:09:58","slug":"lymphedema-association-of-ontario","status":"publish","type":"page","link":"https:\/\/survivornet.ca\/fr\/reliez-vous\/partenaires\/lymphedema-association-of-ontario\/","title":{"rendered":"Lymphedema Association of Ontario"},"content":{"rendered":"<p><img loading=\"lazy\" decoding=\"async\" class=\"aligncenter size-full wp-image-29097\" src=\"http:\/\/survivornet.ca\/wp-content\/uploads\/2024\/02\/Lemphedema-Association-of-Ontario-logo.png\" alt=\"\" width=\"525\" height=\"96\" \/><\/p>\n<p>Pr\u00e9sentement, le Lymphedema Association of Ontario s&#8217;efforce d&#8217;aider les individus aux prises avec un lymphoed\u00e8me ainsi que les professionnels de la sant\u00e9, en offrant des informations et des ressources sur le lymphoed\u00e8me en Ontario.<\/p>\n<p>Cela inclu:<\/p>\n<ul class=\"content-list\">\n<li>Des informations g\u00e9n\u00e9rales sur le lymphoed\u00e8me, les options de traitement, des ressources, des m\u00e9thodes de pr\u00e9vention et les lignes directrices cliniques.<\/li>\n<li>Un r\u00e9pertoire des th\u00e9rapeutes certifi\u00e9s en lymphoed\u00e8me en Ontario et une carte des th\u00e9rapeutes dans la province.<\/li>\n<li>Un r\u00e9pertoire des installateurs\/d\u00e9taillants de produits pour le lymphoed\u00e8me et des informations sur l&#8217;aide financi\u00e8re et le Programme d\u2019appareils et accessoires fonctionnels.<\/li>\n<li>Un r\u00e9pertoire des distributeurs\/fabricants de produits contre le lymphoed\u00e8me.<\/li>\n<li>Un syst\u00e8me de formation sur le lymphoed\u00e8me pour les th\u00e9rapeutes.<\/li>\n<li>Une liste des cliniques pour le lymphoed\u00e8me dans le milieu hospitalier.<\/li>\n<li>Une liste de groupes de soutien pour les individus aux prises avec le lymphoed\u00e8me en Ontario.<\/li>\n<li>Une liste d&#8217;information sur les \u00e9v\u00e9nements ayant trait au lymphoed\u00e8me<\/li>\n<\/ul>\n<p>-&gt; Toutes ces informations et encore plus, sont accessibles par l&#8217;entremise de notre <a href=\"https:\/\/www.lymphontario.ca\/\">site web<\/a>.<\/p>\n<p>1-877-723-0033 | 416-410-2250 | info@lymphontario.ca<\/p>\n","protected":false},"excerpt":{"rendered":"<p>Pr\u00e9sentement, le Lymphedema Association of Ontario s&#8217;efforce d&#8217;aider les individus aux prises avec un lymphoed\u00e8me ainsi que les professionnels de la sant\u00e9, en offrant des informations et des ressources sur le lymphoed\u00e8me<\/p>\n","protected":false},"author":2,"featured_media":29097,"parent":4484,"menu_order":0,"comment_status":"closed","ping_status":"closed","template":"","meta":{"_acf_changed":false,"footnotes":""},"class_list":["post-29096","page","type-page","status-publish","has-post-thumbnail","hentry"],"acf":[],"yoast_head":"<!-- This site is optimized with the Yoast SEO plugin v27.4 - https:\/\/yoast.com\/product\/yoast-seo-wordpress\/ -->\n<title>Lymphedema Association of Ontario - Canadian Cancer Survivor Network<\/title>\n<meta name=\"robots\" content=\"index, follow, max-snippet:-1, max-image-preview:large, max-video-preview:-1\" \/>\n<link rel=\"canonical\" href=\"https:\/\/survivornet.ca\/fr\/reliez-vous\/partenaires\/lymphedema-association-of-ontario\/\" \/>\n<meta property=\"og:locale\" content=\"fr_FR\" \/>\n<meta property=\"og:type\" content=\"article\" \/>\n<meta property=\"og:title\" content=\"Lymphedema Association of Ontario - Canadian Cancer Survivor Network\" \/>\n<meta property=\"og:description\" content=\"Pr\u00e9sentement, le Lymphedema Association of Ontario s&#8217;efforce d&#8217;aider les individus aux prises avec un lymphoed\u00e8me ainsi que les professionnels de la sant\u00e9, en offrant des informations et des ressources sur le lymphoed\u00e8me\" \/>\n<meta property=\"og:url\" content=\"https:\/\/survivornet.ca\/fr\/reliez-vous\/partenaires\/lymphedema-association-of-ontario\/\" \/>\n<meta property=\"og:site_name\" content=\"Canadian Cancer Survivor Network\" \/>\n<meta property=\"og:image\" content=\"https:\/\/survivornet.ca\/wp-content\/uploads\/2024\/02\/Lemphedema-Association-of-Ontario-logo.png\" \/>\n\t<meta property=\"og:image:width\" content=\"525\" \/>\n\t<meta property=\"og:image:height\" content=\"96\" \/>\n\t<meta property=\"og:image:type\" content=\"image\/png\" \/>\n<meta name=\"twitter:card\" content=\"summary_large_image\" \/>\n<meta name=\"twitter:label1\" content=\"Dur\u00e9e de lecture estim\u00e9e\" \/>\n\t<meta name=\"twitter:data1\" content=\"1 minute\" \/>\n<script type=\"application\/ld+json\" class=\"yoast-schema-graph\">{\"@context\":\"https:\\\/\\\/schema.org\",\"@graph\":[{\"@type\":\"WebPage\",\"@id\":\"https:\\\/\\\/survivornet.ca\\\/fr\\\/reliez-vous\\\/partenaires\\\/lymphedema-association-of-ontario\\\/\",\"url\":\"https:\\\/\\\/survivornet.ca\\\/fr\\\/reliez-vous\\\/partenaires\\\/lymphedema-association-of-ontario\\\/\",\"name\":\"Lymphedema Association of Ontario - Canadian Cancer Survivor Network\",\"isPartOf\":{\"@id\":\"https:\\\/\\\/survivornet.ca\\\/#website\"},\"primaryImageOfPage\":{\"@id\":\"https:\\\/\\\/survivornet.ca\\\/fr\\\/reliez-vous\\\/partenaires\\\/lymphedema-association-of-ontario\\\/#primaryimage\"},\"image\":{\"@id\":\"https:\\\/\\\/survivornet.ca\\\/fr\\\/reliez-vous\\\/partenaires\\\/lymphedema-association-of-ontario\\\/#primaryimage\"},\"thumbnailUrl\":\"https:\\\/\\\/survivornet.ca\\\/wp-content\\\/uploads\\\/2024\\\/02\\\/Lemphedema-Association-of-Ontario-logo.png\",\"datePublished\":\"2024-02-21T21:09:58+00:00\",\"breadcrumb\":{\"@id\":\"https:\\\/\\\/survivornet.ca\\\/fr\\\/reliez-vous\\\/partenaires\\\/lymphedema-association-of-ontario\\\/#breadcrumb\"},\"inLanguage\":\"fr-FR\",\"potentialAction\":[{\"@type\":\"ReadAction\",\"target\":[\"https:\\\/\\\/survivornet.ca\\\/fr\\\/reliez-vous\\\/partenaires\\\/lymphedema-association-of-ontario\\\/\"]}]},{\"@type\":\"ImageObject\",\"inLanguage\":\"fr-FR\",\"@id\":\"https:\\\/\\\/survivornet.ca\\\/fr\\\/reliez-vous\\\/partenaires\\\/lymphedema-association-of-ontario\\\/#primaryimage\",\"url\":\"https:\\\/\\\/survivornet.ca\\\/wp-content\\\/uploads\\\/2024\\\/02\\\/Lemphedema-Association-of-Ontario-logo.png\",\"contentUrl\":\"https:\\\/\\\/survivornet.ca\\\/wp-content\\\/uploads\\\/2024\\\/02\\\/Lemphedema-Association-of-Ontario-logo.png\",\"width\":525,\"height\":96},{\"@type\":\"BreadcrumbList\",\"@id\":\"https:\\\/\\\/survivornet.ca\\\/fr\\\/reliez-vous\\\/partenaires\\\/lymphedema-association-of-ontario\\\/#breadcrumb\",\"itemListElement\":[{\"@type\":\"ListItem\",\"position\":1,\"name\":\"Home\",\"item\":\"https:\\\/\\\/survivornet.ca\\\/fr\\\/\"},{\"@type\":\"ListItem\",\"position\":2,\"name\":\"Connectez\",\"item\":\"https:\\\/\\\/survivornet.ca\\\/fr\\\/reliez-vous\\\/\"},{\"@type\":\"ListItem\",\"position\":3,\"name\":\"Partenaires\",\"item\":\"https:\\\/\\\/survivornet.ca\\\/fr\\\/reliez-vous\\\/partenaires\\\/\"},{\"@type\":\"ListItem\",\"position\":4,\"name\":\"Lymphedema Association of Ontario\"}]},{\"@type\":\"WebSite\",\"@id\":\"https:\\\/\\\/survivornet.ca\\\/#website\",\"url\":\"https:\\\/\\\/survivornet.ca\\\/\",\"name\":\"Canadian Cancer Survivor Network\",\"description\":\"The Canadian Cancer Survivor Network was created by a group of Canadians concerned about cancer.\",\"publisher\":{\"@id\":\"https:\\\/\\\/survivornet.ca\\\/#organization\"},\"potentialAction\":[{\"@type\":\"SearchAction\",\"target\":{\"@type\":\"EntryPoint\",\"urlTemplate\":\"https:\\\/\\\/survivornet.ca\\\/?s={search_term_string}\"},\"query-input\":{\"@type\":\"PropertyValueSpecification\",\"valueRequired\":true,\"valueName\":\"search_term_string\"}}],\"inLanguage\":\"fr-FR\"},{\"@type\":\"Organization\",\"@id\":\"https:\\\/\\\/survivornet.ca\\\/#organization\",\"name\":\"Canadian Cancer Survivor Network\",\"url\":\"https:\\\/\\\/survivornet.ca\\\/\",\"logo\":{\"@type\":\"ImageObject\",\"inLanguage\":\"fr-FR\",\"@id\":\"https:\\\/\\\/survivornet.ca\\\/#\\\/schema\\\/logo\\\/image\\\/\",\"url\":\"http:\\\/\\\/survivornet.ca\\\/wp-content\\\/uploads\\\/2016\\\/12\\\/CCSN_Logo_EN_SQUARE.png\",\"contentUrl\":\"http:\\\/\\\/survivornet.ca\\\/wp-content\\\/uploads\\\/2016\\\/12\\\/CCSN_Logo_EN_SQUARE.png\",\"width\":1209,\"height\":1007,\"caption\":\"Canadian Cancer Survivor Network\"},\"image\":{\"@id\":\"https:\\\/\\\/survivornet.ca\\\/#\\\/schema\\\/logo\\\/image\\\/\"}}]}<\/script>\n<!-- \/ Yoast SEO plugin. -->","yoast_head_json":{"title":"Lymphedema Association of Ontario - Canadian Cancer Survivor Network","robots":{"index":"index","follow":"follow","max-snippet":"max-snippet:-1","max-image-preview":"max-image-preview:large","max-video-preview":"max-video-preview:-1"},"canonical":"https:\/\/survivornet.ca\/fr\/reliez-vous\/partenaires\/lymphedema-association-of-ontario\/","og_locale":"fr_FR","og_type":"article","og_title":"Lymphedema Association of Ontario - Canadian Cancer Survivor Network","og_description":"Pr\u00e9sentement, le Lymphedema Association of Ontario s&#8217;efforce d&#8217;aider les individus aux prises avec un lymphoed\u00e8me ainsi que les professionnels de la sant\u00e9, en offrant des informations et des ressources sur le lymphoed\u00e8me","og_url":"https:\/\/survivornet.ca\/fr\/reliez-vous\/partenaires\/lymphedema-association-of-ontario\/","og_site_name":"Canadian Cancer Survivor Network","og_image":[{"width":525,"height":96,"url":"https:\/\/survivornet.ca\/wp-content\/uploads\/2024\/02\/Lemphedema-Association-of-Ontario-logo.png","type":"image\/png"}],"twitter_card":"summary_large_image","twitter_misc":{"Dur\u00e9e de lecture estim\u00e9e":"1 minute"},"schema":{"@context":"https:\/\/schema.org","@graph":[{"@type":"WebPage","@id":"https:\/\/survivornet.ca\/fr\/reliez-vous\/partenaires\/lymphedema-association-of-ontario\/","url":"https:\/\/survivornet.ca\/fr\/reliez-vous\/partenaires\/lymphedema-association-of-ontario\/","name":"Lymphedema Association of Ontario - Canadian Cancer Survivor Network","isPartOf":{"@id":"https:\/\/survivornet.ca\/#website"},"primaryImageOfPage":{"@id":"https:\/\/survivornet.ca\/fr\/reliez-vous\/partenaires\/lymphedema-association-of-ontario\/#primaryimage"},"image":{"@id":"https:\/\/survivornet.ca\/fr\/reliez-vous\/partenaires\/lymphedema-association-of-ontario\/#primaryimage"},"thumbnailUrl":"https:\/\/survivornet.ca\/wp-content\/uploads\/2024\/02\/Lemphedema-Association-of-Ontario-logo.png","datePublished":"2024-02-21T21:09:58+00:00","breadcrumb":{"@id":"https:\/\/survivornet.ca\/fr\/reliez-vous\/partenaires\/lymphedema-association-of-ontario\/#breadcrumb"},"inLanguage":"fr-FR","potentialAction":[{"@type":"ReadAction","target":["https:\/\/survivornet.ca\/fr\/reliez-vous\/partenaires\/lymphedema-association-of-ontario\/"]}]},{"@type":"ImageObject","inLanguage":"fr-FR","@id":"https:\/\/survivornet.ca\/fr\/reliez-vous\/partenaires\/lymphedema-association-of-ontario\/#primaryimage","url":"https:\/\/survivornet.ca\/wp-content\/uploads\/2024\/02\/Lemphedema-Association-of-Ontario-logo.png","contentUrl":"https:\/\/survivornet.ca\/wp-content\/uploads\/2024\/02\/Lemphedema-Association-of-Ontario-logo.png","width":525,"height":96},{"@type":"BreadcrumbList","@id":"https:\/\/survivornet.ca\/fr\/reliez-vous\/partenaires\/lymphedema-association-of-ontario\/#breadcrumb","itemListElement":[{"@type":"ListItem","position":1,"name":"Home","item":"https:\/\/survivornet.ca\/fr\/"},{"@type":"ListItem","position":2,"name":"Connectez","item":"https:\/\/survivornet.ca\/fr\/reliez-vous\/"},{"@type":"ListItem","position":3,"name":"Partenaires","item":"https:\/\/survivornet.ca\/fr\/reliez-vous\/partenaires\/"},{"@type":"ListItem","position":4,"name":"Lymphedema Association of Ontario"}]},{"@type":"WebSite","@id":"https:\/\/survivornet.ca\/#website","url":"https:\/\/survivornet.ca\/","name":"Canadian Cancer Survivor Network","description":"The Canadian Cancer Survivor Network was created by a group of Canadians concerned about cancer.","publisher":{"@id":"https:\/\/survivornet.ca\/#organization"},"potentialAction":[{"@type":"SearchAction","target":{"@type":"EntryPoint","urlTemplate":"https:\/\/survivornet.ca\/?s={search_term_string}"},"query-input":{"@type":"PropertyValueSpecification","valueRequired":true,"valueName":"search_term_string"}}],"inLanguage":"fr-FR"},{"@type":"Organization","@id":"https:\/\/survivornet.ca\/#organization","name":"Canadian Cancer Survivor Network","url":"https:\/\/survivornet.ca\/","logo":{"@type":"ImageObject","inLanguage":"fr-FR","@id":"https:\/\/survivornet.ca\/#\/schema\/logo\/image\/","url":"http:\/\/survivornet.ca\/wp-content\/uploads\/2016\/12\/CCSN_Logo_EN_SQUARE.png","contentUrl":"http:\/\/survivornet.ca\/wp-content\/uploads\/2016\/12\/CCSN_Logo_EN_SQUARE.png","width":1209,"height":1007,"caption":"Canadian Cancer Survivor Network"},"image":{"@id":"https:\/\/survivornet.ca\/#\/schema\/logo\/image\/"}}]}},"_links":{"self":[{"href":"https:\/\/survivornet.ca\/fr\/wp-json\/wp\/v2\/pages\/29096","targetHints":{"allow":["GET"]}}],"collection":[{"href":"https:\/\/survivornet.ca\/fr\/wp-json\/wp\/v2\/pages"}],"about":[{"href":"https:\/\/survivornet.ca\/fr\/wp-json\/wp\/v2\/types\/page"}],"author":[{"embeddable":true,"href":"https:\/\/survivornet.ca\/fr\/wp-json\/wp\/v2\/users\/2"}],"replies":[{"embeddable":true,"href":"https:\/\/survivornet.ca\/fr\/wp-json\/wp\/v2\/comments?post=29096"}],"version-history":[{"count":2,"href":"https:\/\/survivornet.ca\/fr\/wp-json\/wp\/v2\/pages\/29096\/revisions"}],"predecessor-version":[{"id":29100,"href":"https:\/\/survivornet.ca\/fr\/wp-json\/wp\/v2\/pages\/29096\/revisions\/29100"}],"up":[{"embeddable":true,"href":"https:\/\/survivornet.ca\/fr\/wp-json\/wp\/v2\/pages\/4484"}],"wp:featuredmedia":[{"embeddable":true,"href":"https:\/\/survivornet.ca\/fr\/wp-json\/wp\/v2\/media\/29097"}],"wp:attachment":[{"href":"https:\/\/survivornet.ca\/fr\/wp-json\/wp\/v2\/media?parent=29096"}],"curies":[{"name":"wp","href":"https:\/\/api.w.org\/{rel}","templated":true}]}}