{"id":29029,"date":"2024-02-20T15:10:17","date_gmt":"2024-02-20T20:10:17","guid":{"rendered":"https:\/\/survivornet.ca\/?page_id=29029"},"modified":"2024-02-20T15:10:17","modified_gmt":"2024-02-20T20:10:17","slug":"life-saving-therapies-network","status":"publish","type":"page","link":"https:\/\/survivornet.ca\/fr\/reliez-vous\/partenaires\/life-saving-therapies-network\/","title":{"rendered":"Life-Saving Therapies Network"},"content":{"rendered":"<p><img loading=\"lazy\" decoding=\"async\" class=\"aligncenter  wp-image-29030\" src=\"http:\/\/survivornet.ca\/wp-content\/uploads\/2024\/02\/Life-Saving-Therapies-Network-Logo.png\" alt=\"\" width=\"355\" height=\"121\" \/><\/p>\n<p><span style=\"text-decoration: underline;\"><strong>Qui nous sommes<\/strong><\/span><\/p>\n<p>Life-Saving Therapies Network est un r\u00e9seau international dirig\u00e9 par des patients et qui comprend des oncologues, des chercheurs, des r\u00e9gulateurs, des \u00e9thicinens m\u00e9dicaux, des \u00e9conomistes dans le domaine de la sant\u00e9, et d&#8217;autres individus en Am\u00e9rique du Nord et en Europe.<\/p>\n<p><strong>Notre mission\u00a0<\/strong>est de permettre aux patients atteints de maladies mortelles d&#8217;avoir un acc\u00e8s plus rapide \u00e0 de meilleures th\u00e9rapies. Nos initiatives sont fond\u00e9es sur des donn\u00e9es probantes et soutenues par un \u00e9chantillon repr\u00e9sentatif du syst\u00e8me de sant\u00e9 international.<\/p>\n<p><span style=\"text-decoration: underline;\">Nos domaines d&#8217;intervention comprennent la recherche clinique, la r\u00e9forme des r\u00e9glementations et du remboursement.<\/span><\/p>\n<ul class=\"content-list\">\n<li><strong>R\u00e9forme de r\u00e9glementation:\u00a0<\/strong>Le syst\u00e8me est couteux, fastidieux et prend beaucoup de temps. Il y a trop d&#8217;agences et d&#8217;\u00e9tapes bureaucratiques n\u00e9cessaires pour fournir un traitement \u00e0 une personne &#8211; cela tue des gens et augmente leur niveau de d\u00e9tresse. Nous devons acc\u00e9l\u00e9rer l&#8217;acc\u00e8s aux th\u00e9rapies prometteuses contre les maladies mortelles en mettant en place des r\u00e9glementations ax\u00e9es sur le progr\u00e8s.<\/li>\n<li><strong>R\u00e9forme de la recherche clinique:\u00a0<\/strong>Nous avons besoin d&#8217;essais cliniques con\u00e7us pour s&#8217;adapter au traitement (par exemple, des essais adaptatifs, des essais r\u00e9els, de petits essais efficaces pour les m\u00e9dicaments de pr\u00e9cision, et non des \u00e9tudes pluriannuelles inutiles qui masquent parfois l&#8217;efficacit\u00e9 d&#8217;un m\u00e9dicament). En outre, les essais devraient \u00eatre plus flexibles et les patients devraient \u00eatre trait\u00e9s \u00e0 proximit\u00e9 de leur lieu de r\u00e9sidence.<\/li>\n<li><strong>R\u00e9forme de remboursement:\u00a0<\/strong>La liste des traitements contre les maladies mortelles dont le remboursement est approuv\u00e9 devrait \u00eatre \u00e9largie. Les crit\u00e8res de remboursement doivent \u00eatre simplifi\u00e9s pour permettre aux personnes de toutes conditions socio-\u00e9conomiques d&#8217;acc\u00e9der aux meilleures options de traitements.<\/li>\n<\/ul>\n<p><span style=\"text-decoration: underline;\"><strong>Notre boussole de changement<\/strong><\/span><\/p>\n<p>Notre plan de revendication est complexe et d\u00e9tient plusieurs niveaux. Notre boussole pour le changement clarifie chaque \u00e9l\u00e9ment de notre plan et aide \u00e0 faire progresser nos d\u00e9marches.<\/p>\n<ol class=\"content-list\">\n<li>Cr\u00e9er une mouvement politique<\/li>\n<li>Promouvoir les initiaties de d\u00e9fense des droits des patients<\/li>\n<li>Faciliter l&#8217;acc\u00e8s aux th\u00e9rapies<\/li>\n<li>Faire usage de la technologie<\/li>\n<li>Combler les silos de donn\u00e9es<\/li>\n<li>Promouvoir l&#8217;efficacit\u00e9 de la r\u00e9glementation<\/li>\n<\/ol>\n<p>&#8230;<\/p>\n<p>Pour en savoir plus, consultez notre <a href=\"https:\/\/lifesavingtherapies.com\/\">site web<\/a>, ou contactez-nous par courriel (info@lifesavingtherapies.com)<\/p>\n<p>Vous pouvez aussi nous suivre sur <a href=\"https:\/\/twitter.com\/LSTNhealthcare\">Twitter<\/a>.<\/p>\n","protected":false},"excerpt":{"rendered":"<p>Qui nous sommes Life-Saving Therapies Network est un r\u00e9seau international dirig\u00e9 par des patients et qui comprend des oncologues, des chercheurs, des r\u00e9gulateurs, des \u00e9thicinens m\u00e9dicaux, des \u00e9conomistes dans le domaine de<\/p>\n","protected":false},"author":2,"featured_media":29030,"parent":4484,"menu_order":0,"comment_status":"closed","ping_status":"closed","template":"","meta":{"_acf_changed":false,"footnotes":""},"class_list":["post-29029","page","type-page","status-publish","has-post-thumbnail","hentry"],"acf":[],"yoast_head":"<!-- This site is optimized with the Yoast SEO plugin v27.4 - https:\/\/yoast.com\/product\/yoast-seo-wordpress\/ -->\n<title>Life-Saving Therapies Network - Canadian Cancer Survivor Network<\/title>\n<meta name=\"robots\" content=\"index, follow, max-snippet:-1, max-image-preview:large, max-video-preview:-1\" \/>\n<link rel=\"canonical\" href=\"https:\/\/survivornet.ca\/fr\/reliez-vous\/partenaires\/life-saving-therapies-network\/\" \/>\n<meta property=\"og:locale\" content=\"fr_FR\" \/>\n<meta property=\"og:type\" content=\"article\" \/>\n<meta property=\"og:title\" content=\"Life-Saving Therapies Network - Canadian Cancer Survivor Network\" \/>\n<meta property=\"og:description\" content=\"Qui nous sommes Life-Saving Therapies Network est un r\u00e9seau international dirig\u00e9 par des patients et qui comprend des oncologues, des chercheurs, des r\u00e9gulateurs, des \u00e9thicinens m\u00e9dicaux, des \u00e9conomistes dans le domaine de\" \/>\n<meta property=\"og:url\" content=\"https:\/\/survivornet.ca\/fr\/reliez-vous\/partenaires\/life-saving-therapies-network\/\" \/>\n<meta property=\"og:site_name\" content=\"Canadian Cancer Survivor Network\" \/>\n<meta property=\"og:image\" content=\"https:\/\/survivornet.ca\/wp-content\/uploads\/2024\/02\/Life-Saving-Therapies-Network-Logo.png\" \/>\n\t<meta property=\"og:image:width\" content=\"320\" \/>\n\t<meta property=\"og:image:height\" content=\"109\" \/>\n\t<meta property=\"og:image:type\" content=\"image\/png\" \/>\n<meta name=\"twitter:card\" content=\"summary_large_image\" \/>\n<meta name=\"twitter:label1\" content=\"Dur\u00e9e de lecture estim\u00e9e\" \/>\n\t<meta name=\"twitter:data1\" content=\"2 minutes\" \/>\n<script type=\"application\/ld+json\" class=\"yoast-schema-graph\">{\"@context\":\"https:\\\/\\\/schema.org\",\"@graph\":[{\"@type\":\"WebPage\",\"@id\":\"https:\\\/\\\/survivornet.ca\\\/fr\\\/reliez-vous\\\/partenaires\\\/life-saving-therapies-network\\\/\",\"url\":\"https:\\\/\\\/survivornet.ca\\\/fr\\\/reliez-vous\\\/partenaires\\\/life-saving-therapies-network\\\/\",\"name\":\"Life-Saving Therapies Network - Canadian Cancer Survivor Network\",\"isPartOf\":{\"@id\":\"https:\\\/\\\/survivornet.ca\\\/#website\"},\"primaryImageOfPage\":{\"@id\":\"https:\\\/\\\/survivornet.ca\\\/fr\\\/reliez-vous\\\/partenaires\\\/life-saving-therapies-network\\\/#primaryimage\"},\"image\":{\"@id\":\"https:\\\/\\\/survivornet.ca\\\/fr\\\/reliez-vous\\\/partenaires\\\/life-saving-therapies-network\\\/#primaryimage\"},\"thumbnailUrl\":\"https:\\\/\\\/survivornet.ca\\\/wp-content\\\/uploads\\\/2024\\\/02\\\/Life-Saving-Therapies-Network-Logo.png\",\"datePublished\":\"2024-02-20T20:10:17+00:00\",\"breadcrumb\":{\"@id\":\"https:\\\/\\\/survivornet.ca\\\/fr\\\/reliez-vous\\\/partenaires\\\/life-saving-therapies-network\\\/#breadcrumb\"},\"inLanguage\":\"fr-FR\",\"potentialAction\":[{\"@type\":\"ReadAction\",\"target\":[\"https:\\\/\\\/survivornet.ca\\\/fr\\\/reliez-vous\\\/partenaires\\\/life-saving-therapies-network\\\/\"]}]},{\"@type\":\"ImageObject\",\"inLanguage\":\"fr-FR\",\"@id\":\"https:\\\/\\\/survivornet.ca\\\/fr\\\/reliez-vous\\\/partenaires\\\/life-saving-therapies-network\\\/#primaryimage\",\"url\":\"https:\\\/\\\/survivornet.ca\\\/wp-content\\\/uploads\\\/2024\\\/02\\\/Life-Saving-Therapies-Network-Logo.png\",\"contentUrl\":\"https:\\\/\\\/survivornet.ca\\\/wp-content\\\/uploads\\\/2024\\\/02\\\/Life-Saving-Therapies-Network-Logo.png\",\"width\":320,\"height\":109},{\"@type\":\"BreadcrumbList\",\"@id\":\"https:\\\/\\\/survivornet.ca\\\/fr\\\/reliez-vous\\\/partenaires\\\/life-saving-therapies-network\\\/#breadcrumb\",\"itemListElement\":[{\"@type\":\"ListItem\",\"position\":1,\"name\":\"Home\",\"item\":\"https:\\\/\\\/survivornet.ca\\\/fr\\\/\"},{\"@type\":\"ListItem\",\"position\":2,\"name\":\"Connectez\",\"item\":\"https:\\\/\\\/survivornet.ca\\\/fr\\\/reliez-vous\\\/\"},{\"@type\":\"ListItem\",\"position\":3,\"name\":\"Partenaires\",\"item\":\"https:\\\/\\\/survivornet.ca\\\/fr\\\/reliez-vous\\\/partenaires\\\/\"},{\"@type\":\"ListItem\",\"position\":4,\"name\":\"Life-Saving Therapies Network\"}]},{\"@type\":\"WebSite\",\"@id\":\"https:\\\/\\\/survivornet.ca\\\/#website\",\"url\":\"https:\\\/\\\/survivornet.ca\\\/\",\"name\":\"Canadian Cancer Survivor Network\",\"description\":\"The Canadian Cancer Survivor Network was created by a group of Canadians concerned about cancer.\",\"publisher\":{\"@id\":\"https:\\\/\\\/survivornet.ca\\\/#organization\"},\"potentialAction\":[{\"@type\":\"SearchAction\",\"target\":{\"@type\":\"EntryPoint\",\"urlTemplate\":\"https:\\\/\\\/survivornet.ca\\\/?s={search_term_string}\"},\"query-input\":{\"@type\":\"PropertyValueSpecification\",\"valueRequired\":true,\"valueName\":\"search_term_string\"}}],\"inLanguage\":\"fr-FR\"},{\"@type\":\"Organization\",\"@id\":\"https:\\\/\\\/survivornet.ca\\\/#organization\",\"name\":\"Canadian Cancer Survivor Network\",\"url\":\"https:\\\/\\\/survivornet.ca\\\/\",\"logo\":{\"@type\":\"ImageObject\",\"inLanguage\":\"fr-FR\",\"@id\":\"https:\\\/\\\/survivornet.ca\\\/#\\\/schema\\\/logo\\\/image\\\/\",\"url\":\"http:\\\/\\\/survivornet.ca\\\/wp-content\\\/uploads\\\/2016\\\/12\\\/CCSN_Logo_EN_SQUARE.png\",\"contentUrl\":\"http:\\\/\\\/survivornet.ca\\\/wp-content\\\/uploads\\\/2016\\\/12\\\/CCSN_Logo_EN_SQUARE.png\",\"width\":1209,\"height\":1007,\"caption\":\"Canadian Cancer Survivor Network\"},\"image\":{\"@id\":\"https:\\\/\\\/survivornet.ca\\\/#\\\/schema\\\/logo\\\/image\\\/\"}}]}<\/script>\n<!-- \/ Yoast SEO plugin. -->","yoast_head_json":{"title":"Life-Saving Therapies Network - Canadian Cancer Survivor Network","robots":{"index":"index","follow":"follow","max-snippet":"max-snippet:-1","max-image-preview":"max-image-preview:large","max-video-preview":"max-video-preview:-1"},"canonical":"https:\/\/survivornet.ca\/fr\/reliez-vous\/partenaires\/life-saving-therapies-network\/","og_locale":"fr_FR","og_type":"article","og_title":"Life-Saving Therapies Network - Canadian Cancer Survivor Network","og_description":"Qui nous sommes Life-Saving Therapies Network est un r\u00e9seau international dirig\u00e9 par des patients et qui comprend des oncologues, des chercheurs, des r\u00e9gulateurs, des \u00e9thicinens m\u00e9dicaux, des \u00e9conomistes dans le domaine de","og_url":"https:\/\/survivornet.ca\/fr\/reliez-vous\/partenaires\/life-saving-therapies-network\/","og_site_name":"Canadian Cancer Survivor Network","og_image":[{"width":320,"height":109,"url":"https:\/\/survivornet.ca\/wp-content\/uploads\/2024\/02\/Life-Saving-Therapies-Network-Logo.png","type":"image\/png"}],"twitter_card":"summary_large_image","twitter_misc":{"Dur\u00e9e de lecture estim\u00e9e":"2 minutes"},"schema":{"@context":"https:\/\/schema.org","@graph":[{"@type":"WebPage","@id":"https:\/\/survivornet.ca\/fr\/reliez-vous\/partenaires\/life-saving-therapies-network\/","url":"https:\/\/survivornet.ca\/fr\/reliez-vous\/partenaires\/life-saving-therapies-network\/","name":"Life-Saving Therapies Network - Canadian Cancer Survivor Network","isPartOf":{"@id":"https:\/\/survivornet.ca\/#website"},"primaryImageOfPage":{"@id":"https:\/\/survivornet.ca\/fr\/reliez-vous\/partenaires\/life-saving-therapies-network\/#primaryimage"},"image":{"@id":"https:\/\/survivornet.ca\/fr\/reliez-vous\/partenaires\/life-saving-therapies-network\/#primaryimage"},"thumbnailUrl":"https:\/\/survivornet.ca\/wp-content\/uploads\/2024\/02\/Life-Saving-Therapies-Network-Logo.png","datePublished":"2024-02-20T20:10:17+00:00","breadcrumb":{"@id":"https:\/\/survivornet.ca\/fr\/reliez-vous\/partenaires\/life-saving-therapies-network\/#breadcrumb"},"inLanguage":"fr-FR","potentialAction":[{"@type":"ReadAction","target":["https:\/\/survivornet.ca\/fr\/reliez-vous\/partenaires\/life-saving-therapies-network\/"]}]},{"@type":"ImageObject","inLanguage":"fr-FR","@id":"https:\/\/survivornet.ca\/fr\/reliez-vous\/partenaires\/life-saving-therapies-network\/#primaryimage","url":"https:\/\/survivornet.ca\/wp-content\/uploads\/2024\/02\/Life-Saving-Therapies-Network-Logo.png","contentUrl":"https:\/\/survivornet.ca\/wp-content\/uploads\/2024\/02\/Life-Saving-Therapies-Network-Logo.png","width":320,"height":109},{"@type":"BreadcrumbList","@id":"https:\/\/survivornet.ca\/fr\/reliez-vous\/partenaires\/life-saving-therapies-network\/#breadcrumb","itemListElement":[{"@type":"ListItem","position":1,"name":"Home","item":"https:\/\/survivornet.ca\/fr\/"},{"@type":"ListItem","position":2,"name":"Connectez","item":"https:\/\/survivornet.ca\/fr\/reliez-vous\/"},{"@type":"ListItem","position":3,"name":"Partenaires","item":"https:\/\/survivornet.ca\/fr\/reliez-vous\/partenaires\/"},{"@type":"ListItem","position":4,"name":"Life-Saving Therapies Network"}]},{"@type":"WebSite","@id":"https:\/\/survivornet.ca\/#website","url":"https:\/\/survivornet.ca\/","name":"Canadian Cancer Survivor Network","description":"The Canadian Cancer Survivor Network was created by a group of Canadians concerned about cancer.","publisher":{"@id":"https:\/\/survivornet.ca\/#organization"},"potentialAction":[{"@type":"SearchAction","target":{"@type":"EntryPoint","urlTemplate":"https:\/\/survivornet.ca\/?s={search_term_string}"},"query-input":{"@type":"PropertyValueSpecification","valueRequired":true,"valueName":"search_term_string"}}],"inLanguage":"fr-FR"},{"@type":"Organization","@id":"https:\/\/survivornet.ca\/#organization","name":"Canadian Cancer Survivor Network","url":"https:\/\/survivornet.ca\/","logo":{"@type":"ImageObject","inLanguage":"fr-FR","@id":"https:\/\/survivornet.ca\/#\/schema\/logo\/image\/","url":"http:\/\/survivornet.ca\/wp-content\/uploads\/2016\/12\/CCSN_Logo_EN_SQUARE.png","contentUrl":"http:\/\/survivornet.ca\/wp-content\/uploads\/2016\/12\/CCSN_Logo_EN_SQUARE.png","width":1209,"height":1007,"caption":"Canadian Cancer Survivor Network"},"image":{"@id":"https:\/\/survivornet.ca\/#\/schema\/logo\/image\/"}}]}},"_links":{"self":[{"href":"https:\/\/survivornet.ca\/fr\/wp-json\/wp\/v2\/pages\/29029","targetHints":{"allow":["GET"]}}],"collection":[{"href":"https:\/\/survivornet.ca\/fr\/wp-json\/wp\/v2\/pages"}],"about":[{"href":"https:\/\/survivornet.ca\/fr\/wp-json\/wp\/v2\/types\/page"}],"author":[{"embeddable":true,"href":"https:\/\/survivornet.ca\/fr\/wp-json\/wp\/v2\/users\/2"}],"replies":[{"embeddable":true,"href":"https:\/\/survivornet.ca\/fr\/wp-json\/wp\/v2\/comments?post=29029"}],"version-history":[{"count":2,"href":"https:\/\/survivornet.ca\/fr\/wp-json\/wp\/v2\/pages\/29029\/revisions"}],"predecessor-version":[{"id":29037,"href":"https:\/\/survivornet.ca\/fr\/wp-json\/wp\/v2\/pages\/29029\/revisions\/29037"}],"up":[{"embeddable":true,"href":"https:\/\/survivornet.ca\/fr\/wp-json\/wp\/v2\/pages\/4484"}],"wp:featuredmedia":[{"embeddable":true,"href":"https:\/\/survivornet.ca\/fr\/wp-json\/wp\/v2\/media\/29030"}],"wp:attachment":[{"href":"https:\/\/survivornet.ca\/fr\/wp-json\/wp\/v2\/media?parent=29029"}],"curies":[{"name":"wp","href":"https:\/\/api.w.org\/{rel}","templated":true}]}}