{"id":29023,"date":"2024-02-20T12:50:06","date_gmt":"2024-02-20T17:50:06","guid":{"rendered":"https:\/\/survivornet.ca\/?page_id=29023"},"modified":"2024-02-20T12:50:06","modified_gmt":"2024-02-20T17:50:06","slug":"gta-ovarian-cancer-peer-support-network","status":"publish","type":"page","link":"https:\/\/survivornet.ca\/fr\/reliez-vous\/partenaires\/gta-ovarian-cancer-peer-support-network\/","title":{"rendered":"GTA Ovarian Cancer Peer Support Network"},"content":{"rendered":"<p><img loading=\"lazy\" decoding=\"async\" class=\"aligncenter size-full wp-image-29024\" src=\"http:\/\/survivornet.ca\/wp-content\/uploads\/2024\/02\/GTA-Ovarian-Cancer-peer-support-network-logo.jpg\" alt=\"\" width=\"1024\" height=\"225\" srcset=\"https:\/\/survivornet.ca\/wp-content\/uploads\/2024\/02\/GTA-Ovarian-Cancer-peer-support-network-logo.jpg 1024w, https:\/\/survivornet.ca\/wp-content\/uploads\/2024\/02\/GTA-Ovarian-Cancer-peer-support-network-logo-768x169.jpg 768w\" sizes=\"auto, (max-width: 1024px) 100vw, 1024px\" \/><\/p>\n<p><span style=\"text-decoration: underline;\"><strong>Qui nous sommes<\/strong><\/span><\/p>\n<p>Le Greater Toronto Area Ovarian Cancer Peer Support Network (OVCA Peers) est un groupe de survivantes du cancer de l&#8217;ovaire qui se r\u00e9unit de fa\u00e7on mensuelle. Nous fournissons un environnement inclusif pour favoriser l&#8217;entraide, le partage des ressources et d&#8217;informations pertinentes, et la sensibilisation.<\/p>\n<p>OVCA Peers a \u00e9t\u00e9 cr\u00e9\u00e9 en r\u00e9ponse au manque de soutien par les pairs pour le cancer de l&#8217;ovaire dans la r\u00e9gion du Grand Toronto. Nous avons commenc\u00e9 \u00e0 se rencontrer r\u00e9guli\u00e8rement en 2011 et le nombre de membres n&#8217;a cess\u00e9 de cro\u00eetre depuis.<\/p>\n<p>Nous avons un mod\u00e8le de leadership partag\u00e9. Toutes les femmes peuvent participer en tant que pr\u00e9sidente, co-pr\u00e9sidente, secr\u00e9taire ou tr\u00e9sori\u00e8re sur une base de rotation. Ce syst\u00e8me assure la coh\u00e9rence et la stabilit\u00e9 du leadership, ainsi que la planification du r\u00e9seau.<\/p>\n<p><span style=\"text-decoration: underline;\"><strong>Notre mission<\/strong><\/span><\/p>\n<p>Am\u00e9liorer la qualit\u00e9 de vie des femmes atteintes d&#8217;un cancer de l&#8217;ovaire.<\/p>\n<p><span style=\"text-decoration: underline;\"><strong>Nos objectifs<\/strong><\/span><\/p>\n<p>Notre mission est d&#8217;am\u00e9liorer la qualit\u00e9 de vie des femmes atteintes d&#8217;un cancer de l&#8217;ovaire en offrant un forum s\u00e9curitaire et inclusif pour le soutien par les pairs, le partage des connaissances et la sensibilisation de tous par l&#8217;entremise d&#8217;initiatives de revendication des droits.<\/p>\n<p><em>Pour r\u00e9aliser cette mission, le r\u00e9seau poursuit trois grands objectifs:<\/em><\/p>\n<ol class=\"content-list\">\n<li>Soutenez-vous les uns les autres -&gt; Le soutien par les pairs est un mod\u00e8le puissant d&#8217;empathie, de partage d&#8217;information, de suggestions et de strat\u00e9gies lors de moments difficiles.<\/li>\n<li>Fournir des ressources pour d\u00e9velopper les connaissances -&gt; Nous accueillons r\u00e9guli\u00e8rement des conf\u00e9renciers experts afin de nous partager leurs connaissances en ce qui a trait \u00e0 la biologie, le traitement du cancer de l&#8217;ovaire, ainsi que les d\u00e9fis auxquels les individus aux prise avec cette maladie doivent faire face.<\/li>\n<li>Promouvoir la revendication de fa\u00e7on collective afin de cr\u00e9er une vague de changement -&gt; Nous identifions les probl\u00e8mes auxquels sont confront\u00e9es les femmes vivant avec un cancer de l&#8217;ovaire dans des domaines critiques tels que le soutein aux survivantes et leurs familles, l&#8217;acc\u00e8s \u00e0 l&#8217;information, le traitement et la recherche. Nous travaillons ensemble en tant que survivants afin d&#8217;offrir notre perspective et d&#8217;am\u00e9liorer les soins et notre qualit\u00e9 de vie.<\/li>\n<\/ol>\n<p>Pour en savoir plus, consultez notre <a href=\"http:\/\/www.ovcapeers.com\/index.php\">site web<\/a>.<\/p>\n","protected":false},"excerpt":{"rendered":"<p>Qui nous sommes Le Greater Toronto Area Ovarian Cancer Peer Support Network (OVCA Peers) est un groupe de survivantes du cancer de l&#8217;ovaire qui se r\u00e9unit de fa\u00e7on mensuelle. Nous fournissons un<\/p>\n","protected":false},"author":2,"featured_media":29024,"parent":4484,"menu_order":0,"comment_status":"closed","ping_status":"closed","template":"","meta":{"_acf_changed":false,"footnotes":""},"class_list":["post-29023","page","type-page","status-publish","has-post-thumbnail","hentry"],"acf":[],"yoast_head":"<!-- This site is optimized with the Yoast SEO plugin v27.4 - https:\/\/yoast.com\/product\/yoast-seo-wordpress\/ -->\n<title>GTA Ovarian Cancer Peer Support Network - Canadian Cancer Survivor Network<\/title>\n<meta name=\"robots\" content=\"index, follow, max-snippet:-1, max-image-preview:large, max-video-preview:-1\" \/>\n<link rel=\"canonical\" href=\"https:\/\/survivornet.ca\/fr\/reliez-vous\/partenaires\/gta-ovarian-cancer-peer-support-network\/\" \/>\n<meta property=\"og:locale\" content=\"fr_FR\" \/>\n<meta property=\"og:type\" content=\"article\" \/>\n<meta property=\"og:title\" content=\"GTA Ovarian Cancer Peer Support Network - Canadian Cancer Survivor Network\" \/>\n<meta property=\"og:description\" content=\"Qui nous sommes Le Greater Toronto Area Ovarian Cancer Peer Support Network (OVCA Peers) est un groupe de survivantes du cancer de l&#8217;ovaire qui se r\u00e9unit de fa\u00e7on mensuelle. Nous fournissons un\" \/>\n<meta property=\"og:url\" content=\"https:\/\/survivornet.ca\/fr\/reliez-vous\/partenaires\/gta-ovarian-cancer-peer-support-network\/\" \/>\n<meta property=\"og:site_name\" content=\"Canadian Cancer Survivor Network\" \/>\n<meta property=\"og:image\" content=\"https:\/\/survivornet.ca\/wp-content\/uploads\/2024\/02\/GTA-Ovarian-Cancer-peer-support-network-logo.jpg\" \/>\n\t<meta property=\"og:image:width\" content=\"1024\" \/>\n\t<meta property=\"og:image:height\" content=\"225\" \/>\n\t<meta property=\"og:image:type\" content=\"image\/jpeg\" \/>\n<meta name=\"twitter:card\" content=\"summary_large_image\" \/>\n<meta name=\"twitter:label1\" content=\"Dur\u00e9e de lecture estim\u00e9e\" \/>\n\t<meta name=\"twitter:data1\" content=\"2 minutes\" \/>\n<script type=\"application\/ld+json\" class=\"yoast-schema-graph\">{\"@context\":\"https:\\\/\\\/schema.org\",\"@graph\":[{\"@type\":\"WebPage\",\"@id\":\"https:\\\/\\\/survivornet.ca\\\/fr\\\/reliez-vous\\\/partenaires\\\/gta-ovarian-cancer-peer-support-network\\\/\",\"url\":\"https:\\\/\\\/survivornet.ca\\\/fr\\\/reliez-vous\\\/partenaires\\\/gta-ovarian-cancer-peer-support-network\\\/\",\"name\":\"GTA Ovarian Cancer Peer Support Network - Canadian Cancer Survivor Network\",\"isPartOf\":{\"@id\":\"https:\\\/\\\/survivornet.ca\\\/#website\"},\"primaryImageOfPage\":{\"@id\":\"https:\\\/\\\/survivornet.ca\\\/fr\\\/reliez-vous\\\/partenaires\\\/gta-ovarian-cancer-peer-support-network\\\/#primaryimage\"},\"image\":{\"@id\":\"https:\\\/\\\/survivornet.ca\\\/fr\\\/reliez-vous\\\/partenaires\\\/gta-ovarian-cancer-peer-support-network\\\/#primaryimage\"},\"thumbnailUrl\":\"https:\\\/\\\/survivornet.ca\\\/wp-content\\\/uploads\\\/2024\\\/02\\\/GTA-Ovarian-Cancer-peer-support-network-logo.jpg\",\"datePublished\":\"2024-02-20T17:50:06+00:00\",\"breadcrumb\":{\"@id\":\"https:\\\/\\\/survivornet.ca\\\/fr\\\/reliez-vous\\\/partenaires\\\/gta-ovarian-cancer-peer-support-network\\\/#breadcrumb\"},\"inLanguage\":\"fr-FR\",\"potentialAction\":[{\"@type\":\"ReadAction\",\"target\":[\"https:\\\/\\\/survivornet.ca\\\/fr\\\/reliez-vous\\\/partenaires\\\/gta-ovarian-cancer-peer-support-network\\\/\"]}]},{\"@type\":\"ImageObject\",\"inLanguage\":\"fr-FR\",\"@id\":\"https:\\\/\\\/survivornet.ca\\\/fr\\\/reliez-vous\\\/partenaires\\\/gta-ovarian-cancer-peer-support-network\\\/#primaryimage\",\"url\":\"https:\\\/\\\/survivornet.ca\\\/wp-content\\\/uploads\\\/2024\\\/02\\\/GTA-Ovarian-Cancer-peer-support-network-logo.jpg\",\"contentUrl\":\"https:\\\/\\\/survivornet.ca\\\/wp-content\\\/uploads\\\/2024\\\/02\\\/GTA-Ovarian-Cancer-peer-support-network-logo.jpg\",\"width\":1024,\"height\":225},{\"@type\":\"BreadcrumbList\",\"@id\":\"https:\\\/\\\/survivornet.ca\\\/fr\\\/reliez-vous\\\/partenaires\\\/gta-ovarian-cancer-peer-support-network\\\/#breadcrumb\",\"itemListElement\":[{\"@type\":\"ListItem\",\"position\":1,\"name\":\"Home\",\"item\":\"https:\\\/\\\/survivornet.ca\\\/fr\\\/\"},{\"@type\":\"ListItem\",\"position\":2,\"name\":\"Connectez\",\"item\":\"https:\\\/\\\/survivornet.ca\\\/fr\\\/reliez-vous\\\/\"},{\"@type\":\"ListItem\",\"position\":3,\"name\":\"Partenaires\",\"item\":\"https:\\\/\\\/survivornet.ca\\\/fr\\\/reliez-vous\\\/partenaires\\\/\"},{\"@type\":\"ListItem\",\"position\":4,\"name\":\"GTA Ovarian Cancer Peer Support Network\"}]},{\"@type\":\"WebSite\",\"@id\":\"https:\\\/\\\/survivornet.ca\\\/#website\",\"url\":\"https:\\\/\\\/survivornet.ca\\\/\",\"name\":\"Canadian Cancer Survivor Network\",\"description\":\"The Canadian Cancer Survivor Network was created by a group of Canadians concerned about cancer.\",\"publisher\":{\"@id\":\"https:\\\/\\\/survivornet.ca\\\/#organization\"},\"potentialAction\":[{\"@type\":\"SearchAction\",\"target\":{\"@type\":\"EntryPoint\",\"urlTemplate\":\"https:\\\/\\\/survivornet.ca\\\/?s={search_term_string}\"},\"query-input\":{\"@type\":\"PropertyValueSpecification\",\"valueRequired\":true,\"valueName\":\"search_term_string\"}}],\"inLanguage\":\"fr-FR\"},{\"@type\":\"Organization\",\"@id\":\"https:\\\/\\\/survivornet.ca\\\/#organization\",\"name\":\"Canadian Cancer Survivor Network\",\"url\":\"https:\\\/\\\/survivornet.ca\\\/\",\"logo\":{\"@type\":\"ImageObject\",\"inLanguage\":\"fr-FR\",\"@id\":\"https:\\\/\\\/survivornet.ca\\\/#\\\/schema\\\/logo\\\/image\\\/\",\"url\":\"http:\\\/\\\/survivornet.ca\\\/wp-content\\\/uploads\\\/2016\\\/12\\\/CCSN_Logo_EN_SQUARE.png\",\"contentUrl\":\"http:\\\/\\\/survivornet.ca\\\/wp-content\\\/uploads\\\/2016\\\/12\\\/CCSN_Logo_EN_SQUARE.png\",\"width\":1209,\"height\":1007,\"caption\":\"Canadian Cancer Survivor Network\"},\"image\":{\"@id\":\"https:\\\/\\\/survivornet.ca\\\/#\\\/schema\\\/logo\\\/image\\\/\"}}]}<\/script>\n<!-- \/ Yoast SEO plugin. -->","yoast_head_json":{"title":"GTA Ovarian Cancer Peer Support Network - Canadian Cancer Survivor Network","robots":{"index":"index","follow":"follow","max-snippet":"max-snippet:-1","max-image-preview":"max-image-preview:large","max-video-preview":"max-video-preview:-1"},"canonical":"https:\/\/survivornet.ca\/fr\/reliez-vous\/partenaires\/gta-ovarian-cancer-peer-support-network\/","og_locale":"fr_FR","og_type":"article","og_title":"GTA Ovarian Cancer Peer Support Network - Canadian Cancer Survivor Network","og_description":"Qui nous sommes Le Greater Toronto Area Ovarian Cancer Peer Support Network (OVCA Peers) est un groupe de survivantes du cancer de l&#8217;ovaire qui se r\u00e9unit de fa\u00e7on mensuelle. Nous fournissons un","og_url":"https:\/\/survivornet.ca\/fr\/reliez-vous\/partenaires\/gta-ovarian-cancer-peer-support-network\/","og_site_name":"Canadian Cancer Survivor Network","og_image":[{"width":1024,"height":225,"url":"https:\/\/survivornet.ca\/wp-content\/uploads\/2024\/02\/GTA-Ovarian-Cancer-peer-support-network-logo.jpg","type":"image\/jpeg"}],"twitter_card":"summary_large_image","twitter_misc":{"Dur\u00e9e de lecture estim\u00e9e":"2 minutes"},"schema":{"@context":"https:\/\/schema.org","@graph":[{"@type":"WebPage","@id":"https:\/\/survivornet.ca\/fr\/reliez-vous\/partenaires\/gta-ovarian-cancer-peer-support-network\/","url":"https:\/\/survivornet.ca\/fr\/reliez-vous\/partenaires\/gta-ovarian-cancer-peer-support-network\/","name":"GTA Ovarian Cancer Peer Support Network - Canadian Cancer Survivor Network","isPartOf":{"@id":"https:\/\/survivornet.ca\/#website"},"primaryImageOfPage":{"@id":"https:\/\/survivornet.ca\/fr\/reliez-vous\/partenaires\/gta-ovarian-cancer-peer-support-network\/#primaryimage"},"image":{"@id":"https:\/\/survivornet.ca\/fr\/reliez-vous\/partenaires\/gta-ovarian-cancer-peer-support-network\/#primaryimage"},"thumbnailUrl":"https:\/\/survivornet.ca\/wp-content\/uploads\/2024\/02\/GTA-Ovarian-Cancer-peer-support-network-logo.jpg","datePublished":"2024-02-20T17:50:06+00:00","breadcrumb":{"@id":"https:\/\/survivornet.ca\/fr\/reliez-vous\/partenaires\/gta-ovarian-cancer-peer-support-network\/#breadcrumb"},"inLanguage":"fr-FR","potentialAction":[{"@type":"ReadAction","target":["https:\/\/survivornet.ca\/fr\/reliez-vous\/partenaires\/gta-ovarian-cancer-peer-support-network\/"]}]},{"@type":"ImageObject","inLanguage":"fr-FR","@id":"https:\/\/survivornet.ca\/fr\/reliez-vous\/partenaires\/gta-ovarian-cancer-peer-support-network\/#primaryimage","url":"https:\/\/survivornet.ca\/wp-content\/uploads\/2024\/02\/GTA-Ovarian-Cancer-peer-support-network-logo.jpg","contentUrl":"https:\/\/survivornet.ca\/wp-content\/uploads\/2024\/02\/GTA-Ovarian-Cancer-peer-support-network-logo.jpg","width":1024,"height":225},{"@type":"BreadcrumbList","@id":"https:\/\/survivornet.ca\/fr\/reliez-vous\/partenaires\/gta-ovarian-cancer-peer-support-network\/#breadcrumb","itemListElement":[{"@type":"ListItem","position":1,"name":"Home","item":"https:\/\/survivornet.ca\/fr\/"},{"@type":"ListItem","position":2,"name":"Connectez","item":"https:\/\/survivornet.ca\/fr\/reliez-vous\/"},{"@type":"ListItem","position":3,"name":"Partenaires","item":"https:\/\/survivornet.ca\/fr\/reliez-vous\/partenaires\/"},{"@type":"ListItem","position":4,"name":"GTA Ovarian Cancer Peer Support Network"}]},{"@type":"WebSite","@id":"https:\/\/survivornet.ca\/#website","url":"https:\/\/survivornet.ca\/","name":"Canadian Cancer Survivor Network","description":"The Canadian Cancer Survivor Network was created by a group of Canadians concerned about cancer.","publisher":{"@id":"https:\/\/survivornet.ca\/#organization"},"potentialAction":[{"@type":"SearchAction","target":{"@type":"EntryPoint","urlTemplate":"https:\/\/survivornet.ca\/?s={search_term_string}"},"query-input":{"@type":"PropertyValueSpecification","valueRequired":true,"valueName":"search_term_string"}}],"inLanguage":"fr-FR"},{"@type":"Organization","@id":"https:\/\/survivornet.ca\/#organization","name":"Canadian Cancer Survivor Network","url":"https:\/\/survivornet.ca\/","logo":{"@type":"ImageObject","inLanguage":"fr-FR","@id":"https:\/\/survivornet.ca\/#\/schema\/logo\/image\/","url":"http:\/\/survivornet.ca\/wp-content\/uploads\/2016\/12\/CCSN_Logo_EN_SQUARE.png","contentUrl":"http:\/\/survivornet.ca\/wp-content\/uploads\/2016\/12\/CCSN_Logo_EN_SQUARE.png","width":1209,"height":1007,"caption":"Canadian Cancer Survivor Network"},"image":{"@id":"https:\/\/survivornet.ca\/#\/schema\/logo\/image\/"}}]}},"_links":{"self":[{"href":"https:\/\/survivornet.ca\/fr\/wp-json\/wp\/v2\/pages\/29023","targetHints":{"allow":["GET"]}}],"collection":[{"href":"https:\/\/survivornet.ca\/fr\/wp-json\/wp\/v2\/pages"}],"about":[{"href":"https:\/\/survivornet.ca\/fr\/wp-json\/wp\/v2\/types\/page"}],"author":[{"embeddable":true,"href":"https:\/\/survivornet.ca\/fr\/wp-json\/wp\/v2\/users\/2"}],"replies":[{"embeddable":true,"href":"https:\/\/survivornet.ca\/fr\/wp-json\/wp\/v2\/comments?post=29023"}],"version-history":[{"count":1,"href":"https:\/\/survivornet.ca\/fr\/wp-json\/wp\/v2\/pages\/29023\/revisions"}],"predecessor-version":[{"id":29026,"href":"https:\/\/survivornet.ca\/fr\/wp-json\/wp\/v2\/pages\/29023\/revisions\/29026"}],"up":[{"embeddable":true,"href":"https:\/\/survivornet.ca\/fr\/wp-json\/wp\/v2\/pages\/4484"}],"wp:featuredmedia":[{"embeddable":true,"href":"https:\/\/survivornet.ca\/fr\/wp-json\/wp\/v2\/media\/29024"}],"wp:attachment":[{"href":"https:\/\/survivornet.ca\/fr\/wp-json\/wp\/v2\/media?parent=29023"}],"curies":[{"name":"wp","href":"https:\/\/api.w.org\/{rel}","templated":true}]}}