{"id":29019,"date":"2024-02-20T12:20:10","date_gmt":"2024-02-20T17:20:10","guid":{"rendered":"https:\/\/survivornet.ca\/?page_id=29019"},"modified":"2024-02-20T12:20:10","modified_gmt":"2024-02-20T17:20:10","slug":"gildas-club-greater-toronto","status":"publish","type":"page","link":"https:\/\/survivornet.ca\/fr\/reliez-vous\/partenaires\/gildas-club-greater-toronto\/","title":{"rendered":"Gilda&#8217;s Club- Greater Toronto"},"content":{"rendered":"<p><img loading=\"lazy\" decoding=\"async\" class=\"aligncenter  wp-image-29013\" src=\"http:\/\/survivornet.ca\/wp-content\/uploads\/2024\/02\/Gildas-Club-Greater-Toronto-logo.png\" alt=\"\" width=\"500\" height=\"263\" srcset=\"https:\/\/survivornet.ca\/wp-content\/uploads\/2024\/02\/Gildas-Club-Greater-Toronto-logo.png 1200w, https:\/\/survivornet.ca\/wp-content\/uploads\/2024\/02\/Gildas-Club-Greater-Toronto-logo-768x403.png 768w\" sizes=\"auto, (max-width: 500px) 100vw, 500px\" \/><\/p>\n<p style=\"text-align: center;\"><em><strong>No one should face cancer alone&#8230;\u00a0<\/strong><\/em>Personne ne devrait affronter un cancer seul&#8230;<\/p>\n<p><span style=\"text-decoration: underline;\"><strong>Notre objectif<\/strong><\/span><\/p>\n<p>Nous sommes ici parce que Gilda croyait que les gens devraient b\u00e9n\u00e9ficier d&#8217;un soutien psychosocial exceptionnel, complet, et fond\u00e9 sur des donn\u00e9es probantes. Nous r\u00e9pondons \u00e0 leurs besoins changeants gr\u00e2ce \u00e0 des programmes et des services fournis par un groupe diversifi\u00e9 de professionnels, de partenaires et de communaut\u00e9s.<\/p>\n<p><span style=\"text-decoration: underline;\"><strong>Notre raison d&#8217;\u00eatre<\/strong><\/span><\/p>\n<p>Aider les gens \u00e0 poursuivre leur vie, tout en ayant un cancer.<\/p>\n<p><span style=\"text-decoration: underline;\"><strong>The Cancer Support Community (CSC)<\/strong><\/span><\/p>\n<p>Gilda&#8217;s Toronto est affili\u00e9 au CSC, une communaut\u00e9 internationale ayant 190 sites offrant un soutien personnalis\u00e9 contre le cancer gratuit.<\/p>\n<p><strong>Mission:\u00a0<\/strong>Le CSC offre du soutien aux personnes aux prises avec le cancer en favorisant la formation de communaut\u00e9s d&#8217;entraide et en \u00e9liminant les barri\u00e8res d&#8217;acc\u00e8s aux soins.<\/p>\n<p><strong>Vision:\u00a0<\/strong>Toute personne touch\u00e9e par le cancer re\u00e7oit le soutien qu&#8217;elle d\u00e9sire et dont elle a besoin tout au long de son parcours.<\/p>\n<p>&#8230;<\/p>\n<p>Pour en savoir plus, consultez notre <a href=\"https:\/\/www.gildasclubtoronto.org\/\">site web<\/a>.<\/p>\n","protected":false},"excerpt":{"rendered":"<p>No one should face cancer alone&#8230;\u00a0Personne ne devrait affronter un cancer seul&#8230; Notre objectif Nous sommes ici parce que Gilda croyait que les gens devraient b\u00e9n\u00e9ficier d&#8217;un soutien psychosocial exceptionnel, complet, et<\/p>\n","protected":false},"author":2,"featured_media":29016,"parent":4484,"menu_order":0,"comment_status":"closed","ping_status":"closed","template":"","meta":{"_acf_changed":false,"footnotes":""},"class_list":["post-29019","page","type-page","status-publish","has-post-thumbnail","hentry"],"acf":[],"yoast_head":"<!-- This site is optimized with the Yoast SEO plugin v27.4 - https:\/\/yoast.com\/product\/yoast-seo-wordpress\/ -->\n<title>Gilda&#039;s Club- Greater Toronto - Canadian Cancer Survivor Network<\/title>\n<meta name=\"robots\" content=\"index, follow, max-snippet:-1, max-image-preview:large, max-video-preview:-1\" \/>\n<link rel=\"canonical\" href=\"https:\/\/survivornet.ca\/fr\/reliez-vous\/partenaires\/gildas-club-greater-toronto\/\" \/>\n<meta property=\"og:locale\" content=\"fr_FR\" \/>\n<meta property=\"og:type\" content=\"article\" \/>\n<meta property=\"og:title\" content=\"Gilda&#039;s Club- Greater Toronto - Canadian Cancer Survivor Network\" \/>\n<meta property=\"og:description\" content=\"No one should face cancer alone&#8230;\u00a0Personne ne devrait affronter un cancer seul&#8230; Notre objectif Nous sommes ici parce que Gilda croyait que les gens devraient b\u00e9n\u00e9ficier d&#8217;un soutien psychosocial exceptionnel, complet, et\" \/>\n<meta property=\"og:url\" content=\"https:\/\/survivornet.ca\/fr\/reliez-vous\/partenaires\/gildas-club-greater-toronto\/\" \/>\n<meta property=\"og:site_name\" content=\"Canadian Cancer Survivor Network\" \/>\n<meta property=\"og:image\" content=\"https:\/\/survivornet.ca\/wp-content\/uploads\/2024\/02\/gildas-club-greater-toronto-intro-logo.png\" \/>\n\t<meta property=\"og:image:width\" content=\"900\" \/>\n\t<meta property=\"og:image:height\" content=\"500\" \/>\n\t<meta property=\"og:image:type\" content=\"image\/png\" \/>\n<meta name=\"twitter:card\" content=\"summary_large_image\" \/>\n<meta name=\"twitter:label1\" content=\"Dur\u00e9e de lecture estim\u00e9e\" \/>\n\t<meta name=\"twitter:data1\" content=\"1 minute\" \/>\n<script type=\"application\/ld+json\" class=\"yoast-schema-graph\">{\"@context\":\"https:\\\/\\\/schema.org\",\"@graph\":[{\"@type\":\"WebPage\",\"@id\":\"https:\\\/\\\/survivornet.ca\\\/fr\\\/reliez-vous\\\/partenaires\\\/gildas-club-greater-toronto\\\/\",\"url\":\"https:\\\/\\\/survivornet.ca\\\/fr\\\/reliez-vous\\\/partenaires\\\/gildas-club-greater-toronto\\\/\",\"name\":\"Gilda's Club- Greater Toronto - Canadian Cancer Survivor Network\",\"isPartOf\":{\"@id\":\"https:\\\/\\\/survivornet.ca\\\/#website\"},\"primaryImageOfPage\":{\"@id\":\"https:\\\/\\\/survivornet.ca\\\/fr\\\/reliez-vous\\\/partenaires\\\/gildas-club-greater-toronto\\\/#primaryimage\"},\"image\":{\"@id\":\"https:\\\/\\\/survivornet.ca\\\/fr\\\/reliez-vous\\\/partenaires\\\/gildas-club-greater-toronto\\\/#primaryimage\"},\"thumbnailUrl\":\"https:\\\/\\\/survivornet.ca\\\/wp-content\\\/uploads\\\/2024\\\/02\\\/gildas-club-greater-toronto-intro-logo.png\",\"datePublished\":\"2024-02-20T17:20:10+00:00\",\"breadcrumb\":{\"@id\":\"https:\\\/\\\/survivornet.ca\\\/fr\\\/reliez-vous\\\/partenaires\\\/gildas-club-greater-toronto\\\/#breadcrumb\"},\"inLanguage\":\"fr-FR\",\"potentialAction\":[{\"@type\":\"ReadAction\",\"target\":[\"https:\\\/\\\/survivornet.ca\\\/fr\\\/reliez-vous\\\/partenaires\\\/gildas-club-greater-toronto\\\/\"]}]},{\"@type\":\"ImageObject\",\"inLanguage\":\"fr-FR\",\"@id\":\"https:\\\/\\\/survivornet.ca\\\/fr\\\/reliez-vous\\\/partenaires\\\/gildas-club-greater-toronto\\\/#primaryimage\",\"url\":\"https:\\\/\\\/survivornet.ca\\\/wp-content\\\/uploads\\\/2024\\\/02\\\/gildas-club-greater-toronto-intro-logo.png\",\"contentUrl\":\"https:\\\/\\\/survivornet.ca\\\/wp-content\\\/uploads\\\/2024\\\/02\\\/gildas-club-greater-toronto-intro-logo.png\",\"width\":900,\"height\":500},{\"@type\":\"BreadcrumbList\",\"@id\":\"https:\\\/\\\/survivornet.ca\\\/fr\\\/reliez-vous\\\/partenaires\\\/gildas-club-greater-toronto\\\/#breadcrumb\",\"itemListElement\":[{\"@type\":\"ListItem\",\"position\":1,\"name\":\"Home\",\"item\":\"https:\\\/\\\/survivornet.ca\\\/fr\\\/\"},{\"@type\":\"ListItem\",\"position\":2,\"name\":\"Connectez\",\"item\":\"https:\\\/\\\/survivornet.ca\\\/fr\\\/reliez-vous\\\/\"},{\"@type\":\"ListItem\",\"position\":3,\"name\":\"Partenaires\",\"item\":\"https:\\\/\\\/survivornet.ca\\\/fr\\\/reliez-vous\\\/partenaires\\\/\"},{\"@type\":\"ListItem\",\"position\":4,\"name\":\"Gilda&#8217;s Club- Greater Toronto\"}]},{\"@type\":\"WebSite\",\"@id\":\"https:\\\/\\\/survivornet.ca\\\/#website\",\"url\":\"https:\\\/\\\/survivornet.ca\\\/\",\"name\":\"Canadian Cancer Survivor Network\",\"description\":\"The Canadian Cancer Survivor Network was created by a group of Canadians concerned about cancer.\",\"publisher\":{\"@id\":\"https:\\\/\\\/survivornet.ca\\\/#organization\"},\"potentialAction\":[{\"@type\":\"SearchAction\",\"target\":{\"@type\":\"EntryPoint\",\"urlTemplate\":\"https:\\\/\\\/survivornet.ca\\\/?s={search_term_string}\"},\"query-input\":{\"@type\":\"PropertyValueSpecification\",\"valueRequired\":true,\"valueName\":\"search_term_string\"}}],\"inLanguage\":\"fr-FR\"},{\"@type\":\"Organization\",\"@id\":\"https:\\\/\\\/survivornet.ca\\\/#organization\",\"name\":\"Canadian Cancer Survivor Network\",\"url\":\"https:\\\/\\\/survivornet.ca\\\/\",\"logo\":{\"@type\":\"ImageObject\",\"inLanguage\":\"fr-FR\",\"@id\":\"https:\\\/\\\/survivornet.ca\\\/#\\\/schema\\\/logo\\\/image\\\/\",\"url\":\"http:\\\/\\\/survivornet.ca\\\/wp-content\\\/uploads\\\/2016\\\/12\\\/CCSN_Logo_EN_SQUARE.png\",\"contentUrl\":\"http:\\\/\\\/survivornet.ca\\\/wp-content\\\/uploads\\\/2016\\\/12\\\/CCSN_Logo_EN_SQUARE.png\",\"width\":1209,\"height\":1007,\"caption\":\"Canadian Cancer Survivor Network\"},\"image\":{\"@id\":\"https:\\\/\\\/survivornet.ca\\\/#\\\/schema\\\/logo\\\/image\\\/\"}}]}<\/script>\n<!-- \/ Yoast SEO plugin. -->","yoast_head_json":{"title":"Gilda's Club- Greater Toronto - Canadian Cancer Survivor Network","robots":{"index":"index","follow":"follow","max-snippet":"max-snippet:-1","max-image-preview":"max-image-preview:large","max-video-preview":"max-video-preview:-1"},"canonical":"https:\/\/survivornet.ca\/fr\/reliez-vous\/partenaires\/gildas-club-greater-toronto\/","og_locale":"fr_FR","og_type":"article","og_title":"Gilda's Club- Greater Toronto - Canadian Cancer Survivor Network","og_description":"No one should face cancer alone&#8230;\u00a0Personne ne devrait affronter un cancer seul&#8230; Notre objectif Nous sommes ici parce que Gilda croyait que les gens devraient b\u00e9n\u00e9ficier d&#8217;un soutien psychosocial exceptionnel, complet, et","og_url":"https:\/\/survivornet.ca\/fr\/reliez-vous\/partenaires\/gildas-club-greater-toronto\/","og_site_name":"Canadian Cancer Survivor Network","og_image":[{"width":900,"height":500,"url":"https:\/\/survivornet.ca\/wp-content\/uploads\/2024\/02\/gildas-club-greater-toronto-intro-logo.png","type":"image\/png"}],"twitter_card":"summary_large_image","twitter_misc":{"Dur\u00e9e de lecture estim\u00e9e":"1 minute"},"schema":{"@context":"https:\/\/schema.org","@graph":[{"@type":"WebPage","@id":"https:\/\/survivornet.ca\/fr\/reliez-vous\/partenaires\/gildas-club-greater-toronto\/","url":"https:\/\/survivornet.ca\/fr\/reliez-vous\/partenaires\/gildas-club-greater-toronto\/","name":"Gilda's Club- Greater Toronto - Canadian Cancer Survivor Network","isPartOf":{"@id":"https:\/\/survivornet.ca\/#website"},"primaryImageOfPage":{"@id":"https:\/\/survivornet.ca\/fr\/reliez-vous\/partenaires\/gildas-club-greater-toronto\/#primaryimage"},"image":{"@id":"https:\/\/survivornet.ca\/fr\/reliez-vous\/partenaires\/gildas-club-greater-toronto\/#primaryimage"},"thumbnailUrl":"https:\/\/survivornet.ca\/wp-content\/uploads\/2024\/02\/gildas-club-greater-toronto-intro-logo.png","datePublished":"2024-02-20T17:20:10+00:00","breadcrumb":{"@id":"https:\/\/survivornet.ca\/fr\/reliez-vous\/partenaires\/gildas-club-greater-toronto\/#breadcrumb"},"inLanguage":"fr-FR","potentialAction":[{"@type":"ReadAction","target":["https:\/\/survivornet.ca\/fr\/reliez-vous\/partenaires\/gildas-club-greater-toronto\/"]}]},{"@type":"ImageObject","inLanguage":"fr-FR","@id":"https:\/\/survivornet.ca\/fr\/reliez-vous\/partenaires\/gildas-club-greater-toronto\/#primaryimage","url":"https:\/\/survivornet.ca\/wp-content\/uploads\/2024\/02\/gildas-club-greater-toronto-intro-logo.png","contentUrl":"https:\/\/survivornet.ca\/wp-content\/uploads\/2024\/02\/gildas-club-greater-toronto-intro-logo.png","width":900,"height":500},{"@type":"BreadcrumbList","@id":"https:\/\/survivornet.ca\/fr\/reliez-vous\/partenaires\/gildas-club-greater-toronto\/#breadcrumb","itemListElement":[{"@type":"ListItem","position":1,"name":"Home","item":"https:\/\/survivornet.ca\/fr\/"},{"@type":"ListItem","position":2,"name":"Connectez","item":"https:\/\/survivornet.ca\/fr\/reliez-vous\/"},{"@type":"ListItem","position":3,"name":"Partenaires","item":"https:\/\/survivornet.ca\/fr\/reliez-vous\/partenaires\/"},{"@type":"ListItem","position":4,"name":"Gilda&#8217;s Club- Greater Toronto"}]},{"@type":"WebSite","@id":"https:\/\/survivornet.ca\/#website","url":"https:\/\/survivornet.ca\/","name":"Canadian Cancer Survivor Network","description":"The Canadian Cancer Survivor Network was created by a group of Canadians concerned about cancer.","publisher":{"@id":"https:\/\/survivornet.ca\/#organization"},"potentialAction":[{"@type":"SearchAction","target":{"@type":"EntryPoint","urlTemplate":"https:\/\/survivornet.ca\/?s={search_term_string}"},"query-input":{"@type":"PropertyValueSpecification","valueRequired":true,"valueName":"search_term_string"}}],"inLanguage":"fr-FR"},{"@type":"Organization","@id":"https:\/\/survivornet.ca\/#organization","name":"Canadian Cancer Survivor Network","url":"https:\/\/survivornet.ca\/","logo":{"@type":"ImageObject","inLanguage":"fr-FR","@id":"https:\/\/survivornet.ca\/#\/schema\/logo\/image\/","url":"http:\/\/survivornet.ca\/wp-content\/uploads\/2016\/12\/CCSN_Logo_EN_SQUARE.png","contentUrl":"http:\/\/survivornet.ca\/wp-content\/uploads\/2016\/12\/CCSN_Logo_EN_SQUARE.png","width":1209,"height":1007,"caption":"Canadian Cancer Survivor Network"},"image":{"@id":"https:\/\/survivornet.ca\/#\/schema\/logo\/image\/"}}]}},"_links":{"self":[{"href":"https:\/\/survivornet.ca\/fr\/wp-json\/wp\/v2\/pages\/29019","targetHints":{"allow":["GET"]}}],"collection":[{"href":"https:\/\/survivornet.ca\/fr\/wp-json\/wp\/v2\/pages"}],"about":[{"href":"https:\/\/survivornet.ca\/fr\/wp-json\/wp\/v2\/types\/page"}],"author":[{"embeddable":true,"href":"https:\/\/survivornet.ca\/fr\/wp-json\/wp\/v2\/users\/2"}],"replies":[{"embeddable":true,"href":"https:\/\/survivornet.ca\/fr\/wp-json\/wp\/v2\/comments?post=29019"}],"version-history":[{"count":2,"href":"https:\/\/survivornet.ca\/fr\/wp-json\/wp\/v2\/pages\/29019\/revisions"}],"predecessor-version":[{"id":29021,"href":"https:\/\/survivornet.ca\/fr\/wp-json\/wp\/v2\/pages\/29019\/revisions\/29021"}],"up":[{"embeddable":true,"href":"https:\/\/survivornet.ca\/fr\/wp-json\/wp\/v2\/pages\/4484"}],"wp:featuredmedia":[{"embeddable":true,"href":"https:\/\/survivornet.ca\/fr\/wp-json\/wp\/v2\/media\/29016"}],"wp:attachment":[{"href":"https:\/\/survivornet.ca\/fr\/wp-json\/wp\/v2\/media?parent=29019"}],"curies":[{"name":"wp","href":"https:\/\/api.w.org\/{rel}","templated":true}]}}