{"id":29009,"date":"2024-02-20T11:49:26","date_gmt":"2024-02-20T16:49:26","guid":{"rendered":"https:\/\/survivornet.ca\/?page_id=29009"},"modified":"2024-02-20T11:49:26","modified_gmt":"2024-02-20T16:49:26","slug":"georgian-bay-cancer-support-centre","status":"publish","type":"page","link":"https:\/\/survivornet.ca\/fr\/reliez-vous\/partenaires\/georgian-bay-cancer-support-centre\/","title":{"rendered":"Georgian Bay Cancer Support Centre"},"content":{"rendered":"<p><img loading=\"lazy\" decoding=\"async\" class=\"aligncenter  wp-image-29005\" src=\"http:\/\/survivornet.ca\/wp-content\/uploads\/2024\/02\/Georgian-Bay-Cancer-Support-Centre-logo.png\" alt=\"\" width=\"496\" height=\"181\" srcset=\"https:\/\/survivornet.ca\/wp-content\/uploads\/2024\/02\/Georgian-Bay-Cancer-Support-Centre-logo.png 3696w, https:\/\/survivornet.ca\/wp-content\/uploads\/2024\/02\/Georgian-Bay-Cancer-Support-Centre-logo-768x280.png 768w, https:\/\/survivornet.ca\/wp-content\/uploads\/2024\/02\/Georgian-Bay-Cancer-Support-Centre-logo-1536x560.png 1536w, https:\/\/survivornet.ca\/wp-content\/uploads\/2024\/02\/Georgian-Bay-Cancer-Support-Centre-logo-2048x747.png 2048w\" sizes=\"auto, (max-width: 496px) 100vw, 496px\" \/><\/p>\n<p><span style=\"text-decoration: underline;\"><strong>Notre mission<\/strong><\/span><\/p>\n<p>La mission du Georgian Bay Cancer Centre est de fournir un soutien \u00e9motionnel, physique, social et spirituel, une \u00e9ducation et des informations qui compl\u00e9mentent celles fournies par le syst\u00e8me m\u00e9dical aux personnes touch\u00e9es par le cancer.<\/p>\n<p><span style=\"text-decoration: underline;\"><strong>Notre vision<\/strong><\/span><\/p>\n<p>Le Georgian Bay Cancer Centre s&#8217;efforce d&#8217;\u00eatre reconnu comme \u00e9tant une source de soutien, d&#8217;\u00e9ducation et de motivation pour les personnes vivant avec le cancer, leurs familles et leur \u00e9quipe de soins. Nous esp\u00e9rons \u00eatre reconnu partout \u00e0 travers North Simcoe et r\u00e9gions voisinantes en tant qu&#8217;endroit qui peut fournir un peu d&#8217;espoir, de r\u00e9confort, de force et de courage.<\/p>\n<p>&#8230;<\/p>\n<p>Pour en savoir plus, consultez notre <a href=\"https:\/\/gbcancersupportcentre.ca\/\">site web<\/a>.<\/p>\n<p><strong><em>Georgian Bay Cancer Support Centre<\/em><\/strong><\/p>\n<p>15 Jeffery St.<br \/>\nPenetanguishene, Ontario<br \/>\nL9M 1K5<br \/>\nCourriel: info@gbcancersupportcentre.ca<br \/>\nT\u00e9l\u00e9phone: 705-549-6444<br \/>\nSans frais: 1-877-386-3434<\/p>\n","protected":false},"excerpt":{"rendered":"<p>Notre mission La mission du Georgian Bay Cancer Centre est de fournir un soutien \u00e9motionnel, physique, social et spirituel, une \u00e9ducation et des informations qui compl\u00e9mentent celles fournies par le syst\u00e8me m\u00e9dical<\/p>\n","protected":false},"author":2,"featured_media":29007,"parent":4484,"menu_order":28,"comment_status":"closed","ping_status":"closed","template":"","meta":{"_acf_changed":false,"footnotes":""},"class_list":["post-29009","page","type-page","status-publish","has-post-thumbnail","hentry"],"acf":[],"yoast_head":"<!-- This site is optimized with the Yoast SEO plugin v27.4 - https:\/\/yoast.com\/product\/yoast-seo-wordpress\/ -->\n<title>Georgian Bay Cancer Support Centre - Canadian Cancer Survivor Network<\/title>\n<meta name=\"robots\" content=\"index, follow, max-snippet:-1, max-image-preview:large, max-video-preview:-1\" \/>\n<link rel=\"canonical\" href=\"https:\/\/survivornet.ca\/connect\/partners\/georgian-bay-cancer-support-centre\/\" \/>\n<meta property=\"og:locale\" content=\"fr_FR\" \/>\n<meta property=\"og:type\" content=\"article\" \/>\n<meta property=\"og:title\" content=\"Georgian Bay Cancer Support Centre - Canadian Cancer Survivor Network\" \/>\n<meta property=\"og:description\" content=\"Notre mission La mission du Georgian Bay Cancer Centre est de fournir un soutien \u00e9motionnel, physique, social et spirituel, une \u00e9ducation et des informations qui compl\u00e9mentent celles fournies par le syst\u00e8me m\u00e9dical\" \/>\n<meta property=\"og:url\" content=\"https:\/\/survivornet.ca\/connect\/partners\/georgian-bay-cancer-support-centre\/\" \/>\n<meta property=\"og:site_name\" content=\"Canadian Cancer Survivor Network\" \/>\n<meta property=\"og:image\" content=\"https:\/\/survivornet.ca\/wp-content\/uploads\/2024\/02\/Georgian-Bay-Cancer-Support-Centre-Intro-logo.jpg\" \/>\n\t<meta property=\"og:image:width\" content=\"512\" \/>\n\t<meta property=\"og:image:height\" content=\"512\" \/>\n\t<meta property=\"og:image:type\" content=\"image\/jpeg\" \/>\n<meta name=\"twitter:card\" content=\"summary_large_image\" \/>\n<meta name=\"twitter:label1\" content=\"Dur\u00e9e de lecture estim\u00e9e\" \/>\n\t<meta name=\"twitter:data1\" content=\"1 minute\" \/>\n<script type=\"application\/ld+json\" class=\"yoast-schema-graph\">{\"@context\":\"https:\\\/\\\/schema.org\",\"@graph\":[{\"@type\":\"WebPage\",\"@id\":\"https:\\\/\\\/survivornet.ca\\\/connect\\\/partners\\\/georgian-bay-cancer-support-centre\\\/\",\"url\":\"https:\\\/\\\/survivornet.ca\\\/connect\\\/partners\\\/georgian-bay-cancer-support-centre\\\/\",\"name\":\"Georgian Bay Cancer Support Centre - Canadian Cancer Survivor Network\",\"isPartOf\":{\"@id\":\"https:\\\/\\\/survivornet.ca\\\/#website\"},\"primaryImageOfPage\":{\"@id\":\"https:\\\/\\\/survivornet.ca\\\/connect\\\/partners\\\/georgian-bay-cancer-support-centre\\\/#primaryimage\"},\"image\":{\"@id\":\"https:\\\/\\\/survivornet.ca\\\/connect\\\/partners\\\/georgian-bay-cancer-support-centre\\\/#primaryimage\"},\"thumbnailUrl\":\"https:\\\/\\\/survivornet.ca\\\/wp-content\\\/uploads\\\/2024\\\/02\\\/Georgian-Bay-Cancer-Support-Centre-Intro-logo.jpg\",\"datePublished\":\"2024-02-20T16:49:26+00:00\",\"breadcrumb\":{\"@id\":\"https:\\\/\\\/survivornet.ca\\\/connect\\\/partners\\\/georgian-bay-cancer-support-centre\\\/#breadcrumb\"},\"inLanguage\":\"fr-FR\",\"potentialAction\":[{\"@type\":\"ReadAction\",\"target\":[\"https:\\\/\\\/survivornet.ca\\\/connect\\\/partners\\\/georgian-bay-cancer-support-centre\\\/\"]}]},{\"@type\":\"ImageObject\",\"inLanguage\":\"fr-FR\",\"@id\":\"https:\\\/\\\/survivornet.ca\\\/connect\\\/partners\\\/georgian-bay-cancer-support-centre\\\/#primaryimage\",\"url\":\"https:\\\/\\\/survivornet.ca\\\/wp-content\\\/uploads\\\/2024\\\/02\\\/Georgian-Bay-Cancer-Support-Centre-Intro-logo.jpg\",\"contentUrl\":\"https:\\\/\\\/survivornet.ca\\\/wp-content\\\/uploads\\\/2024\\\/02\\\/Georgian-Bay-Cancer-Support-Centre-Intro-logo.jpg\",\"width\":512,\"height\":512},{\"@type\":\"BreadcrumbList\",\"@id\":\"https:\\\/\\\/survivornet.ca\\\/connect\\\/partners\\\/georgian-bay-cancer-support-centre\\\/#breadcrumb\",\"itemListElement\":[{\"@type\":\"ListItem\",\"position\":1,\"name\":\"Home\",\"item\":\"https:\\\/\\\/survivornet.ca\\\/fr\\\/\"},{\"@type\":\"ListItem\",\"position\":2,\"name\":\"Connectez\",\"item\":\"https:\\\/\\\/survivornet.ca\\\/fr\\\/reliez-vous\\\/\"},{\"@type\":\"ListItem\",\"position\":3,\"name\":\"Partenaires\",\"item\":\"https:\\\/\\\/survivornet.ca\\\/fr\\\/reliez-vous\\\/partenaires\\\/\"},{\"@type\":\"ListItem\",\"position\":4,\"name\":\"Georgian Bay Cancer Support Centre\"}]},{\"@type\":\"WebSite\",\"@id\":\"https:\\\/\\\/survivornet.ca\\\/#website\",\"url\":\"https:\\\/\\\/survivornet.ca\\\/\",\"name\":\"Canadian Cancer Survivor Network\",\"description\":\"The Canadian Cancer Survivor Network was created by a group of Canadians concerned about cancer.\",\"publisher\":{\"@id\":\"https:\\\/\\\/survivornet.ca\\\/#organization\"},\"potentialAction\":[{\"@type\":\"SearchAction\",\"target\":{\"@type\":\"EntryPoint\",\"urlTemplate\":\"https:\\\/\\\/survivornet.ca\\\/?s={search_term_string}\"},\"query-input\":{\"@type\":\"PropertyValueSpecification\",\"valueRequired\":true,\"valueName\":\"search_term_string\"}}],\"inLanguage\":\"fr-FR\"},{\"@type\":\"Organization\",\"@id\":\"https:\\\/\\\/survivornet.ca\\\/#organization\",\"name\":\"Canadian Cancer Survivor Network\",\"url\":\"https:\\\/\\\/survivornet.ca\\\/\",\"logo\":{\"@type\":\"ImageObject\",\"inLanguage\":\"fr-FR\",\"@id\":\"https:\\\/\\\/survivornet.ca\\\/#\\\/schema\\\/logo\\\/image\\\/\",\"url\":\"http:\\\/\\\/survivornet.ca\\\/wp-content\\\/uploads\\\/2016\\\/12\\\/CCSN_Logo_EN_SQUARE.png\",\"contentUrl\":\"http:\\\/\\\/survivornet.ca\\\/wp-content\\\/uploads\\\/2016\\\/12\\\/CCSN_Logo_EN_SQUARE.png\",\"width\":1209,\"height\":1007,\"caption\":\"Canadian Cancer Survivor Network\"},\"image\":{\"@id\":\"https:\\\/\\\/survivornet.ca\\\/#\\\/schema\\\/logo\\\/image\\\/\"}}]}<\/script>\n<!-- \/ Yoast SEO plugin. -->","yoast_head_json":{"title":"Georgian Bay Cancer Support Centre - Canadian Cancer Survivor Network","robots":{"index":"index","follow":"follow","max-snippet":"max-snippet:-1","max-image-preview":"max-image-preview:large","max-video-preview":"max-video-preview:-1"},"canonical":"https:\/\/survivornet.ca\/connect\/partners\/georgian-bay-cancer-support-centre\/","og_locale":"fr_FR","og_type":"article","og_title":"Georgian Bay Cancer Support Centre - Canadian Cancer Survivor Network","og_description":"Notre mission La mission du Georgian Bay Cancer Centre est de fournir un soutien \u00e9motionnel, physique, social et spirituel, une \u00e9ducation et des informations qui compl\u00e9mentent celles fournies par le syst\u00e8me m\u00e9dical","og_url":"https:\/\/survivornet.ca\/connect\/partners\/georgian-bay-cancer-support-centre\/","og_site_name":"Canadian Cancer Survivor Network","og_image":[{"width":512,"height":512,"url":"https:\/\/survivornet.ca\/wp-content\/uploads\/2024\/02\/Georgian-Bay-Cancer-Support-Centre-Intro-logo.jpg","type":"image\/jpeg"}],"twitter_card":"summary_large_image","twitter_misc":{"Dur\u00e9e de lecture estim\u00e9e":"1 minute"},"schema":{"@context":"https:\/\/schema.org","@graph":[{"@type":"WebPage","@id":"https:\/\/survivornet.ca\/connect\/partners\/georgian-bay-cancer-support-centre\/","url":"https:\/\/survivornet.ca\/connect\/partners\/georgian-bay-cancer-support-centre\/","name":"Georgian Bay Cancer Support Centre - Canadian Cancer Survivor Network","isPartOf":{"@id":"https:\/\/survivornet.ca\/#website"},"primaryImageOfPage":{"@id":"https:\/\/survivornet.ca\/connect\/partners\/georgian-bay-cancer-support-centre\/#primaryimage"},"image":{"@id":"https:\/\/survivornet.ca\/connect\/partners\/georgian-bay-cancer-support-centre\/#primaryimage"},"thumbnailUrl":"https:\/\/survivornet.ca\/wp-content\/uploads\/2024\/02\/Georgian-Bay-Cancer-Support-Centre-Intro-logo.jpg","datePublished":"2024-02-20T16:49:26+00:00","breadcrumb":{"@id":"https:\/\/survivornet.ca\/connect\/partners\/georgian-bay-cancer-support-centre\/#breadcrumb"},"inLanguage":"fr-FR","potentialAction":[{"@type":"ReadAction","target":["https:\/\/survivornet.ca\/connect\/partners\/georgian-bay-cancer-support-centre\/"]}]},{"@type":"ImageObject","inLanguage":"fr-FR","@id":"https:\/\/survivornet.ca\/connect\/partners\/georgian-bay-cancer-support-centre\/#primaryimage","url":"https:\/\/survivornet.ca\/wp-content\/uploads\/2024\/02\/Georgian-Bay-Cancer-Support-Centre-Intro-logo.jpg","contentUrl":"https:\/\/survivornet.ca\/wp-content\/uploads\/2024\/02\/Georgian-Bay-Cancer-Support-Centre-Intro-logo.jpg","width":512,"height":512},{"@type":"BreadcrumbList","@id":"https:\/\/survivornet.ca\/connect\/partners\/georgian-bay-cancer-support-centre\/#breadcrumb","itemListElement":[{"@type":"ListItem","position":1,"name":"Home","item":"https:\/\/survivornet.ca\/fr\/"},{"@type":"ListItem","position":2,"name":"Connectez","item":"https:\/\/survivornet.ca\/fr\/reliez-vous\/"},{"@type":"ListItem","position":3,"name":"Partenaires","item":"https:\/\/survivornet.ca\/fr\/reliez-vous\/partenaires\/"},{"@type":"ListItem","position":4,"name":"Georgian Bay Cancer Support Centre"}]},{"@type":"WebSite","@id":"https:\/\/survivornet.ca\/#website","url":"https:\/\/survivornet.ca\/","name":"Canadian Cancer Survivor Network","description":"The Canadian Cancer Survivor Network was created by a group of Canadians concerned about cancer.","publisher":{"@id":"https:\/\/survivornet.ca\/#organization"},"potentialAction":[{"@type":"SearchAction","target":{"@type":"EntryPoint","urlTemplate":"https:\/\/survivornet.ca\/?s={search_term_string}"},"query-input":{"@type":"PropertyValueSpecification","valueRequired":true,"valueName":"search_term_string"}}],"inLanguage":"fr-FR"},{"@type":"Organization","@id":"https:\/\/survivornet.ca\/#organization","name":"Canadian Cancer Survivor Network","url":"https:\/\/survivornet.ca\/","logo":{"@type":"ImageObject","inLanguage":"fr-FR","@id":"https:\/\/survivornet.ca\/#\/schema\/logo\/image\/","url":"http:\/\/survivornet.ca\/wp-content\/uploads\/2016\/12\/CCSN_Logo_EN_SQUARE.png","contentUrl":"http:\/\/survivornet.ca\/wp-content\/uploads\/2016\/12\/CCSN_Logo_EN_SQUARE.png","width":1209,"height":1007,"caption":"Canadian Cancer Survivor Network"},"image":{"@id":"https:\/\/survivornet.ca\/#\/schema\/logo\/image\/"}}]}},"_links":{"self":[{"href":"https:\/\/survivornet.ca\/fr\/wp-json\/wp\/v2\/pages\/29009","targetHints":{"allow":["GET"]}}],"collection":[{"href":"https:\/\/survivornet.ca\/fr\/wp-json\/wp\/v2\/pages"}],"about":[{"href":"https:\/\/survivornet.ca\/fr\/wp-json\/wp\/v2\/types\/page"}],"author":[{"embeddable":true,"href":"https:\/\/survivornet.ca\/fr\/wp-json\/wp\/v2\/users\/2"}],"replies":[{"embeddable":true,"href":"https:\/\/survivornet.ca\/fr\/wp-json\/wp\/v2\/comments?post=29009"}],"version-history":[{"count":1,"href":"https:\/\/survivornet.ca\/fr\/wp-json\/wp\/v2\/pages\/29009\/revisions"}],"predecessor-version":[{"id":29011,"href":"https:\/\/survivornet.ca\/fr\/wp-json\/wp\/v2\/pages\/29009\/revisions\/29011"}],"up":[{"embeddable":true,"href":"https:\/\/survivornet.ca\/fr\/wp-json\/wp\/v2\/pages\/4484"}],"wp:featuredmedia":[{"embeddable":true,"href":"https:\/\/survivornet.ca\/fr\/wp-json\/wp\/v2\/media\/29007"}],"wp:attachment":[{"href":"https:\/\/survivornet.ca\/fr\/wp-json\/wp\/v2\/media?parent=29009"}],"curies":[{"name":"wp","href":"https:\/\/api.w.org\/{rel}","templated":true}]}}