{"id":28997,"date":"2024-02-20T11:11:18","date_gmt":"2024-02-20T16:11:18","guid":{"rendered":"https:\/\/survivornet.ca\/?page_id=28997"},"modified":"2024-02-20T11:11:18","modified_gmt":"2024-02-20T16:11:18","slug":"dense-breasts-canada","status":"publish","type":"page","link":"https:\/\/survivornet.ca\/fr\/reliez-vous\/partenaires\/dense-breasts-canada\/","title":{"rendered":"Dense Breasts Canada"},"content":{"rendered":"<p><img loading=\"lazy\" decoding=\"async\" class=\"aligncenter  wp-image-28998\" src=\"http:\/\/survivornet.ca\/wp-content\/uploads\/2024\/02\/DenseBreastsCanada_Logo.png\" alt=\"\" width=\"345\" height=\"84\" \/><\/p>\n<p><span style=\"text-decoration: underline;\"><strong>Qui nous sommes<\/strong><\/span><\/p>\n<p>Dense Breasts Canada est un organisme \u00e0 but non lucratif ayant \u00e9t\u00e9 mis sur pieds en 2016. DBC est form\u00e9 d&#8217;individus et de professionnels de la sant\u00e9 d\u00e9vou\u00e9s \u00e0 la cause. DBC s&#8217;engage \u00e0 sensibiliser et \u00e0 plaider en faveur d&#8217;un syst\u00e8me de d\u00e9pistage optimal du cancer du sein.<\/p>\n<p><span style=\"text-decoration: underline;\"><strong>Nos objectifs principaux<\/strong><\/span><\/p>\n<ul class=\"content-list\">\n<li>Sensibiliser le public et les professionnels de la sant\u00e9 en ce qui a trait aux risques associ\u00e9s aux seins denses et \u00e0 l&#8217;importance du d\u00e9pistage d\u00e8s l&#8217;\u00e2ge de 40 ans.<\/li>\n<li>Convaincre les programmes de d\u00e9pistage provinciaux de signaler la densit\u00e9 mammaire directement aux femmes suite \u00e0 une \u00e9valuation et d&#8217;offrir un d\u00e9pistage suppl\u00e9mentaire aux femmes ayant des seins denses.<\/li>\n<li>Convaincre le gouvernement f\u00e9d\u00e9ral de r\u00e9viser les lignes directrices actuelles en mati\u00e8re de d\u00e9pistage du cancer du sein et de r\u00e9former le Groupe d&#8217;\u00e9tude canadien sur les soins de sant\u00e9 pr\u00e9ventifs.<\/li>\n<\/ul>\n<p><span style=\"text-decoration: underline;\"><em><strong>Pourquoi cherchons-nous \u00e0 cr\u00e9er une vague de changement?<\/strong><\/em><\/span><\/p>\n<p>Plus de 3 millions de femmes au Canada, \u00e2g\u00e9es de plus de 40 ans, ont des seins denses. DBC souhaite sensibiliser les femmes \u00e0 propos de l&#8217;importance de conna\u00eetre et comprendre la densit\u00e9 de leurs seins afin qu&#8217;elles puissent \u00eatre proactives dans la r\u00e9duction de leur risque et qu&#8217;elles puissent \u00e9galement avoir des discussions inform\u00e9es avec leurs fournisseurs de soins de sant\u00e9.<\/p>\n<p><strong>L&#8217;importance de la densit\u00e9 mammaire:\u00a0<\/strong>Les seins denses pr\u00e9sentent deux risques: 1. Les femmes ayant des seins denses ont plus de chances de d\u00e9velopper un cancer du sein. 2. Les tissus denses peuvent rendre difficile la d\u00e9tection de masses canc\u00e9reuses. Les femmes ayant des seins denses peuvent b\u00e9n\u00e9ficier d&#8217;un d\u00e9pistage suppl\u00e9mentaire afin de r\u00e9duire le nombre de diagnostics de cancer manqu\u00e9s ou tardifs\/avanc\u00e9s.<\/p>\n<p><strong>L&#8217;importance d&#8217;un d\u00e9pistage optimal:\u00a0<\/strong>La d\u00e9tection pr\u00e9coce du cancer du sein offre les meilleures chances de survie. Le taux de survie \u00e0 cinq ans post-diagnsotic est de 99,8% au stade 1 et de 23% au stade 4 de la maladie. La d\u00e9tection pr\u00e9coce permet \u00e9galement d&#8217;\u00e9viter la chimioth\u00e9rapie, la mastectomie et la dissection axilliaire. Le d\u00e9pistage optimal comprend une proc\u00e9dure annuelle de d\u00e9pistage \u00e0 partir de l&#8217;\u00e2ge de 40 an et jusqu&#8217;\u00e0 l&#8217;\u00e2ge de 74 ans, ainsi qu&#8217;un d\u00e9pistage suppl\u00e9mentaire pour les femmes ayant des seins denses.<\/p>\n<p>&#8230;<\/p>\n<p>Pour en savoir plus, consultez notre <a href=\"https:\/\/densebreastscanada.ca\/fr\/\">site web<\/a>.<\/p>\n<p>Courriel: info@densebreastcanada.ca<br \/>\nT\u00e9l\u00e9phone: 416 809 7976 (12h &#8211; 20h)<\/p>\n","protected":false},"excerpt":{"rendered":"<p>Qui nous sommes Dense Breasts Canada est un organisme \u00e0 but non lucratif ayant \u00e9t\u00e9 mis sur pieds en 2016. DBC est form\u00e9 d&#8217;individus et de professionnels de la sant\u00e9 d\u00e9vou\u00e9s \u00e0<\/p>\n","protected":false},"author":2,"featured_media":28993,"parent":4484,"menu_order":0,"comment_status":"closed","ping_status":"closed","template":"","meta":{"_acf_changed":false,"footnotes":""},"class_list":["post-28997","page","type-page","status-publish","has-post-thumbnail","hentry"],"acf":[],"yoast_head":"<!-- This site is optimized with the Yoast SEO plugin v27.4 - https:\/\/yoast.com\/product\/yoast-seo-wordpress\/ -->\n<title>Dense Breasts Canada - Canadian Cancer Survivor Network<\/title>\n<meta name=\"robots\" content=\"index, follow, max-snippet:-1, max-image-preview:large, max-video-preview:-1\" \/>\n<link rel=\"canonical\" href=\"https:\/\/survivornet.ca\/fr\/reliez-vous\/partenaires\/dense-breasts-canada\/\" \/>\n<meta property=\"og:locale\" content=\"fr_FR\" \/>\n<meta property=\"og:type\" content=\"article\" \/>\n<meta property=\"og:title\" content=\"Dense Breasts Canada - Canadian Cancer Survivor Network\" \/>\n<meta property=\"og:description\" content=\"Qui nous sommes Dense Breasts Canada est un organisme \u00e0 but non lucratif ayant \u00e9t\u00e9 mis sur pieds en 2016. DBC est form\u00e9 d&#8217;individus et de professionnels de la sant\u00e9 d\u00e9vou\u00e9s \u00e0\" \/>\n<meta property=\"og:url\" content=\"https:\/\/survivornet.ca\/fr\/reliez-vous\/partenaires\/dense-breasts-canada\/\" \/>\n<meta property=\"og:site_name\" content=\"Canadian Cancer Survivor Network\" \/>\n<meta property=\"og:image\" content=\"https:\/\/survivornet.ca\/wp-content\/uploads\/2024\/02\/Dense-Breasts-Canada-intro-logo.jpg\" \/>\n\t<meta property=\"og:image:width\" content=\"500\" \/>\n\t<meta property=\"og:image:height\" content=\"500\" \/>\n\t<meta property=\"og:image:type\" content=\"image\/jpeg\" \/>\n<meta name=\"twitter:card\" content=\"summary_large_image\" \/>\n<meta name=\"twitter:label1\" content=\"Dur\u00e9e de lecture estim\u00e9e\" \/>\n\t<meta name=\"twitter:data1\" content=\"2 minutes\" \/>\n<script type=\"application\/ld+json\" class=\"yoast-schema-graph\">{\"@context\":\"https:\\\/\\\/schema.org\",\"@graph\":[{\"@type\":\"WebPage\",\"@id\":\"https:\\\/\\\/survivornet.ca\\\/fr\\\/reliez-vous\\\/partenaires\\\/dense-breasts-canada\\\/\",\"url\":\"https:\\\/\\\/survivornet.ca\\\/fr\\\/reliez-vous\\\/partenaires\\\/dense-breasts-canada\\\/\",\"name\":\"Dense Breasts Canada - Canadian Cancer Survivor Network\",\"isPartOf\":{\"@id\":\"https:\\\/\\\/survivornet.ca\\\/#website\"},\"primaryImageOfPage\":{\"@id\":\"https:\\\/\\\/survivornet.ca\\\/fr\\\/reliez-vous\\\/partenaires\\\/dense-breasts-canada\\\/#primaryimage\"},\"image\":{\"@id\":\"https:\\\/\\\/survivornet.ca\\\/fr\\\/reliez-vous\\\/partenaires\\\/dense-breasts-canada\\\/#primaryimage\"},\"thumbnailUrl\":\"https:\\\/\\\/survivornet.ca\\\/wp-content\\\/uploads\\\/2024\\\/02\\\/Dense-Breasts-Canada-intro-logo.jpg\",\"datePublished\":\"2024-02-20T16:11:18+00:00\",\"breadcrumb\":{\"@id\":\"https:\\\/\\\/survivornet.ca\\\/fr\\\/reliez-vous\\\/partenaires\\\/dense-breasts-canada\\\/#breadcrumb\"},\"inLanguage\":\"fr-FR\",\"potentialAction\":[{\"@type\":\"ReadAction\",\"target\":[\"https:\\\/\\\/survivornet.ca\\\/fr\\\/reliez-vous\\\/partenaires\\\/dense-breasts-canada\\\/\"]}]},{\"@type\":\"ImageObject\",\"inLanguage\":\"fr-FR\",\"@id\":\"https:\\\/\\\/survivornet.ca\\\/fr\\\/reliez-vous\\\/partenaires\\\/dense-breasts-canada\\\/#primaryimage\",\"url\":\"https:\\\/\\\/survivornet.ca\\\/wp-content\\\/uploads\\\/2024\\\/02\\\/Dense-Breasts-Canada-intro-logo.jpg\",\"contentUrl\":\"https:\\\/\\\/survivornet.ca\\\/wp-content\\\/uploads\\\/2024\\\/02\\\/Dense-Breasts-Canada-intro-logo.jpg\",\"width\":500,\"height\":500},{\"@type\":\"BreadcrumbList\",\"@id\":\"https:\\\/\\\/survivornet.ca\\\/fr\\\/reliez-vous\\\/partenaires\\\/dense-breasts-canada\\\/#breadcrumb\",\"itemListElement\":[{\"@type\":\"ListItem\",\"position\":1,\"name\":\"Home\",\"item\":\"https:\\\/\\\/survivornet.ca\\\/fr\\\/\"},{\"@type\":\"ListItem\",\"position\":2,\"name\":\"Connectez\",\"item\":\"https:\\\/\\\/survivornet.ca\\\/fr\\\/reliez-vous\\\/\"},{\"@type\":\"ListItem\",\"position\":3,\"name\":\"Partenaires\",\"item\":\"https:\\\/\\\/survivornet.ca\\\/fr\\\/reliez-vous\\\/partenaires\\\/\"},{\"@type\":\"ListItem\",\"position\":4,\"name\":\"Dense Breasts Canada\"}]},{\"@type\":\"WebSite\",\"@id\":\"https:\\\/\\\/survivornet.ca\\\/#website\",\"url\":\"https:\\\/\\\/survivornet.ca\\\/\",\"name\":\"Canadian Cancer Survivor Network\",\"description\":\"The Canadian Cancer Survivor Network was created by a group of Canadians concerned about cancer.\",\"publisher\":{\"@id\":\"https:\\\/\\\/survivornet.ca\\\/#organization\"},\"potentialAction\":[{\"@type\":\"SearchAction\",\"target\":{\"@type\":\"EntryPoint\",\"urlTemplate\":\"https:\\\/\\\/survivornet.ca\\\/?s={search_term_string}\"},\"query-input\":{\"@type\":\"PropertyValueSpecification\",\"valueRequired\":true,\"valueName\":\"search_term_string\"}}],\"inLanguage\":\"fr-FR\"},{\"@type\":\"Organization\",\"@id\":\"https:\\\/\\\/survivornet.ca\\\/#organization\",\"name\":\"Canadian Cancer Survivor Network\",\"url\":\"https:\\\/\\\/survivornet.ca\\\/\",\"logo\":{\"@type\":\"ImageObject\",\"inLanguage\":\"fr-FR\",\"@id\":\"https:\\\/\\\/survivornet.ca\\\/#\\\/schema\\\/logo\\\/image\\\/\",\"url\":\"http:\\\/\\\/survivornet.ca\\\/wp-content\\\/uploads\\\/2016\\\/12\\\/CCSN_Logo_EN_SQUARE.png\",\"contentUrl\":\"http:\\\/\\\/survivornet.ca\\\/wp-content\\\/uploads\\\/2016\\\/12\\\/CCSN_Logo_EN_SQUARE.png\",\"width\":1209,\"height\":1007,\"caption\":\"Canadian Cancer Survivor Network\"},\"image\":{\"@id\":\"https:\\\/\\\/survivornet.ca\\\/#\\\/schema\\\/logo\\\/image\\\/\"}}]}<\/script>\n<!-- \/ Yoast SEO plugin. -->","yoast_head_json":{"title":"Dense Breasts Canada - Canadian Cancer Survivor Network","robots":{"index":"index","follow":"follow","max-snippet":"max-snippet:-1","max-image-preview":"max-image-preview:large","max-video-preview":"max-video-preview:-1"},"canonical":"https:\/\/survivornet.ca\/fr\/reliez-vous\/partenaires\/dense-breasts-canada\/","og_locale":"fr_FR","og_type":"article","og_title":"Dense Breasts Canada - Canadian Cancer Survivor Network","og_description":"Qui nous sommes Dense Breasts Canada est un organisme \u00e0 but non lucratif ayant \u00e9t\u00e9 mis sur pieds en 2016. DBC est form\u00e9 d&#8217;individus et de professionnels de la sant\u00e9 d\u00e9vou\u00e9s \u00e0","og_url":"https:\/\/survivornet.ca\/fr\/reliez-vous\/partenaires\/dense-breasts-canada\/","og_site_name":"Canadian Cancer Survivor Network","og_image":[{"width":500,"height":500,"url":"https:\/\/survivornet.ca\/wp-content\/uploads\/2024\/02\/Dense-Breasts-Canada-intro-logo.jpg","type":"image\/jpeg"}],"twitter_card":"summary_large_image","twitter_misc":{"Dur\u00e9e de lecture estim\u00e9e":"2 minutes"},"schema":{"@context":"https:\/\/schema.org","@graph":[{"@type":"WebPage","@id":"https:\/\/survivornet.ca\/fr\/reliez-vous\/partenaires\/dense-breasts-canada\/","url":"https:\/\/survivornet.ca\/fr\/reliez-vous\/partenaires\/dense-breasts-canada\/","name":"Dense Breasts Canada - Canadian Cancer Survivor Network","isPartOf":{"@id":"https:\/\/survivornet.ca\/#website"},"primaryImageOfPage":{"@id":"https:\/\/survivornet.ca\/fr\/reliez-vous\/partenaires\/dense-breasts-canada\/#primaryimage"},"image":{"@id":"https:\/\/survivornet.ca\/fr\/reliez-vous\/partenaires\/dense-breasts-canada\/#primaryimage"},"thumbnailUrl":"https:\/\/survivornet.ca\/wp-content\/uploads\/2024\/02\/Dense-Breasts-Canada-intro-logo.jpg","datePublished":"2024-02-20T16:11:18+00:00","breadcrumb":{"@id":"https:\/\/survivornet.ca\/fr\/reliez-vous\/partenaires\/dense-breasts-canada\/#breadcrumb"},"inLanguage":"fr-FR","potentialAction":[{"@type":"ReadAction","target":["https:\/\/survivornet.ca\/fr\/reliez-vous\/partenaires\/dense-breasts-canada\/"]}]},{"@type":"ImageObject","inLanguage":"fr-FR","@id":"https:\/\/survivornet.ca\/fr\/reliez-vous\/partenaires\/dense-breasts-canada\/#primaryimage","url":"https:\/\/survivornet.ca\/wp-content\/uploads\/2024\/02\/Dense-Breasts-Canada-intro-logo.jpg","contentUrl":"https:\/\/survivornet.ca\/wp-content\/uploads\/2024\/02\/Dense-Breasts-Canada-intro-logo.jpg","width":500,"height":500},{"@type":"BreadcrumbList","@id":"https:\/\/survivornet.ca\/fr\/reliez-vous\/partenaires\/dense-breasts-canada\/#breadcrumb","itemListElement":[{"@type":"ListItem","position":1,"name":"Home","item":"https:\/\/survivornet.ca\/fr\/"},{"@type":"ListItem","position":2,"name":"Connectez","item":"https:\/\/survivornet.ca\/fr\/reliez-vous\/"},{"@type":"ListItem","position":3,"name":"Partenaires","item":"https:\/\/survivornet.ca\/fr\/reliez-vous\/partenaires\/"},{"@type":"ListItem","position":4,"name":"Dense Breasts Canada"}]},{"@type":"WebSite","@id":"https:\/\/survivornet.ca\/#website","url":"https:\/\/survivornet.ca\/","name":"Canadian Cancer Survivor Network","description":"The Canadian Cancer Survivor Network was created by a group of Canadians concerned about cancer.","publisher":{"@id":"https:\/\/survivornet.ca\/#organization"},"potentialAction":[{"@type":"SearchAction","target":{"@type":"EntryPoint","urlTemplate":"https:\/\/survivornet.ca\/?s={search_term_string}"},"query-input":{"@type":"PropertyValueSpecification","valueRequired":true,"valueName":"search_term_string"}}],"inLanguage":"fr-FR"},{"@type":"Organization","@id":"https:\/\/survivornet.ca\/#organization","name":"Canadian Cancer Survivor Network","url":"https:\/\/survivornet.ca\/","logo":{"@type":"ImageObject","inLanguage":"fr-FR","@id":"https:\/\/survivornet.ca\/#\/schema\/logo\/image\/","url":"http:\/\/survivornet.ca\/wp-content\/uploads\/2016\/12\/CCSN_Logo_EN_SQUARE.png","contentUrl":"http:\/\/survivornet.ca\/wp-content\/uploads\/2016\/12\/CCSN_Logo_EN_SQUARE.png","width":1209,"height":1007,"caption":"Canadian Cancer Survivor Network"},"image":{"@id":"https:\/\/survivornet.ca\/#\/schema\/logo\/image\/"}}]}},"_links":{"self":[{"href":"https:\/\/survivornet.ca\/fr\/wp-json\/wp\/v2\/pages\/28997","targetHints":{"allow":["GET"]}}],"collection":[{"href":"https:\/\/survivornet.ca\/fr\/wp-json\/wp\/v2\/pages"}],"about":[{"href":"https:\/\/survivornet.ca\/fr\/wp-json\/wp\/v2\/types\/page"}],"author":[{"embeddable":true,"href":"https:\/\/survivornet.ca\/fr\/wp-json\/wp\/v2\/users\/2"}],"replies":[{"embeddable":true,"href":"https:\/\/survivornet.ca\/fr\/wp-json\/wp\/v2\/comments?post=28997"}],"version-history":[{"count":1,"href":"https:\/\/survivornet.ca\/fr\/wp-json\/wp\/v2\/pages\/28997\/revisions"}],"predecessor-version":[{"id":29000,"href":"https:\/\/survivornet.ca\/fr\/wp-json\/wp\/v2\/pages\/28997\/revisions\/29000"}],"up":[{"embeddable":true,"href":"https:\/\/survivornet.ca\/fr\/wp-json\/wp\/v2\/pages\/4484"}],"wp:featuredmedia":[{"embeddable":true,"href":"https:\/\/survivornet.ca\/fr\/wp-json\/wp\/v2\/media\/28993"}],"wp:attachment":[{"href":"https:\/\/survivornet.ca\/fr\/wp-json\/wp\/v2\/media?parent=28997"}],"curies":[{"name":"wp","href":"https:\/\/api.w.org\/{rel}","templated":true}]}}