{"id":28986,"date":"2024-02-20T09:30:05","date_gmt":"2024-02-20T14:30:05","guid":{"rendered":"https:\/\/survivornet.ca\/?page_id=28986"},"modified":"2024-02-20T09:50:29","modified_gmt":"2024-02-20T14:50:29","slug":"debbies-dream-foundation-curing-stomach-cancer","status":"publish","type":"page","link":"https:\/\/survivornet.ca\/fr\/reliez-vous\/partenaires\/debbies-dream-foundation-curing-stomach-cancer\/","title":{"rendered":"Debbie&#8217;s Dream Foundation: Curing Stomach Cancer"},"content":{"rendered":"<p><img loading=\"lazy\" decoding=\"async\" class=\"aligncenter size-full wp-image-28985\" src=\"http:\/\/survivornet.ca\/wp-content\/uploads\/2024\/02\/Debbies-Dream-Foundation-logo-high-resolution.jpg\" alt=\"\" width=\"300\" height=\"296\" \/><\/p>\n<p><span style=\"text-decoration: underline;\"><strong>Notre mission<\/strong><\/span><\/p>\n<p>Debbie&#8217;s Dream Foundation: Curing Stomach Cancer est une organisation \u00e0 but non lucratif qui tente de sensibiliser la population en ce qui a trait au cancer de l&#8217;estomac, aux avanc\u00e9es de financement pour la recherche, \u00e0 l&#8217;\u00e9ducation et au soutien des patients, de leurs familles et des soignants \u00e0 une \u00e9chelle internationale. DDF a comme objectif ultime de faire en sorte que le r\u00eave d&#8217;un rem\u00e8de pour le cancer de l&#8217;estomac devienne une r\u00e9alit\u00e9.<\/p>\n<p><strong><span style=\"text-decoration: underline;\">Notre vision<\/span><\/strong><\/p>\n<p>Que le cancer de l&#8217;estomac ne soit plus un diagnostic mortel. Que si ce n&#8217;est pas gu\u00e9rissable, ce soit du moins une condition que l&#8217;on peut g\u00e9rer.<\/p>\n<p><span style=\"text-decoration: underline;\"><strong>Nous croyons que&#8230;<\/strong><\/span><\/p>\n<ol class=\"content-list\">\n<li>Les pr\u00e9occupations et les besoins des patients doivent toujours \u00eatre au premier plan de tout ce que nous faisons.<\/li>\n<li>Les patients m\u00e9ritent d&#8217;avoir acc\u00e8s aux informations d&#8217;actualit\u00e9 en ce qui a trait \u00e0 leur maladie, les options de traitement et le soutien qui leur est disponible.<\/li>\n<li>Les m\u00e9decins doivent bien conna\u00eetre la maladie, l&#8217;importance de la consid\u00e9rer comme un diagnostic possible, les options de traitements et les sources de soutien disponibles pour les patients, leurs familles et leur \u00e9quipe de soins.<\/li>\n<li>Nous avons la responsabilit\u00e9 d&#8217;\u00eatre transparents envers nos donateurs et donatrices, ainsi que la communaut\u00e9 dans son ensemble.<\/li>\n<li>Nous avons la responsabilit\u00e9 de ne pas laisser des influences ext\u00e9rieures douteuses biaiser nos connaissances.<\/li>\n<li>Nous devons travailler en collaboration avec d&#8217;autres organisations \u00e0 but non lucratif, des entreprises, des agences gouvernementales, scientifiques etc., afin d&#8217;optimiser l&#8217;impact que nous avons sur la population.<\/li>\n<li>Soutenir la collaboration au sein de la communaut\u00e9 scientifique nous aidera \u00e0 r\u00e9aliser notre mission et notre visio plus rapidement, sauvant ainsi des vies.<\/li>\n<li>Puisque la recherche repr\u00e9sente un aspect cl\u00e9 de la gestion des maladies et de leur traitements, le financement de ces initiatives est primordial.<\/li>\n<li>Capter l&#8217;imagination et l&#8217;engagement des jeunes scientifiques au d\u00e9but de leur carri\u00e8re se traduira par une attention plus cibl\u00e9e sur cette maladie.<\/li>\n<li>La sensibilisation et la revendication des besoins et des droits des patients sont essentiels \u00e0 la lutte contre cette maladie.<\/li>\n<li>En tant que conseil administratif, nous devons rester inform\u00e9s afin d&#8217;\u00eatre aussi efficaces que possible et de fournir des conseils \u00e9clair\u00e9s.<\/li>\n<\/ol>\n<p style=\"text-align: center;\">&#8230;<\/p>\n<p>Pour en savoir plus, consultez notre <a href=\"https:\/\/debbiesdream.org\/\">site web<\/a>.<\/p>\n<p>Debbie\u2019s Dream Foundation: Curing Stomach Cancer<br \/>\nTwo South University Drive, Suite 326<br \/>\nPlantation, FL 33324<br \/>\nOffice: (954) 475-1200<br \/>\nToll-Free: (855) 475-1200<br \/>\nFax: (855) 475-1201<\/p>\n","protected":false},"excerpt":{"rendered":"<p>Notre mission Debbie&#8217;s Dream Foundation: Curing Stomach Cancer est une organisation \u00e0 but non lucratif qui tente de sensibiliser la population en ce qui a trait au cancer de l&#8217;estomac, aux avanc\u00e9es<\/p>\n","protected":false},"author":2,"featured_media":28985,"parent":4484,"menu_order":0,"comment_status":"closed","ping_status":"closed","template":"","meta":{"_acf_changed":false,"footnotes":""},"class_list":["post-28986","page","type-page","status-publish","has-post-thumbnail","hentry"],"acf":[],"yoast_head":"<!-- This site is optimized with the Yoast SEO plugin v27.4 - https:\/\/yoast.com\/product\/yoast-seo-wordpress\/ -->\n<title>Debbie&#039;s Dream Foundation: Curing Stomach Cancer - Canadian Cancer Survivor Network<\/title>\n<meta name=\"robots\" content=\"index, follow, max-snippet:-1, max-image-preview:large, max-video-preview:-1\" \/>\n<link rel=\"canonical\" href=\"https:\/\/survivornet.ca\/fr\/reliez-vous\/partenaires\/debbies-dream-foundation-curing-stomach-cancer\/\" \/>\n<meta property=\"og:locale\" content=\"fr_FR\" \/>\n<meta property=\"og:type\" content=\"article\" \/>\n<meta property=\"og:title\" content=\"Debbie&#039;s Dream Foundation: Curing Stomach Cancer - Canadian Cancer Survivor Network\" \/>\n<meta property=\"og:description\" content=\"Notre mission Debbie&#8217;s Dream Foundation: Curing Stomach Cancer est une organisation \u00e0 but non lucratif qui tente de sensibiliser la population en ce qui a trait au cancer de l&#8217;estomac, aux avanc\u00e9es\" \/>\n<meta property=\"og:url\" content=\"https:\/\/survivornet.ca\/fr\/reliez-vous\/partenaires\/debbies-dream-foundation-curing-stomach-cancer\/\" \/>\n<meta property=\"og:site_name\" content=\"Canadian Cancer Survivor Network\" \/>\n<meta property=\"article:modified_time\" content=\"2024-02-20T14:50:29+00:00\" \/>\n<meta property=\"og:image\" content=\"https:\/\/survivornet.ca\/wp-content\/uploads\/2024\/02\/Debbies-Dream-Foundation-logo-high-resolution.jpg\" \/>\n\t<meta property=\"og:image:width\" content=\"300\" \/>\n\t<meta property=\"og:image:height\" content=\"296\" \/>\n\t<meta property=\"og:image:type\" content=\"image\/jpeg\" \/>\n<meta name=\"twitter:card\" content=\"summary_large_image\" \/>\n<meta name=\"twitter:label1\" content=\"Dur\u00e9e de lecture estim\u00e9e\" \/>\n\t<meta name=\"twitter:data1\" content=\"2 minutes\" \/>\n<script type=\"application\/ld+json\" class=\"yoast-schema-graph\">{\"@context\":\"https:\\\/\\\/schema.org\",\"@graph\":[{\"@type\":\"WebPage\",\"@id\":\"https:\\\/\\\/survivornet.ca\\\/fr\\\/reliez-vous\\\/partenaires\\\/debbies-dream-foundation-curing-stomach-cancer\\\/\",\"url\":\"https:\\\/\\\/survivornet.ca\\\/fr\\\/reliez-vous\\\/partenaires\\\/debbies-dream-foundation-curing-stomach-cancer\\\/\",\"name\":\"Debbie's Dream Foundation: Curing Stomach Cancer - Canadian Cancer Survivor Network\",\"isPartOf\":{\"@id\":\"https:\\\/\\\/survivornet.ca\\\/#website\"},\"primaryImageOfPage\":{\"@id\":\"https:\\\/\\\/survivornet.ca\\\/fr\\\/reliez-vous\\\/partenaires\\\/debbies-dream-foundation-curing-stomach-cancer\\\/#primaryimage\"},\"image\":{\"@id\":\"https:\\\/\\\/survivornet.ca\\\/fr\\\/reliez-vous\\\/partenaires\\\/debbies-dream-foundation-curing-stomach-cancer\\\/#primaryimage\"},\"thumbnailUrl\":\"https:\\\/\\\/survivornet.ca\\\/wp-content\\\/uploads\\\/2024\\\/02\\\/Debbies-Dream-Foundation-logo-high-resolution.jpg\",\"datePublished\":\"2024-02-20T14:30:05+00:00\",\"dateModified\":\"2024-02-20T14:50:29+00:00\",\"breadcrumb\":{\"@id\":\"https:\\\/\\\/survivornet.ca\\\/fr\\\/reliez-vous\\\/partenaires\\\/debbies-dream-foundation-curing-stomach-cancer\\\/#breadcrumb\"},\"inLanguage\":\"fr-FR\",\"potentialAction\":[{\"@type\":\"ReadAction\",\"target\":[\"https:\\\/\\\/survivornet.ca\\\/fr\\\/reliez-vous\\\/partenaires\\\/debbies-dream-foundation-curing-stomach-cancer\\\/\"]}]},{\"@type\":\"ImageObject\",\"inLanguage\":\"fr-FR\",\"@id\":\"https:\\\/\\\/survivornet.ca\\\/fr\\\/reliez-vous\\\/partenaires\\\/debbies-dream-foundation-curing-stomach-cancer\\\/#primaryimage\",\"url\":\"https:\\\/\\\/survivornet.ca\\\/wp-content\\\/uploads\\\/2024\\\/02\\\/Debbies-Dream-Foundation-logo-high-resolution.jpg\",\"contentUrl\":\"https:\\\/\\\/survivornet.ca\\\/wp-content\\\/uploads\\\/2024\\\/02\\\/Debbies-Dream-Foundation-logo-high-resolution.jpg\",\"width\":300,\"height\":296},{\"@type\":\"BreadcrumbList\",\"@id\":\"https:\\\/\\\/survivornet.ca\\\/fr\\\/reliez-vous\\\/partenaires\\\/debbies-dream-foundation-curing-stomach-cancer\\\/#breadcrumb\",\"itemListElement\":[{\"@type\":\"ListItem\",\"position\":1,\"name\":\"Home\",\"item\":\"https:\\\/\\\/survivornet.ca\\\/fr\\\/\"},{\"@type\":\"ListItem\",\"position\":2,\"name\":\"Connectez\",\"item\":\"https:\\\/\\\/survivornet.ca\\\/fr\\\/reliez-vous\\\/\"},{\"@type\":\"ListItem\",\"position\":3,\"name\":\"Partenaires\",\"item\":\"https:\\\/\\\/survivornet.ca\\\/fr\\\/reliez-vous\\\/partenaires\\\/\"},{\"@type\":\"ListItem\",\"position\":4,\"name\":\"Debbie&#8217;s Dream Foundation: Curing Stomach Cancer\"}]},{\"@type\":\"WebSite\",\"@id\":\"https:\\\/\\\/survivornet.ca\\\/#website\",\"url\":\"https:\\\/\\\/survivornet.ca\\\/\",\"name\":\"Canadian Cancer Survivor Network\",\"description\":\"The Canadian Cancer Survivor Network was created by a group of Canadians concerned about cancer.\",\"publisher\":{\"@id\":\"https:\\\/\\\/survivornet.ca\\\/#organization\"},\"potentialAction\":[{\"@type\":\"SearchAction\",\"target\":{\"@type\":\"EntryPoint\",\"urlTemplate\":\"https:\\\/\\\/survivornet.ca\\\/?s={search_term_string}\"},\"query-input\":{\"@type\":\"PropertyValueSpecification\",\"valueRequired\":true,\"valueName\":\"search_term_string\"}}],\"inLanguage\":\"fr-FR\"},{\"@type\":\"Organization\",\"@id\":\"https:\\\/\\\/survivornet.ca\\\/#organization\",\"name\":\"Canadian Cancer Survivor Network\",\"url\":\"https:\\\/\\\/survivornet.ca\\\/\",\"logo\":{\"@type\":\"ImageObject\",\"inLanguage\":\"fr-FR\",\"@id\":\"https:\\\/\\\/survivornet.ca\\\/#\\\/schema\\\/logo\\\/image\\\/\",\"url\":\"http:\\\/\\\/survivornet.ca\\\/wp-content\\\/uploads\\\/2016\\\/12\\\/CCSN_Logo_EN_SQUARE.png\",\"contentUrl\":\"http:\\\/\\\/survivornet.ca\\\/wp-content\\\/uploads\\\/2016\\\/12\\\/CCSN_Logo_EN_SQUARE.png\",\"width\":1209,\"height\":1007,\"caption\":\"Canadian Cancer Survivor Network\"},\"image\":{\"@id\":\"https:\\\/\\\/survivornet.ca\\\/#\\\/schema\\\/logo\\\/image\\\/\"}}]}<\/script>\n<!-- \/ Yoast SEO plugin. -->","yoast_head_json":{"title":"Debbie's Dream Foundation: Curing Stomach Cancer - Canadian Cancer Survivor Network","robots":{"index":"index","follow":"follow","max-snippet":"max-snippet:-1","max-image-preview":"max-image-preview:large","max-video-preview":"max-video-preview:-1"},"canonical":"https:\/\/survivornet.ca\/fr\/reliez-vous\/partenaires\/debbies-dream-foundation-curing-stomach-cancer\/","og_locale":"fr_FR","og_type":"article","og_title":"Debbie's Dream Foundation: Curing Stomach Cancer - Canadian Cancer Survivor Network","og_description":"Notre mission Debbie&#8217;s Dream Foundation: Curing Stomach Cancer est une organisation \u00e0 but non lucratif qui tente de sensibiliser la population en ce qui a trait au cancer de l&#8217;estomac, aux avanc\u00e9es","og_url":"https:\/\/survivornet.ca\/fr\/reliez-vous\/partenaires\/debbies-dream-foundation-curing-stomach-cancer\/","og_site_name":"Canadian Cancer Survivor Network","article_modified_time":"2024-02-20T14:50:29+00:00","og_image":[{"width":300,"height":296,"url":"https:\/\/survivornet.ca\/wp-content\/uploads\/2024\/02\/Debbies-Dream-Foundation-logo-high-resolution.jpg","type":"image\/jpeg"}],"twitter_card":"summary_large_image","twitter_misc":{"Dur\u00e9e de lecture estim\u00e9e":"2 minutes"},"schema":{"@context":"https:\/\/schema.org","@graph":[{"@type":"WebPage","@id":"https:\/\/survivornet.ca\/fr\/reliez-vous\/partenaires\/debbies-dream-foundation-curing-stomach-cancer\/","url":"https:\/\/survivornet.ca\/fr\/reliez-vous\/partenaires\/debbies-dream-foundation-curing-stomach-cancer\/","name":"Debbie's Dream Foundation: Curing Stomach Cancer - Canadian Cancer Survivor Network","isPartOf":{"@id":"https:\/\/survivornet.ca\/#website"},"primaryImageOfPage":{"@id":"https:\/\/survivornet.ca\/fr\/reliez-vous\/partenaires\/debbies-dream-foundation-curing-stomach-cancer\/#primaryimage"},"image":{"@id":"https:\/\/survivornet.ca\/fr\/reliez-vous\/partenaires\/debbies-dream-foundation-curing-stomach-cancer\/#primaryimage"},"thumbnailUrl":"https:\/\/survivornet.ca\/wp-content\/uploads\/2024\/02\/Debbies-Dream-Foundation-logo-high-resolution.jpg","datePublished":"2024-02-20T14:30:05+00:00","dateModified":"2024-02-20T14:50:29+00:00","breadcrumb":{"@id":"https:\/\/survivornet.ca\/fr\/reliez-vous\/partenaires\/debbies-dream-foundation-curing-stomach-cancer\/#breadcrumb"},"inLanguage":"fr-FR","potentialAction":[{"@type":"ReadAction","target":["https:\/\/survivornet.ca\/fr\/reliez-vous\/partenaires\/debbies-dream-foundation-curing-stomach-cancer\/"]}]},{"@type":"ImageObject","inLanguage":"fr-FR","@id":"https:\/\/survivornet.ca\/fr\/reliez-vous\/partenaires\/debbies-dream-foundation-curing-stomach-cancer\/#primaryimage","url":"https:\/\/survivornet.ca\/wp-content\/uploads\/2024\/02\/Debbies-Dream-Foundation-logo-high-resolution.jpg","contentUrl":"https:\/\/survivornet.ca\/wp-content\/uploads\/2024\/02\/Debbies-Dream-Foundation-logo-high-resolution.jpg","width":300,"height":296},{"@type":"BreadcrumbList","@id":"https:\/\/survivornet.ca\/fr\/reliez-vous\/partenaires\/debbies-dream-foundation-curing-stomach-cancer\/#breadcrumb","itemListElement":[{"@type":"ListItem","position":1,"name":"Home","item":"https:\/\/survivornet.ca\/fr\/"},{"@type":"ListItem","position":2,"name":"Connectez","item":"https:\/\/survivornet.ca\/fr\/reliez-vous\/"},{"@type":"ListItem","position":3,"name":"Partenaires","item":"https:\/\/survivornet.ca\/fr\/reliez-vous\/partenaires\/"},{"@type":"ListItem","position":4,"name":"Debbie&#8217;s Dream Foundation: Curing Stomach Cancer"}]},{"@type":"WebSite","@id":"https:\/\/survivornet.ca\/#website","url":"https:\/\/survivornet.ca\/","name":"Canadian Cancer Survivor Network","description":"The Canadian Cancer Survivor Network was created by a group of Canadians concerned about cancer.","publisher":{"@id":"https:\/\/survivornet.ca\/#organization"},"potentialAction":[{"@type":"SearchAction","target":{"@type":"EntryPoint","urlTemplate":"https:\/\/survivornet.ca\/?s={search_term_string}"},"query-input":{"@type":"PropertyValueSpecification","valueRequired":true,"valueName":"search_term_string"}}],"inLanguage":"fr-FR"},{"@type":"Organization","@id":"https:\/\/survivornet.ca\/#organization","name":"Canadian Cancer Survivor Network","url":"https:\/\/survivornet.ca\/","logo":{"@type":"ImageObject","inLanguage":"fr-FR","@id":"https:\/\/survivornet.ca\/#\/schema\/logo\/image\/","url":"http:\/\/survivornet.ca\/wp-content\/uploads\/2016\/12\/CCSN_Logo_EN_SQUARE.png","contentUrl":"http:\/\/survivornet.ca\/wp-content\/uploads\/2016\/12\/CCSN_Logo_EN_SQUARE.png","width":1209,"height":1007,"caption":"Canadian Cancer Survivor Network"},"image":{"@id":"https:\/\/survivornet.ca\/#\/schema\/logo\/image\/"}}]}},"_links":{"self":[{"href":"https:\/\/survivornet.ca\/fr\/wp-json\/wp\/v2\/pages\/28986","targetHints":{"allow":["GET"]}}],"collection":[{"href":"https:\/\/survivornet.ca\/fr\/wp-json\/wp\/v2\/pages"}],"about":[{"href":"https:\/\/survivornet.ca\/fr\/wp-json\/wp\/v2\/types\/page"}],"author":[{"embeddable":true,"href":"https:\/\/survivornet.ca\/fr\/wp-json\/wp\/v2\/users\/2"}],"replies":[{"embeddable":true,"href":"https:\/\/survivornet.ca\/fr\/wp-json\/wp\/v2\/comments?post=28986"}],"version-history":[{"count":1,"href":"https:\/\/survivornet.ca\/fr\/wp-json\/wp\/v2\/pages\/28986\/revisions"}],"predecessor-version":[{"id":28987,"href":"https:\/\/survivornet.ca\/fr\/wp-json\/wp\/v2\/pages\/28986\/revisions\/28987"}],"up":[{"embeddable":true,"href":"https:\/\/survivornet.ca\/fr\/wp-json\/wp\/v2\/pages\/4484"}],"wp:featuredmedia":[{"embeddable":true,"href":"https:\/\/survivornet.ca\/fr\/wp-json\/wp\/v2\/media\/28985"}],"wp:attachment":[{"href":"https:\/\/survivornet.ca\/fr\/wp-json\/wp\/v2\/media?parent=28986"}],"curies":[{"name":"wp","href":"https:\/\/api.w.org\/{rel}","templated":true}]}}