{"id":28950,"date":"2024-02-15T18:39:10","date_gmt":"2024-02-15T23:39:10","guid":{"rendered":"https:\/\/survivornet.ca\/?page_id=28950"},"modified":"2024-02-15T18:39:10","modified_gmt":"2024-02-15T23:39:10","slug":"canadian-cardiac-oncology-network","status":"publish","type":"page","link":"https:\/\/survivornet.ca\/fr\/reliez-vous\/partenaires\/canadian-cardiac-oncology-network\/","title":{"rendered":"Canadian Cardiac Oncology Network"},"content":{"rendered":"<p><img loading=\"lazy\" decoding=\"async\" class=\"aligncenter size-full wp-image-28951\" src=\"http:\/\/survivornet.ca\/wp-content\/uploads\/2024\/02\/Canadian-Cardiac-Oncology-Network-logo.png\" alt=\"\" width=\"276\" height=\"78\" \/><\/p>\n<p>&nbsp;<\/p>\n<p>La collaboration multidisciplinaire joue un r\u00f4le de premier plan dans le traitement et la gestion du cancer chez ceux et celles vivant avec la maladie. Le Canadian Cardiac Oncology Network a \u00e9t\u00e9 cr\u00e9\u00e9 dans le but de faciliter la collaboration entre divers professionnels de la sant\u00e9 qui s&#8217;int\u00e9ressent au domaine \u00e9mergeant de l&#8217;oncologie cardiaque.<\/p>\n<p><span style=\"text-decoration: underline;\"><strong>Vision<\/strong><\/span><\/p>\n<p>Optimiser les soins cardiaques des patients touch\u00e9s par le cancer et recevant des th\u00e9rapies potentiellement cardiotoxiques.<\/p>\n<p><span style=\"text-decoration: underline;\"><strong>Mission<\/strong><\/span><\/p>\n<ul class=\"content-list\">\n<li>Mieux comprendre les complications cardiaques li\u00e9es aux traitements contre le cancer.<\/li>\n<li>D\u00e9velopper des strat\u00e9gies de d\u00e9tection et d&#8217;intervention pr\u00e9coces pour optimiser la sant\u00e9 cardiaque.<\/li>\n<li>Optimiser les r\u00e9sultats pour les patients en collaborant avec des professionnels param\u00e9dicaux.<\/li>\n<\/ul>\n<p>Pour en savoir plus, consultez notre <a href=\"https:\/\/cardiaconcology.ca\/\">site web<\/a>.<\/p>\n<p><strong><em>Canadian Cardiac Oncology Network<\/em><\/p>\n<p><\/strong>30 Bond Street<br \/>\nToronto, ON<br \/>\nM5G 1W8<br \/>\ninfo@cardiaconcology.ca<\/p>\n","protected":false},"excerpt":{"rendered":"<p>&nbsp; La collaboration multidisciplinaire joue un r\u00f4le de premier plan dans le traitement et la gestion du cancer chez ceux et celles vivant avec la maladie. Le Canadian Cardiac Oncology Network a<\/p>\n","protected":false},"author":2,"featured_media":28951,"parent":4484,"menu_order":0,"comment_status":"closed","ping_status":"closed","template":"","meta":{"_acf_changed":false,"footnotes":""},"class_list":["post-28950","page","type-page","status-publish","has-post-thumbnail","hentry"],"acf":[],"yoast_head":"<!-- This site is optimized with the Yoast SEO plugin v27.4 - https:\/\/yoast.com\/product\/yoast-seo-wordpress\/ -->\n<title>Canadian Cardiac Oncology Network - Canadian Cancer Survivor Network<\/title>\n<meta name=\"robots\" content=\"index, follow, max-snippet:-1, max-image-preview:large, max-video-preview:-1\" \/>\n<link rel=\"canonical\" href=\"https:\/\/survivornet.ca\/fr\/reliez-vous\/partenaires\/canadian-cardiac-oncology-network\/\" \/>\n<meta property=\"og:locale\" content=\"fr_FR\" \/>\n<meta property=\"og:type\" content=\"article\" \/>\n<meta property=\"og:title\" content=\"Canadian Cardiac Oncology Network - Canadian Cancer Survivor Network\" \/>\n<meta property=\"og:description\" content=\"&nbsp; La collaboration multidisciplinaire joue un r\u00f4le de premier plan dans le traitement et la gestion du cancer chez ceux et celles vivant avec la maladie. Le Canadian Cardiac Oncology Network a\" \/>\n<meta property=\"og:url\" content=\"https:\/\/survivornet.ca\/fr\/reliez-vous\/partenaires\/canadian-cardiac-oncology-network\/\" \/>\n<meta property=\"og:site_name\" content=\"Canadian Cancer Survivor Network\" \/>\n<meta property=\"og:image\" content=\"https:\/\/survivornet.ca\/wp-content\/uploads\/2024\/02\/Canadian-Cardiac-Oncology-Network-logo.png\" \/>\n\t<meta property=\"og:image:width\" content=\"276\" \/>\n\t<meta property=\"og:image:height\" content=\"78\" \/>\n\t<meta property=\"og:image:type\" content=\"image\/png\" \/>\n<meta name=\"twitter:card\" content=\"summary_large_image\" \/>\n<meta name=\"twitter:label1\" content=\"Dur\u00e9e de lecture estim\u00e9e\" \/>\n\t<meta name=\"twitter:data1\" content=\"1 minute\" \/>\n<script type=\"application\/ld+json\" class=\"yoast-schema-graph\">{\"@context\":\"https:\\\/\\\/schema.org\",\"@graph\":[{\"@type\":\"WebPage\",\"@id\":\"https:\\\/\\\/survivornet.ca\\\/fr\\\/reliez-vous\\\/partenaires\\\/canadian-cardiac-oncology-network\\\/\",\"url\":\"https:\\\/\\\/survivornet.ca\\\/fr\\\/reliez-vous\\\/partenaires\\\/canadian-cardiac-oncology-network\\\/\",\"name\":\"Canadian Cardiac Oncology Network - Canadian Cancer Survivor Network\",\"isPartOf\":{\"@id\":\"https:\\\/\\\/survivornet.ca\\\/#website\"},\"primaryImageOfPage\":{\"@id\":\"https:\\\/\\\/survivornet.ca\\\/fr\\\/reliez-vous\\\/partenaires\\\/canadian-cardiac-oncology-network\\\/#primaryimage\"},\"image\":{\"@id\":\"https:\\\/\\\/survivornet.ca\\\/fr\\\/reliez-vous\\\/partenaires\\\/canadian-cardiac-oncology-network\\\/#primaryimage\"},\"thumbnailUrl\":\"https:\\\/\\\/survivornet.ca\\\/wp-content\\\/uploads\\\/2024\\\/02\\\/Canadian-Cardiac-Oncology-Network-logo.png\",\"datePublished\":\"2024-02-15T23:39:10+00:00\",\"breadcrumb\":{\"@id\":\"https:\\\/\\\/survivornet.ca\\\/fr\\\/reliez-vous\\\/partenaires\\\/canadian-cardiac-oncology-network\\\/#breadcrumb\"},\"inLanguage\":\"fr-FR\",\"potentialAction\":[{\"@type\":\"ReadAction\",\"target\":[\"https:\\\/\\\/survivornet.ca\\\/fr\\\/reliez-vous\\\/partenaires\\\/canadian-cardiac-oncology-network\\\/\"]}]},{\"@type\":\"ImageObject\",\"inLanguage\":\"fr-FR\",\"@id\":\"https:\\\/\\\/survivornet.ca\\\/fr\\\/reliez-vous\\\/partenaires\\\/canadian-cardiac-oncology-network\\\/#primaryimage\",\"url\":\"https:\\\/\\\/survivornet.ca\\\/wp-content\\\/uploads\\\/2024\\\/02\\\/Canadian-Cardiac-Oncology-Network-logo.png\",\"contentUrl\":\"https:\\\/\\\/survivornet.ca\\\/wp-content\\\/uploads\\\/2024\\\/02\\\/Canadian-Cardiac-Oncology-Network-logo.png\",\"width\":276,\"height\":78},{\"@type\":\"BreadcrumbList\",\"@id\":\"https:\\\/\\\/survivornet.ca\\\/fr\\\/reliez-vous\\\/partenaires\\\/canadian-cardiac-oncology-network\\\/#breadcrumb\",\"itemListElement\":[{\"@type\":\"ListItem\",\"position\":1,\"name\":\"Home\",\"item\":\"https:\\\/\\\/survivornet.ca\\\/fr\\\/\"},{\"@type\":\"ListItem\",\"position\":2,\"name\":\"Connectez\",\"item\":\"https:\\\/\\\/survivornet.ca\\\/fr\\\/reliez-vous\\\/\"},{\"@type\":\"ListItem\",\"position\":3,\"name\":\"Partenaires\",\"item\":\"https:\\\/\\\/survivornet.ca\\\/fr\\\/reliez-vous\\\/partenaires\\\/\"},{\"@type\":\"ListItem\",\"position\":4,\"name\":\"Canadian Cardiac Oncology Network\"}]},{\"@type\":\"WebSite\",\"@id\":\"https:\\\/\\\/survivornet.ca\\\/#website\",\"url\":\"https:\\\/\\\/survivornet.ca\\\/\",\"name\":\"Canadian Cancer Survivor Network\",\"description\":\"The Canadian Cancer Survivor Network was created by a group of Canadians concerned about cancer.\",\"publisher\":{\"@id\":\"https:\\\/\\\/survivornet.ca\\\/#organization\"},\"potentialAction\":[{\"@type\":\"SearchAction\",\"target\":{\"@type\":\"EntryPoint\",\"urlTemplate\":\"https:\\\/\\\/survivornet.ca\\\/?s={search_term_string}\"},\"query-input\":{\"@type\":\"PropertyValueSpecification\",\"valueRequired\":true,\"valueName\":\"search_term_string\"}}],\"inLanguage\":\"fr-FR\"},{\"@type\":\"Organization\",\"@id\":\"https:\\\/\\\/survivornet.ca\\\/#organization\",\"name\":\"Canadian Cancer Survivor Network\",\"url\":\"https:\\\/\\\/survivornet.ca\\\/\",\"logo\":{\"@type\":\"ImageObject\",\"inLanguage\":\"fr-FR\",\"@id\":\"https:\\\/\\\/survivornet.ca\\\/#\\\/schema\\\/logo\\\/image\\\/\",\"url\":\"http:\\\/\\\/survivornet.ca\\\/wp-content\\\/uploads\\\/2016\\\/12\\\/CCSN_Logo_EN_SQUARE.png\",\"contentUrl\":\"http:\\\/\\\/survivornet.ca\\\/wp-content\\\/uploads\\\/2016\\\/12\\\/CCSN_Logo_EN_SQUARE.png\",\"width\":1209,\"height\":1007,\"caption\":\"Canadian Cancer Survivor Network\"},\"image\":{\"@id\":\"https:\\\/\\\/survivornet.ca\\\/#\\\/schema\\\/logo\\\/image\\\/\"}}]}<\/script>\n<!-- \/ Yoast SEO plugin. -->","yoast_head_json":{"title":"Canadian Cardiac Oncology Network - Canadian Cancer Survivor Network","robots":{"index":"index","follow":"follow","max-snippet":"max-snippet:-1","max-image-preview":"max-image-preview:large","max-video-preview":"max-video-preview:-1"},"canonical":"https:\/\/survivornet.ca\/fr\/reliez-vous\/partenaires\/canadian-cardiac-oncology-network\/","og_locale":"fr_FR","og_type":"article","og_title":"Canadian Cardiac Oncology Network - Canadian Cancer Survivor Network","og_description":"&nbsp; La collaboration multidisciplinaire joue un r\u00f4le de premier plan dans le traitement et la gestion du cancer chez ceux et celles vivant avec la maladie. Le Canadian Cardiac Oncology Network a","og_url":"https:\/\/survivornet.ca\/fr\/reliez-vous\/partenaires\/canadian-cardiac-oncology-network\/","og_site_name":"Canadian Cancer Survivor Network","og_image":[{"width":276,"height":78,"url":"https:\/\/survivornet.ca\/wp-content\/uploads\/2024\/02\/Canadian-Cardiac-Oncology-Network-logo.png","type":"image\/png"}],"twitter_card":"summary_large_image","twitter_misc":{"Dur\u00e9e de lecture estim\u00e9e":"1 minute"},"schema":{"@context":"https:\/\/schema.org","@graph":[{"@type":"WebPage","@id":"https:\/\/survivornet.ca\/fr\/reliez-vous\/partenaires\/canadian-cardiac-oncology-network\/","url":"https:\/\/survivornet.ca\/fr\/reliez-vous\/partenaires\/canadian-cardiac-oncology-network\/","name":"Canadian Cardiac Oncology Network - Canadian Cancer Survivor Network","isPartOf":{"@id":"https:\/\/survivornet.ca\/#website"},"primaryImageOfPage":{"@id":"https:\/\/survivornet.ca\/fr\/reliez-vous\/partenaires\/canadian-cardiac-oncology-network\/#primaryimage"},"image":{"@id":"https:\/\/survivornet.ca\/fr\/reliez-vous\/partenaires\/canadian-cardiac-oncology-network\/#primaryimage"},"thumbnailUrl":"https:\/\/survivornet.ca\/wp-content\/uploads\/2024\/02\/Canadian-Cardiac-Oncology-Network-logo.png","datePublished":"2024-02-15T23:39:10+00:00","breadcrumb":{"@id":"https:\/\/survivornet.ca\/fr\/reliez-vous\/partenaires\/canadian-cardiac-oncology-network\/#breadcrumb"},"inLanguage":"fr-FR","potentialAction":[{"@type":"ReadAction","target":["https:\/\/survivornet.ca\/fr\/reliez-vous\/partenaires\/canadian-cardiac-oncology-network\/"]}]},{"@type":"ImageObject","inLanguage":"fr-FR","@id":"https:\/\/survivornet.ca\/fr\/reliez-vous\/partenaires\/canadian-cardiac-oncology-network\/#primaryimage","url":"https:\/\/survivornet.ca\/wp-content\/uploads\/2024\/02\/Canadian-Cardiac-Oncology-Network-logo.png","contentUrl":"https:\/\/survivornet.ca\/wp-content\/uploads\/2024\/02\/Canadian-Cardiac-Oncology-Network-logo.png","width":276,"height":78},{"@type":"BreadcrumbList","@id":"https:\/\/survivornet.ca\/fr\/reliez-vous\/partenaires\/canadian-cardiac-oncology-network\/#breadcrumb","itemListElement":[{"@type":"ListItem","position":1,"name":"Home","item":"https:\/\/survivornet.ca\/fr\/"},{"@type":"ListItem","position":2,"name":"Connectez","item":"https:\/\/survivornet.ca\/fr\/reliez-vous\/"},{"@type":"ListItem","position":3,"name":"Partenaires","item":"https:\/\/survivornet.ca\/fr\/reliez-vous\/partenaires\/"},{"@type":"ListItem","position":4,"name":"Canadian Cardiac Oncology Network"}]},{"@type":"WebSite","@id":"https:\/\/survivornet.ca\/#website","url":"https:\/\/survivornet.ca\/","name":"Canadian Cancer Survivor Network","description":"The Canadian Cancer Survivor Network was created by a group of Canadians concerned about cancer.","publisher":{"@id":"https:\/\/survivornet.ca\/#organization"},"potentialAction":[{"@type":"SearchAction","target":{"@type":"EntryPoint","urlTemplate":"https:\/\/survivornet.ca\/?s={search_term_string}"},"query-input":{"@type":"PropertyValueSpecification","valueRequired":true,"valueName":"search_term_string"}}],"inLanguage":"fr-FR"},{"@type":"Organization","@id":"https:\/\/survivornet.ca\/#organization","name":"Canadian Cancer Survivor Network","url":"https:\/\/survivornet.ca\/","logo":{"@type":"ImageObject","inLanguage":"fr-FR","@id":"https:\/\/survivornet.ca\/#\/schema\/logo\/image\/","url":"http:\/\/survivornet.ca\/wp-content\/uploads\/2016\/12\/CCSN_Logo_EN_SQUARE.png","contentUrl":"http:\/\/survivornet.ca\/wp-content\/uploads\/2016\/12\/CCSN_Logo_EN_SQUARE.png","width":1209,"height":1007,"caption":"Canadian Cancer Survivor Network"},"image":{"@id":"https:\/\/survivornet.ca\/#\/schema\/logo\/image\/"}}]}},"_links":{"self":[{"href":"https:\/\/survivornet.ca\/fr\/wp-json\/wp\/v2\/pages\/28950","targetHints":{"allow":["GET"]}}],"collection":[{"href":"https:\/\/survivornet.ca\/fr\/wp-json\/wp\/v2\/pages"}],"about":[{"href":"https:\/\/survivornet.ca\/fr\/wp-json\/wp\/v2\/types\/page"}],"author":[{"embeddable":true,"href":"https:\/\/survivornet.ca\/fr\/wp-json\/wp\/v2\/users\/2"}],"replies":[{"embeddable":true,"href":"https:\/\/survivornet.ca\/fr\/wp-json\/wp\/v2\/comments?post=28950"}],"version-history":[{"count":1,"href":"https:\/\/survivornet.ca\/fr\/wp-json\/wp\/v2\/pages\/28950\/revisions"}],"predecessor-version":[{"id":28953,"href":"https:\/\/survivornet.ca\/fr\/wp-json\/wp\/v2\/pages\/28950\/revisions\/28953"}],"up":[{"embeddable":true,"href":"https:\/\/survivornet.ca\/fr\/wp-json\/wp\/v2\/pages\/4484"}],"wp:featuredmedia":[{"embeddable":true,"href":"https:\/\/survivornet.ca\/fr\/wp-json\/wp\/v2\/media\/28951"}],"wp:attachment":[{"href":"https:\/\/survivornet.ca\/fr\/wp-json\/wp\/v2\/media?parent=28950"}],"curies":[{"name":"wp","href":"https:\/\/api.w.org\/{rel}","templated":true}]}}