{"id":28925,"date":"2024-02-14T16:40:16","date_gmt":"2024-02-14T21:40:16","guid":{"rendered":"https:\/\/survivornet.ca\/?page_id=28925"},"modified":"2024-02-14T16:40:16","modified_gmt":"2024-02-14T21:40:16","slug":"anal-cancer-a-bum-rap-anal-cancer-support-group","status":"publish","type":"page","link":"https:\/\/survivornet.ca\/fr\/reliez-vous\/partenaires\/anal-cancer-a-bum-rap-anal-cancer-support-group\/","title":{"rendered":"Anal Cancer &#8211; A Bum Rap: Anal Cancer Support Group"},"content":{"rendered":"<p><img loading=\"lazy\" decoding=\"async\" class=\"aligncenter size-full wp-image-28927\" src=\"http:\/\/survivornet.ca\/wp-content\/uploads\/2024\/02\/ABumRap.png\" alt=\"\" width=\"152\" height=\"163\" \/><\/p>\n<p>Bienvenue au groupe de soutien &#8220;A Bum Rap&#8221; pour les patients et les familles affect\u00e9s par un cancer anal, situ\u00e9 \u00e0 Ottawa, Canada.<\/p>\n<p>Si vous avez besoin de quelqu&#8217;un vers qui vous tourner, d&#8217;une \u00e9paule sur laquelle pleurer, d&#8217;un individu qui comprend ce que c&#8217;est de recevoir un diagnostic de cancer anal et d&#8217;avoir pass\u00e9 au travers de traitements intensifs, alors contactez-nous. Nous offrons du soutien par l&#8217;entremise d&#8217;\u00e9changes courriel, par t\u00e9l\u00e9phone, en ligne&#8230; et en personne si vous habitez \u00e0 Ottawa et environs.<\/p>\n<p>Si vous \u00eates un survivant du cancer anal et que vous souhaitez partager vos exp\u00e9riences avec d&#8217;autres patients atteints d&#8217;un cancer anal, veuillez nous contacter et vous joindre \u00e0 notre \u00e9quipe.<\/p>\n<p>Si vous \u00eates un professionnel de la sant\u00e9 impliqu\u00e9 dans la recherche\/le d\u00e9pistage\/le traitement du cancer anal et que vous souhaitez r\u00e9diger des chroniques litt\u00e9raires occasionnelles \u00e0 ajouter \u00e0 notre site web et\/ou \u00eatre un conf\u00e9rencier invit\u00e9&#8230; veuillez nous contacter &#8211; vos informations resteront confidentielles.<\/p>\n<p>&#8220;Nous SAVONS que vous avez ce qu&#8217;il vous faut pour le faire seul&#8230; mais parfois c&#8217;est plus facile de le faire ensemble!&#8221;<\/p>\n<p>Veuillez noter que nous ne fournissons pas de conseils m\u00e9dicaux approfondis. Veuillez vous fier \u00e0 votre chirurgien\/oncologue et \u00e0 votre \u00e9quipe de soins&#8230; c&#8217;est cela que nous avons fait!<\/p>\n<p>Pour en savoir plus, consultez notre <a href=\"https:\/\/analcancerabumrap.wixsite.com\/analcancer-abumrap\">site web<\/a>.<\/p>\n","protected":false},"excerpt":{"rendered":"<p>Bienvenue au groupe de soutien &#8220;A Bum Rap&#8221; pour les patients et les familles affect\u00e9s par un cancer anal, situ\u00e9 \u00e0 Ottawa, Canada. Si vous avez besoin de quelqu&#8217;un vers qui vous<\/p>\n","protected":false},"author":2,"featured_media":28927,"parent":4484,"menu_order":0,"comment_status":"closed","ping_status":"closed","template":"","meta":{"_acf_changed":false,"footnotes":""},"class_list":["post-28925","page","type-page","status-publish","has-post-thumbnail","hentry"],"acf":[],"yoast_head":"<!-- This site is optimized with the Yoast SEO plugin v27.4 - https:\/\/yoast.com\/product\/yoast-seo-wordpress\/ -->\n<title>Anal Cancer - A Bum Rap: Anal Cancer Support Group - Canadian Cancer Survivor Network<\/title>\n<meta name=\"robots\" content=\"index, follow, max-snippet:-1, max-image-preview:large, max-video-preview:-1\" \/>\n<link rel=\"canonical\" href=\"https:\/\/survivornet.ca\/fr\/reliez-vous\/partenaires\/anal-cancer-a-bum-rap-anal-cancer-support-group\/\" \/>\n<meta property=\"og:locale\" content=\"fr_FR\" \/>\n<meta property=\"og:type\" content=\"article\" \/>\n<meta property=\"og:title\" content=\"Anal Cancer - A Bum Rap: Anal Cancer Support Group - Canadian Cancer Survivor Network\" \/>\n<meta property=\"og:description\" content=\"Bienvenue au groupe de soutien &#8220;A Bum Rap&#8221; pour les patients et les familles affect\u00e9s par un cancer anal, situ\u00e9 \u00e0 Ottawa, Canada. Si vous avez besoin de quelqu&#8217;un vers qui vous\" \/>\n<meta property=\"og:url\" content=\"https:\/\/survivornet.ca\/fr\/reliez-vous\/partenaires\/anal-cancer-a-bum-rap-anal-cancer-support-group\/\" \/>\n<meta property=\"og:site_name\" content=\"Canadian Cancer Survivor Network\" \/>\n<meta property=\"og:image\" content=\"https:\/\/survivornet.ca\/wp-content\/uploads\/2024\/02\/ABumRap.png\" \/>\n\t<meta property=\"og:image:width\" content=\"152\" \/>\n\t<meta property=\"og:image:height\" content=\"163\" \/>\n\t<meta property=\"og:image:type\" content=\"image\/png\" \/>\n<meta name=\"twitter:card\" content=\"summary_large_image\" \/>\n<meta name=\"twitter:label1\" content=\"Dur\u00e9e de lecture estim\u00e9e\" \/>\n\t<meta name=\"twitter:data1\" content=\"1 minute\" \/>\n<script type=\"application\/ld+json\" class=\"yoast-schema-graph\">{\"@context\":\"https:\\\/\\\/schema.org\",\"@graph\":[{\"@type\":\"WebPage\",\"@id\":\"https:\\\/\\\/survivornet.ca\\\/fr\\\/reliez-vous\\\/partenaires\\\/anal-cancer-a-bum-rap-anal-cancer-support-group\\\/\",\"url\":\"https:\\\/\\\/survivornet.ca\\\/fr\\\/reliez-vous\\\/partenaires\\\/anal-cancer-a-bum-rap-anal-cancer-support-group\\\/\",\"name\":\"Anal Cancer - A Bum Rap: Anal Cancer Support Group - Canadian Cancer Survivor Network\",\"isPartOf\":{\"@id\":\"https:\\\/\\\/survivornet.ca\\\/#website\"},\"primaryImageOfPage\":{\"@id\":\"https:\\\/\\\/survivornet.ca\\\/fr\\\/reliez-vous\\\/partenaires\\\/anal-cancer-a-bum-rap-anal-cancer-support-group\\\/#primaryimage\"},\"image\":{\"@id\":\"https:\\\/\\\/survivornet.ca\\\/fr\\\/reliez-vous\\\/partenaires\\\/anal-cancer-a-bum-rap-anal-cancer-support-group\\\/#primaryimage\"},\"thumbnailUrl\":\"https:\\\/\\\/survivornet.ca\\\/wp-content\\\/uploads\\\/2024\\\/02\\\/ABumRap.png\",\"datePublished\":\"2024-02-14T21:40:16+00:00\",\"breadcrumb\":{\"@id\":\"https:\\\/\\\/survivornet.ca\\\/fr\\\/reliez-vous\\\/partenaires\\\/anal-cancer-a-bum-rap-anal-cancer-support-group\\\/#breadcrumb\"},\"inLanguage\":\"fr-FR\",\"potentialAction\":[{\"@type\":\"ReadAction\",\"target\":[\"https:\\\/\\\/survivornet.ca\\\/fr\\\/reliez-vous\\\/partenaires\\\/anal-cancer-a-bum-rap-anal-cancer-support-group\\\/\"]}]},{\"@type\":\"ImageObject\",\"inLanguage\":\"fr-FR\",\"@id\":\"https:\\\/\\\/survivornet.ca\\\/fr\\\/reliez-vous\\\/partenaires\\\/anal-cancer-a-bum-rap-anal-cancer-support-group\\\/#primaryimage\",\"url\":\"https:\\\/\\\/survivornet.ca\\\/wp-content\\\/uploads\\\/2024\\\/02\\\/ABumRap.png\",\"contentUrl\":\"https:\\\/\\\/survivornet.ca\\\/wp-content\\\/uploads\\\/2024\\\/02\\\/ABumRap.png\",\"width\":152,\"height\":163},{\"@type\":\"BreadcrumbList\",\"@id\":\"https:\\\/\\\/survivornet.ca\\\/fr\\\/reliez-vous\\\/partenaires\\\/anal-cancer-a-bum-rap-anal-cancer-support-group\\\/#breadcrumb\",\"itemListElement\":[{\"@type\":\"ListItem\",\"position\":1,\"name\":\"Home\",\"item\":\"https:\\\/\\\/survivornet.ca\\\/fr\\\/\"},{\"@type\":\"ListItem\",\"position\":2,\"name\":\"Connectez\",\"item\":\"https:\\\/\\\/survivornet.ca\\\/fr\\\/reliez-vous\\\/\"},{\"@type\":\"ListItem\",\"position\":3,\"name\":\"Partenaires\",\"item\":\"https:\\\/\\\/survivornet.ca\\\/fr\\\/reliez-vous\\\/partenaires\\\/\"},{\"@type\":\"ListItem\",\"position\":4,\"name\":\"Anal Cancer &#8211; A Bum Rap: Anal Cancer Support Group\"}]},{\"@type\":\"WebSite\",\"@id\":\"https:\\\/\\\/survivornet.ca\\\/#website\",\"url\":\"https:\\\/\\\/survivornet.ca\\\/\",\"name\":\"Canadian Cancer Survivor Network\",\"description\":\"The Canadian Cancer Survivor Network was created by a group of Canadians concerned about cancer.\",\"publisher\":{\"@id\":\"https:\\\/\\\/survivornet.ca\\\/#organization\"},\"potentialAction\":[{\"@type\":\"SearchAction\",\"target\":{\"@type\":\"EntryPoint\",\"urlTemplate\":\"https:\\\/\\\/survivornet.ca\\\/?s={search_term_string}\"},\"query-input\":{\"@type\":\"PropertyValueSpecification\",\"valueRequired\":true,\"valueName\":\"search_term_string\"}}],\"inLanguage\":\"fr-FR\"},{\"@type\":\"Organization\",\"@id\":\"https:\\\/\\\/survivornet.ca\\\/#organization\",\"name\":\"Canadian Cancer Survivor Network\",\"url\":\"https:\\\/\\\/survivornet.ca\\\/\",\"logo\":{\"@type\":\"ImageObject\",\"inLanguage\":\"fr-FR\",\"@id\":\"https:\\\/\\\/survivornet.ca\\\/#\\\/schema\\\/logo\\\/image\\\/\",\"url\":\"http:\\\/\\\/survivornet.ca\\\/wp-content\\\/uploads\\\/2016\\\/12\\\/CCSN_Logo_EN_SQUARE.png\",\"contentUrl\":\"http:\\\/\\\/survivornet.ca\\\/wp-content\\\/uploads\\\/2016\\\/12\\\/CCSN_Logo_EN_SQUARE.png\",\"width\":1209,\"height\":1007,\"caption\":\"Canadian Cancer Survivor Network\"},\"image\":{\"@id\":\"https:\\\/\\\/survivornet.ca\\\/#\\\/schema\\\/logo\\\/image\\\/\"}}]}<\/script>\n<!-- \/ Yoast SEO plugin. -->","yoast_head_json":{"title":"Anal Cancer - A Bum Rap: Anal Cancer Support Group - Canadian Cancer Survivor Network","robots":{"index":"index","follow":"follow","max-snippet":"max-snippet:-1","max-image-preview":"max-image-preview:large","max-video-preview":"max-video-preview:-1"},"canonical":"https:\/\/survivornet.ca\/fr\/reliez-vous\/partenaires\/anal-cancer-a-bum-rap-anal-cancer-support-group\/","og_locale":"fr_FR","og_type":"article","og_title":"Anal Cancer - A Bum Rap: Anal Cancer Support Group - Canadian Cancer Survivor Network","og_description":"Bienvenue au groupe de soutien &#8220;A Bum Rap&#8221; pour les patients et les familles affect\u00e9s par un cancer anal, situ\u00e9 \u00e0 Ottawa, Canada. Si vous avez besoin de quelqu&#8217;un vers qui vous","og_url":"https:\/\/survivornet.ca\/fr\/reliez-vous\/partenaires\/anal-cancer-a-bum-rap-anal-cancer-support-group\/","og_site_name":"Canadian Cancer Survivor Network","og_image":[{"width":152,"height":163,"url":"https:\/\/survivornet.ca\/wp-content\/uploads\/2024\/02\/ABumRap.png","type":"image\/png"}],"twitter_card":"summary_large_image","twitter_misc":{"Dur\u00e9e de lecture estim\u00e9e":"1 minute"},"schema":{"@context":"https:\/\/schema.org","@graph":[{"@type":"WebPage","@id":"https:\/\/survivornet.ca\/fr\/reliez-vous\/partenaires\/anal-cancer-a-bum-rap-anal-cancer-support-group\/","url":"https:\/\/survivornet.ca\/fr\/reliez-vous\/partenaires\/anal-cancer-a-bum-rap-anal-cancer-support-group\/","name":"Anal Cancer - A Bum Rap: Anal Cancer Support Group - Canadian Cancer Survivor Network","isPartOf":{"@id":"https:\/\/survivornet.ca\/#website"},"primaryImageOfPage":{"@id":"https:\/\/survivornet.ca\/fr\/reliez-vous\/partenaires\/anal-cancer-a-bum-rap-anal-cancer-support-group\/#primaryimage"},"image":{"@id":"https:\/\/survivornet.ca\/fr\/reliez-vous\/partenaires\/anal-cancer-a-bum-rap-anal-cancer-support-group\/#primaryimage"},"thumbnailUrl":"https:\/\/survivornet.ca\/wp-content\/uploads\/2024\/02\/ABumRap.png","datePublished":"2024-02-14T21:40:16+00:00","breadcrumb":{"@id":"https:\/\/survivornet.ca\/fr\/reliez-vous\/partenaires\/anal-cancer-a-bum-rap-anal-cancer-support-group\/#breadcrumb"},"inLanguage":"fr-FR","potentialAction":[{"@type":"ReadAction","target":["https:\/\/survivornet.ca\/fr\/reliez-vous\/partenaires\/anal-cancer-a-bum-rap-anal-cancer-support-group\/"]}]},{"@type":"ImageObject","inLanguage":"fr-FR","@id":"https:\/\/survivornet.ca\/fr\/reliez-vous\/partenaires\/anal-cancer-a-bum-rap-anal-cancer-support-group\/#primaryimage","url":"https:\/\/survivornet.ca\/wp-content\/uploads\/2024\/02\/ABumRap.png","contentUrl":"https:\/\/survivornet.ca\/wp-content\/uploads\/2024\/02\/ABumRap.png","width":152,"height":163},{"@type":"BreadcrumbList","@id":"https:\/\/survivornet.ca\/fr\/reliez-vous\/partenaires\/anal-cancer-a-bum-rap-anal-cancer-support-group\/#breadcrumb","itemListElement":[{"@type":"ListItem","position":1,"name":"Home","item":"https:\/\/survivornet.ca\/fr\/"},{"@type":"ListItem","position":2,"name":"Connectez","item":"https:\/\/survivornet.ca\/fr\/reliez-vous\/"},{"@type":"ListItem","position":3,"name":"Partenaires","item":"https:\/\/survivornet.ca\/fr\/reliez-vous\/partenaires\/"},{"@type":"ListItem","position":4,"name":"Anal Cancer &#8211; A Bum Rap: Anal Cancer Support Group"}]},{"@type":"WebSite","@id":"https:\/\/survivornet.ca\/#website","url":"https:\/\/survivornet.ca\/","name":"Canadian Cancer Survivor Network","description":"The Canadian Cancer Survivor Network was created by a group of Canadians concerned about cancer.","publisher":{"@id":"https:\/\/survivornet.ca\/#organization"},"potentialAction":[{"@type":"SearchAction","target":{"@type":"EntryPoint","urlTemplate":"https:\/\/survivornet.ca\/?s={search_term_string}"},"query-input":{"@type":"PropertyValueSpecification","valueRequired":true,"valueName":"search_term_string"}}],"inLanguage":"fr-FR"},{"@type":"Organization","@id":"https:\/\/survivornet.ca\/#organization","name":"Canadian Cancer Survivor Network","url":"https:\/\/survivornet.ca\/","logo":{"@type":"ImageObject","inLanguage":"fr-FR","@id":"https:\/\/survivornet.ca\/#\/schema\/logo\/image\/","url":"http:\/\/survivornet.ca\/wp-content\/uploads\/2016\/12\/CCSN_Logo_EN_SQUARE.png","contentUrl":"http:\/\/survivornet.ca\/wp-content\/uploads\/2016\/12\/CCSN_Logo_EN_SQUARE.png","width":1209,"height":1007,"caption":"Canadian Cancer Survivor Network"},"image":{"@id":"https:\/\/survivornet.ca\/#\/schema\/logo\/image\/"}}]}},"_links":{"self":[{"href":"https:\/\/survivornet.ca\/fr\/wp-json\/wp\/v2\/pages\/28925","targetHints":{"allow":["GET"]}}],"collection":[{"href":"https:\/\/survivornet.ca\/fr\/wp-json\/wp\/v2\/pages"}],"about":[{"href":"https:\/\/survivornet.ca\/fr\/wp-json\/wp\/v2\/types\/page"}],"author":[{"embeddable":true,"href":"https:\/\/survivornet.ca\/fr\/wp-json\/wp\/v2\/users\/2"}],"replies":[{"embeddable":true,"href":"https:\/\/survivornet.ca\/fr\/wp-json\/wp\/v2\/comments?post=28925"}],"version-history":[{"count":3,"href":"https:\/\/survivornet.ca\/fr\/wp-json\/wp\/v2\/pages\/28925\/revisions"}],"predecessor-version":[{"id":28930,"href":"https:\/\/survivornet.ca\/fr\/wp-json\/wp\/v2\/pages\/28925\/revisions\/28930"}],"up":[{"embeddable":true,"href":"https:\/\/survivornet.ca\/fr\/wp-json\/wp\/v2\/pages\/4484"}],"wp:featuredmedia":[{"embeddable":true,"href":"https:\/\/survivornet.ca\/fr\/wp-json\/wp\/v2\/media\/28927"}],"wp:attachment":[{"href":"https:\/\/survivornet.ca\/fr\/wp-json\/wp\/v2\/media?parent=28925"}],"curies":[{"name":"wp","href":"https:\/\/api.w.org\/{rel}","templated":true}]}}