{"id":28905,"date":"2024-02-13T14:35:25","date_gmt":"2024-02-13T19:35:25","guid":{"rendered":"https:\/\/survivornet.ca\/?page_id=28905"},"modified":"2024-02-13T14:35:25","modified_gmt":"2024-02-13T19:35:25","slug":"canadian-lung-cancer-advocacy-breathe-hope","status":"publish","type":"page","link":"https:\/\/survivornet.ca\/fr\/reliez-vous\/partenaires\/canadian-lung-cancer-advocacy-breathe-hope\/","title":{"rendered":"Canadian Lung Cancer Advocacy &#8211; Breathe Hope"},"content":{"rendered":"<p><strong><span style=\"text-decoration: underline;\"><img loading=\"lazy\" decoding=\"async\" class=\"aligncenter size-full wp-image-28906\" src=\"http:\/\/survivornet.ca\/wp-content\/uploads\/2024\/02\/Canadian-Lung-Cancer-Advocacy.jpg\" alt=\"\" width=\"1024\" height=\"379\" srcset=\"https:\/\/survivornet.ca\/wp-content\/uploads\/2024\/02\/Canadian-Lung-Cancer-Advocacy.jpg 1024w, https:\/\/survivornet.ca\/wp-content\/uploads\/2024\/02\/Canadian-Lung-Cancer-Advocacy-768x284.jpg 768w\" sizes=\"auto, (max-width: 1024px) 100vw, 1024px\" \/><\/span><\/strong><\/p>\n<p><strong><span style=\"text-decoration: underline;\">Qui nous sommes<\/span><\/strong><\/p>\n<p>Canadian Lung Cancer Advocacy &#8211; Breathe Hope est une communaut\u00e9 virtuelle (un groupe Facebook) qui a \u00e9t\u00e9 cr\u00e9\u00e9 par un petit groupe de canadiens ayant un diagnostic de cancer pulmonaire. Nous avons r\u00e9alis\u00e9 \u00e0 quel point il est important d&#8217;avoir recours \u00e0 une communaut\u00e9 de soutien, de collaboration et de partage pour ceux et celles aux prises avec la maladie d&#8217;un oc\u00e9an \u00e0 l&#8217;autre.<\/p>\n<p>#CanadianLCBreatheHope vise \u00e0:<\/p>\n<ul class=\"content-list\">\n<li>\u00c9tablir une communaut\u00e9 canadienne de patients et de soignants affect\u00e9s par le cancer pulmonaire.<\/li>\n<li>Offrir un environnement collaboratif et confidentiel permettant aux patients et aux proches aidants de faire un partage de leur exp\u00e9rience.<\/li>\n<li>Sensibiliser la population en ce qui a trait au cancer pulmonaire par le biais de conversations, d&#8217;\u00e9v\u00e9nements, et de liens avec des individus et des organisations d&#8217;intervenants nationaux\/provinciaux\/municipaux.<\/li>\n<li>Partager de nouvelles opportunit\u00e9s de traitements pour le cancer pulmonaire ainsi que des recherches scientifiques portant sur le sujet.<\/li>\n<li>Attirer l&#8217;attention sur les opportunit\u00e9s de conf\u00e9rences et les \u00e9v\u00e9nements en virtuel.<\/li>\n<\/ul>\n<p>Pour en savoir plus, contactez MaryAnn Bradley ou Heather Hogan via Messenger.<\/p>\n<p>Joindre le groupe en cliquant <a href=\"https:\/\/www.facebook.com\/groups\/520424908293279\/about\/\">ICI<\/a>.<\/p>\n","protected":false},"excerpt":{"rendered":"<p>Qui nous sommes Canadian Lung Cancer Advocacy &#8211; Breathe Hope est une communaut\u00e9 virtuelle (un groupe Facebook) qui a \u00e9t\u00e9 cr\u00e9\u00e9 par un petit groupe de canadiens ayant un diagnostic de cancer<\/p>\n","protected":false},"author":2,"featured_media":28906,"parent":4484,"menu_order":0,"comment_status":"closed","ping_status":"closed","template":"","meta":{"_acf_changed":false,"footnotes":""},"class_list":["post-28905","page","type-page","status-publish","has-post-thumbnail","hentry"],"acf":[],"yoast_head":"<!-- This site is optimized with the Yoast SEO plugin v27.4 - https:\/\/yoast.com\/product\/yoast-seo-wordpress\/ -->\n<title>Canadian Lung Cancer Advocacy - Breathe Hope - Canadian Cancer Survivor Network<\/title>\n<meta name=\"robots\" content=\"index, follow, max-snippet:-1, max-image-preview:large, max-video-preview:-1\" \/>\n<link rel=\"canonical\" href=\"https:\/\/survivornet.ca\/fr\/reliez-vous\/partenaires\/canadian-lung-cancer-advocacy-breathe-hope\/\" \/>\n<meta property=\"og:locale\" content=\"fr_FR\" \/>\n<meta property=\"og:type\" content=\"article\" \/>\n<meta property=\"og:title\" content=\"Canadian Lung Cancer Advocacy - Breathe Hope - Canadian Cancer Survivor Network\" \/>\n<meta property=\"og:description\" content=\"Qui nous sommes Canadian Lung Cancer Advocacy &#8211; Breathe Hope est une communaut\u00e9 virtuelle (un groupe Facebook) qui a \u00e9t\u00e9 cr\u00e9\u00e9 par un petit groupe de canadiens ayant un diagnostic de cancer\" \/>\n<meta property=\"og:url\" content=\"https:\/\/survivornet.ca\/fr\/reliez-vous\/partenaires\/canadian-lung-cancer-advocacy-breathe-hope\/\" \/>\n<meta property=\"og:site_name\" content=\"Canadian Cancer Survivor Network\" \/>\n<meta property=\"og:image\" content=\"https:\/\/survivornet.ca\/wp-content\/uploads\/2024\/02\/Canadian-Lung-Cancer-Advocacy.jpg\" \/>\n\t<meta property=\"og:image:width\" content=\"1024\" \/>\n\t<meta property=\"og:image:height\" content=\"379\" \/>\n\t<meta property=\"og:image:type\" content=\"image\/jpeg\" \/>\n<meta name=\"twitter:card\" content=\"summary_large_image\" \/>\n<meta name=\"twitter:label1\" content=\"Dur\u00e9e de lecture estim\u00e9e\" \/>\n\t<meta name=\"twitter:data1\" content=\"1 minute\" \/>\n<script type=\"application\/ld+json\" class=\"yoast-schema-graph\">{\"@context\":\"https:\\\/\\\/schema.org\",\"@graph\":[{\"@type\":\"WebPage\",\"@id\":\"https:\\\/\\\/survivornet.ca\\\/fr\\\/reliez-vous\\\/partenaires\\\/canadian-lung-cancer-advocacy-breathe-hope\\\/\",\"url\":\"https:\\\/\\\/survivornet.ca\\\/fr\\\/reliez-vous\\\/partenaires\\\/canadian-lung-cancer-advocacy-breathe-hope\\\/\",\"name\":\"Canadian Lung Cancer Advocacy - Breathe Hope - Canadian Cancer Survivor Network\",\"isPartOf\":{\"@id\":\"https:\\\/\\\/survivornet.ca\\\/#website\"},\"primaryImageOfPage\":{\"@id\":\"https:\\\/\\\/survivornet.ca\\\/fr\\\/reliez-vous\\\/partenaires\\\/canadian-lung-cancer-advocacy-breathe-hope\\\/#primaryimage\"},\"image\":{\"@id\":\"https:\\\/\\\/survivornet.ca\\\/fr\\\/reliez-vous\\\/partenaires\\\/canadian-lung-cancer-advocacy-breathe-hope\\\/#primaryimage\"},\"thumbnailUrl\":\"https:\\\/\\\/survivornet.ca\\\/wp-content\\\/uploads\\\/2024\\\/02\\\/Canadian-Lung-Cancer-Advocacy.jpg\",\"datePublished\":\"2024-02-13T19:35:25+00:00\",\"breadcrumb\":{\"@id\":\"https:\\\/\\\/survivornet.ca\\\/fr\\\/reliez-vous\\\/partenaires\\\/canadian-lung-cancer-advocacy-breathe-hope\\\/#breadcrumb\"},\"inLanguage\":\"fr-FR\",\"potentialAction\":[{\"@type\":\"ReadAction\",\"target\":[\"https:\\\/\\\/survivornet.ca\\\/fr\\\/reliez-vous\\\/partenaires\\\/canadian-lung-cancer-advocacy-breathe-hope\\\/\"]}]},{\"@type\":\"ImageObject\",\"inLanguage\":\"fr-FR\",\"@id\":\"https:\\\/\\\/survivornet.ca\\\/fr\\\/reliez-vous\\\/partenaires\\\/canadian-lung-cancer-advocacy-breathe-hope\\\/#primaryimage\",\"url\":\"https:\\\/\\\/survivornet.ca\\\/wp-content\\\/uploads\\\/2024\\\/02\\\/Canadian-Lung-Cancer-Advocacy.jpg\",\"contentUrl\":\"https:\\\/\\\/survivornet.ca\\\/wp-content\\\/uploads\\\/2024\\\/02\\\/Canadian-Lung-Cancer-Advocacy.jpg\",\"width\":1024,\"height\":379},{\"@type\":\"BreadcrumbList\",\"@id\":\"https:\\\/\\\/survivornet.ca\\\/fr\\\/reliez-vous\\\/partenaires\\\/canadian-lung-cancer-advocacy-breathe-hope\\\/#breadcrumb\",\"itemListElement\":[{\"@type\":\"ListItem\",\"position\":1,\"name\":\"Home\",\"item\":\"https:\\\/\\\/survivornet.ca\\\/fr\\\/\"},{\"@type\":\"ListItem\",\"position\":2,\"name\":\"Connectez\",\"item\":\"https:\\\/\\\/survivornet.ca\\\/fr\\\/reliez-vous\\\/\"},{\"@type\":\"ListItem\",\"position\":3,\"name\":\"Partenaires\",\"item\":\"https:\\\/\\\/survivornet.ca\\\/fr\\\/reliez-vous\\\/partenaires\\\/\"},{\"@type\":\"ListItem\",\"position\":4,\"name\":\"Canadian Lung Cancer Advocacy &#8211; Breathe Hope\"}]},{\"@type\":\"WebSite\",\"@id\":\"https:\\\/\\\/survivornet.ca\\\/#website\",\"url\":\"https:\\\/\\\/survivornet.ca\\\/\",\"name\":\"Canadian Cancer Survivor Network\",\"description\":\"The Canadian Cancer Survivor Network was created by a group of Canadians concerned about cancer.\",\"publisher\":{\"@id\":\"https:\\\/\\\/survivornet.ca\\\/#organization\"},\"potentialAction\":[{\"@type\":\"SearchAction\",\"target\":{\"@type\":\"EntryPoint\",\"urlTemplate\":\"https:\\\/\\\/survivornet.ca\\\/?s={search_term_string}\"},\"query-input\":{\"@type\":\"PropertyValueSpecification\",\"valueRequired\":true,\"valueName\":\"search_term_string\"}}],\"inLanguage\":\"fr-FR\"},{\"@type\":\"Organization\",\"@id\":\"https:\\\/\\\/survivornet.ca\\\/#organization\",\"name\":\"Canadian Cancer Survivor Network\",\"url\":\"https:\\\/\\\/survivornet.ca\\\/\",\"logo\":{\"@type\":\"ImageObject\",\"inLanguage\":\"fr-FR\",\"@id\":\"https:\\\/\\\/survivornet.ca\\\/#\\\/schema\\\/logo\\\/image\\\/\",\"url\":\"http:\\\/\\\/survivornet.ca\\\/wp-content\\\/uploads\\\/2016\\\/12\\\/CCSN_Logo_EN_SQUARE.png\",\"contentUrl\":\"http:\\\/\\\/survivornet.ca\\\/wp-content\\\/uploads\\\/2016\\\/12\\\/CCSN_Logo_EN_SQUARE.png\",\"width\":1209,\"height\":1007,\"caption\":\"Canadian Cancer Survivor Network\"},\"image\":{\"@id\":\"https:\\\/\\\/survivornet.ca\\\/#\\\/schema\\\/logo\\\/image\\\/\"}}]}<\/script>\n<!-- \/ Yoast SEO plugin. -->","yoast_head_json":{"title":"Canadian Lung Cancer Advocacy - Breathe Hope - Canadian Cancer Survivor Network","robots":{"index":"index","follow":"follow","max-snippet":"max-snippet:-1","max-image-preview":"max-image-preview:large","max-video-preview":"max-video-preview:-1"},"canonical":"https:\/\/survivornet.ca\/fr\/reliez-vous\/partenaires\/canadian-lung-cancer-advocacy-breathe-hope\/","og_locale":"fr_FR","og_type":"article","og_title":"Canadian Lung Cancer Advocacy - Breathe Hope - Canadian Cancer Survivor Network","og_description":"Qui nous sommes Canadian Lung Cancer Advocacy &#8211; Breathe Hope est une communaut\u00e9 virtuelle (un groupe Facebook) qui a \u00e9t\u00e9 cr\u00e9\u00e9 par un petit groupe de canadiens ayant un diagnostic de cancer","og_url":"https:\/\/survivornet.ca\/fr\/reliez-vous\/partenaires\/canadian-lung-cancer-advocacy-breathe-hope\/","og_site_name":"Canadian Cancer Survivor Network","og_image":[{"width":1024,"height":379,"url":"https:\/\/survivornet.ca\/wp-content\/uploads\/2024\/02\/Canadian-Lung-Cancer-Advocacy.jpg","type":"image\/jpeg"}],"twitter_card":"summary_large_image","twitter_misc":{"Dur\u00e9e de lecture estim\u00e9e":"1 minute"},"schema":{"@context":"https:\/\/schema.org","@graph":[{"@type":"WebPage","@id":"https:\/\/survivornet.ca\/fr\/reliez-vous\/partenaires\/canadian-lung-cancer-advocacy-breathe-hope\/","url":"https:\/\/survivornet.ca\/fr\/reliez-vous\/partenaires\/canadian-lung-cancer-advocacy-breathe-hope\/","name":"Canadian Lung Cancer Advocacy - Breathe Hope - Canadian Cancer Survivor Network","isPartOf":{"@id":"https:\/\/survivornet.ca\/#website"},"primaryImageOfPage":{"@id":"https:\/\/survivornet.ca\/fr\/reliez-vous\/partenaires\/canadian-lung-cancer-advocacy-breathe-hope\/#primaryimage"},"image":{"@id":"https:\/\/survivornet.ca\/fr\/reliez-vous\/partenaires\/canadian-lung-cancer-advocacy-breathe-hope\/#primaryimage"},"thumbnailUrl":"https:\/\/survivornet.ca\/wp-content\/uploads\/2024\/02\/Canadian-Lung-Cancer-Advocacy.jpg","datePublished":"2024-02-13T19:35:25+00:00","breadcrumb":{"@id":"https:\/\/survivornet.ca\/fr\/reliez-vous\/partenaires\/canadian-lung-cancer-advocacy-breathe-hope\/#breadcrumb"},"inLanguage":"fr-FR","potentialAction":[{"@type":"ReadAction","target":["https:\/\/survivornet.ca\/fr\/reliez-vous\/partenaires\/canadian-lung-cancer-advocacy-breathe-hope\/"]}]},{"@type":"ImageObject","inLanguage":"fr-FR","@id":"https:\/\/survivornet.ca\/fr\/reliez-vous\/partenaires\/canadian-lung-cancer-advocacy-breathe-hope\/#primaryimage","url":"https:\/\/survivornet.ca\/wp-content\/uploads\/2024\/02\/Canadian-Lung-Cancer-Advocacy.jpg","contentUrl":"https:\/\/survivornet.ca\/wp-content\/uploads\/2024\/02\/Canadian-Lung-Cancer-Advocacy.jpg","width":1024,"height":379},{"@type":"BreadcrumbList","@id":"https:\/\/survivornet.ca\/fr\/reliez-vous\/partenaires\/canadian-lung-cancer-advocacy-breathe-hope\/#breadcrumb","itemListElement":[{"@type":"ListItem","position":1,"name":"Home","item":"https:\/\/survivornet.ca\/fr\/"},{"@type":"ListItem","position":2,"name":"Connectez","item":"https:\/\/survivornet.ca\/fr\/reliez-vous\/"},{"@type":"ListItem","position":3,"name":"Partenaires","item":"https:\/\/survivornet.ca\/fr\/reliez-vous\/partenaires\/"},{"@type":"ListItem","position":4,"name":"Canadian Lung Cancer Advocacy &#8211; Breathe Hope"}]},{"@type":"WebSite","@id":"https:\/\/survivornet.ca\/#website","url":"https:\/\/survivornet.ca\/","name":"Canadian Cancer Survivor Network","description":"The Canadian Cancer Survivor Network was created by a group of Canadians concerned about cancer.","publisher":{"@id":"https:\/\/survivornet.ca\/#organization"},"potentialAction":[{"@type":"SearchAction","target":{"@type":"EntryPoint","urlTemplate":"https:\/\/survivornet.ca\/?s={search_term_string}"},"query-input":{"@type":"PropertyValueSpecification","valueRequired":true,"valueName":"search_term_string"}}],"inLanguage":"fr-FR"},{"@type":"Organization","@id":"https:\/\/survivornet.ca\/#organization","name":"Canadian Cancer Survivor Network","url":"https:\/\/survivornet.ca\/","logo":{"@type":"ImageObject","inLanguage":"fr-FR","@id":"https:\/\/survivornet.ca\/#\/schema\/logo\/image\/","url":"http:\/\/survivornet.ca\/wp-content\/uploads\/2016\/12\/CCSN_Logo_EN_SQUARE.png","contentUrl":"http:\/\/survivornet.ca\/wp-content\/uploads\/2016\/12\/CCSN_Logo_EN_SQUARE.png","width":1209,"height":1007,"caption":"Canadian Cancer Survivor Network"},"image":{"@id":"https:\/\/survivornet.ca\/#\/schema\/logo\/image\/"}}]}},"_links":{"self":[{"href":"https:\/\/survivornet.ca\/fr\/wp-json\/wp\/v2\/pages\/28905","targetHints":{"allow":["GET"]}}],"collection":[{"href":"https:\/\/survivornet.ca\/fr\/wp-json\/wp\/v2\/pages"}],"about":[{"href":"https:\/\/survivornet.ca\/fr\/wp-json\/wp\/v2\/types\/page"}],"author":[{"embeddable":true,"href":"https:\/\/survivornet.ca\/fr\/wp-json\/wp\/v2\/users\/2"}],"replies":[{"embeddable":true,"href":"https:\/\/survivornet.ca\/fr\/wp-json\/wp\/v2\/comments?post=28905"}],"version-history":[{"count":2,"href":"https:\/\/survivornet.ca\/fr\/wp-json\/wp\/v2\/pages\/28905\/revisions"}],"predecessor-version":[{"id":28909,"href":"https:\/\/survivornet.ca\/fr\/wp-json\/wp\/v2\/pages\/28905\/revisions\/28909"}],"up":[{"embeddable":true,"href":"https:\/\/survivornet.ca\/fr\/wp-json\/wp\/v2\/pages\/4484"}],"wp:featuredmedia":[{"embeddable":true,"href":"https:\/\/survivornet.ca\/fr\/wp-json\/wp\/v2\/media\/28906"}],"wp:attachment":[{"href":"https:\/\/survivornet.ca\/fr\/wp-json\/wp\/v2\/media?parent=28905"}],"curies":[{"name":"wp","href":"https:\/\/api.w.org\/{rel}","templated":true}]}}