{"id":28896,"date":"2024-02-13T11:15:27","date_gmt":"2024-02-13T16:15:27","guid":{"rendered":"https:\/\/survivornet.ca\/?page_id=28896"},"modified":"2024-02-13T11:15:27","modified_gmt":"2024-02-13T16:15:27","slug":"medicines-access-coalition-bc","status":"publish","type":"page","link":"https:\/\/survivornet.ca\/fr\/reliez-vous\/partenaires\/medicines-access-coalition-bc\/","title":{"rendered":"Medicines Access Coalition &#8211; BC"},"content":{"rendered":"<p><img loading=\"lazy\" decoding=\"async\" class=\"aligncenter  wp-image-28893\" src=\"http:\/\/survivornet.ca\/wp-content\/uploads\/2024\/02\/Medicines-Access-Coalition-logo.png\" alt=\"\" width=\"579\" height=\"197\" \/><\/p>\n<p><span style=\"text-decoration: underline;\"><strong>Qui faisons-nous?<\/strong><\/span><\/p>\n<p>MedAccess BC est une coalition qui comprend 30 organisations \u00e0 but non lucratif ainsi que des groupes sp\u00e9cialis\u00e9s dans le domaine des maladies chroniques. Ceux-ci repr\u00e9sentent plus de deux millions de membres dont le mandat est d&#8217;am\u00e9liorer la qualit\u00e9 de vie des patients de la Colombie-Britannique, en augmentant l&#8217;acc\u00e8s rapide et \u00e9quitable aux m\u00e9dicaments d&#8217;ordonnance, aux technologies m\u00e9dicales et aux traitements bas\u00e9s sur des donn\u00e9es probantes. MedAccess BC collabore et communique avec de nombreuses parties prenantes, notamment BC Pharmacare (payeur public), le gouvernement, les d\u00e9cideurs politiques, les professionnels de la sant\u00e9, les chercheurs, les r\u00e9gimes de sant\u00e9\/d&#8217;assurance priv\u00e9e (payeurs priv\u00e9s), les gestionnaires et consultants de b\u00e9n\u00e9fices sociaux, les manufactures de production pharmaceutique, et plus encore. Nous travaillons avec nos membres et nous plaidons aupr\u00e8s des prestataires de soins de sant\u00e9, des organisations non gouvernementales qui se sp\u00e9cialisent \u00e0 certaines maladies, des chercheurs, des cliniciens, des assureurs, des patients, des soignants, et d&#8217;autres parties prenantes afin de maintenir et am\u00e9liorer l&#8217;acc\u00e8s aux m\u00e9dicaments.<\/p>\n<p>Pour en savoir plus, consultez notre <a href=\"https:\/\/medaccessbc.org\/\">site web<\/a>.<\/p>\n","protected":false},"excerpt":{"rendered":"<p>Qui faisons-nous? MedAccess BC est une coalition qui comprend 30 organisations \u00e0 but non lucratif ainsi que des groupes sp\u00e9cialis\u00e9s dans le domaine des maladies chroniques. Ceux-ci repr\u00e9sentent plus de deux millions<\/p>\n","protected":false},"author":2,"featured_media":28893,"parent":4484,"menu_order":0,"comment_status":"closed","ping_status":"closed","template":"","meta":{"_acf_changed":false,"footnotes":""},"class_list":["post-28896","page","type-page","status-publish","has-post-thumbnail","hentry"],"acf":[],"yoast_head":"<!-- This site is optimized with the Yoast SEO plugin v27.4 - https:\/\/yoast.com\/product\/yoast-seo-wordpress\/ -->\n<title>Medicines Access Coalition - BC - Canadian Cancer Survivor Network<\/title>\n<meta name=\"robots\" content=\"index, follow, max-snippet:-1, max-image-preview:large, max-video-preview:-1\" \/>\n<link rel=\"canonical\" href=\"https:\/\/survivornet.ca\/fr\/reliez-vous\/partenaires\/medicines-access-coalition-bc\/\" \/>\n<meta property=\"og:locale\" content=\"fr_FR\" \/>\n<meta property=\"og:type\" content=\"article\" \/>\n<meta property=\"og:title\" content=\"Medicines Access Coalition - BC - Canadian Cancer Survivor Network\" \/>\n<meta property=\"og:description\" content=\"Qui faisons-nous? MedAccess BC est une coalition qui comprend 30 organisations \u00e0 but non lucratif ainsi que des groupes sp\u00e9cialis\u00e9s dans le domaine des maladies chroniques. Ceux-ci repr\u00e9sentent plus de deux millions\" \/>\n<meta property=\"og:url\" content=\"https:\/\/survivornet.ca\/fr\/reliez-vous\/partenaires\/medicines-access-coalition-bc\/\" \/>\n<meta property=\"og:site_name\" content=\"Canadian Cancer Survivor Network\" \/>\n<meta property=\"og:image\" content=\"https:\/\/survivornet.ca\/wp-content\/uploads\/2024\/02\/Medicines-Access-Coalition-logo.png\" \/>\n\t<meta property=\"og:image:width\" content=\"726\" \/>\n\t<meta property=\"og:image:height\" content=\"247\" \/>\n\t<meta property=\"og:image:type\" content=\"image\/png\" \/>\n<meta name=\"twitter:card\" content=\"summary_large_image\" \/>\n<meta name=\"twitter:label1\" content=\"Dur\u00e9e de lecture estim\u00e9e\" \/>\n\t<meta name=\"twitter:data1\" content=\"1 minute\" \/>\n<script type=\"application\/ld+json\" class=\"yoast-schema-graph\">{\"@context\":\"https:\\\/\\\/schema.org\",\"@graph\":[{\"@type\":\"WebPage\",\"@id\":\"https:\\\/\\\/survivornet.ca\\\/fr\\\/reliez-vous\\\/partenaires\\\/medicines-access-coalition-bc\\\/\",\"url\":\"https:\\\/\\\/survivornet.ca\\\/fr\\\/reliez-vous\\\/partenaires\\\/medicines-access-coalition-bc\\\/\",\"name\":\"Medicines Access Coalition - BC - Canadian Cancer Survivor Network\",\"isPartOf\":{\"@id\":\"https:\\\/\\\/survivornet.ca\\\/#website\"},\"primaryImageOfPage\":{\"@id\":\"https:\\\/\\\/survivornet.ca\\\/fr\\\/reliez-vous\\\/partenaires\\\/medicines-access-coalition-bc\\\/#primaryimage\"},\"image\":{\"@id\":\"https:\\\/\\\/survivornet.ca\\\/fr\\\/reliez-vous\\\/partenaires\\\/medicines-access-coalition-bc\\\/#primaryimage\"},\"thumbnailUrl\":\"https:\\\/\\\/survivornet.ca\\\/wp-content\\\/uploads\\\/2024\\\/02\\\/Medicines-Access-Coalition-logo.png\",\"datePublished\":\"2024-02-13T16:15:27+00:00\",\"breadcrumb\":{\"@id\":\"https:\\\/\\\/survivornet.ca\\\/fr\\\/reliez-vous\\\/partenaires\\\/medicines-access-coalition-bc\\\/#breadcrumb\"},\"inLanguage\":\"fr-FR\",\"potentialAction\":[{\"@type\":\"ReadAction\",\"target\":[\"https:\\\/\\\/survivornet.ca\\\/fr\\\/reliez-vous\\\/partenaires\\\/medicines-access-coalition-bc\\\/\"]}]},{\"@type\":\"ImageObject\",\"inLanguage\":\"fr-FR\",\"@id\":\"https:\\\/\\\/survivornet.ca\\\/fr\\\/reliez-vous\\\/partenaires\\\/medicines-access-coalition-bc\\\/#primaryimage\",\"url\":\"https:\\\/\\\/survivornet.ca\\\/wp-content\\\/uploads\\\/2024\\\/02\\\/Medicines-Access-Coalition-logo.png\",\"contentUrl\":\"https:\\\/\\\/survivornet.ca\\\/wp-content\\\/uploads\\\/2024\\\/02\\\/Medicines-Access-Coalition-logo.png\",\"width\":726,\"height\":247},{\"@type\":\"BreadcrumbList\",\"@id\":\"https:\\\/\\\/survivornet.ca\\\/fr\\\/reliez-vous\\\/partenaires\\\/medicines-access-coalition-bc\\\/#breadcrumb\",\"itemListElement\":[{\"@type\":\"ListItem\",\"position\":1,\"name\":\"Home\",\"item\":\"https:\\\/\\\/survivornet.ca\\\/fr\\\/\"},{\"@type\":\"ListItem\",\"position\":2,\"name\":\"Connectez\",\"item\":\"https:\\\/\\\/survivornet.ca\\\/fr\\\/reliez-vous\\\/\"},{\"@type\":\"ListItem\",\"position\":3,\"name\":\"Partenaires\",\"item\":\"https:\\\/\\\/survivornet.ca\\\/fr\\\/reliez-vous\\\/partenaires\\\/\"},{\"@type\":\"ListItem\",\"position\":4,\"name\":\"Medicines Access Coalition &#8211; BC\"}]},{\"@type\":\"WebSite\",\"@id\":\"https:\\\/\\\/survivornet.ca\\\/#website\",\"url\":\"https:\\\/\\\/survivornet.ca\\\/\",\"name\":\"Canadian Cancer Survivor Network\",\"description\":\"The Canadian Cancer Survivor Network was created by a group of Canadians concerned about cancer.\",\"publisher\":{\"@id\":\"https:\\\/\\\/survivornet.ca\\\/#organization\"},\"potentialAction\":[{\"@type\":\"SearchAction\",\"target\":{\"@type\":\"EntryPoint\",\"urlTemplate\":\"https:\\\/\\\/survivornet.ca\\\/?s={search_term_string}\"},\"query-input\":{\"@type\":\"PropertyValueSpecification\",\"valueRequired\":true,\"valueName\":\"search_term_string\"}}],\"inLanguage\":\"fr-FR\"},{\"@type\":\"Organization\",\"@id\":\"https:\\\/\\\/survivornet.ca\\\/#organization\",\"name\":\"Canadian Cancer Survivor Network\",\"url\":\"https:\\\/\\\/survivornet.ca\\\/\",\"logo\":{\"@type\":\"ImageObject\",\"inLanguage\":\"fr-FR\",\"@id\":\"https:\\\/\\\/survivornet.ca\\\/#\\\/schema\\\/logo\\\/image\\\/\",\"url\":\"http:\\\/\\\/survivornet.ca\\\/wp-content\\\/uploads\\\/2016\\\/12\\\/CCSN_Logo_EN_SQUARE.png\",\"contentUrl\":\"http:\\\/\\\/survivornet.ca\\\/wp-content\\\/uploads\\\/2016\\\/12\\\/CCSN_Logo_EN_SQUARE.png\",\"width\":1209,\"height\":1007,\"caption\":\"Canadian Cancer Survivor Network\"},\"image\":{\"@id\":\"https:\\\/\\\/survivornet.ca\\\/#\\\/schema\\\/logo\\\/image\\\/\"}}]}<\/script>\n<!-- \/ Yoast SEO plugin. -->","yoast_head_json":{"title":"Medicines Access Coalition - BC - Canadian Cancer Survivor Network","robots":{"index":"index","follow":"follow","max-snippet":"max-snippet:-1","max-image-preview":"max-image-preview:large","max-video-preview":"max-video-preview:-1"},"canonical":"https:\/\/survivornet.ca\/fr\/reliez-vous\/partenaires\/medicines-access-coalition-bc\/","og_locale":"fr_FR","og_type":"article","og_title":"Medicines Access Coalition - BC - Canadian Cancer Survivor Network","og_description":"Qui faisons-nous? MedAccess BC est une coalition qui comprend 30 organisations \u00e0 but non lucratif ainsi que des groupes sp\u00e9cialis\u00e9s dans le domaine des maladies chroniques. Ceux-ci repr\u00e9sentent plus de deux millions","og_url":"https:\/\/survivornet.ca\/fr\/reliez-vous\/partenaires\/medicines-access-coalition-bc\/","og_site_name":"Canadian Cancer Survivor Network","og_image":[{"width":726,"height":247,"url":"https:\/\/survivornet.ca\/wp-content\/uploads\/2024\/02\/Medicines-Access-Coalition-logo.png","type":"image\/png"}],"twitter_card":"summary_large_image","twitter_misc":{"Dur\u00e9e de lecture estim\u00e9e":"1 minute"},"schema":{"@context":"https:\/\/schema.org","@graph":[{"@type":"WebPage","@id":"https:\/\/survivornet.ca\/fr\/reliez-vous\/partenaires\/medicines-access-coalition-bc\/","url":"https:\/\/survivornet.ca\/fr\/reliez-vous\/partenaires\/medicines-access-coalition-bc\/","name":"Medicines Access Coalition - BC - Canadian Cancer Survivor Network","isPartOf":{"@id":"https:\/\/survivornet.ca\/#website"},"primaryImageOfPage":{"@id":"https:\/\/survivornet.ca\/fr\/reliez-vous\/partenaires\/medicines-access-coalition-bc\/#primaryimage"},"image":{"@id":"https:\/\/survivornet.ca\/fr\/reliez-vous\/partenaires\/medicines-access-coalition-bc\/#primaryimage"},"thumbnailUrl":"https:\/\/survivornet.ca\/wp-content\/uploads\/2024\/02\/Medicines-Access-Coalition-logo.png","datePublished":"2024-02-13T16:15:27+00:00","breadcrumb":{"@id":"https:\/\/survivornet.ca\/fr\/reliez-vous\/partenaires\/medicines-access-coalition-bc\/#breadcrumb"},"inLanguage":"fr-FR","potentialAction":[{"@type":"ReadAction","target":["https:\/\/survivornet.ca\/fr\/reliez-vous\/partenaires\/medicines-access-coalition-bc\/"]}]},{"@type":"ImageObject","inLanguage":"fr-FR","@id":"https:\/\/survivornet.ca\/fr\/reliez-vous\/partenaires\/medicines-access-coalition-bc\/#primaryimage","url":"https:\/\/survivornet.ca\/wp-content\/uploads\/2024\/02\/Medicines-Access-Coalition-logo.png","contentUrl":"https:\/\/survivornet.ca\/wp-content\/uploads\/2024\/02\/Medicines-Access-Coalition-logo.png","width":726,"height":247},{"@type":"BreadcrumbList","@id":"https:\/\/survivornet.ca\/fr\/reliez-vous\/partenaires\/medicines-access-coalition-bc\/#breadcrumb","itemListElement":[{"@type":"ListItem","position":1,"name":"Home","item":"https:\/\/survivornet.ca\/fr\/"},{"@type":"ListItem","position":2,"name":"Connectez","item":"https:\/\/survivornet.ca\/fr\/reliez-vous\/"},{"@type":"ListItem","position":3,"name":"Partenaires","item":"https:\/\/survivornet.ca\/fr\/reliez-vous\/partenaires\/"},{"@type":"ListItem","position":4,"name":"Medicines Access Coalition &#8211; BC"}]},{"@type":"WebSite","@id":"https:\/\/survivornet.ca\/#website","url":"https:\/\/survivornet.ca\/","name":"Canadian Cancer Survivor Network","description":"The Canadian Cancer Survivor Network was created by a group of Canadians concerned about cancer.","publisher":{"@id":"https:\/\/survivornet.ca\/#organization"},"potentialAction":[{"@type":"SearchAction","target":{"@type":"EntryPoint","urlTemplate":"https:\/\/survivornet.ca\/?s={search_term_string}"},"query-input":{"@type":"PropertyValueSpecification","valueRequired":true,"valueName":"search_term_string"}}],"inLanguage":"fr-FR"},{"@type":"Organization","@id":"https:\/\/survivornet.ca\/#organization","name":"Canadian Cancer Survivor Network","url":"https:\/\/survivornet.ca\/","logo":{"@type":"ImageObject","inLanguage":"fr-FR","@id":"https:\/\/survivornet.ca\/#\/schema\/logo\/image\/","url":"http:\/\/survivornet.ca\/wp-content\/uploads\/2016\/12\/CCSN_Logo_EN_SQUARE.png","contentUrl":"http:\/\/survivornet.ca\/wp-content\/uploads\/2016\/12\/CCSN_Logo_EN_SQUARE.png","width":1209,"height":1007,"caption":"Canadian Cancer Survivor Network"},"image":{"@id":"https:\/\/survivornet.ca\/#\/schema\/logo\/image\/"}}]}},"_links":{"self":[{"href":"https:\/\/survivornet.ca\/fr\/wp-json\/wp\/v2\/pages\/28896","targetHints":{"allow":["GET"]}}],"collection":[{"href":"https:\/\/survivornet.ca\/fr\/wp-json\/wp\/v2\/pages"}],"about":[{"href":"https:\/\/survivornet.ca\/fr\/wp-json\/wp\/v2\/types\/page"}],"author":[{"embeddable":true,"href":"https:\/\/survivornet.ca\/fr\/wp-json\/wp\/v2\/users\/2"}],"replies":[{"embeddable":true,"href":"https:\/\/survivornet.ca\/fr\/wp-json\/wp\/v2\/comments?post=28896"}],"version-history":[{"count":2,"href":"https:\/\/survivornet.ca\/fr\/wp-json\/wp\/v2\/pages\/28896\/revisions"}],"predecessor-version":[{"id":28900,"href":"https:\/\/survivornet.ca\/fr\/wp-json\/wp\/v2\/pages\/28896\/revisions\/28900"}],"up":[{"embeddable":true,"href":"https:\/\/survivornet.ca\/fr\/wp-json\/wp\/v2\/pages\/4484"}],"wp:featuredmedia":[{"embeddable":true,"href":"https:\/\/survivornet.ca\/fr\/wp-json\/wp\/v2\/media\/28893"}],"wp:attachment":[{"href":"https:\/\/survivornet.ca\/fr\/wp-json\/wp\/v2\/media?parent=28896"}],"curies":[{"name":"wp","href":"https:\/\/api.w.org\/{rel}","templated":true}]}}