{"id":28877,"date":"2024-02-12T17:59:57","date_gmt":"2024-02-12T22:59:57","guid":{"rendered":"https:\/\/survivornet.ca\/?page_id=28877"},"modified":"2024-02-12T17:59:57","modified_gmt":"2024-02-12T22:59:57","slug":"coalition-priorite-cancer-au-quebec","status":"publish","type":"page","link":"https:\/\/survivornet.ca\/fr\/reliez-vous\/partenaires\/coalition-priorite-cancer-au-quebec\/","title":{"rendered":"Coalition Priorit\u00e9 Cancer au Qu\u00e9bec"},"content":{"rendered":"<p><img loading=\"lazy\" decoding=\"async\" class=\" wp-image-28878\" src=\"http:\/\/survivornet.ca\/wp-content\/uploads\/2024\/02\/Coalition_Priorit__Cancer_Quebec.jpg\" alt=\"\" width=\"497\" height=\"278\" \/><\/p>\n<p><span style=\"text-decoration: underline;\"><strong>\u00c0 propos de nous<\/strong><\/span><\/p>\n<p>La Coalition Priorit\u00e9 Cancer au Qu\u00e9bec, regroupement de plus de 65 OSBL repr\u00e9sentant tous les types et phases du cancer, provenant de toutes les r\u00e9gions du Qu\u00e9bec, souhaite am\u00e9liorer le syst\u00e8me de sant\u00e9 au Qu\u00e9bec pour le bien des personnes touch\u00e9es par le cancer. Elle d\u00e9fend, notamment, les droits et les int\u00e9r\u00eats des patients et des proches aidants.<\/p>\n<p><span style=\"text-decoration: underline;\"><strong>Notre mission<\/strong><\/span><\/p>\n<p>Notre mission est d\u2019\u00eatre une voix forte pour les personnes touch\u00e9es par le cancer afin d\u2019am\u00e9liorer le syst\u00e8me de sant\u00e9 en cancer au Qu\u00e9bec. Depuis 2001, nos membres partagent notre vision d\u2019un Qu\u00e9bec en meilleure sant\u00e9, centr\u00e9e sur les patients, survivants et proches aidants.<\/p>\n<p>Pour en savoir plus, consultez notre <a href=\"https:\/\/coalitioncancer.com\/\">site web<\/a>.<\/p>\n","protected":false},"excerpt":{"rendered":"<p>\u00c0 propos de nous La Coalition Priorit\u00e9 Cancer au Qu\u00e9bec, regroupement de plus de 65 OSBL repr\u00e9sentant tous les types et phases du cancer, provenant de toutes les r\u00e9gions du Qu\u00e9bec, souhaite<\/p>\n","protected":false},"author":2,"featured_media":28878,"parent":4484,"menu_order":0,"comment_status":"closed","ping_status":"closed","template":"","meta":{"_acf_changed":false,"footnotes":""},"class_list":["post-28877","page","type-page","status-publish","has-post-thumbnail","hentry"],"acf":[],"yoast_head":"<!-- This site is optimized with the Yoast SEO plugin v27.4 - https:\/\/yoast.com\/product\/yoast-seo-wordpress\/ -->\n<title>Coalition Priorit\u00e9 Cancer au Qu\u00e9bec - Canadian Cancer Survivor Network<\/title>\n<meta name=\"robots\" content=\"index, follow, max-snippet:-1, max-image-preview:large, max-video-preview:-1\" \/>\n<link rel=\"canonical\" href=\"https:\/\/survivornet.ca\/fr\/reliez-vous\/partenaires\/coalition-priorite-cancer-au-quebec\/\" \/>\n<meta property=\"og:locale\" content=\"fr_FR\" \/>\n<meta property=\"og:type\" content=\"article\" \/>\n<meta property=\"og:title\" content=\"Coalition Priorit\u00e9 Cancer au Qu\u00e9bec - Canadian Cancer Survivor Network\" \/>\n<meta property=\"og:description\" content=\"\u00c0 propos de nous La Coalition Priorit\u00e9 Cancer au Qu\u00e9bec, regroupement de plus de 65 OSBL repr\u00e9sentant tous les types et phases du cancer, provenant de toutes les r\u00e9gions du Qu\u00e9bec, souhaite\" \/>\n<meta property=\"og:url\" content=\"https:\/\/survivornet.ca\/fr\/reliez-vous\/partenaires\/coalition-priorite-cancer-au-quebec\/\" \/>\n<meta property=\"og:site_name\" content=\"Canadian Cancer Survivor Network\" \/>\n<meta property=\"og:image\" content=\"https:\/\/survivornet.ca\/wp-content\/uploads\/2024\/02\/Coalition_Priorit__Cancer_Quebec.jpg\" \/>\n\t<meta property=\"og:image:width\" content=\"599\" \/>\n\t<meta property=\"og:image:height\" content=\"335\" \/>\n\t<meta property=\"og:image:type\" content=\"image\/jpeg\" \/>\n<meta name=\"twitter:card\" content=\"summary_large_image\" \/>\n<meta name=\"twitter:label1\" content=\"Dur\u00e9e de lecture estim\u00e9e\" \/>\n\t<meta name=\"twitter:data1\" content=\"1 minute\" \/>\n<script type=\"application\/ld+json\" class=\"yoast-schema-graph\">{\"@context\":\"https:\\\/\\\/schema.org\",\"@graph\":[{\"@type\":\"WebPage\",\"@id\":\"https:\\\/\\\/survivornet.ca\\\/fr\\\/reliez-vous\\\/partenaires\\\/coalition-priorite-cancer-au-quebec\\\/\",\"url\":\"https:\\\/\\\/survivornet.ca\\\/fr\\\/reliez-vous\\\/partenaires\\\/coalition-priorite-cancer-au-quebec\\\/\",\"name\":\"Coalition Priorit\u00e9 Cancer au Qu\u00e9bec - Canadian Cancer Survivor Network\",\"isPartOf\":{\"@id\":\"https:\\\/\\\/survivornet.ca\\\/#website\"},\"primaryImageOfPage\":{\"@id\":\"https:\\\/\\\/survivornet.ca\\\/fr\\\/reliez-vous\\\/partenaires\\\/coalition-priorite-cancer-au-quebec\\\/#primaryimage\"},\"image\":{\"@id\":\"https:\\\/\\\/survivornet.ca\\\/fr\\\/reliez-vous\\\/partenaires\\\/coalition-priorite-cancer-au-quebec\\\/#primaryimage\"},\"thumbnailUrl\":\"https:\\\/\\\/survivornet.ca\\\/wp-content\\\/uploads\\\/2024\\\/02\\\/Coalition_Priorit__Cancer_Quebec.jpg\",\"datePublished\":\"2024-02-12T22:59:57+00:00\",\"breadcrumb\":{\"@id\":\"https:\\\/\\\/survivornet.ca\\\/fr\\\/reliez-vous\\\/partenaires\\\/coalition-priorite-cancer-au-quebec\\\/#breadcrumb\"},\"inLanguage\":\"fr-FR\",\"potentialAction\":[{\"@type\":\"ReadAction\",\"target\":[\"https:\\\/\\\/survivornet.ca\\\/fr\\\/reliez-vous\\\/partenaires\\\/coalition-priorite-cancer-au-quebec\\\/\"]}]},{\"@type\":\"ImageObject\",\"inLanguage\":\"fr-FR\",\"@id\":\"https:\\\/\\\/survivornet.ca\\\/fr\\\/reliez-vous\\\/partenaires\\\/coalition-priorite-cancer-au-quebec\\\/#primaryimage\",\"url\":\"https:\\\/\\\/survivornet.ca\\\/wp-content\\\/uploads\\\/2024\\\/02\\\/Coalition_Priorit__Cancer_Quebec.jpg\",\"contentUrl\":\"https:\\\/\\\/survivornet.ca\\\/wp-content\\\/uploads\\\/2024\\\/02\\\/Coalition_Priorit__Cancer_Quebec.jpg\",\"width\":599,\"height\":335,\"caption\":\"Coalition Priorit\u00e9 Cancer (Groupe CNW\\\/Coalition Priorit\u00e9 Cancer)\"},{\"@type\":\"BreadcrumbList\",\"@id\":\"https:\\\/\\\/survivornet.ca\\\/fr\\\/reliez-vous\\\/partenaires\\\/coalition-priorite-cancer-au-quebec\\\/#breadcrumb\",\"itemListElement\":[{\"@type\":\"ListItem\",\"position\":1,\"name\":\"Home\",\"item\":\"https:\\\/\\\/survivornet.ca\\\/fr\\\/\"},{\"@type\":\"ListItem\",\"position\":2,\"name\":\"Connectez\",\"item\":\"https:\\\/\\\/survivornet.ca\\\/fr\\\/reliez-vous\\\/\"},{\"@type\":\"ListItem\",\"position\":3,\"name\":\"Partenaires\",\"item\":\"https:\\\/\\\/survivornet.ca\\\/fr\\\/reliez-vous\\\/partenaires\\\/\"},{\"@type\":\"ListItem\",\"position\":4,\"name\":\"Coalition Priorit\u00e9 Cancer au Qu\u00e9bec\"}]},{\"@type\":\"WebSite\",\"@id\":\"https:\\\/\\\/survivornet.ca\\\/#website\",\"url\":\"https:\\\/\\\/survivornet.ca\\\/\",\"name\":\"Canadian Cancer Survivor Network\",\"description\":\"The Canadian Cancer Survivor Network was created by a group of Canadians concerned about cancer.\",\"publisher\":{\"@id\":\"https:\\\/\\\/survivornet.ca\\\/#organization\"},\"potentialAction\":[{\"@type\":\"SearchAction\",\"target\":{\"@type\":\"EntryPoint\",\"urlTemplate\":\"https:\\\/\\\/survivornet.ca\\\/?s={search_term_string}\"},\"query-input\":{\"@type\":\"PropertyValueSpecification\",\"valueRequired\":true,\"valueName\":\"search_term_string\"}}],\"inLanguage\":\"fr-FR\"},{\"@type\":\"Organization\",\"@id\":\"https:\\\/\\\/survivornet.ca\\\/#organization\",\"name\":\"Canadian Cancer Survivor Network\",\"url\":\"https:\\\/\\\/survivornet.ca\\\/\",\"logo\":{\"@type\":\"ImageObject\",\"inLanguage\":\"fr-FR\",\"@id\":\"https:\\\/\\\/survivornet.ca\\\/#\\\/schema\\\/logo\\\/image\\\/\",\"url\":\"http:\\\/\\\/survivornet.ca\\\/wp-content\\\/uploads\\\/2016\\\/12\\\/CCSN_Logo_EN_SQUARE.png\",\"contentUrl\":\"http:\\\/\\\/survivornet.ca\\\/wp-content\\\/uploads\\\/2016\\\/12\\\/CCSN_Logo_EN_SQUARE.png\",\"width\":1209,\"height\":1007,\"caption\":\"Canadian Cancer Survivor Network\"},\"image\":{\"@id\":\"https:\\\/\\\/survivornet.ca\\\/#\\\/schema\\\/logo\\\/image\\\/\"}}]}<\/script>\n<!-- \/ Yoast SEO plugin. -->","yoast_head_json":{"title":"Coalition Priorit\u00e9 Cancer au Qu\u00e9bec - Canadian Cancer Survivor Network","robots":{"index":"index","follow":"follow","max-snippet":"max-snippet:-1","max-image-preview":"max-image-preview:large","max-video-preview":"max-video-preview:-1"},"canonical":"https:\/\/survivornet.ca\/fr\/reliez-vous\/partenaires\/coalition-priorite-cancer-au-quebec\/","og_locale":"fr_FR","og_type":"article","og_title":"Coalition Priorit\u00e9 Cancer au Qu\u00e9bec - Canadian Cancer Survivor Network","og_description":"\u00c0 propos de nous La Coalition Priorit\u00e9 Cancer au Qu\u00e9bec, regroupement de plus de 65 OSBL repr\u00e9sentant tous les types et phases du cancer, provenant de toutes les r\u00e9gions du Qu\u00e9bec, souhaite","og_url":"https:\/\/survivornet.ca\/fr\/reliez-vous\/partenaires\/coalition-priorite-cancer-au-quebec\/","og_site_name":"Canadian Cancer Survivor Network","og_image":[{"width":599,"height":335,"url":"https:\/\/survivornet.ca\/wp-content\/uploads\/2024\/02\/Coalition_Priorit__Cancer_Quebec.jpg","type":"image\/jpeg"}],"twitter_card":"summary_large_image","twitter_misc":{"Dur\u00e9e de lecture estim\u00e9e":"1 minute"},"schema":{"@context":"https:\/\/schema.org","@graph":[{"@type":"WebPage","@id":"https:\/\/survivornet.ca\/fr\/reliez-vous\/partenaires\/coalition-priorite-cancer-au-quebec\/","url":"https:\/\/survivornet.ca\/fr\/reliez-vous\/partenaires\/coalition-priorite-cancer-au-quebec\/","name":"Coalition Priorit\u00e9 Cancer au Qu\u00e9bec - Canadian Cancer Survivor Network","isPartOf":{"@id":"https:\/\/survivornet.ca\/#website"},"primaryImageOfPage":{"@id":"https:\/\/survivornet.ca\/fr\/reliez-vous\/partenaires\/coalition-priorite-cancer-au-quebec\/#primaryimage"},"image":{"@id":"https:\/\/survivornet.ca\/fr\/reliez-vous\/partenaires\/coalition-priorite-cancer-au-quebec\/#primaryimage"},"thumbnailUrl":"https:\/\/survivornet.ca\/wp-content\/uploads\/2024\/02\/Coalition_Priorit__Cancer_Quebec.jpg","datePublished":"2024-02-12T22:59:57+00:00","breadcrumb":{"@id":"https:\/\/survivornet.ca\/fr\/reliez-vous\/partenaires\/coalition-priorite-cancer-au-quebec\/#breadcrumb"},"inLanguage":"fr-FR","potentialAction":[{"@type":"ReadAction","target":["https:\/\/survivornet.ca\/fr\/reliez-vous\/partenaires\/coalition-priorite-cancer-au-quebec\/"]}]},{"@type":"ImageObject","inLanguage":"fr-FR","@id":"https:\/\/survivornet.ca\/fr\/reliez-vous\/partenaires\/coalition-priorite-cancer-au-quebec\/#primaryimage","url":"https:\/\/survivornet.ca\/wp-content\/uploads\/2024\/02\/Coalition_Priorit__Cancer_Quebec.jpg","contentUrl":"https:\/\/survivornet.ca\/wp-content\/uploads\/2024\/02\/Coalition_Priorit__Cancer_Quebec.jpg","width":599,"height":335,"caption":"Coalition Priorit\u00e9 Cancer (Groupe CNW\/Coalition Priorit\u00e9 Cancer)"},{"@type":"BreadcrumbList","@id":"https:\/\/survivornet.ca\/fr\/reliez-vous\/partenaires\/coalition-priorite-cancer-au-quebec\/#breadcrumb","itemListElement":[{"@type":"ListItem","position":1,"name":"Home","item":"https:\/\/survivornet.ca\/fr\/"},{"@type":"ListItem","position":2,"name":"Connectez","item":"https:\/\/survivornet.ca\/fr\/reliez-vous\/"},{"@type":"ListItem","position":3,"name":"Partenaires","item":"https:\/\/survivornet.ca\/fr\/reliez-vous\/partenaires\/"},{"@type":"ListItem","position":4,"name":"Coalition Priorit\u00e9 Cancer au Qu\u00e9bec"}]},{"@type":"WebSite","@id":"https:\/\/survivornet.ca\/#website","url":"https:\/\/survivornet.ca\/","name":"Canadian Cancer Survivor Network","description":"The Canadian Cancer Survivor Network was created by a group of Canadians concerned about cancer.","publisher":{"@id":"https:\/\/survivornet.ca\/#organization"},"potentialAction":[{"@type":"SearchAction","target":{"@type":"EntryPoint","urlTemplate":"https:\/\/survivornet.ca\/?s={search_term_string}"},"query-input":{"@type":"PropertyValueSpecification","valueRequired":true,"valueName":"search_term_string"}}],"inLanguage":"fr-FR"},{"@type":"Organization","@id":"https:\/\/survivornet.ca\/#organization","name":"Canadian Cancer Survivor Network","url":"https:\/\/survivornet.ca\/","logo":{"@type":"ImageObject","inLanguage":"fr-FR","@id":"https:\/\/survivornet.ca\/#\/schema\/logo\/image\/","url":"http:\/\/survivornet.ca\/wp-content\/uploads\/2016\/12\/CCSN_Logo_EN_SQUARE.png","contentUrl":"http:\/\/survivornet.ca\/wp-content\/uploads\/2016\/12\/CCSN_Logo_EN_SQUARE.png","width":1209,"height":1007,"caption":"Canadian Cancer Survivor Network"},"image":{"@id":"https:\/\/survivornet.ca\/#\/schema\/logo\/image\/"}}]}},"_links":{"self":[{"href":"https:\/\/survivornet.ca\/fr\/wp-json\/wp\/v2\/pages\/28877","targetHints":{"allow":["GET"]}}],"collection":[{"href":"https:\/\/survivornet.ca\/fr\/wp-json\/wp\/v2\/pages"}],"about":[{"href":"https:\/\/survivornet.ca\/fr\/wp-json\/wp\/v2\/types\/page"}],"author":[{"embeddable":true,"href":"https:\/\/survivornet.ca\/fr\/wp-json\/wp\/v2\/users\/2"}],"replies":[{"embeddable":true,"href":"https:\/\/survivornet.ca\/fr\/wp-json\/wp\/v2\/comments?post=28877"}],"version-history":[{"count":1,"href":"https:\/\/survivornet.ca\/fr\/wp-json\/wp\/v2\/pages\/28877\/revisions"}],"predecessor-version":[{"id":28880,"href":"https:\/\/survivornet.ca\/fr\/wp-json\/wp\/v2\/pages\/28877\/revisions\/28880"}],"up":[{"embeddable":true,"href":"https:\/\/survivornet.ca\/fr\/wp-json\/wp\/v2\/pages\/4484"}],"wp:featuredmedia":[{"embeddable":true,"href":"https:\/\/survivornet.ca\/fr\/wp-json\/wp\/v2\/media\/28878"}],"wp:attachment":[{"href":"https:\/\/survivornet.ca\/fr\/wp-json\/wp\/v2\/media?parent=28877"}],"curies":[{"name":"wp","href":"https:\/\/api.w.org\/{rel}","templated":true}]}}