{"id":28839,"date":"2024-02-12T16:42:29","date_gmt":"2024-02-12T21:42:29","guid":{"rendered":"https:\/\/survivornet.ca\/?page_id=28839"},"modified":"2024-02-12T16:42:29","modified_gmt":"2024-02-12T21:42:29","slug":"alliance-for-safe-biologic-medicines","status":"publish","type":"page","link":"https:\/\/survivornet.ca\/fr\/reliez-vous\/partenaires\/alliance-for-safe-biologic-medicines\/","title":{"rendered":"Alliance for Safe Biologic Medicines"},"content":{"rendered":"<p><img loading=\"lazy\" decoding=\"async\" class=\"aligncenter size-full wp-image-28835\" src=\"http:\/\/survivornet.ca\/wp-content\/uploads\/2024\/02\/AlliancSafeBiologicMedicines.png\" alt=\"\" width=\"364\" height=\"210\" \/><\/p>\n<p><span style=\"text-decoration: underline;\"><strong>Notre Mission<\/strong><\/span><\/p>\n<p>La mission de Alliance for Safe Biologic Medicines est de d\u00e9sservir le public, la communaut\u00e9 m\u00e9dicale, le US Food and Drug Administration, ainsi que ceux qui prennent des d\u00e9cisions au niveau gouvernemental \u00e0 travers le monde, en tant que centre de ressource par excellence, au fur et \u00e0 mesure que les politiques sur les biosimilaires sont \u00e9labor\u00e9es et appliqu\u00e9es.<\/p>\n<p><span style=\"text-decoration: underline;\"><strong>Qui nous sommes<\/strong><\/span><\/p>\n<p>Le Alliance for Safe Biologic Medicines est une organisation form\u00e9e de divers groupes et professionnels de la sant\u00e9 &#8211; englobant patients et m\u00e9decins, en passant par les entreprises de biotechnologie qui d\u00e9veloppent des m\u00e9dicaments innovants et biosimilaires, \u00e0 d&#8217;autres entreprises qui travaillent ensemble afin de garantir que la s\u00e9curit\u00e9 des patients soit au premier plan du d\u00e9bat politique sur les biosimilaires. Notre liste de membres et notre comit\u00e9 de direction refl\u00e8tent le large \u00e9ventail de diversit\u00e9 au sein de la communaut\u00e9 de soins de sant\u00e9. Notre coalition s&#8217;efforce de se d\u00e9marquer en tant que centre de ressources sur lequel les communaut\u00e9s de soins de sant\u00e9 et les groupes politiques peuvent se fier.<\/p>\n<p><span style=\"text-decoration: underline;\"><strong>Principes directeurs<\/strong><\/span><\/p>\n<ul class=\"content-list\">\n<li>Il est de notre avis que les patients ont le droit de s&#8217;attendre \u00e0 recevoir un m\u00e9dicament de qualit\u00e9, que ce soit le produit original ou un biosimilaire, et ce, quel qu&#8217;en soit le prix.<\/li>\n<li>Il est de notre avis que les d\u00e9cisions m\u00e9dicales doivent ultimement \u00eatre prises par le patient, son m\u00e9decin et les autres professionnels de la sant\u00e9 dont le patient re\u00e7oit des soins directs, et non par les payeurs gouvernementaux, les gestionnaires de prestations pharmaceutiques ou les assureurs priv\u00e9s.<\/li>\n<li>Il est de notre avis que les patients ont besoin d&#8217;informations compl\u00e8tes et d\u00e9taill\u00e9es sur le fonctionnement des biosimilaires afin de prendre des d\u00e9cisions \u00e9clair\u00e9es.<\/li>\n<li>Il est de notre avis que m\u00eame si l&#8217;objectif ultime est de trouver un \u00e9quilibre entre la production de m\u00e9dicaments \u00e9conomiques pour nos patients et le respect du processus de d\u00e9couverte des m\u00e9dicaments, nous ne devons jamais oublier que la s\u00e9curit\u00e9 des patient est primordiale.<\/li>\n<\/ul>\n<p style=\"text-align: center;\">&#8230;<\/p>\n<p>Pour en savoir plus, consultez leur <a href=\"https:\/\/safebiologics.org\/\">site web<\/a>.<\/p>\n","protected":false},"excerpt":{"rendered":"<p>Notre Mission La mission de Alliance for Safe Biologic Medicines est de d\u00e9sservir le public, la communaut\u00e9 m\u00e9dicale, le US Food and Drug Administration, ainsi que ceux qui prennent des d\u00e9cisions au<\/p>\n","protected":false},"author":2,"featured_media":28835,"parent":4484,"menu_order":0,"comment_status":"closed","ping_status":"closed","template":"","meta":{"_acf_changed":false,"footnotes":""},"class_list":["post-28839","page","type-page","status-publish","has-post-thumbnail","hentry"],"acf":[],"yoast_head":"<!-- This site is optimized with the Yoast SEO plugin v27.4 - https:\/\/yoast.com\/product\/yoast-seo-wordpress\/ -->\n<title>Alliance for Safe Biologic Medicines - Canadian Cancer Survivor Network<\/title>\n<meta name=\"robots\" content=\"index, follow, max-snippet:-1, max-image-preview:large, max-video-preview:-1\" \/>\n<link rel=\"canonical\" href=\"https:\/\/survivornet.ca\/fr\/reliez-vous\/partenaires\/alliance-for-safe-biologic-medicines\/\" \/>\n<meta property=\"og:locale\" content=\"fr_FR\" \/>\n<meta property=\"og:type\" content=\"article\" \/>\n<meta property=\"og:title\" content=\"Alliance for Safe Biologic Medicines - Canadian Cancer Survivor Network\" \/>\n<meta property=\"og:description\" content=\"Notre Mission La mission de Alliance for Safe Biologic Medicines est de d\u00e9sservir le public, la communaut\u00e9 m\u00e9dicale, le US Food and Drug Administration, ainsi que ceux qui prennent des d\u00e9cisions au\" \/>\n<meta property=\"og:url\" content=\"https:\/\/survivornet.ca\/fr\/reliez-vous\/partenaires\/alliance-for-safe-biologic-medicines\/\" \/>\n<meta property=\"og:site_name\" content=\"Canadian Cancer Survivor Network\" \/>\n<meta property=\"og:image\" content=\"https:\/\/survivornet.ca\/wp-content\/uploads\/2024\/02\/AlliancSafeBiologicMedicines.png\" \/>\n\t<meta property=\"og:image:width\" content=\"364\" \/>\n\t<meta property=\"og:image:height\" content=\"210\" \/>\n\t<meta property=\"og:image:type\" content=\"image\/png\" \/>\n<meta name=\"twitter:card\" content=\"summary_large_image\" \/>\n<meta name=\"twitter:label1\" content=\"Dur\u00e9e de lecture estim\u00e9e\" \/>\n\t<meta name=\"twitter:data1\" content=\"2 minutes\" \/>\n<script type=\"application\/ld+json\" class=\"yoast-schema-graph\">{\"@context\":\"https:\\\/\\\/schema.org\",\"@graph\":[{\"@type\":\"WebPage\",\"@id\":\"https:\\\/\\\/survivornet.ca\\\/fr\\\/reliez-vous\\\/partenaires\\\/alliance-for-safe-biologic-medicines\\\/\",\"url\":\"https:\\\/\\\/survivornet.ca\\\/fr\\\/reliez-vous\\\/partenaires\\\/alliance-for-safe-biologic-medicines\\\/\",\"name\":\"Alliance for Safe Biologic Medicines - Canadian Cancer Survivor Network\",\"isPartOf\":{\"@id\":\"https:\\\/\\\/survivornet.ca\\\/#website\"},\"primaryImageOfPage\":{\"@id\":\"https:\\\/\\\/survivornet.ca\\\/fr\\\/reliez-vous\\\/partenaires\\\/alliance-for-safe-biologic-medicines\\\/#primaryimage\"},\"image\":{\"@id\":\"https:\\\/\\\/survivornet.ca\\\/fr\\\/reliez-vous\\\/partenaires\\\/alliance-for-safe-biologic-medicines\\\/#primaryimage\"},\"thumbnailUrl\":\"https:\\\/\\\/survivornet.ca\\\/wp-content\\\/uploads\\\/2024\\\/02\\\/AlliancSafeBiologicMedicines.png\",\"datePublished\":\"2024-02-12T21:42:29+00:00\",\"breadcrumb\":{\"@id\":\"https:\\\/\\\/survivornet.ca\\\/fr\\\/reliez-vous\\\/partenaires\\\/alliance-for-safe-biologic-medicines\\\/#breadcrumb\"},\"inLanguage\":\"fr-FR\",\"potentialAction\":[{\"@type\":\"ReadAction\",\"target\":[\"https:\\\/\\\/survivornet.ca\\\/fr\\\/reliez-vous\\\/partenaires\\\/alliance-for-safe-biologic-medicines\\\/\"]}]},{\"@type\":\"ImageObject\",\"inLanguage\":\"fr-FR\",\"@id\":\"https:\\\/\\\/survivornet.ca\\\/fr\\\/reliez-vous\\\/partenaires\\\/alliance-for-safe-biologic-medicines\\\/#primaryimage\",\"url\":\"https:\\\/\\\/survivornet.ca\\\/wp-content\\\/uploads\\\/2024\\\/02\\\/AlliancSafeBiologicMedicines.png\",\"contentUrl\":\"https:\\\/\\\/survivornet.ca\\\/wp-content\\\/uploads\\\/2024\\\/02\\\/AlliancSafeBiologicMedicines.png\",\"width\":364,\"height\":210},{\"@type\":\"BreadcrumbList\",\"@id\":\"https:\\\/\\\/survivornet.ca\\\/fr\\\/reliez-vous\\\/partenaires\\\/alliance-for-safe-biologic-medicines\\\/#breadcrumb\",\"itemListElement\":[{\"@type\":\"ListItem\",\"position\":1,\"name\":\"Home\",\"item\":\"https:\\\/\\\/survivornet.ca\\\/fr\\\/\"},{\"@type\":\"ListItem\",\"position\":2,\"name\":\"Connectez\",\"item\":\"https:\\\/\\\/survivornet.ca\\\/fr\\\/reliez-vous\\\/\"},{\"@type\":\"ListItem\",\"position\":3,\"name\":\"Partenaires\",\"item\":\"https:\\\/\\\/survivornet.ca\\\/fr\\\/reliez-vous\\\/partenaires\\\/\"},{\"@type\":\"ListItem\",\"position\":4,\"name\":\"Alliance for Safe Biologic Medicines\"}]},{\"@type\":\"WebSite\",\"@id\":\"https:\\\/\\\/survivornet.ca\\\/#website\",\"url\":\"https:\\\/\\\/survivornet.ca\\\/\",\"name\":\"Canadian Cancer Survivor Network\",\"description\":\"The Canadian Cancer Survivor Network was created by a group of Canadians concerned about cancer.\",\"publisher\":{\"@id\":\"https:\\\/\\\/survivornet.ca\\\/#organization\"},\"potentialAction\":[{\"@type\":\"SearchAction\",\"target\":{\"@type\":\"EntryPoint\",\"urlTemplate\":\"https:\\\/\\\/survivornet.ca\\\/?s={search_term_string}\"},\"query-input\":{\"@type\":\"PropertyValueSpecification\",\"valueRequired\":true,\"valueName\":\"search_term_string\"}}],\"inLanguage\":\"fr-FR\"},{\"@type\":\"Organization\",\"@id\":\"https:\\\/\\\/survivornet.ca\\\/#organization\",\"name\":\"Canadian Cancer Survivor Network\",\"url\":\"https:\\\/\\\/survivornet.ca\\\/\",\"logo\":{\"@type\":\"ImageObject\",\"inLanguage\":\"fr-FR\",\"@id\":\"https:\\\/\\\/survivornet.ca\\\/#\\\/schema\\\/logo\\\/image\\\/\",\"url\":\"http:\\\/\\\/survivornet.ca\\\/wp-content\\\/uploads\\\/2016\\\/12\\\/CCSN_Logo_EN_SQUARE.png\",\"contentUrl\":\"http:\\\/\\\/survivornet.ca\\\/wp-content\\\/uploads\\\/2016\\\/12\\\/CCSN_Logo_EN_SQUARE.png\",\"width\":1209,\"height\":1007,\"caption\":\"Canadian Cancer Survivor Network\"},\"image\":{\"@id\":\"https:\\\/\\\/survivornet.ca\\\/#\\\/schema\\\/logo\\\/image\\\/\"}}]}<\/script>\n<!-- \/ Yoast SEO plugin. -->","yoast_head_json":{"title":"Alliance for Safe Biologic Medicines - Canadian Cancer Survivor Network","robots":{"index":"index","follow":"follow","max-snippet":"max-snippet:-1","max-image-preview":"max-image-preview:large","max-video-preview":"max-video-preview:-1"},"canonical":"https:\/\/survivornet.ca\/fr\/reliez-vous\/partenaires\/alliance-for-safe-biologic-medicines\/","og_locale":"fr_FR","og_type":"article","og_title":"Alliance for Safe Biologic Medicines - Canadian Cancer Survivor Network","og_description":"Notre Mission La mission de Alliance for Safe Biologic Medicines est de d\u00e9sservir le public, la communaut\u00e9 m\u00e9dicale, le US Food and Drug Administration, ainsi que ceux qui prennent des d\u00e9cisions au","og_url":"https:\/\/survivornet.ca\/fr\/reliez-vous\/partenaires\/alliance-for-safe-biologic-medicines\/","og_site_name":"Canadian Cancer Survivor Network","og_image":[{"width":364,"height":210,"url":"https:\/\/survivornet.ca\/wp-content\/uploads\/2024\/02\/AlliancSafeBiologicMedicines.png","type":"image\/png"}],"twitter_card":"summary_large_image","twitter_misc":{"Dur\u00e9e de lecture estim\u00e9e":"2 minutes"},"schema":{"@context":"https:\/\/schema.org","@graph":[{"@type":"WebPage","@id":"https:\/\/survivornet.ca\/fr\/reliez-vous\/partenaires\/alliance-for-safe-biologic-medicines\/","url":"https:\/\/survivornet.ca\/fr\/reliez-vous\/partenaires\/alliance-for-safe-biologic-medicines\/","name":"Alliance for Safe Biologic Medicines - Canadian Cancer Survivor Network","isPartOf":{"@id":"https:\/\/survivornet.ca\/#website"},"primaryImageOfPage":{"@id":"https:\/\/survivornet.ca\/fr\/reliez-vous\/partenaires\/alliance-for-safe-biologic-medicines\/#primaryimage"},"image":{"@id":"https:\/\/survivornet.ca\/fr\/reliez-vous\/partenaires\/alliance-for-safe-biologic-medicines\/#primaryimage"},"thumbnailUrl":"https:\/\/survivornet.ca\/wp-content\/uploads\/2024\/02\/AlliancSafeBiologicMedicines.png","datePublished":"2024-02-12T21:42:29+00:00","breadcrumb":{"@id":"https:\/\/survivornet.ca\/fr\/reliez-vous\/partenaires\/alliance-for-safe-biologic-medicines\/#breadcrumb"},"inLanguage":"fr-FR","potentialAction":[{"@type":"ReadAction","target":["https:\/\/survivornet.ca\/fr\/reliez-vous\/partenaires\/alliance-for-safe-biologic-medicines\/"]}]},{"@type":"ImageObject","inLanguage":"fr-FR","@id":"https:\/\/survivornet.ca\/fr\/reliez-vous\/partenaires\/alliance-for-safe-biologic-medicines\/#primaryimage","url":"https:\/\/survivornet.ca\/wp-content\/uploads\/2024\/02\/AlliancSafeBiologicMedicines.png","contentUrl":"https:\/\/survivornet.ca\/wp-content\/uploads\/2024\/02\/AlliancSafeBiologicMedicines.png","width":364,"height":210},{"@type":"BreadcrumbList","@id":"https:\/\/survivornet.ca\/fr\/reliez-vous\/partenaires\/alliance-for-safe-biologic-medicines\/#breadcrumb","itemListElement":[{"@type":"ListItem","position":1,"name":"Home","item":"https:\/\/survivornet.ca\/fr\/"},{"@type":"ListItem","position":2,"name":"Connectez","item":"https:\/\/survivornet.ca\/fr\/reliez-vous\/"},{"@type":"ListItem","position":3,"name":"Partenaires","item":"https:\/\/survivornet.ca\/fr\/reliez-vous\/partenaires\/"},{"@type":"ListItem","position":4,"name":"Alliance for Safe Biologic Medicines"}]},{"@type":"WebSite","@id":"https:\/\/survivornet.ca\/#website","url":"https:\/\/survivornet.ca\/","name":"Canadian Cancer Survivor Network","description":"The Canadian Cancer Survivor Network was created by a group of Canadians concerned about cancer.","publisher":{"@id":"https:\/\/survivornet.ca\/#organization"},"potentialAction":[{"@type":"SearchAction","target":{"@type":"EntryPoint","urlTemplate":"https:\/\/survivornet.ca\/?s={search_term_string}"},"query-input":{"@type":"PropertyValueSpecification","valueRequired":true,"valueName":"search_term_string"}}],"inLanguage":"fr-FR"},{"@type":"Organization","@id":"https:\/\/survivornet.ca\/#organization","name":"Canadian Cancer Survivor Network","url":"https:\/\/survivornet.ca\/","logo":{"@type":"ImageObject","inLanguage":"fr-FR","@id":"https:\/\/survivornet.ca\/#\/schema\/logo\/image\/","url":"http:\/\/survivornet.ca\/wp-content\/uploads\/2016\/12\/CCSN_Logo_EN_SQUARE.png","contentUrl":"http:\/\/survivornet.ca\/wp-content\/uploads\/2016\/12\/CCSN_Logo_EN_SQUARE.png","width":1209,"height":1007,"caption":"Canadian Cancer Survivor Network"},"image":{"@id":"https:\/\/survivornet.ca\/#\/schema\/logo\/image\/"}}]}},"_links":{"self":[{"href":"https:\/\/survivornet.ca\/fr\/wp-json\/wp\/v2\/pages\/28839","targetHints":{"allow":["GET"]}}],"collection":[{"href":"https:\/\/survivornet.ca\/fr\/wp-json\/wp\/v2\/pages"}],"about":[{"href":"https:\/\/survivornet.ca\/fr\/wp-json\/wp\/v2\/types\/page"}],"author":[{"embeddable":true,"href":"https:\/\/survivornet.ca\/fr\/wp-json\/wp\/v2\/users\/2"}],"replies":[{"embeddable":true,"href":"https:\/\/survivornet.ca\/fr\/wp-json\/wp\/v2\/comments?post=28839"}],"version-history":[{"count":1,"href":"https:\/\/survivornet.ca\/fr\/wp-json\/wp\/v2\/pages\/28839\/revisions"}],"predecessor-version":[{"id":28841,"href":"https:\/\/survivornet.ca\/fr\/wp-json\/wp\/v2\/pages\/28839\/revisions\/28841"}],"up":[{"embeddable":true,"href":"https:\/\/survivornet.ca\/fr\/wp-json\/wp\/v2\/pages\/4484"}],"wp:featuredmedia":[{"embeddable":true,"href":"https:\/\/survivornet.ca\/fr\/wp-json\/wp\/v2\/media\/28835"}],"wp:attachment":[{"href":"https:\/\/survivornet.ca\/fr\/wp-json\/wp\/v2\/media?parent=28839"}],"curies":[{"name":"wp","href":"https:\/\/api.w.org\/{rel}","templated":true}]}}