{"id":28765,"date":"2024-02-06T16:43:24","date_gmt":"2024-02-06T21:43:24","guid":{"rendered":"https:\/\/survivornet.ca\/?page_id=28765"},"modified":"2024-02-06T16:55:26","modified_gmt":"2024-02-06T21:55:26","slug":"alberta-lymphedema-association","status":"publish","type":"page","link":"https:\/\/survivornet.ca\/fr\/reliez-vous\/partenaires\/alberta-lymphedema-association\/","title":{"rendered":"Alberta Lymphedema Association"},"content":{"rendered":"<p><a href=\"http:\/\/survivornet.ca\/wp-content\/uploads\/2024\/02\/Alberta-Lymphedema-Association-logo.png\"><img loading=\"lazy\" decoding=\"async\" class=\"aligncenter size-full wp-image-28766\" src=\"http:\/\/survivornet.ca\/wp-content\/uploads\/2024\/02\/Alberta-Lymphedema-Association-logo.png\" alt=\"\" width=\"1920\" height=\"320\" srcset=\"https:\/\/survivornet.ca\/wp-content\/uploads\/2024\/02\/Alberta-Lymphedema-Association-logo.png 1920w, https:\/\/survivornet.ca\/wp-content\/uploads\/2024\/02\/Alberta-Lymphedema-Association-logo-768x128.png 768w, https:\/\/survivornet.ca\/wp-content\/uploads\/2024\/02\/Alberta-Lymphedema-Association-logo-1536x256.png 1536w\" sizes=\"auto, (max-width: 1920px) 100vw, 1920px\" \/><\/a><\/p>\n<p>&nbsp;<\/p>\n<p>Le Alberta Lymphedema Association (ALA) est un organisme de bienfaisance fond\u00e9 en 2003 par une \u00e9quipe d&#8217;individus ayant reconnu la n\u00e9cessit\u00e9 d&#8217;aider les personnes vivant avec le lymphoed\u00e8me ainsi que celles \u00e0 risque de l&#8217;avoir. ALA est une association qui tient \u00e0 coeur la formation continue de ses parties prenantes et elle s&#8217;efforce de faire une diff\u00e9rence en fournissant aux individus affect\u00e9s par la maladie, ainsi qu&#8217;\u00e0 leurs familles, des moyens qui les aident \u00e0 g\u00e9rer leur sant\u00e9. ALA se concentre sur le bien-\u00eatre et l&#8217;autonomisation des patients.<\/p>\n<p>Les membres de l&#8217;association viennent de partout et ont tous \u00e9t\u00e9 affect\u00e9s par le lymphoed\u00e8me d&#8217;une fa\u00e7on ou d&#8217;une autre. Notre \u00e9quipe est compos\u00e9e de patients, de membres de leur famille, de m\u00e9decins, d&#8217;infirmi\u00e8res, de chercheurs, de th\u00e9rapeutes et d&#8217;ajusteurs de v\u00eatements. Nous nous engageons \u00e0 fournir des ressources et des informations, \u00e0 promouvoir l&#8217;\u00e9ducation, \u00e0 sensibiliser et \u00e0 offrir un soutien aux personnes atteintes par la maladie ainsi qu&#8217;\u00e0 celles \u00e0 risque de lymphoed\u00e8me primaire ou secondaire, \u00e0 leurs familles, aux professionnels de la sant\u00e9 et au grand public.<\/p>\n<p>&#8230;<\/p>\n<p>Pour en savoir plus, consultez notre <a href=\"https:\/\/albertalymphedema.com\/\">site web<\/a>, contactez-nous par courriel (info@albertalymphedema.com), par appel t\u00e9l\u00e9phonique (403-829-2559), ou suivez-nous sur <a href=\"https:\/\/www.facebook.com\/albertalymphedemaassociation\/\">Facebook<\/a>.<\/p>\n","protected":false},"excerpt":{"rendered":"<p>&nbsp; Le Alberta Lymphedema Association (ALA) est un organisme de bienfaisance fond\u00e9 en 2003 par une \u00e9quipe d&#8217;individus ayant reconnu la n\u00e9cessit\u00e9 d&#8217;aider les personnes vivant avec le lymphoed\u00e8me ainsi que celles<\/p>\n","protected":false},"author":2,"featured_media":28773,"parent":4484,"menu_order":0,"comment_status":"closed","ping_status":"closed","template":"","meta":{"_acf_changed":false,"footnotes":""},"class_list":["post-28765","page","type-page","status-publish","has-post-thumbnail","hentry"],"acf":[],"yoast_head":"<!-- This site is optimized with the Yoast SEO plugin v27.4 - https:\/\/yoast.com\/product\/yoast-seo-wordpress\/ -->\n<title>Alberta Lymphedema Association - Canadian Cancer Survivor Network<\/title>\n<meta name=\"robots\" content=\"index, follow, max-snippet:-1, max-image-preview:large, max-video-preview:-1\" \/>\n<link rel=\"canonical\" href=\"https:\/\/survivornet.ca\/fr\/reliez-vous\/partenaires\/alberta-lymphedema-association\/\" \/>\n<meta property=\"og:locale\" content=\"fr_FR\" \/>\n<meta property=\"og:type\" content=\"article\" \/>\n<meta property=\"og:title\" content=\"Alberta Lymphedema Association - Canadian Cancer Survivor Network\" \/>\n<meta property=\"og:description\" content=\"&nbsp; Le Alberta Lymphedema Association (ALA) est un organisme de bienfaisance fond\u00e9 en 2003 par une \u00e9quipe d&#8217;individus ayant reconnu la n\u00e9cessit\u00e9 d&#8217;aider les personnes vivant avec le lymphoed\u00e8me ainsi que celles\" \/>\n<meta property=\"og:url\" content=\"https:\/\/survivornet.ca\/fr\/reliez-vous\/partenaires\/alberta-lymphedema-association\/\" \/>\n<meta property=\"og:site_name\" content=\"Canadian Cancer Survivor Network\" \/>\n<meta property=\"article:modified_time\" content=\"2024-02-06T21:55:26+00:00\" \/>\n<meta property=\"og:image\" content=\"https:\/\/survivornet.ca\/wp-content\/uploads\/2024\/02\/Alberta-Lymphedema-Association-Intro-logo.jpg\" \/>\n\t<meta property=\"og:image:width\" content=\"320\" \/>\n\t<meta property=\"og:image:height\" content=\"116\" \/>\n\t<meta property=\"og:image:type\" content=\"image\/jpeg\" \/>\n<meta name=\"twitter:card\" content=\"summary_large_image\" \/>\n<meta name=\"twitter:label1\" content=\"Dur\u00e9e de lecture estim\u00e9e\" \/>\n\t<meta name=\"twitter:data1\" content=\"1 minute\" \/>\n<script type=\"application\/ld+json\" class=\"yoast-schema-graph\">{\"@context\":\"https:\\\/\\\/schema.org\",\"@graph\":[{\"@type\":\"WebPage\",\"@id\":\"https:\\\/\\\/survivornet.ca\\\/fr\\\/reliez-vous\\\/partenaires\\\/alberta-lymphedema-association\\\/\",\"url\":\"https:\\\/\\\/survivornet.ca\\\/fr\\\/reliez-vous\\\/partenaires\\\/alberta-lymphedema-association\\\/\",\"name\":\"Alberta Lymphedema Association - Canadian Cancer Survivor Network\",\"isPartOf\":{\"@id\":\"https:\\\/\\\/survivornet.ca\\\/#website\"},\"primaryImageOfPage\":{\"@id\":\"https:\\\/\\\/survivornet.ca\\\/fr\\\/reliez-vous\\\/partenaires\\\/alberta-lymphedema-association\\\/#primaryimage\"},\"image\":{\"@id\":\"https:\\\/\\\/survivornet.ca\\\/fr\\\/reliez-vous\\\/partenaires\\\/alberta-lymphedema-association\\\/#primaryimage\"},\"thumbnailUrl\":\"https:\\\/\\\/survivornet.ca\\\/wp-content\\\/uploads\\\/2024\\\/02\\\/Alberta-Lymphedema-Association-Intro-logo.jpg\",\"datePublished\":\"2024-02-06T21:43:24+00:00\",\"dateModified\":\"2024-02-06T21:55:26+00:00\",\"breadcrumb\":{\"@id\":\"https:\\\/\\\/survivornet.ca\\\/fr\\\/reliez-vous\\\/partenaires\\\/alberta-lymphedema-association\\\/#breadcrumb\"},\"inLanguage\":\"fr-FR\",\"potentialAction\":[{\"@type\":\"ReadAction\",\"target\":[\"https:\\\/\\\/survivornet.ca\\\/fr\\\/reliez-vous\\\/partenaires\\\/alberta-lymphedema-association\\\/\"]}]},{\"@type\":\"ImageObject\",\"inLanguage\":\"fr-FR\",\"@id\":\"https:\\\/\\\/survivornet.ca\\\/fr\\\/reliez-vous\\\/partenaires\\\/alberta-lymphedema-association\\\/#primaryimage\",\"url\":\"https:\\\/\\\/survivornet.ca\\\/wp-content\\\/uploads\\\/2024\\\/02\\\/Alberta-Lymphedema-Association-Intro-logo.jpg\",\"contentUrl\":\"https:\\\/\\\/survivornet.ca\\\/wp-content\\\/uploads\\\/2024\\\/02\\\/Alberta-Lymphedema-Association-Intro-logo.jpg\",\"width\":320,\"height\":116},{\"@type\":\"BreadcrumbList\",\"@id\":\"https:\\\/\\\/survivornet.ca\\\/fr\\\/reliez-vous\\\/partenaires\\\/alberta-lymphedema-association\\\/#breadcrumb\",\"itemListElement\":[{\"@type\":\"ListItem\",\"position\":1,\"name\":\"Home\",\"item\":\"https:\\\/\\\/survivornet.ca\\\/fr\\\/\"},{\"@type\":\"ListItem\",\"position\":2,\"name\":\"Connectez\",\"item\":\"https:\\\/\\\/survivornet.ca\\\/fr\\\/reliez-vous\\\/\"},{\"@type\":\"ListItem\",\"position\":3,\"name\":\"Partenaires\",\"item\":\"https:\\\/\\\/survivornet.ca\\\/fr\\\/reliez-vous\\\/partenaires\\\/\"},{\"@type\":\"ListItem\",\"position\":4,\"name\":\"Alberta Lymphedema Association\"}]},{\"@type\":\"WebSite\",\"@id\":\"https:\\\/\\\/survivornet.ca\\\/#website\",\"url\":\"https:\\\/\\\/survivornet.ca\\\/\",\"name\":\"Canadian Cancer Survivor Network\",\"description\":\"The Canadian Cancer Survivor Network was created by a group of Canadians concerned about cancer.\",\"publisher\":{\"@id\":\"https:\\\/\\\/survivornet.ca\\\/#organization\"},\"potentialAction\":[{\"@type\":\"SearchAction\",\"target\":{\"@type\":\"EntryPoint\",\"urlTemplate\":\"https:\\\/\\\/survivornet.ca\\\/?s={search_term_string}\"},\"query-input\":{\"@type\":\"PropertyValueSpecification\",\"valueRequired\":true,\"valueName\":\"search_term_string\"}}],\"inLanguage\":\"fr-FR\"},{\"@type\":\"Organization\",\"@id\":\"https:\\\/\\\/survivornet.ca\\\/#organization\",\"name\":\"Canadian Cancer Survivor Network\",\"url\":\"https:\\\/\\\/survivornet.ca\\\/\",\"logo\":{\"@type\":\"ImageObject\",\"inLanguage\":\"fr-FR\",\"@id\":\"https:\\\/\\\/survivornet.ca\\\/#\\\/schema\\\/logo\\\/image\\\/\",\"url\":\"http:\\\/\\\/survivornet.ca\\\/wp-content\\\/uploads\\\/2016\\\/12\\\/CCSN_Logo_EN_SQUARE.png\",\"contentUrl\":\"http:\\\/\\\/survivornet.ca\\\/wp-content\\\/uploads\\\/2016\\\/12\\\/CCSN_Logo_EN_SQUARE.png\",\"width\":1209,\"height\":1007,\"caption\":\"Canadian Cancer Survivor Network\"},\"image\":{\"@id\":\"https:\\\/\\\/survivornet.ca\\\/#\\\/schema\\\/logo\\\/image\\\/\"}}]}<\/script>\n<!-- \/ Yoast SEO plugin. -->","yoast_head_json":{"title":"Alberta Lymphedema Association - Canadian Cancer Survivor Network","robots":{"index":"index","follow":"follow","max-snippet":"max-snippet:-1","max-image-preview":"max-image-preview:large","max-video-preview":"max-video-preview:-1"},"canonical":"https:\/\/survivornet.ca\/fr\/reliez-vous\/partenaires\/alberta-lymphedema-association\/","og_locale":"fr_FR","og_type":"article","og_title":"Alberta Lymphedema Association - Canadian Cancer Survivor Network","og_description":"&nbsp; Le Alberta Lymphedema Association (ALA) est un organisme de bienfaisance fond\u00e9 en 2003 par une \u00e9quipe d&#8217;individus ayant reconnu la n\u00e9cessit\u00e9 d&#8217;aider les personnes vivant avec le lymphoed\u00e8me ainsi que celles","og_url":"https:\/\/survivornet.ca\/fr\/reliez-vous\/partenaires\/alberta-lymphedema-association\/","og_site_name":"Canadian Cancer Survivor Network","article_modified_time":"2024-02-06T21:55:26+00:00","og_image":[{"width":320,"height":116,"url":"https:\/\/survivornet.ca\/wp-content\/uploads\/2024\/02\/Alberta-Lymphedema-Association-Intro-logo.jpg","type":"image\/jpeg"}],"twitter_card":"summary_large_image","twitter_misc":{"Dur\u00e9e de lecture estim\u00e9e":"1 minute"},"schema":{"@context":"https:\/\/schema.org","@graph":[{"@type":"WebPage","@id":"https:\/\/survivornet.ca\/fr\/reliez-vous\/partenaires\/alberta-lymphedema-association\/","url":"https:\/\/survivornet.ca\/fr\/reliez-vous\/partenaires\/alberta-lymphedema-association\/","name":"Alberta Lymphedema Association - Canadian Cancer Survivor Network","isPartOf":{"@id":"https:\/\/survivornet.ca\/#website"},"primaryImageOfPage":{"@id":"https:\/\/survivornet.ca\/fr\/reliez-vous\/partenaires\/alberta-lymphedema-association\/#primaryimage"},"image":{"@id":"https:\/\/survivornet.ca\/fr\/reliez-vous\/partenaires\/alberta-lymphedema-association\/#primaryimage"},"thumbnailUrl":"https:\/\/survivornet.ca\/wp-content\/uploads\/2024\/02\/Alberta-Lymphedema-Association-Intro-logo.jpg","datePublished":"2024-02-06T21:43:24+00:00","dateModified":"2024-02-06T21:55:26+00:00","breadcrumb":{"@id":"https:\/\/survivornet.ca\/fr\/reliez-vous\/partenaires\/alberta-lymphedema-association\/#breadcrumb"},"inLanguage":"fr-FR","potentialAction":[{"@type":"ReadAction","target":["https:\/\/survivornet.ca\/fr\/reliez-vous\/partenaires\/alberta-lymphedema-association\/"]}]},{"@type":"ImageObject","inLanguage":"fr-FR","@id":"https:\/\/survivornet.ca\/fr\/reliez-vous\/partenaires\/alberta-lymphedema-association\/#primaryimage","url":"https:\/\/survivornet.ca\/wp-content\/uploads\/2024\/02\/Alberta-Lymphedema-Association-Intro-logo.jpg","contentUrl":"https:\/\/survivornet.ca\/wp-content\/uploads\/2024\/02\/Alberta-Lymphedema-Association-Intro-logo.jpg","width":320,"height":116},{"@type":"BreadcrumbList","@id":"https:\/\/survivornet.ca\/fr\/reliez-vous\/partenaires\/alberta-lymphedema-association\/#breadcrumb","itemListElement":[{"@type":"ListItem","position":1,"name":"Home","item":"https:\/\/survivornet.ca\/fr\/"},{"@type":"ListItem","position":2,"name":"Connectez","item":"https:\/\/survivornet.ca\/fr\/reliez-vous\/"},{"@type":"ListItem","position":3,"name":"Partenaires","item":"https:\/\/survivornet.ca\/fr\/reliez-vous\/partenaires\/"},{"@type":"ListItem","position":4,"name":"Alberta Lymphedema Association"}]},{"@type":"WebSite","@id":"https:\/\/survivornet.ca\/#website","url":"https:\/\/survivornet.ca\/","name":"Canadian Cancer Survivor Network","description":"The Canadian Cancer Survivor Network was created by a group of Canadians concerned about cancer.","publisher":{"@id":"https:\/\/survivornet.ca\/#organization"},"potentialAction":[{"@type":"SearchAction","target":{"@type":"EntryPoint","urlTemplate":"https:\/\/survivornet.ca\/?s={search_term_string}"},"query-input":{"@type":"PropertyValueSpecification","valueRequired":true,"valueName":"search_term_string"}}],"inLanguage":"fr-FR"},{"@type":"Organization","@id":"https:\/\/survivornet.ca\/#organization","name":"Canadian Cancer Survivor Network","url":"https:\/\/survivornet.ca\/","logo":{"@type":"ImageObject","inLanguage":"fr-FR","@id":"https:\/\/survivornet.ca\/#\/schema\/logo\/image\/","url":"http:\/\/survivornet.ca\/wp-content\/uploads\/2016\/12\/CCSN_Logo_EN_SQUARE.png","contentUrl":"http:\/\/survivornet.ca\/wp-content\/uploads\/2016\/12\/CCSN_Logo_EN_SQUARE.png","width":1209,"height":1007,"caption":"Canadian Cancer Survivor Network"},"image":{"@id":"https:\/\/survivornet.ca\/#\/schema\/logo\/image\/"}}]}},"_links":{"self":[{"href":"https:\/\/survivornet.ca\/fr\/wp-json\/wp\/v2\/pages\/28765","targetHints":{"allow":["GET"]}}],"collection":[{"href":"https:\/\/survivornet.ca\/fr\/wp-json\/wp\/v2\/pages"}],"about":[{"href":"https:\/\/survivornet.ca\/fr\/wp-json\/wp\/v2\/types\/page"}],"author":[{"embeddable":true,"href":"https:\/\/survivornet.ca\/fr\/wp-json\/wp\/v2\/users\/2"}],"replies":[{"embeddable":true,"href":"https:\/\/survivornet.ca\/fr\/wp-json\/wp\/v2\/comments?post=28765"}],"version-history":[{"count":3,"href":"https:\/\/survivornet.ca\/fr\/wp-json\/wp\/v2\/pages\/28765\/revisions"}],"predecessor-version":[{"id":28772,"href":"https:\/\/survivornet.ca\/fr\/wp-json\/wp\/v2\/pages\/28765\/revisions\/28772"}],"up":[{"embeddable":true,"href":"https:\/\/survivornet.ca\/fr\/wp-json\/wp\/v2\/pages\/4484"}],"wp:featuredmedia":[{"embeddable":true,"href":"https:\/\/survivornet.ca\/fr\/wp-json\/wp\/v2\/media\/28773"}],"wp:attachment":[{"href":"https:\/\/survivornet.ca\/fr\/wp-json\/wp\/v2\/media?parent=28765"}],"curies":[{"name":"wp","href":"https:\/\/api.w.org\/{rel}","templated":true}]}}