{"id":28755,"date":"2024-02-06T16:14:01","date_gmt":"2024-02-06T21:14:01","guid":{"rendered":"https:\/\/survivornet.ca\/?page_id=28755"},"modified":"2024-02-06T16:14:01","modified_gmt":"2024-02-06T21:14:01","slug":"health-coalition-of-alberta","status":"publish","type":"page","link":"https:\/\/survivornet.ca\/fr\/reliez-vous\/partenaires\/health-coalition-of-alberta\/","title":{"rendered":"Health Coalition of Alberta"},"content":{"rendered":"<p><a href=\"http:\/\/survivornet.ca\/wp-content\/uploads\/2024\/02\/HealthCoalitionOfAlbertaLogo.png\"><img loading=\"lazy\" decoding=\"async\" class=\"aligncenter  wp-image-28756\" src=\"http:\/\/survivornet.ca\/wp-content\/uploads\/2024\/02\/HealthCoalitionOfAlbertaLogo.png\" alt=\"\" width=\"454\" height=\"110\" \/><\/a><\/p>\n<p>&nbsp;<\/p>\n<p>La Health Coalition of Alberta est une alliance form\u00e9e de patients et de consommateurs, de groupes, d&#8217;organismes caritatifs de sant\u00e9, d&#8217;organismes \u00e0 but non lucratif et d&#8217;autres coalitions.<\/p>\n<p>Nous nous sommes r\u00e9unis pour unifier nos voix et d\u00e9fendre\/soutenir un syst\u00e8me de sant\u00e9 qui offre les meilleures options de soins et de traitement aux Albertain. Nous plaidons pour un meilleur acc\u00e8s \u00e0 des soins de sant\u00e9 optimaux pour tous les Albertains.<\/p>\n<p>Nous sommes engag\u00e9s de mani\u00e8re proactive dans des discussions pertinentes avec les gouvernements, les professionnels de la sant\u00e9, et d&#8217;autres parties prenantes, concernant les d\u00e9fis existants en mati\u00e8re de soins de sant\u00e9 ou la r\u00e9forme propos\u00e9e des soins de sant\u00e9.<\/p>\n<p>La voix de la Health Coalition of Alberta repr\u00e9sente potentiellement un tiers de la population dans la province, et ce chiffre pourrait augmenter \u00e0 mesure que notre population vieillit et\/ou est confront\u00e9e \u00e0 davantage de probl\u00e8mes de sant\u00e9 et\/ou de difficult\u00e9s d&#8217;acc\u00e8s aux soins pr\u00e9ventifs ou th\u00e9rapeutiques \u00e0 l&#8217;avenir.<\/p>\n<p><span style=\"text-decoration: underline;\"><strong>Mandat<\/strong><\/span><\/p>\n<p>Le mandat de la Coalition est de plaider pour des soins de sant\u00e9 centr\u00e9s sur la personne en Alberta. Gr\u00e2ce \u00e0 la force de nos membres, nous serons consult\u00e9s et \u00e9cout\u00e9s lorsque les d\u00e9cisions qui auront un impact sur la sant\u00e9 des Albertains seront prises.<\/p>\n<p><span style=\"text-decoration: underline;\"><strong>Mission<\/strong><\/span><\/p>\n<p>Nous sommes une coalition form\u00e9e de groupes b\u00e9n\u00e9voles qui d\u00e9fendent d&#8217;une voix unie un meilleur acc\u00e8s \u00e0 des soins de sant\u00e9 optimaux pour tous les Albertains.<\/p>\n<p><span style=\"text-decoration: underline;\"><strong>Vision<\/strong><\/span><\/p>\n<p>&#8220;Les meilleurs soins de sant\u00e9 centr\u00e9s sur la personne pour tous les Albertains.&#8221;<\/p>\n<p>&#8230;<\/p>\n<p>Pour en savoir plus, consultez notre <a href=\"https:\/\/www.healthcoalitionab.ca\/\">site web<\/a>.<\/p>\n","protected":false},"excerpt":{"rendered":"<p>&nbsp; La Health Coalition of Alberta est une alliance form\u00e9e de patients et de consommateurs, de groupes, d&#8217;organismes caritatifs de sant\u00e9, d&#8217;organismes \u00e0 but non lucratif et d&#8217;autres coalitions. Nous nous sommes<\/p>\n","protected":false},"author":2,"featured_media":28756,"parent":4484,"menu_order":0,"comment_status":"closed","ping_status":"closed","template":"","meta":{"_acf_changed":false,"footnotes":""},"class_list":["post-28755","page","type-page","status-publish","has-post-thumbnail","hentry"],"acf":[],"yoast_head":"<!-- This site is optimized with the Yoast SEO plugin v27.4 - https:\/\/yoast.com\/product\/yoast-seo-wordpress\/ -->\n<title>Health Coalition of Alberta - Canadian Cancer Survivor Network<\/title>\n<meta name=\"robots\" content=\"index, follow, max-snippet:-1, max-image-preview:large, max-video-preview:-1\" \/>\n<link rel=\"canonical\" href=\"https:\/\/survivornet.ca\/fr\/reliez-vous\/partenaires\/health-coalition-of-alberta\/\" \/>\n<meta property=\"og:locale\" content=\"fr_FR\" \/>\n<meta property=\"og:type\" content=\"article\" \/>\n<meta property=\"og:title\" content=\"Health Coalition of Alberta - Canadian Cancer Survivor Network\" \/>\n<meta property=\"og:description\" content=\"&nbsp; La Health Coalition of Alberta est une alliance form\u00e9e de patients et de consommateurs, de groupes, d&#8217;organismes caritatifs de sant\u00e9, d&#8217;organismes \u00e0 but non lucratif et d&#8217;autres coalitions. Nous nous sommes\" \/>\n<meta property=\"og:url\" content=\"https:\/\/survivornet.ca\/fr\/reliez-vous\/partenaires\/health-coalition-of-alberta\/\" \/>\n<meta property=\"og:site_name\" content=\"Canadian Cancer Survivor Network\" \/>\n<meta property=\"og:image\" content=\"https:\/\/survivornet.ca\/wp-content\/uploads\/2024\/02\/HealthCoalitionOfAlbertaLogo.png\" \/>\n\t<meta property=\"og:image:width\" content=\"400\" \/>\n\t<meta property=\"og:image:height\" content=\"97\" \/>\n\t<meta property=\"og:image:type\" content=\"image\/png\" \/>\n<meta name=\"twitter:card\" content=\"summary_large_image\" \/>\n<meta name=\"twitter:label1\" content=\"Dur\u00e9e de lecture estim\u00e9e\" \/>\n\t<meta name=\"twitter:data1\" content=\"1 minute\" \/>\n<script type=\"application\/ld+json\" class=\"yoast-schema-graph\">{\"@context\":\"https:\\\/\\\/schema.org\",\"@graph\":[{\"@type\":\"WebPage\",\"@id\":\"https:\\\/\\\/survivornet.ca\\\/fr\\\/reliez-vous\\\/partenaires\\\/health-coalition-of-alberta\\\/\",\"url\":\"https:\\\/\\\/survivornet.ca\\\/fr\\\/reliez-vous\\\/partenaires\\\/health-coalition-of-alberta\\\/\",\"name\":\"Health Coalition of Alberta - Canadian Cancer Survivor Network\",\"isPartOf\":{\"@id\":\"https:\\\/\\\/survivornet.ca\\\/#website\"},\"primaryImageOfPage\":{\"@id\":\"https:\\\/\\\/survivornet.ca\\\/fr\\\/reliez-vous\\\/partenaires\\\/health-coalition-of-alberta\\\/#primaryimage\"},\"image\":{\"@id\":\"https:\\\/\\\/survivornet.ca\\\/fr\\\/reliez-vous\\\/partenaires\\\/health-coalition-of-alberta\\\/#primaryimage\"},\"thumbnailUrl\":\"https:\\\/\\\/survivornet.ca\\\/wp-content\\\/uploads\\\/2024\\\/02\\\/HealthCoalitionOfAlbertaLogo.png\",\"datePublished\":\"2024-02-06T21:14:01+00:00\",\"breadcrumb\":{\"@id\":\"https:\\\/\\\/survivornet.ca\\\/fr\\\/reliez-vous\\\/partenaires\\\/health-coalition-of-alberta\\\/#breadcrumb\"},\"inLanguage\":\"fr-FR\",\"potentialAction\":[{\"@type\":\"ReadAction\",\"target\":[\"https:\\\/\\\/survivornet.ca\\\/fr\\\/reliez-vous\\\/partenaires\\\/health-coalition-of-alberta\\\/\"]}]},{\"@type\":\"ImageObject\",\"inLanguage\":\"fr-FR\",\"@id\":\"https:\\\/\\\/survivornet.ca\\\/fr\\\/reliez-vous\\\/partenaires\\\/health-coalition-of-alberta\\\/#primaryimage\",\"url\":\"https:\\\/\\\/survivornet.ca\\\/wp-content\\\/uploads\\\/2024\\\/02\\\/HealthCoalitionOfAlbertaLogo.png\",\"contentUrl\":\"https:\\\/\\\/survivornet.ca\\\/wp-content\\\/uploads\\\/2024\\\/02\\\/HealthCoalitionOfAlbertaLogo.png\",\"width\":400,\"height\":97},{\"@type\":\"BreadcrumbList\",\"@id\":\"https:\\\/\\\/survivornet.ca\\\/fr\\\/reliez-vous\\\/partenaires\\\/health-coalition-of-alberta\\\/#breadcrumb\",\"itemListElement\":[{\"@type\":\"ListItem\",\"position\":1,\"name\":\"Home\",\"item\":\"https:\\\/\\\/survivornet.ca\\\/fr\\\/\"},{\"@type\":\"ListItem\",\"position\":2,\"name\":\"Connectez\",\"item\":\"https:\\\/\\\/survivornet.ca\\\/fr\\\/reliez-vous\\\/\"},{\"@type\":\"ListItem\",\"position\":3,\"name\":\"Partenaires\",\"item\":\"https:\\\/\\\/survivornet.ca\\\/fr\\\/reliez-vous\\\/partenaires\\\/\"},{\"@type\":\"ListItem\",\"position\":4,\"name\":\"Health Coalition of Alberta\"}]},{\"@type\":\"WebSite\",\"@id\":\"https:\\\/\\\/survivornet.ca\\\/#website\",\"url\":\"https:\\\/\\\/survivornet.ca\\\/\",\"name\":\"Canadian Cancer Survivor Network\",\"description\":\"The Canadian Cancer Survivor Network was created by a group of Canadians concerned about cancer.\",\"publisher\":{\"@id\":\"https:\\\/\\\/survivornet.ca\\\/#organization\"},\"potentialAction\":[{\"@type\":\"SearchAction\",\"target\":{\"@type\":\"EntryPoint\",\"urlTemplate\":\"https:\\\/\\\/survivornet.ca\\\/?s={search_term_string}\"},\"query-input\":{\"@type\":\"PropertyValueSpecification\",\"valueRequired\":true,\"valueName\":\"search_term_string\"}}],\"inLanguage\":\"fr-FR\"},{\"@type\":\"Organization\",\"@id\":\"https:\\\/\\\/survivornet.ca\\\/#organization\",\"name\":\"Canadian Cancer Survivor Network\",\"url\":\"https:\\\/\\\/survivornet.ca\\\/\",\"logo\":{\"@type\":\"ImageObject\",\"inLanguage\":\"fr-FR\",\"@id\":\"https:\\\/\\\/survivornet.ca\\\/#\\\/schema\\\/logo\\\/image\\\/\",\"url\":\"http:\\\/\\\/survivornet.ca\\\/wp-content\\\/uploads\\\/2016\\\/12\\\/CCSN_Logo_EN_SQUARE.png\",\"contentUrl\":\"http:\\\/\\\/survivornet.ca\\\/wp-content\\\/uploads\\\/2016\\\/12\\\/CCSN_Logo_EN_SQUARE.png\",\"width\":1209,\"height\":1007,\"caption\":\"Canadian Cancer Survivor Network\"},\"image\":{\"@id\":\"https:\\\/\\\/survivornet.ca\\\/#\\\/schema\\\/logo\\\/image\\\/\"}}]}<\/script>\n<!-- \/ Yoast SEO plugin. -->","yoast_head_json":{"title":"Health Coalition of Alberta - Canadian Cancer Survivor Network","robots":{"index":"index","follow":"follow","max-snippet":"max-snippet:-1","max-image-preview":"max-image-preview:large","max-video-preview":"max-video-preview:-1"},"canonical":"https:\/\/survivornet.ca\/fr\/reliez-vous\/partenaires\/health-coalition-of-alberta\/","og_locale":"fr_FR","og_type":"article","og_title":"Health Coalition of Alberta - Canadian Cancer Survivor Network","og_description":"&nbsp; La Health Coalition of Alberta est une alliance form\u00e9e de patients et de consommateurs, de groupes, d&#8217;organismes caritatifs de sant\u00e9, d&#8217;organismes \u00e0 but non lucratif et d&#8217;autres coalitions. Nous nous sommes","og_url":"https:\/\/survivornet.ca\/fr\/reliez-vous\/partenaires\/health-coalition-of-alberta\/","og_site_name":"Canadian Cancer Survivor Network","og_image":[{"width":400,"height":97,"url":"https:\/\/survivornet.ca\/wp-content\/uploads\/2024\/02\/HealthCoalitionOfAlbertaLogo.png","type":"image\/png"}],"twitter_card":"summary_large_image","twitter_misc":{"Dur\u00e9e de lecture estim\u00e9e":"1 minute"},"schema":{"@context":"https:\/\/schema.org","@graph":[{"@type":"WebPage","@id":"https:\/\/survivornet.ca\/fr\/reliez-vous\/partenaires\/health-coalition-of-alberta\/","url":"https:\/\/survivornet.ca\/fr\/reliez-vous\/partenaires\/health-coalition-of-alberta\/","name":"Health Coalition of Alberta - Canadian Cancer Survivor Network","isPartOf":{"@id":"https:\/\/survivornet.ca\/#website"},"primaryImageOfPage":{"@id":"https:\/\/survivornet.ca\/fr\/reliez-vous\/partenaires\/health-coalition-of-alberta\/#primaryimage"},"image":{"@id":"https:\/\/survivornet.ca\/fr\/reliez-vous\/partenaires\/health-coalition-of-alberta\/#primaryimage"},"thumbnailUrl":"https:\/\/survivornet.ca\/wp-content\/uploads\/2024\/02\/HealthCoalitionOfAlbertaLogo.png","datePublished":"2024-02-06T21:14:01+00:00","breadcrumb":{"@id":"https:\/\/survivornet.ca\/fr\/reliez-vous\/partenaires\/health-coalition-of-alberta\/#breadcrumb"},"inLanguage":"fr-FR","potentialAction":[{"@type":"ReadAction","target":["https:\/\/survivornet.ca\/fr\/reliez-vous\/partenaires\/health-coalition-of-alberta\/"]}]},{"@type":"ImageObject","inLanguage":"fr-FR","@id":"https:\/\/survivornet.ca\/fr\/reliez-vous\/partenaires\/health-coalition-of-alberta\/#primaryimage","url":"https:\/\/survivornet.ca\/wp-content\/uploads\/2024\/02\/HealthCoalitionOfAlbertaLogo.png","contentUrl":"https:\/\/survivornet.ca\/wp-content\/uploads\/2024\/02\/HealthCoalitionOfAlbertaLogo.png","width":400,"height":97},{"@type":"BreadcrumbList","@id":"https:\/\/survivornet.ca\/fr\/reliez-vous\/partenaires\/health-coalition-of-alberta\/#breadcrumb","itemListElement":[{"@type":"ListItem","position":1,"name":"Home","item":"https:\/\/survivornet.ca\/fr\/"},{"@type":"ListItem","position":2,"name":"Connectez","item":"https:\/\/survivornet.ca\/fr\/reliez-vous\/"},{"@type":"ListItem","position":3,"name":"Partenaires","item":"https:\/\/survivornet.ca\/fr\/reliez-vous\/partenaires\/"},{"@type":"ListItem","position":4,"name":"Health Coalition of Alberta"}]},{"@type":"WebSite","@id":"https:\/\/survivornet.ca\/#website","url":"https:\/\/survivornet.ca\/","name":"Canadian Cancer Survivor Network","description":"The Canadian Cancer Survivor Network was created by a group of Canadians concerned about cancer.","publisher":{"@id":"https:\/\/survivornet.ca\/#organization"},"potentialAction":[{"@type":"SearchAction","target":{"@type":"EntryPoint","urlTemplate":"https:\/\/survivornet.ca\/?s={search_term_string}"},"query-input":{"@type":"PropertyValueSpecification","valueRequired":true,"valueName":"search_term_string"}}],"inLanguage":"fr-FR"},{"@type":"Organization","@id":"https:\/\/survivornet.ca\/#organization","name":"Canadian Cancer Survivor Network","url":"https:\/\/survivornet.ca\/","logo":{"@type":"ImageObject","inLanguage":"fr-FR","@id":"https:\/\/survivornet.ca\/#\/schema\/logo\/image\/","url":"http:\/\/survivornet.ca\/wp-content\/uploads\/2016\/12\/CCSN_Logo_EN_SQUARE.png","contentUrl":"http:\/\/survivornet.ca\/wp-content\/uploads\/2016\/12\/CCSN_Logo_EN_SQUARE.png","width":1209,"height":1007,"caption":"Canadian Cancer Survivor Network"},"image":{"@id":"https:\/\/survivornet.ca\/#\/schema\/logo\/image\/"}}]}},"_links":{"self":[{"href":"https:\/\/survivornet.ca\/fr\/wp-json\/wp\/v2\/pages\/28755","targetHints":{"allow":["GET"]}}],"collection":[{"href":"https:\/\/survivornet.ca\/fr\/wp-json\/wp\/v2\/pages"}],"about":[{"href":"https:\/\/survivornet.ca\/fr\/wp-json\/wp\/v2\/types\/page"}],"author":[{"embeddable":true,"href":"https:\/\/survivornet.ca\/fr\/wp-json\/wp\/v2\/users\/2"}],"replies":[{"embeddable":true,"href":"https:\/\/survivornet.ca\/fr\/wp-json\/wp\/v2\/comments?post=28755"}],"version-history":[{"count":3,"href":"https:\/\/survivornet.ca\/fr\/wp-json\/wp\/v2\/pages\/28755\/revisions"}],"predecessor-version":[{"id":28760,"href":"https:\/\/survivornet.ca\/fr\/wp-json\/wp\/v2\/pages\/28755\/revisions\/28760"}],"up":[{"embeddable":true,"href":"https:\/\/survivornet.ca\/fr\/wp-json\/wp\/v2\/pages\/4484"}],"wp:featuredmedia":[{"embeddable":true,"href":"https:\/\/survivornet.ca\/fr\/wp-json\/wp\/v2\/media\/28756"}],"wp:attachment":[{"href":"https:\/\/survivornet.ca\/fr\/wp-json\/wp\/v2\/media?parent=28755"}],"curies":[{"name":"wp","href":"https:\/\/api.w.org\/{rel}","templated":true}]}}