{"id":28745,"date":"2024-02-06T15:46:09","date_gmt":"2024-02-06T20:46:09","guid":{"rendered":"https:\/\/survivornet.ca\/?page_id=28745"},"modified":"2024-02-06T15:46:09","modified_gmt":"2024-02-06T20:46:09","slug":"societe-de-leucemie-et-lymphome-du-canada","status":"publish","type":"page","link":"https:\/\/survivornet.ca\/fr\/reliez-vous\/partenaires\/societe-de-leucemie-et-lymphome-du-canada\/","title":{"rendered":"Soci\u00e9t\u00e9 de Leuc\u00e9mie et Lymphome du Canada"},"content":{"rendered":"<p><a href=\"http:\/\/survivornet.ca\/wp-content\/uploads\/2024\/02\/Societe-de-leucemie-et-lymphome-du-canada-logo.png\"><img loading=\"lazy\" decoding=\"async\" class=\"aligncenter  wp-image-28742\" src=\"http:\/\/survivornet.ca\/wp-content\/uploads\/2024\/02\/Societe-de-leucemie-et-lymphome-du-canada-logo.png\" alt=\"\" width=\"328\" height=\"149\" \/><\/a><\/p>\n<p>Notre histoire a commenc\u00e9 en 1955, \u00e0 Toronto, lorsque cinq femmes, pr\u00e9occup\u00e9es par le manque d\u2019int\u00e9r\u00eat consacr\u00e9 \u00e0 la recherche sur la leuc\u00e9mie, ont d\u00e9cid\u00e9 d\u2019amasser des fonds pour cette cause. \u00c0 l\u2019\u00e9poque, le pronostic associ\u00e9 \u00e0 un diagnostic de leuc\u00e9mie n\u2019\u00e9tait pas tr\u00e8s bon. Pour commencer, elles ont recueilli des fonds pour l\u2019h\u00f4pital City of Hope, en Californie. Elles se sont ensuite tourn\u00e9es vers la recherche canadienne et les fonds recueillis ont \u00e9t\u00e9 distribu\u00e9s dans les h\u00f4pitaux canadiens peu apr\u00e8s la publication en 1957 de la premi\u00e8re charte provinciale intitul\u00e9e \u00ab City of Hope Leukemia Fighters \u00bb.<\/p>\n<p>En 1965, le nom officiel a \u00e9t\u00e9 modifi\u00e9 pour \u00ab Toronto Leukemia Fighters \u00bb. C\u2019est \u00e9galement lors de cette m\u00eame ann\u00e9e que tout l\u2019argent recueilli a \u00e9t\u00e9 vers\u00e9 au \u00ab Mount Sinai Hospital \u00bb qui a largement investi dans la recherche sur la leuc\u00e9mie et les autres maladies du sang. Au cours des dix ans qui ont suivi, plus de 400?000 dollars ont \u00e9t\u00e9 amass\u00e9s et investis dans la recherche men\u00e9e au Mount Sinai Hospital.<\/p>\n<p>En 1972, le nom de l\u2019organisme a chang\u00e9 une fois de plus pour devenir le \u00ab Leukemia Research Fund \u00bb et en 1983, nous fusionnons avec Crusade Against Leukemia. Au cours des ann\u00e9es suivantes, nous avons pris de l\u2019essor \u00e0 l\u2019ext\u00e9rieur de Toronto.<\/p>\n<p>&#8230;<\/p>\n<p>Pour en savoir plus, consultez notre <a href=\"https:\/\/www.cancersdusang.ca\/\">site web<\/a>, contactez-nous par courriel (colleen.mcmillan@lls.org), par appel t\u00e9l\u00e9phonique (1 833-222-4884), ou suivez-nous sur <a href=\"https:\/\/www.facebook.com\/LeukemiaandLymphomaSocietyofCanada\/?ref=bookmarks\">Facebook<\/a> et <a href=\"https:\/\/www.instagram.com\/llscanada\">Instagram<\/a>.<\/p>\n<p>N&#8217;h\u00e9sitez surtout pas \u00e0 nous contacter. Nous sommes l\u00e0 pour vous aider.<\/p>\n","protected":false},"excerpt":{"rendered":"<p>Notre histoire a commenc\u00e9 en 1955, \u00e0 Toronto, lorsque cinq femmes, pr\u00e9occup\u00e9es par le manque d\u2019int\u00e9r\u00eat consacr\u00e9 \u00e0 la recherche sur la leuc\u00e9mie, ont d\u00e9cid\u00e9 d\u2019amasser des fonds pour cette cause. \u00c0<\/p>\n","protected":false},"author":2,"featured_media":28743,"parent":4484,"menu_order":0,"comment_status":"closed","ping_status":"closed","template":"","meta":{"_acf_changed":false,"footnotes":""},"class_list":["post-28745","page","type-page","status-publish","has-post-thumbnail","hentry"],"acf":[],"yoast_head":"<!-- This site is optimized with the Yoast SEO plugin v27.4 - https:\/\/yoast.com\/product\/yoast-seo-wordpress\/ -->\n<title>Soci\u00e9t\u00e9 de Leuc\u00e9mie et Lymphome du Canada - Canadian Cancer Survivor Network<\/title>\n<meta name=\"robots\" content=\"index, follow, max-snippet:-1, max-image-preview:large, max-video-preview:-1\" \/>\n<link rel=\"canonical\" href=\"https:\/\/survivornet.ca\/fr\/reliez-vous\/partenaires\/societe-de-leucemie-et-lymphome-du-canada\/\" \/>\n<meta property=\"og:locale\" content=\"fr_FR\" \/>\n<meta property=\"og:type\" content=\"article\" \/>\n<meta property=\"og:title\" content=\"Soci\u00e9t\u00e9 de Leuc\u00e9mie et Lymphome du Canada - Canadian Cancer Survivor Network\" \/>\n<meta property=\"og:description\" content=\"Notre histoire a commenc\u00e9 en 1955, \u00e0 Toronto, lorsque cinq femmes, pr\u00e9occup\u00e9es par le manque d\u2019int\u00e9r\u00eat consacr\u00e9 \u00e0 la recherche sur la leuc\u00e9mie, ont d\u00e9cid\u00e9 d\u2019amasser des fonds pour cette cause. \u00c0\" \/>\n<meta property=\"og:url\" content=\"https:\/\/survivornet.ca\/fr\/reliez-vous\/partenaires\/societe-de-leucemie-et-lymphome-du-canada\/\" \/>\n<meta property=\"og:site_name\" content=\"Canadian Cancer Survivor Network\" \/>\n<meta property=\"og:image\" content=\"https:\/\/survivornet.ca\/wp-content\/uploads\/2024\/02\/Societe-de-leucemie-et-lymphome-du-canada-logo.png\" \/>\n\t<meta property=\"og:image:width\" content=\"638\" \/>\n\t<meta property=\"og:image:height\" content=\"289\" \/>\n\t<meta property=\"og:image:type\" content=\"image\/png\" \/>\n<meta name=\"twitter:card\" content=\"summary_large_image\" \/>\n<meta name=\"twitter:label1\" content=\"Dur\u00e9e de lecture estim\u00e9e\" \/>\n\t<meta name=\"twitter:data1\" content=\"1 minute\" \/>\n<script type=\"application\/ld+json\" class=\"yoast-schema-graph\">{\"@context\":\"https:\\\/\\\/schema.org\",\"@graph\":[{\"@type\":\"WebPage\",\"@id\":\"https:\\\/\\\/survivornet.ca\\\/fr\\\/reliez-vous\\\/partenaires\\\/societe-de-leucemie-et-lymphome-du-canada\\\/\",\"url\":\"https:\\\/\\\/survivornet.ca\\\/fr\\\/reliez-vous\\\/partenaires\\\/societe-de-leucemie-et-lymphome-du-canada\\\/\",\"name\":\"Soci\u00e9t\u00e9 de Leuc\u00e9mie et Lymphome du Canada - Canadian Cancer Survivor Network\",\"isPartOf\":{\"@id\":\"https:\\\/\\\/survivornet.ca\\\/#website\"},\"primaryImageOfPage\":{\"@id\":\"https:\\\/\\\/survivornet.ca\\\/fr\\\/reliez-vous\\\/partenaires\\\/societe-de-leucemie-et-lymphome-du-canada\\\/#primaryimage\"},\"image\":{\"@id\":\"https:\\\/\\\/survivornet.ca\\\/fr\\\/reliez-vous\\\/partenaires\\\/societe-de-leucemie-et-lymphome-du-canada\\\/#primaryimage\"},\"thumbnailUrl\":\"https:\\\/\\\/survivornet.ca\\\/wp-content\\\/uploads\\\/2024\\\/02\\\/Societe-de-leucemie-et-lymphome-du-canada-logo.png\",\"datePublished\":\"2024-02-06T20:46:09+00:00\",\"breadcrumb\":{\"@id\":\"https:\\\/\\\/survivornet.ca\\\/fr\\\/reliez-vous\\\/partenaires\\\/societe-de-leucemie-et-lymphome-du-canada\\\/#breadcrumb\"},\"inLanguage\":\"fr-FR\",\"potentialAction\":[{\"@type\":\"ReadAction\",\"target\":[\"https:\\\/\\\/survivornet.ca\\\/fr\\\/reliez-vous\\\/partenaires\\\/societe-de-leucemie-et-lymphome-du-canada\\\/\"]}]},{\"@type\":\"ImageObject\",\"inLanguage\":\"fr-FR\",\"@id\":\"https:\\\/\\\/survivornet.ca\\\/fr\\\/reliez-vous\\\/partenaires\\\/societe-de-leucemie-et-lymphome-du-canada\\\/#primaryimage\",\"url\":\"https:\\\/\\\/survivornet.ca\\\/wp-content\\\/uploads\\\/2024\\\/02\\\/Societe-de-leucemie-et-lymphome-du-canada-logo.png\",\"contentUrl\":\"https:\\\/\\\/survivornet.ca\\\/wp-content\\\/uploads\\\/2024\\\/02\\\/Societe-de-leucemie-et-lymphome-du-canada-logo.png\",\"width\":638,\"height\":289},{\"@type\":\"BreadcrumbList\",\"@id\":\"https:\\\/\\\/survivornet.ca\\\/fr\\\/reliez-vous\\\/partenaires\\\/societe-de-leucemie-et-lymphome-du-canada\\\/#breadcrumb\",\"itemListElement\":[{\"@type\":\"ListItem\",\"position\":1,\"name\":\"Home\",\"item\":\"https:\\\/\\\/survivornet.ca\\\/fr\\\/\"},{\"@type\":\"ListItem\",\"position\":2,\"name\":\"Connectez\",\"item\":\"https:\\\/\\\/survivornet.ca\\\/fr\\\/reliez-vous\\\/\"},{\"@type\":\"ListItem\",\"position\":3,\"name\":\"Partenaires\",\"item\":\"https:\\\/\\\/survivornet.ca\\\/fr\\\/reliez-vous\\\/partenaires\\\/\"},{\"@type\":\"ListItem\",\"position\":4,\"name\":\"Soci\u00e9t\u00e9 de Leuc\u00e9mie et Lymphome du Canada\"}]},{\"@type\":\"WebSite\",\"@id\":\"https:\\\/\\\/survivornet.ca\\\/#website\",\"url\":\"https:\\\/\\\/survivornet.ca\\\/\",\"name\":\"Canadian Cancer Survivor Network\",\"description\":\"The Canadian Cancer Survivor Network was created by a group of Canadians concerned about cancer.\",\"publisher\":{\"@id\":\"https:\\\/\\\/survivornet.ca\\\/#organization\"},\"potentialAction\":[{\"@type\":\"SearchAction\",\"target\":{\"@type\":\"EntryPoint\",\"urlTemplate\":\"https:\\\/\\\/survivornet.ca\\\/?s={search_term_string}\"},\"query-input\":{\"@type\":\"PropertyValueSpecification\",\"valueRequired\":true,\"valueName\":\"search_term_string\"}}],\"inLanguage\":\"fr-FR\"},{\"@type\":\"Organization\",\"@id\":\"https:\\\/\\\/survivornet.ca\\\/#organization\",\"name\":\"Canadian Cancer Survivor Network\",\"url\":\"https:\\\/\\\/survivornet.ca\\\/\",\"logo\":{\"@type\":\"ImageObject\",\"inLanguage\":\"fr-FR\",\"@id\":\"https:\\\/\\\/survivornet.ca\\\/#\\\/schema\\\/logo\\\/image\\\/\",\"url\":\"http:\\\/\\\/survivornet.ca\\\/wp-content\\\/uploads\\\/2016\\\/12\\\/CCSN_Logo_EN_SQUARE.png\",\"contentUrl\":\"http:\\\/\\\/survivornet.ca\\\/wp-content\\\/uploads\\\/2016\\\/12\\\/CCSN_Logo_EN_SQUARE.png\",\"width\":1209,\"height\":1007,\"caption\":\"Canadian Cancer Survivor Network\"},\"image\":{\"@id\":\"https:\\\/\\\/survivornet.ca\\\/#\\\/schema\\\/logo\\\/image\\\/\"}}]}<\/script>\n<!-- \/ Yoast SEO plugin. -->","yoast_head_json":{"title":"Soci\u00e9t\u00e9 de Leuc\u00e9mie et Lymphome du Canada - Canadian Cancer Survivor Network","robots":{"index":"index","follow":"follow","max-snippet":"max-snippet:-1","max-image-preview":"max-image-preview:large","max-video-preview":"max-video-preview:-1"},"canonical":"https:\/\/survivornet.ca\/fr\/reliez-vous\/partenaires\/societe-de-leucemie-et-lymphome-du-canada\/","og_locale":"fr_FR","og_type":"article","og_title":"Soci\u00e9t\u00e9 de Leuc\u00e9mie et Lymphome du Canada - Canadian Cancer Survivor Network","og_description":"Notre histoire a commenc\u00e9 en 1955, \u00e0 Toronto, lorsque cinq femmes, pr\u00e9occup\u00e9es par le manque d\u2019int\u00e9r\u00eat consacr\u00e9 \u00e0 la recherche sur la leuc\u00e9mie, ont d\u00e9cid\u00e9 d\u2019amasser des fonds pour cette cause. \u00c0","og_url":"https:\/\/survivornet.ca\/fr\/reliez-vous\/partenaires\/societe-de-leucemie-et-lymphome-du-canada\/","og_site_name":"Canadian Cancer Survivor Network","og_image":[{"width":638,"height":289,"url":"https:\/\/survivornet.ca\/wp-content\/uploads\/2024\/02\/Societe-de-leucemie-et-lymphome-du-canada-logo.png","type":"image\/png"}],"twitter_card":"summary_large_image","twitter_misc":{"Dur\u00e9e de lecture estim\u00e9e":"1 minute"},"schema":{"@context":"https:\/\/schema.org","@graph":[{"@type":"WebPage","@id":"https:\/\/survivornet.ca\/fr\/reliez-vous\/partenaires\/societe-de-leucemie-et-lymphome-du-canada\/","url":"https:\/\/survivornet.ca\/fr\/reliez-vous\/partenaires\/societe-de-leucemie-et-lymphome-du-canada\/","name":"Soci\u00e9t\u00e9 de Leuc\u00e9mie et Lymphome du Canada - Canadian Cancer Survivor Network","isPartOf":{"@id":"https:\/\/survivornet.ca\/#website"},"primaryImageOfPage":{"@id":"https:\/\/survivornet.ca\/fr\/reliez-vous\/partenaires\/societe-de-leucemie-et-lymphome-du-canada\/#primaryimage"},"image":{"@id":"https:\/\/survivornet.ca\/fr\/reliez-vous\/partenaires\/societe-de-leucemie-et-lymphome-du-canada\/#primaryimage"},"thumbnailUrl":"https:\/\/survivornet.ca\/wp-content\/uploads\/2024\/02\/Societe-de-leucemie-et-lymphome-du-canada-logo.png","datePublished":"2024-02-06T20:46:09+00:00","breadcrumb":{"@id":"https:\/\/survivornet.ca\/fr\/reliez-vous\/partenaires\/societe-de-leucemie-et-lymphome-du-canada\/#breadcrumb"},"inLanguage":"fr-FR","potentialAction":[{"@type":"ReadAction","target":["https:\/\/survivornet.ca\/fr\/reliez-vous\/partenaires\/societe-de-leucemie-et-lymphome-du-canada\/"]}]},{"@type":"ImageObject","inLanguage":"fr-FR","@id":"https:\/\/survivornet.ca\/fr\/reliez-vous\/partenaires\/societe-de-leucemie-et-lymphome-du-canada\/#primaryimage","url":"https:\/\/survivornet.ca\/wp-content\/uploads\/2024\/02\/Societe-de-leucemie-et-lymphome-du-canada-logo.png","contentUrl":"https:\/\/survivornet.ca\/wp-content\/uploads\/2024\/02\/Societe-de-leucemie-et-lymphome-du-canada-logo.png","width":638,"height":289},{"@type":"BreadcrumbList","@id":"https:\/\/survivornet.ca\/fr\/reliez-vous\/partenaires\/societe-de-leucemie-et-lymphome-du-canada\/#breadcrumb","itemListElement":[{"@type":"ListItem","position":1,"name":"Home","item":"https:\/\/survivornet.ca\/fr\/"},{"@type":"ListItem","position":2,"name":"Connectez","item":"https:\/\/survivornet.ca\/fr\/reliez-vous\/"},{"@type":"ListItem","position":3,"name":"Partenaires","item":"https:\/\/survivornet.ca\/fr\/reliez-vous\/partenaires\/"},{"@type":"ListItem","position":4,"name":"Soci\u00e9t\u00e9 de Leuc\u00e9mie et Lymphome du Canada"}]},{"@type":"WebSite","@id":"https:\/\/survivornet.ca\/#website","url":"https:\/\/survivornet.ca\/","name":"Canadian Cancer Survivor Network","description":"The Canadian Cancer Survivor Network was created by a group of Canadians concerned about cancer.","publisher":{"@id":"https:\/\/survivornet.ca\/#organization"},"potentialAction":[{"@type":"SearchAction","target":{"@type":"EntryPoint","urlTemplate":"https:\/\/survivornet.ca\/?s={search_term_string}"},"query-input":{"@type":"PropertyValueSpecification","valueRequired":true,"valueName":"search_term_string"}}],"inLanguage":"fr-FR"},{"@type":"Organization","@id":"https:\/\/survivornet.ca\/#organization","name":"Canadian Cancer Survivor Network","url":"https:\/\/survivornet.ca\/","logo":{"@type":"ImageObject","inLanguage":"fr-FR","@id":"https:\/\/survivornet.ca\/#\/schema\/logo\/image\/","url":"http:\/\/survivornet.ca\/wp-content\/uploads\/2016\/12\/CCSN_Logo_EN_SQUARE.png","contentUrl":"http:\/\/survivornet.ca\/wp-content\/uploads\/2016\/12\/CCSN_Logo_EN_SQUARE.png","width":1209,"height":1007,"caption":"Canadian Cancer Survivor Network"},"image":{"@id":"https:\/\/survivornet.ca\/#\/schema\/logo\/image\/"}}]}},"_links":{"self":[{"href":"https:\/\/survivornet.ca\/fr\/wp-json\/wp\/v2\/pages\/28745","targetHints":{"allow":["GET"]}}],"collection":[{"href":"https:\/\/survivornet.ca\/fr\/wp-json\/wp\/v2\/pages"}],"about":[{"href":"https:\/\/survivornet.ca\/fr\/wp-json\/wp\/v2\/types\/page"}],"author":[{"embeddable":true,"href":"https:\/\/survivornet.ca\/fr\/wp-json\/wp\/v2\/users\/2"}],"replies":[{"embeddable":true,"href":"https:\/\/survivornet.ca\/fr\/wp-json\/wp\/v2\/comments?post=28745"}],"version-history":[{"count":3,"href":"https:\/\/survivornet.ca\/fr\/wp-json\/wp\/v2\/pages\/28745\/revisions"}],"predecessor-version":[{"id":28748,"href":"https:\/\/survivornet.ca\/fr\/wp-json\/wp\/v2\/pages\/28745\/revisions\/28748"}],"up":[{"embeddable":true,"href":"https:\/\/survivornet.ca\/fr\/wp-json\/wp\/v2\/pages\/4484"}],"wp:featuredmedia":[{"embeddable":true,"href":"https:\/\/survivornet.ca\/fr\/wp-json\/wp\/v2\/media\/28743"}],"wp:attachment":[{"href":"https:\/\/survivornet.ca\/fr\/wp-json\/wp\/v2\/media?parent=28745"}],"curies":[{"name":"wp","href":"https:\/\/api.w.org\/{rel}","templated":true}]}}